{"id":1492,"date":"2024-09-04T07:30:27","date_gmt":"2024-09-04T07:30:27","guid":{"rendered":"http:\/\/localhost\/bumedi\/?page_id=1492"},"modified":"2026-02-02T14:27:24","modified_gmt":"2026-02-02T07:27:24","slug":"lien-he","status":"publish","type":"page","link":"https:\/\/biogroupvietnam.com\/en\/lien-he\/","title":{"rendered":"Li\u00ean h\u1ec7"},"content":{"rendered":"\t\t<div data-elementor-type=\"wp-page\" data-elementor-id=\"1492\" class=\"elementor elementor-1492\">\n\t\t\t\t<div class=\"elementor-element elementor-element-a4b0d36 e-con-full e-flex e-con e-parent\" data-id=\"a4b0d36\" data-element_type=\"container\">\n\t\t<div class=\"elementor-element elementor-element-9ad2792 e-con-full e-flex e-con e-child\" data-id=\"9ad2792\" data-element_type=\"container\">\n\t\t\t\t<div class=\"elementor-element elementor-element-11eed7f elementor-widget elementor-widget-text-editor\" data-id=\"11eed7f\" data-element_type=\"widget\" data-widget_type=\"text-editor.default\">\n\t\t\t\t\t\t\t\t\t<div class=\"site-page-header style m-0 py-3 py-md-5\">\n<div class=\"container\">\n<div class=\"site-page-header-inner text-left\"><nav aria-label=\"breadcrumb\">\n<ol class=\"breadcrumb m-0\">\n \t<li class=\"breadcrumb-item\"><a class=\"text-secondary\" href=\"\/\">Home<\/a><\/li>\n \t<li class=\"breadcrumb-item active text-secondary\" aria-current=\"page\">Contact Us<\/li>\n<\/ol>\n<\/nav><\/div>\n<\/div>\n<\/div>\t\t\t\t\t\t\t\t<\/div>\n\t\t\t\t<\/div>\n\t\t\t\t<\/div>\n\t\t<div class=\"elementor-element elementor-element-9238d62 mt-20 lg:mt-56 e-flex e-con-boxed e-con e-parent\" data-id=\"9238d62\" data-element_type=\"container\">\n\t\t\t\t\t<div class=\"e-con-inner\">\n\t\t<div class=\"elementor-element elementor-element-5164b60 e-con-full e-flex e-con e-child\" data-id=\"5164b60\" data-element_type=\"container\">\n\t\t\t\t<div class=\"elementor-element elementor-element-a966487 elementor-widget elementor-widget-heading\" data-id=\"a966487\" data-element_type=\"widget\" data-widget_type=\"heading.default\">\n\t\t\t\t\t<h3 class=\"elementor-heading-title elementor-size-default\">Get free advice from Biogroup Vietnam<\/h3>\t\t\t\t<\/div>\n\t\t\t\t<div class=\"elementor-element elementor-element-ec7459c elementor-widget elementor-widget-heading\" data-id=\"ec7459c\" data-element_type=\"widget\" data-widget_type=\"heading.default\">\n\t\t\t\t\t<p class=\"elementor-heading-title elementor-size-default\">Our consulting team will contact you as soon as possible.<\/p>\t\t\t\t<\/div>\n\t\t<div class=\"elementor-element elementor-element-2a0ec02 e-grid e-con-full e-con e-child\" data-id=\"2a0ec02\" data-element_type=\"container\">\n\t\t<div class=\"elementor-element elementor-element-89dec4b e-con-full e-flex e-con e-child\" data-id=\"89dec4b\" data-element_type=\"container\">\n\t\t\t\t<div class=\"elementor-element elementor-element-3fe13aa elementor-widget elementor-widget-heading\" data-id=\"3fe13aa\" data-element_type=\"widget\" data-widget_type=\"heading.default\">\n\t\t\t\t\t<h5 class=\"elementor-heading-title elementor-size-default\">Head Office<\/h5>\t\t\t\t<\/div>\n\t\t\t\t<div class=\"elementor-element elementor-element-d65cc78 elementor-widget elementor-widget-heading\" data-id=\"d65cc78\" data-element_type=\"widget\" data-widget_type=\"heading.default\">\n\t\t\t\t\t<p class=\"elementor-heading-title elementor-size-default\">Floor 14, HM Town Building, 412 Nguyen Thi Minh Khai, Ban Co Ward, HCMC, Vietnam.<\/p>\t\t\t\t<\/div>\n\t\t\t\t<div class=\"elementor-element elementor-element-5daa5ba elementor-widget elementor-widget-heading\" data-id=\"5daa5ba\" data-element_type=\"widget\" data-widget_type=\"heading.default\">\n\t\t\t\t\t<p class=\"elementor-heading-title elementor-size-default\"><a href=\"tel:+84%20963%20621%20421\">+84 963 621 421<\/a><\/p>\t\t\t\t<\/div>\n\t\t\t\t<div class=\"elementor-element elementor-element-e109291 elementor-widget elementor-widget-heading\" data-id=\"e109291\" data-element_type=\"widget\" data-widget_type=\"heading.default\">\n\t\t\t\t\t<p class=\"elementor-heading-title elementor-size-default\"><a href=\"mailto:%20info@biogroupvietnam.com\">info@biogroupvietnam.com<\/a><\/p>\t\t\t\t<\/div>\n\t\t\t\t<\/div>\n\t\t<div class=\"elementor-element elementor-element-0acfee4 e-con-full e-flex e-con e-child\" data-id=\"0acfee4\" data-element_type=\"container\">\n\t\t\t\t<div class=\"elementor-element elementor-element-f5244df elementor-widget elementor-widget-heading\" data-id=\"f5244df\" data-element_type=\"widget\" data-widget_type=\"heading.default\">\n\t\t\t\t\t<h5 class=\"elementor-heading-title elementor-size-default\">Ref. Office<\/h5>\t\t\t\t<\/div>\n\t\t\t\t<div class=\"elementor-element elementor-element-761da88 elementor-widget elementor-widget-heading\" data-id=\"761da88\" data-element_type=\"widget\" data-widget_type=\"heading.default\">\n\t\t\t\t\t<p class=\"elementor-heading-title elementor-size-default\">No.17, Street No.6, Binh Phu Ward, HCMC, Vietnam.<\/p>\t\t\t\t<\/div>\n\t\t\t\t<\/div>\n\t\t\t\t<\/div>\n\t\t\t\t<\/div>\n\t\t<div class=\"elementor-element elementor-element-c32e680 e-con-full e-flex e-con e-child\" data-id=\"c32e680\" data-element_type=\"container\">\n\t\t\t\t<\/div>\n\t\t<div class=\"elementor-element elementor-element-3febd55 e-con-full e-flex e-con e-child\" data-id=\"3febd55\" data-element_type=\"container\">\n\t\t\t\t<div class=\"elementor-element elementor-element-d85732f elementor-widget elementor-widget-bumedi-contact-form-7\" data-id=\"d85732f\" data-element_type=\"widget\" data-widget_type=\"bumedi-contact-form-7.default\">\n\t\t\t\t<div class=\"elementor-widget-container\">\n\t\t\t\t\t<div class=\"klb-contact-form contact-form-wrapper\">\n<div class=\"wpcf7 no-js\" id=\"wpcf7-f1542-o1\" lang=\"en-US\" dir=\"ltr\" data-wpcf7-id=\"1542\">\n<div class=\"screen-reader-response\"><p role=\"status\" aria-live=\"polite\" aria-atomic=\"true\"><\/p> <ul><\/ul><\/div>\n<form action=\"\/en\/wp-json\/wp\/v2\/pages\/1492#wpcf7-f1542-o1\" method=\"post\" class=\"wpcf7-form init\" aria-label=\"Contact form\" novalidate=\"novalidate\" data-status=\"init\">\n<fieldset class=\"hidden-fields-container\"><input type=\"hidden\" name=\"_wpcf7\" value=\"1542\" \/><input type=\"hidden\" name=\"_wpcf7_version\" value=\"6.1.4\" \/><input type=\"hidden\" name=\"_wpcf7_locale\" value=\"en_US\" \/><input type=\"hidden\" name=\"_wpcf7_unit_tag\" value=\"wpcf7-f1542-o1\" \/><input type=\"hidden\" name=\"_wpcf7_container_post\" value=\"0\" \/><input type=\"hidden\" name=\"_wpcf7_posted_data_hash\" value=\"\" \/>\n<\/fieldset>\n<div class=\"row row-cols-2 m-0\">\n\t<div class=\"col-12\">\n\t\t<p><label> Your name * <\/label><span class=\"wpcf7-form-control-wrap\" data-name=\"your-name\"><input size=\"40\" maxlength=\"400\" class=\"wpcf7-form-control wpcf7-text wpcf7-validates-as-required\" aria-required=\"true\" aria-invalid=\"false\" value=\"\" type=\"text\" name=\"your-name\" \/><\/span>\n\t\t<\/p>\n\t<\/div>\n\t<div class=\"col-12\">\n\t\t<p><label> Your organization * <\/label><span class=\"wpcf7-form-control-wrap\" data-name=\"your-organization\"><input size=\"40\" maxlength=\"400\" class=\"wpcf7-form-control wpcf7-text wpcf7-validates-as-required\" aria-required=\"true\" aria-invalid=\"false\" value=\"\" type=\"text\" name=\"your-organization\" \/><\/span>\n\t\t<\/p>\n\t<\/div>\n\t<div class=\"col mb-3\">\n\t\t<p><label> Your phone *<\/label><span class=\"wpcf7-form-control-wrap\" data-name=\"your-phone\"><input size=\"40\" maxlength=\"400\" class=\"wpcf7-form-control wpcf7-tel wpcf7-validates-as-required wpcf7-text wpcf7-validates-as-tel\" aria-required=\"true\" aria-invalid=\"false\" value=\"\" type=\"tel\" name=\"your-phone\" \/><\/span>\n\t\t<\/p>\n\t<\/div>\n\t<div class=\"col mb-3\">\n\t\t<p><label> Your email *<\/label><span class=\"wpcf7-form-control-wrap\" data-name=\"your-email\"><input size=\"40\" maxlength=\"400\" class=\"wpcf7-form-control wpcf7-email wpcf7-validates-as-required wpcf7-text wpcf7-validates-as-email\" aria-required=\"true\" aria-invalid=\"false\" value=\"\" type=\"email\" name=\"your-email\" \/><\/span>\n\t\t<\/p>\n\t<\/div>\n\t<div class=\"col-12\">\n\t\t<p><label> Subject * <\/label><span class=\"wpcf7-form-control-wrap\" data-name=\"your-subject\"><input size=\"40\" maxlength=\"400\" class=\"wpcf7-form-control wpcf7-text wpcf7-validates-as-required\" aria-required=\"true\" aria-invalid=\"false\" value=\"\" type=\"text\" name=\"your-subject\" \/><\/span>\n\t\t<\/p>\n\t<\/div>\n\t<div class=\"col-12\">\n\t\t<p><label> Your message <\/label><span class=\"wpcf7-form-control-wrap\" data-name=\"your-message\"><textarea cols=\"40\" rows=\"10\" maxlength=\"2000\" class=\"wpcf7-form-control wpcf7-textarea\" aria-invalid=\"false\" name=\"your-message\"><\/textarea><\/span>\n\t\t<\/p>\n\t<\/div>\n\t<div class=\"col-12 d-flex column-gap-3\">\n\t\t<p><button type=\"submit\" value=\"Submit\" class=\"button primary\">Send Message<\/button>\n\t\t<\/p>\n\t\t<p><button type=\"reset\" value=\"Reset\" class=\"button\">Reset<\/button>\n\t\t<\/p>\n\t<\/div>\n<\/div><div class=\"wpcf7-response-output\" aria-hidden=\"true\"><\/div>\n<\/form>\n<\/div>\n<\/div><!-- contact-form -->\t\t\t\t<\/div>\n\t\t\t\t<\/div>\n\t\t\t\t<\/div>\n\t\t\t\t\t<\/div>\n\t\t\t\t<\/div>\n\t\t\t\t<\/div>\n\t\t","protected":false},"excerpt":{"rendered":"<p>Trang ch\u1ee7 Li\u00ean h\u1ec7 Nh\u1eadn t\u01b0 v\u1ea5n mi\u1ec5n ph\u00ed t\u1eeb Biogroup Vietnam \u0110\u1ed9i ng\u0169 t\u01b0 v\u1ea5n c\u1ee7a ch\u00fang t\u00f4i s\u1ebd li\u00ean h\u1ec7 b\u1ea1n trong th\u1eddi gian s\u1edbm nh\u1ea5t Tr\u1ee5 s\u1edf T\u1ea7ng 14, To\u00e0 nh\u00e0 HM Town, 412 Nguy\u1ec5n Th\u1ecb Minh Khai, Ph\u01b0\u1eddng B\u00e0n C\u1edd, TP. H\u1ed3 Ch\u00ed Minh. +84 963 621 421 info@biogroupvietnam.com Chi nh\u00e1nh<\/p>\n<div class=\"klb-readmore post-buttons\"><a class=\"button rounded primary\" href=\"https:\/\/biogroupvietnam.com\/en\/lien-he\/\">Read More <i class=\"klbth-icon-right-arrow\"><\/i><\/a><\/div>\n","protected":false},"author":1,"featured_media":0,"parent":0,"menu_order":0,"comment_status":"closed","ping_status":"closed","template":"","meta":{"_acf_changed":false,"footnotes":""},"class_list":["post-1492","page","type-page","status-publish","hentry"],"acf":[],"yoast_head":"<!-- This site is optimized with the Yoast SEO plugin v26.8 - https:\/\/yoast.com\/product\/yoast-seo-wordpress\/ -->\n<title>Li\u00ean h\u1ec7<\/title>\n<meta name=\"description\" content=\"Trang th\u00f4ng tin li\u00ean h\u1ec7 ch\u00ednh th\u1ee9c c\u1ee7a Biogroup Vietnam. Email: info@biogroupvietnam.com\" \/>\n<meta name=\"robots\" content=\"index, follow, max-snippet:-1, max-image-preview:large, max-video-preview:-1\" \/>\n<link rel=\"canonical\" href=\"http:\/\/Trang%20ch\u1ee7%20Li\u00ean%20h\u1ec7%20Nh\u1eadn%20t\u01b0%20v\u1ea5n%20mi\u1ec5n%20ph\u00ed%20t\u1eeb%20Biogroup%20Vietnam%20\u0110\u1ed9i%20ng\u0169%20t\u01b0%20v\u1ea5n%20c\u1ee7a%20ch\u00fang%20t\u00f4i%20s\u1ebd%20li\u00ean%20h\u1ec7%20b\u1ea1n%20trong%20th\u1eddi%20gian%20s\u1edbm%20nh\u1ea5t%20Tr\u1ee5%20s\u1edf%20T\u1ea7ng%2014,%20To\u00e0%20nh\u00e0%20HM%20Town,%20412%20Nguy\u1ec5n%20Th\u1ecb%20Minh%20Khai,%20Ph\u01b0\u1eddng%20B\u00e0n%20C\u1edd,%20TP.%20H\u1ed3%20Ch\u00ed%20Minh.%20%2084%20963%20621%20421%20info@biogroupvietnam.com%20Chi%20nh\u00e1nh&hellip;\" \/>\n<meta property=\"og:locale\" content=\"en_US\" \/>\n<meta property=\"og:type\" content=\"article\" \/>\n<meta property=\"og:title\" content=\"Li\u00ean h\u1ec7\" \/>\n<meta property=\"og:description\" content=\"Trang th\u00f4ng tin li\u00ean h\u1ec7 ch\u00ednh th\u1ee9c c\u1ee7a Biogroup Vietnam. Email: info@biogroupvietnam.com\" \/>\n<meta property=\"og:url\" content=\"https:\/\/biogroupvietnam.com\/en\/lien-he\/\" \/>\n<meta property=\"og:site_name\" content=\"Biogroup Vietnam\" \/>\n<meta property=\"article:modified_time\" content=\"2026-02-02T07:27:24+00:00\" \/>\n<meta name=\"twitter:card\" content=\"summary_large_image\" \/>\n<meta name=\"twitter:label1\" content=\"Est. reading time\" \/>\n\t<meta name=\"twitter:data1\" content=\"1 minute\" \/>\n<script type=\"application\/ld+json\" class=\"yoast-schema-graph\">{\"@context\":\"https:\/\/schema.org\",\"@graph\":[{\"@type\":\"WebPage\",\"@id\":\"https:\/\/biogroupvietnam.com\/en\/lien-he\/\",\"url\":\"https:\/\/biogroupvietnam.com\/en\/lien-he\/\",\"name\":\"Li\u00ean h\u1ec7 | Biogroup Vietnam\",\"isPartOf\":{\"@id\":\"https:\/\/biogroupvietnam.com\/vi\/#website\"},\"datePublished\":\"2024-09-04T07:30:27+00:00\",\"dateModified\":\"2026-02-02T07:27:24+00:00\",\"description\":\"Trang th\u00f4ng tin li\u00ean h\u1ec7 ch\u00ednh th\u1ee9c c\u1ee7a Biogroup Vietnam. Email: info@biogroupvietnam.com\",\"breadcrumb\":{\"@id\":\"https:\/\/biogroupvietnam.com\/en\/lien-he\/#breadcrumb\"},\"inLanguage\":\"en-US\",\"potentialAction\":[{\"@type\":\"ReadAction\",\"target\":[\"https:\/\/biogroupvietnam.com\/en\/lien-he\/\"]}]},{\"@type\":\"BreadcrumbList\",\"@id\":\"https:\/\/biogroupvietnam.com\/en\/lien-he\/#breadcrumb\",\"itemListElement\":[{\"@type\":\"ListItem\",\"position\":1,\"name\":\"Biogroup Vietnam | End-to-End Biotechnology Solutions\",\"item\":\"https:\/\/biogroupvietnam.com\/vi\/\"},{\"@type\":\"ListItem\",\"position\":2,\"name\":\"Li\u00ean h\u1ec7\"}]},{\"@type\":\"WebSite\",\"@id\":\"https:\/\/biogroupvietnam.com\/en\/vi\/#website\",\"url\":\"https:\/\/biogroupvietnam.com\/en\/vi\/\",\"name\":\"Biogroup Vietnam\",\"description\":\"Biogroup Vietnam cung c\u1ea5p d\u1ecbch v\u1ee5 k\u1ef9 thu\u1eadt c\u00f9ng thi\u1ebft b\u1ecb, v\u1eadt t\u01b0, h\u00f3a ch\u1ea5t v\u00e0 gi\u1ea3i ph\u00e1p sinh h\u1ecdc cho ph\u00f2ng th\u00ed nghi\u1ec7m c\u00f4ng ngh\u1ec7 sinh h\u1ecdc, y sinh v\u00e0 y h\u1ecdc t\u00e1i t\u1ea1o.\",\"potentialAction\":[{\"@type\":\"SearchAction\",\"target\":{\"@type\":\"EntryPoint\",\"urlTemplate\":\"https:\/\/biogroupvietnam.com\/en\/vi\/?s={search_term_string}\"},\"query-input\":{\"@type\":\"PropertyValueSpecification\",\"valueRequired\":true,\"valueName\":\"search_term_string\"}}],\"inLanguage\":\"en-US\"}]}<\/script>\n<!-- \/ Yoast SEO plugin. -->","yoast_head_json":{"title":"Li\u00ean h\u1ec7","description":"Trang th\u00f4ng tin li\u00ean h\u1ec7 ch\u00ednh th\u1ee9c c\u1ee7a Biogroup Vietnam. Email: info@biogroupvietnam.com","robots":{"index":"index","follow":"follow","max-snippet":"max-snippet:-1","max-image-preview":"max-image-preview:large","max-video-preview":"max-video-preview:-1"},"canonical":"Trang ch\u1ee7 Li\u00ean h\u1ec7 Nh\u1eadn t\u01b0 v\u1ea5n mi\u1ec5n ph\u00ed t\u1eeb Biogroup Vietnam \u0110\u1ed9i ng\u0169 t\u01b0 v\u1ea5n c\u1ee7a ch\u00fang t\u00f4i s\u1ebd li\u00ean h\u1ec7 b\u1ea1n trong th\u1eddi gian s\u1edbm nh\u1ea5t Tr\u1ee5 s\u1edf T\u1ea7ng 14, To\u00e0 nh\u00e0 HM Town, 412 Nguy\u1ec5n Th\u1ecb Minh Khai, Ph\u01b0\u1eddng B\u00e0n C\u1edd, TP. H\u1ed3 Ch\u00ed Minh.  84 963 621 421 info@biogroupvietnam.com Chi nh\u00e1nh&hellip;","og_locale":"en_US","og_type":"article","og_title":"Li\u00ean h\u1ec7","og_description":"Trang th\u00f4ng tin li\u00ean h\u1ec7 ch\u00ednh th\u1ee9c c\u1ee7a Biogroup Vietnam. Email: info@biogroupvietnam.com","og_url":"https:\/\/biogroupvietnam.com\/en\/lien-he\/","og_site_name":"Biogroup Vietnam","article_modified_time":"2026-02-02T07:27:24+00:00","twitter_card":"summary_large_image","twitter_misc":{"Est. reading time":"1 minute"},"schema":{"@context":"https:\/\/schema.org","@graph":[{"@type":"WebPage","@id":"https:\/\/biogroupvietnam.com\/en\/lien-he\/","url":"https:\/\/biogroupvietnam.com\/en\/lien-he\/","name":"Li\u00ean h\u1ec7 | Biogroup Vietnam","isPartOf":{"@id":"https:\/\/biogroupvietnam.com\/vi\/#website"},"datePublished":"2024-09-04T07:30:27+00:00","dateModified":"2026-02-02T07:27:24+00:00","description":"Trang th\u00f4ng tin li\u00ean h\u1ec7 ch\u00ednh th\u1ee9c c\u1ee7a Biogroup Vietnam. Email: info@biogroupvietnam.com","breadcrumb":{"@id":"https:\/\/biogroupvietnam.com\/en\/lien-he\/#breadcrumb"},"inLanguage":"en-US","potentialAction":[{"@type":"ReadAction","target":["https:\/\/biogroupvietnam.com\/en\/lien-he\/"]}]},{"@type":"BreadcrumbList","@id":"https:\/\/biogroupvietnam.com\/en\/lien-he\/#breadcrumb","itemListElement":[{"@type":"ListItem","position":1,"name":"Biogroup Vietnam | End-to-End Biotechnology Solutions","item":"https:\/\/biogroupvietnam.com\/vi\/"},{"@type":"ListItem","position":2,"name":"Li\u00ean h\u1ec7"}]},{"@type":"WebSite","@id":"https:\/\/biogroupvietnam.com\/en\/vi\/#website","url":"https:\/\/biogroupvietnam.com\/en\/vi\/","name":"Biogroup Vietnam","description":"Biogroup Vietnam cung c\u1ea5p d\u1ecbch v\u1ee5 k\u1ef9 thu\u1eadt c\u00f9ng thi\u1ebft b\u1ecb, v\u1eadt t\u01b0, h\u00f3a ch\u1ea5t v\u00e0 gi\u1ea3i ph\u00e1p sinh h\u1ecdc cho ph\u00f2ng th\u00ed nghi\u1ec7m c\u00f4ng ngh\u1ec7 sinh h\u1ecdc, y sinh v\u00e0 y h\u1ecdc t\u00e1i t\u1ea1o.","potentialAction":[{"@type":"SearchAction","target":{"@type":"EntryPoint","urlTemplate":"https:\/\/biogroupvietnam.com\/en\/vi\/?s={search_term_string}"},"query-input":{"@type":"PropertyValueSpecification","valueRequired":true,"valueName":"search_term_string"}}],"inLanguage":"en-US"}]}},"_links":{"self":[{"href":"https:\/\/biogroupvietnam.com\/en\/wp-json\/wp\/v2\/pages\/1492","targetHints":{"allow":["GET"]}}],"collection":[{"href":"https:\/\/biogroupvietnam.com\/en\/wp-json\/wp\/v2\/pages"}],"about":[{"href":"https:\/\/biogroupvietnam.com\/en\/wp-json\/wp\/v2\/types\/page"}],"author":[{"embeddable":true,"href":"https:\/\/biogroupvietnam.com\/en\/wp-json\/wp\/v2\/users\/1"}],"replies":[{"embeddable":true,"href":"https:\/\/biogroupvietnam.com\/en\/wp-json\/wp\/v2\/comments?post=1492"}],"version-history":[{"count":64,"href":"https:\/\/biogroupvietnam.com\/en\/wp-json\/wp\/v2\/pages\/1492\/revisions"}],"predecessor-version":[{"id":8419,"href":"https:\/\/biogroupvietnam.com\/en\/wp-json\/wp\/v2\/pages\/1492\/revisions\/8419"}],"wp:attachment":[{"href":"https:\/\/biogroupvietnam.com\/en\/wp-json\/wp\/v2\/media?parent=1492"}],"curies":[{"name":"wp","href":"https:\/\/api.w.org\/{rel}","templated":true}]}}