{"id":10020,"date":"2026-03-27T16:38:46","date_gmt":"2026-03-27T09:38:46","guid":{"rendered":"https:\/\/biogroupvietnam.com\/san-pham\/\/"},"modified":"2026-03-30T15:02:13","modified_gmt":"2026-03-30T08:02:13","slug":"cryostor-csb-moi-truong-bao-quan-te-bao-khong-dmso-chuan-gmp","status":"publish","type":"product","link":"https:\/\/biogroupvietnam.com\/en\/product\/cryostor-csb-moi-truong-bao-quan-te-bao-khong-dmso-chuan-gmp\/","title":{"rendered":"CryoStor\u00ae CSB \u2013 DMSO-Free Cryopreservation Medium "},"content":{"rendered":"<p>CryoStor\u00ae CSB l\u00e0<strong> m\u00f4i tr\u01b0\u1eddng b\u1ea3o qu\u1ea3n t\u1ebf b\u00e0o v\u00e0 m\u00f4 trong qu\u00e1 tr\u00ecnh b\u1ea3o qu\u1ea3n l\u1ea1nh (cryopreservation) kh\u00f4ng ch\u1ee9a DMSO<\/strong>, \u0111\u01b0\u1ee3c s\u1ea3n xu\u1ea5t v\u1edbi ti\u00eau chu\u1ea9n<strong> cGMP, USP-grade v\u00e0 \u0111\u01b0\u1ee3c ki\u1ec3m tra \u0111\u1ed9 v\u00f4 tr\u00f9ng, n\u1ed9i \u0111\u1ed9c t\u1ed1 v\u00e0 x\u00e9t nghi\u1ec7m d\u1ef1a tr\u00ean t\u1ebf b\u00e0o. <\/strong>CryoStor\u00ae CSB t\u1ed1i \u01b0u h\u00f3a kh\u1ea3 n\u0103ng ph\u1ee5c h\u1ed3i, t\u00ednh s\u1ed1ng v\u00e0 ch\u1ee9c n\u0103ng c\u1ee7a t\u1ebf b\u00e0o sau qu\u00e1 tr\u00ecnh r\u00e3 \u0111\u00f4ng<\/p>\n<h3><strong>T\u1ed5ng quan s\u1ea3n ph\u1ea9m <\/strong><\/h3>\n<p>CryoStor\u00ae CSB l\u00e0<strong> m\u00f4i tr\u01b0\u1eddng b\u1ea3o qu\u1ea3n l\u1ea1nh t\u1ebf b\u00e0o kh\u00f4ng ch\u1ee9a huy\u1ebft thanh (serum-free), kh\u00f4ng ch\u1ee9a th\u00e0nh ph\u1ea7n c\u00f3 ngu\u1ed3n g\u1ed1c \u0111\u1ed9ng v\u1eadt v\u00e0 kh\u00f4ng ch\u1ee9a <\/strong>DMSO \u2013 thi\u1ebft k\u1ebf \u0111\u1eb7c bi\u1ec7t \u0111\u1ec3 h\u1ed7 tr\u1ee3 c\u00e1c nghi\u00ean c\u1ee9u t\u1ebf b\u00e0o ph\u1ee9c t\u1ea1p. S\u1ea3n ph\u1ea9m ph\u00f9 h\u1ee3p s\u1eed d\u1ee5ng trong nhi\u1ec1u l\u0129nh v\u1ef1c nghi\u00ean c\u1ee9u v\u00e0 quy tr\u00ecnh cryopreservation, ph\u1ee5c v\u1ee5 m\u1ee5c \u0111\u00edch<strong> b\u1ea3o qu\u1ea3n t\u1ebf b\u00e0o, m\u00f4 v\u00e0 c\u00e1c d\u00f2ng t\u1ebf b\u00e0o nh\u1ea1y c\u1ea3m.\u00a0 <\/strong><\/p>\n<h3><strong>\u0110\u1eb7c \u0111i\u1ec3m ch\u00ednh &amp; l\u1ee3i \u00edch s\u1ea3n ph\u1ea9m <\/strong><\/h3>\n<p><strong>\u0110\u1eb7c \u0111i\u1ec3m k\u1ef9 thu\u1eadt n\u1ed5i b\u1eadt <\/strong><\/p>\n<ul>\n<li><strong>Kh\u00f4ng ch\u1ee9a DMSO<\/strong>, h\u1ea1n ch\u1ebf \u0111\u1ed9c t\u00ednh v\u00e0 t\u01b0\u01a1ng t\u00e1c l\u00ean t\u1ebf b\u00e0o nh\u1ea1y c\u1ea3m.<\/li>\n<li><strong>Serum-free, protein-free v\u00e0 chemically defined <\/strong>\u2013 gi\u1ea3m bi\u1ebfn \u0111\u1ed9ng v\u00e0 t\u0103ng t\u00ednh l\u1eb7p l\u1ea1i.<\/li>\n<li><strong>Animal component-free <\/strong>\u2013 lo\u1ea1i b\u1ecf t\u1ea5t c\u1ea3 th\u00e0nh ph\u1ea7n c\u00f3 ngu\u1ed3n g\u1ed1c \u0111\u1ed9ng v\u1eadt.<\/li>\n<li><strong>cGMP manufactured &amp; USP grade components <\/strong>\u2013 th\u00e0nh ph\u1ea7n ch\u1ea5t l\u01b0\u1ee3ng cao, ph\u00f9 h\u1ee3p nghi\u00ean c\u1ee9u l\u00e2m s\u00e0ng v\u00e0 quy tr\u00ecnh s\u1ea3n xu\u1ea5t.<\/li>\n<li><strong>Ki\u1ec3m tra v\u00f4 tr\u00f9ng, n\u1ed9i \u0111\u1ed9c t\u1ed1 v\u00e0 ki\u1ec3m nghi\u1ec7m t\u1ebf b\u00e0o <\/strong>\u0111\u1ea3m b\u1ea3o an to\u00e0n v\u00e0 ph\u00f9 h\u1ee3p nhi\u1ec1u \u1ee9ng d\u1ee5ng.<\/li>\n<\/ul>\n<p><strong>L\u1ee3i \u00edch cho ng\u01b0\u1eddi d\u00f9ng <\/strong><\/p>\n<ul>\n<li><strong>Gi\u1ea3m thi\u1ec3u \u0111\u1ed9c t\u00ednh t\u1ebf b\u00e0o (cytotoxicity) <\/strong>do kh\u00f4ng ch\u1ee9a DMSO, \u0111\u1eb7c bi\u1ec7t quan tr\u1ecdng khi b\u1ea3o qu\u1ea3n t\u1ebf b\u00e0o nh\u1ea1y c\u1ea3m nh\u01b0 t\u1ebf b\u00e0o g\u1ed1c, T cells, NK cells.<\/li>\n<li><strong>T\u1ed1i \u01b0u h\u1ed3i ph\u1ee5c sau r\u00e3 \u0111\u00f4ng, <\/strong>t\u0103ng t\u1ef7 l\u1ec7 s\u1ed1ng v\u00e0 ch\u1ee9c n\u0103ng t\u1ebf b\u00e0o \u2013 r\u1ea5t quan tr\u1ecdng trong nghi\u00ean c\u1ee9u sinh h\u1ecdc t\u1ebf b\u00e0o, m\u00f4 v\u00e0 li\u1ec7u ph\u00e1p t\u1ebf b\u00e0o.<\/li>\n<li><strong>H\u1ed7 tr\u1ee3 c\u00e1c d\u00f2ng t\u1ebf b\u00e0o \u0111a d\u1ea1ng, <\/strong>t\u1eeb B cells, CHO cells \u0111\u1ebfn t\u1ebf b\u00e0o ti\u1ec1n th\u00e2n v\u00e0 t\u1ebf b\u00e0o \u0111a n\u0103ng (cells pluripotent).<\/li>\n<li><strong>Ph\u00f9 h\u1ee3p nghi\u00ean c\u1ee9u l\u00e2m s\u00e0ng v\u00e0 tri\u1ec3n khai SOP trong ph\u00f2ng th\u00ed nghi\u1ec7m theo GMP. <\/strong><\/li>\n<\/ul>\n<h3><strong>Ch\u1ee9ng nh\u1eadn &amp; ti\u00eau chu\u1ea9n s\u1ea3n ph\u1ea9m <\/strong><\/h3>\n<p>CryoStor\u00ae CSB \u0111\u01b0\u1ee3c s\u1ea3n xu\u1ea5t d\u01b0\u1edbi<strong> ti\u00eau chu\u1ea9n GMP <\/strong>v\u1edbi c\u00e1c th\u00e0nh ph\u1ea7n<strong> USP-grade\/multi-compendial, <\/strong>\u0111\u1ed3ng th\u1eddi s\u1ea3n ph\u1ea9m \u0111\u00e3 tr\u1ea3i qua:<\/p>\n<ul>\n<li>ki\u1ec3m tra<strong> \u0111\u1ed9 v\u00f4 tr\u00f9ng (sterility); <\/strong><\/li>\n<li>ki\u1ec3m tra<strong> n\u1ed9i \u0111\u1ed9c t\u1ed1 (endotoxin); <\/strong><\/li>\n<li>ki\u1ec3m nghi\u1ec7m<strong> release testing d\u1ef1a tr\u00ean t\u1ebf b\u00e0o; <\/strong><\/li>\n<li>c\u00f3<strong> FDA master file <\/strong>h\u1ed7 tr\u1ee3 h\u1ed3 s\u01a1 l\u00e2m s\u00e0ng v\u00e0 ph\u00e2n ph\u1ed1i.<\/li>\n<\/ul>\n<p>C\u00e1c y\u1ebfu t\u1ed1 n\u00e0y gi\u00fap CryoStor\u00ae CSB \u0111\u00e1p \u1ee9ng y\u00eau c\u1ea7u kh\u1eaft khe cho c\u1ea3 nghi\u00ean c\u1ee9u v\u00e0 s\u1ea3n xu\u1ea5t chu\u1ea9n GMP\/GCLP.<\/p>\n<h3><strong>L\u0129nh v\u1ef1c &amp; \u1ee9ng d\u1ee5ng <\/strong><\/h3>\n<p>CryoStor\u00ae CSB \u0111\u01b0\u1ee3c thi\u1ebft k\u1ebf cho<strong> cryopreservation c\u1ee7a t\u1ebf b\u00e0o v\u00e0 m\u00f4 trong nhi\u1ec1u l\u0129nh v\u1ef1c nghi\u00ean c\u1ee9u<\/strong>, bao g\u1ed3m:<\/p>\n<ul>\n<li><strong>Mi\u1ec5n d\u1ecbch h\u1ecdc (Immunology) <\/strong><\/li>\n<li><strong>Sinh h\u1ecdc t\u1ebf b\u00e0o g\u1ed1c (Stem Cell Biology) <\/strong><\/li>\n<li><strong>Ng\u00e2n h\u00e0ng m\u00e1u d\u00e2y r\u1ed1n (Cord Blood Banking) <\/strong><\/li>\n<li><strong>Sinh h\u1ecdc bi\u1ec3u m\u00f4 (Epithelial Cell Biology) <\/strong><\/li>\n<li><strong>Nghi\u00ean c\u1ee9u d\u00f2ng t\u1ebf b\u00e0o &amp; m\u00f4 <\/strong><\/li>\n<\/ul>\n<p>M\u00f4i tr\u01b0\u1eddng n\u00e0y \u0111\u1eb7c bi\u1ec7t h\u1eefu \u00edch cho cryopreservation trong m\u00f4 h\u00ecnh:<\/p>\n<ul>\n<li>B cells, T cells, NK cells, macrophages<\/li>\n<li>CHO cells v\u00e0 c\u00e1c d\u00f2ng bi\u1ec3u m\u00f4 kh\u00e1c<\/li>\n<li>Mesenchymal stem and progenitor cells<\/li>\n<li>Intestinal cells, myeloma, hybridomas<\/li>\n<li>Pluripotent stem cells (ESCs\/iPSCs)<\/li>\n<\/ul>\n<h3><strong>H\u01b0\u1edbng d\u1eabn s\u1eed d\u1ee5ng (Protocol) <\/strong><\/h3>\n<ol>\n<li><strong>L\u01b0u tr\u1eef tr\u01b0\u1edbc khi d\u00f9ng: <\/strong>B\u1ea3o qu\u1ea3n \u1edf<strong> 2-8\u00b0C <\/strong>sau khi nh\u1eadn h\u00e0ng, b\u1ea3o v\u1ec7 kh\u1ecfi \u00e1nh s\u00e1ng.<\/li>\n<li><strong>Chu\u1ea9n b\u1ecb t\u1ebf b\u00e0o: <\/strong>Thu t\u1ebf b\u00e0o \u1edf pha t\u0103ng tr\u01b0\u1edfng ph\u00f9 h\u1ee3p, r\u1eeda t\u1ebf b\u00e0o v\u00e0 chu\u1ea9n \u0111\u1ed9 t\u1ebf b\u00e0o theo y\u00eau c\u1ea7u th\u00ed nghi\u1ec7m.<\/li>\n<li><strong>Pha m\u00f4i tr\u01b0\u1eddng: <\/strong>Do kh\u00f4ng ch\u1ee9a DMSO, CryoStor\u00ae CSB th\u01b0\u1eddng ph\u1ed1i h\u1ee3p v\u1edbi ch\u1ea5t b\u1ea3o v\u1ec7 l\u1ea1nh (cryoprotectants) \u0111\u1ec3 \u0111\u1ea1t \u0111\u01b0\u1ee3c n\u1ed3ng \u0111\u1ed9 ch\u1ea5t b\u1ea3o qu\u1ea3n l\u1ea1nh cu\u1ed1i c\u00f9ng theo thi\u1ebft k\u1ebf quy tr\u00ecnh c\u1ee5 th\u1ec3 \u2013 ki\u1ec3m so\u00e1t th\u1eddi gian ti\u1ebfp x\u00fac v\u00e0 \u0111i\u1ec1u ki\u1ec7n l\u1ea1nh.<\/li>\n<li><strong>Cryopreservation: <\/strong>B\u1ea3o qu\u1ea3n l\u01b0u tr\u1eef m\u1eabu d\u00e0i h\u1ea1n \u1edf -135\u00b0C (nit\u01a1 l\u1ecfng) ho\u1eb7c l\u1ea1nh h\u01a1n<\/li>\n<\/ol>\n<ul>\n<li>H\u1ea1 nhi\u1ec7t \u0111\u1ed9 ch\u1eadm ti\u00eau chu\u1ea9n (-1\u00b0C\/ph\u00fat).<\/li>\n<li>H\u1ea1 nhi\u1ec7t nhi\u1ec1u b\u01b0\u1edbc: Gi\u1eef t\u1ebf b\u00e0o \u1edf -20\u00b0C trong 2 gi\u1edd, sau \u0111\u00f3 h\u1ea1 xu\u1ed1ng -80\u00b0C trong 2 gi\u1edd.<br \/>\n<strong>L\u01b0u \u00fd:<\/strong> Kh\u00f4ng khuy\u1ebfn c\u00e1o b\u1ea3o qu\u1ea3n d\u00e0i h\u1ea1n \u1edf m\u1ee9c -80\u00b0C.<\/li>\n<\/ul>\n<ol start=\"5\">\n<li><strong>R\u00e3 \u0111\u00f4ng: <\/strong>Nhanh ch\u00f3ng r\u00e3 \u0111\u00f4ng trong<strong> 37\u00b0C water bath<\/strong>, chuy\u1ec3n t\u1ebf b\u00e0o v\u00e0o m\u00f4i tr\u01b0\u1eddng nu\u00f4i c\u1ea5y ph\u00f9 h\u1ee3p v\u00e0 \u0111\u00e1nh gi\u00e1 m\u1ee9c \u0111\u1ed9 ph\u1ee5c h\u1ed3i.<\/li>\n<\/ol>\n<p>Ng\u01b0\u1eddi d\u00f9ng n\u00ean tham kh\u1ea3o<strong> Product Information Sheet <\/strong>v\u00e0 c\u00e1c t\u00e0i li\u1ec7u k\u1ef9 thu\u1eadt \u0111i k\u00e8m s\u1ea3n ph\u1ea9m \u0111\u1ec3 c\u00f3 quy tr\u00ecnh chi ti\u1ebft ph\u00f9 h\u1ee3p v\u1edbi t\u1eebng lo\u1ea1i t\u1ebf b\u00e0o c\u1ee5 th\u1ec3.<strong>\u00a0 <\/strong><\/p>\n<h3><strong>T\u00f3m t\u1eaft <\/strong><\/h3>\n<p>CryoStor\u00ae CSB l\u00e0 gi\u1ea3i ph\u00e1p<strong> cryopreservation an to\u00e0n, kh\u00f4ng DMSO <\/strong>ph\u00f9 h\u1ee3p cho nghi\u00ean c\u1ee9u t\u1ebf b\u00e0o nh\u1ea1y c\u1ea3m v\u00e0 \u1ee9ng d\u1ee5ng n\u00e2ng cao trong immunology, stem cell biology v\u00e0 banking workflows. S\u1ea3n ph\u1ea9m <strong>\u0111\u00e1p \u1ee9ng chu\u1ea9n GMP, USP, kh\u00f4ng c\u00f3 th\u00e0nh ph\u1ea7n \u0111\u1ed9ng v\u1eadt, \u0111\u01b0\u1ee3c ki\u1ec3m nghi\u1ec7m \u0111\u1ed9 v\u00f4 tr\u00f9ng v\u00e0 n\u1ed9i \u0111\u1ed9c t\u1ed1, <\/strong>gi\u00fap t\u1ed1i \u01b0u h\u00f3a <strong>kh\u1ea3 n\u0103ng ph\u1ee5c h\u1ed3i, t\u1ef7 l\u1ec7 s\u1ed1ng v\u00e0 ch\u1ee9c n\u0103ng c\u1ee7a t\u1ebf b\u00e0o sau r\u00e3 \u0111\u00f4ng.<\/strong><\/p>\n","protected":false},"excerpt":{"rendered":"<p>CryoStor\u00ae CSB is a DMSO-free, serum-free, protein-free and animal component-free cryopreservation medium. Manufactured under cGMP conditions using USP-grade components, it undergoes sterility and endotoxin testing to ensure high quality. CryoStor\u00ae CSB enhances post-thaw cell viability and functional recovery, making it suitable for stem cell research, immunology, biobanking, and GMP-aligned applications. <\/p>\n","protected":false},"featured_media":10095,"comment_status":"open","ping_status":"closed","template":"","meta":{"_acf_changed":false},"product_brand":[],"product_cat":[103],"product_tag":[],"class_list":{"0":"post-10020","1":"product","2":"type-product","3":"status-publish","4":"has-post-thumbnail","6":"product_cat-cell-storage-media","8":"first","9":"instock","10":"shipping-taxable","11":"product-type-simple"},"acf":[],"yoast_head":"<!-- This site is optimized with the Yoast SEO plugin v26.8 - https:\/\/yoast.com\/product\/yoast-seo-wordpress\/ -->\n<title>CryoStor\u00ae CSB \u2013 DMSO-Free Cryopreservation Medium<\/title>\n<meta name=\"description\" content=\"CryoStor\u00ae CSB is a DMSO-free, serum-free, protein-free and animal component-free cryopreservation medium. Manufactured under cGMP conditions using USP-grade components, it undergoes sterility and endotoxin testing to ensure high quality. CryoStor\u00ae CSB enhances post-thaw cell viability and functional recovery, making it suitable for stem cell research, immunology, biobanking, and GMP-aligned applications.\" \/>\n<meta name=\"robots\" content=\"index, follow, max-snippet:-1, max-image-preview:large, max-video-preview:-1\" \/>\n<link rel=\"canonical\" href=\"http:\/\/CryoStor\u00ae%20CSB%20is%20a%20DMSO-free,%20serum-free,%20protein-free%20and%20animal%20component-free%20cryopreservation%20medium.%20Manufactured%20under%20cGMP%20conditions%20using%20USP-grade%20components,%20it%20undergoes%20sterility%20and%20endotoxin%20testing%20to%20ensure%20high%20quality.%20CryoStor\u00ae%20CSB%20enhances%20post-thaw%20cell%20viability%20and%20functional%20recovery,%20making%20it%20suitable%20for%20stem%20cell%20research,%20immunology,%20biobanking,%20and%20GMP-aligned%20applications.\" \/>\n<meta property=\"og:locale\" content=\"en_US\" \/>\n<meta property=\"og:type\" content=\"article\" \/>\n<meta property=\"og:title\" content=\"CryoStor\u00ae CSB \u2013 DMSO-Free Cryopreservation Medium\" \/>\n<meta property=\"og:description\" content=\"CryoStor\u00ae CSB is a DMSO-free, serum-free, protein-free and animal component-free cryopreservation medium. Manufactured under cGMP conditions using USP-grade components, it undergoes sterility and endotoxin testing to ensure high quality. CryoStor\u00ae CSB enhances post-thaw cell viability and functional recovery, making it suitable for stem cell research, immunology, biobanking, and GMP-aligned applications.\" \/>\n<meta property=\"og:url\" content=\"https:\/\/biogroupvietnam.com\/en\/product\/cryostor-csb-moi-truong-bao-quan-te-bao-khong-dmso-chuan-gmp\/\" \/>\n<meta property=\"og:site_name\" content=\"Biogroup Vietnam\" \/>\n<meta property=\"article:modified_time\" content=\"2026-03-30T08:02:13+00:00\" \/>\n<meta property=\"og:image\" content=\"https:\/\/biogroupvietnam.com\/wp-content\/uploads\/2026\/03\/CryoStore\u00ae-CSB.jpg\" \/>\n\t<meta property=\"og:image:width\" content=\"1640\" \/>\n\t<meta property=\"og:image:height\" content=\"1260\" \/>\n\t<meta property=\"og:image:type\" content=\"image\/jpeg\" \/>\n<meta name=\"twitter:card\" content=\"summary_large_image\" \/>\n<meta name=\"twitter:label1\" content=\"Est. reading time\" \/>\n\t<meta name=\"twitter:data1\" content=\"5 minutes\" \/>\n<script type=\"application\/ld+json\" class=\"yoast-schema-graph\">{\"@context\":\"https:\/\/schema.org\",\"@graph\":[{\"@type\":\"WebPage\",\"@id\":\"https:\/\/biogroupvietnam.com\/en\/product\/cryostor-csb-moi-truong-bao-quan-te-bao-khong-dmso-chuan-gmp\/\",\"url\":\"https:\/\/biogroupvietnam.com\/en\/product\/cryostor-csb-moi-truong-bao-quan-te-bao-khong-dmso-chuan-gmp\/\",\"name\":\"CryoStor\u00ae CSB \u2013 M\u00f4i tr\u01b0\u1eddng b\u1ea3o qu\u1ea3n t\u1ebf b\u00e0o kh\u00f4ng DMSO chu\u1ea9n GMP | Biogroup Vietnam\",\"isPartOf\":{\"@id\":\"https:\/\/biogroupvietnam.com\/vi\/#website\"},\"primaryImageOfPage\":{\"@id\":\"https:\/\/biogroupvietnam.com\/en\/product\/cryostor-csb-moi-truong-bao-quan-te-bao-khong-dmso-chuan-gmp\/#primaryimage\"},\"image\":{\"@id\":\"https:\/\/biogroupvietnam.com\/en\/product\/cryostor-csb-moi-truong-bao-quan-te-bao-khong-dmso-chuan-gmp\/#primaryimage\"},\"thumbnailUrl\":\"https:\/\/biogroupvietnam.com\/wp-content\/uploads\/2026\/03\/CryoStore\u00ae-CSB.jpg\",\"datePublished\":\"2026-03-27T09:38:46+00:00\",\"dateModified\":\"2026-03-30T08:02:13+00:00\",\"description\":\"CryoStor\u00ae CSB gi\u00fap c\u1ea3i thi\u1ec7n kh\u1ea3 n\u0103ng ph\u1ee5c h\u1ed3i t\u1ebf b\u00e0o v\u00e0 m\u00f4 sau r\u00e3 \u0111\u00f4ng, d\u00f9ng trong nghi\u00ean c\u1ee9u v\u00e0 c\u00e1c \u1ee9ng d\u1ee5ng s\u1ea3n xu\u1ea5t ti\u1ebfp theo.\",\"breadcrumb\":{\"@id\":\"https:\/\/biogroupvietnam.com\/en\/product\/cryostor-csb-moi-truong-bao-quan-te-bao-khong-dmso-chuan-gmp\/#breadcrumb\"},\"inLanguage\":\"en-US\",\"potentialAction\":[{\"@type\":\"ReadAction\",\"target\":[\"https:\/\/biogroupvietnam.com\/en\/product\/cryostor-csb-moi-truong-bao-quan-te-bao-khong-dmso-chuan-gmp\/\"]}]},{\"@type\":\"ImageObject\",\"inLanguage\":\"en-US\",\"@id\":\"https:\/\/biogroupvietnam.com\/en\/product\/cryostor-csb-moi-truong-bao-quan-te-bao-khong-dmso-chuan-gmp\/#primaryimage\",\"url\":\"https:\/\/biogroupvietnam.com\/wp-content\/uploads\/2026\/03\/CryoStore\u00ae-CSB.jpg\",\"contentUrl\":\"https:\/\/biogroupvietnam.com\/wp-content\/uploads\/2026\/03\/CryoStore\u00ae-CSB.jpg\",\"width\":1640,\"height\":1260},{\"@type\":\"BreadcrumbList\",\"@id\":\"https:\/\/biogroupvietnam.com\/en\/product\/cryostor-csb-moi-truong-bao-quan-te-bao-khong-dmso-chuan-gmp\/#breadcrumb\",\"itemListElement\":[{\"@type\":\"ListItem\",\"position\":1,\"name\":\"Biogroup Vietnam | End-to-End Biotechnology Solutions\",\"item\":\"https:\/\/biogroupvietnam.com\/vi\/\"},{\"@type\":\"ListItem\",\"position\":2,\"name\":\"Product\",\"item\":\"https:\/\/biogroupvietnam.com\/vi\/san-pham\/\"},{\"@type\":\"ListItem\",\"position\":3,\"name\":\"Cellular Cryopreservation\",\"item\":\"https:\/\/biogroupvietnam.com\/vi\/danh-muc-san-pham\/bao-quan-lanh-te-bao\/\"},{\"@type\":\"ListItem\",\"position\":4,\"name\":\"Cell Storage Media\",\"item\":\"https:\/\/biogroupvietnam.com\/vi\/danh-muc-san-pham\/moi-truong-bao-quan-te-bao\/\"},{\"@type\":\"ListItem\",\"position\":5,\"name\":\"CryoStor\u00ae CSB \u2013 DMSO-Free Cryopreservation Medium\"}]},{\"@type\":\"WebSite\",\"@id\":\"https:\/\/biogroupvietnam.com\/en\/vi\/#website\",\"url\":\"https:\/\/biogroupvietnam.com\/en\/vi\/\",\"name\":\"Biogroup Vietnam\",\"description\":\"Biogroup Vietnam cung c\u1ea5p d\u1ecbch v\u1ee5 k\u1ef9 thu\u1eadt c\u00f9ng thi\u1ebft b\u1ecb, v\u1eadt t\u01b0, h\u00f3a ch\u1ea5t v\u00e0 gi\u1ea3i ph\u00e1p sinh h\u1ecdc cho ph\u00f2ng th\u00ed nghi\u1ec7m c\u00f4ng ngh\u1ec7 sinh h\u1ecdc, y sinh v\u00e0 y h\u1ecdc t\u00e1i t\u1ea1o.\",\"potentialAction\":[{\"@type\":\"SearchAction\",\"target\":{\"@type\":\"EntryPoint\",\"urlTemplate\":\"https:\/\/biogroupvietnam.com\/en\/vi\/?s={search_term_string}\"},\"query-input\":{\"@type\":\"PropertyValueSpecification\",\"valueRequired\":true,\"valueName\":\"search_term_string\"}}],\"inLanguage\":\"en-US\"}]}<\/script>\n<!-- \/ Yoast SEO plugin. -->","yoast_head_json":{"title":"CryoStor\u00ae CSB \u2013 DMSO-Free Cryopreservation Medium","description":"CryoStor\u00ae CSB is a DMSO-free, serum-free, protein-free and animal component-free cryopreservation medium. Manufactured under cGMP conditions using USP-grade components, it undergoes sterility and endotoxin testing to ensure high quality. CryoStor\u00ae CSB enhances post-thaw cell viability and functional recovery, making it suitable for stem cell research, immunology, biobanking, and GMP-aligned applications.","robots":{"index":"index","follow":"follow","max-snippet":"max-snippet:-1","max-image-preview":"max-image-preview:large","max-video-preview":"max-video-preview:-1"},"canonical":"CryoStor\u00ae CSB is a DMSO-free, serum-free, protein-free and animal component-free cryopreservation medium. Manufactured under cGMP conditions using USP-grade components, it undergoes sterility and endotoxin testing to ensure high quality. CryoStor\u00ae CSB enhances post-thaw cell viability and functional recovery, making it suitable for stem cell research, immunology, biobanking, and GMP-aligned applications.","og_locale":"en_US","og_type":"article","og_title":"CryoStor\u00ae CSB \u2013 DMSO-Free Cryopreservation Medium","og_description":"CryoStor\u00ae CSB is a DMSO-free, serum-free, protein-free and animal component-free cryopreservation medium. Manufactured under cGMP conditions using USP-grade components, it undergoes sterility and endotoxin testing to ensure high quality. CryoStor\u00ae CSB enhances post-thaw cell viability and functional recovery, making it suitable for stem cell research, immunology, biobanking, and GMP-aligned applications.","og_url":"https:\/\/biogroupvietnam.com\/en\/product\/cryostor-csb-moi-truong-bao-quan-te-bao-khong-dmso-chuan-gmp\/","og_site_name":"Biogroup Vietnam","article_modified_time":"2026-03-30T08:02:13+00:00","og_image":[{"width":1640,"height":1260,"url":"https:\/\/biogroupvietnam.com\/wp-content\/uploads\/2026\/03\/CryoStore\u00ae-CSB.jpg","type":"image\/jpeg"}],"twitter_card":"summary_large_image","twitter_misc":{"Est. reading time":"5 minutes"},"schema":{"@context":"https:\/\/schema.org","@graph":[{"@type":"WebPage","@id":"https:\/\/biogroupvietnam.com\/en\/product\/cryostor-csb-moi-truong-bao-quan-te-bao-khong-dmso-chuan-gmp\/","url":"https:\/\/biogroupvietnam.com\/en\/product\/cryostor-csb-moi-truong-bao-quan-te-bao-khong-dmso-chuan-gmp\/","name":"CryoStor\u00ae CSB \u2013 M\u00f4i tr\u01b0\u1eddng b\u1ea3o qu\u1ea3n t\u1ebf b\u00e0o kh\u00f4ng DMSO chu\u1ea9n GMP | Biogroup Vietnam","isPartOf":{"@id":"https:\/\/biogroupvietnam.com\/vi\/#website"},"primaryImageOfPage":{"@id":"https:\/\/biogroupvietnam.com\/en\/product\/cryostor-csb-moi-truong-bao-quan-te-bao-khong-dmso-chuan-gmp\/#primaryimage"},"image":{"@id":"https:\/\/biogroupvietnam.com\/en\/product\/cryostor-csb-moi-truong-bao-quan-te-bao-khong-dmso-chuan-gmp\/#primaryimage"},"thumbnailUrl":"https:\/\/biogroupvietnam.com\/wp-content\/uploads\/2026\/03\/CryoStore\u00ae-CSB.jpg","datePublished":"2026-03-27T09:38:46+00:00","dateModified":"2026-03-30T08:02:13+00:00","description":"CryoStor\u00ae CSB gi\u00fap c\u1ea3i thi\u1ec7n kh\u1ea3 n\u0103ng ph\u1ee5c h\u1ed3i t\u1ebf b\u00e0o v\u00e0 m\u00f4 sau r\u00e3 \u0111\u00f4ng, d\u00f9ng trong nghi\u00ean c\u1ee9u v\u00e0 c\u00e1c \u1ee9ng d\u1ee5ng s\u1ea3n xu\u1ea5t ti\u1ebfp theo.","breadcrumb":{"@id":"https:\/\/biogroupvietnam.com\/en\/product\/cryostor-csb-moi-truong-bao-quan-te-bao-khong-dmso-chuan-gmp\/#breadcrumb"},"inLanguage":"en-US","potentialAction":[{"@type":"ReadAction","target":["https:\/\/biogroupvietnam.com\/en\/product\/cryostor-csb-moi-truong-bao-quan-te-bao-khong-dmso-chuan-gmp\/"]}]},{"@type":"ImageObject","inLanguage":"en-US","@id":"https:\/\/biogroupvietnam.com\/en\/product\/cryostor-csb-moi-truong-bao-quan-te-bao-khong-dmso-chuan-gmp\/#primaryimage","url":"https:\/\/biogroupvietnam.com\/wp-content\/uploads\/2026\/03\/CryoStore\u00ae-CSB.jpg","contentUrl":"https:\/\/biogroupvietnam.com\/wp-content\/uploads\/2026\/03\/CryoStore\u00ae-CSB.jpg","width":1640,"height":1260},{"@type":"BreadcrumbList","@id":"https:\/\/biogroupvietnam.com\/en\/product\/cryostor-csb-moi-truong-bao-quan-te-bao-khong-dmso-chuan-gmp\/#breadcrumb","itemListElement":[{"@type":"ListItem","position":1,"name":"Biogroup Vietnam | End-to-End Biotechnology Solutions","item":"https:\/\/biogroupvietnam.com\/vi\/"},{"@type":"ListItem","position":2,"name":"Product","item":"https:\/\/biogroupvietnam.com\/vi\/san-pham\/"},{"@type":"ListItem","position":3,"name":"Cellular Cryopreservation","item":"https:\/\/biogroupvietnam.com\/vi\/danh-muc-san-pham\/bao-quan-lanh-te-bao\/"},{"@type":"ListItem","position":4,"name":"Cell Storage Media","item":"https:\/\/biogroupvietnam.com\/vi\/danh-muc-san-pham\/moi-truong-bao-quan-te-bao\/"},{"@type":"ListItem","position":5,"name":"CryoStor\u00ae CSB \u2013 DMSO-Free Cryopreservation Medium"}]},{"@type":"WebSite","@id":"https:\/\/biogroupvietnam.com\/en\/vi\/#website","url":"https:\/\/biogroupvietnam.com\/en\/vi\/","name":"Biogroup Vietnam","description":"Biogroup Vietnam cung c\u1ea5p d\u1ecbch v\u1ee5 k\u1ef9 thu\u1eadt c\u00f9ng thi\u1ebft b\u1ecb, v\u1eadt t\u01b0, h\u00f3a ch\u1ea5t v\u00e0 gi\u1ea3i ph\u00e1p sinh h\u1ecdc cho ph\u00f2ng th\u00ed nghi\u1ec7m c\u00f4ng ngh\u1ec7 sinh h\u1ecdc, y sinh v\u00e0 y h\u1ecdc t\u00e1i t\u1ea1o.","potentialAction":[{"@type":"SearchAction","target":{"@type":"EntryPoint","urlTemplate":"https:\/\/biogroupvietnam.com\/en\/vi\/?s={search_term_string}"},"query-input":{"@type":"PropertyValueSpecification","valueRequired":true,"valueName":"search_term_string"}}],"inLanguage":"en-US"}]}},"_links":{"self":[{"href":"https:\/\/biogroupvietnam.com\/en\/wp-json\/wp\/v2\/product\/10020","targetHints":{"allow":["GET"]}}],"collection":[{"href":"https:\/\/biogroupvietnam.com\/en\/wp-json\/wp\/v2\/product"}],"about":[{"href":"https:\/\/biogroupvietnam.com\/en\/wp-json\/wp\/v2\/types\/product"}],"replies":[{"embeddable":true,"href":"https:\/\/biogroupvietnam.com\/en\/wp-json\/wp\/v2\/comments?post=10020"}],"version-history":[{"count":4,"href":"https:\/\/biogroupvietnam.com\/en\/wp-json\/wp\/v2\/product\/10020\/revisions"}],"predecessor-version":[{"id":10113,"href":"https:\/\/biogroupvietnam.com\/en\/wp-json\/wp\/v2\/product\/10020\/revisions\/10113"}],"wp:featuredmedia":[{"embeddable":true,"href":"https:\/\/biogroupvietnam.com\/en\/wp-json\/wp\/v2\/media\/10095"}],"wp:attachment":[{"href":"https:\/\/biogroupvietnam.com\/en\/wp-json\/wp\/v2\/media?parent=10020"}],"wp:term":[{"taxonomy":"product_brand","embeddable":true,"href":"https:\/\/biogroupvietnam.com\/en\/wp-json\/wp\/v2\/product_brand?post=10020"},{"taxonomy":"product_cat","embeddable":true,"href":"https:\/\/biogroupvietnam.com\/en\/wp-json\/wp\/v2\/product_cat?post=10020"},{"taxonomy":"product_tag","embeddable":true,"href":"https:\/\/biogroupvietnam.com\/en\/wp-json\/wp\/v2\/product_tag?post=10020"}],"curies":[{"name":"wp","href":"https:\/\/api.w.org\/{rel}","templated":true}]}}