{"id":3586,"date":"2025-08-18T19:51:18","date_gmt":"2025-08-18T12:51:18","guid":{"rendered":"http:\/\/biogroupvietnam-worldpress.local\/product\/import-placeholder-for-6\/"},"modified":"2026-04-06T14:53:03","modified_gmt":"2026-04-06T07:53:03","slug":"moi-truong-methocult","status":"publish","type":"product","link":"https:\/\/biogroupvietnam.com\/en\/product\/methocult-media\/","title":{"rendered":"MethoCult\u2122 \u2013 The Standard Methylcellulose Medium for Performing CFU Assays"},"content":{"rendered":"<p data-start=\"0\" data-end=\"277\"><strong data-start=\"0\" data-end=\"14\">MethoCult\u2122<\/strong> is the gold-standard methylcellulose-based medium for <strong data-start=\"69\" data-end=\"105\">Colony-Forming Unit (CFU) assays<\/strong>\u2014a functional method used to identify and quantify <strong data-start=\"156\" data-end=\"207\">hematopoietic stem and progenitor cells (HSPCs)<\/strong> derived from bone marrow, cord blood, and peripheral blood samples.<\/p>\n<p data-start=\"279\" data-end=\"555\">Developed by <strong data-start=\"292\" data-end=\"326\">STEMCELL Technologies (Canada)<\/strong> and <strong data-start=\"331\" data-end=\"388\">officially distributed in Vietnam by Biogroup Vietnam<\/strong>, MethoCult\u2122 enables the culture, identification, and classification of various CFU lineages (CFU-E, BFU-E, CFU-GM, CFU-GEMM) with high accuracy and reproducibility.<\/p>\n<p data-start=\"557\" data-end=\"744\">The product is ideal for <strong data-start=\"582\" data-end=\"616\">stem cell quality control (QC)<\/strong>, <strong data-start=\"618\" data-end=\"644\">hematopoiesis research<\/strong>, <strong data-start=\"646\" data-end=\"682\">CD34\u207a cell enrichment evaluation<\/strong>, and <strong data-start=\"688\" data-end=\"741\">drug or toxicity screening on hematopoietic cells<\/strong>.<\/p>\n<p data-start=\"746\" data-end=\"904\" data-is-last-node=\"\" data-is-only-node=\"\">Available in multiple formats (100 mL and 24 \u00d7 3 mL), <strong data-start=\"800\" data-end=\"814\">MethoCult\u2122<\/strong> is recognized worldwide as the <strong data-start=\"846\" data-end=\"903\">benchmark medium for hematopoietic stem cell research<\/strong>.<\/p>\n","protected":false},"excerpt":{"rendered":"<p><strong>MethoCult\u2122<\/strong> l\u00e0 m\u00f4i tr\u01b0\u1eddng methylcellulose chu\u1ea9n v\u00e0ng cho ph\u00e9p th\u1eed <strong>Colony-Forming Unit (CFU) assay<\/strong> \u2013 ph\u01b0\u01a1ng ph\u00e1p x\u00e1c \u0111\u1ecbnh v\u00e0 \u0111\u1ecbnh l\u01b0\u1ee3ng <strong>t\u1ebf b\u00e0o g\u1ed1c \u2013 ti\u1ec1n th\u00e2n t\u1ea1o m\u00e1u (HSPCs)<\/strong> t\u1eeb m\u1eabu t\u1ee7y x\u01b0\u01a1ng, m\u00e1u cu\u1ed1ng r\u1ed1n v\u00e0 m\u00e1u ngo\u1ea1i vi.<br \/>\n\u0110\u01b0\u1ee3c ph\u00e1t tri\u1ec3n b\u1edfi <strong>STEMCELL Technologies (Canada)<\/strong> v\u00e0 ph\u00e2n ph\u1ed1i ch\u00ednh th\u1ee9c t\u1ea1i Vi\u1ec7t Nam b\u1edfi <strong>Biogroup Vietnam<\/strong>, MethoCult\u2122 h\u1ed7 tr\u1ee3 nu\u00f4i c\u1ea5y, \u0111\u1ecbnh danh v\u00e0 ph\u00e2n lo\u1ea1i c\u00e1c d\u00f2ng CFU (CFU-E, BFU-E, CFU-GM, CFU-GEMM) v\u1edbi \u0111\u1ed9 ch\u00ednh x\u00e1c v\u00e0 kh\u1ea3 n\u0103ng l\u1eb7p l\u1ea1i cao.<br \/>\nS\u1ea3n ph\u1ea9m ph\u00f9 h\u1ee3p cho \u1ee9ng d\u1ee5ng <strong>QC t\u1ebf b\u00e0o g\u1ed1c, nghi\u00ean c\u1ee9u hematopoiesis, ki\u1ec3m tra hi\u1ec7u qu\u1ea3 t\u00e1ch CD34\u207a, v\u00e0 s\u00e0ng l\u1ecdc thu\u1ed1c t\u1ebf b\u00e0o m\u00e1u<\/strong>.<br \/>\nMethoCult\u2122 c\u00f3 s\u1eb5n nhi\u1ec1u \u0111\u1ecbnh d\u1ea1ng (100 mL, 24\u00d73 mL) v\u00e0 \u0111\u01b0\u1ee3c xem l\u00e0 l\u1ef1a ch\u1ecdn chu\u1ea9n trong nghi\u00ean c\u1ee9u t\u1ebf b\u00e0o g\u1ed1c t\u1ea1o m\u00e1u.<\/p>\n","protected":false},"featured_media":10242,"comment_status":"closed","ping_status":"closed","template":"","meta":{"_acf_changed":false},"product_brand":[127],"product_cat":[105],"product_tag":[],"class_list":{"0":"post-3586","1":"product","2":"type-product","3":"status-publish","4":"has-post-thumbnail","6":"product_brand-stemcell-technologies","7":"product_cat-cfu-assay","9":"first","10":"outofstock","11":"shipping-taxable","12":"product-type-simple"},"acf":[],"yoast_head":"<!-- This site is optimized with the Yoast SEO plugin v26.8 - https:\/\/yoast.com\/product\/yoast-seo-wordpress\/ -->\n<title>MethoCult\u2122 \u2013 The Standard Methylcellulose Medium for Performing CFU Assays<\/title>\n<meta name=\"description\" content=\"MethoCult\u2122 is the gold-standard methylcellulose-based medium for Colony-Forming Unit (CFU) assays\u2014a functional method used to identify and quantify hematopoietic stem and progenitor cells (HSPCs) derived from bone marrow, cord blood, and peripheral blood samples. Developed by STEMCELL Technologies (Canada) and officially distributed in Vietnam by Biogroup Vietnam, MethoCult\u2122 enables the culture, identification, and classification of&hellip;\" \/>\n<meta name=\"robots\" content=\"index, follow, max-snippet:-1, max-image-preview:large, max-video-preview:-1\" \/>\n<link rel=\"canonical\" href=\"http:\/\/MethoCult\u2122%20is%20the%20gold-standard%20methylcellulose-based%20medium%20for%20Colony-Forming%20Unit%20(CFU)%20assays\u2014a%20functional%20method%20used%20to%20identify%20and%20quantify%20hematopoietic%20stem%20and%20progenitor%20cells%20(HSPCs)%20derived%20from%20bone%20marrow,%20cord%20blood,%20and%20peripheral%20blood%20samples.%20Developed%20by%20STEMCELL%20Technologies%20(Canada)%20and%20officially%20distributed%20in%20Vietnam%20by%20Biogroup%20Vietnam,%20MethoCult\u2122%20enables%20the%20culture,%20identification,%20and%20classification%20of&hellip;\" \/>\n<meta property=\"og:locale\" content=\"en_US\" \/>\n<meta property=\"og:type\" content=\"article\" \/>\n<meta property=\"og:title\" content=\"MethoCult\u2122 \u2013 The Standard Methylcellulose Medium for Performing CFU Assays\" \/>\n<meta property=\"og:description\" content=\"MethoCult\u2122 is the gold-standard methylcellulose-based medium for Colony-Forming Unit (CFU) assays\u2014a functional method used to identify and quantify hematopoietic stem and progenitor cells (HSPCs) derived from bone marrow, cord blood, and peripheral blood samples. Developed by STEMCELL Technologies (Canada) and officially distributed in Vietnam by Biogroup Vietnam, MethoCult\u2122 enables the culture, identification, and classification of&hellip;\" \/>\n<meta property=\"og:url\" content=\"https:\/\/biogroupvietnam.com\/en\/product\/methocult-media\/\" \/>\n<meta property=\"og:site_name\" content=\"Biogroup Vietnam\" \/>\n<meta property=\"article:modified_time\" content=\"2026-04-06T07:53:03+00:00\" \/>\n<meta property=\"og:image\" content=\"https:\/\/biogroupvietnam.com\/wp-content\/uploads\/2025\/08\/methocult-moi-truong-cfu-chuan-cho-te-bao-goc-tao-mau.jpg\" \/>\n\t<meta property=\"og:image:width\" content=\"1640\" \/>\n\t<meta property=\"og:image:height\" content=\"1260\" \/>\n\t<meta property=\"og:image:type\" content=\"image\/jpeg\" \/>\n<meta name=\"twitter:card\" content=\"summary_large_image\" \/>\n<meta name=\"twitter:label1\" content=\"Est. reading time\" \/>\n\t<meta name=\"twitter:data1\" content=\"6 minutes\" \/>\n<script type=\"application\/ld+json\" class=\"yoast-schema-graph\">{\"@context\":\"https:\/\/schema.org\",\"@graph\":[{\"@type\":\"WebPage\",\"@id\":\"https:\/\/biogroupvietnam.com\/en\/product\/methocult-media\/\",\"url\":\"https:\/\/biogroupvietnam.com\/en\/product\/methocult-media\/\",\"name\":\"MethoCult\u2122 \u2013 M\u00f4i tr\u01b0\u1eddng CFU chu\u1ea9n cho t\u1ebf b\u00e0o g\u1ed1c t\u1ea1o m\u00e1u | Biogroup Vietnam\",\"isPartOf\":{\"@id\":\"https:\/\/biogroupvietnam.com\/vi\/#website\"},\"primaryImageOfPage\":{\"@id\":\"https:\/\/biogroupvietnam.com\/en\/product\/methocult-media\/#primaryimage\"},\"image\":{\"@id\":\"https:\/\/biogroupvietnam.com\/en\/product\/methocult-media\/#primaryimage\"},\"thumbnailUrl\":\"https:\/\/biogroupvietnam.com\/wp-content\/uploads\/2025\/08\/methocult-moi-truong-cfu-chuan-cho-te-bao-goc-tao-mau.jpg\",\"datePublished\":\"2025-08-18T12:51:18+00:00\",\"dateModified\":\"2026-04-06T07:53:03+00:00\",\"description\":\"MethoCult\u2122 \u2013 m\u00f4i tr\u01b0\u1eddng methylcellulose chu\u1ea9n cho CFU assay, \u0111\u1ecbnh l\u01b0\u1ee3ng t\u1ebf b\u00e0o g\u1ed1c \u2013 ti\u1ec1n th\u00e2n t\u1ea1o m\u00e1u ch\u00ednh x\u00e1c, \u1ed5n \u0111\u1ecbnh v\u00e0 t\u00e1i l\u1eadp.\",\"breadcrumb\":{\"@id\":\"https:\/\/biogroupvietnam.com\/en\/product\/methocult-media\/#breadcrumb\"},\"inLanguage\":\"en-US\",\"potentialAction\":[{\"@type\":\"ReadAction\",\"target\":[\"https:\/\/biogroupvietnam.com\/en\/product\/methocult-media\/\"]}]},{\"@type\":\"ImageObject\",\"inLanguage\":\"en-US\",\"@id\":\"https:\/\/biogroupvietnam.com\/en\/product\/methocult-media\/#primaryimage\",\"url\":\"https:\/\/biogroupvietnam.com\/wp-content\/uploads\/2025\/08\/methocult-moi-truong-cfu-chuan-cho-te-bao-goc-tao-mau.jpg\",\"contentUrl\":\"https:\/\/biogroupvietnam.com\/wp-content\/uploads\/2025\/08\/methocult-moi-truong-cfu-chuan-cho-te-bao-goc-tao-mau.jpg\",\"width\":1640,\"height\":1260,\"caption\":\"MethoCult\u2122 \u2013 M\u00f4i tr\u01b0\u1eddng CFU chu\u1ea9n cho t\u1ebf b\u00e0o g\u1ed1c t\u1ea1o m\u00e1u\"},{\"@type\":\"BreadcrumbList\",\"@id\":\"https:\/\/biogroupvietnam.com\/en\/product\/methocult-media\/#breadcrumb\",\"itemListElement\":[{\"@type\":\"ListItem\",\"position\":1,\"name\":\"Biogroup Vietnam | End-to-End Biotechnology Solutions\",\"item\":\"https:\/\/biogroupvietnam.com\/vi\/\"},{\"@type\":\"ListItem\",\"position\":2,\"name\":\"Product\",\"item\":\"https:\/\/biogroupvietnam.com\/vi\/san-pham\/\"},{\"@type\":\"ListItem\",\"position\":3,\"name\":\"Bioassays\",\"item\":\"https:\/\/biogroupvietnam.com\/vi\/danh-muc-san-pham\/xet-nghiem-sinh-hoc\/\"},{\"@type\":\"ListItem\",\"position\":4,\"name\":\"CFU Assay\",\"item\":\"https:\/\/biogroupvietnam.com\/vi\/danh-muc-san-pham\/thu-nghiem-cfu\/\"},{\"@type\":\"ListItem\",\"position\":5,\"name\":\"MethoCult\u2122 \u2013 The Standard Methylcellulose Medium for Performing CFU Assays\"}]},{\"@type\":\"WebSite\",\"@id\":\"https:\/\/biogroupvietnam.com\/en\/vi\/#website\",\"url\":\"https:\/\/biogroupvietnam.com\/en\/vi\/\",\"name\":\"Biogroup Vietnam\",\"description\":\"Biogroup Vietnam cung c\u1ea5p d\u1ecbch v\u1ee5 k\u1ef9 thu\u1eadt c\u00f9ng thi\u1ebft b\u1ecb, v\u1eadt t\u01b0, h\u00f3a ch\u1ea5t v\u00e0 gi\u1ea3i ph\u00e1p sinh h\u1ecdc cho ph\u00f2ng th\u00ed nghi\u1ec7m c\u00f4ng ngh\u1ec7 sinh h\u1ecdc, y sinh v\u00e0 y h\u1ecdc t\u00e1i t\u1ea1o.\",\"potentialAction\":[{\"@type\":\"SearchAction\",\"target\":{\"@type\":\"EntryPoint\",\"urlTemplate\":\"https:\/\/biogroupvietnam.com\/en\/vi\/?s={search_term_string}\"},\"query-input\":{\"@type\":\"PropertyValueSpecification\",\"valueRequired\":true,\"valueName\":\"search_term_string\"}}],\"inLanguage\":\"en-US\"}]}<\/script>\n<!-- \/ Yoast SEO plugin. -->","yoast_head_json":{"title":"MethoCult\u2122 \u2013 The Standard Methylcellulose Medium for Performing CFU Assays","description":"MethoCult\u2122 is the gold-standard methylcellulose-based medium for Colony-Forming Unit (CFU) assays\u2014a functional method used to identify and quantify hematopoietic stem and progenitor cells (HSPCs) derived from bone marrow, cord blood, and peripheral blood samples. Developed by STEMCELL Technologies (Canada) and officially distributed in Vietnam by Biogroup Vietnam, MethoCult\u2122 enables the culture, identification, and classification of&hellip;","robots":{"index":"index","follow":"follow","max-snippet":"max-snippet:-1","max-image-preview":"max-image-preview:large","max-video-preview":"max-video-preview:-1"},"canonical":"MethoCult\u2122 is the gold-standard methylcellulose-based medium for Colony-Forming Unit (CFU) assays\u2014a functional method used to identify and quantify hematopoietic stem and progenitor cells (HSPCs) derived from bone marrow, cord blood, and peripheral blood samples. Developed by STEMCELL Technologies (Canada) and officially distributed in Vietnam by Biogroup Vietnam, MethoCult\u2122 enables the culture, identification, and classification of&hellip;","og_locale":"en_US","og_type":"article","og_title":"MethoCult\u2122 \u2013 The Standard Methylcellulose Medium for Performing CFU Assays","og_description":"MethoCult\u2122 is the gold-standard methylcellulose-based medium for Colony-Forming Unit (CFU) assays\u2014a functional method used to identify and quantify hematopoietic stem and progenitor cells (HSPCs) derived from bone marrow, cord blood, and peripheral blood samples. Developed by STEMCELL Technologies (Canada) and officially distributed in Vietnam by Biogroup Vietnam, MethoCult\u2122 enables the culture, identification, and classification of&hellip;","og_url":"https:\/\/biogroupvietnam.com\/en\/product\/methocult-media\/","og_site_name":"Biogroup Vietnam","article_modified_time":"2026-04-06T07:53:03+00:00","og_image":[{"width":1640,"height":1260,"url":"https:\/\/biogroupvietnam.com\/wp-content\/uploads\/2025\/08\/methocult-moi-truong-cfu-chuan-cho-te-bao-goc-tao-mau.jpg","type":"image\/jpeg"}],"twitter_card":"summary_large_image","twitter_misc":{"Est. reading time":"6 minutes"},"schema":{"@context":"https:\/\/schema.org","@graph":[{"@type":"WebPage","@id":"https:\/\/biogroupvietnam.com\/en\/product\/methocult-media\/","url":"https:\/\/biogroupvietnam.com\/en\/product\/methocult-media\/","name":"MethoCult\u2122 \u2013 M\u00f4i tr\u01b0\u1eddng CFU chu\u1ea9n cho t\u1ebf b\u00e0o g\u1ed1c t\u1ea1o m\u00e1u | Biogroup Vietnam","isPartOf":{"@id":"https:\/\/biogroupvietnam.com\/vi\/#website"},"primaryImageOfPage":{"@id":"https:\/\/biogroupvietnam.com\/en\/product\/methocult-media\/#primaryimage"},"image":{"@id":"https:\/\/biogroupvietnam.com\/en\/product\/methocult-media\/#primaryimage"},"thumbnailUrl":"https:\/\/biogroupvietnam.com\/wp-content\/uploads\/2025\/08\/methocult-moi-truong-cfu-chuan-cho-te-bao-goc-tao-mau.jpg","datePublished":"2025-08-18T12:51:18+00:00","dateModified":"2026-04-06T07:53:03+00:00","description":"MethoCult\u2122 \u2013 m\u00f4i tr\u01b0\u1eddng methylcellulose chu\u1ea9n cho CFU assay, \u0111\u1ecbnh l\u01b0\u1ee3ng t\u1ebf b\u00e0o g\u1ed1c \u2013 ti\u1ec1n th\u00e2n t\u1ea1o m\u00e1u ch\u00ednh x\u00e1c, \u1ed5n \u0111\u1ecbnh v\u00e0 t\u00e1i l\u1eadp.","breadcrumb":{"@id":"https:\/\/biogroupvietnam.com\/en\/product\/methocult-media\/#breadcrumb"},"inLanguage":"en-US","potentialAction":[{"@type":"ReadAction","target":["https:\/\/biogroupvietnam.com\/en\/product\/methocult-media\/"]}]},{"@type":"ImageObject","inLanguage":"en-US","@id":"https:\/\/biogroupvietnam.com\/en\/product\/methocult-media\/#primaryimage","url":"https:\/\/biogroupvietnam.com\/wp-content\/uploads\/2025\/08\/methocult-moi-truong-cfu-chuan-cho-te-bao-goc-tao-mau.jpg","contentUrl":"https:\/\/biogroupvietnam.com\/wp-content\/uploads\/2025\/08\/methocult-moi-truong-cfu-chuan-cho-te-bao-goc-tao-mau.jpg","width":1640,"height":1260,"caption":"MethoCult\u2122 \u2013 M\u00f4i tr\u01b0\u1eddng CFU chu\u1ea9n cho t\u1ebf b\u00e0o g\u1ed1c t\u1ea1o m\u00e1u"},{"@type":"BreadcrumbList","@id":"https:\/\/biogroupvietnam.com\/en\/product\/methocult-media\/#breadcrumb","itemListElement":[{"@type":"ListItem","position":1,"name":"Biogroup Vietnam | End-to-End Biotechnology Solutions","item":"https:\/\/biogroupvietnam.com\/vi\/"},{"@type":"ListItem","position":2,"name":"Product","item":"https:\/\/biogroupvietnam.com\/vi\/san-pham\/"},{"@type":"ListItem","position":3,"name":"Bioassays","item":"https:\/\/biogroupvietnam.com\/vi\/danh-muc-san-pham\/xet-nghiem-sinh-hoc\/"},{"@type":"ListItem","position":4,"name":"CFU Assay","item":"https:\/\/biogroupvietnam.com\/vi\/danh-muc-san-pham\/thu-nghiem-cfu\/"},{"@type":"ListItem","position":5,"name":"MethoCult\u2122 \u2013 The Standard Methylcellulose Medium for Performing CFU Assays"}]},{"@type":"WebSite","@id":"https:\/\/biogroupvietnam.com\/en\/vi\/#website","url":"https:\/\/biogroupvietnam.com\/en\/vi\/","name":"Biogroup Vietnam","description":"Biogroup Vietnam cung c\u1ea5p d\u1ecbch v\u1ee5 k\u1ef9 thu\u1eadt c\u00f9ng thi\u1ebft b\u1ecb, v\u1eadt t\u01b0, h\u00f3a ch\u1ea5t v\u00e0 gi\u1ea3i ph\u00e1p sinh h\u1ecdc cho ph\u00f2ng th\u00ed nghi\u1ec7m c\u00f4ng ngh\u1ec7 sinh h\u1ecdc, y sinh v\u00e0 y h\u1ecdc t\u00e1i t\u1ea1o.","potentialAction":[{"@type":"SearchAction","target":{"@type":"EntryPoint","urlTemplate":"https:\/\/biogroupvietnam.com\/en\/vi\/?s={search_term_string}"},"query-input":{"@type":"PropertyValueSpecification","valueRequired":true,"valueName":"search_term_string"}}],"inLanguage":"en-US"}]}},"_links":{"self":[{"href":"https:\/\/biogroupvietnam.com\/en\/wp-json\/wp\/v2\/product\/3586","targetHints":{"allow":["GET"]}}],"collection":[{"href":"https:\/\/biogroupvietnam.com\/en\/wp-json\/wp\/v2\/product"}],"about":[{"href":"https:\/\/biogroupvietnam.com\/en\/wp-json\/wp\/v2\/types\/product"}],"replies":[{"embeddable":true,"href":"https:\/\/biogroupvietnam.com\/en\/wp-json\/wp\/v2\/comments?post=3586"}],"version-history":[{"count":5,"href":"https:\/\/biogroupvietnam.com\/en\/wp-json\/wp\/v2\/product\/3586\/revisions"}],"predecessor-version":[{"id":8650,"href":"https:\/\/biogroupvietnam.com\/en\/wp-json\/wp\/v2\/product\/3586\/revisions\/8650"}],"wp:featuredmedia":[{"embeddable":true,"href":"https:\/\/biogroupvietnam.com\/en\/wp-json\/wp\/v2\/media\/10242"}],"wp:attachment":[{"href":"https:\/\/biogroupvietnam.com\/en\/wp-json\/wp\/v2\/media?parent=3586"}],"wp:term":[{"taxonomy":"product_brand","embeddable":true,"href":"https:\/\/biogroupvietnam.com\/en\/wp-json\/wp\/v2\/product_brand?post=3586"},{"taxonomy":"product_cat","embeddable":true,"href":"https:\/\/biogroupvietnam.com\/en\/wp-json\/wp\/v2\/product_cat?post=3586"},{"taxonomy":"product_tag","embeddable":true,"href":"https:\/\/biogroupvietnam.com\/en\/wp-json\/wp\/v2\/product_tag?post=3586"}],"curies":[{"name":"wp","href":"https:\/\/api.w.org\/{rel}","templated":true}]}}