{"id":3587,"date":"2025-08-18T19:51:18","date_gmt":"2025-08-18T12:51:18","guid":{"rendered":"http:\/\/biogroupvietnam-worldpress.local\/product\/import-placeholder-for-7\/"},"modified":"2026-04-06T14:49:35","modified_gmt":"2026-04-06T07:49:35","slug":"moi-truong-nuoi-mo-day-ron-mesencult-acf-plus","status":"publish","type":"product","link":"https:\/\/biogroupvietnam.com\/en\/product\/mesencult-acf-plus-umbilical-cord-culture-kit\/","title":{"rendered":"MesenCult\u2122-ACF Plus Umbilical Cord Culture Kit"},"content":{"rendered":"<p><a href=\"https:\/\/www.stemcell.com\/mesencult-acf-plus-umbilical-cord-culture-kit.html\">MesenCult\u2122-ACF Plus Umbilical Cord Medium<\/a> is used for derivation and expansion of human mesenchymal stromal cells from umbilical cord tissue.<\/p>\n","protected":false},"excerpt":{"rendered":"<p>MesenCult\u2122-ACF Plus Umbilical Cord Medium is used for derivation and expansion of human mesenchymal stromal cells from umbilical cord tissue.<\/p>\n","protected":false},"featured_media":10241,"comment_status":"closed","ping_status":"closed","template":"","meta":{"_acf_changed":false},"product_brand":[127],"product_cat":[91],"product_tag":[],"class_list":{"0":"post-3587","1":"product","2":"type-product","3":"status-publish","4":"has-post-thumbnail","6":"product_brand-stemcell-technologies","7":"product_cat-human-mesenchymal-stem-cells","9":"first","10":"outofstock","11":"shipping-taxable","12":"product-type-simple"},"acf":[],"yoast_head":"<!-- This site is optimized with the Yoast SEO plugin v26.8 - https:\/\/yoast.com\/product\/yoast-seo-wordpress\/ -->\n<title>MesenCult\u2122-ACF Plus Umbilical Cord Culture Kit<\/title>\n<meta name=\"description\" content=\"MesenCult\u2122-ACF Plus Umbilical Cord Medium is used for derivation and expansion of human mesenchymal stromal cells from umbilical cord tissue.\" \/>\n<meta name=\"robots\" content=\"index, follow, max-snippet:-1, max-image-preview:large, max-video-preview:-1\" \/>\n<link rel=\"canonical\" href=\"http:\/\/MesenCult\u2122-ACF%20Plus%20Umbilical%20Cord%20Medium%20is%20used%20for%20derivation%20and%20expansion%20of%20human%20mesenchymal%20stromal%20cells%20from%20umbilical%20cord%20tissue.\" \/>\n<meta property=\"og:locale\" content=\"en_US\" \/>\n<meta property=\"og:type\" content=\"article\" \/>\n<meta property=\"og:title\" content=\"MesenCult\u2122-ACF Plus Umbilical Cord Culture Kit\" \/>\n<meta property=\"og:description\" content=\"MesenCult\u2122-ACF Plus Umbilical Cord Medium is used for derivation and expansion of human mesenchymal stromal cells from umbilical cord tissue.\" \/>\n<meta property=\"og:url\" content=\"https:\/\/biogroupvietnam.com\/en\/product\/mesencult-acf-plus-umbilical-cord-culture-kit\/\" \/>\n<meta property=\"og:site_name\" content=\"Biogroup Vietnam\" \/>\n<meta property=\"article:modified_time\" content=\"2026-04-06T07:49:35+00:00\" \/>\n<meta property=\"og:image\" content=\"https:\/\/biogroupvietnam.com\/wp-content\/uploads\/2025\/08\/moi-truong-nuoi-mo-day-ron-mesencult-acf-plus-umbilical-cord.jpg\" \/>\n\t<meta property=\"og:image:width\" content=\"1640\" \/>\n\t<meta property=\"og:image:height\" content=\"1260\" \/>\n\t<meta property=\"og:image:type\" content=\"image\/jpeg\" \/>\n<meta name=\"twitter:card\" content=\"summary_large_image\" \/>\n<meta name=\"twitter:label1\" content=\"Est. reading time\" \/>\n\t<meta name=\"twitter:data1\" content=\"3 minutes\" \/>\n<script type=\"application\/ld+json\" class=\"yoast-schema-graph\">{\"@context\":\"https:\/\/schema.org\",\"@graph\":[{\"@type\":\"WebPage\",\"@id\":\"https:\/\/biogroupvietnam.com\/en\/product\/mesencult-acf-plus-umbilical-cord-culture-kit\/\",\"url\":\"https:\/\/biogroupvietnam.com\/en\/product\/mesencult-acf-plus-umbilical-cord-culture-kit\/\",\"name\":\"M\u00f4i Tr\u01b0\u1eddng Nu\u00f4i M\u00f4 D\u00e2y R\u1ed1n MesenCult\u2122-ACF Plus\",\"isPartOf\":{\"@id\":\"https:\/\/biogroupvietnam.com\/vi\/#website\"},\"primaryImageOfPage\":{\"@id\":\"https:\/\/biogroupvietnam.com\/en\/product\/mesencult-acf-plus-umbilical-cord-culture-kit\/#primaryimage\"},\"image\":{\"@id\":\"https:\/\/biogroupvietnam.com\/en\/product\/mesencult-acf-plus-umbilical-cord-culture-kit\/#primaryimage\"},\"thumbnailUrl\":\"https:\/\/biogroupvietnam.com\/wp-content\/uploads\/2025\/08\/moi-truong-nuoi-mo-day-ron-mesencult-acf-plus-umbilical-cord.jpg\",\"datePublished\":\"2025-08-18T12:51:18+00:00\",\"dateModified\":\"2026-04-06T07:49:35+00:00\",\"description\":\"M\u00f4i tr\u01b0\u1eddng nu\u00f4i m\u00f4 d\u00e2y r\u1ed1n kh\u00f4ng ch\u1ee9a th\u00e0nh ph\u1ea7n \u0111\u1ed9ng v\u1eadt \u0111\u01b0\u1ee3c d\u00f9ng \u0111\u1ec3 t\u1ea1o v\u00e0 t\u0103ng sinh t\u1ebf b\u00e0o g\u1ed1c trung m\u00f4 c\u1ee7a ng\u01b0\u1eddi t\u1eeb m\u00f4 d\u00e2y r\u1ed1n (UC-MSC).\",\"breadcrumb\":{\"@id\":\"https:\/\/biogroupvietnam.com\/en\/product\/mesencult-acf-plus-umbilical-cord-culture-kit\/#breadcrumb\"},\"inLanguage\":\"en-US\",\"potentialAction\":[{\"@type\":\"ReadAction\",\"target\":[\"https:\/\/biogroupvietnam.com\/en\/product\/mesencult-acf-plus-umbilical-cord-culture-kit\/\"]}]},{\"@type\":\"ImageObject\",\"inLanguage\":\"en-US\",\"@id\":\"https:\/\/biogroupvietnam.com\/en\/product\/mesencult-acf-plus-umbilical-cord-culture-kit\/#primaryimage\",\"url\":\"https:\/\/biogroupvietnam.com\/wp-content\/uploads\/2025\/08\/moi-truong-nuoi-mo-day-ron-mesencult-acf-plus-umbilical-cord.jpg\",\"contentUrl\":\"https:\/\/biogroupvietnam.com\/wp-content\/uploads\/2025\/08\/moi-truong-nuoi-mo-day-ron-mesencult-acf-plus-umbilical-cord.jpg\",\"width\":1640,\"height\":1260,\"caption\":\"M\u00f4i Tr\u01b0\u1eddng Nu\u00f4i M\u00f4 D\u00e2y R\u1ed1n MesenCult\u2122-ACF Plus Umbilical Cord\"},{\"@type\":\"BreadcrumbList\",\"@id\":\"https:\/\/biogroupvietnam.com\/en\/product\/mesencult-acf-plus-umbilical-cord-culture-kit\/#breadcrumb\",\"itemListElement\":[{\"@type\":\"ListItem\",\"position\":1,\"name\":\"Biogroup Vietnam | End-to-End Biotechnology Solutions\",\"item\":\"https:\/\/biogroupvietnam.com\/vi\/\"},{\"@type\":\"ListItem\",\"position\":2,\"name\":\"Product\",\"item\":\"https:\/\/biogroupvietnam.com\/vi\/san-pham\/\"},{\"@type\":\"ListItem\",\"position\":3,\"name\":\"Cell Culture\",\"item\":\"https:\/\/biogroupvietnam.com\/vi\/danh-muc-san-pham\/nuoi-cay-te-bao\/\"},{\"@type\":\"ListItem\",\"position\":4,\"name\":\"Human mesenchymal stem cells\",\"item\":\"https:\/\/biogroupvietnam.com\/vi\/danh-muc-san-pham\/te-bao-goc-trung-mo\/\"},{\"@type\":\"ListItem\",\"position\":5,\"name\":\"MesenCult\u2122-ACF Plus Umbilical Cord Culture Kit\"}]},{\"@type\":\"WebSite\",\"@id\":\"https:\/\/biogroupvietnam.com\/en\/vi\/#website\",\"url\":\"https:\/\/biogroupvietnam.com\/en\/vi\/\",\"name\":\"Biogroup Vietnam\",\"description\":\"Biogroup Vietnam cung c\u1ea5p d\u1ecbch v\u1ee5 k\u1ef9 thu\u1eadt c\u00f9ng thi\u1ebft b\u1ecb, v\u1eadt t\u01b0, h\u00f3a ch\u1ea5t v\u00e0 gi\u1ea3i ph\u00e1p sinh h\u1ecdc cho ph\u00f2ng th\u00ed nghi\u1ec7m c\u00f4ng ngh\u1ec7 sinh h\u1ecdc, y sinh v\u00e0 y h\u1ecdc t\u00e1i t\u1ea1o.\",\"potentialAction\":[{\"@type\":\"SearchAction\",\"target\":{\"@type\":\"EntryPoint\",\"urlTemplate\":\"https:\/\/biogroupvietnam.com\/en\/vi\/?s={search_term_string}\"},\"query-input\":{\"@type\":\"PropertyValueSpecification\",\"valueRequired\":true,\"valueName\":\"search_term_string\"}}],\"inLanguage\":\"en-US\"}]}<\/script>\n<!-- \/ Yoast SEO plugin. -->","yoast_head_json":{"title":"MesenCult\u2122-ACF Plus Umbilical Cord Culture Kit","description":"MesenCult\u2122-ACF Plus Umbilical Cord Medium is used for derivation and expansion of human mesenchymal stromal cells from umbilical cord tissue.","robots":{"index":"index","follow":"follow","max-snippet":"max-snippet:-1","max-image-preview":"max-image-preview:large","max-video-preview":"max-video-preview:-1"},"canonical":"MesenCult\u2122-ACF Plus Umbilical Cord Medium is used for derivation and expansion of human mesenchymal stromal cells from umbilical cord tissue.","og_locale":"en_US","og_type":"article","og_title":"MesenCult\u2122-ACF Plus Umbilical Cord Culture Kit","og_description":"MesenCult\u2122-ACF Plus Umbilical Cord Medium is used for derivation and expansion of human mesenchymal stromal cells from umbilical cord tissue.","og_url":"https:\/\/biogroupvietnam.com\/en\/product\/mesencult-acf-plus-umbilical-cord-culture-kit\/","og_site_name":"Biogroup Vietnam","article_modified_time":"2026-04-06T07:49:35+00:00","og_image":[{"width":1640,"height":1260,"url":"https:\/\/biogroupvietnam.com\/wp-content\/uploads\/2025\/08\/moi-truong-nuoi-mo-day-ron-mesencult-acf-plus-umbilical-cord.jpg","type":"image\/jpeg"}],"twitter_card":"summary_large_image","twitter_misc":{"Est. reading time":"3 minutes"},"schema":{"@context":"https:\/\/schema.org","@graph":[{"@type":"WebPage","@id":"https:\/\/biogroupvietnam.com\/en\/product\/mesencult-acf-plus-umbilical-cord-culture-kit\/","url":"https:\/\/biogroupvietnam.com\/en\/product\/mesencult-acf-plus-umbilical-cord-culture-kit\/","name":"M\u00f4i Tr\u01b0\u1eddng Nu\u00f4i M\u00f4 D\u00e2y R\u1ed1n MesenCult\u2122-ACF Plus","isPartOf":{"@id":"https:\/\/biogroupvietnam.com\/vi\/#website"},"primaryImageOfPage":{"@id":"https:\/\/biogroupvietnam.com\/en\/product\/mesencult-acf-plus-umbilical-cord-culture-kit\/#primaryimage"},"image":{"@id":"https:\/\/biogroupvietnam.com\/en\/product\/mesencult-acf-plus-umbilical-cord-culture-kit\/#primaryimage"},"thumbnailUrl":"https:\/\/biogroupvietnam.com\/wp-content\/uploads\/2025\/08\/moi-truong-nuoi-mo-day-ron-mesencult-acf-plus-umbilical-cord.jpg","datePublished":"2025-08-18T12:51:18+00:00","dateModified":"2026-04-06T07:49:35+00:00","description":"M\u00f4i tr\u01b0\u1eddng nu\u00f4i m\u00f4 d\u00e2y r\u1ed1n kh\u00f4ng ch\u1ee9a th\u00e0nh ph\u1ea7n \u0111\u1ed9ng v\u1eadt \u0111\u01b0\u1ee3c d\u00f9ng \u0111\u1ec3 t\u1ea1o v\u00e0 t\u0103ng sinh t\u1ebf b\u00e0o g\u1ed1c trung m\u00f4 c\u1ee7a ng\u01b0\u1eddi t\u1eeb m\u00f4 d\u00e2y r\u1ed1n (UC-MSC).","breadcrumb":{"@id":"https:\/\/biogroupvietnam.com\/en\/product\/mesencult-acf-plus-umbilical-cord-culture-kit\/#breadcrumb"},"inLanguage":"en-US","potentialAction":[{"@type":"ReadAction","target":["https:\/\/biogroupvietnam.com\/en\/product\/mesencult-acf-plus-umbilical-cord-culture-kit\/"]}]},{"@type":"ImageObject","inLanguage":"en-US","@id":"https:\/\/biogroupvietnam.com\/en\/product\/mesencult-acf-plus-umbilical-cord-culture-kit\/#primaryimage","url":"https:\/\/biogroupvietnam.com\/wp-content\/uploads\/2025\/08\/moi-truong-nuoi-mo-day-ron-mesencult-acf-plus-umbilical-cord.jpg","contentUrl":"https:\/\/biogroupvietnam.com\/wp-content\/uploads\/2025\/08\/moi-truong-nuoi-mo-day-ron-mesencult-acf-plus-umbilical-cord.jpg","width":1640,"height":1260,"caption":"M\u00f4i Tr\u01b0\u1eddng Nu\u00f4i M\u00f4 D\u00e2y R\u1ed1n MesenCult\u2122-ACF Plus Umbilical Cord"},{"@type":"BreadcrumbList","@id":"https:\/\/biogroupvietnam.com\/en\/product\/mesencult-acf-plus-umbilical-cord-culture-kit\/#breadcrumb","itemListElement":[{"@type":"ListItem","position":1,"name":"Biogroup Vietnam | End-to-End Biotechnology Solutions","item":"https:\/\/biogroupvietnam.com\/vi\/"},{"@type":"ListItem","position":2,"name":"Product","item":"https:\/\/biogroupvietnam.com\/vi\/san-pham\/"},{"@type":"ListItem","position":3,"name":"Cell Culture","item":"https:\/\/biogroupvietnam.com\/vi\/danh-muc-san-pham\/nuoi-cay-te-bao\/"},{"@type":"ListItem","position":4,"name":"Human mesenchymal stem cells","item":"https:\/\/biogroupvietnam.com\/vi\/danh-muc-san-pham\/te-bao-goc-trung-mo\/"},{"@type":"ListItem","position":5,"name":"MesenCult\u2122-ACF Plus Umbilical Cord Culture Kit"}]},{"@type":"WebSite","@id":"https:\/\/biogroupvietnam.com\/en\/vi\/#website","url":"https:\/\/biogroupvietnam.com\/en\/vi\/","name":"Biogroup Vietnam","description":"Biogroup Vietnam cung c\u1ea5p d\u1ecbch v\u1ee5 k\u1ef9 thu\u1eadt c\u00f9ng thi\u1ebft b\u1ecb, v\u1eadt t\u01b0, h\u00f3a ch\u1ea5t v\u00e0 gi\u1ea3i ph\u00e1p sinh h\u1ecdc cho ph\u00f2ng th\u00ed nghi\u1ec7m c\u00f4ng ngh\u1ec7 sinh h\u1ecdc, y sinh v\u00e0 y h\u1ecdc t\u00e1i t\u1ea1o.","potentialAction":[{"@type":"SearchAction","target":{"@type":"EntryPoint","urlTemplate":"https:\/\/biogroupvietnam.com\/en\/vi\/?s={search_term_string}"},"query-input":{"@type":"PropertyValueSpecification","valueRequired":true,"valueName":"search_term_string"}}],"inLanguage":"en-US"}]}},"_links":{"self":[{"href":"https:\/\/biogroupvietnam.com\/en\/wp-json\/wp\/v2\/product\/3587","targetHints":{"allow":["GET"]}}],"collection":[{"href":"https:\/\/biogroupvietnam.com\/en\/wp-json\/wp\/v2\/product"}],"about":[{"href":"https:\/\/biogroupvietnam.com\/en\/wp-json\/wp\/v2\/types\/product"}],"replies":[{"embeddable":true,"href":"https:\/\/biogroupvietnam.com\/en\/wp-json\/wp\/v2\/comments?post=3587"}],"version-history":[{"count":5,"href":"https:\/\/biogroupvietnam.com\/en\/wp-json\/wp\/v2\/product\/3587\/revisions"}],"predecessor-version":[{"id":9756,"href":"https:\/\/biogroupvietnam.com\/en\/wp-json\/wp\/v2\/product\/3587\/revisions\/9756"}],"wp:featuredmedia":[{"embeddable":true,"href":"https:\/\/biogroupvietnam.com\/en\/wp-json\/wp\/v2\/media\/10241"}],"wp:attachment":[{"href":"https:\/\/biogroupvietnam.com\/en\/wp-json\/wp\/v2\/media?parent=3587"}],"wp:term":[{"taxonomy":"product_brand","embeddable":true,"href":"https:\/\/biogroupvietnam.com\/en\/wp-json\/wp\/v2\/product_brand?post=3587"},{"taxonomy":"product_cat","embeddable":true,"href":"https:\/\/biogroupvietnam.com\/en\/wp-json\/wp\/v2\/product_cat?post=3587"},{"taxonomy":"product_tag","embeddable":true,"href":"https:\/\/biogroupvietnam.com\/en\/wp-json\/wp\/v2\/product_tag?post=3587"}],"curies":[{"name":"wp","href":"https:\/\/api.w.org\/{rel}","templated":true}]}}