{"id":3590,"date":"2025-08-18T19:51:19","date_gmt":"2025-08-18T12:51:19","guid":{"rendered":"http:\/\/biogroupvietnam-worldpress.local\/product\/import-placeholder-for-10\/"},"modified":"2025-11-12T18:44:32","modified_gmt":"2025-11-12T11:44:32","slug":"turbox-48","status":"publish","type":"product","link":"https:\/\/biogroupvietnam.com\/en\/product\/turbox-48-automated-nucleic-acid-extraction-system\/","title":{"rendered":"TurboX 48 Automated Nucleic Acid Extraction System"},"content":{"rendered":"<p><span style=\"background-color: transparent; color: #000000; font-family: Arial,sans-serif; font-size: 12pt;\"><i><strong>TurboX 48 automated nucleic acid extraction system<\/strong><\/i><\/span> <span style=\"background-color: transparent; color: #000000; font-family: Arial,sans-serif; font-size: 12pt;\">TurboX 48 has been tailored for demanding applications, especially RNA, as well as the handling of low-concentration nucleic acids like cfDNA and ctDNA. Combined with our patented decapping automation technology, TurboX 48 streamlines sample transitions, offering high performance and precise automation. Now, you can devote more time to your work!<\/span><\/p>\n<h3><span style=\"background-color: transparent; color: #000000; font-family: Arial,sans-serif; font-size: 16pt;\"><strong>Features and benefits<\/strong><\/span><\/h3>\n<ul>\n<li><span style=\"background-color: transparent; color: #000000; font-family: Arial,sans-serif; font-size: 12pt;\">TurboX 48 is the first automated nucleic acid extraction system to integrate a 48-high-throughput centrifuge, making spin column purification possible. It can even handle large 5 mL samples while ensuring high-quality results.<\/span><\/li>\n<li><span style=\"background-color: transparent; color: #000000; font-family: Arial,sans-serif; font-size: 12pt;\">Proven performance<\/span> <span style=\"background-color: transparent; color: #000000; font-family: Arial,sans-serif; font-size: 12pt;\">Our Blood DNA Extraction Kit matches the benchmark model for DNA yield.<img fetchpriority=\"high\" decoding=\"async\" class=\"image_resized\" style=\"aspect-ratio: 543\/195; width: 62.73%;\" src=\"https:\/\/lh7-rt.googleusercontent.com\/docsz\/AD_4nXfzvU_-nDwFP2GsJL6IvxS43I20fk7d8wjvdxhSyq9NdNqAOoZ022KohwI2X-Jm3EspCH0glR8kmDNtR2KHcGNEeVhdHVGxEQcHfZHW580xI9Lbb-cYBasbWeGRGNbK0glXwxqXbg?key=uT9C8u5vsmcuarlvwpaurg\" alt=\"h\u1ec7 th\u1ed1ng t\u00e1ch chi\u1ebft nucleic acid t\u1ef1 \u0111\u1ed9ng TurboX 48\" width=\"543\" height=\"195\" \/><\/span> <span style=\"background-color: transparent; color: #000000; font-family: Arial,sans-serif; font-size: 12pt;\">Genomic DNA was extracted manually from 200 \u00b5l of blood using brand Q and the TurboX 48 system with the Blue-Ray Biotech Blood DNA Kit.<\/span> <span style=\"background-color: transparent; color: #000000; font-family: Arial,sans-serif; font-size: 12pt;\">Our Tissue DNA Extraction Kit offers higher DNA quantity and clear, smear-free gel images.<img decoding=\"async\" class=\"image_resized\" style=\"aspect-ratio: 545\/197; width: 63.47%;\" src=\"https:\/\/lh7-rt.googleusercontent.com\/docsz\/AD_4nXdD9BA5RqNuEm6pTW-UJZW0z2_9PYkOJuq4ivSstB1m9bZpNL_3QumdU04Hkn-ia14xiP3QJIBMLpbxckVEJzA54UIoCwmF8XGtrj-lbKsKRJx4ElzWYUZ9M6H19-xHTni3lnMA?key=uT9C8u5vsmcuarlvwpaurg\" alt=\"h\u1ec7 th\u1ed1ng t\u00e1ch chi\u1ebft nucleic acid t\u1ef1 \u0111\u1ed9ng TurboX 48\" width=\"545\" height=\"197\" \/><\/span> <span style=\"background-color: transparent; color: #000000; font-family: Arial,sans-serif; font-size: 12pt;\">Shrimp tissue (25 mg\/sample) was extracted manually using brand Q and the TurboX 48 system with the Blue-Ray Biotech Tissue DNA Kit.<\/span><\/li>\n<\/ul>\n<h3><span style=\"background-color: transparent; color: #000000; font-family: Arial,sans-serif; font-size: 16pt;\"><strong>Technical structure<\/strong><\/span><\/h3>\n<h3><img decoding=\"async\" class=\"image_resized\" style=\"aspect-ratio: 368\/354; width: 37.85%;\" src=\"https:\/\/biogroupvietnam.com\/uploads\/ACHO3rCriQI0AwZ5A1oRnXc8YGC66OVwWxpfH0H7.png\" alt=\"h\u1ec7 th\u1ed1ng t\u00e1ch chi\u1ebft nucleic acid t\u1ef1 \u0111\u1ed9ng TurboX 48\" width=\"368\" height=\"354\" \/><\/h3>\n<ol>\n<li><span style=\"background-color: transparent; color: #000000; font-family: Arial,sans-serif; font-size: 12pt;\">Integrated 48 throughput centrifuge<\/span><\/li>\n<li><span style=\"background-color: transparent; color: #000000; font-family: Arial,sans-serif; font-size: 12pt;\">48 standard samples or 12 large volume samples<\/span><\/li>\n<li><span style=\"background-color: transparent; color: #000000; font-family: Arial,sans-serif; font-size: 12pt;\">Compact thermal mixer<\/span><\/li>\n<li><span style=\"background-color: transparent; color: #000000; font-family: Arial,sans-serif; font-size: 12pt;\">Innovative decapper module<\/span><\/li>\n<li><span style=\"background-color: transparent; color: #000000; font-family: Arial,sans-serif; font-size: 12pt;\">Error-free self-monitoring<\/span><\/li>\n<li><span style=\"background-color: transparent; color: #000000; font-family: Arial,sans-serif; font-size: 12pt;\">Automated pipetting system<\/span><\/li>\n<li><span style=\"background-color: transparent; color: #000000; font-family: Arial,sans-serif; font-size: 12pt;\">UV decontamination<\/span><\/li>\n<li><span style=\"background-color: transparent; color: #000000; font-family: Arial,sans-serif; font-size: 12pt;\">Waste management system<\/span><\/li>\n<li><span style=\"background-color: transparent; color: #000000; font-family: Arial,sans-serif; font-size: 12pt;\">Guided step-by-step procedures with a user-friendly interface<\/span> <span style=\"background-color: transparent; color: #000000; font-family: Arial,sans-serif; font-size: 12pt;\">&nbsp;<\/span><\/li>\n<\/ol>\n<p><img loading=\"lazy\" decoding=\"async\" class=\"image_resized\" style=\"aspect-ratio: 697\/141; width: 65.11%;\" src=\"https:\/\/biogroupvietnam.com\/uploads\/id6rRq3MwWLTkKXBlRW2tar36g6WEvQ6PdOmzX58.png\" alt=\"h\u1ec7 th\u1ed1ng t\u00e1ch chi\u1ebft nucleic acid t\u1ef1 \u0111\u1ed9ng TurboX 48\" width=\"697\" height=\"141\" \/><\/p>\n<figure class=\"table\" style=\"width: 95.65%;\">\n<table class=\"ck-table-resized\" style=\"border: 0.2px solid hsl(0, 0%, 30%);\">\n<colgroup>\n<col style=\"width: 50.65%;\" \/>\n<col style=\"width: 49.35%;\" \/><\/colgroup>\n<tbody>\n<tr>\n<td style=\"border: 0.2px solid hsl(0, 0%, 30%); text-align: center;\"><strong>Sample Type: <\/strong>Cells and tissues, FFPE, Liquid biopsy (cfDNA).<\/td>\n<td style=\"border: 0.2px solid hsl(0, 0%, 30%); text-align: center;\"><strong>Applications: <\/strong>NGS, Microarray, NIPT\/Oncology.<\/td>\n<\/tr>\n<tr>\n<td style=\"border: 0.2px solid hsl(0, 0%, 30%);\">\n<figure class=\"image\"><img loading=\"lazy\" decoding=\"async\" style=\"aspect-ratio: 379\/202;\" src=\"https:\/\/biogroupvietnam.com\/uploads\/VWJJSWDXsi4MZ3xbodu5ylUhRmUWOyAsWCArRsx3.png\" alt=\"h\u1ec7 th\u1ed1ng t\u00e1ch chi\u1ebft nucleic acid t\u1ef1 \u0111\u1ed9ng TurboX 48\" width=\"379\" height=\"202\" \/><\/figure>\n<\/td>\n<td style=\"border: 0.2px solid hsl(0, 0%, 30%);\">\n<figure class=\"image\"><img loading=\"lazy\" decoding=\"async\" style=\"aspect-ratio: 436\/235;\" src=\"https:\/\/biogroupvietnam.com\/uploads\/7xkfAmLmS1Lm7dIhY2cG6jwLXugIV88L7UjFz6iV.png\" alt=\"\" width=\"436\" height=\"235\" \/><\/figure>\n<\/td>\n<\/tr>\n<\/tbody>\n<\/table>\n<\/figure>\n<h3><span style=\"background-color: transparent; color: #000000; font-family: Arial,sans-serif; font-size: 16pt;\"><strong>Order Information<\/strong><\/span><\/h3>\n<p><span style=\"background-color: transparent; color: #000000; font-family: Arial,sans-serif; font-size: 12pt;\">BNRI-0048: TurboX 48 Automated nucleic acid extraction system.<\/span><\/p>\n","protected":false},"excerpt":{"rendered":"<p>TurboX 48 automated nucleic acid extraction system TurboX 48 has been tailored for demanding applications, especially RNA, as well as the handling of low-concentration nucleic acids like cfDNA and ctDNA. Combined with our patented decapping automation technology, TurboX 48 streamlines sample transitions, offering high performance and precise automation. Now, you can devote more time to<\/p>\n<div class=\"klb-readmore post-buttons\"><a class=\"button rounded primary\" href=\"https:\/\/biogroupvietnam.com\/en\/product\/turbox-48-automated-nucleic-acid-extraction-system\/\">Read More <i class=\"klbth-icon-right-arrow\"><\/i><\/a><\/div>\n","protected":false},"featured_media":8929,"comment_status":"closed","ping_status":"closed","template":"","meta":{"_acf_changed":false},"product_brand":[135],"product_cat":[116],"product_tag":[],"class_list":{"0":"post-3590","1":"product","2":"type-product","3":"status-publish","4":"has-post-thumbnail","6":"product_brand-blue-ray-biotech","7":"product_cat-molecular-biology","9":"first","10":"outofstock","11":"shipping-taxable","12":"product-type-simple"},"acf":[],"yoast_head":"<!-- This site is optimized with the Yoast SEO plugin v26.8 - https:\/\/yoast.com\/product\/yoast-seo-wordpress\/ -->\n<title>TurboX 48 Automated Nucleic Acid Extraction System<\/title>\n<meta name=\"description\" content=\"TurboX 48 automated nucleic acid extraction system TurboX 48 has been tailored for demanding applications, especially RNA, as well as the handling of low-concentration nucleic acids like cfDNA and ctDNA. Combined with our patented decapping automation technology, TurboX 48 streamlines sample transitions, offering high performance and precise automation. Now, you can devote more time to&hellip;\" \/>\n<meta name=\"robots\" content=\"index, follow, max-snippet:-1, max-image-preview:large, max-video-preview:-1\" \/>\n<link rel=\"canonical\" href=\"http:\/\/TurboX%2048%20automated%20nucleic%20acid%20extraction%20system%20TurboX%2048%20has%20been%20tailored%20for%20demanding%20applications,%20especially%20RNA,%20as%20well%20as%20the%20handling%20of%20low-concentration%20nucleic%20acids%20like%20cfDNA%20and%20ctDNA.%20Combined%20with%20our%20patented%20decapping%20automation%20technology,%20TurboX%2048%20streamlines%20sample%20transitions,%20offering%20high%20performance%20and%20precise%20automation.%20Now,%20you%20can%20devote%20more%20time%20to&hellip;\" \/>\n<meta property=\"og:locale\" content=\"en_US\" \/>\n<meta property=\"og:type\" content=\"article\" \/>\n<meta property=\"og:title\" content=\"TurboX 48 Automated Nucleic Acid Extraction System\" \/>\n<meta property=\"og:description\" content=\"TurboX 48 automated nucleic acid extraction system TurboX 48 has been tailored for demanding applications, especially RNA, as well as the handling of low-concentration nucleic acids like cfDNA and ctDNA. Combined with our patented decapping automation technology, TurboX 48 streamlines sample transitions, offering high performance and precise automation. Now, you can devote more time to&hellip;\" \/>\n<meta property=\"og:url\" content=\"https:\/\/biogroupvietnam.com\/en\/product\/turbox-48-automated-nucleic-acid-extraction-system\/\" \/>\n<meta property=\"og:site_name\" content=\"Biogroup Vietnam\" \/>\n<meta property=\"article:modified_time\" content=\"2025-11-12T11:44:32+00:00\" \/>\n<meta property=\"og:image\" content=\"https:\/\/biogroupvietnam.com\/wp-content\/uploads\/2025\/08\/TurboX-48.jpg\" \/>\n\t<meta property=\"og:image:width\" content=\"1640\" \/>\n\t<meta property=\"og:image:height\" content=\"1260\" \/>\n\t<meta property=\"og:image:type\" content=\"image\/jpeg\" \/>\n<meta name=\"twitter:card\" content=\"summary_large_image\" \/>\n<meta name=\"twitter:label1\" content=\"Est. reading time\" \/>\n\t<meta name=\"twitter:data1\" content=\"4 minutes\" \/>\n<script type=\"application\/ld+json\" class=\"yoast-schema-graph\">{\"@context\":\"https:\/\/schema.org\",\"@graph\":[{\"@type\":\"WebPage\",\"@id\":\"https:\/\/biogroupvietnam.com\/en\/product\/turbox-48-automated-nucleic-acid-extraction-system\/\",\"url\":\"https:\/\/biogroupvietnam.com\/en\/product\/turbox-48-automated-nucleic-acid-extraction-system\/\",\"name\":\"H\u1ec7 Th\u1ed1ng T\u00e1ch Chi\u1ebft Nucleic Acid T\u1ef1 \u0110\u1ed9ng TurboX 48\",\"isPartOf\":{\"@id\":\"https:\/\/biogroupvietnam.com\/vi\/#website\"},\"primaryImageOfPage\":{\"@id\":\"https:\/\/biogroupvietnam.com\/en\/product\/turbox-48-automated-nucleic-acid-extraction-system\/#primaryimage\"},\"image\":{\"@id\":\"https:\/\/biogroupvietnam.com\/en\/product\/turbox-48-automated-nucleic-acid-extraction-system\/#primaryimage\"},\"thumbnailUrl\":\"https:\/\/biogroupvietnam.com\/wp-content\/uploads\/2025\/08\/TurboX-48.jpg\",\"datePublished\":\"2025-08-18T12:51:19+00:00\",\"dateModified\":\"2025-11-12T11:44:32+00:00\",\"description\":\"TurboX 48 l\u00e0 h\u1ec7 th\u1ed1ng t\u00e1ch chi\u1ebft axit nucleic t\u1ef1 \u0111\u1ed9ng \u0111\u1ea7u ti\u00ean t\u00edch h\u1ee3p m\u00e1y ly t\u00e2m c\u00f4ng su\u1ea5t cao, c\u00f3 kh\u1ea3 n\u0103ng ly t\u00e2m c\u1ed9t tinh s\u1ea1ch, \u0111\u1ea3m b\u1ea3o r\u1eeda gi\u1ea3i RNA\/DNA tinh khi\u1ebft v\u1edbi \u0111\u1ed9 nh\u1ea5t qu\u00e1n cao.\",\"breadcrumb\":{\"@id\":\"https:\/\/biogroupvietnam.com\/en\/product\/turbox-48-automated-nucleic-acid-extraction-system\/#breadcrumb\"},\"inLanguage\":\"en-US\",\"potentialAction\":[{\"@type\":\"ReadAction\",\"target\":[\"https:\/\/biogroupvietnam.com\/en\/product\/turbox-48-automated-nucleic-acid-extraction-system\/\"]}]},{\"@type\":\"ImageObject\",\"inLanguage\":\"en-US\",\"@id\":\"https:\/\/biogroupvietnam.com\/en\/product\/turbox-48-automated-nucleic-acid-extraction-system\/#primaryimage\",\"url\":\"https:\/\/biogroupvietnam.com\/wp-content\/uploads\/2025\/08\/TurboX-48.jpg\",\"contentUrl\":\"https:\/\/biogroupvietnam.com\/wp-content\/uploads\/2025\/08\/TurboX-48.jpg\",\"width\":1640,\"height\":1260},{\"@type\":\"BreadcrumbList\",\"@id\":\"https:\/\/biogroupvietnam.com\/en\/product\/turbox-48-automated-nucleic-acid-extraction-system\/#breadcrumb\",\"itemListElement\":[{\"@type\":\"ListItem\",\"position\":1,\"name\":\"Biogroup Vietnam | End-to-End Biotechnology Solutions\",\"item\":\"https:\/\/biogroupvietnam.com\/vi\/\"},{\"@type\":\"ListItem\",\"position\":2,\"name\":\"Product\",\"item\":\"https:\/\/biogroupvietnam.com\/vi\/san-pham\/\"},{\"@type\":\"ListItem\",\"position\":3,\"name\":\"Biological R&D\",\"item\":\"https:\/\/biogroupvietnam.com\/vi\/danh-muc-san-pham\/rd-sinh-hoc\/\"},{\"@type\":\"ListItem\",\"position\":4,\"name\":\"Molecular Biology\",\"item\":\"https:\/\/biogroupvietnam.com\/vi\/danh-muc-san-pham\/sinh-hoc-phan-tu\/\"},{\"@type\":\"ListItem\",\"position\":5,\"name\":\"TurboX 48 Automated Nucleic Acid Extraction System\"}]},{\"@type\":\"WebSite\",\"@id\":\"https:\/\/biogroupvietnam.com\/en\/vi\/#website\",\"url\":\"https:\/\/biogroupvietnam.com\/en\/vi\/\",\"name\":\"Biogroup Vietnam\",\"description\":\"Biogroup Vietnam cung c\u1ea5p d\u1ecbch v\u1ee5 k\u1ef9 thu\u1eadt c\u00f9ng thi\u1ebft b\u1ecb, v\u1eadt t\u01b0, h\u00f3a ch\u1ea5t v\u00e0 gi\u1ea3i ph\u00e1p sinh h\u1ecdc cho ph\u00f2ng th\u00ed nghi\u1ec7m c\u00f4ng ngh\u1ec7 sinh h\u1ecdc, y sinh v\u00e0 y h\u1ecdc t\u00e1i t\u1ea1o.\",\"potentialAction\":[{\"@type\":\"SearchAction\",\"target\":{\"@type\":\"EntryPoint\",\"urlTemplate\":\"https:\/\/biogroupvietnam.com\/en\/vi\/?s={search_term_string}\"},\"query-input\":{\"@type\":\"PropertyValueSpecification\",\"valueRequired\":true,\"valueName\":\"search_term_string\"}}],\"inLanguage\":\"en-US\"}]}<\/script>\n<!-- \/ Yoast SEO plugin. -->","yoast_head_json":{"title":"TurboX 48 Automated Nucleic Acid Extraction System","description":"TurboX 48 automated nucleic acid extraction system TurboX 48 has been tailored for demanding applications, especially RNA, as well as the handling of low-concentration nucleic acids like cfDNA and ctDNA. Combined with our patented decapping automation technology, TurboX 48 streamlines sample transitions, offering high performance and precise automation. Now, you can devote more time to&hellip;","robots":{"index":"index","follow":"follow","max-snippet":"max-snippet:-1","max-image-preview":"max-image-preview:large","max-video-preview":"max-video-preview:-1"},"canonical":"TurboX 48 automated nucleic acid extraction system TurboX 48 has been tailored for demanding applications, especially RNA, as well as the handling of low-concentration nucleic acids like cfDNA and ctDNA. Combined with our patented decapping automation technology, TurboX 48 streamlines sample transitions, offering high performance and precise automation. Now, you can devote more time to&hellip;","og_locale":"en_US","og_type":"article","og_title":"TurboX 48 Automated Nucleic Acid Extraction System","og_description":"TurboX 48 automated nucleic acid extraction system TurboX 48 has been tailored for demanding applications, especially RNA, as well as the handling of low-concentration nucleic acids like cfDNA and ctDNA. Combined with our patented decapping automation technology, TurboX 48 streamlines sample transitions, offering high performance and precise automation. Now, you can devote more time to&hellip;","og_url":"https:\/\/biogroupvietnam.com\/en\/product\/turbox-48-automated-nucleic-acid-extraction-system\/","og_site_name":"Biogroup Vietnam","article_modified_time":"2025-11-12T11:44:32+00:00","og_image":[{"width":1640,"height":1260,"url":"https:\/\/biogroupvietnam.com\/wp-content\/uploads\/2025\/08\/TurboX-48.jpg","type":"image\/jpeg"}],"twitter_card":"summary_large_image","twitter_misc":{"Est. reading time":"4 minutes"},"schema":{"@context":"https:\/\/schema.org","@graph":[{"@type":"WebPage","@id":"https:\/\/biogroupvietnam.com\/en\/product\/turbox-48-automated-nucleic-acid-extraction-system\/","url":"https:\/\/biogroupvietnam.com\/en\/product\/turbox-48-automated-nucleic-acid-extraction-system\/","name":"H\u1ec7 Th\u1ed1ng T\u00e1ch Chi\u1ebft Nucleic Acid T\u1ef1 \u0110\u1ed9ng TurboX 48","isPartOf":{"@id":"https:\/\/biogroupvietnam.com\/vi\/#website"},"primaryImageOfPage":{"@id":"https:\/\/biogroupvietnam.com\/en\/product\/turbox-48-automated-nucleic-acid-extraction-system\/#primaryimage"},"image":{"@id":"https:\/\/biogroupvietnam.com\/en\/product\/turbox-48-automated-nucleic-acid-extraction-system\/#primaryimage"},"thumbnailUrl":"https:\/\/biogroupvietnam.com\/wp-content\/uploads\/2025\/08\/TurboX-48.jpg","datePublished":"2025-08-18T12:51:19+00:00","dateModified":"2025-11-12T11:44:32+00:00","description":"TurboX 48 l\u00e0 h\u1ec7 th\u1ed1ng t\u00e1ch chi\u1ebft axit nucleic t\u1ef1 \u0111\u1ed9ng \u0111\u1ea7u ti\u00ean t\u00edch h\u1ee3p m\u00e1y ly t\u00e2m c\u00f4ng su\u1ea5t cao, c\u00f3 kh\u1ea3 n\u0103ng ly t\u00e2m c\u1ed9t tinh s\u1ea1ch, \u0111\u1ea3m b\u1ea3o r\u1eeda gi\u1ea3i RNA\/DNA tinh khi\u1ebft v\u1edbi \u0111\u1ed9 nh\u1ea5t qu\u00e1n cao.","breadcrumb":{"@id":"https:\/\/biogroupvietnam.com\/en\/product\/turbox-48-automated-nucleic-acid-extraction-system\/#breadcrumb"},"inLanguage":"en-US","potentialAction":[{"@type":"ReadAction","target":["https:\/\/biogroupvietnam.com\/en\/product\/turbox-48-automated-nucleic-acid-extraction-system\/"]}]},{"@type":"ImageObject","inLanguage":"en-US","@id":"https:\/\/biogroupvietnam.com\/en\/product\/turbox-48-automated-nucleic-acid-extraction-system\/#primaryimage","url":"https:\/\/biogroupvietnam.com\/wp-content\/uploads\/2025\/08\/TurboX-48.jpg","contentUrl":"https:\/\/biogroupvietnam.com\/wp-content\/uploads\/2025\/08\/TurboX-48.jpg","width":1640,"height":1260},{"@type":"BreadcrumbList","@id":"https:\/\/biogroupvietnam.com\/en\/product\/turbox-48-automated-nucleic-acid-extraction-system\/#breadcrumb","itemListElement":[{"@type":"ListItem","position":1,"name":"Biogroup Vietnam | End-to-End Biotechnology Solutions","item":"https:\/\/biogroupvietnam.com\/vi\/"},{"@type":"ListItem","position":2,"name":"Product","item":"https:\/\/biogroupvietnam.com\/vi\/san-pham\/"},{"@type":"ListItem","position":3,"name":"Biological R&D","item":"https:\/\/biogroupvietnam.com\/vi\/danh-muc-san-pham\/rd-sinh-hoc\/"},{"@type":"ListItem","position":4,"name":"Molecular Biology","item":"https:\/\/biogroupvietnam.com\/vi\/danh-muc-san-pham\/sinh-hoc-phan-tu\/"},{"@type":"ListItem","position":5,"name":"TurboX 48 Automated Nucleic Acid Extraction System"}]},{"@type":"WebSite","@id":"https:\/\/biogroupvietnam.com\/en\/vi\/#website","url":"https:\/\/biogroupvietnam.com\/en\/vi\/","name":"Biogroup Vietnam","description":"Biogroup Vietnam cung c\u1ea5p d\u1ecbch v\u1ee5 k\u1ef9 thu\u1eadt c\u00f9ng thi\u1ebft b\u1ecb, v\u1eadt t\u01b0, h\u00f3a ch\u1ea5t v\u00e0 gi\u1ea3i ph\u00e1p sinh h\u1ecdc cho ph\u00f2ng th\u00ed nghi\u1ec7m c\u00f4ng ngh\u1ec7 sinh h\u1ecdc, y sinh v\u00e0 y h\u1ecdc t\u00e1i t\u1ea1o.","potentialAction":[{"@type":"SearchAction","target":{"@type":"EntryPoint","urlTemplate":"https:\/\/biogroupvietnam.com\/en\/vi\/?s={search_term_string}"},"query-input":{"@type":"PropertyValueSpecification","valueRequired":true,"valueName":"search_term_string"}}],"inLanguage":"en-US"}]}},"_links":{"self":[{"href":"https:\/\/biogroupvietnam.com\/en\/wp-json\/wp\/v2\/product\/3590","targetHints":{"allow":["GET"]}}],"collection":[{"href":"https:\/\/biogroupvietnam.com\/en\/wp-json\/wp\/v2\/product"}],"about":[{"href":"https:\/\/biogroupvietnam.com\/en\/wp-json\/wp\/v2\/types\/product"}],"replies":[{"embeddable":true,"href":"https:\/\/biogroupvietnam.com\/en\/wp-json\/wp\/v2\/comments?post=3590"}],"version-history":[{"count":4,"href":"https:\/\/biogroupvietnam.com\/en\/wp-json\/wp\/v2\/product\/3590\/revisions"}],"predecessor-version":[{"id":8932,"href":"https:\/\/biogroupvietnam.com\/en\/wp-json\/wp\/v2\/product\/3590\/revisions\/8932"}],"wp:featuredmedia":[{"embeddable":true,"href":"https:\/\/biogroupvietnam.com\/en\/wp-json\/wp\/v2\/media\/8929"}],"wp:attachment":[{"href":"https:\/\/biogroupvietnam.com\/en\/wp-json\/wp\/v2\/media?parent=3590"}],"wp:term":[{"taxonomy":"product_brand","embeddable":true,"href":"https:\/\/biogroupvietnam.com\/en\/wp-json\/wp\/v2\/product_brand?post=3590"},{"taxonomy":"product_cat","embeddable":true,"href":"https:\/\/biogroupvietnam.com\/en\/wp-json\/wp\/v2\/product_cat?post=3590"},{"taxonomy":"product_tag","embeddable":true,"href":"https:\/\/biogroupvietnam.com\/en\/wp-json\/wp\/v2\/product_tag?post=3590"}],"curies":[{"name":"wp","href":"https:\/\/api.w.org\/{rel}","templated":true}]}}