{"id":3594,"date":"2025-08-18T19:51:20","date_gmt":"2025-08-18T12:51:20","guid":{"rendered":"http:\/\/biogroupvietnam-worldpress.local\/product\/import-placeholder-for-14\/"},"modified":"2026-03-12T16:39:42","modified_gmt":"2026-03-12T09:39:42","slug":"he-thong-tinh-che-protein-2-buoc-tu-dong","status":"publish","type":"product","link":"https:\/\/biogroupvietnam.com\/en\/product\/fplc-system-for-automated-two-step-purifications\/","title":{"rendered":"FPLC System For Automated Two Step Purifications"},"content":{"rendered":"<p><strong>Gradient capable FPLC system for complex applications including automated two step applications for up to 50 mL\/min<\/strong> <a href=\"https:\/\/www.knauer.net\/fplc-azura-bio-lab-advanced\">AZURA\u00ae Bio Lab Advanced System<\/a> is a gradient system for complex purifications of bio molecules in a laboratory scale. It is designed and optimized for all FPLC applications like affinity, ion exchange, hydrophobic interaction and size exclusion chromatography. All system modules can be freely exchanged and further modules can be added optionally, to give you the best configuration for your purification task. In TwoStep mode, a column selection valve will allow you to switch between a multitude of different columns, which in combination with an optional outlet valve allows even for automated two step purifications.<\/p>\n<h3><strong>Key Features<\/strong><\/h3>\n<ul>\n<li>Flow rate: 0.001\u201350 ml\/min; 0.1 &#8211; 40 ml\/min (recommended)<\/li>\n<li>Maximum system pressure: 240 bar (24.0 MPa)<\/li>\n<li>Injection valve for sample injection via sample loop or sample pump<\/li>\n<li>Sample pump, 0.1 &#8211; 50 ml\/min<\/li>\n<li>Variable multi-wavelength UV detector (190\u2013700 nm)<\/li>\n<li>Conductivity monitor with pH option<\/li>\n<li>Fraction collector for fractionation<\/li>\n<li>Compatible with columns from all vendors<\/li>\n<li>Compatible with SEC, AC, IEX and HIC methods<\/li>\n<li>Intuitive PurityChrom\u00ae software<\/li>\n<li>System suitable for cold room usage<\/li>\n<\/ul>\n","protected":false},"excerpt":{"rendered":"<p>Gradient capable FPLC system for complex applications including automated two step applications for up to 50 mL\/min AZURA\u00ae Bio Lab Advanced System is a gradient system for complex purifications of bio molecules in a laboratory scale. It is designed and optimized for all FPLC applications like affinity, ion exchange, hydrophobic interaction and size exclusion chromatography.<\/p>\n<div class=\"klb-readmore post-buttons\"><a class=\"button rounded primary\" href=\"https:\/\/biogroupvietnam.com\/en\/product\/fplc-system-for-automated-two-step-purifications\/\">Read More <i class=\"klbth-icon-right-arrow\"><\/i><\/a><\/div>\n","protected":false},"featured_media":9988,"comment_status":"closed","ping_status":"closed","template":"","meta":{"_acf_changed":false},"product_brand":[137],"product_cat":[119],"product_tag":[],"class_list":{"0":"post-3594","1":"product","2":"type-product","3":"status-publish","4":"has-post-thumbnail","6":"product_brand-knauer","7":"product_cat-protein-purifications","9":"first","10":"outofstock","11":"shipping-taxable","12":"product-type-simple"},"acf":[],"yoast_head":"<!-- This site is optimized with the Yoast SEO plugin v26.8 - https:\/\/yoast.com\/product\/yoast-seo-wordpress\/ -->\n<title>FPLC System For Automated Two Step Purifications<\/title>\n<meta name=\"description\" content=\"Gradient capable FPLC system for complex applications including automated two step applications for up to 50 mL\/min AZURA\u00ae Bio Lab Advanced System is a gradient system for complex purifications of bio molecules in a laboratory scale. It is designed and optimized for all FPLC applications like affinity, ion exchange, hydrophobic interaction and size exclusion chromatography.&hellip;\" \/>\n<meta name=\"robots\" content=\"index, follow, max-snippet:-1, max-image-preview:large, max-video-preview:-1\" \/>\n<link rel=\"canonical\" href=\"http:\/\/Gradient%20capable%20FPLC%20system%20for%20complex%20applications%20including%20automated%20two%20step%20applications%20for%20up%20to%2050%20mL\/min%20AZURA\u00ae%20Bio%20Lab%20Advanced%20System%20is%20a%20gradient%20system%20for%20complex%20purifications%20of%20bio%20molecules%20in%20a%20laboratory%20scale.%20It%20is%20designed%20and%20optimized%20for%20all%20FPLC%20applications%20like%20affinity,%20ion%20exchange,%20hydrophobic%20interaction%20and%20size%20exclusion%20chromatography.&hellip;\" \/>\n<meta property=\"og:locale\" content=\"en_US\" \/>\n<meta property=\"og:type\" content=\"article\" \/>\n<meta property=\"og:title\" content=\"FPLC System For Automated Two Step Purifications\" \/>\n<meta property=\"og:description\" content=\"Gradient capable FPLC system for complex applications including automated two step applications for up to 50 mL\/min AZURA\u00ae Bio Lab Advanced System is a gradient system for complex purifications of bio molecules in a laboratory scale. It is designed and optimized for all FPLC applications like affinity, ion exchange, hydrophobic interaction and size exclusion chromatography.&hellip;\" \/>\n<meta property=\"og:url\" content=\"https:\/\/biogroupvietnam.com\/en\/product\/fplc-system-for-automated-two-step-purifications\/\" \/>\n<meta property=\"og:site_name\" content=\"Biogroup Vietnam\" \/>\n<meta property=\"article:modified_time\" content=\"2026-03-12T09:39:42+00:00\" \/>\n<meta property=\"og:image\" content=\"https:\/\/biogroupvietnam.com\/wp-content\/uploads\/2025\/08\/he-thong-tinh-che-protein-2-buoc-tu-dong.jpg\" \/>\n\t<meta property=\"og:image:width\" content=\"1640\" \/>\n\t<meta property=\"og:image:height\" content=\"1260\" \/>\n\t<meta property=\"og:image:type\" content=\"image\/jpeg\" \/>\n<meta name=\"twitter:card\" content=\"summary_large_image\" \/>\n<meta name=\"twitter:label1\" content=\"Est. reading time\" \/>\n\t<meta name=\"twitter:data1\" content=\"2 minutes\" \/>\n<script type=\"application\/ld+json\" class=\"yoast-schema-graph\">{\"@context\":\"https:\/\/schema.org\",\"@graph\":[{\"@type\":\"WebPage\",\"@id\":\"https:\/\/biogroupvietnam.com\/en\/product\/fplc-system-for-automated-two-step-purifications\/\",\"url\":\"https:\/\/biogroupvietnam.com\/en\/product\/fplc-system-for-automated-two-step-purifications\/\",\"name\":\"H\u1ec7 Th\u1ed1ng Tinh Ch\u1ebf Protein 2 B\u01b0\u1edbc T\u1ef1 \u0110\u1ed9ng\",\"isPartOf\":{\"@id\":\"https:\/\/biogroupvietnam.com\/vi\/#website\"},\"primaryImageOfPage\":{\"@id\":\"https:\/\/biogroupvietnam.com\/en\/product\/fplc-system-for-automated-two-step-purifications\/#primaryimage\"},\"image\":{\"@id\":\"https:\/\/biogroupvietnam.com\/en\/product\/fplc-system-for-automated-two-step-purifications\/#primaryimage\"},\"thumbnailUrl\":\"https:\/\/biogroupvietnam.com\/wp-content\/uploads\/2025\/08\/he-thong-tinh-che-protein-2-buoc-tu-dong.jpg\",\"datePublished\":\"2025-08-18T12:51:20+00:00\",\"dateModified\":\"2026-03-12T09:39:42+00:00\",\"description\":\"H\u1ec7 th\u1ed1ng S\u1eafc K\u00fd L\u1ecfng Tinh S\u1ea1ch Protein AZURA Bio Lab l\u00e0 m\u1ed9t h\u1ec7 th\u1ed1ng gradient \u1ee9ng d\u1ee5ng tinh ch\u1ebf c\u00e1c ph\u00e2n t\u1eed sinh h\u1ecdc (protein, DNA) \u1edf quy m\u00f4 ph\u00f2ng th\u00ed nghi\u1ec7m.\",\"breadcrumb\":{\"@id\":\"https:\/\/biogroupvietnam.com\/en\/product\/fplc-system-for-automated-two-step-purifications\/#breadcrumb\"},\"inLanguage\":\"en-US\",\"potentialAction\":[{\"@type\":\"ReadAction\",\"target\":[\"https:\/\/biogroupvietnam.com\/en\/product\/fplc-system-for-automated-two-step-purifications\/\"]}]},{\"@type\":\"ImageObject\",\"inLanguage\":\"en-US\",\"@id\":\"https:\/\/biogroupvietnam.com\/en\/product\/fplc-system-for-automated-two-step-purifications\/#primaryimage\",\"url\":\"https:\/\/biogroupvietnam.com\/wp-content\/uploads\/2025\/08\/he-thong-tinh-che-protein-2-buoc-tu-dong.jpg\",\"contentUrl\":\"https:\/\/biogroupvietnam.com\/wp-content\/uploads\/2025\/08\/he-thong-tinh-che-protein-2-buoc-tu-dong.jpg\",\"width\":1640,\"height\":1260,\"caption\":\"H\u1ec7 Th\u1ed1ng Tinh Ch\u1ebf Protein 2 B\u01b0\u1edbc T\u1ef1 \u0110\u1ed9ng\"},{\"@type\":\"BreadcrumbList\",\"@id\":\"https:\/\/biogroupvietnam.com\/en\/product\/fplc-system-for-automated-two-step-purifications\/#breadcrumb\",\"itemListElement\":[{\"@type\":\"ListItem\",\"position\":1,\"name\":\"Biogroup Vietnam | End-to-End Biotechnology Solutions\",\"item\":\"https:\/\/biogroupvietnam.com\/vi\/\"},{\"@type\":\"ListItem\",\"position\":2,\"name\":\"Product\",\"item\":\"https:\/\/biogroupvietnam.com\/vi\/san-pham\/\"},{\"@type\":\"ListItem\",\"position\":3,\"name\":\"Biological R&D\",\"item\":\"https:\/\/biogroupvietnam.com\/vi\/danh-muc-san-pham\/rd-sinh-hoc\/\"},{\"@type\":\"ListItem\",\"position\":4,\"name\":\"Protein Purifications\",\"item\":\"https:\/\/biogroupvietnam.com\/vi\/danh-muc-san-pham\/tinh-che-protein\/\"},{\"@type\":\"ListItem\",\"position\":5,\"name\":\"FPLC System For Automated Two Step Purifications\"}]},{\"@type\":\"WebSite\",\"@id\":\"https:\/\/biogroupvietnam.com\/en\/vi\/#website\",\"url\":\"https:\/\/biogroupvietnam.com\/en\/vi\/\",\"name\":\"Biogroup Vietnam\",\"description\":\"Biogroup Vietnam cung c\u1ea5p d\u1ecbch v\u1ee5 k\u1ef9 thu\u1eadt c\u00f9ng thi\u1ebft b\u1ecb, v\u1eadt t\u01b0, h\u00f3a ch\u1ea5t v\u00e0 gi\u1ea3i ph\u00e1p sinh h\u1ecdc cho ph\u00f2ng th\u00ed nghi\u1ec7m c\u00f4ng ngh\u1ec7 sinh h\u1ecdc, y sinh v\u00e0 y h\u1ecdc t\u00e1i t\u1ea1o.\",\"potentialAction\":[{\"@type\":\"SearchAction\",\"target\":{\"@type\":\"EntryPoint\",\"urlTemplate\":\"https:\/\/biogroupvietnam.com\/en\/vi\/?s={search_term_string}\"},\"query-input\":{\"@type\":\"PropertyValueSpecification\",\"valueRequired\":true,\"valueName\":\"search_term_string\"}}],\"inLanguage\":\"en-US\"}]}<\/script>\n<!-- \/ Yoast SEO plugin. -->","yoast_head_json":{"title":"FPLC System For Automated Two Step Purifications","description":"Gradient capable FPLC system for complex applications including automated two step applications for up to 50 mL\/min AZURA\u00ae Bio Lab Advanced System is a gradient system for complex purifications of bio molecules in a laboratory scale. It is designed and optimized for all FPLC applications like affinity, ion exchange, hydrophobic interaction and size exclusion chromatography.&hellip;","robots":{"index":"index","follow":"follow","max-snippet":"max-snippet:-1","max-image-preview":"max-image-preview:large","max-video-preview":"max-video-preview:-1"},"canonical":"Gradient capable FPLC system for complex applications including automated two step applications for up to 50 mL\/min AZURA\u00ae Bio Lab Advanced System is a gradient system for complex purifications of bio molecules in a laboratory scale. It is designed and optimized for all FPLC applications like affinity, ion exchange, hydrophobic interaction and size exclusion chromatography.&hellip;","og_locale":"en_US","og_type":"article","og_title":"FPLC System For Automated Two Step Purifications","og_description":"Gradient capable FPLC system for complex applications including automated two step applications for up to 50 mL\/min AZURA\u00ae Bio Lab Advanced System is a gradient system for complex purifications of bio molecules in a laboratory scale. It is designed and optimized for all FPLC applications like affinity, ion exchange, hydrophobic interaction and size exclusion chromatography.&hellip;","og_url":"https:\/\/biogroupvietnam.com\/en\/product\/fplc-system-for-automated-two-step-purifications\/","og_site_name":"Biogroup Vietnam","article_modified_time":"2026-03-12T09:39:42+00:00","og_image":[{"width":1640,"height":1260,"url":"https:\/\/biogroupvietnam.com\/wp-content\/uploads\/2025\/08\/he-thong-tinh-che-protein-2-buoc-tu-dong.jpg","type":"image\/jpeg"}],"twitter_card":"summary_large_image","twitter_misc":{"Est. reading time":"2 minutes"},"schema":{"@context":"https:\/\/schema.org","@graph":[{"@type":"WebPage","@id":"https:\/\/biogroupvietnam.com\/en\/product\/fplc-system-for-automated-two-step-purifications\/","url":"https:\/\/biogroupvietnam.com\/en\/product\/fplc-system-for-automated-two-step-purifications\/","name":"H\u1ec7 Th\u1ed1ng Tinh Ch\u1ebf Protein 2 B\u01b0\u1edbc T\u1ef1 \u0110\u1ed9ng","isPartOf":{"@id":"https:\/\/biogroupvietnam.com\/vi\/#website"},"primaryImageOfPage":{"@id":"https:\/\/biogroupvietnam.com\/en\/product\/fplc-system-for-automated-two-step-purifications\/#primaryimage"},"image":{"@id":"https:\/\/biogroupvietnam.com\/en\/product\/fplc-system-for-automated-two-step-purifications\/#primaryimage"},"thumbnailUrl":"https:\/\/biogroupvietnam.com\/wp-content\/uploads\/2025\/08\/he-thong-tinh-che-protein-2-buoc-tu-dong.jpg","datePublished":"2025-08-18T12:51:20+00:00","dateModified":"2026-03-12T09:39:42+00:00","description":"H\u1ec7 th\u1ed1ng S\u1eafc K\u00fd L\u1ecfng Tinh S\u1ea1ch Protein AZURA Bio Lab l\u00e0 m\u1ed9t h\u1ec7 th\u1ed1ng gradient \u1ee9ng d\u1ee5ng tinh ch\u1ebf c\u00e1c ph\u00e2n t\u1eed sinh h\u1ecdc (protein, DNA) \u1edf quy m\u00f4 ph\u00f2ng th\u00ed nghi\u1ec7m.","breadcrumb":{"@id":"https:\/\/biogroupvietnam.com\/en\/product\/fplc-system-for-automated-two-step-purifications\/#breadcrumb"},"inLanguage":"en-US","potentialAction":[{"@type":"ReadAction","target":["https:\/\/biogroupvietnam.com\/en\/product\/fplc-system-for-automated-two-step-purifications\/"]}]},{"@type":"ImageObject","inLanguage":"en-US","@id":"https:\/\/biogroupvietnam.com\/en\/product\/fplc-system-for-automated-two-step-purifications\/#primaryimage","url":"https:\/\/biogroupvietnam.com\/wp-content\/uploads\/2025\/08\/he-thong-tinh-che-protein-2-buoc-tu-dong.jpg","contentUrl":"https:\/\/biogroupvietnam.com\/wp-content\/uploads\/2025\/08\/he-thong-tinh-che-protein-2-buoc-tu-dong.jpg","width":1640,"height":1260,"caption":"H\u1ec7 Th\u1ed1ng Tinh Ch\u1ebf Protein 2 B\u01b0\u1edbc T\u1ef1 \u0110\u1ed9ng"},{"@type":"BreadcrumbList","@id":"https:\/\/biogroupvietnam.com\/en\/product\/fplc-system-for-automated-two-step-purifications\/#breadcrumb","itemListElement":[{"@type":"ListItem","position":1,"name":"Biogroup Vietnam | End-to-End Biotechnology Solutions","item":"https:\/\/biogroupvietnam.com\/vi\/"},{"@type":"ListItem","position":2,"name":"Product","item":"https:\/\/biogroupvietnam.com\/vi\/san-pham\/"},{"@type":"ListItem","position":3,"name":"Biological R&D","item":"https:\/\/biogroupvietnam.com\/vi\/danh-muc-san-pham\/rd-sinh-hoc\/"},{"@type":"ListItem","position":4,"name":"Protein Purifications","item":"https:\/\/biogroupvietnam.com\/vi\/danh-muc-san-pham\/tinh-che-protein\/"},{"@type":"ListItem","position":5,"name":"FPLC System For Automated Two Step Purifications"}]},{"@type":"WebSite","@id":"https:\/\/biogroupvietnam.com\/en\/vi\/#website","url":"https:\/\/biogroupvietnam.com\/en\/vi\/","name":"Biogroup Vietnam","description":"Biogroup Vietnam cung c\u1ea5p d\u1ecbch v\u1ee5 k\u1ef9 thu\u1eadt c\u00f9ng thi\u1ebft b\u1ecb, v\u1eadt t\u01b0, h\u00f3a ch\u1ea5t v\u00e0 gi\u1ea3i ph\u00e1p sinh h\u1ecdc cho ph\u00f2ng th\u00ed nghi\u1ec7m c\u00f4ng ngh\u1ec7 sinh h\u1ecdc, y sinh v\u00e0 y h\u1ecdc t\u00e1i t\u1ea1o.","potentialAction":[{"@type":"SearchAction","target":{"@type":"EntryPoint","urlTemplate":"https:\/\/biogroupvietnam.com\/en\/vi\/?s={search_term_string}"},"query-input":{"@type":"PropertyValueSpecification","valueRequired":true,"valueName":"search_term_string"}}],"inLanguage":"en-US"}]}},"_links":{"self":[{"href":"https:\/\/biogroupvietnam.com\/en\/wp-json\/wp\/v2\/product\/3594","targetHints":{"allow":["GET"]}}],"collection":[{"href":"https:\/\/biogroupvietnam.com\/en\/wp-json\/wp\/v2\/product"}],"about":[{"href":"https:\/\/biogroupvietnam.com\/en\/wp-json\/wp\/v2\/types\/product"}],"replies":[{"embeddable":true,"href":"https:\/\/biogroupvietnam.com\/en\/wp-json\/wp\/v2\/comments?post=3594"}],"version-history":[{"count":4,"href":"https:\/\/biogroupvietnam.com\/en\/wp-json\/wp\/v2\/product\/3594\/revisions"}],"predecessor-version":[{"id":9989,"href":"https:\/\/biogroupvietnam.com\/en\/wp-json\/wp\/v2\/product\/3594\/revisions\/9989"}],"wp:featuredmedia":[{"embeddable":true,"href":"https:\/\/biogroupvietnam.com\/en\/wp-json\/wp\/v2\/media\/9988"}],"wp:attachment":[{"href":"https:\/\/biogroupvietnam.com\/en\/wp-json\/wp\/v2\/media?parent=3594"}],"wp:term":[{"taxonomy":"product_brand","embeddable":true,"href":"https:\/\/biogroupvietnam.com\/en\/wp-json\/wp\/v2\/product_brand?post=3594"},{"taxonomy":"product_cat","embeddable":true,"href":"https:\/\/biogroupvietnam.com\/en\/wp-json\/wp\/v2\/product_cat?post=3594"},{"taxonomy":"product_tag","embeddable":true,"href":"https:\/\/biogroupvietnam.com\/en\/wp-json\/wp\/v2\/product_tag?post=3594"}],"curies":[{"name":"wp","href":"https:\/\/api.w.org\/{rel}","templated":true}]}}