{"id":3595,"date":"2025-08-18T19:51:21","date_gmt":"2025-08-18T12:51:21","guid":{"rendered":"http:\/\/biogroupvietnam-worldpress.local\/product\/import-placeholder-for-15\/"},"modified":"2026-03-12T16:31:19","modified_gmt":"2026-03-12T09:31:19","slug":"he-thong-sac-ky-loc-gel","status":"publish","type":"product","link":"https:\/\/biogroupvietnam.com\/en\/product\/isocratic-fplc-system-for-size-exclusion-chromatography-sec\/","title":{"rendered":"Isocratic FPLC System For Size Exclusion Chromatography (SEC)"},"content":{"rendered":"<p><a href=\"https:\/\/www.knauer.net\/fplc-azura-bio-sec\">The AZURA\u00ae Bio compact SEC system<\/a> takes care of time-intensive SEC methods in your lab without blocking your fully-equipped FPLC system. Thanks to its compact design and intuitive FPLC software PurityChrom\u00ae, the system offers outstanding performance and ease of use. Pre-designed methods are included in the software and can be easily adapted by changing the column volume. AZURA Compact SEC supports all columns available on the market. The AZURA series is modular and can be flexibly configured or supplemented with further modules, e.g. for injection using a sample pump.<\/p>\n<p><strong>Key features<\/strong><\/p>\n<ul>\n<li>Flow rate: 0.001\u201310 ml\/min; 0.1 &#8211; 8.0 ml\/min (recommended)<\/li>\n<li>Maximum system pressure: 50 bar (5.0 MPa)<\/li>\n<li>Injection valve for sample injection via sample loop<\/li>\n<li>Variable single wavelength UV detector (190\u2013500 nm)<\/li>\n<li>Fraction collector for fractionation<\/li>\n<li>Compatible with columns from all vendors<\/li>\n<li>Intuitive PurityChrom\u00ae software<\/li>\n<li>System suitable for cold room usage<\/li>\n<li>Easily upgradeable to automatic sampling system<\/li>\n<\/ul>\n","protected":false},"excerpt":{"rendered":"<p>The AZURA\u00ae Bio compact SEC system takes care of time-intensive SEC methods in your lab without blocking your fully-equipped FPLC system. Thanks to its compact design and intuitive FPLC software PurityChrom\u00ae, the system offers outstanding performance and ease of use. Pre-designed methods are included in the software and can be easily adapted by changing the<\/p>\n<div class=\"klb-readmore post-buttons\"><a class=\"button rounded primary\" href=\"https:\/\/biogroupvietnam.com\/en\/product\/isocratic-fplc-system-for-size-exclusion-chromatography-sec\/\">Read More <i class=\"klbth-icon-right-arrow\"><\/i><\/a><\/div>\n","protected":false},"featured_media":9982,"comment_status":"closed","ping_status":"closed","template":"","meta":{"_acf_changed":false},"product_brand":[137],"product_cat":[119],"product_tag":[],"class_list":{"0":"post-3595","1":"product","2":"type-product","3":"status-publish","4":"has-post-thumbnail","6":"product_brand-knauer","7":"product_cat-protein-purifications","9":"first","10":"outofstock","11":"shipping-taxable","12":"product-type-simple"},"acf":[],"yoast_head":"<!-- This site is optimized with the Yoast SEO plugin v26.8 - https:\/\/yoast.com\/product\/yoast-seo-wordpress\/ -->\n<title>Isocratic FPLC System For Size Exclusion Chromatography (SEC)<\/title>\n<meta name=\"description\" content=\"The AZURA\u00ae Bio compact SEC system takes care of time-intensive SEC methods in your lab without blocking your fully-equipped FPLC system. Thanks to its compact design and intuitive FPLC software PurityChrom\u00ae, the system offers outstanding performance and ease of use. Pre-designed methods are included in the software and can be easily adapted by changing the&hellip;\" \/>\n<meta name=\"robots\" content=\"index, follow, max-snippet:-1, max-image-preview:large, max-video-preview:-1\" \/>\n<link rel=\"canonical\" href=\"http:\/\/The%20AZURA\u00ae%20Bio%20compact%20SEC%20system%20takes%20care%20of%20time-intensive%20SEC%20methods%20in%20your%20lab%20without%20blocking%20your%20fully-equipped%20FPLC%20system.%20Thanks%20to%20its%20compact%20design%20and%20intuitive%20FPLC%20software%20PurityChrom\u00ae,%20the%20system%20offers%20outstanding%20performance%20and%20ease%20of%20use.%20Pre-designed%20methods%20are%20included%20in%20the%20software%20and%20can%20be%20easily%20adapted%20by%20changing%20the&hellip;\" \/>\n<meta property=\"og:locale\" content=\"en_US\" \/>\n<meta property=\"og:type\" content=\"article\" \/>\n<meta property=\"og:title\" content=\"Isocratic FPLC System For Size Exclusion Chromatography (SEC)\" \/>\n<meta property=\"og:description\" content=\"The AZURA\u00ae Bio compact SEC system takes care of time-intensive SEC methods in your lab without blocking your fully-equipped FPLC system. Thanks to its compact design and intuitive FPLC software PurityChrom\u00ae, the system offers outstanding performance and ease of use. Pre-designed methods are included in the software and can be easily adapted by changing the&hellip;\" \/>\n<meta property=\"og:url\" content=\"https:\/\/biogroupvietnam.com\/en\/product\/isocratic-fplc-system-for-size-exclusion-chromatography-sec\/\" \/>\n<meta property=\"og:site_name\" content=\"Biogroup Vietnam\" \/>\n<meta property=\"article:modified_time\" content=\"2026-03-12T09:31:19+00:00\" \/>\n<meta property=\"og:image\" content=\"https:\/\/biogroupvietnam.com\/wp-content\/uploads\/2025\/08\/he-thong-sac-ky-loc-gel-azura-bio-compact-sec.jpg\" \/>\n\t<meta property=\"og:image:width\" content=\"1640\" \/>\n\t<meta property=\"og:image:height\" content=\"1260\" \/>\n\t<meta property=\"og:image:type\" content=\"image\/jpeg\" \/>\n<meta name=\"twitter:card\" content=\"summary_large_image\" \/>\n<meta name=\"twitter:label1\" content=\"Est. reading time\" \/>\n\t<meta name=\"twitter:data1\" content=\"2 minutes\" \/>\n<script type=\"application\/ld+json\" class=\"yoast-schema-graph\">{\"@context\":\"https:\/\/schema.org\",\"@graph\":[{\"@type\":\"WebPage\",\"@id\":\"https:\/\/biogroupvietnam.com\/en\/product\/isocratic-fplc-system-for-size-exclusion-chromatography-sec\/\",\"url\":\"https:\/\/biogroupvietnam.com\/en\/product\/isocratic-fplc-system-for-size-exclusion-chromatography-sec\/\",\"name\":\"H\u1ec7 Th\u1ed1ng S\u1eafc K\u00fd L\u1ecdc Gel AZURA\u00ae Bio compact SEC\",\"isPartOf\":{\"@id\":\"https:\/\/biogroupvietnam.com\/vi\/#website\"},\"primaryImageOfPage\":{\"@id\":\"https:\/\/biogroupvietnam.com\/en\/product\/isocratic-fplc-system-for-size-exclusion-chromatography-sec\/#primaryimage\"},\"image\":{\"@id\":\"https:\/\/biogroupvietnam.com\/en\/product\/isocratic-fplc-system-for-size-exclusion-chromatography-sec\/#primaryimage\"},\"thumbnailUrl\":\"https:\/\/biogroupvietnam.com\/wp-content\/uploads\/2025\/08\/he-thong-sac-ky-loc-gel-azura-bio-compact-sec.jpg\",\"datePublished\":\"2025-08-18T12:51:21+00:00\",\"dateModified\":\"2026-03-12T09:31:19+00:00\",\"description\":\"H\u1ec7 th\u1ed1ng s\u1eafc k\u00fd l\u1ecdc gel AZURA\u00ae Bio compact SEC \u0111\u01b0\u1ee3c thi\u1ebft k\u1ebf chuy\u00ean th\u1ef1c hi\u1ec7n s\u1eafc k\u00fd l\u1ecdc gel, kh\u00f4ng \u1ea3nh h\u01b0\u1edfng h\u1ec7 th\u1ed1ng tinh ch\u1ebf protein \u0111a ch\u1ee9c n\u0103ng v\u00e0 gi\u00fap ti\u1ebft ki\u1ec7m chi ph\u00ed \u0111\u1ea7u t\u01b0, v\u1eadn h\u00e0nh ph\u00f2ng th\u00ed nghi\u1ec7m.\",\"breadcrumb\":{\"@id\":\"https:\/\/biogroupvietnam.com\/en\/product\/isocratic-fplc-system-for-size-exclusion-chromatography-sec\/#breadcrumb\"},\"inLanguage\":\"en-US\",\"potentialAction\":[{\"@type\":\"ReadAction\",\"target\":[\"https:\/\/biogroupvietnam.com\/en\/product\/isocratic-fplc-system-for-size-exclusion-chromatography-sec\/\"]}]},{\"@type\":\"ImageObject\",\"inLanguage\":\"en-US\",\"@id\":\"https:\/\/biogroupvietnam.com\/en\/product\/isocratic-fplc-system-for-size-exclusion-chromatography-sec\/#primaryimage\",\"url\":\"https:\/\/biogroupvietnam.com\/wp-content\/uploads\/2025\/08\/he-thong-sac-ky-loc-gel-azura-bio-compact-sec.jpg\",\"contentUrl\":\"https:\/\/biogroupvietnam.com\/wp-content\/uploads\/2025\/08\/he-thong-sac-ky-loc-gel-azura-bio-compact-sec.jpg\",\"width\":1640,\"height\":1260,\"caption\":\"H\u1ec7 Th\u1ed1ng S\u1eafc K\u00fd L\u1ecdc Gel AZURA\u00ae Bio compact SEC\"},{\"@type\":\"BreadcrumbList\",\"@id\":\"https:\/\/biogroupvietnam.com\/en\/product\/isocratic-fplc-system-for-size-exclusion-chromatography-sec\/#breadcrumb\",\"itemListElement\":[{\"@type\":\"ListItem\",\"position\":1,\"name\":\"Biogroup Vietnam | End-to-End Biotechnology Solutions\",\"item\":\"https:\/\/biogroupvietnam.com\/vi\/\"},{\"@type\":\"ListItem\",\"position\":2,\"name\":\"Product\",\"item\":\"https:\/\/biogroupvietnam.com\/vi\/san-pham\/\"},{\"@type\":\"ListItem\",\"position\":3,\"name\":\"Biological R&D\",\"item\":\"https:\/\/biogroupvietnam.com\/vi\/danh-muc-san-pham\/rd-sinh-hoc\/\"},{\"@type\":\"ListItem\",\"position\":4,\"name\":\"Protein Purifications\",\"item\":\"https:\/\/biogroupvietnam.com\/vi\/danh-muc-san-pham\/tinh-che-protein\/\"},{\"@type\":\"ListItem\",\"position\":5,\"name\":\"Isocratic FPLC System For Size Exclusion Chromatography (SEC)\"}]},{\"@type\":\"WebSite\",\"@id\":\"https:\/\/biogroupvietnam.com\/en\/vi\/#website\",\"url\":\"https:\/\/biogroupvietnam.com\/en\/vi\/\",\"name\":\"Biogroup Vietnam\",\"description\":\"Biogroup Vietnam cung c\u1ea5p d\u1ecbch v\u1ee5 k\u1ef9 thu\u1eadt c\u00f9ng thi\u1ebft b\u1ecb, v\u1eadt t\u01b0, h\u00f3a ch\u1ea5t v\u00e0 gi\u1ea3i ph\u00e1p sinh h\u1ecdc cho ph\u00f2ng th\u00ed nghi\u1ec7m c\u00f4ng ngh\u1ec7 sinh h\u1ecdc, y sinh v\u00e0 y h\u1ecdc t\u00e1i t\u1ea1o.\",\"potentialAction\":[{\"@type\":\"SearchAction\",\"target\":{\"@type\":\"EntryPoint\",\"urlTemplate\":\"https:\/\/biogroupvietnam.com\/en\/vi\/?s={search_term_string}\"},\"query-input\":{\"@type\":\"PropertyValueSpecification\",\"valueRequired\":true,\"valueName\":\"search_term_string\"}}],\"inLanguage\":\"en-US\"}]}<\/script>\n<!-- \/ Yoast SEO plugin. -->","yoast_head_json":{"title":"Isocratic FPLC System For Size Exclusion Chromatography (SEC)","description":"The AZURA\u00ae Bio compact SEC system takes care of time-intensive SEC methods in your lab without blocking your fully-equipped FPLC system. Thanks to its compact design and intuitive FPLC software PurityChrom\u00ae, the system offers outstanding performance and ease of use. Pre-designed methods are included in the software and can be easily adapted by changing the&hellip;","robots":{"index":"index","follow":"follow","max-snippet":"max-snippet:-1","max-image-preview":"max-image-preview:large","max-video-preview":"max-video-preview:-1"},"canonical":"The AZURA\u00ae Bio compact SEC system takes care of time-intensive SEC methods in your lab without blocking your fully-equipped FPLC system. Thanks to its compact design and intuitive FPLC software PurityChrom\u00ae, the system offers outstanding performance and ease of use. Pre-designed methods are included in the software and can be easily adapted by changing the&hellip;","og_locale":"en_US","og_type":"article","og_title":"Isocratic FPLC System For Size Exclusion Chromatography (SEC)","og_description":"The AZURA\u00ae Bio compact SEC system takes care of time-intensive SEC methods in your lab without blocking your fully-equipped FPLC system. Thanks to its compact design and intuitive FPLC software PurityChrom\u00ae, the system offers outstanding performance and ease of use. Pre-designed methods are included in the software and can be easily adapted by changing the&hellip;","og_url":"https:\/\/biogroupvietnam.com\/en\/product\/isocratic-fplc-system-for-size-exclusion-chromatography-sec\/","og_site_name":"Biogroup Vietnam","article_modified_time":"2026-03-12T09:31:19+00:00","og_image":[{"width":1640,"height":1260,"url":"https:\/\/biogroupvietnam.com\/wp-content\/uploads\/2025\/08\/he-thong-sac-ky-loc-gel-azura-bio-compact-sec.jpg","type":"image\/jpeg"}],"twitter_card":"summary_large_image","twitter_misc":{"Est. reading time":"2 minutes"},"schema":{"@context":"https:\/\/schema.org","@graph":[{"@type":"WebPage","@id":"https:\/\/biogroupvietnam.com\/en\/product\/isocratic-fplc-system-for-size-exclusion-chromatography-sec\/","url":"https:\/\/biogroupvietnam.com\/en\/product\/isocratic-fplc-system-for-size-exclusion-chromatography-sec\/","name":"H\u1ec7 Th\u1ed1ng S\u1eafc K\u00fd L\u1ecdc Gel AZURA\u00ae Bio compact SEC","isPartOf":{"@id":"https:\/\/biogroupvietnam.com\/vi\/#website"},"primaryImageOfPage":{"@id":"https:\/\/biogroupvietnam.com\/en\/product\/isocratic-fplc-system-for-size-exclusion-chromatography-sec\/#primaryimage"},"image":{"@id":"https:\/\/biogroupvietnam.com\/en\/product\/isocratic-fplc-system-for-size-exclusion-chromatography-sec\/#primaryimage"},"thumbnailUrl":"https:\/\/biogroupvietnam.com\/wp-content\/uploads\/2025\/08\/he-thong-sac-ky-loc-gel-azura-bio-compact-sec.jpg","datePublished":"2025-08-18T12:51:21+00:00","dateModified":"2026-03-12T09:31:19+00:00","description":"H\u1ec7 th\u1ed1ng s\u1eafc k\u00fd l\u1ecdc gel AZURA\u00ae Bio compact SEC \u0111\u01b0\u1ee3c thi\u1ebft k\u1ebf chuy\u00ean th\u1ef1c hi\u1ec7n s\u1eafc k\u00fd l\u1ecdc gel, kh\u00f4ng \u1ea3nh h\u01b0\u1edfng h\u1ec7 th\u1ed1ng tinh ch\u1ebf protein \u0111a ch\u1ee9c n\u0103ng v\u00e0 gi\u00fap ti\u1ebft ki\u1ec7m chi ph\u00ed \u0111\u1ea7u t\u01b0, v\u1eadn h\u00e0nh ph\u00f2ng th\u00ed nghi\u1ec7m.","breadcrumb":{"@id":"https:\/\/biogroupvietnam.com\/en\/product\/isocratic-fplc-system-for-size-exclusion-chromatography-sec\/#breadcrumb"},"inLanguage":"en-US","potentialAction":[{"@type":"ReadAction","target":["https:\/\/biogroupvietnam.com\/en\/product\/isocratic-fplc-system-for-size-exclusion-chromatography-sec\/"]}]},{"@type":"ImageObject","inLanguage":"en-US","@id":"https:\/\/biogroupvietnam.com\/en\/product\/isocratic-fplc-system-for-size-exclusion-chromatography-sec\/#primaryimage","url":"https:\/\/biogroupvietnam.com\/wp-content\/uploads\/2025\/08\/he-thong-sac-ky-loc-gel-azura-bio-compact-sec.jpg","contentUrl":"https:\/\/biogroupvietnam.com\/wp-content\/uploads\/2025\/08\/he-thong-sac-ky-loc-gel-azura-bio-compact-sec.jpg","width":1640,"height":1260,"caption":"H\u1ec7 Th\u1ed1ng S\u1eafc K\u00fd L\u1ecdc Gel AZURA\u00ae Bio compact SEC"},{"@type":"BreadcrumbList","@id":"https:\/\/biogroupvietnam.com\/en\/product\/isocratic-fplc-system-for-size-exclusion-chromatography-sec\/#breadcrumb","itemListElement":[{"@type":"ListItem","position":1,"name":"Biogroup Vietnam | End-to-End Biotechnology Solutions","item":"https:\/\/biogroupvietnam.com\/vi\/"},{"@type":"ListItem","position":2,"name":"Product","item":"https:\/\/biogroupvietnam.com\/vi\/san-pham\/"},{"@type":"ListItem","position":3,"name":"Biological R&D","item":"https:\/\/biogroupvietnam.com\/vi\/danh-muc-san-pham\/rd-sinh-hoc\/"},{"@type":"ListItem","position":4,"name":"Protein Purifications","item":"https:\/\/biogroupvietnam.com\/vi\/danh-muc-san-pham\/tinh-che-protein\/"},{"@type":"ListItem","position":5,"name":"Isocratic FPLC System For Size Exclusion Chromatography (SEC)"}]},{"@type":"WebSite","@id":"https:\/\/biogroupvietnam.com\/en\/vi\/#website","url":"https:\/\/biogroupvietnam.com\/en\/vi\/","name":"Biogroup Vietnam","description":"Biogroup Vietnam cung c\u1ea5p d\u1ecbch v\u1ee5 k\u1ef9 thu\u1eadt c\u00f9ng thi\u1ebft b\u1ecb, v\u1eadt t\u01b0, h\u00f3a ch\u1ea5t v\u00e0 gi\u1ea3i ph\u00e1p sinh h\u1ecdc cho ph\u00f2ng th\u00ed nghi\u1ec7m c\u00f4ng ngh\u1ec7 sinh h\u1ecdc, y sinh v\u00e0 y h\u1ecdc t\u00e1i t\u1ea1o.","potentialAction":[{"@type":"SearchAction","target":{"@type":"EntryPoint","urlTemplate":"https:\/\/biogroupvietnam.com\/en\/vi\/?s={search_term_string}"},"query-input":{"@type":"PropertyValueSpecification","valueRequired":true,"valueName":"search_term_string"}}],"inLanguage":"en-US"}]}},"_links":{"self":[{"href":"https:\/\/biogroupvietnam.com\/en\/wp-json\/wp\/v2\/product\/3595","targetHints":{"allow":["GET"]}}],"collection":[{"href":"https:\/\/biogroupvietnam.com\/en\/wp-json\/wp\/v2\/product"}],"about":[{"href":"https:\/\/biogroupvietnam.com\/en\/wp-json\/wp\/v2\/types\/product"}],"replies":[{"embeddable":true,"href":"https:\/\/biogroupvietnam.com\/en\/wp-json\/wp\/v2\/comments?post=3595"}],"version-history":[{"count":5,"href":"https:\/\/biogroupvietnam.com\/en\/wp-json\/wp\/v2\/product\/3595\/revisions"}],"predecessor-version":[{"id":9983,"href":"https:\/\/biogroupvietnam.com\/en\/wp-json\/wp\/v2\/product\/3595\/revisions\/9983"}],"wp:featuredmedia":[{"embeddable":true,"href":"https:\/\/biogroupvietnam.com\/en\/wp-json\/wp\/v2\/media\/9982"}],"wp:attachment":[{"href":"https:\/\/biogroupvietnam.com\/en\/wp-json\/wp\/v2\/media?parent=3595"}],"wp:term":[{"taxonomy":"product_brand","embeddable":true,"href":"https:\/\/biogroupvietnam.com\/en\/wp-json\/wp\/v2\/product_brand?post=3595"},{"taxonomy":"product_cat","embeddable":true,"href":"https:\/\/biogroupvietnam.com\/en\/wp-json\/wp\/v2\/product_cat?post=3595"},{"taxonomy":"product_tag","embeddable":true,"href":"https:\/\/biogroupvietnam.com\/en\/wp-json\/wp\/v2\/product_tag?post=3595"}],"curies":[{"name":"wp","href":"https:\/\/api.w.org\/{rel}","templated":true}]}}