{"id":3601,"date":"2025-08-18T19:51:22","date_gmt":"2025-08-18T12:51:22","guid":{"rendered":"http:\/\/biogroupvietnam-worldpress.local\/product\/import-placeholder-for-21\/"},"modified":"2025-11-18T09:24:06","modified_gmt":"2025-11-18T02:24:06","slug":"bo-tui-xu-ly-axp","status":"publish","type":"product","link":"https:\/\/biogroupvietnam.com\/en\/product\/axp-processing-bag-set\/","title":{"rendered":"AXP Processing Bag Set"},"content":{"rendered":"<p>The disposable AXP processing bag set is a functionally closed system with a sterile, nonpyrogenic fluid path.<\/p>\n","protected":false},"excerpt":{"rendered":"<p>The disposable AXP processing bag set is a functionally closed system with a sterile, nonpyrogenic fluid path.<\/p>\n","protected":false},"featured_media":9030,"comment_status":"closed","ping_status":"closed","template":"","meta":{"_acf_changed":false},"product_brand":[80],"product_cat":[81],"product_tag":[],"class_list":{"0":"post-3601","1":"product","2":"type-product","3":"status-publish","4":"has-post-thumbnail","6":"product_brand-thermogenesis","7":"product_cat-automated-cord-blood-processing","9":"first","10":"outofstock","11":"shipping-taxable","12":"product-type-simple"},"acf":[],"yoast_head":"<!-- This site is optimized with the Yoast SEO plugin v26.8 - https:\/\/yoast.com\/product\/yoast-seo-wordpress\/ -->\n<title>AXP Processing Bag Set<\/title>\n<meta name=\"description\" content=\"The disposable AXP processing bag set is a functionally closed system with a sterile, nonpyrogenic fluid path.\" \/>\n<meta name=\"robots\" content=\"index, follow, max-snippet:-1, max-image-preview:large, max-video-preview:-1\" \/>\n<link rel=\"canonical\" href=\"http:\/\/The%20disposable%20AXP%20processing%20bag%20set%20is%20a%20functionally%20closed%20system%20with%20a%20sterile,%20nonpyrogenic%20fluid%20path.\" \/>\n<meta property=\"og:locale\" content=\"en_US\" \/>\n<meta property=\"og:type\" content=\"article\" \/>\n<meta property=\"og:title\" content=\"AXP Processing Bag Set\" \/>\n<meta property=\"og:description\" content=\"The disposable AXP processing bag set is a functionally closed system with a sterile, nonpyrogenic fluid path.\" \/>\n<meta property=\"og:url\" content=\"https:\/\/biogroupvietnam.com\/en\/product\/axp-processing-bag-set\/\" \/>\n<meta property=\"og:site_name\" content=\"Biogroup Vietnam\" \/>\n<meta property=\"article:modified_time\" content=\"2025-11-18T02:24:06+00:00\" \/>\n<meta property=\"og:image\" content=\"https:\/\/biogroupvietnam.com\/wp-content\/uploads\/2025\/08\/AXP-Processing-Bag-Set.jpg\" \/>\n\t<meta property=\"og:image:width\" content=\"1640\" \/>\n\t<meta property=\"og:image:height\" content=\"1260\" \/>\n\t<meta property=\"og:image:type\" content=\"image\/jpeg\" \/>\n<meta name=\"twitter:card\" content=\"summary_large_image\" \/>\n<meta name=\"twitter:label1\" content=\"Est. reading time\" \/>\n\t<meta name=\"twitter:data1\" content=\"3 minutes\" \/>\n<script type=\"application\/ld+json\" class=\"yoast-schema-graph\">{\"@context\":\"https:\/\/schema.org\",\"@graph\":[{\"@type\":\"WebPage\",\"@id\":\"https:\/\/biogroupvietnam.com\/en\/product\/axp-processing-bag-set\/\",\"url\":\"https:\/\/biogroupvietnam.com\/en\/product\/axp-processing-bag-set\/\",\"name\":\"B\u1ed9 T\u00fai X\u1eed L\u00fd AXP\",\"isPartOf\":{\"@id\":\"https:\/\/biogroupvietnam.com\/vi\/#website\"},\"primaryImageOfPage\":{\"@id\":\"https:\/\/biogroupvietnam.com\/en\/product\/axp-processing-bag-set\/#primaryimage\"},\"image\":{\"@id\":\"https:\/\/biogroupvietnam.com\/en\/product\/axp-processing-bag-set\/#primaryimage\"},\"thumbnailUrl\":\"https:\/\/biogroupvietnam.com\/wp-content\/uploads\/2025\/08\/AXP-Processing-Bag-Set.jpg\",\"datePublished\":\"2025-08-18T12:51:22+00:00\",\"dateModified\":\"2025-11-18T02:24:06+00:00\",\"description\":\"B\u1ed9 t\u00fai x\u1eed l\u00fd AXP\u00a0\u0111\u01b0\u1ee3c thi\u1ebft k\u1ebf d\u00f9ng v\u1edbi h\u1ec7 th\u1ed1ng AXP II x\u1eed l\u00fd m\u00e1u cu\u1ed1ng r\u1ed1n t\u1ef1 \u0111\u1ed9ng, kh\u00e9p k\u00edn v\u00e0 v\u00f4 tr\u00f9ng.\",\"breadcrumb\":{\"@id\":\"https:\/\/biogroupvietnam.com\/en\/product\/axp-processing-bag-set\/#breadcrumb\"},\"inLanguage\":\"en-US\",\"potentialAction\":[{\"@type\":\"ReadAction\",\"target\":[\"https:\/\/biogroupvietnam.com\/en\/product\/axp-processing-bag-set\/\"]}]},{\"@type\":\"ImageObject\",\"inLanguage\":\"en-US\",\"@id\":\"https:\/\/biogroupvietnam.com\/en\/product\/axp-processing-bag-set\/#primaryimage\",\"url\":\"https:\/\/biogroupvietnam.com\/wp-content\/uploads\/2025\/08\/AXP-Processing-Bag-Set.jpg\",\"contentUrl\":\"https:\/\/biogroupvietnam.com\/wp-content\/uploads\/2025\/08\/AXP-Processing-Bag-Set.jpg\",\"width\":1640,\"height\":1260},{\"@type\":\"BreadcrumbList\",\"@id\":\"https:\/\/biogroupvietnam.com\/en\/product\/axp-processing-bag-set\/#breadcrumb\",\"itemListElement\":[{\"@type\":\"ListItem\",\"position\":1,\"name\":\"Biogroup Vietnam | End-to-End Biotechnology Solutions\",\"item\":\"https:\/\/biogroupvietnam.com\/vi\/\"},{\"@type\":\"ListItem\",\"position\":2,\"name\":\"Product\",\"item\":\"https:\/\/biogroupvietnam.com\/vi\/san-pham\/\"},{\"@type\":\"ListItem\",\"position\":3,\"name\":\"Cell Processing\",\"item\":\"https:\/\/biogroupvietnam.com\/vi\/danh-muc-san-pham\/xu-ly-te-bao\/\"},{\"@type\":\"ListItem\",\"position\":4,\"name\":\"Automated Cord Blood Processing\",\"item\":\"https:\/\/biogroupvietnam.com\/vi\/danh-muc-san-pham\/xu-ly-mau-cuong-ron-tu-dong\/\"},{\"@type\":\"ListItem\",\"position\":5,\"name\":\"AXP Processing Bag Set\"}]},{\"@type\":\"WebSite\",\"@id\":\"https:\/\/biogroupvietnam.com\/en\/vi\/#website\",\"url\":\"https:\/\/biogroupvietnam.com\/en\/vi\/\",\"name\":\"Biogroup Vietnam\",\"description\":\"Biogroup Vietnam cung c\u1ea5p d\u1ecbch v\u1ee5 k\u1ef9 thu\u1eadt c\u00f9ng thi\u1ebft b\u1ecb, v\u1eadt t\u01b0, h\u00f3a ch\u1ea5t v\u00e0 gi\u1ea3i ph\u00e1p sinh h\u1ecdc cho ph\u00f2ng th\u00ed nghi\u1ec7m c\u00f4ng ngh\u1ec7 sinh h\u1ecdc, y sinh v\u00e0 y h\u1ecdc t\u00e1i t\u1ea1o.\",\"potentialAction\":[{\"@type\":\"SearchAction\",\"target\":{\"@type\":\"EntryPoint\",\"urlTemplate\":\"https:\/\/biogroupvietnam.com\/en\/vi\/?s={search_term_string}\"},\"query-input\":{\"@type\":\"PropertyValueSpecification\",\"valueRequired\":true,\"valueName\":\"search_term_string\"}}],\"inLanguage\":\"en-US\"}]}<\/script>\n<!-- \/ Yoast SEO plugin. -->","yoast_head_json":{"title":"AXP Processing Bag Set","description":"The disposable AXP processing bag set is a functionally closed system with a sterile, nonpyrogenic fluid path.","robots":{"index":"index","follow":"follow","max-snippet":"max-snippet:-1","max-image-preview":"max-image-preview:large","max-video-preview":"max-video-preview:-1"},"canonical":"The disposable AXP processing bag set is a functionally closed system with a sterile, nonpyrogenic fluid path.","og_locale":"en_US","og_type":"article","og_title":"AXP Processing Bag Set","og_description":"The disposable AXP processing bag set is a functionally closed system with a sterile, nonpyrogenic fluid path.","og_url":"https:\/\/biogroupvietnam.com\/en\/product\/axp-processing-bag-set\/","og_site_name":"Biogroup Vietnam","article_modified_time":"2025-11-18T02:24:06+00:00","og_image":[{"width":1640,"height":1260,"url":"https:\/\/biogroupvietnam.com\/wp-content\/uploads\/2025\/08\/AXP-Processing-Bag-Set.jpg","type":"image\/jpeg"}],"twitter_card":"summary_large_image","twitter_misc":{"Est. reading time":"3 minutes"},"schema":{"@context":"https:\/\/schema.org","@graph":[{"@type":"WebPage","@id":"https:\/\/biogroupvietnam.com\/en\/product\/axp-processing-bag-set\/","url":"https:\/\/biogroupvietnam.com\/en\/product\/axp-processing-bag-set\/","name":"B\u1ed9 T\u00fai X\u1eed L\u00fd AXP","isPartOf":{"@id":"https:\/\/biogroupvietnam.com\/vi\/#website"},"primaryImageOfPage":{"@id":"https:\/\/biogroupvietnam.com\/en\/product\/axp-processing-bag-set\/#primaryimage"},"image":{"@id":"https:\/\/biogroupvietnam.com\/en\/product\/axp-processing-bag-set\/#primaryimage"},"thumbnailUrl":"https:\/\/biogroupvietnam.com\/wp-content\/uploads\/2025\/08\/AXP-Processing-Bag-Set.jpg","datePublished":"2025-08-18T12:51:22+00:00","dateModified":"2025-11-18T02:24:06+00:00","description":"B\u1ed9 t\u00fai x\u1eed l\u00fd AXP\u00a0\u0111\u01b0\u1ee3c thi\u1ebft k\u1ebf d\u00f9ng v\u1edbi h\u1ec7 th\u1ed1ng AXP II x\u1eed l\u00fd m\u00e1u cu\u1ed1ng r\u1ed1n t\u1ef1 \u0111\u1ed9ng, kh\u00e9p k\u00edn v\u00e0 v\u00f4 tr\u00f9ng.","breadcrumb":{"@id":"https:\/\/biogroupvietnam.com\/en\/product\/axp-processing-bag-set\/#breadcrumb"},"inLanguage":"en-US","potentialAction":[{"@type":"ReadAction","target":["https:\/\/biogroupvietnam.com\/en\/product\/axp-processing-bag-set\/"]}]},{"@type":"ImageObject","inLanguage":"en-US","@id":"https:\/\/biogroupvietnam.com\/en\/product\/axp-processing-bag-set\/#primaryimage","url":"https:\/\/biogroupvietnam.com\/wp-content\/uploads\/2025\/08\/AXP-Processing-Bag-Set.jpg","contentUrl":"https:\/\/biogroupvietnam.com\/wp-content\/uploads\/2025\/08\/AXP-Processing-Bag-Set.jpg","width":1640,"height":1260},{"@type":"BreadcrumbList","@id":"https:\/\/biogroupvietnam.com\/en\/product\/axp-processing-bag-set\/#breadcrumb","itemListElement":[{"@type":"ListItem","position":1,"name":"Biogroup Vietnam | End-to-End Biotechnology Solutions","item":"https:\/\/biogroupvietnam.com\/vi\/"},{"@type":"ListItem","position":2,"name":"Product","item":"https:\/\/biogroupvietnam.com\/vi\/san-pham\/"},{"@type":"ListItem","position":3,"name":"Cell Processing","item":"https:\/\/biogroupvietnam.com\/vi\/danh-muc-san-pham\/xu-ly-te-bao\/"},{"@type":"ListItem","position":4,"name":"Automated Cord Blood Processing","item":"https:\/\/biogroupvietnam.com\/vi\/danh-muc-san-pham\/xu-ly-mau-cuong-ron-tu-dong\/"},{"@type":"ListItem","position":5,"name":"AXP Processing Bag Set"}]},{"@type":"WebSite","@id":"https:\/\/biogroupvietnam.com\/en\/vi\/#website","url":"https:\/\/biogroupvietnam.com\/en\/vi\/","name":"Biogroup Vietnam","description":"Biogroup Vietnam cung c\u1ea5p d\u1ecbch v\u1ee5 k\u1ef9 thu\u1eadt c\u00f9ng thi\u1ebft b\u1ecb, v\u1eadt t\u01b0, h\u00f3a ch\u1ea5t v\u00e0 gi\u1ea3i ph\u00e1p sinh h\u1ecdc cho ph\u00f2ng th\u00ed nghi\u1ec7m c\u00f4ng ngh\u1ec7 sinh h\u1ecdc, y sinh v\u00e0 y h\u1ecdc t\u00e1i t\u1ea1o.","potentialAction":[{"@type":"SearchAction","target":{"@type":"EntryPoint","urlTemplate":"https:\/\/biogroupvietnam.com\/en\/vi\/?s={search_term_string}"},"query-input":{"@type":"PropertyValueSpecification","valueRequired":true,"valueName":"search_term_string"}}],"inLanguage":"en-US"}]}},"_links":{"self":[{"href":"https:\/\/biogroupvietnam.com\/en\/wp-json\/wp\/v2\/product\/3601","targetHints":{"allow":["GET"]}}],"collection":[{"href":"https:\/\/biogroupvietnam.com\/en\/wp-json\/wp\/v2\/product"}],"about":[{"href":"https:\/\/biogroupvietnam.com\/en\/wp-json\/wp\/v2\/types\/product"}],"replies":[{"embeddable":true,"href":"https:\/\/biogroupvietnam.com\/en\/wp-json\/wp\/v2\/comments?post=3601"}],"version-history":[{"count":4,"href":"https:\/\/biogroupvietnam.com\/en\/wp-json\/wp\/v2\/product\/3601\/revisions"}],"predecessor-version":[{"id":9039,"href":"https:\/\/biogroupvietnam.com\/en\/wp-json\/wp\/v2\/product\/3601\/revisions\/9039"}],"wp:featuredmedia":[{"embeddable":true,"href":"https:\/\/biogroupvietnam.com\/en\/wp-json\/wp\/v2\/media\/9030"}],"wp:attachment":[{"href":"https:\/\/biogroupvietnam.com\/en\/wp-json\/wp\/v2\/media?parent=3601"}],"wp:term":[{"taxonomy":"product_brand","embeddable":true,"href":"https:\/\/biogroupvietnam.com\/en\/wp-json\/wp\/v2\/product_brand?post=3601"},{"taxonomy":"product_cat","embeddable":true,"href":"https:\/\/biogroupvietnam.com\/en\/wp-json\/wp\/v2\/product_cat?post=3601"},{"taxonomy":"product_tag","embeddable":true,"href":"https:\/\/biogroupvietnam.com\/en\/wp-json\/wp\/v2\/product_tag?post=3601"}],"curies":[{"name":"wp","href":"https:\/\/api.w.org\/{rel}","templated":true}]}}