{"id":3605,"date":"2025-08-18T19:51:23","date_gmt":"2025-08-18T12:51:23","guid":{"rendered":"http:\/\/biogroupvietnam-worldpress.local\/product\/import-placeholder-for-25\/"},"modified":"2025-11-17T09:25:15","modified_gmt":"2025-11-17T02:25:15","slug":"bo-chuyen-mang-lai-ban-kho","status":"publish","type":"product","link":"https:\/\/biogroupvietnam.com\/en\/product\/te70xp-and-te77xp-semi-dry-transfer-units-with-built-in-power-supply\/","title":{"rendered":"TE70XP and TE77XP Semi-Dry Transfer Units with Built-In Power Supply"},"content":{"rendered":"<p>Unique design that includes an intelligent built-in power supply which automatically monitors the transfer status, stopping the transfer before the stack overheats The Semi-Dry Transfer Units support as many as two layers of gels being transferred simultaneously. The TE70XP has a 14 x 16 cm maximum transfer area which can handle up to four mini gels using the stacked format. The TE77XP has a 21 x 26 cm transfer area for a capacity of up to 12 mini gels at one time. <strong>Features and Benefits<\/strong> Intelligent built-in power supply prevents the stack from overheating by monitoring the transfer status Requires minimal current does not generate excessive heat that can dry out the transfer stack and halt transfer or damage transfer units Durable iridium oxide and stainless steel electrodes allow for contamination free, consistent transfer Vented electrodes prevent build up of bubbles which may impair transfer Minimal buffer requirements reagent cost and preparation time are reduced<\/p>\n","protected":false},"excerpt":{"rendered":"<p>Unique design that includes an intelligent built-in power supply which automatically monitors the transfer status, stopping the transfer before the stack overheats The Semi-Dry Transfer Units support as many as two layers of gels being transferred simultaneously. The TE70XP has a 14 x 16 cm maximum transfer area which can handle up to four mini<\/p>\n<div class=\"klb-readmore post-buttons\"><a class=\"button rounded primary\" href=\"https:\/\/biogroupvietnam.com\/en\/product\/te70xp-and-te77xp-semi-dry-transfer-units-with-built-in-power-supply\/\">Read More <i class=\"klbth-icon-right-arrow\"><\/i><\/a><\/div>\n","protected":false},"featured_media":8958,"comment_status":"closed","ping_status":"closed","template":"","meta":{"_acf_changed":false},"product_brand":[140],"product_cat":[118],"product_tag":[],"class_list":{"0":"post-3605","1":"product","2":"type-product","3":"status-publish","4":"has-post-thumbnail","6":"product_brand-hoefer-inc","7":"product_cat-protein-analysis","9":"first","10":"outofstock","11":"shipping-taxable","12":"product-type-simple"},"acf":[],"yoast_head":"<!-- This site is optimized with the Yoast SEO plugin v26.8 - https:\/\/yoast.com\/product\/yoast-seo-wordpress\/ -->\n<title>TE70XP and TE77XP Semi-Dry Transfer Units with Built-In Power Supply<\/title>\n<meta name=\"description\" content=\"Unique design that includes an intelligent built-in power supply which automatically monitors the transfer status, stopping the transfer before the stack overheats The Semi-Dry Transfer Units support as many as two layers of gels being transferred simultaneously. The TE70XP has a 14 x 16 cm maximum transfer area which can handle up to four mini&hellip;\" \/>\n<meta name=\"robots\" content=\"index, follow, max-snippet:-1, max-image-preview:large, max-video-preview:-1\" \/>\n<link rel=\"canonical\" href=\"http:\/\/Unique%20design%20that%20includes%20an%20intelligent%20built-in%20power%20supply%20which%20automatically%20monitors%20the%20transfer%20status,%20stopping%20the%20transfer%20before%20the%20stack%20overheats%20The%20Semi-Dry%20Transfer%20Units%20support%20as%20many%20as%20two%20layers%20of%20gels%20being%20transferred%20simultaneously.%20The%20TE70XP%20has%20a%2014%20x%2016%20cm%20maximum%20transfer%20area%20which%20can%20handle%20up%20to%20four%20mini&hellip;\" \/>\n<meta property=\"og:locale\" content=\"en_US\" \/>\n<meta property=\"og:type\" content=\"article\" \/>\n<meta property=\"og:title\" content=\"TE70XP and TE77XP Semi-Dry Transfer Units with Built-In Power Supply\" \/>\n<meta property=\"og:description\" content=\"Unique design that includes an intelligent built-in power supply which automatically monitors the transfer status, stopping the transfer before the stack overheats The Semi-Dry Transfer Units support as many as two layers of gels being transferred simultaneously. The TE70XP has a 14 x 16 cm maximum transfer area which can handle up to four mini&hellip;\" \/>\n<meta property=\"og:url\" content=\"https:\/\/biogroupvietnam.com\/en\/product\/te70xp-and-te77xp-semi-dry-transfer-units-with-built-in-power-supply\/\" \/>\n<meta property=\"og:site_name\" content=\"Biogroup Vietnam\" \/>\n<meta property=\"article:modified_time\" content=\"2025-11-17T02:25:15+00:00\" \/>\n<meta property=\"og:image\" content=\"https:\/\/biogroupvietnam.com\/wp-content\/uploads\/2025\/08\/TE70XP-TE77XP.jpg\" \/>\n\t<meta property=\"og:image:width\" content=\"1640\" \/>\n\t<meta property=\"og:image:height\" content=\"1260\" \/>\n\t<meta property=\"og:image:type\" content=\"image\/jpeg\" \/>\n<meta name=\"twitter:card\" content=\"summary_large_image\" \/>\n<meta name=\"twitter:label1\" content=\"Est. reading time\" \/>\n\t<meta name=\"twitter:data1\" content=\"1 minute\" \/>\n<script type=\"application\/ld+json\" class=\"yoast-schema-graph\">{\"@context\":\"https:\/\/schema.org\",\"@graph\":[{\"@type\":\"WebPage\",\"@id\":\"https:\/\/biogroupvietnam.com\/en\/product\/te70xp-and-te77xp-semi-dry-transfer-units-with-built-in-power-supply\/\",\"url\":\"https:\/\/biogroupvietnam.com\/en\/product\/te70xp-and-te77xp-semi-dry-transfer-units-with-built-in-power-supply\/\",\"name\":\"B\u1ed9 Chuy\u1ec3n M\u00e0ng Lai B\u00e1n Kh\u00f4 TE70XP\/ TE77XP\",\"isPartOf\":{\"@id\":\"https:\/\/biogroupvietnam.com\/vi\/#website\"},\"primaryImageOfPage\":{\"@id\":\"https:\/\/biogroupvietnam.com\/en\/product\/te70xp-and-te77xp-semi-dry-transfer-units-with-built-in-power-supply\/#primaryimage\"},\"image\":{\"@id\":\"https:\/\/biogroupvietnam.com\/en\/product\/te70xp-and-te77xp-semi-dry-transfer-units-with-built-in-power-supply\/#primaryimage\"},\"thumbnailUrl\":\"https:\/\/biogroupvietnam.com\/wp-content\/uploads\/2025\/08\/TE70XP-TE77XP.jpg\",\"datePublished\":\"2025-08-18T12:51:23+00:00\",\"dateModified\":\"2025-11-17T02:25:15+00:00\",\"description\":\"B\u1ed9 chuy\u1ec3n m\u00e0ng lai TE70XP\/ TE77XP \u0111\u01b0\u1ee3c thi\u1ebft k\u1ebf t\u00edch h\u1ee3p b\u1ed9 ngu\u1ed3n \u0111i\u1ec7n,\u00a0t\u1ef1 \u0111\u1ed9ng theo d\u00f5i tr\u1ea1ng th\u00e1i chuy\u1ec3n m\u00e0ng, d\u1eebng chuy\u1ec3n tr\u01b0\u1edbc khi ng\u0103n x\u1ebfp qu\u00e1 n\u00f3ng.\",\"breadcrumb\":{\"@id\":\"https:\/\/biogroupvietnam.com\/en\/product\/te70xp-and-te77xp-semi-dry-transfer-units-with-built-in-power-supply\/#breadcrumb\"},\"inLanguage\":\"en-US\",\"potentialAction\":[{\"@type\":\"ReadAction\",\"target\":[\"https:\/\/biogroupvietnam.com\/en\/product\/te70xp-and-te77xp-semi-dry-transfer-units-with-built-in-power-supply\/\"]}]},{\"@type\":\"ImageObject\",\"inLanguage\":\"en-US\",\"@id\":\"https:\/\/biogroupvietnam.com\/en\/product\/te70xp-and-te77xp-semi-dry-transfer-units-with-built-in-power-supply\/#primaryimage\",\"url\":\"https:\/\/biogroupvietnam.com\/wp-content\/uploads\/2025\/08\/TE70XP-TE77XP.jpg\",\"contentUrl\":\"https:\/\/biogroupvietnam.com\/wp-content\/uploads\/2025\/08\/TE70XP-TE77XP.jpg\",\"width\":1640,\"height\":1260},{\"@type\":\"BreadcrumbList\",\"@id\":\"https:\/\/biogroupvietnam.com\/en\/product\/te70xp-and-te77xp-semi-dry-transfer-units-with-built-in-power-supply\/#breadcrumb\",\"itemListElement\":[{\"@type\":\"ListItem\",\"position\":1,\"name\":\"Biogroup Vietnam | End-to-End Biotechnology Solutions\",\"item\":\"https:\/\/biogroupvietnam.com\/vi\/\"},{\"@type\":\"ListItem\",\"position\":2,\"name\":\"Product\",\"item\":\"https:\/\/biogroupvietnam.com\/vi\/san-pham\/\"},{\"@type\":\"ListItem\",\"position\":3,\"name\":\"Biological R&D\",\"item\":\"https:\/\/biogroupvietnam.com\/vi\/danh-muc-san-pham\/rd-sinh-hoc\/\"},{\"@type\":\"ListItem\",\"position\":4,\"name\":\"Protein Analysis\",\"item\":\"https:\/\/biogroupvietnam.com\/vi\/danh-muc-san-pham\/phan-tich-protein\/\"},{\"@type\":\"ListItem\",\"position\":5,\"name\":\"TE70XP and TE77XP Semi-Dry Transfer Units with Built-In Power Supply\"}]},{\"@type\":\"WebSite\",\"@id\":\"https:\/\/biogroupvietnam.com\/en\/vi\/#website\",\"url\":\"https:\/\/biogroupvietnam.com\/en\/vi\/\",\"name\":\"Biogroup Vietnam\",\"description\":\"Biogroup Vietnam cung c\u1ea5p d\u1ecbch v\u1ee5 k\u1ef9 thu\u1eadt c\u00f9ng thi\u1ebft b\u1ecb, v\u1eadt t\u01b0, h\u00f3a ch\u1ea5t v\u00e0 gi\u1ea3i ph\u00e1p sinh h\u1ecdc cho ph\u00f2ng th\u00ed nghi\u1ec7m c\u00f4ng ngh\u1ec7 sinh h\u1ecdc, y sinh v\u00e0 y h\u1ecdc t\u00e1i t\u1ea1o.\",\"potentialAction\":[{\"@type\":\"SearchAction\",\"target\":{\"@type\":\"EntryPoint\",\"urlTemplate\":\"https:\/\/biogroupvietnam.com\/en\/vi\/?s={search_term_string}\"},\"query-input\":{\"@type\":\"PropertyValueSpecification\",\"valueRequired\":true,\"valueName\":\"search_term_string\"}}],\"inLanguage\":\"en-US\"}]}<\/script>\n<!-- \/ Yoast SEO plugin. -->","yoast_head_json":{"title":"TE70XP and TE77XP Semi-Dry Transfer Units with Built-In Power Supply","description":"Unique design that includes an intelligent built-in power supply which automatically monitors the transfer status, stopping the transfer before the stack overheats The Semi-Dry Transfer Units support as many as two layers of gels being transferred simultaneously. The TE70XP has a 14 x 16 cm maximum transfer area which can handle up to four mini&hellip;","robots":{"index":"index","follow":"follow","max-snippet":"max-snippet:-1","max-image-preview":"max-image-preview:large","max-video-preview":"max-video-preview:-1"},"canonical":"Unique design that includes an intelligent built-in power supply which automatically monitors the transfer status, stopping the transfer before the stack overheats The Semi-Dry Transfer Units support as many as two layers of gels being transferred simultaneously. The TE70XP has a 14 x 16 cm maximum transfer area which can handle up to four mini&hellip;","og_locale":"en_US","og_type":"article","og_title":"TE70XP and TE77XP Semi-Dry Transfer Units with Built-In Power Supply","og_description":"Unique design that includes an intelligent built-in power supply which automatically monitors the transfer status, stopping the transfer before the stack overheats The Semi-Dry Transfer Units support as many as two layers of gels being transferred simultaneously. The TE70XP has a 14 x 16 cm maximum transfer area which can handle up to four mini&hellip;","og_url":"https:\/\/biogroupvietnam.com\/en\/product\/te70xp-and-te77xp-semi-dry-transfer-units-with-built-in-power-supply\/","og_site_name":"Biogroup Vietnam","article_modified_time":"2025-11-17T02:25:15+00:00","og_image":[{"width":1640,"height":1260,"url":"https:\/\/biogroupvietnam.com\/wp-content\/uploads\/2025\/08\/TE70XP-TE77XP.jpg","type":"image\/jpeg"}],"twitter_card":"summary_large_image","twitter_misc":{"Est. reading time":"1 minute"},"schema":{"@context":"https:\/\/schema.org","@graph":[{"@type":"WebPage","@id":"https:\/\/biogroupvietnam.com\/en\/product\/te70xp-and-te77xp-semi-dry-transfer-units-with-built-in-power-supply\/","url":"https:\/\/biogroupvietnam.com\/en\/product\/te70xp-and-te77xp-semi-dry-transfer-units-with-built-in-power-supply\/","name":"B\u1ed9 Chuy\u1ec3n M\u00e0ng Lai B\u00e1n Kh\u00f4 TE70XP\/ TE77XP","isPartOf":{"@id":"https:\/\/biogroupvietnam.com\/vi\/#website"},"primaryImageOfPage":{"@id":"https:\/\/biogroupvietnam.com\/en\/product\/te70xp-and-te77xp-semi-dry-transfer-units-with-built-in-power-supply\/#primaryimage"},"image":{"@id":"https:\/\/biogroupvietnam.com\/en\/product\/te70xp-and-te77xp-semi-dry-transfer-units-with-built-in-power-supply\/#primaryimage"},"thumbnailUrl":"https:\/\/biogroupvietnam.com\/wp-content\/uploads\/2025\/08\/TE70XP-TE77XP.jpg","datePublished":"2025-08-18T12:51:23+00:00","dateModified":"2025-11-17T02:25:15+00:00","description":"B\u1ed9 chuy\u1ec3n m\u00e0ng lai TE70XP\/ TE77XP \u0111\u01b0\u1ee3c thi\u1ebft k\u1ebf t\u00edch h\u1ee3p b\u1ed9 ngu\u1ed3n \u0111i\u1ec7n,\u00a0t\u1ef1 \u0111\u1ed9ng theo d\u00f5i tr\u1ea1ng th\u00e1i chuy\u1ec3n m\u00e0ng, d\u1eebng chuy\u1ec3n tr\u01b0\u1edbc khi ng\u0103n x\u1ebfp qu\u00e1 n\u00f3ng.","breadcrumb":{"@id":"https:\/\/biogroupvietnam.com\/en\/product\/te70xp-and-te77xp-semi-dry-transfer-units-with-built-in-power-supply\/#breadcrumb"},"inLanguage":"en-US","potentialAction":[{"@type":"ReadAction","target":["https:\/\/biogroupvietnam.com\/en\/product\/te70xp-and-te77xp-semi-dry-transfer-units-with-built-in-power-supply\/"]}]},{"@type":"ImageObject","inLanguage":"en-US","@id":"https:\/\/biogroupvietnam.com\/en\/product\/te70xp-and-te77xp-semi-dry-transfer-units-with-built-in-power-supply\/#primaryimage","url":"https:\/\/biogroupvietnam.com\/wp-content\/uploads\/2025\/08\/TE70XP-TE77XP.jpg","contentUrl":"https:\/\/biogroupvietnam.com\/wp-content\/uploads\/2025\/08\/TE70XP-TE77XP.jpg","width":1640,"height":1260},{"@type":"BreadcrumbList","@id":"https:\/\/biogroupvietnam.com\/en\/product\/te70xp-and-te77xp-semi-dry-transfer-units-with-built-in-power-supply\/#breadcrumb","itemListElement":[{"@type":"ListItem","position":1,"name":"Biogroup Vietnam | End-to-End Biotechnology Solutions","item":"https:\/\/biogroupvietnam.com\/vi\/"},{"@type":"ListItem","position":2,"name":"Product","item":"https:\/\/biogroupvietnam.com\/vi\/san-pham\/"},{"@type":"ListItem","position":3,"name":"Biological R&D","item":"https:\/\/biogroupvietnam.com\/vi\/danh-muc-san-pham\/rd-sinh-hoc\/"},{"@type":"ListItem","position":4,"name":"Protein Analysis","item":"https:\/\/biogroupvietnam.com\/vi\/danh-muc-san-pham\/phan-tich-protein\/"},{"@type":"ListItem","position":5,"name":"TE70XP and TE77XP Semi-Dry Transfer Units with Built-In Power Supply"}]},{"@type":"WebSite","@id":"https:\/\/biogroupvietnam.com\/en\/vi\/#website","url":"https:\/\/biogroupvietnam.com\/en\/vi\/","name":"Biogroup Vietnam","description":"Biogroup Vietnam cung c\u1ea5p d\u1ecbch v\u1ee5 k\u1ef9 thu\u1eadt c\u00f9ng thi\u1ebft b\u1ecb, v\u1eadt t\u01b0, h\u00f3a ch\u1ea5t v\u00e0 gi\u1ea3i ph\u00e1p sinh h\u1ecdc cho ph\u00f2ng th\u00ed nghi\u1ec7m c\u00f4ng ngh\u1ec7 sinh h\u1ecdc, y sinh v\u00e0 y h\u1ecdc t\u00e1i t\u1ea1o.","potentialAction":[{"@type":"SearchAction","target":{"@type":"EntryPoint","urlTemplate":"https:\/\/biogroupvietnam.com\/en\/vi\/?s={search_term_string}"},"query-input":{"@type":"PropertyValueSpecification","valueRequired":true,"valueName":"search_term_string"}}],"inLanguage":"en-US"}]}},"_links":{"self":[{"href":"https:\/\/biogroupvietnam.com\/en\/wp-json\/wp\/v2\/product\/3605","targetHints":{"allow":["GET"]}}],"collection":[{"href":"https:\/\/biogroupvietnam.com\/en\/wp-json\/wp\/v2\/product"}],"about":[{"href":"https:\/\/biogroupvietnam.com\/en\/wp-json\/wp\/v2\/types\/product"}],"replies":[{"embeddable":true,"href":"https:\/\/biogroupvietnam.com\/en\/wp-json\/wp\/v2\/comments?post=3605"}],"version-history":[{"count":4,"href":"https:\/\/biogroupvietnam.com\/en\/wp-json\/wp\/v2\/product\/3605\/revisions"}],"predecessor-version":[{"id":8961,"href":"https:\/\/biogroupvietnam.com\/en\/wp-json\/wp\/v2\/product\/3605\/revisions\/8961"}],"wp:featuredmedia":[{"embeddable":true,"href":"https:\/\/biogroupvietnam.com\/en\/wp-json\/wp\/v2\/media\/8958"}],"wp:attachment":[{"href":"https:\/\/biogroupvietnam.com\/en\/wp-json\/wp\/v2\/media?parent=3605"}],"wp:term":[{"taxonomy":"product_brand","embeddable":true,"href":"https:\/\/biogroupvietnam.com\/en\/wp-json\/wp\/v2\/product_brand?post=3605"},{"taxonomy":"product_cat","embeddable":true,"href":"https:\/\/biogroupvietnam.com\/en\/wp-json\/wp\/v2\/product_cat?post=3605"},{"taxonomy":"product_tag","embeddable":true,"href":"https:\/\/biogroupvietnam.com\/en\/wp-json\/wp\/v2\/product_tag?post=3605"}],"curies":[{"name":"wp","href":"https:\/\/api.w.org\/{rel}","templated":true}]}}