{"id":3610,"date":"2025-08-18T19:51:25","date_gmt":"2025-08-18T12:51:25","guid":{"rendered":"http:\/\/biogroupvietnam-worldpress.local\/product\/import-placeholder-for-30\/"},"modified":"2025-11-17T09:58:32","modified_gmt":"2025-11-17T02:58:32","slug":"tu-am-co2-nuaire-nu-5731","status":"publish","type":"product","link":"https:\/\/biogroupvietnam.com\/en\/product\/direct-heat-co2-incubator-in-vitrocell-nu-5731\/","title":{"rendered":"Direct Heat CO2 Incubator IN-VITROCELL NU-5731"},"content":{"rendered":"<p>The NuAire In-VitroCell\u00ae <strong>NU-5731<\/strong> is a 160 L <strong>direct-heat CO\u2082 incubator<\/strong> with integrated <strong>O\u2082 control from 0.5\u201321%<\/strong> for hypoxia studies. A <strong>closed-loop HEPA<\/strong> system maintains ISO Class 5\u2013like conditions, while <strong>NDIR CO\u2082<\/strong> and <strong>zirconia O\u2082<\/strong> sensors deliver precise, fast recovery control. The <strong>NuTouch\u2122<\/strong> interface enables setup, event logs, and remote alarms; <strong>USB\/RS-485\/4\u201320 mA<\/strong> ports support continuous monitoring. Optional <strong>Gas-Tight Sectioned Inner Doors<\/strong> and <strong>CuVerro\u00ae copper<\/strong> interiors minimize contamination and simplify cleaning. Dual <strong>145 \u00b0C\/95 \u00b0C sterilization<\/strong> cycles support safe, consistent operation aligned with cGMP workflows.<\/p>\n","protected":false},"excerpt":{"rendered":"<p>NuAire In-VitroCell\u00ae <strong>NU-5731<\/strong> l\u00e0 t\u1ee7 \u1ea5m CO\u2082 <strong>direct heat<\/strong> 160 L t\u00edch h\u1ee3p <strong>\u0111i\u1ec1u khi\u1ec3n O\u2082 0,5\u201321%<\/strong> cho nghi\u00ean c\u1ee9u hypoxia. H\u1ec7 <strong>HEPA tu\u1ea7n ho\u00e0n<\/strong> duy tr\u00ec m\u00f4i tr\u01b0\u1eddng t\u01b0\u01a1ng \u0111\u01b0\u01a1ng ISO Class 5; c\u1ea3m bi\u1ebfn <strong>NDIR CO\u2082<\/strong> v\u00e0 <strong>Zirconia O\u2082<\/strong> cho \u0111\u1ed9 ch\u00ednh x\u00e1c, ph\u1ee5c h\u1ed3i nhanh sau khi m\u1edf c\u1eeda. <strong>NuTouch\u2122<\/strong> cho ph\u00e9p c\u00e0i \u0111\u1eb7t, ghi log, c\u1ea3nh b\u00e1o t\u1eeb xa; c\u1ed5ng <strong>USB\/RS-485\/4\u201320 mA<\/strong> h\u1ed7 tr\u1ee3 gi\u00e1m s\u00e1t. T\u00f9y ch\u1ecdn <strong>Gas-Tight Sectioned Inner Doors<\/strong> v\u00e0 <strong>n\u1ed9i th\u1ea5t \u0111\u1ed3ng CuVerro\u00ae<\/strong> gi\u1ea3m nhi\u1ec5m, d\u1ec5 v\u1ec7 sinh. <strong>Ti\u1ec7t tr\u00f9ng k\u00e9p 145 \u00b0C\/95 \u00b0C<\/strong> gi\u00fap v\u1eadn h\u00e0nh an to\u00e0n, \u1ed5n \u0111\u1ecbnh theo chu\u1ea9n GMP.<\/p>\n","protected":false},"featured_media":8984,"comment_status":"closed","ping_status":"closed","template":"","meta":{"_acf_changed":false},"product_brand":[133],"product_cat":[86],"product_tag":[],"class_list":{"0":"post-3610","1":"product","2":"type-product","3":"status-publish","4":"has-post-thumbnail","6":"product_brand-nuaire","7":"product_cat-tu-am-co2","9":"first","10":"outofstock","11":"shipping-taxable","12":"product-type-simple"},"acf":[],"yoast_head":"<!-- This site is optimized with the Yoast SEO plugin v26.8 - https:\/\/yoast.com\/product\/yoast-seo-wordpress\/ -->\n<title>Direct Heat CO2 Incubator IN-VITROCELL NU-5731<\/title>\n<meta name=\"description\" content=\"The NuAire In-VitroCell\u00ae NU-5731 is a 160 L direct-heat CO\u2082 incubator with integrated O\u2082 control from 0.5\u201321% for hypoxia studies. A closed-loop HEPA system maintains ISO Class 5\u2013like conditions, while NDIR CO\u2082 and zirconia O\u2082 sensors deliver precise, fast recovery control. The NuTouch\u2122 interface enables setup, event logs, and remote alarms; USB\/RS-485\/4\u201320 mA ports support&hellip;\" \/>\n<meta name=\"robots\" content=\"index, follow, max-snippet:-1, max-image-preview:large, max-video-preview:-1\" \/>\n<link rel=\"canonical\" href=\"http:\/\/The%20NuAire%20In-VitroCell\u00ae%20NU-5731%20is%20a%20160%20L%20direct-heat%20CO\u2082%20incubator%20with%20integrated%20O\u2082%20control%20from%200.5\u201321%%20for%20hypoxia%20studies.%20A%20closed-loop%20HEPA%20system%20maintains%20ISO%20Class%205\u2013like%20conditions,%20while%20NDIR%20CO\u2082%20and%20zirconia%20O\u2082%20sensors%20deliver%20precise,%20fast%20recovery%20control.%20The%20NuTouch\u2122%20interface%20enables%20setup,%20event%20logs,%20and%20remote%20alarms;%20USB\/RS-485\/4\u201320%20mA%20ports%20support&hellip;\" \/>\n<meta property=\"og:locale\" content=\"en_US\" \/>\n<meta property=\"og:type\" content=\"article\" \/>\n<meta property=\"og:title\" content=\"Direct Heat CO2 Incubator IN-VITROCELL NU-5731\" \/>\n<meta property=\"og:description\" content=\"The NuAire In-VitroCell\u00ae NU-5731 is a 160 L direct-heat CO\u2082 incubator with integrated O\u2082 control from 0.5\u201321% for hypoxia studies. A closed-loop HEPA system maintains ISO Class 5\u2013like conditions, while NDIR CO\u2082 and zirconia O\u2082 sensors deliver precise, fast recovery control. The NuTouch\u2122 interface enables setup, event logs, and remote alarms; USB\/RS-485\/4\u201320 mA ports support&hellip;\" \/>\n<meta property=\"og:url\" content=\"https:\/\/biogroupvietnam.com\/en\/product\/direct-heat-co2-incubator-in-vitrocell-nu-5731\/\" \/>\n<meta property=\"og:site_name\" content=\"Biogroup Vietnam\" \/>\n<meta property=\"article:modified_time\" content=\"2025-11-17T02:58:32+00:00\" \/>\n<meta property=\"og:image\" content=\"https:\/\/biogroupvietnam.com\/wp-content\/uploads\/2025\/08\/NU-5731.jpg\" \/>\n\t<meta property=\"og:image:width\" content=\"1640\" \/>\n\t<meta property=\"og:image:height\" content=\"1260\" \/>\n\t<meta property=\"og:image:type\" content=\"image\/jpeg\" \/>\n<meta name=\"twitter:card\" content=\"summary_large_image\" \/>\n<meta name=\"twitter:label1\" content=\"Est. reading time\" \/>\n\t<meta name=\"twitter:data1\" content=\"6 minutes\" \/>\n<script type=\"application\/ld+json\" class=\"yoast-schema-graph\">{\"@context\":\"https:\/\/schema.org\",\"@graph\":[{\"@type\":\"WebPage\",\"@id\":\"https:\/\/biogroupvietnam.com\/en\/product\/direct-heat-co2-incubator-in-vitrocell-nu-5731\/\",\"url\":\"https:\/\/biogroupvietnam.com\/en\/product\/direct-heat-co2-incubator-in-vitrocell-nu-5731\/\",\"name\":\"T\u1ee7 \u1ea5m CO\u2082 NuAire NU-5731 \u2013 Ki\u1ec3m so\u00e1t O\u2082 0.5\u201321% (C\u00f3 Ki\u1ec3m So\u00e1t O2)\",\"isPartOf\":{\"@id\":\"https:\/\/biogroupvietnam.com\/vi\/#website\"},\"primaryImageOfPage\":{\"@id\":\"https:\/\/biogroupvietnam.com\/en\/product\/direct-heat-co2-incubator-in-vitrocell-nu-5731\/#primaryimage\"},\"image\":{\"@id\":\"https:\/\/biogroupvietnam.com\/en\/product\/direct-heat-co2-incubator-in-vitrocell-nu-5731\/#primaryimage\"},\"thumbnailUrl\":\"https:\/\/biogroupvietnam.com\/wp-content\/uploads\/2025\/08\/NU-5731.jpg\",\"datePublished\":\"2025-08-18T12:51:25+00:00\",\"dateModified\":\"2025-11-17T02:58:32+00:00\",\"description\":\"NU-5731 ki\u1ec3m so\u00e1t CO\u2082\/Nhi\u1ec7t\/\u0110\u1ed9 \u1ea9m \u1ed5n \u0111\u1ecbnh, b\u1ed5 sung \u0111i\u1ec1u khi\u1ec3n O\u2082 0.5\u201321% cho nghi\u00ean c\u1ee9u hypoxia. Th\u00e2n thi\u1ec7n NuTouch, HEPA tu\u1ea7n ho\u00e0n, ti\u1ec7t tr\u00f9ng k\u00e9p.\",\"breadcrumb\":{\"@id\":\"https:\/\/biogroupvietnam.com\/en\/product\/direct-heat-co2-incubator-in-vitrocell-nu-5731\/#breadcrumb\"},\"inLanguage\":\"en-US\",\"potentialAction\":[{\"@type\":\"ReadAction\",\"target\":[\"https:\/\/biogroupvietnam.com\/en\/product\/direct-heat-co2-incubator-in-vitrocell-nu-5731\/\"]}]},{\"@type\":\"ImageObject\",\"inLanguage\":\"en-US\",\"@id\":\"https:\/\/biogroupvietnam.com\/en\/product\/direct-heat-co2-incubator-in-vitrocell-nu-5731\/#primaryimage\",\"url\":\"https:\/\/biogroupvietnam.com\/wp-content\/uploads\/2025\/08\/NU-5731.jpg\",\"contentUrl\":\"https:\/\/biogroupvietnam.com\/wp-content\/uploads\/2025\/08\/NU-5731.jpg\",\"width\":1640,\"height\":1260},{\"@type\":\"BreadcrumbList\",\"@id\":\"https:\/\/biogroupvietnam.com\/en\/product\/direct-heat-co2-incubator-in-vitrocell-nu-5731\/#breadcrumb\",\"itemListElement\":[{\"@type\":\"ListItem\",\"position\":1,\"name\":\"Biogroup Vietnam | End-to-End Biotechnology Solutions\",\"item\":\"https:\/\/biogroupvietnam.com\/vi\/\"},{\"@type\":\"ListItem\",\"position\":2,\"name\":\"Product\",\"item\":\"https:\/\/biogroupvietnam.com\/vi\/san-pham\/\"},{\"@type\":\"ListItem\",\"position\":3,\"name\":\"Biological R&D\",\"item\":\"https:\/\/biogroupvietnam.com\/vi\/danh-muc-san-pham\/rd-sinh-hoc\/\"},{\"@type\":\"ListItem\",\"position\":4,\"name\":\"CO2 incubator\",\"item\":\"https:\/\/biogroupvietnam.com\/vi\/danh-muc-san-pham\/tu-am-co2\/\"},{\"@type\":\"ListItem\",\"position\":5,\"name\":\"Direct Heat CO2 Incubator IN-VITROCELL NU-5731\"}]},{\"@type\":\"WebSite\",\"@id\":\"https:\/\/biogroupvietnam.com\/en\/vi\/#website\",\"url\":\"https:\/\/biogroupvietnam.com\/en\/vi\/\",\"name\":\"Biogroup Vietnam\",\"description\":\"Biogroup Vietnam cung c\u1ea5p d\u1ecbch v\u1ee5 k\u1ef9 thu\u1eadt c\u00f9ng thi\u1ebft b\u1ecb, v\u1eadt t\u01b0, h\u00f3a ch\u1ea5t v\u00e0 gi\u1ea3i ph\u00e1p sinh h\u1ecdc cho ph\u00f2ng th\u00ed nghi\u1ec7m c\u00f4ng ngh\u1ec7 sinh h\u1ecdc, y sinh v\u00e0 y h\u1ecdc t\u00e1i t\u1ea1o.\",\"potentialAction\":[{\"@type\":\"SearchAction\",\"target\":{\"@type\":\"EntryPoint\",\"urlTemplate\":\"https:\/\/biogroupvietnam.com\/en\/vi\/?s={search_term_string}\"},\"query-input\":{\"@type\":\"PropertyValueSpecification\",\"valueRequired\":true,\"valueName\":\"search_term_string\"}}],\"inLanguage\":\"en-US\"}]}<\/script>\n<!-- \/ Yoast SEO plugin. -->","yoast_head_json":{"title":"Direct Heat CO2 Incubator IN-VITROCELL NU-5731","description":"The NuAire In-VitroCell\u00ae NU-5731 is a 160 L direct-heat CO\u2082 incubator with integrated O\u2082 control from 0.5\u201321% for hypoxia studies. A closed-loop HEPA system maintains ISO Class 5\u2013like conditions, while NDIR CO\u2082 and zirconia O\u2082 sensors deliver precise, fast recovery control. The NuTouch\u2122 interface enables setup, event logs, and remote alarms; USB\/RS-485\/4\u201320 mA ports support&hellip;","robots":{"index":"index","follow":"follow","max-snippet":"max-snippet:-1","max-image-preview":"max-image-preview:large","max-video-preview":"max-video-preview:-1"},"canonical":"The NuAire In-VitroCell\u00ae NU-5731 is a 160 L direct-heat CO\u2082 incubator with integrated O\u2082 control from 0.5\u201321% for hypoxia studies. A closed-loop HEPA system maintains ISO Class 5\u2013like conditions, while NDIR CO\u2082 and zirconia O\u2082 sensors deliver precise, fast recovery control. The NuTouch\u2122 interface enables setup, event logs, and remote alarms; USB\/RS-485\/4\u201320 mA ports support&hellip;","og_locale":"en_US","og_type":"article","og_title":"Direct Heat CO2 Incubator IN-VITROCELL NU-5731","og_description":"The NuAire In-VitroCell\u00ae NU-5731 is a 160 L direct-heat CO\u2082 incubator with integrated O\u2082 control from 0.5\u201321% for hypoxia studies. A closed-loop HEPA system maintains ISO Class 5\u2013like conditions, while NDIR CO\u2082 and zirconia O\u2082 sensors deliver precise, fast recovery control. The NuTouch\u2122 interface enables setup, event logs, and remote alarms; USB\/RS-485\/4\u201320 mA ports support&hellip;","og_url":"https:\/\/biogroupvietnam.com\/en\/product\/direct-heat-co2-incubator-in-vitrocell-nu-5731\/","og_site_name":"Biogroup Vietnam","article_modified_time":"2025-11-17T02:58:32+00:00","og_image":[{"width":1640,"height":1260,"url":"https:\/\/biogroupvietnam.com\/wp-content\/uploads\/2025\/08\/NU-5731.jpg","type":"image\/jpeg"}],"twitter_card":"summary_large_image","twitter_misc":{"Est. reading time":"6 minutes"},"schema":{"@context":"https:\/\/schema.org","@graph":[{"@type":"WebPage","@id":"https:\/\/biogroupvietnam.com\/en\/product\/direct-heat-co2-incubator-in-vitrocell-nu-5731\/","url":"https:\/\/biogroupvietnam.com\/en\/product\/direct-heat-co2-incubator-in-vitrocell-nu-5731\/","name":"T\u1ee7 \u1ea5m CO\u2082 NuAire NU-5731 \u2013 Ki\u1ec3m so\u00e1t O\u2082 0.5\u201321% (C\u00f3 Ki\u1ec3m So\u00e1t O2)","isPartOf":{"@id":"https:\/\/biogroupvietnam.com\/vi\/#website"},"primaryImageOfPage":{"@id":"https:\/\/biogroupvietnam.com\/en\/product\/direct-heat-co2-incubator-in-vitrocell-nu-5731\/#primaryimage"},"image":{"@id":"https:\/\/biogroupvietnam.com\/en\/product\/direct-heat-co2-incubator-in-vitrocell-nu-5731\/#primaryimage"},"thumbnailUrl":"https:\/\/biogroupvietnam.com\/wp-content\/uploads\/2025\/08\/NU-5731.jpg","datePublished":"2025-08-18T12:51:25+00:00","dateModified":"2025-11-17T02:58:32+00:00","description":"NU-5731 ki\u1ec3m so\u00e1t CO\u2082\/Nhi\u1ec7t\/\u0110\u1ed9 \u1ea9m \u1ed5n \u0111\u1ecbnh, b\u1ed5 sung \u0111i\u1ec1u khi\u1ec3n O\u2082 0.5\u201321% cho nghi\u00ean c\u1ee9u hypoxia. Th\u00e2n thi\u1ec7n NuTouch, HEPA tu\u1ea7n ho\u00e0n, ti\u1ec7t tr\u00f9ng k\u00e9p.","breadcrumb":{"@id":"https:\/\/biogroupvietnam.com\/en\/product\/direct-heat-co2-incubator-in-vitrocell-nu-5731\/#breadcrumb"},"inLanguage":"en-US","potentialAction":[{"@type":"ReadAction","target":["https:\/\/biogroupvietnam.com\/en\/product\/direct-heat-co2-incubator-in-vitrocell-nu-5731\/"]}]},{"@type":"ImageObject","inLanguage":"en-US","@id":"https:\/\/biogroupvietnam.com\/en\/product\/direct-heat-co2-incubator-in-vitrocell-nu-5731\/#primaryimage","url":"https:\/\/biogroupvietnam.com\/wp-content\/uploads\/2025\/08\/NU-5731.jpg","contentUrl":"https:\/\/biogroupvietnam.com\/wp-content\/uploads\/2025\/08\/NU-5731.jpg","width":1640,"height":1260},{"@type":"BreadcrumbList","@id":"https:\/\/biogroupvietnam.com\/en\/product\/direct-heat-co2-incubator-in-vitrocell-nu-5731\/#breadcrumb","itemListElement":[{"@type":"ListItem","position":1,"name":"Biogroup Vietnam | End-to-End Biotechnology Solutions","item":"https:\/\/biogroupvietnam.com\/vi\/"},{"@type":"ListItem","position":2,"name":"Product","item":"https:\/\/biogroupvietnam.com\/vi\/san-pham\/"},{"@type":"ListItem","position":3,"name":"Biological R&D","item":"https:\/\/biogroupvietnam.com\/vi\/danh-muc-san-pham\/rd-sinh-hoc\/"},{"@type":"ListItem","position":4,"name":"CO2 incubator","item":"https:\/\/biogroupvietnam.com\/vi\/danh-muc-san-pham\/tu-am-co2\/"},{"@type":"ListItem","position":5,"name":"Direct Heat CO2 Incubator IN-VITROCELL NU-5731"}]},{"@type":"WebSite","@id":"https:\/\/biogroupvietnam.com\/en\/vi\/#website","url":"https:\/\/biogroupvietnam.com\/en\/vi\/","name":"Biogroup Vietnam","description":"Biogroup Vietnam cung c\u1ea5p d\u1ecbch v\u1ee5 k\u1ef9 thu\u1eadt c\u00f9ng thi\u1ebft b\u1ecb, v\u1eadt t\u01b0, h\u00f3a ch\u1ea5t v\u00e0 gi\u1ea3i ph\u00e1p sinh h\u1ecdc cho ph\u00f2ng th\u00ed nghi\u1ec7m c\u00f4ng ngh\u1ec7 sinh h\u1ecdc, y sinh v\u00e0 y h\u1ecdc t\u00e1i t\u1ea1o.","potentialAction":[{"@type":"SearchAction","target":{"@type":"EntryPoint","urlTemplate":"https:\/\/biogroupvietnam.com\/en\/vi\/?s={search_term_string}"},"query-input":{"@type":"PropertyValueSpecification","valueRequired":true,"valueName":"search_term_string"}}],"inLanguage":"en-US"}]}},"_links":{"self":[{"href":"https:\/\/biogroupvietnam.com\/en\/wp-json\/wp\/v2\/product\/3610","targetHints":{"allow":["GET"]}}],"collection":[{"href":"https:\/\/biogroupvietnam.com\/en\/wp-json\/wp\/v2\/product"}],"about":[{"href":"https:\/\/biogroupvietnam.com\/en\/wp-json\/wp\/v2\/types\/product"}],"replies":[{"embeddable":true,"href":"https:\/\/biogroupvietnam.com\/en\/wp-json\/wp\/v2\/comments?post=3610"}],"version-history":[{"count":5,"href":"https:\/\/biogroupvietnam.com\/en\/wp-json\/wp\/v2\/product\/3610\/revisions"}],"predecessor-version":[{"id":8791,"href":"https:\/\/biogroupvietnam.com\/en\/wp-json\/wp\/v2\/product\/3610\/revisions\/8791"}],"wp:featuredmedia":[{"embeddable":true,"href":"https:\/\/biogroupvietnam.com\/en\/wp-json\/wp\/v2\/media\/8984"}],"wp:attachment":[{"href":"https:\/\/biogroupvietnam.com\/en\/wp-json\/wp\/v2\/media?parent=3610"}],"wp:term":[{"taxonomy":"product_brand","embeddable":true,"href":"https:\/\/biogroupvietnam.com\/en\/wp-json\/wp\/v2\/product_brand?post=3610"},{"taxonomy":"product_cat","embeddable":true,"href":"https:\/\/biogroupvietnam.com\/en\/wp-json\/wp\/v2\/product_cat?post=3610"},{"taxonomy":"product_tag","embeddable":true,"href":"https:\/\/biogroupvietnam.com\/en\/wp-json\/wp\/v2\/product_tag?post=3610"}],"curies":[{"name":"wp","href":"https:\/\/api.w.org\/{rel}","templated":true}]}}