{"id":3634,"date":"2025-08-18T19:51:47","date_gmt":"2025-08-18T12:51:47","guid":{"rendered":"http:\/\/biogroupvietnam-worldpress.local\/product\/import-placeholder-for-31\/"},"modified":"2025-11-12T18:41:46","modified_gmt":"2025-11-12T11:41:46","slug":"dung-cu-tro-hut-pipet-dien-tu-blueswan","status":"publish","type":"product","link":"https:\/\/biogroupvietnam.com\/en\/product\/blueswan-pipette-controller\/","title":{"rendered":"BlueSwan Pipette Controller"},"content":{"rendered":"<p><span style=\"background-color: transparent; color: #000000; font-family: Arial,sans-serif; font-size: 12pt;\"><i><strong>Precise pipetting with handy and elegant design<\/strong><\/i><\/span> <span style=\"background-color: transparent; color: #000000; font-family: Arial,sans-serif; font-size: 12pt;\">With full-featured functions, the BlueSwan pipette controller brings comfort and precision to your pipetting. Wall mount and self-inverted design saves your work space. The UV resistant cover and autoclavable nose cone, pipette holder and filter ensure decontamination. Furthermore, the light-weight and ergonomic design free you from fatigue and occupational injury while you do repetitive pipetting all day long.<\/span><\/p>\n<h3><span style=\"background-color: transparent; color: #000000; font-family: Arial,sans-serif; font-size: 16pt;\"><strong>Features and benefits<\/strong><\/span><\/h3>\n<ul>\n<li><span style=\"background-color: transparent; color: #000000; font-family: Arial,sans-serif; font-size: 12pt;\">Self-inverted design allows the device to stand upright on the lab bench, saving workspace.<\/span><\/li>\n<li><span style=\"background-color: transparent; color: #000000; font-family: Arial,sans-serif; font-size: 12pt;\">UV-resistant: Tolerates UV exposure during lab sterilization procedures.<\/span><\/li>\n<li><span style=\"background-color: transparent; color: #000000; font-family: Arial,sans-serif; font-size: 12pt;\">Lightweight: Weighs only 180 g, enabling easy pipetting operations.<\/span><\/li>\n<li><span style=\"background-color: transparent; color: #000000; font-family: Arial,sans-serif; font-size: 12pt;\">Easy filter replacement: Filter can be removed and reinstalled with ease.<\/span><\/li>\n<\/ul>\n<h3><span style=\"background-color: transparent; color: #000000; font-family: Arial,sans-serif; font-size: 16pt;\"><strong>Guaranteed standards<\/strong><\/span><\/h3>\n<ul>\n<li><span style=\"background-color: transparent; color: #000000; font-family: Arial,sans-serif; font-size: 12pt;\">Complies with international standards: CE, EN55011, EN61326-2-6 (Class A), EN61010-1, RoHS.<\/span><\/li>\n<li><span style=\"background-color: transparent; color: #000000; font-family: Arial,sans-serif; font-size: 12pt;\">Official warranty: 18 months.<\/span><\/li>\n<li><span style=\"background-color: transparent; color: #000000; font-family: Arial,sans-serif; font-size: 12pt;\">30-day product replacement for manufacturing defects.<\/span><\/li>\n<\/ul>\n<h3><span style=\"background-color: transparent; color: #000000; font-family: Arial,sans-serif; font-size: 16pt;\"><strong>Specifications<\/strong><\/span><\/h3>\n<ul>\n<li><span style=\"background-color: transparent; color: #000000; font-family: Arial,sans-serif; font-size: 12pt;\">Compatible with both plastic and glass pipettes ranging from 1\u2013100 mL.<\/span><\/li>\n<li><span style=\"background-color: transparent; color: #000000; font-family: Arial,sans-serif; font-size: 12pt;\">Two dispensing modes: Gravity or blow-out (pressurized).<\/span><\/li>\n<li><span style=\"background-color: transparent; color: #000000; font-family: Arial,sans-serif; font-size: 12pt;\">Control wheel for continuous speed adjustment during aspiration or dispensing &#8211; fast or slow.<\/span><\/li>\n<li><span style=\"background-color: transparent; color: #000000; font-family: Arial,sans-serif; font-size: 12pt;\">Battery capacity: Up to 4500 pipetting operations without charging (with 25 mL pipette).<\/span><\/li>\n<li><span style=\"background-color: transparent; color: #000000; font-family: Arial,sans-serif; font-size: 12pt;\">Equipped with a 0.2 \u00b5m hydrophobic filter.<\/span><\/li>\n<li><span style=\"background-color: transparent; color: #000000; font-family: Arial,sans-serif; font-size: 12pt;\">The handle and filter can be autoclaved (remove battery before autoclaving).<\/span><\/li>\n<li><span style=\"background-color: transparent; color: #000000; font-family: Arial,sans-serif; font-size: 12pt;\">Powered by a 3.7 V \/ 1100 mAh Lithium-ion polymer battery, with a charging time of approximately 4 hours.<\/span><\/li>\n<\/ul>\n","protected":false},"excerpt":{"rendered":"<p>Precise pipetting with handy and elegant design With full-featured functions, the BlueSwan pipette controller brings comfort and precision to your pipetting. Wall mount and self-inverted design saves your work space. The UV resistant cover and autoclavable nose cone, pipette holder and filter ensure decontamination. Furthermore, the light-weight and ergonomic design free you from fatigue and<\/p>\n<div class=\"klb-readmore post-buttons\"><a class=\"button rounded primary\" href=\"https:\/\/biogroupvietnam.com\/en\/product\/blueswan-pipette-controller\/\">Read More <i class=\"klbth-icon-right-arrow\"><\/i><\/a><\/div>\n","protected":false},"featured_media":8916,"comment_status":"closed","ping_status":"closed","template":"","meta":{"_acf_changed":false},"product_brand":[135],"product_cat":[121],"product_tag":[],"class_list":{"0":"post-3634","1":"product","2":"type-product","3":"status-publish","4":"has-post-thumbnail","6":"product_brand-blue-ray-biotech","7":"product_cat-tu-an-toan-sinh-hoc","9":"first","10":"outofstock","11":"shipping-taxable","12":"product-type-simple"},"acf":[],"yoast_head":"<!-- This site is optimized with the Yoast SEO plugin v26.8 - https:\/\/yoast.com\/product\/yoast-seo-wordpress\/ -->\n<title>BlueSwan Pipette Controller<\/title>\n<meta name=\"description\" content=\"Precise pipetting with handy and elegant design With full-featured functions, the BlueSwan pipette controller brings comfort and precision to your pipetting. Wall mount and self-inverted design saves your work space. The UV resistant cover and autoclavable nose cone, pipette holder and filter ensure decontamination. Furthermore, the light-weight and ergonomic design free you from fatigue and&hellip;\" \/>\n<meta name=\"robots\" content=\"index, follow, max-snippet:-1, max-image-preview:large, max-video-preview:-1\" \/>\n<link rel=\"canonical\" href=\"http:\/\/Precise%20pipetting%20with%20handy%20and%20elegant%20design%20With%20full-featured%20functions,%20the%20BlueSwan%20pipette%20controller%20brings%20comfort%20and%20precision%20to%20your%20pipetting.%20Wall%20mount%20and%20self-inverted%20design%20saves%20your%20work%20space.%20The%20UV%20resistant%20cover%20and%20autoclavable%20nose%20cone,%20pipette%20holder%20and%20filter%20ensure%20decontamination.%20Furthermore,%20the%20light-weight%20and%20ergonomic%20design%20free%20you%20from%20fatigue%20and&hellip;\" \/>\n<meta property=\"og:locale\" content=\"en_US\" \/>\n<meta property=\"og:type\" content=\"article\" \/>\n<meta property=\"og:title\" content=\"BlueSwan Pipette Controller\" \/>\n<meta property=\"og:description\" content=\"Precise pipetting with handy and elegant design With full-featured functions, the BlueSwan pipette controller brings comfort and precision to your pipetting. Wall mount and self-inverted design saves your work space. The UV resistant cover and autoclavable nose cone, pipette holder and filter ensure decontamination. Furthermore, the light-weight and ergonomic design free you from fatigue and&hellip;\" \/>\n<meta property=\"og:url\" content=\"https:\/\/biogroupvietnam.com\/en\/product\/blueswan-pipette-controller\/\" \/>\n<meta property=\"og:site_name\" content=\"Biogroup Vietnam\" \/>\n<meta property=\"article:modified_time\" content=\"2025-11-12T11:41:46+00:00\" \/>\n<meta property=\"og:image\" content=\"https:\/\/biogroupvietnam.com\/wp-content\/uploads\/2025\/08\/BlueSwan.jpg\" \/>\n\t<meta property=\"og:image:width\" content=\"1640\" \/>\n\t<meta property=\"og:image:height\" content=\"1260\" \/>\n\t<meta property=\"og:image:type\" content=\"image\/jpeg\" \/>\n<meta name=\"twitter:card\" content=\"summary_large_image\" \/>\n<meta name=\"twitter:label1\" content=\"Est. reading time\" \/>\n\t<meta name=\"twitter:data1\" content=\"2 minutes\" \/>\n<script type=\"application\/ld+json\" class=\"yoast-schema-graph\">{\"@context\":\"https:\/\/schema.org\",\"@graph\":[{\"@type\":\"WebPage\",\"@id\":\"https:\/\/biogroupvietnam.com\/en\/product\/blueswan-pipette-controller\/\",\"url\":\"https:\/\/biogroupvietnam.com\/en\/product\/blueswan-pipette-controller\/\",\"name\":\"D\u1ee5ng C\u1ee5 Tr\u1ee3 H\u00fat Pipet \u0110i\u1ec7n T\u1eed BlueSwan\",\"isPartOf\":{\"@id\":\"https:\/\/biogroupvietnam.com\/vi\/#website\"},\"primaryImageOfPage\":{\"@id\":\"https:\/\/biogroupvietnam.com\/en\/product\/blueswan-pipette-controller\/#primaryimage\"},\"image\":{\"@id\":\"https:\/\/biogroupvietnam.com\/en\/product\/blueswan-pipette-controller\/#primaryimage\"},\"thumbnailUrl\":\"https:\/\/biogroupvietnam.com\/wp-content\/uploads\/2025\/08\/BlueSwan.jpg\",\"datePublished\":\"2025-08-18T12:51:47+00:00\",\"dateModified\":\"2025-11-12T11:41:46+00:00\",\"description\":\"D\u1ee5ng c\u1ee5 tr\u1ee3 h\u00fat pipet \u0111i\u1ec7n t\u1eed \u0111\u01b0\u1ee3c thi\u1ebft k\u1ebf t\u1ef1 ng\u01b0\u1ee3c (self-inverted) \u0111\u1ec3 c\u00f3 th\u1ec3 \u0111\u1ee9ng tr\u00ean b\u00e0n th\u00ed nghi\u1ec7m, gi\u00fap ti\u1ebft ki\u1ec7m kh\u00f4ng gian l\u00e0m vi\u1ec7c.\",\"breadcrumb\":{\"@id\":\"https:\/\/biogroupvietnam.com\/en\/product\/blueswan-pipette-controller\/#breadcrumb\"},\"inLanguage\":\"en-US\",\"potentialAction\":[{\"@type\":\"ReadAction\",\"target\":[\"https:\/\/biogroupvietnam.com\/en\/product\/blueswan-pipette-controller\/\"]}]},{\"@type\":\"ImageObject\",\"inLanguage\":\"en-US\",\"@id\":\"https:\/\/biogroupvietnam.com\/en\/product\/blueswan-pipette-controller\/#primaryimage\",\"url\":\"https:\/\/biogroupvietnam.com\/wp-content\/uploads\/2025\/08\/BlueSwan.jpg\",\"contentUrl\":\"https:\/\/biogroupvietnam.com\/wp-content\/uploads\/2025\/08\/BlueSwan.jpg\",\"width\":1640,\"height\":1260},{\"@type\":\"BreadcrumbList\",\"@id\":\"https:\/\/biogroupvietnam.com\/en\/product\/blueswan-pipette-controller\/#breadcrumb\",\"itemListElement\":[{\"@type\":\"ListItem\",\"position\":1,\"name\":\"Biogroup Vietnam | End-to-End Biotechnology Solutions\",\"item\":\"https:\/\/biogroupvietnam.com\/vi\/\"},{\"@type\":\"ListItem\",\"position\":2,\"name\":\"Product\",\"item\":\"https:\/\/biogroupvietnam.com\/vi\/san-pham\/\"},{\"@type\":\"ListItem\",\"position\":3,\"name\":\"Biological R&D\",\"item\":\"https:\/\/biogroupvietnam.com\/vi\/danh-muc-san-pham\/rd-sinh-hoc\/\"},{\"@type\":\"ListItem\",\"position\":4,\"name\":\"Biological Safety Cabinet\",\"item\":\"https:\/\/biogroupvietnam.com\/vi\/danh-muc-san-pham\/tu-an-toan-sinh-hoc\/\"},{\"@type\":\"ListItem\",\"position\":5,\"name\":\"BlueSwan Pipette Controller\"}]},{\"@type\":\"WebSite\",\"@id\":\"https:\/\/biogroupvietnam.com\/en\/vi\/#website\",\"url\":\"https:\/\/biogroupvietnam.com\/en\/vi\/\",\"name\":\"Biogroup Vietnam\",\"description\":\"Biogroup Vietnam cung c\u1ea5p d\u1ecbch v\u1ee5 k\u1ef9 thu\u1eadt c\u00f9ng thi\u1ebft b\u1ecb, v\u1eadt t\u01b0, h\u00f3a ch\u1ea5t v\u00e0 gi\u1ea3i ph\u00e1p sinh h\u1ecdc cho ph\u00f2ng th\u00ed nghi\u1ec7m c\u00f4ng ngh\u1ec7 sinh h\u1ecdc, y sinh v\u00e0 y h\u1ecdc t\u00e1i t\u1ea1o.\",\"potentialAction\":[{\"@type\":\"SearchAction\",\"target\":{\"@type\":\"EntryPoint\",\"urlTemplate\":\"https:\/\/biogroupvietnam.com\/en\/vi\/?s={search_term_string}\"},\"query-input\":{\"@type\":\"PropertyValueSpecification\",\"valueRequired\":true,\"valueName\":\"search_term_string\"}}],\"inLanguage\":\"en-US\"}]}<\/script>\n<!-- \/ Yoast SEO plugin. -->","yoast_head_json":{"title":"BlueSwan Pipette Controller","description":"Precise pipetting with handy and elegant design With full-featured functions, the BlueSwan pipette controller brings comfort and precision to your pipetting. Wall mount and self-inverted design saves your work space. The UV resistant cover and autoclavable nose cone, pipette holder and filter ensure decontamination. Furthermore, the light-weight and ergonomic design free you from fatigue and&hellip;","robots":{"index":"index","follow":"follow","max-snippet":"max-snippet:-1","max-image-preview":"max-image-preview:large","max-video-preview":"max-video-preview:-1"},"canonical":"Precise pipetting with handy and elegant design With full-featured functions, the BlueSwan pipette controller brings comfort and precision to your pipetting. Wall mount and self-inverted design saves your work space. The UV resistant cover and autoclavable nose cone, pipette holder and filter ensure decontamination. Furthermore, the light-weight and ergonomic design free you from fatigue and&hellip;","og_locale":"en_US","og_type":"article","og_title":"BlueSwan Pipette Controller","og_description":"Precise pipetting with handy and elegant design With full-featured functions, the BlueSwan pipette controller brings comfort and precision to your pipetting. Wall mount and self-inverted design saves your work space. The UV resistant cover and autoclavable nose cone, pipette holder and filter ensure decontamination. Furthermore, the light-weight and ergonomic design free you from fatigue and&hellip;","og_url":"https:\/\/biogroupvietnam.com\/en\/product\/blueswan-pipette-controller\/","og_site_name":"Biogroup Vietnam","article_modified_time":"2025-11-12T11:41:46+00:00","og_image":[{"width":1640,"height":1260,"url":"https:\/\/biogroupvietnam.com\/wp-content\/uploads\/2025\/08\/BlueSwan.jpg","type":"image\/jpeg"}],"twitter_card":"summary_large_image","twitter_misc":{"Est. reading time":"2 minutes"},"schema":{"@context":"https:\/\/schema.org","@graph":[{"@type":"WebPage","@id":"https:\/\/biogroupvietnam.com\/en\/product\/blueswan-pipette-controller\/","url":"https:\/\/biogroupvietnam.com\/en\/product\/blueswan-pipette-controller\/","name":"D\u1ee5ng C\u1ee5 Tr\u1ee3 H\u00fat Pipet \u0110i\u1ec7n T\u1eed BlueSwan","isPartOf":{"@id":"https:\/\/biogroupvietnam.com\/vi\/#website"},"primaryImageOfPage":{"@id":"https:\/\/biogroupvietnam.com\/en\/product\/blueswan-pipette-controller\/#primaryimage"},"image":{"@id":"https:\/\/biogroupvietnam.com\/en\/product\/blueswan-pipette-controller\/#primaryimage"},"thumbnailUrl":"https:\/\/biogroupvietnam.com\/wp-content\/uploads\/2025\/08\/BlueSwan.jpg","datePublished":"2025-08-18T12:51:47+00:00","dateModified":"2025-11-12T11:41:46+00:00","description":"D\u1ee5ng c\u1ee5 tr\u1ee3 h\u00fat pipet \u0111i\u1ec7n t\u1eed \u0111\u01b0\u1ee3c thi\u1ebft k\u1ebf t\u1ef1 ng\u01b0\u1ee3c (self-inverted) \u0111\u1ec3 c\u00f3 th\u1ec3 \u0111\u1ee9ng tr\u00ean b\u00e0n th\u00ed nghi\u1ec7m, gi\u00fap ti\u1ebft ki\u1ec7m kh\u00f4ng gian l\u00e0m vi\u1ec7c.","breadcrumb":{"@id":"https:\/\/biogroupvietnam.com\/en\/product\/blueswan-pipette-controller\/#breadcrumb"},"inLanguage":"en-US","potentialAction":[{"@type":"ReadAction","target":["https:\/\/biogroupvietnam.com\/en\/product\/blueswan-pipette-controller\/"]}]},{"@type":"ImageObject","inLanguage":"en-US","@id":"https:\/\/biogroupvietnam.com\/en\/product\/blueswan-pipette-controller\/#primaryimage","url":"https:\/\/biogroupvietnam.com\/wp-content\/uploads\/2025\/08\/BlueSwan.jpg","contentUrl":"https:\/\/biogroupvietnam.com\/wp-content\/uploads\/2025\/08\/BlueSwan.jpg","width":1640,"height":1260},{"@type":"BreadcrumbList","@id":"https:\/\/biogroupvietnam.com\/en\/product\/blueswan-pipette-controller\/#breadcrumb","itemListElement":[{"@type":"ListItem","position":1,"name":"Biogroup Vietnam | End-to-End Biotechnology Solutions","item":"https:\/\/biogroupvietnam.com\/vi\/"},{"@type":"ListItem","position":2,"name":"Product","item":"https:\/\/biogroupvietnam.com\/vi\/san-pham\/"},{"@type":"ListItem","position":3,"name":"Biological R&D","item":"https:\/\/biogroupvietnam.com\/vi\/danh-muc-san-pham\/rd-sinh-hoc\/"},{"@type":"ListItem","position":4,"name":"Biological Safety Cabinet","item":"https:\/\/biogroupvietnam.com\/vi\/danh-muc-san-pham\/tu-an-toan-sinh-hoc\/"},{"@type":"ListItem","position":5,"name":"BlueSwan Pipette Controller"}]},{"@type":"WebSite","@id":"https:\/\/biogroupvietnam.com\/en\/vi\/#website","url":"https:\/\/biogroupvietnam.com\/en\/vi\/","name":"Biogroup Vietnam","description":"Biogroup Vietnam cung c\u1ea5p d\u1ecbch v\u1ee5 k\u1ef9 thu\u1eadt c\u00f9ng thi\u1ebft b\u1ecb, v\u1eadt t\u01b0, h\u00f3a ch\u1ea5t v\u00e0 gi\u1ea3i ph\u00e1p sinh h\u1ecdc cho ph\u00f2ng th\u00ed nghi\u1ec7m c\u00f4ng ngh\u1ec7 sinh h\u1ecdc, y sinh v\u00e0 y h\u1ecdc t\u00e1i t\u1ea1o.","potentialAction":[{"@type":"SearchAction","target":{"@type":"EntryPoint","urlTemplate":"https:\/\/biogroupvietnam.com\/en\/vi\/?s={search_term_string}"},"query-input":{"@type":"PropertyValueSpecification","valueRequired":true,"valueName":"search_term_string"}}],"inLanguage":"en-US"}]}},"_links":{"self":[{"href":"https:\/\/biogroupvietnam.com\/en\/wp-json\/wp\/v2\/product\/3634","targetHints":{"allow":["GET"]}}],"collection":[{"href":"https:\/\/biogroupvietnam.com\/en\/wp-json\/wp\/v2\/product"}],"about":[{"href":"https:\/\/biogroupvietnam.com\/en\/wp-json\/wp\/v2\/types\/product"}],"replies":[{"embeddable":true,"href":"https:\/\/biogroupvietnam.com\/en\/wp-json\/wp\/v2\/comments?post=3634"}],"version-history":[{"count":4,"href":"https:\/\/biogroupvietnam.com\/en\/wp-json\/wp\/v2\/product\/3634\/revisions"}],"predecessor-version":[{"id":8809,"href":"https:\/\/biogroupvietnam.com\/en\/wp-json\/wp\/v2\/product\/3634\/revisions\/8809"}],"wp:featuredmedia":[{"embeddable":true,"href":"https:\/\/biogroupvietnam.com\/en\/wp-json\/wp\/v2\/media\/8916"}],"wp:attachment":[{"href":"https:\/\/biogroupvietnam.com\/en\/wp-json\/wp\/v2\/media?parent=3634"}],"wp:term":[{"taxonomy":"product_brand","embeddable":true,"href":"https:\/\/biogroupvietnam.com\/en\/wp-json\/wp\/v2\/product_brand?post=3634"},{"taxonomy":"product_cat","embeddable":true,"href":"https:\/\/biogroupvietnam.com\/en\/wp-json\/wp\/v2\/product_cat?post=3634"},{"taxonomy":"product_tag","embeddable":true,"href":"https:\/\/biogroupvietnam.com\/en\/wp-json\/wp\/v2\/product_tag?post=3634"}],"curies":[{"name":"wp","href":"https:\/\/api.w.org\/{rel}","templated":true}]}}