{"id":3645,"date":"2025-08-18T19:51:51","date_gmt":"2025-08-18T12:51:51","guid":{"rendered":"http:\/\/biogroupvietnam-worldpress.local\/product\/import-placeholder-for-42\/"},"modified":"2026-05-14T15:26:25","modified_gmt":"2026-05-14T08:26:25","slug":"tui-tissuevault-bao-quan-mo-dong-lanh","status":"publish","type":"product","link":"https:\/\/biogroupvietnam.com\/en\/product\/tissuevault-cryogenic-freezing-bag\/","title":{"rendered":"TissueVault\u2122 Cryogenic Freezing Bag"},"content":{"rendered":"<p>The OriGen <a href=\"https:\/\/www.origen.com\/products\/solid-tissue-cryopreservation\/tissuevault-cryogenic-freezing-bag#\">TissueVault\u2122 Freezing Bags<\/a> are indicated for use in freezing cells and tissues. For single use only.<\/p>\n","protected":false},"excerpt":{"rendered":"<p>The OriGen TissueVault\u2122 Freezing Bags are indicated for use in freezing cells and tissues. For single use only.<\/p>\n","protected":false},"featured_media":8989,"comment_status":"closed","ping_status":"closed","template":"","meta":{"_acf_changed":false},"product_brand":[124],"product_cat":[83],"product_tag":[],"class_list":{"0":"post-3645","1":"product","2":"type-product","3":"status-publish","4":"has-post-thumbnail","6":"product_brand-origen-biomedical","7":"product_cat-freezing-bag-for-stem-cell-blood-components","9":"first","10":"outofstock","11":"shipping-taxable","12":"product-type-simple"},"acf":[],"yoast_head":"<!-- This site is optimized with the Yoast SEO plugin v26.8 - https:\/\/yoast.com\/product\/yoast-seo-wordpress\/ -->\n<title>TissueVault\u2122 Cryogenic Freezing Bag<\/title>\n<meta name=\"description\" content=\"The OriGen TissueVault\u2122 Freezing Bags are indicated for use in freezing cells and tissues. For single use only.\" \/>\n<meta name=\"robots\" content=\"index, follow, max-snippet:-1, max-image-preview:large, max-video-preview:-1\" \/>\n<link rel=\"canonical\" href=\"http:\/\/The%20OriGen%20TissueVault\u2122%20Freezing%20Bags%20are%20indicated%20for%20use%20in%20freezing%20cells%20and%20tissues.%20For%20single%20use%20only.\" \/>\n<meta property=\"og:locale\" content=\"en_US\" \/>\n<meta property=\"og:type\" content=\"article\" \/>\n<meta property=\"og:title\" content=\"TissueVault\u2122 Cryogenic Freezing Bag\" \/>\n<meta property=\"og:description\" content=\"The OriGen TissueVault\u2122 Freezing Bags are indicated for use in freezing cells and tissues. For single use only.\" \/>\n<meta property=\"og:url\" content=\"https:\/\/biogroupvietnam.com\/en\/product\/tissuevault-cryogenic-freezing-bag\/\" \/>\n<meta property=\"og:site_name\" content=\"Biogroup Vietnam\" \/>\n<meta property=\"article:modified_time\" content=\"2026-05-14T08:26:25+00:00\" \/>\n<meta property=\"og:image\" content=\"https:\/\/biogroupvietnam.com\/wp-content\/uploads\/2025\/08\/TissueVault\u2122-Cell-Tissue-Freezing-Bag.jpg\" \/>\n\t<meta property=\"og:image:width\" content=\"1640\" \/>\n\t<meta property=\"og:image:height\" content=\"1260\" \/>\n\t<meta property=\"og:image:type\" content=\"image\/jpeg\" \/>\n<meta name=\"twitter:card\" content=\"summary_large_image\" \/>\n<meta name=\"twitter:label1\" content=\"Est. reading time\" \/>\n\t<meta name=\"twitter:data1\" content=\"2 minutes\" \/>\n<script type=\"application\/ld+json\" class=\"yoast-schema-graph\">{\"@context\":\"https:\/\/schema.org\",\"@graph\":[{\"@type\":\"WebPage\",\"@id\":\"https:\/\/biogroupvietnam.com\/en\/product\/tissuevault-cryogenic-freezing-bag\/\",\"url\":\"https:\/\/biogroupvietnam.com\/en\/product\/tissuevault-cryogenic-freezing-bag\/\",\"name\":\"T\u00fai TissueVault\u2122 B\u1ea3o Qu\u1ea3n M\u00f4 \u0110\u00f4ng L\u1ea1nh\",\"isPartOf\":{\"@id\":\"https:\/\/biogroupvietnam.com\/vi\/#website\"},\"primaryImageOfPage\":{\"@id\":\"https:\/\/biogroupvietnam.com\/en\/product\/tissuevault-cryogenic-freezing-bag\/#primaryimage\"},\"image\":{\"@id\":\"https:\/\/biogroupvietnam.com\/en\/product\/tissuevault-cryogenic-freezing-bag\/#primaryimage\"},\"thumbnailUrl\":\"https:\/\/biogroupvietnam.com\/wp-content\/uploads\/2025\/08\/TissueVault\u2122-Cell-Tissue-Freezing-Bag.jpg\",\"datePublished\":\"2025-08-18T12:51:51+00:00\",\"dateModified\":\"2026-05-14T08:26:25+00:00\",\"description\":\"T\u00fai b\u1ea3o qu\u1ea3n m\u00f4 v\u00e0 t\u1ebf b\u00e0o \u0111\u00f4ng l\u1ea1nh TissueVault\u2122 \u0111\u01b0\u1ee3c ch\u1ec9 \u0111\u1ecbnh \u0111\u1ec3 s\u1eed d\u1ee5ng trong b\u1ea3o qu\u1ea3n c\u00e1c t\u1ebf b\u00e0o v\u00e0 m\u00f4. Ch\u1ec9 s\u1eed d\u1ee5ng m\u1ed9t l\u1ea7n. Ch\u1ed1ng ch\u1ec9 \u0111\u1ecbnh cho c\u00e1c m\u1ee5c \u0111\u00edch s\u1eed d\u1ee5ng kh\u00e1c.\",\"breadcrumb\":{\"@id\":\"https:\/\/biogroupvietnam.com\/en\/product\/tissuevault-cryogenic-freezing-bag\/#breadcrumb\"},\"inLanguage\":\"en-US\",\"potentialAction\":[{\"@type\":\"ReadAction\",\"target\":[\"https:\/\/biogroupvietnam.com\/en\/product\/tissuevault-cryogenic-freezing-bag\/\"]}]},{\"@type\":\"ImageObject\",\"inLanguage\":\"en-US\",\"@id\":\"https:\/\/biogroupvietnam.com\/en\/product\/tissuevault-cryogenic-freezing-bag\/#primaryimage\",\"url\":\"https:\/\/biogroupvietnam.com\/wp-content\/uploads\/2025\/08\/TissueVault\u2122-Cell-Tissue-Freezing-Bag.jpg\",\"contentUrl\":\"https:\/\/biogroupvietnam.com\/wp-content\/uploads\/2025\/08\/TissueVault\u2122-Cell-Tissue-Freezing-Bag.jpg\",\"width\":1640,\"height\":1260},{\"@type\":\"BreadcrumbList\",\"@id\":\"https:\/\/biogroupvietnam.com\/en\/product\/tissuevault-cryogenic-freezing-bag\/#breadcrumb\",\"itemListElement\":[{\"@type\":\"ListItem\",\"position\":1,\"name\":\"Biogroup Vietnam | End-to-End Biotechnology Solutions\",\"item\":\"https:\/\/biogroupvietnam.com\/vi\/\"},{\"@type\":\"ListItem\",\"position\":2,\"name\":\"Product\",\"item\":\"https:\/\/biogroupvietnam.com\/vi\/san-pham\/\"},{\"@type\":\"ListItem\",\"position\":3,\"name\":\"Cell Processing\",\"item\":\"https:\/\/biogroupvietnam.com\/vi\/danh-muc-san-pham\/xu-ly-te-bao\/\"},{\"@type\":\"ListItem\",\"position\":4,\"name\":\"Freezing Bag for Stem Cell, Blood components\",\"item\":\"https:\/\/biogroupvietnam.com\/vi\/danh-muc-san-pham\/tui-luu-tru-te-bao-goc-cac-thanh-phan-mau\/\"},{\"@type\":\"ListItem\",\"position\":5,\"name\":\"TissueVault\u2122 Cryogenic Freezing Bag\"}]},{\"@type\":\"WebSite\",\"@id\":\"https:\/\/biogroupvietnam.com\/en\/vi\/#website\",\"url\":\"https:\/\/biogroupvietnam.com\/en\/vi\/\",\"name\":\"Biogroup Vietnam\",\"description\":\"Biogroup Vietnam cung c\u1ea5p d\u1ecbch v\u1ee5 k\u1ef9 thu\u1eadt c\u00f9ng thi\u1ebft b\u1ecb, v\u1eadt t\u01b0, h\u00f3a ch\u1ea5t v\u00e0 gi\u1ea3i ph\u00e1p sinh h\u1ecdc cho ph\u00f2ng th\u00ed nghi\u1ec7m c\u00f4ng ngh\u1ec7 sinh h\u1ecdc, y sinh v\u00e0 y h\u1ecdc t\u00e1i t\u1ea1o.\",\"potentialAction\":[{\"@type\":\"SearchAction\",\"target\":{\"@type\":\"EntryPoint\",\"urlTemplate\":\"https:\/\/biogroupvietnam.com\/en\/vi\/?s={search_term_string}\"},\"query-input\":{\"@type\":\"PropertyValueSpecification\",\"valueRequired\":true,\"valueName\":\"search_term_string\"}}],\"inLanguage\":\"en-US\"}]}<\/script>\n<!-- \/ Yoast SEO plugin. -->","yoast_head_json":{"title":"TissueVault\u2122 Cryogenic Freezing Bag","description":"The OriGen TissueVault\u2122 Freezing Bags are indicated for use in freezing cells and tissues. For single use only.","robots":{"index":"index","follow":"follow","max-snippet":"max-snippet:-1","max-image-preview":"max-image-preview:large","max-video-preview":"max-video-preview:-1"},"canonical":"The OriGen TissueVault\u2122 Freezing Bags are indicated for use in freezing cells and tissues. For single use only.","og_locale":"en_US","og_type":"article","og_title":"TissueVault\u2122 Cryogenic Freezing Bag","og_description":"The OriGen TissueVault\u2122 Freezing Bags are indicated for use in freezing cells and tissues. For single use only.","og_url":"https:\/\/biogroupvietnam.com\/en\/product\/tissuevault-cryogenic-freezing-bag\/","og_site_name":"Biogroup Vietnam","article_modified_time":"2026-05-14T08:26:25+00:00","og_image":[{"width":1640,"height":1260,"url":"https:\/\/biogroupvietnam.com\/wp-content\/uploads\/2025\/08\/TissueVault\u2122-Cell-Tissue-Freezing-Bag.jpg","type":"image\/jpeg"}],"twitter_card":"summary_large_image","twitter_misc":{"Est. reading time":"2 minutes"},"schema":{"@context":"https:\/\/schema.org","@graph":[{"@type":"WebPage","@id":"https:\/\/biogroupvietnam.com\/en\/product\/tissuevault-cryogenic-freezing-bag\/","url":"https:\/\/biogroupvietnam.com\/en\/product\/tissuevault-cryogenic-freezing-bag\/","name":"T\u00fai TissueVault\u2122 B\u1ea3o Qu\u1ea3n M\u00f4 \u0110\u00f4ng L\u1ea1nh","isPartOf":{"@id":"https:\/\/biogroupvietnam.com\/vi\/#website"},"primaryImageOfPage":{"@id":"https:\/\/biogroupvietnam.com\/en\/product\/tissuevault-cryogenic-freezing-bag\/#primaryimage"},"image":{"@id":"https:\/\/biogroupvietnam.com\/en\/product\/tissuevault-cryogenic-freezing-bag\/#primaryimage"},"thumbnailUrl":"https:\/\/biogroupvietnam.com\/wp-content\/uploads\/2025\/08\/TissueVault\u2122-Cell-Tissue-Freezing-Bag.jpg","datePublished":"2025-08-18T12:51:51+00:00","dateModified":"2026-05-14T08:26:25+00:00","description":"T\u00fai b\u1ea3o qu\u1ea3n m\u00f4 v\u00e0 t\u1ebf b\u00e0o \u0111\u00f4ng l\u1ea1nh TissueVault\u2122 \u0111\u01b0\u1ee3c ch\u1ec9 \u0111\u1ecbnh \u0111\u1ec3 s\u1eed d\u1ee5ng trong b\u1ea3o qu\u1ea3n c\u00e1c t\u1ebf b\u00e0o v\u00e0 m\u00f4. Ch\u1ec9 s\u1eed d\u1ee5ng m\u1ed9t l\u1ea7n. Ch\u1ed1ng ch\u1ec9 \u0111\u1ecbnh cho c\u00e1c m\u1ee5c \u0111\u00edch s\u1eed d\u1ee5ng kh\u00e1c.","breadcrumb":{"@id":"https:\/\/biogroupvietnam.com\/en\/product\/tissuevault-cryogenic-freezing-bag\/#breadcrumb"},"inLanguage":"en-US","potentialAction":[{"@type":"ReadAction","target":["https:\/\/biogroupvietnam.com\/en\/product\/tissuevault-cryogenic-freezing-bag\/"]}]},{"@type":"ImageObject","inLanguage":"en-US","@id":"https:\/\/biogroupvietnam.com\/en\/product\/tissuevault-cryogenic-freezing-bag\/#primaryimage","url":"https:\/\/biogroupvietnam.com\/wp-content\/uploads\/2025\/08\/TissueVault\u2122-Cell-Tissue-Freezing-Bag.jpg","contentUrl":"https:\/\/biogroupvietnam.com\/wp-content\/uploads\/2025\/08\/TissueVault\u2122-Cell-Tissue-Freezing-Bag.jpg","width":1640,"height":1260},{"@type":"BreadcrumbList","@id":"https:\/\/biogroupvietnam.com\/en\/product\/tissuevault-cryogenic-freezing-bag\/#breadcrumb","itemListElement":[{"@type":"ListItem","position":1,"name":"Biogroup Vietnam | End-to-End Biotechnology Solutions","item":"https:\/\/biogroupvietnam.com\/vi\/"},{"@type":"ListItem","position":2,"name":"Product","item":"https:\/\/biogroupvietnam.com\/vi\/san-pham\/"},{"@type":"ListItem","position":3,"name":"Cell Processing","item":"https:\/\/biogroupvietnam.com\/vi\/danh-muc-san-pham\/xu-ly-te-bao\/"},{"@type":"ListItem","position":4,"name":"Freezing Bag for Stem Cell, Blood components","item":"https:\/\/biogroupvietnam.com\/vi\/danh-muc-san-pham\/tui-luu-tru-te-bao-goc-cac-thanh-phan-mau\/"},{"@type":"ListItem","position":5,"name":"TissueVault\u2122 Cryogenic Freezing Bag"}]},{"@type":"WebSite","@id":"https:\/\/biogroupvietnam.com\/en\/vi\/#website","url":"https:\/\/biogroupvietnam.com\/en\/vi\/","name":"Biogroup Vietnam","description":"Biogroup Vietnam cung c\u1ea5p d\u1ecbch v\u1ee5 k\u1ef9 thu\u1eadt c\u00f9ng thi\u1ebft b\u1ecb, v\u1eadt t\u01b0, h\u00f3a ch\u1ea5t v\u00e0 gi\u1ea3i ph\u00e1p sinh h\u1ecdc cho ph\u00f2ng th\u00ed nghi\u1ec7m c\u00f4ng ngh\u1ec7 sinh h\u1ecdc, y sinh v\u00e0 y h\u1ecdc t\u00e1i t\u1ea1o.","potentialAction":[{"@type":"SearchAction","target":{"@type":"EntryPoint","urlTemplate":"https:\/\/biogroupvietnam.com\/en\/vi\/?s={search_term_string}"},"query-input":{"@type":"PropertyValueSpecification","valueRequired":true,"valueName":"search_term_string"}}],"inLanguage":"en-US"}]}},"_links":{"self":[{"href":"https:\/\/biogroupvietnam.com\/en\/wp-json\/wp\/v2\/product\/3645","targetHints":{"allow":["GET"]}}],"collection":[{"href":"https:\/\/biogroupvietnam.com\/en\/wp-json\/wp\/v2\/product"}],"about":[{"href":"https:\/\/biogroupvietnam.com\/en\/wp-json\/wp\/v2\/types\/product"}],"replies":[{"embeddable":true,"href":"https:\/\/biogroupvietnam.com\/en\/wp-json\/wp\/v2\/comments?post=3645"}],"version-history":[{"count":11,"href":"https:\/\/biogroupvietnam.com\/en\/wp-json\/wp\/v2\/product\/3645\/revisions"}],"predecessor-version":[{"id":10537,"href":"https:\/\/biogroupvietnam.com\/en\/wp-json\/wp\/v2\/product\/3645\/revisions\/10537"}],"wp:featuredmedia":[{"embeddable":true,"href":"https:\/\/biogroupvietnam.com\/en\/wp-json\/wp\/v2\/media\/8989"}],"wp:attachment":[{"href":"https:\/\/biogroupvietnam.com\/en\/wp-json\/wp\/v2\/media?parent=3645"}],"wp:term":[{"taxonomy":"product_brand","embeddable":true,"href":"https:\/\/biogroupvietnam.com\/en\/wp-json\/wp\/v2\/product_brand?post=3645"},{"taxonomy":"product_cat","embeddable":true,"href":"https:\/\/biogroupvietnam.com\/en\/wp-json\/wp\/v2\/product_cat?post=3645"},{"taxonomy":"product_tag","embeddable":true,"href":"https:\/\/biogroupvietnam.com\/en\/wp-json\/wp\/v2\/product_tag?post=3645"}],"curies":[{"name":"wp","href":"https:\/\/api.w.org\/{rel}","templated":true}]}}