{"id":3646,"date":"2025-08-18T19:51:52","date_gmt":"2025-08-18T12:51:52","guid":{"rendered":"http:\/\/biogroupvietnam-worldpress.local\/product\/import-placeholder-for-43\/"},"modified":"2025-11-12T18:36:29","modified_gmt":"2025-11-12T11:36:29","slug":"may-u-nhiet-kho","status":"publish","type":"product","link":"https:\/\/biogroupvietnam.com\/en\/product\/myblock-hl-mini-dry-bath-with-heated-lid\/","title":{"rendered":"MYBLOCK\u2122 HL MINI DRY BATH WITH HEATED LID"},"content":{"rendered":"<p>The new MyBlock\u2122 HL is the first and only mini heat block featuring a heated lid for protecting samples against unwanted condensation and evaporation. Both the block and lid temperature can be selected independently in increments of 0.1\u00b0C, making this MyBlock the ideal choice for the most temperature sensitive applications, including immunoassays, LAMP assays, enzyme reactions &amp; other temperature hyper-sensitive procedures.<\/p>\n","protected":false},"excerpt":{"rendered":"<p>The new MyBlock\u2122 HL is the first and only mini heat block featuring a heated lid for protecting samples against unwanted condensation and evaporation. Both the block and lid temperature can be selected independently in increments of 0.1\u00b0C, making this MyBlock the ideal choice for the most temperature sensitive applications, including immunoassays, LAMP assays, enzyme<\/p>\n<div class=\"klb-readmore post-buttons\"><a class=\"button rounded primary\" href=\"https:\/\/biogroupvietnam.com\/en\/product\/myblock-hl-mini-dry-bath-with-heated-lid\/\">Read More <i class=\"klbth-icon-right-arrow\"><\/i><\/a><\/div>\n","protected":false},"featured_media":8908,"comment_status":"closed","ping_status":"closed","template":"","meta":{"_acf_changed":false},"product_brand":[138],"product_cat":[121],"product_tag":[],"class_list":{"0":"post-3646","1":"product","2":"type-product","3":"status-publish","4":"has-post-thumbnail","6":"product_brand-benchmark-scientific","7":"product_cat-tu-an-toan-sinh-hoc","9":"first","10":"outofstock","11":"shipping-taxable","12":"product-type-simple"},"acf":[],"yoast_head":"<!-- This site is optimized with the Yoast SEO plugin v26.8 - https:\/\/yoast.com\/product\/yoast-seo-wordpress\/ -->\n<title>MYBLOCK\u2122 HL MINI DRY BATH WITH HEATED LID<\/title>\n<meta name=\"description\" content=\"The new MyBlock\u2122 HL is the first and only mini heat block featuring a heated lid for protecting samples against unwanted condensation and evaporation. Both the block and lid temperature can be selected independently in increments of 0.1\u00b0C, making this MyBlock the ideal choice for the most temperature sensitive applications, including immunoassays, LAMP assays, enzyme&hellip;\" \/>\n<meta name=\"robots\" content=\"index, follow, max-snippet:-1, max-image-preview:large, max-video-preview:-1\" \/>\n<link rel=\"canonical\" href=\"http:\/\/The%20new%20MyBlock\u2122%20HL%20is%20the%20first%20and%20only%20mini%20heat%20block%20featuring%20a%20heated%20lid%20for%20protecting%20samples%20against%20unwanted%20condensation%20and%20evaporation.%20Both%20the%20block%20and%20lid%20temperature%20can%20be%20selected%20independently%20in%20increments%20of%200.1\u00b0C,%20making%20this%20MyBlock%20the%20ideal%20choice%20for%20the%20most%20temperature%20sensitive%20applications,%20including%20immunoassays,%20LAMP%20assays,%20enzyme&hellip;\" \/>\n<meta property=\"og:locale\" content=\"en_US\" \/>\n<meta property=\"og:type\" content=\"article\" \/>\n<meta property=\"og:title\" content=\"MYBLOCK\u2122 HL MINI DRY BATH WITH HEATED LID\" \/>\n<meta property=\"og:description\" content=\"The new MyBlock\u2122 HL is the first and only mini heat block featuring a heated lid for protecting samples against unwanted condensation and evaporation. Both the block and lid temperature can be selected independently in increments of 0.1\u00b0C, making this MyBlock the ideal choice for the most temperature sensitive applications, including immunoassays, LAMP assays, enzyme&hellip;\" \/>\n<meta property=\"og:url\" content=\"https:\/\/biogroupvietnam.com\/en\/product\/myblock-hl-mini-dry-bath-with-heated-lid\/\" \/>\n<meta property=\"og:site_name\" content=\"Biogroup Vietnam\" \/>\n<meta property=\"article:modified_time\" content=\"2025-11-12T11:36:29+00:00\" \/>\n<meta property=\"og:image\" content=\"https:\/\/biogroupvietnam.com\/wp-content\/uploads\/2025\/08\/myBlock\u2122-HL-Mini-Dry-Bath-with-Heated-Lid.jpg\" \/>\n\t<meta property=\"og:image:width\" content=\"1640\" \/>\n\t<meta property=\"og:image:height\" content=\"1260\" \/>\n\t<meta property=\"og:image:type\" content=\"image\/jpeg\" \/>\n<meta name=\"twitter:card\" content=\"summary_large_image\" \/>\n<meta name=\"twitter:label1\" content=\"Est. reading time\" \/>\n\t<meta name=\"twitter:data1\" content=\"1 minute\" \/>\n<script type=\"application\/ld+json\" class=\"yoast-schema-graph\">{\"@context\":\"https:\/\/schema.org\",\"@graph\":[{\"@type\":\"WebPage\",\"@id\":\"https:\/\/biogroupvietnam.com\/en\/product\/myblock-hl-mini-dry-bath-with-heated-lid\/\",\"url\":\"https:\/\/biogroupvietnam.com\/en\/product\/myblock-hl-mini-dry-bath-with-heated-lid\/\",\"name\":\"M\u00e1y \u1ee7 nhi\u1ec7t kh\u00f4\",\"isPartOf\":{\"@id\":\"https:\/\/biogroupvietnam.com\/vi\/#website\"},\"primaryImageOfPage\":{\"@id\":\"https:\/\/biogroupvietnam.com\/en\/product\/myblock-hl-mini-dry-bath-with-heated-lid\/#primaryimage\"},\"image\":{\"@id\":\"https:\/\/biogroupvietnam.com\/en\/product\/myblock-hl-mini-dry-bath-with-heated-lid\/#primaryimage\"},\"thumbnailUrl\":\"https:\/\/biogroupvietnam.com\/wp-content\/uploads\/2025\/08\/myBlock\u2122-HL-Mini-Dry-Bath-with-Heated-Lid.jpg\",\"datePublished\":\"2025-08-18T12:51:52+00:00\",\"dateModified\":\"2025-11-12T11:36:29+00:00\",\"description\":\"MyBlock HL m\u1edbi l\u00e0 kh\u1ed1i nhi\u1ec7t nh\u1ecf \u0111\u1ea7u ti\u00ean v\u00e0 duy nh\u1ea5t c\u00f3 t\u00ednh n\u0103ng n\u1eafp s\u01b0\u1edfi \u0111\u1ec3 b\u1ea3o v\u1ec7 m\u1eabu ch\u1ed1ng l\u1ea1i s\u1ef1 ng\u01b0ng t\u1ee5 v\u00e0 bay h\u01a1i kh\u00f4ng mong mu\u1ed1n.\",\"breadcrumb\":{\"@id\":\"https:\/\/biogroupvietnam.com\/en\/product\/myblock-hl-mini-dry-bath-with-heated-lid\/#breadcrumb\"},\"inLanguage\":\"en-US\",\"potentialAction\":[{\"@type\":\"ReadAction\",\"target\":[\"https:\/\/biogroupvietnam.com\/en\/product\/myblock-hl-mini-dry-bath-with-heated-lid\/\"]}]},{\"@type\":\"ImageObject\",\"inLanguage\":\"en-US\",\"@id\":\"https:\/\/biogroupvietnam.com\/en\/product\/myblock-hl-mini-dry-bath-with-heated-lid\/#primaryimage\",\"url\":\"https:\/\/biogroupvietnam.com\/wp-content\/uploads\/2025\/08\/myBlock\u2122-HL-Mini-Dry-Bath-with-Heated-Lid.jpg\",\"contentUrl\":\"https:\/\/biogroupvietnam.com\/wp-content\/uploads\/2025\/08\/myBlock\u2122-HL-Mini-Dry-Bath-with-Heated-Lid.jpg\",\"width\":1640,\"height\":1260},{\"@type\":\"BreadcrumbList\",\"@id\":\"https:\/\/biogroupvietnam.com\/en\/product\/myblock-hl-mini-dry-bath-with-heated-lid\/#breadcrumb\",\"itemListElement\":[{\"@type\":\"ListItem\",\"position\":1,\"name\":\"Biogroup Vietnam | End-to-End Biotechnology Solutions\",\"item\":\"https:\/\/biogroupvietnam.com\/vi\/\"},{\"@type\":\"ListItem\",\"position\":2,\"name\":\"Product\",\"item\":\"https:\/\/biogroupvietnam.com\/vi\/san-pham\/\"},{\"@type\":\"ListItem\",\"position\":3,\"name\":\"Biological R&D\",\"item\":\"https:\/\/biogroupvietnam.com\/vi\/danh-muc-san-pham\/rd-sinh-hoc\/\"},{\"@type\":\"ListItem\",\"position\":4,\"name\":\"Biological Safety Cabinet\",\"item\":\"https:\/\/biogroupvietnam.com\/vi\/danh-muc-san-pham\/tu-an-toan-sinh-hoc\/\"},{\"@type\":\"ListItem\",\"position\":5,\"name\":\"MYBLOCK\u2122 HL MINI DRY BATH WITH HEATED LID\"}]},{\"@type\":\"WebSite\",\"@id\":\"https:\/\/biogroupvietnam.com\/en\/vi\/#website\",\"url\":\"https:\/\/biogroupvietnam.com\/en\/vi\/\",\"name\":\"Biogroup Vietnam\",\"description\":\"Biogroup Vietnam cung c\u1ea5p d\u1ecbch v\u1ee5 k\u1ef9 thu\u1eadt c\u00f9ng thi\u1ebft b\u1ecb, v\u1eadt t\u01b0, h\u00f3a ch\u1ea5t v\u00e0 gi\u1ea3i ph\u00e1p sinh h\u1ecdc cho ph\u00f2ng th\u00ed nghi\u1ec7m c\u00f4ng ngh\u1ec7 sinh h\u1ecdc, y sinh v\u00e0 y h\u1ecdc t\u00e1i t\u1ea1o.\",\"potentialAction\":[{\"@type\":\"SearchAction\",\"target\":{\"@type\":\"EntryPoint\",\"urlTemplate\":\"https:\/\/biogroupvietnam.com\/en\/vi\/?s={search_term_string}\"},\"query-input\":{\"@type\":\"PropertyValueSpecification\",\"valueRequired\":true,\"valueName\":\"search_term_string\"}}],\"inLanguage\":\"en-US\"}]}<\/script>\n<!-- \/ Yoast SEO plugin. -->","yoast_head_json":{"title":"MYBLOCK\u2122 HL MINI DRY BATH WITH HEATED LID","description":"The new MyBlock\u2122 HL is the first and only mini heat block featuring a heated lid for protecting samples against unwanted condensation and evaporation. Both the block and lid temperature can be selected independently in increments of 0.1\u00b0C, making this MyBlock the ideal choice for the most temperature sensitive applications, including immunoassays, LAMP assays, enzyme&hellip;","robots":{"index":"index","follow":"follow","max-snippet":"max-snippet:-1","max-image-preview":"max-image-preview:large","max-video-preview":"max-video-preview:-1"},"canonical":"The new MyBlock\u2122 HL is the first and only mini heat block featuring a heated lid for protecting samples against unwanted condensation and evaporation. Both the block and lid temperature can be selected independently in increments of 0.1\u00b0C, making this MyBlock the ideal choice for the most temperature sensitive applications, including immunoassays, LAMP assays, enzyme&hellip;","og_locale":"en_US","og_type":"article","og_title":"MYBLOCK\u2122 HL MINI DRY BATH WITH HEATED LID","og_description":"The new MyBlock\u2122 HL is the first and only mini heat block featuring a heated lid for protecting samples against unwanted condensation and evaporation. Both the block and lid temperature can be selected independently in increments of 0.1\u00b0C, making this MyBlock the ideal choice for the most temperature sensitive applications, including immunoassays, LAMP assays, enzyme&hellip;","og_url":"https:\/\/biogroupvietnam.com\/en\/product\/myblock-hl-mini-dry-bath-with-heated-lid\/","og_site_name":"Biogroup Vietnam","article_modified_time":"2025-11-12T11:36:29+00:00","og_image":[{"width":1640,"height":1260,"url":"https:\/\/biogroupvietnam.com\/wp-content\/uploads\/2025\/08\/myBlock\u2122-HL-Mini-Dry-Bath-with-Heated-Lid.jpg","type":"image\/jpeg"}],"twitter_card":"summary_large_image","twitter_misc":{"Est. reading time":"1 minute"},"schema":{"@context":"https:\/\/schema.org","@graph":[{"@type":"WebPage","@id":"https:\/\/biogroupvietnam.com\/en\/product\/myblock-hl-mini-dry-bath-with-heated-lid\/","url":"https:\/\/biogroupvietnam.com\/en\/product\/myblock-hl-mini-dry-bath-with-heated-lid\/","name":"M\u00e1y \u1ee7 nhi\u1ec7t kh\u00f4","isPartOf":{"@id":"https:\/\/biogroupvietnam.com\/vi\/#website"},"primaryImageOfPage":{"@id":"https:\/\/biogroupvietnam.com\/en\/product\/myblock-hl-mini-dry-bath-with-heated-lid\/#primaryimage"},"image":{"@id":"https:\/\/biogroupvietnam.com\/en\/product\/myblock-hl-mini-dry-bath-with-heated-lid\/#primaryimage"},"thumbnailUrl":"https:\/\/biogroupvietnam.com\/wp-content\/uploads\/2025\/08\/myBlock\u2122-HL-Mini-Dry-Bath-with-Heated-Lid.jpg","datePublished":"2025-08-18T12:51:52+00:00","dateModified":"2025-11-12T11:36:29+00:00","description":"MyBlock HL m\u1edbi l\u00e0 kh\u1ed1i nhi\u1ec7t nh\u1ecf \u0111\u1ea7u ti\u00ean v\u00e0 duy nh\u1ea5t c\u00f3 t\u00ednh n\u0103ng n\u1eafp s\u01b0\u1edfi \u0111\u1ec3 b\u1ea3o v\u1ec7 m\u1eabu ch\u1ed1ng l\u1ea1i s\u1ef1 ng\u01b0ng t\u1ee5 v\u00e0 bay h\u01a1i kh\u00f4ng mong mu\u1ed1n.","breadcrumb":{"@id":"https:\/\/biogroupvietnam.com\/en\/product\/myblock-hl-mini-dry-bath-with-heated-lid\/#breadcrumb"},"inLanguage":"en-US","potentialAction":[{"@type":"ReadAction","target":["https:\/\/biogroupvietnam.com\/en\/product\/myblock-hl-mini-dry-bath-with-heated-lid\/"]}]},{"@type":"ImageObject","inLanguage":"en-US","@id":"https:\/\/biogroupvietnam.com\/en\/product\/myblock-hl-mini-dry-bath-with-heated-lid\/#primaryimage","url":"https:\/\/biogroupvietnam.com\/wp-content\/uploads\/2025\/08\/myBlock\u2122-HL-Mini-Dry-Bath-with-Heated-Lid.jpg","contentUrl":"https:\/\/biogroupvietnam.com\/wp-content\/uploads\/2025\/08\/myBlock\u2122-HL-Mini-Dry-Bath-with-Heated-Lid.jpg","width":1640,"height":1260},{"@type":"BreadcrumbList","@id":"https:\/\/biogroupvietnam.com\/en\/product\/myblock-hl-mini-dry-bath-with-heated-lid\/#breadcrumb","itemListElement":[{"@type":"ListItem","position":1,"name":"Biogroup Vietnam | End-to-End Biotechnology Solutions","item":"https:\/\/biogroupvietnam.com\/vi\/"},{"@type":"ListItem","position":2,"name":"Product","item":"https:\/\/biogroupvietnam.com\/vi\/san-pham\/"},{"@type":"ListItem","position":3,"name":"Biological R&D","item":"https:\/\/biogroupvietnam.com\/vi\/danh-muc-san-pham\/rd-sinh-hoc\/"},{"@type":"ListItem","position":4,"name":"Biological Safety Cabinet","item":"https:\/\/biogroupvietnam.com\/vi\/danh-muc-san-pham\/tu-an-toan-sinh-hoc\/"},{"@type":"ListItem","position":5,"name":"MYBLOCK\u2122 HL MINI DRY BATH WITH HEATED LID"}]},{"@type":"WebSite","@id":"https:\/\/biogroupvietnam.com\/en\/vi\/#website","url":"https:\/\/biogroupvietnam.com\/en\/vi\/","name":"Biogroup Vietnam","description":"Biogroup Vietnam cung c\u1ea5p d\u1ecbch v\u1ee5 k\u1ef9 thu\u1eadt c\u00f9ng thi\u1ebft b\u1ecb, v\u1eadt t\u01b0, h\u00f3a ch\u1ea5t v\u00e0 gi\u1ea3i ph\u00e1p sinh h\u1ecdc cho ph\u00f2ng th\u00ed nghi\u1ec7m c\u00f4ng ngh\u1ec7 sinh h\u1ecdc, y sinh v\u00e0 y h\u1ecdc t\u00e1i t\u1ea1o.","potentialAction":[{"@type":"SearchAction","target":{"@type":"EntryPoint","urlTemplate":"https:\/\/biogroupvietnam.com\/en\/vi\/?s={search_term_string}"},"query-input":{"@type":"PropertyValueSpecification","valueRequired":true,"valueName":"search_term_string"}}],"inLanguage":"en-US"}]}},"_links":{"self":[{"href":"https:\/\/biogroupvietnam.com\/en\/wp-json\/wp\/v2\/product\/3646","targetHints":{"allow":["GET"]}}],"collection":[{"href":"https:\/\/biogroupvietnam.com\/en\/wp-json\/wp\/v2\/product"}],"about":[{"href":"https:\/\/biogroupvietnam.com\/en\/wp-json\/wp\/v2\/types\/product"}],"replies":[{"embeddable":true,"href":"https:\/\/biogroupvietnam.com\/en\/wp-json\/wp\/v2\/comments?post=3646"}],"version-history":[{"count":5,"href":"https:\/\/biogroupvietnam.com\/en\/wp-json\/wp\/v2\/product\/3646\/revisions"}],"predecessor-version":[{"id":8909,"href":"https:\/\/biogroupvietnam.com\/en\/wp-json\/wp\/v2\/product\/3646\/revisions\/8909"}],"wp:featuredmedia":[{"embeddable":true,"href":"https:\/\/biogroupvietnam.com\/en\/wp-json\/wp\/v2\/media\/8908"}],"wp:attachment":[{"href":"https:\/\/biogroupvietnam.com\/en\/wp-json\/wp\/v2\/media?parent=3646"}],"wp:term":[{"taxonomy":"product_brand","embeddable":true,"href":"https:\/\/biogroupvietnam.com\/en\/wp-json\/wp\/v2\/product_brand?post=3646"},{"taxonomy":"product_cat","embeddable":true,"href":"https:\/\/biogroupvietnam.com\/en\/wp-json\/wp\/v2\/product_cat?post=3646"},{"taxonomy":"product_tag","embeddable":true,"href":"https:\/\/biogroupvietnam.com\/en\/wp-json\/wp\/v2\/product_tag?post=3646"}],"curies":[{"name":"wp","href":"https:\/\/api.w.org\/{rel}","templated":true}]}}