{"id":3686,"date":"2025-08-18T19:52:18","date_gmt":"2025-08-18T12:52:18","guid":{"rendered":"http:\/\/biogroupvietnam-worldpress.local\/product\/import-placeholder-for-60\/"},"modified":"2026-04-06T13:57:56","modified_gmt":"2026-04-06T06:57:56","slug":"immunoculttm-xf","status":"publish","type":"product","link":"https:\/\/biogroupvietnam.com\/en\/product\/immunocult-xf\/","title":{"rendered":"ImmunoCult\u2122-XF"},"content":{"rendered":"<p><a href=\"https:\/\/www.stemcell.com\/products\/immunocult-xf.html\">ImmunoCult\u2122-XF<\/a>&nbsp;is a cGMP, serum-free, and xeno-free medium for the expansion of human T cells<\/p>\n","protected":false},"excerpt":{"rendered":"<p>ImmunoCult\u2122-XF&nbsp;is a cGMP, serum-free, and xeno-free medium for the expansion of human T cells<\/p>\n","protected":false},"featured_media":10231,"comment_status":"closed","ping_status":"closed","template":"","meta":{"_acf_changed":false},"product_brand":[127],"product_cat":[93],"product_tag":[],"class_list":{"0":"post-3686","1":"product","2":"type-product","3":"status-publish","4":"has-post-thumbnail","6":"product_brand-stemcell-technologies","7":"product_cat-immune-cell","9":"first","10":"outofstock","11":"shipping-taxable","12":"product-type-simple"},"acf":[],"yoast_head":"<!-- This site is optimized with the Yoast SEO plugin v26.8 - https:\/\/yoast.com\/product\/yoast-seo-wordpress\/ -->\n<title>ImmunoCult\u2122-XF<\/title>\n<meta name=\"description\" content=\"ImmunoCult\u2122-XF&nbsp;is a cGMP, serum-free, and xeno-free medium for the expansion of human T cells\" \/>\n<meta name=\"robots\" content=\"index, follow, max-snippet:-1, max-image-preview:large, max-video-preview:-1\" \/>\n<link rel=\"canonical\" href=\"http:\/\/ImmunoCult\u2122-XF&nbsp;is%20a%20cGMP,%20serum-free,%20and%20xeno-free%20medium%20for%20the%20expansion%20of%20human%20T%20cells\" \/>\n<meta property=\"og:locale\" content=\"en_US\" \/>\n<meta property=\"og:type\" content=\"article\" \/>\n<meta property=\"og:title\" content=\"ImmunoCult\u2122-XF\" \/>\n<meta property=\"og:description\" content=\"ImmunoCult\u2122-XF&nbsp;is a cGMP, serum-free, and xeno-free medium for the expansion of human T cells\" \/>\n<meta property=\"og:url\" content=\"https:\/\/biogroupvietnam.com\/en\/product\/immunocult-xf\/\" \/>\n<meta property=\"og:site_name\" content=\"Biogroup Vietnam\" \/>\n<meta property=\"article:modified_time\" content=\"2026-04-06T06:57:56+00:00\" \/>\n<meta property=\"og:image\" content=\"https:\/\/biogroupvietnam.com\/wp-content\/uploads\/2025\/08\/moi-truong-nuoi-cay-te-bao-immunocult-xf.jpg\" \/>\n\t<meta property=\"og:image:width\" content=\"1640\" \/>\n\t<meta property=\"og:image:height\" content=\"1260\" \/>\n\t<meta property=\"og:image:type\" content=\"image\/jpeg\" \/>\n<meta name=\"twitter:card\" content=\"summary_large_image\" \/>\n<meta name=\"twitter:label1\" content=\"Est. reading time\" \/>\n\t<meta name=\"twitter:data1\" content=\"5 minutes\" \/>\n<script type=\"application\/ld+json\" class=\"yoast-schema-graph\">{\"@context\":\"https:\/\/schema.org\",\"@graph\":[{\"@type\":\"WebPage\",\"@id\":\"https:\/\/biogroupvietnam.com\/en\/product\/immunocult-xf\/\",\"url\":\"https:\/\/biogroupvietnam.com\/en\/product\/immunocult-xf\/\",\"name\":\"M\u00f4i Tr\u01b0\u1eddng Nu\u00f4i C\u1ea5y T\u1ebf B\u00e0o ImmunoCult\u2122-XF\",\"isPartOf\":{\"@id\":\"https:\/\/biogroupvietnam.com\/vi\/#website\"},\"primaryImageOfPage\":{\"@id\":\"https:\/\/biogroupvietnam.com\/en\/product\/immunocult-xf\/#primaryimage\"},\"image\":{\"@id\":\"https:\/\/biogroupvietnam.com\/en\/product\/immunocult-xf\/#primaryimage\"},\"thumbnailUrl\":\"https:\/\/biogroupvietnam.com\/wp-content\/uploads\/2025\/08\/moi-truong-nuoi-cay-te-bao-immunocult-xf.jpg\",\"datePublished\":\"2025-08-18T12:52:18+00:00\",\"dateModified\":\"2026-04-06T06:57:56+00:00\",\"description\":\"M\u00f4i tr\u01b0\u1eddng t\u0103ng sinh t\u1ebf b\u00e0o T c\u1ee7a ng\u01b0\u1eddi - ImmunoCult\u2122-XF kh\u00f4ng ch\u1ee9a huy\u1ebft thanh v\u00e0 c\u00e1c th\u00e0nh ph\u1ea7n c\u00f3 ngu\u1ed3n g\u1ed1c t\u1eeb \u0111\u1ed9ng v\u1eadt (xeno-free, serum-free), cGMP.\",\"breadcrumb\":{\"@id\":\"https:\/\/biogroupvietnam.com\/en\/product\/immunocult-xf\/#breadcrumb\"},\"inLanguage\":\"en-US\",\"potentialAction\":[{\"@type\":\"ReadAction\",\"target\":[\"https:\/\/biogroupvietnam.com\/en\/product\/immunocult-xf\/\"]}]},{\"@type\":\"ImageObject\",\"inLanguage\":\"en-US\",\"@id\":\"https:\/\/biogroupvietnam.com\/en\/product\/immunocult-xf\/#primaryimage\",\"url\":\"https:\/\/biogroupvietnam.com\/wp-content\/uploads\/2025\/08\/moi-truong-nuoi-cay-te-bao-immunocult-xf.jpg\",\"contentUrl\":\"https:\/\/biogroupvietnam.com\/wp-content\/uploads\/2025\/08\/moi-truong-nuoi-cay-te-bao-immunocult-xf.jpg\",\"width\":1640,\"height\":1260,\"caption\":\"M\u00f4i Tr\u01b0\u1eddng Nu\u00f4i C\u1ea5y T\u1ebf B\u00e0o ImmunoCult\u2122-XF\"},{\"@type\":\"BreadcrumbList\",\"@id\":\"https:\/\/biogroupvietnam.com\/en\/product\/immunocult-xf\/#breadcrumb\",\"itemListElement\":[{\"@type\":\"ListItem\",\"position\":1,\"name\":\"Biogroup Vietnam | End-to-End Biotechnology Solutions\",\"item\":\"https:\/\/biogroupvietnam.com\/vi\/\"},{\"@type\":\"ListItem\",\"position\":2,\"name\":\"Product\",\"item\":\"https:\/\/biogroupvietnam.com\/vi\/san-pham\/\"},{\"@type\":\"ListItem\",\"position\":3,\"name\":\"Cell Culture\",\"item\":\"https:\/\/biogroupvietnam.com\/vi\/danh-muc-san-pham\/nuoi-cay-te-bao\/\"},{\"@type\":\"ListItem\",\"position\":4,\"name\":\"Immune Cell\",\"item\":\"https:\/\/biogroupvietnam.com\/vi\/danh-muc-san-pham\/te-bao-mien-dich\/\"},{\"@type\":\"ListItem\",\"position\":5,\"name\":\"ImmunoCult\u2122-XF\"}]},{\"@type\":\"WebSite\",\"@id\":\"https:\/\/biogroupvietnam.com\/en\/vi\/#website\",\"url\":\"https:\/\/biogroupvietnam.com\/en\/vi\/\",\"name\":\"Biogroup Vietnam\",\"description\":\"Biogroup Vietnam cung c\u1ea5p d\u1ecbch v\u1ee5 k\u1ef9 thu\u1eadt c\u00f9ng thi\u1ebft b\u1ecb, v\u1eadt t\u01b0, h\u00f3a ch\u1ea5t v\u00e0 gi\u1ea3i ph\u00e1p sinh h\u1ecdc cho ph\u00f2ng th\u00ed nghi\u1ec7m c\u00f4ng ngh\u1ec7 sinh h\u1ecdc, y sinh v\u00e0 y h\u1ecdc t\u00e1i t\u1ea1o.\",\"potentialAction\":[{\"@type\":\"SearchAction\",\"target\":{\"@type\":\"EntryPoint\",\"urlTemplate\":\"https:\/\/biogroupvietnam.com\/en\/vi\/?s={search_term_string}\"},\"query-input\":{\"@type\":\"PropertyValueSpecification\",\"valueRequired\":true,\"valueName\":\"search_term_string\"}}],\"inLanguage\":\"en-US\"}]}<\/script>\n<!-- \/ Yoast SEO plugin. -->","yoast_head_json":{"title":"ImmunoCult\u2122-XF","description":"ImmunoCult\u2122-XF&nbsp;is a cGMP, serum-free, and xeno-free medium for the expansion of human T cells","robots":{"index":"index","follow":"follow","max-snippet":"max-snippet:-1","max-image-preview":"max-image-preview:large","max-video-preview":"max-video-preview:-1"},"canonical":"ImmunoCult\u2122-XF&nbsp;is a cGMP, serum-free, and xeno-free medium for the expansion of human T cells","og_locale":"en_US","og_type":"article","og_title":"ImmunoCult\u2122-XF","og_description":"ImmunoCult\u2122-XF&nbsp;is a cGMP, serum-free, and xeno-free medium for the expansion of human T cells","og_url":"https:\/\/biogroupvietnam.com\/en\/product\/immunocult-xf\/","og_site_name":"Biogroup Vietnam","article_modified_time":"2026-04-06T06:57:56+00:00","og_image":[{"width":1640,"height":1260,"url":"https:\/\/biogroupvietnam.com\/wp-content\/uploads\/2025\/08\/moi-truong-nuoi-cay-te-bao-immunocult-xf.jpg","type":"image\/jpeg"}],"twitter_card":"summary_large_image","twitter_misc":{"Est. reading time":"5 minutes"},"schema":{"@context":"https:\/\/schema.org","@graph":[{"@type":"WebPage","@id":"https:\/\/biogroupvietnam.com\/en\/product\/immunocult-xf\/","url":"https:\/\/biogroupvietnam.com\/en\/product\/immunocult-xf\/","name":"M\u00f4i Tr\u01b0\u1eddng Nu\u00f4i C\u1ea5y T\u1ebf B\u00e0o ImmunoCult\u2122-XF","isPartOf":{"@id":"https:\/\/biogroupvietnam.com\/vi\/#website"},"primaryImageOfPage":{"@id":"https:\/\/biogroupvietnam.com\/en\/product\/immunocult-xf\/#primaryimage"},"image":{"@id":"https:\/\/biogroupvietnam.com\/en\/product\/immunocult-xf\/#primaryimage"},"thumbnailUrl":"https:\/\/biogroupvietnam.com\/wp-content\/uploads\/2025\/08\/moi-truong-nuoi-cay-te-bao-immunocult-xf.jpg","datePublished":"2025-08-18T12:52:18+00:00","dateModified":"2026-04-06T06:57:56+00:00","description":"M\u00f4i tr\u01b0\u1eddng t\u0103ng sinh t\u1ebf b\u00e0o T c\u1ee7a ng\u01b0\u1eddi - ImmunoCult\u2122-XF kh\u00f4ng ch\u1ee9a huy\u1ebft thanh v\u00e0 c\u00e1c th\u00e0nh ph\u1ea7n c\u00f3 ngu\u1ed3n g\u1ed1c t\u1eeb \u0111\u1ed9ng v\u1eadt (xeno-free, serum-free), cGMP.","breadcrumb":{"@id":"https:\/\/biogroupvietnam.com\/en\/product\/immunocult-xf\/#breadcrumb"},"inLanguage":"en-US","potentialAction":[{"@type":"ReadAction","target":["https:\/\/biogroupvietnam.com\/en\/product\/immunocult-xf\/"]}]},{"@type":"ImageObject","inLanguage":"en-US","@id":"https:\/\/biogroupvietnam.com\/en\/product\/immunocult-xf\/#primaryimage","url":"https:\/\/biogroupvietnam.com\/wp-content\/uploads\/2025\/08\/moi-truong-nuoi-cay-te-bao-immunocult-xf.jpg","contentUrl":"https:\/\/biogroupvietnam.com\/wp-content\/uploads\/2025\/08\/moi-truong-nuoi-cay-te-bao-immunocult-xf.jpg","width":1640,"height":1260,"caption":"M\u00f4i Tr\u01b0\u1eddng Nu\u00f4i C\u1ea5y T\u1ebf B\u00e0o ImmunoCult\u2122-XF"},{"@type":"BreadcrumbList","@id":"https:\/\/biogroupvietnam.com\/en\/product\/immunocult-xf\/#breadcrumb","itemListElement":[{"@type":"ListItem","position":1,"name":"Biogroup Vietnam | End-to-End Biotechnology Solutions","item":"https:\/\/biogroupvietnam.com\/vi\/"},{"@type":"ListItem","position":2,"name":"Product","item":"https:\/\/biogroupvietnam.com\/vi\/san-pham\/"},{"@type":"ListItem","position":3,"name":"Cell Culture","item":"https:\/\/biogroupvietnam.com\/vi\/danh-muc-san-pham\/nuoi-cay-te-bao\/"},{"@type":"ListItem","position":4,"name":"Immune Cell","item":"https:\/\/biogroupvietnam.com\/vi\/danh-muc-san-pham\/te-bao-mien-dich\/"},{"@type":"ListItem","position":5,"name":"ImmunoCult\u2122-XF"}]},{"@type":"WebSite","@id":"https:\/\/biogroupvietnam.com\/en\/vi\/#website","url":"https:\/\/biogroupvietnam.com\/en\/vi\/","name":"Biogroup Vietnam","description":"Biogroup Vietnam cung c\u1ea5p d\u1ecbch v\u1ee5 k\u1ef9 thu\u1eadt c\u00f9ng thi\u1ebft b\u1ecb, v\u1eadt t\u01b0, h\u00f3a ch\u1ea5t v\u00e0 gi\u1ea3i ph\u00e1p sinh h\u1ecdc cho ph\u00f2ng th\u00ed nghi\u1ec7m c\u00f4ng ngh\u1ec7 sinh h\u1ecdc, y sinh v\u00e0 y h\u1ecdc t\u00e1i t\u1ea1o.","potentialAction":[{"@type":"SearchAction","target":{"@type":"EntryPoint","urlTemplate":"https:\/\/biogroupvietnam.com\/en\/vi\/?s={search_term_string}"},"query-input":{"@type":"PropertyValueSpecification","valueRequired":true,"valueName":"search_term_string"}}],"inLanguage":"en-US"}]}},"_links":{"self":[{"href":"https:\/\/biogroupvietnam.com\/en\/wp-json\/wp\/v2\/product\/3686","targetHints":{"allow":["GET"]}}],"collection":[{"href":"https:\/\/biogroupvietnam.com\/en\/wp-json\/wp\/v2\/product"}],"about":[{"href":"https:\/\/biogroupvietnam.com\/en\/wp-json\/wp\/v2\/types\/product"}],"replies":[{"embeddable":true,"href":"https:\/\/biogroupvietnam.com\/en\/wp-json\/wp\/v2\/comments?post=3686"}],"version-history":[{"count":6,"href":"https:\/\/biogroupvietnam.com\/en\/wp-json\/wp\/v2\/product\/3686\/revisions"}],"predecessor-version":[{"id":9818,"href":"https:\/\/biogroupvietnam.com\/en\/wp-json\/wp\/v2\/product\/3686\/revisions\/9818"}],"wp:featuredmedia":[{"embeddable":true,"href":"https:\/\/biogroupvietnam.com\/en\/wp-json\/wp\/v2\/media\/10231"}],"wp:attachment":[{"href":"https:\/\/biogroupvietnam.com\/en\/wp-json\/wp\/v2\/media?parent=3686"}],"wp:term":[{"taxonomy":"product_brand","embeddable":true,"href":"https:\/\/biogroupvietnam.com\/en\/wp-json\/wp\/v2\/product_brand?post=3686"},{"taxonomy":"product_cat","embeddable":true,"href":"https:\/\/biogroupvietnam.com\/en\/wp-json\/wp\/v2\/product_cat?post=3686"},{"taxonomy":"product_tag","embeddable":true,"href":"https:\/\/biogroupvietnam.com\/en\/wp-json\/wp\/v2\/product_tag?post=3686"}],"curies":[{"name":"wp","href":"https:\/\/api.w.org\/{rel}","templated":true}]}}