{"id":3687,"date":"2025-08-18T19:52:19","date_gmt":"2025-08-18T12:52:19","guid":{"rendered":"http:\/\/biogroupvietnam-worldpress.local\/product\/import-placeholder-for-61\/"},"modified":"2026-04-06T13:54:01","modified_gmt":"2026-04-06T06:54:01","slug":"hetasep","status":"publish","type":"product","link":"https:\/\/biogroupvietnam.com\/en\/product\/hetasep\/","title":{"rendered":"HetaSep\u2122 Erythrocyte Aggregation Agent"},"content":{"rendered":"<p><a href=\"https:\/\/www.stemcell.com\/hetasep.html\">HetaSep\u2122<\/a> is the solution that deposits red blood cells from fresh blood samples and isolates nucleated cells.<\/p>\n","protected":false},"excerpt":{"rendered":"<p>HetaSep\u2122 is the solution that deposits red blood cells from fresh blood samples and isolates nucleated cells.<\/p>\n","protected":false},"featured_media":10230,"comment_status":"closed","ping_status":"closed","template":"","meta":{"_acf_changed":false},"product_brand":[127],"product_cat":[92],"product_tag":[],"class_list":{"0":"post-3687","1":"product","2":"type-product","3":"status-publish","4":"has-post-thumbnail","6":"product_brand-stemcell-technologies","7":"product_cat-hematopoietic-stem-cell","9":"first","10":"outofstock","11":"shipping-taxable","12":"product-type-simple"},"acf":[],"yoast_head":"<!-- This site is optimized with the Yoast SEO plugin v26.8 - https:\/\/yoast.com\/product\/yoast-seo-wordpress\/ -->\n<title>HetaSep\u2122 Erythrocyte Aggregation Agent<\/title>\n<meta name=\"description\" content=\"HetaSep\u2122 is the solution that deposits red blood cells from fresh blood samples and isolates nucleated cells.\" \/>\n<meta name=\"robots\" content=\"index, follow, max-snippet:-1, max-image-preview:large, max-video-preview:-1\" \/>\n<link rel=\"canonical\" href=\"http:\/\/HetaSep\u2122%20is%20the%20solution%20that%20deposits%20red%20blood%20cells%20from%20fresh%20blood%20samples%20and%20isolates%20nucleated%20cells.\" \/>\n<meta property=\"og:locale\" content=\"en_US\" \/>\n<meta property=\"og:type\" content=\"article\" \/>\n<meta property=\"og:title\" content=\"HetaSep\u2122 Erythrocyte Aggregation Agent\" \/>\n<meta property=\"og:description\" content=\"HetaSep\u2122 is the solution that deposits red blood cells from fresh blood samples and isolates nucleated cells.\" \/>\n<meta property=\"og:url\" content=\"https:\/\/biogroupvietnam.com\/en\/product\/hetasep\/\" \/>\n<meta property=\"og:site_name\" content=\"Biogroup Vietnam\" \/>\n<meta property=\"article:modified_time\" content=\"2026-04-06T06:54:01+00:00\" \/>\n<meta property=\"og:image\" content=\"https:\/\/biogroupvietnam.com\/wp-content\/uploads\/2025\/08\/hetasep-dung-dich-lam-lang-dong-te-bao-hong-cau.jpg\" \/>\n\t<meta property=\"og:image:width\" content=\"1640\" \/>\n\t<meta property=\"og:image:height\" content=\"1260\" \/>\n\t<meta property=\"og:image:type\" content=\"image\/jpeg\" \/>\n<meta name=\"twitter:card\" content=\"summary_large_image\" \/>\n<meta name=\"twitter:label1\" content=\"Est. reading time\" \/>\n\t<meta name=\"twitter:data1\" content=\"2 minutes\" \/>\n<script type=\"application\/ld+json\" class=\"yoast-schema-graph\">{\"@context\":\"https:\/\/schema.org\",\"@graph\":[{\"@type\":\"WebPage\",\"@id\":\"https:\/\/biogroupvietnam.com\/en\/product\/hetasep\/\",\"url\":\"https:\/\/biogroupvietnam.com\/en\/product\/hetasep\/\",\"name\":\"HetaSep\u2122 Dung D\u1ecbch L\u00e0m L\u1eafng \u0110\u1ecdng T\u1ebf B\u00e0o H\u1ed3ng C\u1ea7u\",\"isPartOf\":{\"@id\":\"https:\/\/biogroupvietnam.com\/vi\/#website\"},\"primaryImageOfPage\":{\"@id\":\"https:\/\/biogroupvietnam.com\/en\/product\/hetasep\/#primaryimage\"},\"image\":{\"@id\":\"https:\/\/biogroupvietnam.com\/en\/product\/hetasep\/#primaryimage\"},\"thumbnailUrl\":\"https:\/\/biogroupvietnam.com\/wp-content\/uploads\/2025\/08\/hetasep-dung-dich-lam-lang-dong-te-bao-hong-cau.jpg\",\"datePublished\":\"2025-08-18T12:52:19+00:00\",\"dateModified\":\"2026-04-06T06:54:01+00:00\",\"description\":\"HetaSep\u2122 l\u00e0 dung d\u1ecbch l\u00e0m l\u1eafng \u0111\u1ecdng t\u1ebf b\u00e0o h\u1ed3ng c\u1ea7u t\u1eeb c\u00e1c m\u1eabu m\u00e1u t\u01b0\u01a1i \u0111\u1ec3 ph\u00e2n l\u1eadp c\u00e1c t\u1ebf b\u00e0o c\u00f3 nh\u00e2n.\",\"breadcrumb\":{\"@id\":\"https:\/\/biogroupvietnam.com\/en\/product\/hetasep\/#breadcrumb\"},\"inLanguage\":\"en-US\",\"potentialAction\":[{\"@type\":\"ReadAction\",\"target\":[\"https:\/\/biogroupvietnam.com\/en\/product\/hetasep\/\"]}]},{\"@type\":\"ImageObject\",\"inLanguage\":\"en-US\",\"@id\":\"https:\/\/biogroupvietnam.com\/en\/product\/hetasep\/#primaryimage\",\"url\":\"https:\/\/biogroupvietnam.com\/wp-content\/uploads\/2025\/08\/hetasep-dung-dich-lam-lang-dong-te-bao-hong-cau.jpg\",\"contentUrl\":\"https:\/\/biogroupvietnam.com\/wp-content\/uploads\/2025\/08\/hetasep-dung-dich-lam-lang-dong-te-bao-hong-cau.jpg\",\"width\":1640,\"height\":1260,\"caption\":\"HetaSep\u2122 Dung D\u1ecbch L\u00e0m L\u1eafng \u0110\u1ecdng T\u1ebf B\u00e0o H\u1ed3ng C\u1ea7u\"},{\"@type\":\"BreadcrumbList\",\"@id\":\"https:\/\/biogroupvietnam.com\/en\/product\/hetasep\/#breadcrumb\",\"itemListElement\":[{\"@type\":\"ListItem\",\"position\":1,\"name\":\"Biogroup Vietnam | End-to-End Biotechnology Solutions\",\"item\":\"https:\/\/biogroupvietnam.com\/vi\/\"},{\"@type\":\"ListItem\",\"position\":2,\"name\":\"Product\",\"item\":\"https:\/\/biogroupvietnam.com\/vi\/san-pham\/\"},{\"@type\":\"ListItem\",\"position\":3,\"name\":\"Cell Culture\",\"item\":\"https:\/\/biogroupvietnam.com\/vi\/danh-muc-san-pham\/nuoi-cay-te-bao\/\"},{\"@type\":\"ListItem\",\"position\":4,\"name\":\"Hematopoietic Stem Cell\",\"item\":\"https:\/\/biogroupvietnam.com\/vi\/danh-muc-san-pham\/te-bao-goc-tao-mau-hsc\/\"},{\"@type\":\"ListItem\",\"position\":5,\"name\":\"HetaSep\u2122 Erythrocyte Aggregation Agent\"}]},{\"@type\":\"WebSite\",\"@id\":\"https:\/\/biogroupvietnam.com\/en\/vi\/#website\",\"url\":\"https:\/\/biogroupvietnam.com\/en\/vi\/\",\"name\":\"Biogroup Vietnam\",\"description\":\"Biogroup Vietnam cung c\u1ea5p d\u1ecbch v\u1ee5 k\u1ef9 thu\u1eadt c\u00f9ng thi\u1ebft b\u1ecb, v\u1eadt t\u01b0, h\u00f3a ch\u1ea5t v\u00e0 gi\u1ea3i ph\u00e1p sinh h\u1ecdc cho ph\u00f2ng th\u00ed nghi\u1ec7m c\u00f4ng ngh\u1ec7 sinh h\u1ecdc, y sinh v\u00e0 y h\u1ecdc t\u00e1i t\u1ea1o.\",\"potentialAction\":[{\"@type\":\"SearchAction\",\"target\":{\"@type\":\"EntryPoint\",\"urlTemplate\":\"https:\/\/biogroupvietnam.com\/en\/vi\/?s={search_term_string}\"},\"query-input\":{\"@type\":\"PropertyValueSpecification\",\"valueRequired\":true,\"valueName\":\"search_term_string\"}}],\"inLanguage\":\"en-US\"}]}<\/script>\n<!-- \/ Yoast SEO plugin. -->","yoast_head_json":{"title":"HetaSep\u2122 Erythrocyte Aggregation Agent","description":"HetaSep\u2122 is the solution that deposits red blood cells from fresh blood samples and isolates nucleated cells.","robots":{"index":"index","follow":"follow","max-snippet":"max-snippet:-1","max-image-preview":"max-image-preview:large","max-video-preview":"max-video-preview:-1"},"canonical":"HetaSep\u2122 is the solution that deposits red blood cells from fresh blood samples and isolates nucleated cells.","og_locale":"en_US","og_type":"article","og_title":"HetaSep\u2122 Erythrocyte Aggregation Agent","og_description":"HetaSep\u2122 is the solution that deposits red blood cells from fresh blood samples and isolates nucleated cells.","og_url":"https:\/\/biogroupvietnam.com\/en\/product\/hetasep\/","og_site_name":"Biogroup Vietnam","article_modified_time":"2026-04-06T06:54:01+00:00","og_image":[{"width":1640,"height":1260,"url":"https:\/\/biogroupvietnam.com\/wp-content\/uploads\/2025\/08\/hetasep-dung-dich-lam-lang-dong-te-bao-hong-cau.jpg","type":"image\/jpeg"}],"twitter_card":"summary_large_image","twitter_misc":{"Est. reading time":"2 minutes"},"schema":{"@context":"https:\/\/schema.org","@graph":[{"@type":"WebPage","@id":"https:\/\/biogroupvietnam.com\/en\/product\/hetasep\/","url":"https:\/\/biogroupvietnam.com\/en\/product\/hetasep\/","name":"HetaSep\u2122 Dung D\u1ecbch L\u00e0m L\u1eafng \u0110\u1ecdng T\u1ebf B\u00e0o H\u1ed3ng C\u1ea7u","isPartOf":{"@id":"https:\/\/biogroupvietnam.com\/vi\/#website"},"primaryImageOfPage":{"@id":"https:\/\/biogroupvietnam.com\/en\/product\/hetasep\/#primaryimage"},"image":{"@id":"https:\/\/biogroupvietnam.com\/en\/product\/hetasep\/#primaryimage"},"thumbnailUrl":"https:\/\/biogroupvietnam.com\/wp-content\/uploads\/2025\/08\/hetasep-dung-dich-lam-lang-dong-te-bao-hong-cau.jpg","datePublished":"2025-08-18T12:52:19+00:00","dateModified":"2026-04-06T06:54:01+00:00","description":"HetaSep\u2122 l\u00e0 dung d\u1ecbch l\u00e0m l\u1eafng \u0111\u1ecdng t\u1ebf b\u00e0o h\u1ed3ng c\u1ea7u t\u1eeb c\u00e1c m\u1eabu m\u00e1u t\u01b0\u01a1i \u0111\u1ec3 ph\u00e2n l\u1eadp c\u00e1c t\u1ebf b\u00e0o c\u00f3 nh\u00e2n.","breadcrumb":{"@id":"https:\/\/biogroupvietnam.com\/en\/product\/hetasep\/#breadcrumb"},"inLanguage":"en-US","potentialAction":[{"@type":"ReadAction","target":["https:\/\/biogroupvietnam.com\/en\/product\/hetasep\/"]}]},{"@type":"ImageObject","inLanguage":"en-US","@id":"https:\/\/biogroupvietnam.com\/en\/product\/hetasep\/#primaryimage","url":"https:\/\/biogroupvietnam.com\/wp-content\/uploads\/2025\/08\/hetasep-dung-dich-lam-lang-dong-te-bao-hong-cau.jpg","contentUrl":"https:\/\/biogroupvietnam.com\/wp-content\/uploads\/2025\/08\/hetasep-dung-dich-lam-lang-dong-te-bao-hong-cau.jpg","width":1640,"height":1260,"caption":"HetaSep\u2122 Dung D\u1ecbch L\u00e0m L\u1eafng \u0110\u1ecdng T\u1ebf B\u00e0o H\u1ed3ng C\u1ea7u"},{"@type":"BreadcrumbList","@id":"https:\/\/biogroupvietnam.com\/en\/product\/hetasep\/#breadcrumb","itemListElement":[{"@type":"ListItem","position":1,"name":"Biogroup Vietnam | End-to-End Biotechnology Solutions","item":"https:\/\/biogroupvietnam.com\/vi\/"},{"@type":"ListItem","position":2,"name":"Product","item":"https:\/\/biogroupvietnam.com\/vi\/san-pham\/"},{"@type":"ListItem","position":3,"name":"Cell Culture","item":"https:\/\/biogroupvietnam.com\/vi\/danh-muc-san-pham\/nuoi-cay-te-bao\/"},{"@type":"ListItem","position":4,"name":"Hematopoietic Stem Cell","item":"https:\/\/biogroupvietnam.com\/vi\/danh-muc-san-pham\/te-bao-goc-tao-mau-hsc\/"},{"@type":"ListItem","position":5,"name":"HetaSep\u2122 Erythrocyte Aggregation Agent"}]},{"@type":"WebSite","@id":"https:\/\/biogroupvietnam.com\/en\/vi\/#website","url":"https:\/\/biogroupvietnam.com\/en\/vi\/","name":"Biogroup Vietnam","description":"Biogroup Vietnam cung c\u1ea5p d\u1ecbch v\u1ee5 k\u1ef9 thu\u1eadt c\u00f9ng thi\u1ebft b\u1ecb, v\u1eadt t\u01b0, h\u00f3a ch\u1ea5t v\u00e0 gi\u1ea3i ph\u00e1p sinh h\u1ecdc cho ph\u00f2ng th\u00ed nghi\u1ec7m c\u00f4ng ngh\u1ec7 sinh h\u1ecdc, y sinh v\u00e0 y h\u1ecdc t\u00e1i t\u1ea1o.","potentialAction":[{"@type":"SearchAction","target":{"@type":"EntryPoint","urlTemplate":"https:\/\/biogroupvietnam.com\/en\/vi\/?s={search_term_string}"},"query-input":{"@type":"PropertyValueSpecification","valueRequired":true,"valueName":"search_term_string"}}],"inLanguage":"en-US"}]}},"_links":{"self":[{"href":"https:\/\/biogroupvietnam.com\/en\/wp-json\/wp\/v2\/product\/3687","targetHints":{"allow":["GET"]}}],"collection":[{"href":"https:\/\/biogroupvietnam.com\/en\/wp-json\/wp\/v2\/product"}],"about":[{"href":"https:\/\/biogroupvietnam.com\/en\/wp-json\/wp\/v2\/types\/product"}],"replies":[{"embeddable":true,"href":"https:\/\/biogroupvietnam.com\/en\/wp-json\/wp\/v2\/comments?post=3687"}],"version-history":[{"count":5,"href":"https:\/\/biogroupvietnam.com\/en\/wp-json\/wp\/v2\/product\/3687\/revisions"}],"predecessor-version":[{"id":9812,"href":"https:\/\/biogroupvietnam.com\/en\/wp-json\/wp\/v2\/product\/3687\/revisions\/9812"}],"wp:featuredmedia":[{"embeddable":true,"href":"https:\/\/biogroupvietnam.com\/en\/wp-json\/wp\/v2\/media\/10230"}],"wp:attachment":[{"href":"https:\/\/biogroupvietnam.com\/en\/wp-json\/wp\/v2\/media?parent=3687"}],"wp:term":[{"taxonomy":"product_brand","embeddable":true,"href":"https:\/\/biogroupvietnam.com\/en\/wp-json\/wp\/v2\/product_brand?post=3687"},{"taxonomy":"product_cat","embeddable":true,"href":"https:\/\/biogroupvietnam.com\/en\/wp-json\/wp\/v2\/product_cat?post=3687"},{"taxonomy":"product_tag","embeddable":true,"href":"https:\/\/biogroupvietnam.com\/en\/wp-json\/wp\/v2\/product_tag?post=3687"}],"curies":[{"name":"wp","href":"https:\/\/api.w.org\/{rel}","templated":true}]}}