{"id":3691,"date":"2025-08-18T19:52:20","date_gmt":"2025-08-18T12:52:20","guid":{"rendered":"http:\/\/biogroupvietnam-worldpress.local\/product\/import-placeholder-for-65\/"},"modified":"2025-12-17T14:51:17","modified_gmt":"2025-12-17T07:51:17","slug":"adam-cellt-plus-2","status":"publish","type":"product","link":"https:\/\/biogroupvietnam.com\/en\/product\/automated-cell-counter-for-cgmp\/","title":{"rendered":"Automated Cell Counter for cGMP"},"content":{"rendered":"<p><a href=\"http:\/\/www.nanoentek.com\/theme\/nanont2_en\/shop\/02\/product01_view.php?it_id=1557721146#detail_spec\">ADAM-CellT<\/a> is an automated cell counter that is available in cGMP production environment. It has an easy-to-use built-in tablet and complies with 21 CFR part 11. When 21 CFR part 11 mode is activated, data cannot be modified by any user.<\/p>\n","protected":false},"excerpt":{"rendered":"<p>ADAM-CellT is an automated cell counter that is available in cGMP production environment. It has an easy-to-use built-in tablet and complies with 21 CFR part 11. When 21 CFR part 11 mode is activated, data cannot be modified by any user.<\/p>\n","protected":false},"featured_media":8974,"comment_status":"closed","ping_status":"closed","template":"","meta":{"_acf_changed":false},"product_brand":[134],"product_cat":[176],"product_tag":[],"class_list":{"0":"post-3691","1":"product","2":"type-product","3":"status-publish","4":"has-post-thumbnail","6":"product_brand-nanoentek","7":"product_cat-dem-te-bao-chuan-gmp","9":"first","10":"outofstock","11":"shipping-taxable","12":"product-type-simple"},"acf":[],"yoast_head":"<!-- This site is optimized with the Yoast SEO plugin v26.8 - https:\/\/yoast.com\/product\/yoast-seo-wordpress\/ -->\n<title>Automated Cell Counter for cGMP<\/title>\n<meta name=\"description\" content=\"ADAM-CellT is an automated cell counter that is available in cGMP production environment. It has an easy-to-use built-in tablet and complies with 21 CFR part 11. When 21 CFR part 11 mode is activated, data cannot be modified by any user.\" \/>\n<meta name=\"robots\" content=\"index, follow, max-snippet:-1, max-image-preview:large, max-video-preview:-1\" \/>\n<link rel=\"canonical\" href=\"http:\/\/ADAM-CellT%20is%20an%20automated%20cell%20counter%20that%20is%20available%20in%20cGMP%20production%20environment.%20It%20has%20an%20easy-to-use%20built-in%20tablet%20and%20complies%20with%2021%20CFR%20part%2011.%20When%2021%20CFR%20part%2011%20mode%20is%20activated,%20data%20cannot%20be%20modified%20by%20any%20user.\" \/>\n<meta property=\"og:locale\" content=\"en_US\" \/>\n<meta property=\"og:type\" content=\"article\" \/>\n<meta property=\"og:title\" content=\"Automated Cell Counter for cGMP\" \/>\n<meta property=\"og:description\" content=\"ADAM-CellT is an automated cell counter that is available in cGMP production environment. It has an easy-to-use built-in tablet and complies with 21 CFR part 11. When 21 CFR part 11 mode is activated, data cannot be modified by any user.\" \/>\n<meta property=\"og:url\" content=\"https:\/\/biogroupvietnam.com\/en\/product\/automated-cell-counter-for-cgmp\/\" \/>\n<meta property=\"og:site_name\" content=\"Biogroup Vietnam\" \/>\n<meta property=\"article:modified_time\" content=\"2025-12-17T07:51:17+00:00\" \/>\n<meta property=\"og:image\" content=\"https:\/\/biogroupvietnam.com\/wp-content\/uploads\/2025\/08\/ADAM\u2122-CellT.jpg\" \/>\n\t<meta property=\"og:image:width\" content=\"1640\" \/>\n\t<meta property=\"og:image:height\" content=\"1260\" \/>\n\t<meta property=\"og:image:type\" content=\"image\/jpeg\" \/>\n<meta name=\"twitter:card\" content=\"summary_large_image\" \/>\n<meta name=\"twitter:label1\" content=\"Est. reading time\" \/>\n\t<meta name=\"twitter:data1\" content=\"5 minutes\" \/>\n<script type=\"application\/ld+json\" class=\"yoast-schema-graph\">{\"@context\":\"https:\/\/schema.org\",\"@graph\":[{\"@type\":\"WebPage\",\"@id\":\"https:\/\/biogroupvietnam.com\/en\/product\/automated-cell-counter-for-cgmp\/\",\"url\":\"https:\/\/biogroupvietnam.com\/en\/product\/automated-cell-counter-for-cgmp\/\",\"name\":\"M\u00e1y \u0110\u1ebfm T\u1ebf B\u00e0o T\u1ef1 \u0110\u1ed9ng ADAM-CellT (cGMP)\",\"isPartOf\":{\"@id\":\"https:\/\/biogroupvietnam.com\/vi\/#website\"},\"primaryImageOfPage\":{\"@id\":\"https:\/\/biogroupvietnam.com\/en\/product\/automated-cell-counter-for-cgmp\/#primaryimage\"},\"image\":{\"@id\":\"https:\/\/biogroupvietnam.com\/en\/product\/automated-cell-counter-for-cgmp\/#primaryimage\"},\"thumbnailUrl\":\"https:\/\/biogroupvietnam.com\/wp-content\/uploads\/2025\/08\/ADAM\u2122-CellT.jpg\",\"datePublished\":\"2025-08-18T12:52:20+00:00\",\"dateModified\":\"2025-12-17T07:51:17+00:00\",\"description\":\"ADAM-CellT l\u00e0 m\u00e1y \u0111\u1ebfm t\u1ebf b\u00e0o t\u1ef1 \u0111\u1ed9ng d\u00f9ng trong m\u00f4i tr\u01b0\u1eddng s\u1ea3n xu\u1ea5t cGMP.\",\"breadcrumb\":{\"@id\":\"https:\/\/biogroupvietnam.com\/en\/product\/automated-cell-counter-for-cgmp\/#breadcrumb\"},\"inLanguage\":\"en-US\",\"potentialAction\":[{\"@type\":\"ReadAction\",\"target\":[\"https:\/\/biogroupvietnam.com\/en\/product\/automated-cell-counter-for-cgmp\/\"]}]},{\"@type\":\"ImageObject\",\"inLanguage\":\"en-US\",\"@id\":\"https:\/\/biogroupvietnam.com\/en\/product\/automated-cell-counter-for-cgmp\/#primaryimage\",\"url\":\"https:\/\/biogroupvietnam.com\/wp-content\/uploads\/2025\/08\/ADAM\u2122-CellT.jpg\",\"contentUrl\":\"https:\/\/biogroupvietnam.com\/wp-content\/uploads\/2025\/08\/ADAM\u2122-CellT.jpg\",\"width\":1640,\"height\":1260},{\"@type\":\"BreadcrumbList\",\"@id\":\"https:\/\/biogroupvietnam.com\/en\/product\/automated-cell-counter-for-cgmp\/#breadcrumb\",\"itemListElement\":[{\"@type\":\"ListItem\",\"position\":1,\"name\":\"Biogroup Vietnam | End-to-End Biotechnology Solutions\",\"item\":\"https:\/\/biogroupvietnam.com\/vi\/\"},{\"@type\":\"ListItem\",\"position\":2,\"name\":\"Product\",\"item\":\"https:\/\/biogroupvietnam.com\/vi\/san-pham\/\"},{\"@type\":\"ListItem\",\"position\":3,\"name\":\"Bioassays\",\"item\":\"https:\/\/biogroupvietnam.com\/vi\/danh-muc-san-pham\/xet-nghiem-sinh-hoc\/\"},{\"@type\":\"ListItem\",\"position\":4,\"name\":\"\u0110\u1ebfm T\u1ebf B\u00e0o Chu\u1ea9n GMP\",\"item\":\"https:\/\/biogroupvietnam.com\/vi\/danh-muc-san-pham\/dem-te-bao-chuan-gmp\/\"},{\"@type\":\"ListItem\",\"position\":5,\"name\":\"Automated Cell Counter for cGMP\"}]},{\"@type\":\"WebSite\",\"@id\":\"https:\/\/biogroupvietnam.com\/en\/vi\/#website\",\"url\":\"https:\/\/biogroupvietnam.com\/en\/vi\/\",\"name\":\"Biogroup Vietnam\",\"description\":\"Biogroup Vietnam cung c\u1ea5p d\u1ecbch v\u1ee5 k\u1ef9 thu\u1eadt c\u00f9ng thi\u1ebft b\u1ecb, v\u1eadt t\u01b0, h\u00f3a ch\u1ea5t v\u00e0 gi\u1ea3i ph\u00e1p sinh h\u1ecdc cho ph\u00f2ng th\u00ed nghi\u1ec7m c\u00f4ng ngh\u1ec7 sinh h\u1ecdc, y sinh v\u00e0 y h\u1ecdc t\u00e1i t\u1ea1o.\",\"potentialAction\":[{\"@type\":\"SearchAction\",\"target\":{\"@type\":\"EntryPoint\",\"urlTemplate\":\"https:\/\/biogroupvietnam.com\/en\/vi\/?s={search_term_string}\"},\"query-input\":{\"@type\":\"PropertyValueSpecification\",\"valueRequired\":true,\"valueName\":\"search_term_string\"}}],\"inLanguage\":\"en-US\"}]}<\/script>\n<!-- \/ Yoast SEO plugin. -->","yoast_head_json":{"title":"Automated Cell Counter for cGMP","description":"ADAM-CellT is an automated cell counter that is available in cGMP production environment. It has an easy-to-use built-in tablet and complies with 21 CFR part 11. When 21 CFR part 11 mode is activated, data cannot be modified by any user.","robots":{"index":"index","follow":"follow","max-snippet":"max-snippet:-1","max-image-preview":"max-image-preview:large","max-video-preview":"max-video-preview:-1"},"canonical":"ADAM-CellT is an automated cell counter that is available in cGMP production environment. It has an easy-to-use built-in tablet and complies with 21 CFR part 11. When 21 CFR part 11 mode is activated, data cannot be modified by any user.","og_locale":"en_US","og_type":"article","og_title":"Automated Cell Counter for cGMP","og_description":"ADAM-CellT is an automated cell counter that is available in cGMP production environment. It has an easy-to-use built-in tablet and complies with 21 CFR part 11. When 21 CFR part 11 mode is activated, data cannot be modified by any user.","og_url":"https:\/\/biogroupvietnam.com\/en\/product\/automated-cell-counter-for-cgmp\/","og_site_name":"Biogroup Vietnam","article_modified_time":"2025-12-17T07:51:17+00:00","og_image":[{"width":1640,"height":1260,"url":"https:\/\/biogroupvietnam.com\/wp-content\/uploads\/2025\/08\/ADAM\u2122-CellT.jpg","type":"image\/jpeg"}],"twitter_card":"summary_large_image","twitter_misc":{"Est. reading time":"5 minutes"},"schema":{"@context":"https:\/\/schema.org","@graph":[{"@type":"WebPage","@id":"https:\/\/biogroupvietnam.com\/en\/product\/automated-cell-counter-for-cgmp\/","url":"https:\/\/biogroupvietnam.com\/en\/product\/automated-cell-counter-for-cgmp\/","name":"M\u00e1y \u0110\u1ebfm T\u1ebf B\u00e0o T\u1ef1 \u0110\u1ed9ng ADAM-CellT (cGMP)","isPartOf":{"@id":"https:\/\/biogroupvietnam.com\/vi\/#website"},"primaryImageOfPage":{"@id":"https:\/\/biogroupvietnam.com\/en\/product\/automated-cell-counter-for-cgmp\/#primaryimage"},"image":{"@id":"https:\/\/biogroupvietnam.com\/en\/product\/automated-cell-counter-for-cgmp\/#primaryimage"},"thumbnailUrl":"https:\/\/biogroupvietnam.com\/wp-content\/uploads\/2025\/08\/ADAM\u2122-CellT.jpg","datePublished":"2025-08-18T12:52:20+00:00","dateModified":"2025-12-17T07:51:17+00:00","description":"ADAM-CellT l\u00e0 m\u00e1y \u0111\u1ebfm t\u1ebf b\u00e0o t\u1ef1 \u0111\u1ed9ng d\u00f9ng trong m\u00f4i tr\u01b0\u1eddng s\u1ea3n xu\u1ea5t cGMP.","breadcrumb":{"@id":"https:\/\/biogroupvietnam.com\/en\/product\/automated-cell-counter-for-cgmp\/#breadcrumb"},"inLanguage":"en-US","potentialAction":[{"@type":"ReadAction","target":["https:\/\/biogroupvietnam.com\/en\/product\/automated-cell-counter-for-cgmp\/"]}]},{"@type":"ImageObject","inLanguage":"en-US","@id":"https:\/\/biogroupvietnam.com\/en\/product\/automated-cell-counter-for-cgmp\/#primaryimage","url":"https:\/\/biogroupvietnam.com\/wp-content\/uploads\/2025\/08\/ADAM\u2122-CellT.jpg","contentUrl":"https:\/\/biogroupvietnam.com\/wp-content\/uploads\/2025\/08\/ADAM\u2122-CellT.jpg","width":1640,"height":1260},{"@type":"BreadcrumbList","@id":"https:\/\/biogroupvietnam.com\/en\/product\/automated-cell-counter-for-cgmp\/#breadcrumb","itemListElement":[{"@type":"ListItem","position":1,"name":"Biogroup Vietnam | End-to-End Biotechnology Solutions","item":"https:\/\/biogroupvietnam.com\/vi\/"},{"@type":"ListItem","position":2,"name":"Product","item":"https:\/\/biogroupvietnam.com\/vi\/san-pham\/"},{"@type":"ListItem","position":3,"name":"Bioassays","item":"https:\/\/biogroupvietnam.com\/vi\/danh-muc-san-pham\/xet-nghiem-sinh-hoc\/"},{"@type":"ListItem","position":4,"name":"\u0110\u1ebfm T\u1ebf B\u00e0o Chu\u1ea9n GMP","item":"https:\/\/biogroupvietnam.com\/vi\/danh-muc-san-pham\/dem-te-bao-chuan-gmp\/"},{"@type":"ListItem","position":5,"name":"Automated Cell Counter for cGMP"}]},{"@type":"WebSite","@id":"https:\/\/biogroupvietnam.com\/en\/vi\/#website","url":"https:\/\/biogroupvietnam.com\/en\/vi\/","name":"Biogroup Vietnam","description":"Biogroup Vietnam cung c\u1ea5p d\u1ecbch v\u1ee5 k\u1ef9 thu\u1eadt c\u00f9ng thi\u1ebft b\u1ecb, v\u1eadt t\u01b0, h\u00f3a ch\u1ea5t v\u00e0 gi\u1ea3i ph\u00e1p sinh h\u1ecdc cho ph\u00f2ng th\u00ed nghi\u1ec7m c\u00f4ng ngh\u1ec7 sinh h\u1ecdc, y sinh v\u00e0 y h\u1ecdc t\u00e1i t\u1ea1o.","potentialAction":[{"@type":"SearchAction","target":{"@type":"EntryPoint","urlTemplate":"https:\/\/biogroupvietnam.com\/en\/vi\/?s={search_term_string}"},"query-input":{"@type":"PropertyValueSpecification","valueRequired":true,"valueName":"search_term_string"}}],"inLanguage":"en-US"}]}},"_links":{"self":[{"href":"https:\/\/biogroupvietnam.com\/en\/wp-json\/wp\/v2\/product\/3691","targetHints":{"allow":["GET"]}}],"collection":[{"href":"https:\/\/biogroupvietnam.com\/en\/wp-json\/wp\/v2\/product"}],"about":[{"href":"https:\/\/biogroupvietnam.com\/en\/wp-json\/wp\/v2\/types\/product"}],"replies":[{"embeddable":true,"href":"https:\/\/biogroupvietnam.com\/en\/wp-json\/wp\/v2\/comments?post=3691"}],"version-history":[{"count":5,"href":"https:\/\/biogroupvietnam.com\/en\/wp-json\/wp\/v2\/product\/3691\/revisions"}],"predecessor-version":[{"id":9322,"href":"https:\/\/biogroupvietnam.com\/en\/wp-json\/wp\/v2\/product\/3691\/revisions\/9322"}],"wp:featuredmedia":[{"embeddable":true,"href":"https:\/\/biogroupvietnam.com\/en\/wp-json\/wp\/v2\/media\/8974"}],"wp:attachment":[{"href":"https:\/\/biogroupvietnam.com\/en\/wp-json\/wp\/v2\/media?parent=3691"}],"wp:term":[{"taxonomy":"product_brand","embeddable":true,"href":"https:\/\/biogroupvietnam.com\/en\/wp-json\/wp\/v2\/product_brand?post=3691"},{"taxonomy":"product_cat","embeddable":true,"href":"https:\/\/biogroupvietnam.com\/en\/wp-json\/wp\/v2\/product_cat?post=3691"},{"taxonomy":"product_tag","embeddable":true,"href":"https:\/\/biogroupvietnam.com\/en\/wp-json\/wp\/v2\/product_tag?post=3691"}],"curies":[{"name":"wp","href":"https:\/\/api.w.org\/{rel}","templated":true}]}}