{"id":3695,"date":"2025-08-18T19:52:21","date_gmt":"2025-08-18T12:52:21","guid":{"rendered":"http:\/\/biogroupvietnam-worldpress.local\/product\/import-placeholder-for-69\/"},"modified":"2025-11-18T09:24:47","modified_gmt":"2025-11-18T02:24:47","slug":"hop-canister","status":"publish","type":"product","link":"https:\/\/biogroupvietnam.com\/en\/product\/canisters\/","title":{"rendered":"Canisters"},"content":{"rendered":"<p>The canister is a protective, stainless steel container into which the freezing bag is placed. In addition to mechanically protecting the freezing bag, the canister has receptacles on the top and side which serve as connectors to the periscope hook and the rack address hook. Further, the thermal properties of the canister augment heat transfer during freezing and protect the unit from uncontrolled warming when it is removed from the ThermoGenesis BioArchive System.<\/p>\n","protected":false},"excerpt":{"rendered":"<p>The canister is a protective, stainless steel container into which the freezing bag is placed. In addition to mechanically protecting the freezing bag, the canister has receptacles on the top and side which serve as connectors to the periscope hook and the rack address hook. Further, the thermal properties of the canister augment heat transfer<\/p>\n<div class=\"klb-readmore post-buttons\"><a class=\"button rounded primary\" href=\"https:\/\/biogroupvietnam.com\/en\/product\/canisters\/\">Read More <i class=\"klbth-icon-right-arrow\"><\/i><\/a><\/div>\n","protected":false},"featured_media":9035,"comment_status":"closed","ping_status":"closed","template":"","meta":{"_acf_changed":false},"product_brand":[80],"product_cat":[99],"product_tag":[],"class_list":{"0":"post-3695","1":"product","2":"type-product","3":"status-publish","4":"has-post-thumbnail","6":"product_brand-thermogenesis","7":"product_cat-bioarchive-system","9":"first","10":"outofstock","11":"shipping-taxable","12":"product-type-simple"},"acf":[],"yoast_head":"<!-- This site is optimized with the Yoast SEO plugin v26.8 - https:\/\/yoast.com\/product\/yoast-seo-wordpress\/ -->\n<title>Canisters<\/title>\n<meta name=\"description\" content=\"The canister is a protective, stainless steel container into which the freezing bag is placed. In addition to mechanically protecting the freezing bag, the canister has receptacles on the top and side which serve as connectors to the periscope hook and the rack address hook. Further, the thermal properties of the canister augment heat transfer&hellip;\" \/>\n<meta name=\"robots\" content=\"index, follow, max-snippet:-1, max-image-preview:large, max-video-preview:-1\" \/>\n<link rel=\"canonical\" href=\"http:\/\/The%20canister%20is%20a%20protective,%20stainless%20steel%20container%20into%20which%20the%20freezing%20bag%20is%20placed.%20In%20addition%20to%20mechanically%20protecting%20the%20freezing%20bag,%20the%20canister%20has%20receptacles%20on%20the%20top%20and%20side%20which%20serve%20as%20connectors%20to%20the%20periscope%20hook%20and%20the%20rack%20address%20hook.%20Further,%20the%20thermal%20properties%20of%20the%20canister%20augment%20heat%20transfer&hellip;\" \/>\n<meta property=\"og:locale\" content=\"en_US\" \/>\n<meta property=\"og:type\" content=\"article\" \/>\n<meta property=\"og:title\" content=\"Canisters\" \/>\n<meta property=\"og:description\" content=\"The canister is a protective, stainless steel container into which the freezing bag is placed. In addition to mechanically protecting the freezing bag, the canister has receptacles on the top and side which serve as connectors to the periscope hook and the rack address hook. Further, the thermal properties of the canister augment heat transfer&hellip;\" \/>\n<meta property=\"og:url\" content=\"https:\/\/biogroupvietnam.com\/en\/product\/canisters\/\" \/>\n<meta property=\"og:site_name\" content=\"Biogroup Vietnam\" \/>\n<meta property=\"article:modified_time\" content=\"2025-11-18T02:24:47+00:00\" \/>\n<meta property=\"og:image\" content=\"https:\/\/biogroupvietnam.com\/wp-content\/uploads\/2025\/08\/Canisters.jpg\" \/>\n\t<meta property=\"og:image:width\" content=\"1640\" \/>\n\t<meta property=\"og:image:height\" content=\"1260\" \/>\n\t<meta property=\"og:image:type\" content=\"image\/jpeg\" \/>\n<meta name=\"twitter:card\" content=\"summary_large_image\" \/>\n<meta name=\"twitter:label1\" content=\"Est. reading time\" \/>\n\t<meta name=\"twitter:data1\" content=\"2 minutes\" \/>\n<script type=\"application\/ld+json\" class=\"yoast-schema-graph\">{\"@context\":\"https:\/\/schema.org\",\"@graph\":[{\"@type\":\"WebPage\",\"@id\":\"https:\/\/biogroupvietnam.com\/en\/product\/canisters\/\",\"url\":\"https:\/\/biogroupvietnam.com\/en\/product\/canisters\/\",\"name\":\"H\u1ed9p Canister Ch\u1ee9a \u0110\u01a1n V\u1ecb T\u1ebf B\u00e0o G\u1ed1c\",\"isPartOf\":{\"@id\":\"https:\/\/biogroupvietnam.com\/vi\/#website\"},\"primaryImageOfPage\":{\"@id\":\"https:\/\/biogroupvietnam.com\/en\/product\/canisters\/#primaryimage\"},\"image\":{\"@id\":\"https:\/\/biogroupvietnam.com\/en\/product\/canisters\/#primaryimage\"},\"thumbnailUrl\":\"https:\/\/biogroupvietnam.com\/wp-content\/uploads\/2025\/08\/Canisters.jpg\",\"datePublished\":\"2025-08-18T12:52:21+00:00\",\"dateModified\":\"2025-11-18T02:24:47+00:00\",\"description\":\"H\u1ed9p canister l\u00e0 h\u1ed9p ch\u1ee9a \u0111\u01a1n v\u1ecb t\u1ebf b\u00e0o g\u1ed1c b\u1eb1ng th\u00e9p kh\u00f4ng g\u1ec9, b\u1ea3o v\u1ec7, n\u01a1i \u0111\u1eb7t t\u00fai l\u01b0u tr\u1eef \u0111\u00f4ng l\u1ea1nh (freezing bag) v\u00e0o \u0111\u00f3.\",\"breadcrumb\":{\"@id\":\"https:\/\/biogroupvietnam.com\/en\/product\/canisters\/#breadcrumb\"},\"inLanguage\":\"en-US\",\"potentialAction\":[{\"@type\":\"ReadAction\",\"target\":[\"https:\/\/biogroupvietnam.com\/en\/product\/canisters\/\"]}]},{\"@type\":\"ImageObject\",\"inLanguage\":\"en-US\",\"@id\":\"https:\/\/biogroupvietnam.com\/en\/product\/canisters\/#primaryimage\",\"url\":\"https:\/\/biogroupvietnam.com\/wp-content\/uploads\/2025\/08\/Canisters.jpg\",\"contentUrl\":\"https:\/\/biogroupvietnam.com\/wp-content\/uploads\/2025\/08\/Canisters.jpg\",\"width\":1640,\"height\":1260},{\"@type\":\"BreadcrumbList\",\"@id\":\"https:\/\/biogroupvietnam.com\/en\/product\/canisters\/#breadcrumb\",\"itemListElement\":[{\"@type\":\"ListItem\",\"position\":1,\"name\":\"Biogroup Vietnam | End-to-End Biotechnology Solutions\",\"item\":\"https:\/\/biogroupvietnam.com\/vi\/\"},{\"@type\":\"ListItem\",\"position\":2,\"name\":\"Product\",\"item\":\"https:\/\/biogroupvietnam.com\/vi\/san-pham\/\"},{\"@type\":\"ListItem\",\"position\":3,\"name\":\"Cellular Cryopreservation\",\"item\":\"https:\/\/biogroupvietnam.com\/vi\/danh-muc-san-pham\/bao-quan-lanh-te-bao\/\"},{\"@type\":\"ListItem\",\"position\":4,\"name\":\"BioArchive\u00ae System\",\"item\":\"https:\/\/biogroupvietnam.com\/vi\/danh-muc-san-pham\/he-thong-bioarchive\/\"},{\"@type\":\"ListItem\",\"position\":5,\"name\":\"Canisters\"}]},{\"@type\":\"WebSite\",\"@id\":\"https:\/\/biogroupvietnam.com\/en\/vi\/#website\",\"url\":\"https:\/\/biogroupvietnam.com\/en\/vi\/\",\"name\":\"Biogroup Vietnam\",\"description\":\"Biogroup Vietnam cung c\u1ea5p d\u1ecbch v\u1ee5 k\u1ef9 thu\u1eadt c\u00f9ng thi\u1ebft b\u1ecb, v\u1eadt t\u01b0, h\u00f3a ch\u1ea5t v\u00e0 gi\u1ea3i ph\u00e1p sinh h\u1ecdc cho ph\u00f2ng th\u00ed nghi\u1ec7m c\u00f4ng ngh\u1ec7 sinh h\u1ecdc, y sinh v\u00e0 y h\u1ecdc t\u00e1i t\u1ea1o.\",\"potentialAction\":[{\"@type\":\"SearchAction\",\"target\":{\"@type\":\"EntryPoint\",\"urlTemplate\":\"https:\/\/biogroupvietnam.com\/en\/vi\/?s={search_term_string}\"},\"query-input\":{\"@type\":\"PropertyValueSpecification\",\"valueRequired\":true,\"valueName\":\"search_term_string\"}}],\"inLanguage\":\"en-US\"}]}<\/script>\n<!-- \/ Yoast SEO plugin. -->","yoast_head_json":{"title":"Canisters","description":"The canister is a protective, stainless steel container into which the freezing bag is placed. In addition to mechanically protecting the freezing bag, the canister has receptacles on the top and side which serve as connectors to the periscope hook and the rack address hook. Further, the thermal properties of the canister augment heat transfer&hellip;","robots":{"index":"index","follow":"follow","max-snippet":"max-snippet:-1","max-image-preview":"max-image-preview:large","max-video-preview":"max-video-preview:-1"},"canonical":"The canister is a protective, stainless steel container into which the freezing bag is placed. In addition to mechanically protecting the freezing bag, the canister has receptacles on the top and side which serve as connectors to the periscope hook and the rack address hook. Further, the thermal properties of the canister augment heat transfer&hellip;","og_locale":"en_US","og_type":"article","og_title":"Canisters","og_description":"The canister is a protective, stainless steel container into which the freezing bag is placed. In addition to mechanically protecting the freezing bag, the canister has receptacles on the top and side which serve as connectors to the periscope hook and the rack address hook. Further, the thermal properties of the canister augment heat transfer&hellip;","og_url":"https:\/\/biogroupvietnam.com\/en\/product\/canisters\/","og_site_name":"Biogroup Vietnam","article_modified_time":"2025-11-18T02:24:47+00:00","og_image":[{"width":1640,"height":1260,"url":"https:\/\/biogroupvietnam.com\/wp-content\/uploads\/2025\/08\/Canisters.jpg","type":"image\/jpeg"}],"twitter_card":"summary_large_image","twitter_misc":{"Est. reading time":"2 minutes"},"schema":{"@context":"https:\/\/schema.org","@graph":[{"@type":"WebPage","@id":"https:\/\/biogroupvietnam.com\/en\/product\/canisters\/","url":"https:\/\/biogroupvietnam.com\/en\/product\/canisters\/","name":"H\u1ed9p Canister Ch\u1ee9a \u0110\u01a1n V\u1ecb T\u1ebf B\u00e0o G\u1ed1c","isPartOf":{"@id":"https:\/\/biogroupvietnam.com\/vi\/#website"},"primaryImageOfPage":{"@id":"https:\/\/biogroupvietnam.com\/en\/product\/canisters\/#primaryimage"},"image":{"@id":"https:\/\/biogroupvietnam.com\/en\/product\/canisters\/#primaryimage"},"thumbnailUrl":"https:\/\/biogroupvietnam.com\/wp-content\/uploads\/2025\/08\/Canisters.jpg","datePublished":"2025-08-18T12:52:21+00:00","dateModified":"2025-11-18T02:24:47+00:00","description":"H\u1ed9p canister l\u00e0 h\u1ed9p ch\u1ee9a \u0111\u01a1n v\u1ecb t\u1ebf b\u00e0o g\u1ed1c b\u1eb1ng th\u00e9p kh\u00f4ng g\u1ec9, b\u1ea3o v\u1ec7, n\u01a1i \u0111\u1eb7t t\u00fai l\u01b0u tr\u1eef \u0111\u00f4ng l\u1ea1nh (freezing bag) v\u00e0o \u0111\u00f3.","breadcrumb":{"@id":"https:\/\/biogroupvietnam.com\/en\/product\/canisters\/#breadcrumb"},"inLanguage":"en-US","potentialAction":[{"@type":"ReadAction","target":["https:\/\/biogroupvietnam.com\/en\/product\/canisters\/"]}]},{"@type":"ImageObject","inLanguage":"en-US","@id":"https:\/\/biogroupvietnam.com\/en\/product\/canisters\/#primaryimage","url":"https:\/\/biogroupvietnam.com\/wp-content\/uploads\/2025\/08\/Canisters.jpg","contentUrl":"https:\/\/biogroupvietnam.com\/wp-content\/uploads\/2025\/08\/Canisters.jpg","width":1640,"height":1260},{"@type":"BreadcrumbList","@id":"https:\/\/biogroupvietnam.com\/en\/product\/canisters\/#breadcrumb","itemListElement":[{"@type":"ListItem","position":1,"name":"Biogroup Vietnam | End-to-End Biotechnology Solutions","item":"https:\/\/biogroupvietnam.com\/vi\/"},{"@type":"ListItem","position":2,"name":"Product","item":"https:\/\/biogroupvietnam.com\/vi\/san-pham\/"},{"@type":"ListItem","position":3,"name":"Cellular Cryopreservation","item":"https:\/\/biogroupvietnam.com\/vi\/danh-muc-san-pham\/bao-quan-lanh-te-bao\/"},{"@type":"ListItem","position":4,"name":"BioArchive\u00ae System","item":"https:\/\/biogroupvietnam.com\/vi\/danh-muc-san-pham\/he-thong-bioarchive\/"},{"@type":"ListItem","position":5,"name":"Canisters"}]},{"@type":"WebSite","@id":"https:\/\/biogroupvietnam.com\/en\/vi\/#website","url":"https:\/\/biogroupvietnam.com\/en\/vi\/","name":"Biogroup Vietnam","description":"Biogroup Vietnam cung c\u1ea5p d\u1ecbch v\u1ee5 k\u1ef9 thu\u1eadt c\u00f9ng thi\u1ebft b\u1ecb, v\u1eadt t\u01b0, h\u00f3a ch\u1ea5t v\u00e0 gi\u1ea3i ph\u00e1p sinh h\u1ecdc cho ph\u00f2ng th\u00ed nghi\u1ec7m c\u00f4ng ngh\u1ec7 sinh h\u1ecdc, y sinh v\u00e0 y h\u1ecdc t\u00e1i t\u1ea1o.","potentialAction":[{"@type":"SearchAction","target":{"@type":"EntryPoint","urlTemplate":"https:\/\/biogroupvietnam.com\/en\/vi\/?s={search_term_string}"},"query-input":{"@type":"PropertyValueSpecification","valueRequired":true,"valueName":"search_term_string"}}],"inLanguage":"en-US"}]}},"_links":{"self":[{"href":"https:\/\/biogroupvietnam.com\/en\/wp-json\/wp\/v2\/product\/3695","targetHints":{"allow":["GET"]}}],"collection":[{"href":"https:\/\/biogroupvietnam.com\/en\/wp-json\/wp\/v2\/product"}],"about":[{"href":"https:\/\/biogroupvietnam.com\/en\/wp-json\/wp\/v2\/types\/product"}],"replies":[{"embeddable":true,"href":"https:\/\/biogroupvietnam.com\/en\/wp-json\/wp\/v2\/comments?post=3695"}],"version-history":[{"count":4,"href":"https:\/\/biogroupvietnam.com\/en\/wp-json\/wp\/v2\/product\/3695\/revisions"}],"predecessor-version":[{"id":9043,"href":"https:\/\/biogroupvietnam.com\/en\/wp-json\/wp\/v2\/product\/3695\/revisions\/9043"}],"wp:featuredmedia":[{"embeddable":true,"href":"https:\/\/biogroupvietnam.com\/en\/wp-json\/wp\/v2\/media\/9035"}],"wp:attachment":[{"href":"https:\/\/biogroupvietnam.com\/en\/wp-json\/wp\/v2\/media?parent=3695"}],"wp:term":[{"taxonomy":"product_brand","embeddable":true,"href":"https:\/\/biogroupvietnam.com\/en\/wp-json\/wp\/v2\/product_brand?post=3695"},{"taxonomy":"product_cat","embeddable":true,"href":"https:\/\/biogroupvietnam.com\/en\/wp-json\/wp\/v2\/product_cat?post=3695"},{"taxonomy":"product_tag","embeddable":true,"href":"https:\/\/biogroupvietnam.com\/en\/wp-json\/wp\/v2\/product_tag?post=3695"}],"curies":[{"name":"wp","href":"https:\/\/api.w.org\/{rel}","templated":true}]}}