{"id":3697,"date":"2025-08-18T19:52:21","date_gmt":"2025-08-18T12:52:21","guid":{"rendered":"http:\/\/biogroupvietnam-worldpress.local\/product\/import-placeholder-for-71\/"},"modified":"2025-11-12T18:34:54","modified_gmt":"2025-11-12T11:34:54","slug":"may-u-lac-1","status":"publish","type":"product","link":"https:\/\/biogroupvietnam.com\/en\/product\/incu-shaker-mini-2\/","title":{"rendered":"INCU-SHAKER MINI"},"content":{"rendered":"<p>The Incu-Shaker\u2122 Mini is the most compact shaking incubator in its class. Despite the remarkably small footprint, a large 11.5 x 9.5 in. work space accepts several platforms and a variety of flasks, tubes and other common vessels. The standard platform (included) features a non-slip, rubber coated surface, ideal for tissue culture flasks, Petri dishes and staining trays. The convenient MAGic Clamp\u2122 (PATENTED) platform is also available for use with Erlenmeyer flasks and test tube racks. The unique, magnetic attach- ment method is the easiest way to instantly change between flask clamps of different sizes.<\/p>\n","protected":false},"excerpt":{"rendered":"<p>The Incu-Shaker\u2122 Mini is the most compact shaking incubator in its class. Despite the remarkably small footprint, a large 11.5 x 9.5 in. work space accepts several platforms and a variety of flasks, tubes and other common vessels. The standard platform (included) features a non-slip, rubber coated surface, ideal for tissue culture flasks, Petri dishes<\/p>\n<div class=\"klb-readmore post-buttons\"><a class=\"button rounded primary\" href=\"https:\/\/biogroupvietnam.com\/en\/product\/incu-shaker-mini-2\/\">Read More <i class=\"klbth-icon-right-arrow\"><\/i><\/a><\/div>\n","protected":false},"featured_media":8903,"comment_status":"closed","ping_status":"closed","template":"","meta":{"_acf_changed":false},"product_brand":[138],"product_cat":[121],"product_tag":[],"class_list":{"0":"post-3697","1":"product","2":"type-product","3":"status-publish","4":"has-post-thumbnail","6":"product_brand-benchmark-scientific","7":"product_cat-tu-an-toan-sinh-hoc","9":"first","10":"outofstock","11":"shipping-taxable","12":"product-type-simple"},"acf":[],"yoast_head":"<!-- This site is optimized with the Yoast SEO plugin v26.8 - https:\/\/yoast.com\/product\/yoast-seo-wordpress\/ -->\n<title>INCU-SHAKER MINI<\/title>\n<meta name=\"description\" content=\"The Incu-Shaker\u2122 Mini is the most compact shaking incubator in its class. Despite the remarkably small footprint, a large 11.5 x 9.5 in. work space accepts several platforms and a variety of flasks, tubes and other common vessels. The standard platform (included) features a non-slip, rubber coated surface, ideal for tissue culture flasks, Petri dishes&hellip;\" \/>\n<meta name=\"robots\" content=\"index, follow, max-snippet:-1, max-image-preview:large, max-video-preview:-1\" \/>\n<link rel=\"canonical\" href=\"http:\/\/The%20Incu-Shaker\u2122%20Mini%20is%20the%20most%20compact%20shaking%20incubator%20in%20its%20class.%20Despite%20the%20remarkably%20small%20footprint,%20a%20large%2011.5%20x%209.5%20in.%20work%20space%20accepts%20several%20platforms%20and%20a%20variety%20of%20flasks,%20tubes%20and%20other%20common%20vessels.%20The%20standard%20platform%20(included)%20features%20a%20non-slip,%20rubber%20coated%20surface,%20ideal%20for%20tissue%20culture%20flasks,%20Petri%20dishes&hellip;\" \/>\n<meta property=\"og:locale\" content=\"en_US\" \/>\n<meta property=\"og:type\" content=\"article\" \/>\n<meta property=\"og:title\" content=\"INCU-SHAKER MINI\" \/>\n<meta property=\"og:description\" content=\"The Incu-Shaker\u2122 Mini is the most compact shaking incubator in its class. Despite the remarkably small footprint, a large 11.5 x 9.5 in. work space accepts several platforms and a variety of flasks, tubes and other common vessels. The standard platform (included) features a non-slip, rubber coated surface, ideal for tissue culture flasks, Petri dishes&hellip;\" \/>\n<meta property=\"og:url\" content=\"https:\/\/biogroupvietnam.com\/en\/product\/incu-shaker-mini-2\/\" \/>\n<meta property=\"og:site_name\" content=\"Biogroup Vietnam\" \/>\n<meta property=\"article:modified_time\" content=\"2025-11-12T11:34:54+00:00\" \/>\n<meta property=\"og:image\" content=\"https:\/\/biogroupvietnam.com\/wp-content\/uploads\/2025\/08\/Incu-Shaker\u2122-Mini-with-non-slip-rubber-mat.jpg\" \/>\n\t<meta property=\"og:image:width\" content=\"1640\" \/>\n\t<meta property=\"og:image:height\" content=\"1260\" \/>\n\t<meta property=\"og:image:type\" content=\"image\/jpeg\" \/>\n<meta name=\"twitter:card\" content=\"summary_large_image\" \/>\n<meta name=\"twitter:label1\" content=\"Est. reading time\" \/>\n\t<meta name=\"twitter:data1\" content=\"1 minute\" \/>\n<script type=\"application\/ld+json\" class=\"yoast-schema-graph\">{\"@context\":\"https:\/\/schema.org\",\"@graph\":[{\"@type\":\"WebPage\",\"@id\":\"https:\/\/biogroupvietnam.com\/en\/product\/incu-shaker-mini-2\/\",\"url\":\"https:\/\/biogroupvietnam.com\/en\/product\/incu-shaker-mini-2\/\",\"name\":\"M\u00e1y \u1ee7 l\u1eafc\",\"isPartOf\":{\"@id\":\"https:\/\/biogroupvietnam.com\/vi\/#website\"},\"primaryImageOfPage\":{\"@id\":\"https:\/\/biogroupvietnam.com\/en\/product\/incu-shaker-mini-2\/#primaryimage\"},\"image\":{\"@id\":\"https:\/\/biogroupvietnam.com\/en\/product\/incu-shaker-mini-2\/#primaryimage\"},\"thumbnailUrl\":\"https:\/\/biogroupvietnam.com\/wp-content\/uploads\/2025\/08\/Incu-Shaker\u2122-Mini-with-non-slip-rubber-mat.jpg\",\"datePublished\":\"2025-08-18T12:52:21+00:00\",\"dateModified\":\"2025-11-12T11:34:54+00:00\",\"description\":\"Incu-Shaker Mini l\u00e0 m\u00e1y c\u00f3 thi\u1ebft k\u1ebf nh\u1ecf g\u1ecdn nh\u1ea5t, kh\u00f4ng gian l\u00e0m vi\u1ec7c l\u1edbn 11,5 x 9,5 cm ch\u1ee9a c\u00e1c b\u00ecnh, \u1ed1ng th\u00f4ng th\u01b0\u1eddng kh\u00e1c.\",\"breadcrumb\":{\"@id\":\"https:\/\/biogroupvietnam.com\/en\/product\/incu-shaker-mini-2\/#breadcrumb\"},\"inLanguage\":\"en-US\",\"potentialAction\":[{\"@type\":\"ReadAction\",\"target\":[\"https:\/\/biogroupvietnam.com\/en\/product\/incu-shaker-mini-2\/\"]}]},{\"@type\":\"ImageObject\",\"inLanguage\":\"en-US\",\"@id\":\"https:\/\/biogroupvietnam.com\/en\/product\/incu-shaker-mini-2\/#primaryimage\",\"url\":\"https:\/\/biogroupvietnam.com\/wp-content\/uploads\/2025\/08\/Incu-Shaker\u2122-Mini-with-non-slip-rubber-mat.jpg\",\"contentUrl\":\"https:\/\/biogroupvietnam.com\/wp-content\/uploads\/2025\/08\/Incu-Shaker\u2122-Mini-with-non-slip-rubber-mat.jpg\",\"width\":1640,\"height\":1260},{\"@type\":\"BreadcrumbList\",\"@id\":\"https:\/\/biogroupvietnam.com\/en\/product\/incu-shaker-mini-2\/#breadcrumb\",\"itemListElement\":[{\"@type\":\"ListItem\",\"position\":1,\"name\":\"Biogroup Vietnam | End-to-End Biotechnology Solutions\",\"item\":\"https:\/\/biogroupvietnam.com\/vi\/\"},{\"@type\":\"ListItem\",\"position\":2,\"name\":\"Product\",\"item\":\"https:\/\/biogroupvietnam.com\/vi\/san-pham\/\"},{\"@type\":\"ListItem\",\"position\":3,\"name\":\"Biological R&D\",\"item\":\"https:\/\/biogroupvietnam.com\/vi\/danh-muc-san-pham\/rd-sinh-hoc\/\"},{\"@type\":\"ListItem\",\"position\":4,\"name\":\"Biological Safety Cabinet\",\"item\":\"https:\/\/biogroupvietnam.com\/vi\/danh-muc-san-pham\/tu-an-toan-sinh-hoc\/\"},{\"@type\":\"ListItem\",\"position\":5,\"name\":\"INCU-SHAKER MINI\"}]},{\"@type\":\"WebSite\",\"@id\":\"https:\/\/biogroupvietnam.com\/en\/vi\/#website\",\"url\":\"https:\/\/biogroupvietnam.com\/en\/vi\/\",\"name\":\"Biogroup Vietnam\",\"description\":\"Biogroup Vietnam cung c\u1ea5p d\u1ecbch v\u1ee5 k\u1ef9 thu\u1eadt c\u00f9ng thi\u1ebft b\u1ecb, v\u1eadt t\u01b0, h\u00f3a ch\u1ea5t v\u00e0 gi\u1ea3i ph\u00e1p sinh h\u1ecdc cho ph\u00f2ng th\u00ed nghi\u1ec7m c\u00f4ng ngh\u1ec7 sinh h\u1ecdc, y sinh v\u00e0 y h\u1ecdc t\u00e1i t\u1ea1o.\",\"potentialAction\":[{\"@type\":\"SearchAction\",\"target\":{\"@type\":\"EntryPoint\",\"urlTemplate\":\"https:\/\/biogroupvietnam.com\/en\/vi\/?s={search_term_string}\"},\"query-input\":{\"@type\":\"PropertyValueSpecification\",\"valueRequired\":true,\"valueName\":\"search_term_string\"}}],\"inLanguage\":\"en-US\"}]}<\/script>\n<!-- \/ Yoast SEO plugin. -->","yoast_head_json":{"title":"INCU-SHAKER MINI","description":"The Incu-Shaker\u2122 Mini is the most compact shaking incubator in its class. Despite the remarkably small footprint, a large 11.5 x 9.5 in. work space accepts several platforms and a variety of flasks, tubes and other common vessels. The standard platform (included) features a non-slip, rubber coated surface, ideal for tissue culture flasks, Petri dishes&hellip;","robots":{"index":"index","follow":"follow","max-snippet":"max-snippet:-1","max-image-preview":"max-image-preview:large","max-video-preview":"max-video-preview:-1"},"canonical":"The Incu-Shaker\u2122 Mini is the most compact shaking incubator in its class. Despite the remarkably small footprint, a large 11.5 x 9.5 in. work space accepts several platforms and a variety of flasks, tubes and other common vessels. The standard platform (included) features a non-slip, rubber coated surface, ideal for tissue culture flasks, Petri dishes&hellip;","og_locale":"en_US","og_type":"article","og_title":"INCU-SHAKER MINI","og_description":"The Incu-Shaker\u2122 Mini is the most compact shaking incubator in its class. Despite the remarkably small footprint, a large 11.5 x 9.5 in. work space accepts several platforms and a variety of flasks, tubes and other common vessels. The standard platform (included) features a non-slip, rubber coated surface, ideal for tissue culture flasks, Petri dishes&hellip;","og_url":"https:\/\/biogroupvietnam.com\/en\/product\/incu-shaker-mini-2\/","og_site_name":"Biogroup Vietnam","article_modified_time":"2025-11-12T11:34:54+00:00","og_image":[{"width":1640,"height":1260,"url":"https:\/\/biogroupvietnam.com\/wp-content\/uploads\/2025\/08\/Incu-Shaker\u2122-Mini-with-non-slip-rubber-mat.jpg","type":"image\/jpeg"}],"twitter_card":"summary_large_image","twitter_misc":{"Est. reading time":"1 minute"},"schema":{"@context":"https:\/\/schema.org","@graph":[{"@type":"WebPage","@id":"https:\/\/biogroupvietnam.com\/en\/product\/incu-shaker-mini-2\/","url":"https:\/\/biogroupvietnam.com\/en\/product\/incu-shaker-mini-2\/","name":"M\u00e1y \u1ee7 l\u1eafc","isPartOf":{"@id":"https:\/\/biogroupvietnam.com\/vi\/#website"},"primaryImageOfPage":{"@id":"https:\/\/biogroupvietnam.com\/en\/product\/incu-shaker-mini-2\/#primaryimage"},"image":{"@id":"https:\/\/biogroupvietnam.com\/en\/product\/incu-shaker-mini-2\/#primaryimage"},"thumbnailUrl":"https:\/\/biogroupvietnam.com\/wp-content\/uploads\/2025\/08\/Incu-Shaker\u2122-Mini-with-non-slip-rubber-mat.jpg","datePublished":"2025-08-18T12:52:21+00:00","dateModified":"2025-11-12T11:34:54+00:00","description":"Incu-Shaker Mini l\u00e0 m\u00e1y c\u00f3 thi\u1ebft k\u1ebf nh\u1ecf g\u1ecdn nh\u1ea5t, kh\u00f4ng gian l\u00e0m vi\u1ec7c l\u1edbn 11,5 x 9,5 cm ch\u1ee9a c\u00e1c b\u00ecnh, \u1ed1ng th\u00f4ng th\u01b0\u1eddng kh\u00e1c.","breadcrumb":{"@id":"https:\/\/biogroupvietnam.com\/en\/product\/incu-shaker-mini-2\/#breadcrumb"},"inLanguage":"en-US","potentialAction":[{"@type":"ReadAction","target":["https:\/\/biogroupvietnam.com\/en\/product\/incu-shaker-mini-2\/"]}]},{"@type":"ImageObject","inLanguage":"en-US","@id":"https:\/\/biogroupvietnam.com\/en\/product\/incu-shaker-mini-2\/#primaryimage","url":"https:\/\/biogroupvietnam.com\/wp-content\/uploads\/2025\/08\/Incu-Shaker\u2122-Mini-with-non-slip-rubber-mat.jpg","contentUrl":"https:\/\/biogroupvietnam.com\/wp-content\/uploads\/2025\/08\/Incu-Shaker\u2122-Mini-with-non-slip-rubber-mat.jpg","width":1640,"height":1260},{"@type":"BreadcrumbList","@id":"https:\/\/biogroupvietnam.com\/en\/product\/incu-shaker-mini-2\/#breadcrumb","itemListElement":[{"@type":"ListItem","position":1,"name":"Biogroup Vietnam | End-to-End Biotechnology Solutions","item":"https:\/\/biogroupvietnam.com\/vi\/"},{"@type":"ListItem","position":2,"name":"Product","item":"https:\/\/biogroupvietnam.com\/vi\/san-pham\/"},{"@type":"ListItem","position":3,"name":"Biological R&D","item":"https:\/\/biogroupvietnam.com\/vi\/danh-muc-san-pham\/rd-sinh-hoc\/"},{"@type":"ListItem","position":4,"name":"Biological Safety Cabinet","item":"https:\/\/biogroupvietnam.com\/vi\/danh-muc-san-pham\/tu-an-toan-sinh-hoc\/"},{"@type":"ListItem","position":5,"name":"INCU-SHAKER MINI"}]},{"@type":"WebSite","@id":"https:\/\/biogroupvietnam.com\/en\/vi\/#website","url":"https:\/\/biogroupvietnam.com\/en\/vi\/","name":"Biogroup Vietnam","description":"Biogroup Vietnam cung c\u1ea5p d\u1ecbch v\u1ee5 k\u1ef9 thu\u1eadt c\u00f9ng thi\u1ebft b\u1ecb, v\u1eadt t\u01b0, h\u00f3a ch\u1ea5t v\u00e0 gi\u1ea3i ph\u00e1p sinh h\u1ecdc cho ph\u00f2ng th\u00ed nghi\u1ec7m c\u00f4ng ngh\u1ec7 sinh h\u1ecdc, y sinh v\u00e0 y h\u1ecdc t\u00e1i t\u1ea1o.","potentialAction":[{"@type":"SearchAction","target":{"@type":"EntryPoint","urlTemplate":"https:\/\/biogroupvietnam.com\/en\/vi\/?s={search_term_string}"},"query-input":{"@type":"PropertyValueSpecification","valueRequired":true,"valueName":"search_term_string"}}],"inLanguage":"en-US"}]}},"_links":{"self":[{"href":"https:\/\/biogroupvietnam.com\/en\/wp-json\/wp\/v2\/product\/3697","targetHints":{"allow":["GET"]}}],"collection":[{"href":"https:\/\/biogroupvietnam.com\/en\/wp-json\/wp\/v2\/product"}],"about":[{"href":"https:\/\/biogroupvietnam.com\/en\/wp-json\/wp\/v2\/types\/product"}],"replies":[{"embeddable":true,"href":"https:\/\/biogroupvietnam.com\/en\/wp-json\/wp\/v2\/comments?post=3697"}],"version-history":[{"count":5,"href":"https:\/\/biogroupvietnam.com\/en\/wp-json\/wp\/v2\/product\/3697\/revisions"}],"predecessor-version":[{"id":8904,"href":"https:\/\/biogroupvietnam.com\/en\/wp-json\/wp\/v2\/product\/3697\/revisions\/8904"}],"wp:featuredmedia":[{"embeddable":true,"href":"https:\/\/biogroupvietnam.com\/en\/wp-json\/wp\/v2\/media\/8903"}],"wp:attachment":[{"href":"https:\/\/biogroupvietnam.com\/en\/wp-json\/wp\/v2\/media?parent=3697"}],"wp:term":[{"taxonomy":"product_brand","embeddable":true,"href":"https:\/\/biogroupvietnam.com\/en\/wp-json\/wp\/v2\/product_brand?post=3697"},{"taxonomy":"product_cat","embeddable":true,"href":"https:\/\/biogroupvietnam.com\/en\/wp-json\/wp\/v2\/product_cat?post=3697"},{"taxonomy":"product_tag","embeddable":true,"href":"https:\/\/biogroupvietnam.com\/en\/wp-json\/wp\/v2\/product_tag?post=3697"}],"curies":[{"name":"wp","href":"https:\/\/api.w.org\/{rel}","templated":true}]}}