{"id":3698,"date":"2025-08-18T19:52:22","date_gmt":"2025-08-18T12:52:22","guid":{"rendered":"http:\/\/biogroupvietnam-worldpress.local\/product\/import-placeholder-for-72\/"},"modified":"2025-11-12T18:33:39","modified_gmt":"2025-11-12T11:33:39","slug":"may-spindown-mini-1","status":"publish","type":"product","link":"https:\/\/biogroupvietnam.com\/en\/product\/myfuge-mini-centrifuge\/","title":{"rendered":"MYFUGE\u2122 MINI CENTRIFUGE"},"content":{"rendered":"<p style=\"text-align: justify;\">The MyFuge\u2122 Mini centrifuge is a personal centrifuge that virtually fits in the palm of your hand. Ideal for quick spin downs of microtubes and PCR tubes, the MyFuge is extremely easy to use. Simply close the lid and the rotor instantly reaches 6,000 rpm. Open the lid, and the rotor quickly decelerates to a stop for removing samples.<\/p>\n<p style=\"text-align: justify;\">An increased capacity, eight-position microtube rotor is included and comes installed. Also included is a second rotor for 0.2ml PCR tubes and strips which is stored (together with the rotor removal key) in a convenient compartment on the bottom of the centrifuge. When the rotor is not in use, storage in this compartment prevents loss or misplacement of the rotor.<\/p>\n","protected":false},"excerpt":{"rendered":"<p>The MyFuge\u2122 Mini centrifuge is a personal centrifuge that virtually fits in the palm of your hand. Ideal for quick spin downs of microtubes and PCR tubes, the MyFuge is extremely easy to use. Simply close the lid and the rotor instantly reaches 6,000 rpm. Open the lid, and the rotor quickly decelerates to a<\/p>\n<div class=\"klb-readmore post-buttons\"><a class=\"button rounded primary\" href=\"https:\/\/biogroupvietnam.com\/en\/product\/myfuge-mini-centrifuge\/\">Read More <i class=\"klbth-icon-right-arrow\"><\/i><\/a><\/div>\n","protected":false},"featured_media":8900,"comment_status":"closed","ping_status":"closed","template":"","meta":{"_acf_changed":false},"product_brand":[138],"product_cat":[121],"product_tag":[],"class_list":{"0":"post-3698","1":"product","2":"type-product","3":"status-publish","4":"has-post-thumbnail","6":"product_brand-benchmark-scientific","7":"product_cat-tu-an-toan-sinh-hoc","9":"first","10":"outofstock","11":"shipping-taxable","12":"product-type-simple"},"acf":[],"yoast_head":"<!-- This site is optimized with the Yoast SEO plugin v26.8 - https:\/\/yoast.com\/product\/yoast-seo-wordpress\/ -->\n<title>MYFUGE\u2122 MINI CENTRIFUGE<\/title>\n<meta name=\"description\" content=\"The MyFuge\u2122 Mini centrifuge is a personal centrifuge that virtually fits in the palm of your hand. Ideal for quick spin downs of microtubes and PCR tubes, the MyFuge is extremely easy to use. Simply close the lid and the rotor instantly reaches 6,000 rpm. Open the lid, and the rotor quickly decelerates to a&hellip;\" \/>\n<meta name=\"robots\" content=\"index, follow, max-snippet:-1, max-image-preview:large, max-video-preview:-1\" \/>\n<link rel=\"canonical\" href=\"http:\/\/The%20MyFuge\u2122%20Mini%20centrifuge%20is%20a%20personal%20centrifuge%20that%20virtually%20fits%20in%20the%20palm%20of%20your%20hand.%20Ideal%20for%20quick%20spin%20downs%20of%20microtubes%20and%20PCR%20tubes,%20the%20MyFuge%20is%20extremely%20easy%20to%20use.%20Simply%20close%20the%20lid%20and%20the%20rotor%20instantly%20reaches%206,000%20rpm.%20Open%20the%20lid,%20and%20the%20rotor%20quickly%20decelerates%20to%20a&hellip;\" \/>\n<meta property=\"og:locale\" content=\"en_US\" \/>\n<meta property=\"og:type\" content=\"article\" \/>\n<meta property=\"og:title\" content=\"MYFUGE\u2122 MINI CENTRIFUGE\" \/>\n<meta property=\"og:description\" content=\"The MyFuge\u2122 Mini centrifuge is a personal centrifuge that virtually fits in the palm of your hand. Ideal for quick spin downs of microtubes and PCR tubes, the MyFuge is extremely easy to use. Simply close the lid and the rotor instantly reaches 6,000 rpm. Open the lid, and the rotor quickly decelerates to a&hellip;\" \/>\n<meta property=\"og:url\" content=\"https:\/\/biogroupvietnam.com\/en\/product\/myfuge-mini-centrifuge\/\" \/>\n<meta property=\"og:site_name\" content=\"Biogroup Vietnam\" \/>\n<meta property=\"article:modified_time\" content=\"2025-11-12T11:33:39+00:00\" \/>\n<meta property=\"og:image\" content=\"https:\/\/biogroupvietnam.com\/wp-content\/uploads\/2025\/08\/MyFuge\u2122-Mini-Centrifuge-with-2-rotors.jpg\" \/>\n\t<meta property=\"og:image:width\" content=\"1640\" \/>\n\t<meta property=\"og:image:height\" content=\"1260\" \/>\n\t<meta property=\"og:image:type\" content=\"image\/jpeg\" \/>\n<meta name=\"twitter:card\" content=\"summary_large_image\" \/>\n<meta name=\"twitter:label1\" content=\"Est. reading time\" \/>\n\t<meta name=\"twitter:data1\" content=\"1 minute\" \/>\n<script type=\"application\/ld+json\" class=\"yoast-schema-graph\">{\"@context\":\"https:\/\/schema.org\",\"@graph\":[{\"@type\":\"WebPage\",\"@id\":\"https:\/\/biogroupvietnam.com\/en\/product\/myfuge-mini-centrifuge\/\",\"url\":\"https:\/\/biogroupvietnam.com\/en\/product\/myfuge-mini-centrifuge\/\",\"name\":\"M\u00e1y ly t\u00e2m mini (Spindown)\",\"isPartOf\":{\"@id\":\"https:\/\/biogroupvietnam.com\/vi\/#website\"},\"primaryImageOfPage\":{\"@id\":\"https:\/\/biogroupvietnam.com\/en\/product\/myfuge-mini-centrifuge\/#primaryimage\"},\"image\":{\"@id\":\"https:\/\/biogroupvietnam.com\/en\/product\/myfuge-mini-centrifuge\/#primaryimage\"},\"thumbnailUrl\":\"https:\/\/biogroupvietnam.com\/wp-content\/uploads\/2025\/08\/MyFuge\u2122-Mini-Centrifuge-with-2-rotors.jpg\",\"datePublished\":\"2025-08-18T12:52:22+00:00\",\"dateModified\":\"2025-11-12T11:33:39+00:00\",\"description\":\"MyFuge Mini l\u00e0 m\u1ed9t m\u00e1y ly t\u00e2m c\u00e1 nh\u00e2n g\u1ea7n nh\u01b0 v\u1eeba v\u1eb7n trong l\u00f2ng b\u00e0n tay c\u1ee7a b\u1ea1n.\",\"breadcrumb\":{\"@id\":\"https:\/\/biogroupvietnam.com\/en\/product\/myfuge-mini-centrifuge\/#breadcrumb\"},\"inLanguage\":\"en-US\",\"potentialAction\":[{\"@type\":\"ReadAction\",\"target\":[\"https:\/\/biogroupvietnam.com\/en\/product\/myfuge-mini-centrifuge\/\"]}]},{\"@type\":\"ImageObject\",\"inLanguage\":\"en-US\",\"@id\":\"https:\/\/biogroupvietnam.com\/en\/product\/myfuge-mini-centrifuge\/#primaryimage\",\"url\":\"https:\/\/biogroupvietnam.com\/wp-content\/uploads\/2025\/08\/MyFuge\u2122-Mini-Centrifuge-with-2-rotors.jpg\",\"contentUrl\":\"https:\/\/biogroupvietnam.com\/wp-content\/uploads\/2025\/08\/MyFuge\u2122-Mini-Centrifuge-with-2-rotors.jpg\",\"width\":1640,\"height\":1260},{\"@type\":\"BreadcrumbList\",\"@id\":\"https:\/\/biogroupvietnam.com\/en\/product\/myfuge-mini-centrifuge\/#breadcrumb\",\"itemListElement\":[{\"@type\":\"ListItem\",\"position\":1,\"name\":\"Biogroup Vietnam | End-to-End Biotechnology Solutions\",\"item\":\"https:\/\/biogroupvietnam.com\/vi\/\"},{\"@type\":\"ListItem\",\"position\":2,\"name\":\"Product\",\"item\":\"https:\/\/biogroupvietnam.com\/vi\/san-pham\/\"},{\"@type\":\"ListItem\",\"position\":3,\"name\":\"Biological R&D\",\"item\":\"https:\/\/biogroupvietnam.com\/vi\/danh-muc-san-pham\/rd-sinh-hoc\/\"},{\"@type\":\"ListItem\",\"position\":4,\"name\":\"Biological Safety Cabinet\",\"item\":\"https:\/\/biogroupvietnam.com\/vi\/danh-muc-san-pham\/tu-an-toan-sinh-hoc\/\"},{\"@type\":\"ListItem\",\"position\":5,\"name\":\"MYFUGE\u2122 MINI CENTRIFUGE\"}]},{\"@type\":\"WebSite\",\"@id\":\"https:\/\/biogroupvietnam.com\/en\/vi\/#website\",\"url\":\"https:\/\/biogroupvietnam.com\/en\/vi\/\",\"name\":\"Biogroup Vietnam\",\"description\":\"Biogroup Vietnam cung c\u1ea5p d\u1ecbch v\u1ee5 k\u1ef9 thu\u1eadt c\u00f9ng thi\u1ebft b\u1ecb, v\u1eadt t\u01b0, h\u00f3a ch\u1ea5t v\u00e0 gi\u1ea3i ph\u00e1p sinh h\u1ecdc cho ph\u00f2ng th\u00ed nghi\u1ec7m c\u00f4ng ngh\u1ec7 sinh h\u1ecdc, y sinh v\u00e0 y h\u1ecdc t\u00e1i t\u1ea1o.\",\"potentialAction\":[{\"@type\":\"SearchAction\",\"target\":{\"@type\":\"EntryPoint\",\"urlTemplate\":\"https:\/\/biogroupvietnam.com\/en\/vi\/?s={search_term_string}\"},\"query-input\":{\"@type\":\"PropertyValueSpecification\",\"valueRequired\":true,\"valueName\":\"search_term_string\"}}],\"inLanguage\":\"en-US\"}]}<\/script>\n<!-- \/ Yoast SEO plugin. -->","yoast_head_json":{"title":"MYFUGE\u2122 MINI CENTRIFUGE","description":"The MyFuge\u2122 Mini centrifuge is a personal centrifuge that virtually fits in the palm of your hand. Ideal for quick spin downs of microtubes and PCR tubes, the MyFuge is extremely easy to use. Simply close the lid and the rotor instantly reaches 6,000 rpm. Open the lid, and the rotor quickly decelerates to a&hellip;","robots":{"index":"index","follow":"follow","max-snippet":"max-snippet:-1","max-image-preview":"max-image-preview:large","max-video-preview":"max-video-preview:-1"},"canonical":"The MyFuge\u2122 Mini centrifuge is a personal centrifuge that virtually fits in the palm of your hand. Ideal for quick spin downs of microtubes and PCR tubes, the MyFuge is extremely easy to use. Simply close the lid and the rotor instantly reaches 6,000 rpm. Open the lid, and the rotor quickly decelerates to a&hellip;","og_locale":"en_US","og_type":"article","og_title":"MYFUGE\u2122 MINI CENTRIFUGE","og_description":"The MyFuge\u2122 Mini centrifuge is a personal centrifuge that virtually fits in the palm of your hand. Ideal for quick spin downs of microtubes and PCR tubes, the MyFuge is extremely easy to use. Simply close the lid and the rotor instantly reaches 6,000 rpm. Open the lid, and the rotor quickly decelerates to a&hellip;","og_url":"https:\/\/biogroupvietnam.com\/en\/product\/myfuge-mini-centrifuge\/","og_site_name":"Biogroup Vietnam","article_modified_time":"2025-11-12T11:33:39+00:00","og_image":[{"width":1640,"height":1260,"url":"https:\/\/biogroupvietnam.com\/wp-content\/uploads\/2025\/08\/MyFuge\u2122-Mini-Centrifuge-with-2-rotors.jpg","type":"image\/jpeg"}],"twitter_card":"summary_large_image","twitter_misc":{"Est. reading time":"1 minute"},"schema":{"@context":"https:\/\/schema.org","@graph":[{"@type":"WebPage","@id":"https:\/\/biogroupvietnam.com\/en\/product\/myfuge-mini-centrifuge\/","url":"https:\/\/biogroupvietnam.com\/en\/product\/myfuge-mini-centrifuge\/","name":"M\u00e1y ly t\u00e2m mini (Spindown)","isPartOf":{"@id":"https:\/\/biogroupvietnam.com\/vi\/#website"},"primaryImageOfPage":{"@id":"https:\/\/biogroupvietnam.com\/en\/product\/myfuge-mini-centrifuge\/#primaryimage"},"image":{"@id":"https:\/\/biogroupvietnam.com\/en\/product\/myfuge-mini-centrifuge\/#primaryimage"},"thumbnailUrl":"https:\/\/biogroupvietnam.com\/wp-content\/uploads\/2025\/08\/MyFuge\u2122-Mini-Centrifuge-with-2-rotors.jpg","datePublished":"2025-08-18T12:52:22+00:00","dateModified":"2025-11-12T11:33:39+00:00","description":"MyFuge Mini l\u00e0 m\u1ed9t m\u00e1y ly t\u00e2m c\u00e1 nh\u00e2n g\u1ea7n nh\u01b0 v\u1eeba v\u1eb7n trong l\u00f2ng b\u00e0n tay c\u1ee7a b\u1ea1n.","breadcrumb":{"@id":"https:\/\/biogroupvietnam.com\/en\/product\/myfuge-mini-centrifuge\/#breadcrumb"},"inLanguage":"en-US","potentialAction":[{"@type":"ReadAction","target":["https:\/\/biogroupvietnam.com\/en\/product\/myfuge-mini-centrifuge\/"]}]},{"@type":"ImageObject","inLanguage":"en-US","@id":"https:\/\/biogroupvietnam.com\/en\/product\/myfuge-mini-centrifuge\/#primaryimage","url":"https:\/\/biogroupvietnam.com\/wp-content\/uploads\/2025\/08\/MyFuge\u2122-Mini-Centrifuge-with-2-rotors.jpg","contentUrl":"https:\/\/biogroupvietnam.com\/wp-content\/uploads\/2025\/08\/MyFuge\u2122-Mini-Centrifuge-with-2-rotors.jpg","width":1640,"height":1260},{"@type":"BreadcrumbList","@id":"https:\/\/biogroupvietnam.com\/en\/product\/myfuge-mini-centrifuge\/#breadcrumb","itemListElement":[{"@type":"ListItem","position":1,"name":"Biogroup Vietnam | End-to-End Biotechnology Solutions","item":"https:\/\/biogroupvietnam.com\/vi\/"},{"@type":"ListItem","position":2,"name":"Product","item":"https:\/\/biogroupvietnam.com\/vi\/san-pham\/"},{"@type":"ListItem","position":3,"name":"Biological R&D","item":"https:\/\/biogroupvietnam.com\/vi\/danh-muc-san-pham\/rd-sinh-hoc\/"},{"@type":"ListItem","position":4,"name":"Biological Safety Cabinet","item":"https:\/\/biogroupvietnam.com\/vi\/danh-muc-san-pham\/tu-an-toan-sinh-hoc\/"},{"@type":"ListItem","position":5,"name":"MYFUGE\u2122 MINI CENTRIFUGE"}]},{"@type":"WebSite","@id":"https:\/\/biogroupvietnam.com\/en\/vi\/#website","url":"https:\/\/biogroupvietnam.com\/en\/vi\/","name":"Biogroup Vietnam","description":"Biogroup Vietnam cung c\u1ea5p d\u1ecbch v\u1ee5 k\u1ef9 thu\u1eadt c\u00f9ng thi\u1ebft b\u1ecb, v\u1eadt t\u01b0, h\u00f3a ch\u1ea5t v\u00e0 gi\u1ea3i ph\u00e1p sinh h\u1ecdc cho ph\u00f2ng th\u00ed nghi\u1ec7m c\u00f4ng ngh\u1ec7 sinh h\u1ecdc, y sinh v\u00e0 y h\u1ecdc t\u00e1i t\u1ea1o.","potentialAction":[{"@type":"SearchAction","target":{"@type":"EntryPoint","urlTemplate":"https:\/\/biogroupvietnam.com\/en\/vi\/?s={search_term_string}"},"query-input":{"@type":"PropertyValueSpecification","valueRequired":true,"valueName":"search_term_string"}}],"inLanguage":"en-US"}]}},"_links":{"self":[{"href":"https:\/\/biogroupvietnam.com\/en\/wp-json\/wp\/v2\/product\/3698","targetHints":{"allow":["GET"]}}],"collection":[{"href":"https:\/\/biogroupvietnam.com\/en\/wp-json\/wp\/v2\/product"}],"about":[{"href":"https:\/\/biogroupvietnam.com\/en\/wp-json\/wp\/v2\/types\/product"}],"replies":[{"embeddable":true,"href":"https:\/\/biogroupvietnam.com\/en\/wp-json\/wp\/v2\/comments?post=3698"}],"version-history":[{"count":4,"href":"https:\/\/biogroupvietnam.com\/en\/wp-json\/wp\/v2\/product\/3698\/revisions"}],"predecessor-version":[{"id":8901,"href":"https:\/\/biogroupvietnam.com\/en\/wp-json\/wp\/v2\/product\/3698\/revisions\/8901"}],"wp:featuredmedia":[{"embeddable":true,"href":"https:\/\/biogroupvietnam.com\/en\/wp-json\/wp\/v2\/media\/8900"}],"wp:attachment":[{"href":"https:\/\/biogroupvietnam.com\/en\/wp-json\/wp\/v2\/media?parent=3698"}],"wp:term":[{"taxonomy":"product_brand","embeddable":true,"href":"https:\/\/biogroupvietnam.com\/en\/wp-json\/wp\/v2\/product_brand?post=3698"},{"taxonomy":"product_cat","embeddable":true,"href":"https:\/\/biogroupvietnam.com\/en\/wp-json\/wp\/v2\/product_cat?post=3698"},{"taxonomy":"product_tag","embeddable":true,"href":"https:\/\/biogroupvietnam.com\/en\/wp-json\/wp\/v2\/product_tag?post=3698"}],"curies":[{"name":"wp","href":"https:\/\/api.w.org\/{rel}","templated":true}]}}