{"id":3699,"date":"2025-08-18T19:52:22","date_gmt":"2025-08-18T12:52:22","guid":{"rendered":"http:\/\/biogroupvietnam-worldpress.local\/product\/import-placeholder-for-73\/"},"modified":"2025-11-12T18:41:23","modified_gmt":"2025-11-12T11:41:23","slug":"may-do-quang-pho-vi-the-tich-uvvis-ezdrop-1000","status":"publish","type":"product","link":"https:\/\/biogroupvietnam.com\/en\/product\/ezdrop-1000-micro-volume-uv-vis-spectrophotometer\/","title":{"rendered":"EzDrop 1000 Micro-Volume UV\/Vis Spectrophotometer"},"content":{"rendered":"<p><span style=\"background-color: transparent; color: #000000; font-family: Arial,sans-serif; font-size: 12pt;\"><i><strong>EzDrop 1000 micro-volume UV\/Vis spectrophotometer<\/strong><\/i><\/span> <a href=\"https:\/\/www.blue-raybio.com\/en\/category\/product\/EzDrop-1000-Micro-Volume-Spectrophotometer\" target=\"_blank\" rel=\"noopener noreferrer\"><span style=\"background-color: transparent; color: #1155cc; font-family: Arial,sans-serif; font-size: 12pt;\">EzDrop 1000 micro-volume spectrophotometer<\/span><\/a><span style=\"background-color: transparent; color: #000000; font-family: Arial,sans-serif; font-size: 12pt;\"> is used to measure concentration and quantify nucleic acids, proteins, and cells without requiring sample dilution prior to measurement.<\/span><\/p>\n<h3><span style=\"background-color: transparent; color: #000000; font-family: Arial,sans-serif; font-size: 16pt;\"><strong>Features and benefits<\/strong><\/span><\/h3>\n<ul>\n<li><span style=\"background-color: transparent; color: #000000; font-family: Arial,sans-serif; font-size: 12pt;\">The sample disk and lid are hydrophobic nano-coated to ensure high measurement accuracy.<\/span><\/li>\n<li><span style=\"background-color: transparent; color: #000000; font-family: Arial,sans-serif; font-size: 12pt;\">Fast reading in 3 seconds, no cuvette required.<\/span><\/li>\n<li><span style=\"background-color: transparent; color: #000000; font-family: Arial,sans-serif; font-size: 12pt;\">Ultra-low sample volume: from 1 \u00b5L<\/span><\/li>\n<li><span style=\"background-color: transparent; color: #000000; font-family: Arial,sans-serif; font-size: 12pt;\">Wavelength range: 190\u20131000 nm<\/span><\/li>\n<li><span style=\"background-color: transparent; color: #000000; font-family: Arial,sans-serif; font-size: 12pt;\">Bandwidth: 1.3 nm<\/span><\/li>\n<li><span style=\"background-color: transparent; color: #000000; font-family: Arial,sans-serif; font-size: 12pt;\">Wavelength accuracy: 1 nm<\/span><\/li>\n<li><span style=\"background-color: transparent; color: #000000; font-family: Arial,sans-serif; font-size: 12pt;\">Absorbance range: 0 (0.02) \u2013 300 A<\/span><\/li>\n<li><span style=\"background-color: transparent; color: #000000; font-family: Arial,sans-serif; font-size: 12pt;\">Raw absorbance accuracy: 0.0015 \u2013 0.001 A (at 0.5 mm path length)<\/span><\/li>\n<li><span style=\"background-color: transparent; color: #000000; font-family: Arial,sans-serif; font-size: 12pt;\">Absorbance accuracy (1 cm path equivalent): 0.03 A<\/span><\/li>\n<li><span style=\"background-color: transparent; color: #000000; font-family: Arial,sans-serif; font-size: 12pt;\">Absorbance repeatability: 3.0% at 0.75 A, 300 nm<\/span><\/li>\n<li><span style=\"background-color: transparent; color: #000000; font-family: Arial,sans-serif; font-size: 12pt;\">Detection range:<\/span>\n<ul>\n<li><span style=\"background-color: transparent; color: #000000; font-family: Arial,sans-serif; font-size: 12pt;\">2 \u2013 20,000 ng\/\u00b5L for dsDNA<\/span><\/li>\n<li><span style=\"background-color: transparent; color: #000000; font-family: Arial,sans-serif; font-size: 12pt;\">0.06 \u2013 600 mg\/mL for BSA<\/span><\/li>\n<\/ul>\n<\/li>\n<li><span style=\"background-color: transparent; color: #000000; font-family: Arial,sans-serif; font-size: 12pt;\">Certified: CE, RoHS<\/span><\/li>\n<\/ul>\n<h3><span style=\"background-color: transparent; color: #000000; font-family: Arial,sans-serif; font-size: 16pt;\"><strong>Applications UV\/Vis spectrophotometer<\/strong><\/span><\/h3>\n<ul>\n<li><span style=\"background-color: transparent; color: #000000; font-family: Arial,sans-serif; font-size: 12pt;\">Quantify nucleic acids (DNA, RNA), PCR products, plasmid preps, and hybridization probes.<\/span><\/li>\n<li><span style=\"background-color: transparent; color: #000000; font-family: Arial,sans-serif; font-size: 12pt;\">Determine purity of nucleic acids (DNA\/RNA) after extraction. (Video guide for measuring nucleic acid concentration).<\/span><\/li>\n<li><span style=\"background-color: transparent; color: #000000; font-family: Arial,sans-serif; font-size: 12pt;\">Measure concentration and quantify proteins using Bradford, BCA, and Lowry assays. (Video guide for measuring protein concentration).<\/span><\/li>\n<li><span style=\"background-color: transparent; color: #000000; font-family: Arial,sans-serif; font-size: 12pt;\">Measure bacterial cell density at 600 nm absorbance.<\/span><\/li>\n<\/ul>\n<h3><span style=\"background-color: transparent; color: #000000; font-family: Arial,sans-serif; font-size: 16pt;\"><strong>Customer support policies by Blue-Ray Biotech and Biogroup Vietnam<\/strong><\/span><\/h3>\n<ul>\n<li><span style=\"background-color: transparent; color: #000000; font-family: Arial,sans-serif; font-size: 12pt;\">Official warranty: 24 months<\/span><\/li>\n<li><span style=\"background-color: transparent; color: #000000; font-family: Arial,sans-serif; font-size: 12pt;\">Demo unit available for trial and experience<\/span><\/li>\n<li><span style=\"background-color: transparent; color: #000000; font-family: Arial,sans-serif; font-size: 12pt;\">Highly competitive pricing \u2013 Although EzDrop 1000 includes many advanced features, it is offered at a more affordable investment cost than comparable products.<\/span><\/li>\n<\/ul>\n<h3><span style=\"background-color: transparent; color: #000000; font-family: Arial,sans-serif; font-size: 16pt;\"><strong>Resources<\/strong><\/span><\/h3>\n<p><a href=\"https:\/\/biogroupvietnam.com\/dich-vu\/video-huong-dan-do-nong-do-nucleic-acid-tren-may-do-quang-pho-the-tich-sieu-nho-ezdrop-1000\" target=\"_blank\" rel=\"noopener noreferrer\"><span style=\"background-color: transparent; color: #1155cc; font-family: Arial,sans-serif; font-size: 12pt;\">Video guide for measuring nucleic acid concentration<\/span><\/a> <a href=\"https:\/\/biogroupvietnam.com\/dich-vu\/video-huong-dan-do-nong-do-protein-tren-may-do-quang-pho-the-tich-sieu-nho-ezdrop-1000\" target=\"_blank\" rel=\"noopener noreferrer\"><span style=\"background-color: transparent; color: #1155cc; font-family: Arial,sans-serif; font-size: 12pt;\">Video guide for measuring protein concentration<\/span><\/a><\/p>\n<h3><span style=\"background-color: transparent; color: #000000; font-family: Arial,sans-serif; font-size: 16pt;\"><strong>Reasons to choose Blue-Ray Biotech equipment<\/strong><\/span><\/h3>\n<ul>\n<li><span style=\"background-color: transparent; color: #000000; font-family: Arial,sans-serif; font-size: 12pt;\">Electronics is one of Taiwan\u2019s industrial strengths, evidenced by numerous OEM partnerships with world-renowned multinational corporations.<\/span><\/li>\n<li><span style=\"background-color: transparent; color: #000000; font-family: Arial,sans-serif; font-size: 12pt;\">Blue-ray Biotech, a subsidiary of Arise Biotech (Taiwan), has over 20 years of experience and OEM manufacturing capability for top global biotech brands, including Corning, VWR (USA), Labnet, Capp (Denmark), Nichiryo, A&amp;D (Japan), and 4titude (UK).<\/span><\/li>\n<li><span style=\"background-color: transparent; color: #000000; font-family: Arial,sans-serif; font-size: 12pt;\">Blue-ray Biotech devices combine Taiwan\u2019s electronic expertise with biotech innovation, delivering high-quality biotech instruments for R&amp;D, molecular diagnostics, and microbiology.<\/span><\/li>\n<li><span style=\"background-color: transparent; color: #000000; font-family: Arial,sans-serif; font-size: 12pt;\">Products include: Realtime PCR systems: TurboQ; Thermal cyclers: TurboCycler 2, TurboCycler Lite; UV-VIS spectrophotometer (EzDrop 1000), Centrifuge (TurboFuge), Liquid handling solutions (BlueSwan, EzMate, BluePette), Live cell imaging system (EzScope).<\/span><\/li>\n<li><span style=\"background-color: transparent; color: #000000; font-family: Arial,sans-serif; font-size: 12pt;\">Manufactured under ISO 9001, ISO 13485, CE, and RoHS standards<\/span><\/li>\n<li><span style=\"background-color: transparent; color: #000000; font-family: Arial,sans-serif; font-size: 12pt;\">Devices have been widely used in Vietnam since 2017, showing excellent durability and stability.<\/span><\/li>\n<li><span style=\"background-color: transparent; color: #000000; font-family: Arial,sans-serif; font-size: 12pt;\">Official Warranty Period: 18\u201330 months<\/span><\/li>\n<li><span style=\"background-color: transparent; color: #000000; font-family: Arial,sans-serif; font-size: 12pt;\">Cost-effective solutions suitable for private laboratories, production companies, academic and research laboratories.<\/span><\/li>\n<\/ul>\n<h3><span style=\"background-color: transparent; color: #000000; font-family: Arial,sans-serif; font-size: 16pt;\"><strong>FAQs<\/strong><\/span><\/h3>\n<p><a href=\"https:\/\/biogroupvietnam.com\/dich-vu\/faq---ezdrop-1000\" target=\"_blank\" rel=\"noopener noreferrer\"><span style=\"background-color: transparent; color: #1155cc; font-family: Arial,sans-serif; font-size: 12pt;\">Frequently Asked Questions (FAQs)<\/span><\/a><span style=\"background-color: transparent; color: #000000; font-family: Arial,sans-serif; font-size: 12pt;\"> are available for customer reference.<\/span><\/p>\n","protected":false},"excerpt":{"rendered":"<p>EzDrop 1000 micro-volume UV\/Vis spectrophotometer EzDrop 1000 micro-volume spectrophotometer is used to measure concentration and quantify nucleic acids, proteins, and cells without requiring sample dilution prior to measurement. Features and benefits The sample disk and lid are hydrophobic nano-coated to ensure high measurement accuracy. Fast reading in 3 seconds, no cuvette required. Ultra-low sample volume:<\/p>\n<div class=\"klb-readmore post-buttons\"><a class=\"button rounded primary\" href=\"https:\/\/biogroupvietnam.com\/en\/product\/ezdrop-1000-micro-volume-uv-vis-spectrophotometer\/\">Read More <i class=\"klbth-icon-right-arrow\"><\/i><\/a><\/div>\n","protected":false},"featured_media":8914,"comment_status":"closed","ping_status":"closed","template":"","meta":{"_acf_changed":false},"product_brand":[135],"product_cat":[116],"product_tag":[],"class_list":{"0":"post-3699","1":"product","2":"type-product","3":"status-publish","4":"has-post-thumbnail","6":"product_brand-blue-ray-biotech","7":"product_cat-molecular-biology","9":"first","10":"outofstock","11":"shipping-taxable","12":"product-type-simple"},"acf":[],"yoast_head":"<!-- This site is optimized with the Yoast SEO plugin v26.8 - https:\/\/yoast.com\/product\/yoast-seo-wordpress\/ -->\n<title>EzDrop 1000 Micro-Volume UV\/Vis Spectrophotometer<\/title>\n<meta name=\"description\" content=\"EzDrop 1000 micro-volume UV\/Vis spectrophotometer EzDrop 1000 micro-volume spectrophotometer is used to measure concentration and quantify nucleic acids, proteins, and cells without requiring sample dilution prior to measurement. Features and benefits The sample disk and lid are hydrophobic nano-coated to ensure high measurement accuracy. Fast reading in 3 seconds, no cuvette required. Ultra-low sample volume:&hellip;\" \/>\n<meta name=\"robots\" content=\"index, follow, max-snippet:-1, max-image-preview:large, max-video-preview:-1\" \/>\n<link rel=\"canonical\" href=\"\" \/>\n<meta property=\"og:locale\" content=\"en_US\" \/>\n<meta property=\"og:type\" content=\"article\" \/>\n<meta property=\"og:title\" content=\"EzDrop 1000 Micro-Volume UV\/Vis Spectrophotometer\" \/>\n<meta property=\"og:description\" content=\"EzDrop 1000 micro-volume UV\/Vis spectrophotometer EzDrop 1000 micro-volume spectrophotometer is used to measure concentration and quantify nucleic acids, proteins, and cells without requiring sample dilution prior to measurement. Features and benefits The sample disk and lid are hydrophobic nano-coated to ensure high measurement accuracy. Fast reading in 3 seconds, no cuvette required. Ultra-low sample volume:&hellip;\" \/>\n<meta property=\"og:url\" content=\"https:\/\/biogroupvietnam.com\/en\/product\/ezdrop-1000-micro-volume-uv-vis-spectrophotometer\/\" \/>\n<meta property=\"og:site_name\" content=\"Biogroup Vietnam\" \/>\n<meta property=\"article:modified_time\" content=\"2025-11-12T11:41:23+00:00\" \/>\n<meta property=\"og:image\" content=\"https:\/\/biogroupvietnam.com\/wp-content\/uploads\/2025\/08\/EzDrop-1000.jpg\" \/>\n\t<meta property=\"og:image:width\" content=\"1640\" \/>\n\t<meta property=\"og:image:height\" content=\"1260\" \/>\n\t<meta property=\"og:image:type\" content=\"image\/jpeg\" \/>\n<meta name=\"twitter:card\" content=\"summary_large_image\" \/>\n<meta name=\"twitter:label1\" content=\"Est. reading time\" \/>\n\t<meta name=\"twitter:data1\" content=\"4 minutes\" \/>\n<script type=\"application\/ld+json\" class=\"yoast-schema-graph\">{\"@context\":\"https:\/\/schema.org\",\"@graph\":[{\"@type\":\"WebPage\",\"@id\":\"https:\/\/biogroupvietnam.com\/en\/product\/ezdrop-1000-micro-volume-uv-vis-spectrophotometer\/\",\"url\":\"https:\/\/biogroupvietnam.com\/en\/product\/ezdrop-1000-micro-volume-uv-vis-spectrophotometer\/\",\"name\":\"M\u00e1y \u0110o Quang Ph\u1ed5 Vi Th\u1ec3 T\u00edch UV\/Vis EzDrop 1000\",\"isPartOf\":{\"@id\":\"https:\/\/biogroupvietnam.com\/vi\/#website\"},\"primaryImageOfPage\":{\"@id\":\"https:\/\/biogroupvietnam.com\/en\/product\/ezdrop-1000-micro-volume-uv-vis-spectrophotometer\/#primaryimage\"},\"image\":{\"@id\":\"https:\/\/biogroupvietnam.com\/en\/product\/ezdrop-1000-micro-volume-uv-vis-spectrophotometer\/#primaryimage\"},\"thumbnailUrl\":\"https:\/\/biogroupvietnam.com\/wp-content\/uploads\/2025\/08\/EzDrop-1000.jpg\",\"datePublished\":\"2025-08-18T12:52:22+00:00\",\"dateModified\":\"2025-11-12T11:41:23+00:00\",\"description\":\"M\u00e1y \u0111o quang ph\u1ed5 vi th\u1ec3 t\u00edch Ezdrop 1000 d\u00f9ng \u0111\u1ec3 \u0111o n\u1ed3ng \u0111\u1ed9 v\u00e0 \u0111\u1ecbnh l\u01b0\u1ee3ng axit nucleic, protein, t\u1ebf b\u00e0o m\u00e0 kh\u00f4ng c\u1ea7n pha lo\u00e3ng m\u1eabu tr\u01b0\u1edbc khi \u0111o.\",\"breadcrumb\":{\"@id\":\"https:\/\/biogroupvietnam.com\/en\/product\/ezdrop-1000-micro-volume-uv-vis-spectrophotometer\/#breadcrumb\"},\"inLanguage\":\"en-US\",\"potentialAction\":[{\"@type\":\"ReadAction\",\"target\":[\"https:\/\/biogroupvietnam.com\/en\/product\/ezdrop-1000-micro-volume-uv-vis-spectrophotometer\/\"]}]},{\"@type\":\"ImageObject\",\"inLanguage\":\"en-US\",\"@id\":\"https:\/\/biogroupvietnam.com\/en\/product\/ezdrop-1000-micro-volume-uv-vis-spectrophotometer\/#primaryimage\",\"url\":\"https:\/\/biogroupvietnam.com\/wp-content\/uploads\/2025\/08\/EzDrop-1000.jpg\",\"contentUrl\":\"https:\/\/biogroupvietnam.com\/wp-content\/uploads\/2025\/08\/EzDrop-1000.jpg\",\"width\":1640,\"height\":1260},{\"@type\":\"BreadcrumbList\",\"@id\":\"https:\/\/biogroupvietnam.com\/en\/product\/ezdrop-1000-micro-volume-uv-vis-spectrophotometer\/#breadcrumb\",\"itemListElement\":[{\"@type\":\"ListItem\",\"position\":1,\"name\":\"Biogroup Vietnam | End-to-End Biotechnology Solutions\",\"item\":\"https:\/\/biogroupvietnam.com\/vi\/\"},{\"@type\":\"ListItem\",\"position\":2,\"name\":\"Product\",\"item\":\"https:\/\/biogroupvietnam.com\/vi\/san-pham\/\"},{\"@type\":\"ListItem\",\"position\":3,\"name\":\"Biological R&D\",\"item\":\"https:\/\/biogroupvietnam.com\/vi\/danh-muc-san-pham\/rd-sinh-hoc\/\"},{\"@type\":\"ListItem\",\"position\":4,\"name\":\"Molecular Biology\",\"item\":\"https:\/\/biogroupvietnam.com\/vi\/danh-muc-san-pham\/sinh-hoc-phan-tu\/\"},{\"@type\":\"ListItem\",\"position\":5,\"name\":\"EzDrop 1000 Micro-Volume UV\/Vis Spectrophotometer\"}]},{\"@type\":\"WebSite\",\"@id\":\"https:\/\/biogroupvietnam.com\/en\/vi\/#website\",\"url\":\"https:\/\/biogroupvietnam.com\/en\/vi\/\",\"name\":\"Biogroup Vietnam\",\"description\":\"Biogroup Vietnam cung c\u1ea5p d\u1ecbch v\u1ee5 k\u1ef9 thu\u1eadt c\u00f9ng thi\u1ebft b\u1ecb, v\u1eadt t\u01b0, h\u00f3a ch\u1ea5t v\u00e0 gi\u1ea3i ph\u00e1p sinh h\u1ecdc cho ph\u00f2ng th\u00ed nghi\u1ec7m c\u00f4ng ngh\u1ec7 sinh h\u1ecdc, y sinh v\u00e0 y h\u1ecdc t\u00e1i t\u1ea1o.\",\"potentialAction\":[{\"@type\":\"SearchAction\",\"target\":{\"@type\":\"EntryPoint\",\"urlTemplate\":\"https:\/\/biogroupvietnam.com\/en\/vi\/?s={search_term_string}\"},\"query-input\":{\"@type\":\"PropertyValueSpecification\",\"valueRequired\":true,\"valueName\":\"search_term_string\"}}],\"inLanguage\":\"en-US\"}]}<\/script>\n<!-- \/ Yoast SEO plugin. -->","yoast_head_json":{"title":"EzDrop 1000 Micro-Volume UV\/Vis Spectrophotometer","description":"EzDrop 1000 micro-volume UV\/Vis spectrophotometer EzDrop 1000 micro-volume spectrophotometer is used to measure concentration and quantify nucleic acids, proteins, and cells without requiring sample dilution prior to measurement. Features and benefits The sample disk and lid are hydrophobic nano-coated to ensure high measurement accuracy. Fast reading in 3 seconds, no cuvette required. Ultra-low sample volume:&hellip;","robots":{"index":"index","follow":"follow","max-snippet":"max-snippet:-1","max-image-preview":"max-image-preview:large","max-video-preview":"max-video-preview:-1"},"canonical":"EzDrop 1000 micro-volume UV\/Vis spectrophotometer EzDrop 1000 micro-volume spectrophotometer is used to measure concentration and quantify nucleic acids, proteins, and cells without requiring sample dilution prior to measurement. Features and benefits The sample disk and lid are hydrophobic nano-coated to ensure high measurement accuracy. Fast reading in 3 seconds, no cuvette required. Ultra-low sample volume:&hellip;","og_locale":"en_US","og_type":"article","og_title":"EzDrop 1000 Micro-Volume UV\/Vis Spectrophotometer","og_description":"EzDrop 1000 micro-volume UV\/Vis spectrophotometer EzDrop 1000 micro-volume spectrophotometer is used to measure concentration and quantify nucleic acids, proteins, and cells without requiring sample dilution prior to measurement. Features and benefits The sample disk and lid are hydrophobic nano-coated to ensure high measurement accuracy. Fast reading in 3 seconds, no cuvette required. Ultra-low sample volume:&hellip;","og_url":"https:\/\/biogroupvietnam.com\/en\/product\/ezdrop-1000-micro-volume-uv-vis-spectrophotometer\/","og_site_name":"Biogroup Vietnam","article_modified_time":"2025-11-12T11:41:23+00:00","og_image":[{"width":1640,"height":1260,"url":"https:\/\/biogroupvietnam.com\/wp-content\/uploads\/2025\/08\/EzDrop-1000.jpg","type":"image\/jpeg"}],"twitter_card":"summary_large_image","twitter_misc":{"Est. reading time":"4 minutes"},"schema":{"@context":"https:\/\/schema.org","@graph":[{"@type":"WebPage","@id":"https:\/\/biogroupvietnam.com\/en\/product\/ezdrop-1000-micro-volume-uv-vis-spectrophotometer\/","url":"https:\/\/biogroupvietnam.com\/en\/product\/ezdrop-1000-micro-volume-uv-vis-spectrophotometer\/","name":"M\u00e1y \u0110o Quang Ph\u1ed5 Vi Th\u1ec3 T\u00edch UV\/Vis EzDrop 1000","isPartOf":{"@id":"https:\/\/biogroupvietnam.com\/vi\/#website"},"primaryImageOfPage":{"@id":"https:\/\/biogroupvietnam.com\/en\/product\/ezdrop-1000-micro-volume-uv-vis-spectrophotometer\/#primaryimage"},"image":{"@id":"https:\/\/biogroupvietnam.com\/en\/product\/ezdrop-1000-micro-volume-uv-vis-spectrophotometer\/#primaryimage"},"thumbnailUrl":"https:\/\/biogroupvietnam.com\/wp-content\/uploads\/2025\/08\/EzDrop-1000.jpg","datePublished":"2025-08-18T12:52:22+00:00","dateModified":"2025-11-12T11:41:23+00:00","description":"M\u00e1y \u0111o quang ph\u1ed5 vi th\u1ec3 t\u00edch Ezdrop 1000 d\u00f9ng \u0111\u1ec3 \u0111o n\u1ed3ng \u0111\u1ed9 v\u00e0 \u0111\u1ecbnh l\u01b0\u1ee3ng axit nucleic, protein, t\u1ebf b\u00e0o m\u00e0 kh\u00f4ng c\u1ea7n pha lo\u00e3ng m\u1eabu tr\u01b0\u1edbc khi \u0111o.","breadcrumb":{"@id":"https:\/\/biogroupvietnam.com\/en\/product\/ezdrop-1000-micro-volume-uv-vis-spectrophotometer\/#breadcrumb"},"inLanguage":"en-US","potentialAction":[{"@type":"ReadAction","target":["https:\/\/biogroupvietnam.com\/en\/product\/ezdrop-1000-micro-volume-uv-vis-spectrophotometer\/"]}]},{"@type":"ImageObject","inLanguage":"en-US","@id":"https:\/\/biogroupvietnam.com\/en\/product\/ezdrop-1000-micro-volume-uv-vis-spectrophotometer\/#primaryimage","url":"https:\/\/biogroupvietnam.com\/wp-content\/uploads\/2025\/08\/EzDrop-1000.jpg","contentUrl":"https:\/\/biogroupvietnam.com\/wp-content\/uploads\/2025\/08\/EzDrop-1000.jpg","width":1640,"height":1260},{"@type":"BreadcrumbList","@id":"https:\/\/biogroupvietnam.com\/en\/product\/ezdrop-1000-micro-volume-uv-vis-spectrophotometer\/#breadcrumb","itemListElement":[{"@type":"ListItem","position":1,"name":"Biogroup Vietnam | End-to-End Biotechnology Solutions","item":"https:\/\/biogroupvietnam.com\/vi\/"},{"@type":"ListItem","position":2,"name":"Product","item":"https:\/\/biogroupvietnam.com\/vi\/san-pham\/"},{"@type":"ListItem","position":3,"name":"Biological R&D","item":"https:\/\/biogroupvietnam.com\/vi\/danh-muc-san-pham\/rd-sinh-hoc\/"},{"@type":"ListItem","position":4,"name":"Molecular Biology","item":"https:\/\/biogroupvietnam.com\/vi\/danh-muc-san-pham\/sinh-hoc-phan-tu\/"},{"@type":"ListItem","position":5,"name":"EzDrop 1000 Micro-Volume UV\/Vis Spectrophotometer"}]},{"@type":"WebSite","@id":"https:\/\/biogroupvietnam.com\/en\/vi\/#website","url":"https:\/\/biogroupvietnam.com\/en\/vi\/","name":"Biogroup Vietnam","description":"Biogroup Vietnam cung c\u1ea5p d\u1ecbch v\u1ee5 k\u1ef9 thu\u1eadt c\u00f9ng thi\u1ebft b\u1ecb, v\u1eadt t\u01b0, h\u00f3a ch\u1ea5t v\u00e0 gi\u1ea3i ph\u00e1p sinh h\u1ecdc cho ph\u00f2ng th\u00ed nghi\u1ec7m c\u00f4ng ngh\u1ec7 sinh h\u1ecdc, y sinh v\u00e0 y h\u1ecdc t\u00e1i t\u1ea1o.","potentialAction":[{"@type":"SearchAction","target":{"@type":"EntryPoint","urlTemplate":"https:\/\/biogroupvietnam.com\/en\/vi\/?s={search_term_string}"},"query-input":{"@type":"PropertyValueSpecification","valueRequired":true,"valueName":"search_term_string"}}],"inLanguage":"en-US"}]}},"_links":{"self":[{"href":"https:\/\/biogroupvietnam.com\/en\/wp-json\/wp\/v2\/product\/3699","targetHints":{"allow":["GET"]}}],"collection":[{"href":"https:\/\/biogroupvietnam.com\/en\/wp-json\/wp\/v2\/product"}],"about":[{"href":"https:\/\/biogroupvietnam.com\/en\/wp-json\/wp\/v2\/types\/product"}],"replies":[{"embeddable":true,"href":"https:\/\/biogroupvietnam.com\/en\/wp-json\/wp\/v2\/comments?post=3699"}],"version-history":[{"count":4,"href":"https:\/\/biogroupvietnam.com\/en\/wp-json\/wp\/v2\/product\/3699\/revisions"}],"predecessor-version":[{"id":8923,"href":"https:\/\/biogroupvietnam.com\/en\/wp-json\/wp\/v2\/product\/3699\/revisions\/8923"}],"wp:featuredmedia":[{"embeddable":true,"href":"https:\/\/biogroupvietnam.com\/en\/wp-json\/wp\/v2\/media\/8914"}],"wp:attachment":[{"href":"https:\/\/biogroupvietnam.com\/en\/wp-json\/wp\/v2\/media?parent=3699"}],"wp:term":[{"taxonomy":"product_brand","embeddable":true,"href":"https:\/\/biogroupvietnam.com\/en\/wp-json\/wp\/v2\/product_brand?post=3699"},{"taxonomy":"product_cat","embeddable":true,"href":"https:\/\/biogroupvietnam.com\/en\/wp-json\/wp\/v2\/product_cat?post=3699"},{"taxonomy":"product_tag","embeddable":true,"href":"https:\/\/biogroupvietnam.com\/en\/wp-json\/wp\/v2\/product_tag?post=3699"}],"curies":[{"name":"wp","href":"https:\/\/api.w.org\/{rel}","templated":true}]}}