{"id":3702,"date":"2025-08-18T19:52:23","date_gmt":"2025-08-18T12:52:23","guid":{"rendered":"http:\/\/biogroupvietnam-worldpress.local\/product\/import-placeholder-for-76\/"},"modified":"2025-11-12T18:35:28","modified_gmt":"2025-11-12T11:35:28","slug":"may-doc-dia-elisa","status":"publish","type":"product","link":"https:\/\/biogroupvietnam.com\/en\/product\/smartreader-microplate-96\/","title":{"rendered":"SmartReader Microplate 96"},"content":{"rendered":"<p>SmartReader Microplate 96<\/p>\n","protected":false},"excerpt":{"rendered":"<p>SmartReader Microplate 96<\/p>\n","protected":false},"featured_media":8905,"comment_status":"closed","ping_status":"closed","template":"","meta":{"_acf_changed":false},"product_brand":[138],"product_cat":[109],"product_tag":[],"class_list":{"0":"post-3702","1":"product","2":"type-product","3":"status-publish","4":"has-post-thumbnail","6":"product_brand-benchmark-scientific","7":"product_cat-elisa-system","9":"first","10":"outofstock","11":"shipping-taxable","12":"product-type-simple"},"acf":[],"yoast_head":"<!-- This site is optimized with the Yoast SEO plugin v26.8 - https:\/\/yoast.com\/product\/yoast-seo-wordpress\/ -->\n<title>SmartReader Microplate 96<\/title>\n<meta name=\"description\" content=\"SmartReader Microplate 96\" \/>\n<meta name=\"robots\" content=\"index, follow, max-snippet:-1, max-image-preview:large, max-video-preview:-1\" \/>\n<link rel=\"canonical\" href=\"http:\/\/SmartReader%20Microplate%2096\" \/>\n<meta property=\"og:locale\" content=\"en_US\" \/>\n<meta property=\"og:type\" content=\"article\" \/>\n<meta property=\"og:title\" content=\"SmartReader Microplate 96\" \/>\n<meta property=\"og:description\" content=\"SmartReader Microplate 96\" \/>\n<meta property=\"og:url\" content=\"https:\/\/biogroupvietnam.com\/en\/product\/smartreader-microplate-96\/\" \/>\n<meta property=\"og:site_name\" content=\"Biogroup Vietnam\" \/>\n<meta property=\"article:modified_time\" content=\"2025-11-12T11:35:28+00:00\" \/>\n<meta property=\"og:image\" content=\"https:\/\/biogroupvietnam.com\/wp-content\/uploads\/2025\/08\/SmartReader-96.jpg\" \/>\n\t<meta property=\"og:image:width\" content=\"1640\" \/>\n\t<meta property=\"og:image:height\" content=\"1260\" \/>\n\t<meta property=\"og:image:type\" content=\"image\/jpeg\" \/>\n<meta name=\"twitter:card\" content=\"summary_large_image\" \/>\n<meta name=\"twitter:label1\" content=\"Est. reading time\" \/>\n\t<meta name=\"twitter:data1\" content=\"2 minutes\" \/>\n<script type=\"application\/ld+json\" class=\"yoast-schema-graph\">{\"@context\":\"https:\/\/schema.org\",\"@graph\":[{\"@type\":\"WebPage\",\"@id\":\"https:\/\/biogroupvietnam.com\/en\/product\/smartreader-microplate-96\/\",\"url\":\"https:\/\/biogroupvietnam.com\/en\/product\/smartreader-microplate-96\/\",\"name\":\"M\u00e1y \u0110\u1ecdc \u0110\u0129a ELISA - SmartReader 96\",\"isPartOf\":{\"@id\":\"https:\/\/biogroupvietnam.com\/vi\/#website\"},\"primaryImageOfPage\":{\"@id\":\"https:\/\/biogroupvietnam.com\/en\/product\/smartreader-microplate-96\/#primaryimage\"},\"image\":{\"@id\":\"https:\/\/biogroupvietnam.com\/en\/product\/smartreader-microplate-96\/#primaryimage\"},\"thumbnailUrl\":\"https:\/\/biogroupvietnam.com\/wp-content\/uploads\/2025\/08\/SmartReader-96.jpg\",\"datePublished\":\"2025-08-18T12:52:23+00:00\",\"dateModified\":\"2025-11-12T11:35:28+00:00\",\"description\":\"SmartReader 96 th\u00edch h\u1ee3p v\u1edbi c\u00e1c ph\u00f2ng th\u00ed nghi\u1ec7m th\u01b0\u1eddng xuy\u00ean \u0111o n\u1ed3ng \u0111\u1ed9 ho\u1eb7c \u0111\u1ed9 h\u1ea5p th\u1ee5 trong \u0111\u0129a 96 gi\u1ebfng.\",\"breadcrumb\":{\"@id\":\"https:\/\/biogroupvietnam.com\/en\/product\/smartreader-microplate-96\/#breadcrumb\"},\"inLanguage\":\"en-US\",\"potentialAction\":[{\"@type\":\"ReadAction\",\"target\":[\"https:\/\/biogroupvietnam.com\/en\/product\/smartreader-microplate-96\/\"]}]},{\"@type\":\"ImageObject\",\"inLanguage\":\"en-US\",\"@id\":\"https:\/\/biogroupvietnam.com\/en\/product\/smartreader-microplate-96\/#primaryimage\",\"url\":\"https:\/\/biogroupvietnam.com\/wp-content\/uploads\/2025\/08\/SmartReader-96.jpg\",\"contentUrl\":\"https:\/\/biogroupvietnam.com\/wp-content\/uploads\/2025\/08\/SmartReader-96.jpg\",\"width\":1640,\"height\":1260},{\"@type\":\"BreadcrumbList\",\"@id\":\"https:\/\/biogroupvietnam.com\/en\/product\/smartreader-microplate-96\/#breadcrumb\",\"itemListElement\":[{\"@type\":\"ListItem\",\"position\":1,\"name\":\"Biogroup Vietnam | End-to-End Biotechnology Solutions\",\"item\":\"https:\/\/biogroupvietnam.com\/vi\/\"},{\"@type\":\"ListItem\",\"position\":2,\"name\":\"Product\",\"item\":\"https:\/\/biogroupvietnam.com\/vi\/san-pham\/\"},{\"@type\":\"ListItem\",\"position\":3,\"name\":\"Biological R&D\",\"item\":\"https:\/\/biogroupvietnam.com\/vi\/danh-muc-san-pham\/rd-sinh-hoc\/\"},{\"@type\":\"ListItem\",\"position\":4,\"name\":\"ELISA System\",\"item\":\"https:\/\/biogroupvietnam.com\/vi\/danh-muc-san-pham\/he-thong-elisa\/\"},{\"@type\":\"ListItem\",\"position\":5,\"name\":\"SmartReader Microplate 96\"}]},{\"@type\":\"WebSite\",\"@id\":\"https:\/\/biogroupvietnam.com\/en\/vi\/#website\",\"url\":\"https:\/\/biogroupvietnam.com\/en\/vi\/\",\"name\":\"Biogroup Vietnam\",\"description\":\"Biogroup Vietnam cung c\u1ea5p d\u1ecbch v\u1ee5 k\u1ef9 thu\u1eadt c\u00f9ng thi\u1ebft b\u1ecb, v\u1eadt t\u01b0, h\u00f3a ch\u1ea5t v\u00e0 gi\u1ea3i ph\u00e1p sinh h\u1ecdc cho ph\u00f2ng th\u00ed nghi\u1ec7m c\u00f4ng ngh\u1ec7 sinh h\u1ecdc, y sinh v\u00e0 y h\u1ecdc t\u00e1i t\u1ea1o.\",\"potentialAction\":[{\"@type\":\"SearchAction\",\"target\":{\"@type\":\"EntryPoint\",\"urlTemplate\":\"https:\/\/biogroupvietnam.com\/en\/vi\/?s={search_term_string}\"},\"query-input\":{\"@type\":\"PropertyValueSpecification\",\"valueRequired\":true,\"valueName\":\"search_term_string\"}}],\"inLanguage\":\"en-US\"}]}<\/script>\n<!-- \/ Yoast SEO plugin. -->","yoast_head_json":{"title":"SmartReader Microplate 96","description":"SmartReader Microplate 96","robots":{"index":"index","follow":"follow","max-snippet":"max-snippet:-1","max-image-preview":"max-image-preview:large","max-video-preview":"max-video-preview:-1"},"canonical":"SmartReader Microplate 96","og_locale":"en_US","og_type":"article","og_title":"SmartReader Microplate 96","og_description":"SmartReader Microplate 96","og_url":"https:\/\/biogroupvietnam.com\/en\/product\/smartreader-microplate-96\/","og_site_name":"Biogroup Vietnam","article_modified_time":"2025-11-12T11:35:28+00:00","og_image":[{"width":1640,"height":1260,"url":"https:\/\/biogroupvietnam.com\/wp-content\/uploads\/2025\/08\/SmartReader-96.jpg","type":"image\/jpeg"}],"twitter_card":"summary_large_image","twitter_misc":{"Est. reading time":"2 minutes"},"schema":{"@context":"https:\/\/schema.org","@graph":[{"@type":"WebPage","@id":"https:\/\/biogroupvietnam.com\/en\/product\/smartreader-microplate-96\/","url":"https:\/\/biogroupvietnam.com\/en\/product\/smartreader-microplate-96\/","name":"M\u00e1y \u0110\u1ecdc \u0110\u0129a ELISA - SmartReader 96","isPartOf":{"@id":"https:\/\/biogroupvietnam.com\/vi\/#website"},"primaryImageOfPage":{"@id":"https:\/\/biogroupvietnam.com\/en\/product\/smartreader-microplate-96\/#primaryimage"},"image":{"@id":"https:\/\/biogroupvietnam.com\/en\/product\/smartreader-microplate-96\/#primaryimage"},"thumbnailUrl":"https:\/\/biogroupvietnam.com\/wp-content\/uploads\/2025\/08\/SmartReader-96.jpg","datePublished":"2025-08-18T12:52:23+00:00","dateModified":"2025-11-12T11:35:28+00:00","description":"SmartReader 96 th\u00edch h\u1ee3p v\u1edbi c\u00e1c ph\u00f2ng th\u00ed nghi\u1ec7m th\u01b0\u1eddng xuy\u00ean \u0111o n\u1ed3ng \u0111\u1ed9 ho\u1eb7c \u0111\u1ed9 h\u1ea5p th\u1ee5 trong \u0111\u0129a 96 gi\u1ebfng.","breadcrumb":{"@id":"https:\/\/biogroupvietnam.com\/en\/product\/smartreader-microplate-96\/#breadcrumb"},"inLanguage":"en-US","potentialAction":[{"@type":"ReadAction","target":["https:\/\/biogroupvietnam.com\/en\/product\/smartreader-microplate-96\/"]}]},{"@type":"ImageObject","inLanguage":"en-US","@id":"https:\/\/biogroupvietnam.com\/en\/product\/smartreader-microplate-96\/#primaryimage","url":"https:\/\/biogroupvietnam.com\/wp-content\/uploads\/2025\/08\/SmartReader-96.jpg","contentUrl":"https:\/\/biogroupvietnam.com\/wp-content\/uploads\/2025\/08\/SmartReader-96.jpg","width":1640,"height":1260},{"@type":"BreadcrumbList","@id":"https:\/\/biogroupvietnam.com\/en\/product\/smartreader-microplate-96\/#breadcrumb","itemListElement":[{"@type":"ListItem","position":1,"name":"Biogroup Vietnam | End-to-End Biotechnology Solutions","item":"https:\/\/biogroupvietnam.com\/vi\/"},{"@type":"ListItem","position":2,"name":"Product","item":"https:\/\/biogroupvietnam.com\/vi\/san-pham\/"},{"@type":"ListItem","position":3,"name":"Biological R&D","item":"https:\/\/biogroupvietnam.com\/vi\/danh-muc-san-pham\/rd-sinh-hoc\/"},{"@type":"ListItem","position":4,"name":"ELISA System","item":"https:\/\/biogroupvietnam.com\/vi\/danh-muc-san-pham\/he-thong-elisa\/"},{"@type":"ListItem","position":5,"name":"SmartReader Microplate 96"}]},{"@type":"WebSite","@id":"https:\/\/biogroupvietnam.com\/en\/vi\/#website","url":"https:\/\/biogroupvietnam.com\/en\/vi\/","name":"Biogroup Vietnam","description":"Biogroup Vietnam cung c\u1ea5p d\u1ecbch v\u1ee5 k\u1ef9 thu\u1eadt c\u00f9ng thi\u1ebft b\u1ecb, v\u1eadt t\u01b0, h\u00f3a ch\u1ea5t v\u00e0 gi\u1ea3i ph\u00e1p sinh h\u1ecdc cho ph\u00f2ng th\u00ed nghi\u1ec7m c\u00f4ng ngh\u1ec7 sinh h\u1ecdc, y sinh v\u00e0 y h\u1ecdc t\u00e1i t\u1ea1o.","potentialAction":[{"@type":"SearchAction","target":{"@type":"EntryPoint","urlTemplate":"https:\/\/biogroupvietnam.com\/en\/vi\/?s={search_term_string}"},"query-input":{"@type":"PropertyValueSpecification","valueRequired":true,"valueName":"search_term_string"}}],"inLanguage":"en-US"}]}},"_links":{"self":[{"href":"https:\/\/biogroupvietnam.com\/en\/wp-json\/wp\/v2\/product\/3702","targetHints":{"allow":["GET"]}}],"collection":[{"href":"https:\/\/biogroupvietnam.com\/en\/wp-json\/wp\/v2\/product"}],"about":[{"href":"https:\/\/biogroupvietnam.com\/en\/wp-json\/wp\/v2\/types\/product"}],"replies":[{"embeddable":true,"href":"https:\/\/biogroupvietnam.com\/en\/wp-json\/wp\/v2\/comments?post=3702"}],"version-history":[{"count":5,"href":"https:\/\/biogroupvietnam.com\/en\/wp-json\/wp\/v2\/product\/3702\/revisions"}],"predecessor-version":[{"id":8906,"href":"https:\/\/biogroupvietnam.com\/en\/wp-json\/wp\/v2\/product\/3702\/revisions\/8906"}],"wp:featuredmedia":[{"embeddable":true,"href":"https:\/\/biogroupvietnam.com\/en\/wp-json\/wp\/v2\/media\/8905"}],"wp:attachment":[{"href":"https:\/\/biogroupvietnam.com\/en\/wp-json\/wp\/v2\/media?parent=3702"}],"wp:term":[{"taxonomy":"product_brand","embeddable":true,"href":"https:\/\/biogroupvietnam.com\/en\/wp-json\/wp\/v2\/product_brand?post=3702"},{"taxonomy":"product_cat","embeddable":true,"href":"https:\/\/biogroupvietnam.com\/en\/wp-json\/wp\/v2\/product_cat?post=3702"},{"taxonomy":"product_tag","embeddable":true,"href":"https:\/\/biogroupvietnam.com\/en\/wp-json\/wp\/v2\/product_tag?post=3702"}],"curies":[{"name":"wp","href":"https:\/\/api.w.org\/{rel}","templated":true}]}}