{"id":3732,"date":"2025-08-18T19:52:46","date_gmt":"2025-08-18T12:52:46","guid":{"rendered":"http:\/\/biogroupvietnam-worldpress.local\/product\/import-placeholder-for-82\/"},"modified":"2026-04-06T13:22:59","modified_gmt":"2026-04-06T06:22:59","slug":"moi-truong-clonacell-cho-cd-dang-long","status":"publish","type":"product","link":"https:\/\/biogroupvietnam.com\/en\/product\/clonacell-cho-cd-liquid-medium\/","title":{"rendered":"ClonaCell\u2122-CHO CD Liquid Medium"},"content":{"rendered":"<p><a href=\"https:\/\/www.stemcell.com\/clonacell-cho-cd-liquid-medium.html\">ClonaCell\u2122-CHO CD liquid medium<\/a> is a chemically defined, animal component-free, serum-free, protein-free, glutamine-free liquid medium for culturing CHO cells.<\/p>\n","protected":false},"excerpt":{"rendered":"<p>ClonaCell\u2122-CHO CD liquid medium is a chemically defined, animal component-free, serum-free, protein-free, glutamine-free liquid medium for culturing CHO cells.<\/p>\n","protected":false},"featured_media":10226,"comment_status":"closed","ping_status":"closed","template":"","meta":{"_acf_changed":false},"product_brand":[127],"product_cat":[89],"product_tag":[],"class_list":{"0":"post-3732","1":"product","2":"type-product","3":"status-publish","4":"has-post-thumbnail","6":"product_brand-stemcell-technologies","7":"product_cat-chinese-hamster-ovary-cho-cells","9":"first","10":"outofstock","11":"shipping-taxable","12":"product-type-simple"},"acf":[],"yoast_head":"<!-- This site is optimized with the Yoast SEO plugin v26.8 - https:\/\/yoast.com\/product\/yoast-seo-wordpress\/ -->\n<title>ClonaCell\u2122-CHO CD Liquid Medium<\/title>\n<meta name=\"description\" content=\"ClonaCell\u2122-CHO CD liquid medium is a chemically defined, animal component-free, serum-free, protein-free, glutamine-free liquid medium for culturing CHO cells.\" \/>\n<meta name=\"robots\" content=\"index, follow, max-snippet:-1, max-image-preview:large, max-video-preview:-1\" \/>\n<link rel=\"canonical\" href=\"http:\/\/ClonaCell\u2122-CHO%20CD%20liquid%20medium%20is%20a%20chemically%20defined,%20animal%20component-free,%20serum-free,%20protein-free,%20glutamine-free%20liquid%20medium%20for%20culturing%20CHO%20cells.\" \/>\n<meta property=\"og:locale\" content=\"en_US\" \/>\n<meta property=\"og:type\" content=\"article\" \/>\n<meta property=\"og:title\" content=\"ClonaCell\u2122-CHO CD Liquid Medium\" \/>\n<meta property=\"og:description\" content=\"ClonaCell\u2122-CHO CD liquid medium is a chemically defined, animal component-free, serum-free, protein-free, glutamine-free liquid medium for culturing CHO cells.\" \/>\n<meta property=\"og:url\" content=\"https:\/\/biogroupvietnam.com\/en\/product\/clonacell-cho-cd-liquid-medium\/\" \/>\n<meta property=\"og:site_name\" content=\"Biogroup Vietnam\" \/>\n<meta property=\"article:modified_time\" content=\"2026-04-06T06:22:59+00:00\" \/>\n<meta property=\"og:image\" content=\"https:\/\/biogroupvietnam.com\/wp-content\/uploads\/2025\/08\/moi-truong-clonacell-cho-cd-dang-long.jpg\" \/>\n\t<meta property=\"og:image:width\" content=\"1640\" \/>\n\t<meta property=\"og:image:height\" content=\"1260\" \/>\n\t<meta property=\"og:image:type\" content=\"image\/jpeg\" \/>\n<meta name=\"twitter:card\" content=\"summary_large_image\" \/>\n<meta name=\"twitter:label1\" content=\"Est. reading time\" \/>\n\t<meta name=\"twitter:data1\" content=\"2 minutes\" \/>\n<script type=\"application\/ld+json\" class=\"yoast-schema-graph\">{\"@context\":\"https:\/\/schema.org\",\"@graph\":[{\"@type\":\"WebPage\",\"@id\":\"https:\/\/biogroupvietnam.com\/en\/product\/clonacell-cho-cd-liquid-medium\/\",\"url\":\"https:\/\/biogroupvietnam.com\/en\/product\/clonacell-cho-cd-liquid-medium\/\",\"name\":\"M\u00f4i Tr\u01b0\u1eddng ClonaCell\u2122-CHO CD D\u1ea1ng L\u1ecfng\",\"isPartOf\":{\"@id\":\"https:\/\/biogroupvietnam.com\/vi\/#website\"},\"primaryImageOfPage\":{\"@id\":\"https:\/\/biogroupvietnam.com\/en\/product\/clonacell-cho-cd-liquid-medium\/#primaryimage\"},\"image\":{\"@id\":\"https:\/\/biogroupvietnam.com\/en\/product\/clonacell-cho-cd-liquid-medium\/#primaryimage\"},\"thumbnailUrl\":\"https:\/\/biogroupvietnam.com\/wp-content\/uploads\/2025\/08\/moi-truong-clonacell-cho-cd-dang-long.jpg\",\"datePublished\":\"2025-08-18T12:52:46+00:00\",\"dateModified\":\"2026-04-06T06:22:59+00:00\",\"description\":\"M\u00f4i Tr\u01b0\u1eddng ClonaCell\u2122-CHO CD d\u1ea1ng l\u1ecfng \u0111\u00e3 \u0111\u01b0\u1ee3c x\u00e1c \u0111\u1ecbnh v\u1ec1 m\u1eb7t h\u00f3a h\u1ecdc, kh\u00f4ng c\u00f3 c\u00e1c th\u00e0nh ph\u1ea7n \u0111\u1ed9ng v\u1eadt, kh\u00f4ng ch\u1ee9a huy\u1ebft thanh, protein v\u00e0 glutamine, d\u00f9ng trong nu\u00f4i c\u1ea5y t\u1ebf b\u00e0o CHO.\",\"breadcrumb\":{\"@id\":\"https:\/\/biogroupvietnam.com\/en\/product\/clonacell-cho-cd-liquid-medium\/#breadcrumb\"},\"inLanguage\":\"en-US\",\"potentialAction\":[{\"@type\":\"ReadAction\",\"target\":[\"https:\/\/biogroupvietnam.com\/en\/product\/clonacell-cho-cd-liquid-medium\/\"]}]},{\"@type\":\"ImageObject\",\"inLanguage\":\"en-US\",\"@id\":\"https:\/\/biogroupvietnam.com\/en\/product\/clonacell-cho-cd-liquid-medium\/#primaryimage\",\"url\":\"https:\/\/biogroupvietnam.com\/wp-content\/uploads\/2025\/08\/moi-truong-clonacell-cho-cd-dang-long.jpg\",\"contentUrl\":\"https:\/\/biogroupvietnam.com\/wp-content\/uploads\/2025\/08\/moi-truong-clonacell-cho-cd-dang-long.jpg\",\"width\":1640,\"height\":1260,\"caption\":\"M\u00f4i Tr\u01b0\u1eddng ClonaCell\u2122-CHO CD D\u1ea1ng L\u1ecfng\"},{\"@type\":\"BreadcrumbList\",\"@id\":\"https:\/\/biogroupvietnam.com\/en\/product\/clonacell-cho-cd-liquid-medium\/#breadcrumb\",\"itemListElement\":[{\"@type\":\"ListItem\",\"position\":1,\"name\":\"Biogroup Vietnam | End-to-End Biotechnology Solutions\",\"item\":\"https:\/\/biogroupvietnam.com\/vi\/\"},{\"@type\":\"ListItem\",\"position\":2,\"name\":\"Product\",\"item\":\"https:\/\/biogroupvietnam.com\/vi\/san-pham\/\"},{\"@type\":\"ListItem\",\"position\":3,\"name\":\"Cell Culture\",\"item\":\"https:\/\/biogroupvietnam.com\/vi\/danh-muc-san-pham\/nuoi-cay-te-bao\/\"},{\"@type\":\"ListItem\",\"position\":4,\"name\":\"Chinese Hamster Ovary (CHO) Cells\",\"item\":\"https:\/\/biogroupvietnam.com\/vi\/danh-muc-san-pham\/te-bao-cho\/\"},{\"@type\":\"ListItem\",\"position\":5,\"name\":\"ClonaCell\u2122-CHO CD Liquid Medium\"}]},{\"@type\":\"WebSite\",\"@id\":\"https:\/\/biogroupvietnam.com\/en\/vi\/#website\",\"url\":\"https:\/\/biogroupvietnam.com\/en\/vi\/\",\"name\":\"Biogroup Vietnam\",\"description\":\"Biogroup Vietnam cung c\u1ea5p d\u1ecbch v\u1ee5 k\u1ef9 thu\u1eadt c\u00f9ng thi\u1ebft b\u1ecb, v\u1eadt t\u01b0, h\u00f3a ch\u1ea5t v\u00e0 gi\u1ea3i ph\u00e1p sinh h\u1ecdc cho ph\u00f2ng th\u00ed nghi\u1ec7m c\u00f4ng ngh\u1ec7 sinh h\u1ecdc, y sinh v\u00e0 y h\u1ecdc t\u00e1i t\u1ea1o.\",\"potentialAction\":[{\"@type\":\"SearchAction\",\"target\":{\"@type\":\"EntryPoint\",\"urlTemplate\":\"https:\/\/biogroupvietnam.com\/en\/vi\/?s={search_term_string}\"},\"query-input\":{\"@type\":\"PropertyValueSpecification\",\"valueRequired\":true,\"valueName\":\"search_term_string\"}}],\"inLanguage\":\"en-US\"}]}<\/script>\n<!-- \/ Yoast SEO plugin. -->","yoast_head_json":{"title":"ClonaCell\u2122-CHO CD Liquid Medium","description":"ClonaCell\u2122-CHO CD liquid medium is a chemically defined, animal component-free, serum-free, protein-free, glutamine-free liquid medium for culturing CHO cells.","robots":{"index":"index","follow":"follow","max-snippet":"max-snippet:-1","max-image-preview":"max-image-preview:large","max-video-preview":"max-video-preview:-1"},"canonical":"ClonaCell\u2122-CHO CD liquid medium is a chemically defined, animal component-free, serum-free, protein-free, glutamine-free liquid medium for culturing CHO cells.","og_locale":"en_US","og_type":"article","og_title":"ClonaCell\u2122-CHO CD Liquid Medium","og_description":"ClonaCell\u2122-CHO CD liquid medium is a chemically defined, animal component-free, serum-free, protein-free, glutamine-free liquid medium for culturing CHO cells.","og_url":"https:\/\/biogroupvietnam.com\/en\/product\/clonacell-cho-cd-liquid-medium\/","og_site_name":"Biogroup Vietnam","article_modified_time":"2026-04-06T06:22:59+00:00","og_image":[{"width":1640,"height":1260,"url":"https:\/\/biogroupvietnam.com\/wp-content\/uploads\/2025\/08\/moi-truong-clonacell-cho-cd-dang-long.jpg","type":"image\/jpeg"}],"twitter_card":"summary_large_image","twitter_misc":{"Est. reading time":"2 minutes"},"schema":{"@context":"https:\/\/schema.org","@graph":[{"@type":"WebPage","@id":"https:\/\/biogroupvietnam.com\/en\/product\/clonacell-cho-cd-liquid-medium\/","url":"https:\/\/biogroupvietnam.com\/en\/product\/clonacell-cho-cd-liquid-medium\/","name":"M\u00f4i Tr\u01b0\u1eddng ClonaCell\u2122-CHO CD D\u1ea1ng L\u1ecfng","isPartOf":{"@id":"https:\/\/biogroupvietnam.com\/vi\/#website"},"primaryImageOfPage":{"@id":"https:\/\/biogroupvietnam.com\/en\/product\/clonacell-cho-cd-liquid-medium\/#primaryimage"},"image":{"@id":"https:\/\/biogroupvietnam.com\/en\/product\/clonacell-cho-cd-liquid-medium\/#primaryimage"},"thumbnailUrl":"https:\/\/biogroupvietnam.com\/wp-content\/uploads\/2025\/08\/moi-truong-clonacell-cho-cd-dang-long.jpg","datePublished":"2025-08-18T12:52:46+00:00","dateModified":"2026-04-06T06:22:59+00:00","description":"M\u00f4i Tr\u01b0\u1eddng ClonaCell\u2122-CHO CD d\u1ea1ng l\u1ecfng \u0111\u00e3 \u0111\u01b0\u1ee3c x\u00e1c \u0111\u1ecbnh v\u1ec1 m\u1eb7t h\u00f3a h\u1ecdc, kh\u00f4ng c\u00f3 c\u00e1c th\u00e0nh ph\u1ea7n \u0111\u1ed9ng v\u1eadt, kh\u00f4ng ch\u1ee9a huy\u1ebft thanh, protein v\u00e0 glutamine, d\u00f9ng trong nu\u00f4i c\u1ea5y t\u1ebf b\u00e0o CHO.","breadcrumb":{"@id":"https:\/\/biogroupvietnam.com\/en\/product\/clonacell-cho-cd-liquid-medium\/#breadcrumb"},"inLanguage":"en-US","potentialAction":[{"@type":"ReadAction","target":["https:\/\/biogroupvietnam.com\/en\/product\/clonacell-cho-cd-liquid-medium\/"]}]},{"@type":"ImageObject","inLanguage":"en-US","@id":"https:\/\/biogroupvietnam.com\/en\/product\/clonacell-cho-cd-liquid-medium\/#primaryimage","url":"https:\/\/biogroupvietnam.com\/wp-content\/uploads\/2025\/08\/moi-truong-clonacell-cho-cd-dang-long.jpg","contentUrl":"https:\/\/biogroupvietnam.com\/wp-content\/uploads\/2025\/08\/moi-truong-clonacell-cho-cd-dang-long.jpg","width":1640,"height":1260,"caption":"M\u00f4i Tr\u01b0\u1eddng ClonaCell\u2122-CHO CD D\u1ea1ng L\u1ecfng"},{"@type":"BreadcrumbList","@id":"https:\/\/biogroupvietnam.com\/en\/product\/clonacell-cho-cd-liquid-medium\/#breadcrumb","itemListElement":[{"@type":"ListItem","position":1,"name":"Biogroup Vietnam | End-to-End Biotechnology Solutions","item":"https:\/\/biogroupvietnam.com\/vi\/"},{"@type":"ListItem","position":2,"name":"Product","item":"https:\/\/biogroupvietnam.com\/vi\/san-pham\/"},{"@type":"ListItem","position":3,"name":"Cell Culture","item":"https:\/\/biogroupvietnam.com\/vi\/danh-muc-san-pham\/nuoi-cay-te-bao\/"},{"@type":"ListItem","position":4,"name":"Chinese Hamster Ovary (CHO) Cells","item":"https:\/\/biogroupvietnam.com\/vi\/danh-muc-san-pham\/te-bao-cho\/"},{"@type":"ListItem","position":5,"name":"ClonaCell\u2122-CHO CD Liquid Medium"}]},{"@type":"WebSite","@id":"https:\/\/biogroupvietnam.com\/en\/vi\/#website","url":"https:\/\/biogroupvietnam.com\/en\/vi\/","name":"Biogroup Vietnam","description":"Biogroup Vietnam cung c\u1ea5p d\u1ecbch v\u1ee5 k\u1ef9 thu\u1eadt c\u00f9ng thi\u1ebft b\u1ecb, v\u1eadt t\u01b0, h\u00f3a ch\u1ea5t v\u00e0 gi\u1ea3i ph\u00e1p sinh h\u1ecdc cho ph\u00f2ng th\u00ed nghi\u1ec7m c\u00f4ng ngh\u1ec7 sinh h\u1ecdc, y sinh v\u00e0 y h\u1ecdc t\u00e1i t\u1ea1o.","potentialAction":[{"@type":"SearchAction","target":{"@type":"EntryPoint","urlTemplate":"https:\/\/biogroupvietnam.com\/en\/vi\/?s={search_term_string}"},"query-input":{"@type":"PropertyValueSpecification","valueRequired":true,"valueName":"search_term_string"}}],"inLanguage":"en-US"}]}},"_links":{"self":[{"href":"https:\/\/biogroupvietnam.com\/en\/wp-json\/wp\/v2\/product\/3732","targetHints":{"allow":["GET"]}}],"collection":[{"href":"https:\/\/biogroupvietnam.com\/en\/wp-json\/wp\/v2\/product"}],"about":[{"href":"https:\/\/biogroupvietnam.com\/en\/wp-json\/wp\/v2\/types\/product"}],"replies":[{"embeddable":true,"href":"https:\/\/biogroupvietnam.com\/en\/wp-json\/wp\/v2\/comments?post=3732"}],"version-history":[{"count":4,"href":"https:\/\/biogroupvietnam.com\/en\/wp-json\/wp\/v2\/product\/3732\/revisions"}],"predecessor-version":[{"id":9725,"href":"https:\/\/biogroupvietnam.com\/en\/wp-json\/wp\/v2\/product\/3732\/revisions\/9725"}],"wp:featuredmedia":[{"embeddable":true,"href":"https:\/\/biogroupvietnam.com\/en\/wp-json\/wp\/v2\/media\/10226"}],"wp:attachment":[{"href":"https:\/\/biogroupvietnam.com\/en\/wp-json\/wp\/v2\/media?parent=3732"}],"wp:term":[{"taxonomy":"product_brand","embeddable":true,"href":"https:\/\/biogroupvietnam.com\/en\/wp-json\/wp\/v2\/product_brand?post=3732"},{"taxonomy":"product_cat","embeddable":true,"href":"https:\/\/biogroupvietnam.com\/en\/wp-json\/wp\/v2\/product_cat?post=3732"},{"taxonomy":"product_tag","embeddable":true,"href":"https:\/\/biogroupvietnam.com\/en\/wp-json\/wp\/v2\/product_tag?post=3732"}],"curies":[{"name":"wp","href":"https:\/\/api.w.org\/{rel}","templated":true}]}}