{"id":3733,"date":"2025-08-18T19:52:46","date_gmt":"2025-08-18T12:52:46","guid":{"rendered":"http:\/\/biogroupvietnam-worldpress.local\/product\/import-placeholder-for-83\/"},"modified":"2026-04-06T13:19:24","modified_gmt":"2026-04-06T06:19:24","slug":"chat-bo-sung-clonacell-cho-acf","status":"publish","type":"product","link":"https:\/\/biogroupvietnam.com\/en\/product\/clonacell-cho-acf-supplement\/","title":{"rendered":"ClonaCell\u2122-CHO ACF Supplement"},"content":{"rendered":"<p><a href=\"https:\/\/www.stemcell.com\/clonacell-cho-acf-supplement.html\">ClonaCell\u2122-CHO ACF supplement<\/a>&nbsp;is a animal component-free, serum-free, glutamine-free 40X supplement for cloning during CHO cell line development.&nbsp;<\/p>\n","protected":false},"excerpt":{"rendered":"<p>ClonaCell\u2122-CHO ACF supplement&nbsp;is a animal component-free, serum-free, glutamine-free 40X supplement for cloning during CHO cell line development.&nbsp;<\/p>\n","protected":false},"featured_media":10225,"comment_status":"closed","ping_status":"closed","template":"","meta":{"_acf_changed":false},"product_brand":[127],"product_cat":[89],"product_tag":[],"class_list":{"0":"post-3733","1":"product","2":"type-product","3":"status-publish","4":"has-post-thumbnail","6":"product_brand-stemcell-technologies","7":"product_cat-chinese-hamster-ovary-cho-cells","9":"first","10":"outofstock","11":"shipping-taxable","12":"product-type-simple"},"acf":[],"yoast_head":"<!-- This site is optimized with the Yoast SEO plugin v26.8 - https:\/\/yoast.com\/product\/yoast-seo-wordpress\/ -->\n<title>ClonaCell\u2122-CHO ACF Supplement<\/title>\n<meta name=\"description\" content=\"ClonaCell\u2122-CHO ACF supplement&nbsp;is a animal component-free, serum-free, glutamine-free 40X supplement for cloning during CHO cell line development.&nbsp;\" \/>\n<meta name=\"robots\" content=\"index, follow, max-snippet:-1, max-image-preview:large, max-video-preview:-1\" \/>\n<link rel=\"canonical\" href=\"http:\/\/ClonaCell\u2122-CHO%20ACF%20supplement&nbsp;is%20a%20animal%20component-free,%20serum-free,%20glutamine-free%2040X%20supplement%20for%20cloning%20during%20CHO%20cell%20line%20development.&nbsp;\" \/>\n<meta property=\"og:locale\" content=\"en_US\" \/>\n<meta property=\"og:type\" content=\"article\" \/>\n<meta property=\"og:title\" content=\"ClonaCell\u2122-CHO ACF Supplement\" \/>\n<meta property=\"og:description\" content=\"ClonaCell\u2122-CHO ACF supplement&nbsp;is a animal component-free, serum-free, glutamine-free 40X supplement for cloning during CHO cell line development.&nbsp;\" \/>\n<meta property=\"og:url\" content=\"https:\/\/biogroupvietnam.com\/en\/product\/clonacell-cho-acf-supplement\/\" \/>\n<meta property=\"og:site_name\" content=\"Biogroup Vietnam\" \/>\n<meta property=\"article:modified_time\" content=\"2026-04-06T06:19:24+00:00\" \/>\n<meta property=\"og:image\" content=\"https:\/\/biogroupvietnam.com\/wp-content\/uploads\/2025\/08\/dung-dich-ammonium-chloride-ly-giai-hong-cau-1.jpg\" \/>\n\t<meta property=\"og:image:width\" content=\"1640\" \/>\n\t<meta property=\"og:image:height\" content=\"1260\" \/>\n\t<meta property=\"og:image:type\" content=\"image\/jpeg\" \/>\n<meta name=\"twitter:card\" content=\"summary_large_image\" \/>\n<meta name=\"twitter:label1\" content=\"Est. reading time\" \/>\n\t<meta name=\"twitter:data1\" content=\"3 minutes\" \/>\n<script type=\"application\/ld+json\" class=\"yoast-schema-graph\">{\"@context\":\"https:\/\/schema.org\",\"@graph\":[{\"@type\":\"WebPage\",\"@id\":\"https:\/\/biogroupvietnam.com\/en\/product\/clonacell-cho-acf-supplement\/\",\"url\":\"https:\/\/biogroupvietnam.com\/en\/product\/clonacell-cho-acf-supplement\/\",\"name\":\"Ch\u1ea5t B\u1ed5 Sung ClonaCell\u2122-CHO ACF\",\"isPartOf\":{\"@id\":\"https:\/\/biogroupvietnam.com\/vi\/#website\"},\"primaryImageOfPage\":{\"@id\":\"https:\/\/biogroupvietnam.com\/en\/product\/clonacell-cho-acf-supplement\/#primaryimage\"},\"image\":{\"@id\":\"https:\/\/biogroupvietnam.com\/en\/product\/clonacell-cho-acf-supplement\/#primaryimage\"},\"thumbnailUrl\":\"https:\/\/biogroupvietnam.com\/wp-content\/uploads\/2025\/08\/dung-dich-ammonium-chloride-ly-giai-hong-cau-1.jpg\",\"datePublished\":\"2025-08-18T12:52:46+00:00\",\"dateModified\":\"2026-04-06T06:19:24+00:00\",\"description\":\"Ch\u1ea5t b\u1ed5 sung ClonaCell\u2122-CHO ACF n\u1ed3ng \u0111\u1ed9 40X, kh\u00f4ng ch\u1ee9a th\u00e0nh ph\u1ea7n \u0111\u1ed9ng v\u1eadt, kh\u00f4ng c\u00f3 huy\u1ebft thanh v\u00e0 glutamine, d\u00f9ng \u0111\u1ec3 nh\u00e2n b\u1ea3n c\u00e1c d\u00f2ng t\u1ebf b\u00e0o CHO trong qu\u00e1 tr\u00ecnh ph\u00e1t tri\u1ec3n.\",\"breadcrumb\":{\"@id\":\"https:\/\/biogroupvietnam.com\/en\/product\/clonacell-cho-acf-supplement\/#breadcrumb\"},\"inLanguage\":\"en-US\",\"potentialAction\":[{\"@type\":\"ReadAction\",\"target\":[\"https:\/\/biogroupvietnam.com\/en\/product\/clonacell-cho-acf-supplement\/\"]}]},{\"@type\":\"ImageObject\",\"inLanguage\":\"en-US\",\"@id\":\"https:\/\/biogroupvietnam.com\/en\/product\/clonacell-cho-acf-supplement\/#primaryimage\",\"url\":\"https:\/\/biogroupvietnam.com\/wp-content\/uploads\/2025\/08\/dung-dich-ammonium-chloride-ly-giai-hong-cau-1.jpg\",\"contentUrl\":\"https:\/\/biogroupvietnam.com\/wp-content\/uploads\/2025\/08\/dung-dich-ammonium-chloride-ly-giai-hong-cau-1.jpg\",\"width\":1640,\"height\":1260,\"caption\":\"Dung D\u1ecbch Ammonium Chloride Ly Gi\u1ea3i H\u1ed3ng C\u1ea7u\"},{\"@type\":\"BreadcrumbList\",\"@id\":\"https:\/\/biogroupvietnam.com\/en\/product\/clonacell-cho-acf-supplement\/#breadcrumb\",\"itemListElement\":[{\"@type\":\"ListItem\",\"position\":1,\"name\":\"Biogroup Vietnam | End-to-End Biotechnology Solutions\",\"item\":\"https:\/\/biogroupvietnam.com\/vi\/\"},{\"@type\":\"ListItem\",\"position\":2,\"name\":\"Product\",\"item\":\"https:\/\/biogroupvietnam.com\/vi\/san-pham\/\"},{\"@type\":\"ListItem\",\"position\":3,\"name\":\"Cell Culture\",\"item\":\"https:\/\/biogroupvietnam.com\/vi\/danh-muc-san-pham\/nuoi-cay-te-bao\/\"},{\"@type\":\"ListItem\",\"position\":4,\"name\":\"Chinese Hamster Ovary (CHO) Cells\",\"item\":\"https:\/\/biogroupvietnam.com\/vi\/danh-muc-san-pham\/te-bao-cho\/\"},{\"@type\":\"ListItem\",\"position\":5,\"name\":\"ClonaCell\u2122-CHO ACF Supplement\"}]},{\"@type\":\"WebSite\",\"@id\":\"https:\/\/biogroupvietnam.com\/en\/vi\/#website\",\"url\":\"https:\/\/biogroupvietnam.com\/en\/vi\/\",\"name\":\"Biogroup Vietnam\",\"description\":\"Biogroup Vietnam cung c\u1ea5p d\u1ecbch v\u1ee5 k\u1ef9 thu\u1eadt c\u00f9ng thi\u1ebft b\u1ecb, v\u1eadt t\u01b0, h\u00f3a ch\u1ea5t v\u00e0 gi\u1ea3i ph\u00e1p sinh h\u1ecdc cho ph\u00f2ng th\u00ed nghi\u1ec7m c\u00f4ng ngh\u1ec7 sinh h\u1ecdc, y sinh v\u00e0 y h\u1ecdc t\u00e1i t\u1ea1o.\",\"potentialAction\":[{\"@type\":\"SearchAction\",\"target\":{\"@type\":\"EntryPoint\",\"urlTemplate\":\"https:\/\/biogroupvietnam.com\/en\/vi\/?s={search_term_string}\"},\"query-input\":{\"@type\":\"PropertyValueSpecification\",\"valueRequired\":true,\"valueName\":\"search_term_string\"}}],\"inLanguage\":\"en-US\"}]}<\/script>\n<!-- \/ Yoast SEO plugin. -->","yoast_head_json":{"title":"ClonaCell\u2122-CHO ACF Supplement","description":"ClonaCell\u2122-CHO ACF supplement&nbsp;is a animal component-free, serum-free, glutamine-free 40X supplement for cloning during CHO cell line development.&nbsp;","robots":{"index":"index","follow":"follow","max-snippet":"max-snippet:-1","max-image-preview":"max-image-preview:large","max-video-preview":"max-video-preview:-1"},"canonical":"ClonaCell\u2122-CHO ACF supplement&nbsp;is a animal component-free, serum-free, glutamine-free 40X supplement for cloning during CHO cell line development.&nbsp;","og_locale":"en_US","og_type":"article","og_title":"ClonaCell\u2122-CHO ACF Supplement","og_description":"ClonaCell\u2122-CHO ACF supplement&nbsp;is a animal component-free, serum-free, glutamine-free 40X supplement for cloning during CHO cell line development.&nbsp;","og_url":"https:\/\/biogroupvietnam.com\/en\/product\/clonacell-cho-acf-supplement\/","og_site_name":"Biogroup Vietnam","article_modified_time":"2026-04-06T06:19:24+00:00","og_image":[{"width":1640,"height":1260,"url":"https:\/\/biogroupvietnam.com\/wp-content\/uploads\/2025\/08\/dung-dich-ammonium-chloride-ly-giai-hong-cau-1.jpg","type":"image\/jpeg"}],"twitter_card":"summary_large_image","twitter_misc":{"Est. reading time":"3 minutes"},"schema":{"@context":"https:\/\/schema.org","@graph":[{"@type":"WebPage","@id":"https:\/\/biogroupvietnam.com\/en\/product\/clonacell-cho-acf-supplement\/","url":"https:\/\/biogroupvietnam.com\/en\/product\/clonacell-cho-acf-supplement\/","name":"Ch\u1ea5t B\u1ed5 Sung ClonaCell\u2122-CHO ACF","isPartOf":{"@id":"https:\/\/biogroupvietnam.com\/vi\/#website"},"primaryImageOfPage":{"@id":"https:\/\/biogroupvietnam.com\/en\/product\/clonacell-cho-acf-supplement\/#primaryimage"},"image":{"@id":"https:\/\/biogroupvietnam.com\/en\/product\/clonacell-cho-acf-supplement\/#primaryimage"},"thumbnailUrl":"https:\/\/biogroupvietnam.com\/wp-content\/uploads\/2025\/08\/dung-dich-ammonium-chloride-ly-giai-hong-cau-1.jpg","datePublished":"2025-08-18T12:52:46+00:00","dateModified":"2026-04-06T06:19:24+00:00","description":"Ch\u1ea5t b\u1ed5 sung ClonaCell\u2122-CHO ACF n\u1ed3ng \u0111\u1ed9 40X, kh\u00f4ng ch\u1ee9a th\u00e0nh ph\u1ea7n \u0111\u1ed9ng v\u1eadt, kh\u00f4ng c\u00f3 huy\u1ebft thanh v\u00e0 glutamine, d\u00f9ng \u0111\u1ec3 nh\u00e2n b\u1ea3n c\u00e1c d\u00f2ng t\u1ebf b\u00e0o CHO trong qu\u00e1 tr\u00ecnh ph\u00e1t tri\u1ec3n.","breadcrumb":{"@id":"https:\/\/biogroupvietnam.com\/en\/product\/clonacell-cho-acf-supplement\/#breadcrumb"},"inLanguage":"en-US","potentialAction":[{"@type":"ReadAction","target":["https:\/\/biogroupvietnam.com\/en\/product\/clonacell-cho-acf-supplement\/"]}]},{"@type":"ImageObject","inLanguage":"en-US","@id":"https:\/\/biogroupvietnam.com\/en\/product\/clonacell-cho-acf-supplement\/#primaryimage","url":"https:\/\/biogroupvietnam.com\/wp-content\/uploads\/2025\/08\/dung-dich-ammonium-chloride-ly-giai-hong-cau-1.jpg","contentUrl":"https:\/\/biogroupvietnam.com\/wp-content\/uploads\/2025\/08\/dung-dich-ammonium-chloride-ly-giai-hong-cau-1.jpg","width":1640,"height":1260,"caption":"Dung D\u1ecbch Ammonium Chloride Ly Gi\u1ea3i H\u1ed3ng C\u1ea7u"},{"@type":"BreadcrumbList","@id":"https:\/\/biogroupvietnam.com\/en\/product\/clonacell-cho-acf-supplement\/#breadcrumb","itemListElement":[{"@type":"ListItem","position":1,"name":"Biogroup Vietnam | End-to-End Biotechnology Solutions","item":"https:\/\/biogroupvietnam.com\/vi\/"},{"@type":"ListItem","position":2,"name":"Product","item":"https:\/\/biogroupvietnam.com\/vi\/san-pham\/"},{"@type":"ListItem","position":3,"name":"Cell Culture","item":"https:\/\/biogroupvietnam.com\/vi\/danh-muc-san-pham\/nuoi-cay-te-bao\/"},{"@type":"ListItem","position":4,"name":"Chinese Hamster Ovary (CHO) Cells","item":"https:\/\/biogroupvietnam.com\/vi\/danh-muc-san-pham\/te-bao-cho\/"},{"@type":"ListItem","position":5,"name":"ClonaCell\u2122-CHO ACF Supplement"}]},{"@type":"WebSite","@id":"https:\/\/biogroupvietnam.com\/en\/vi\/#website","url":"https:\/\/biogroupvietnam.com\/en\/vi\/","name":"Biogroup Vietnam","description":"Biogroup Vietnam cung c\u1ea5p d\u1ecbch v\u1ee5 k\u1ef9 thu\u1eadt c\u00f9ng thi\u1ebft b\u1ecb, v\u1eadt t\u01b0, h\u00f3a ch\u1ea5t v\u00e0 gi\u1ea3i ph\u00e1p sinh h\u1ecdc cho ph\u00f2ng th\u00ed nghi\u1ec7m c\u00f4ng ngh\u1ec7 sinh h\u1ecdc, y sinh v\u00e0 y h\u1ecdc t\u00e1i t\u1ea1o.","potentialAction":[{"@type":"SearchAction","target":{"@type":"EntryPoint","urlTemplate":"https:\/\/biogroupvietnam.com\/en\/vi\/?s={search_term_string}"},"query-input":{"@type":"PropertyValueSpecification","valueRequired":true,"valueName":"search_term_string"}}],"inLanguage":"en-US"}]}},"_links":{"self":[{"href":"https:\/\/biogroupvietnam.com\/en\/wp-json\/wp\/v2\/product\/3733","targetHints":{"allow":["GET"]}}],"collection":[{"href":"https:\/\/biogroupvietnam.com\/en\/wp-json\/wp\/v2\/product"}],"about":[{"href":"https:\/\/biogroupvietnam.com\/en\/wp-json\/wp\/v2\/types\/product"}],"replies":[{"embeddable":true,"href":"https:\/\/biogroupvietnam.com\/en\/wp-json\/wp\/v2\/comments?post=3733"}],"version-history":[{"count":6,"href":"https:\/\/biogroupvietnam.com\/en\/wp-json\/wp\/v2\/product\/3733\/revisions"}],"predecessor-version":[{"id":9726,"href":"https:\/\/biogroupvietnam.com\/en\/wp-json\/wp\/v2\/product\/3733\/revisions\/9726"}],"wp:featuredmedia":[{"embeddable":true,"href":"https:\/\/biogroupvietnam.com\/en\/wp-json\/wp\/v2\/media\/10225"}],"wp:attachment":[{"href":"https:\/\/biogroupvietnam.com\/en\/wp-json\/wp\/v2\/media?parent=3733"}],"wp:term":[{"taxonomy":"product_brand","embeddable":true,"href":"https:\/\/biogroupvietnam.com\/en\/wp-json\/wp\/v2\/product_brand?post=3733"},{"taxonomy":"product_cat","embeddable":true,"href":"https:\/\/biogroupvietnam.com\/en\/wp-json\/wp\/v2\/product_cat?post=3733"},{"taxonomy":"product_tag","embeddable":true,"href":"https:\/\/biogroupvietnam.com\/en\/wp-json\/wp\/v2\/product_tag?post=3733"}],"curies":[{"name":"wp","href":"https:\/\/api.w.org\/{rel}","templated":true}]}}