{"id":3737,"date":"2025-08-18T19:52:47","date_gmt":"2025-08-18T12:52:47","guid":{"rendered":"http:\/\/biogroupvietnam-worldpress.local\/product\/import-placeholder-for-87\/"},"modified":"2026-04-06T13:09:53","modified_gmt":"2026-04-06T06:09:53","slug":"stemvision","status":"publish","type":"product","link":"https:\/\/biogroupvietnam.com\/en\/product\/stemvision\/","title":{"rendered":"STEMvision\u2122 \u2013 Automated and Standardized Solution for CFU Assay"},"content":{"rendered":"<p><strong>STEMvision\u2122<\/strong> is an automated imaging and colony counting system for <strong>CFU assays<\/strong> used in <strong>cord blood banks and stem cell QC labs<\/strong>. It standardizes hematopoietic colony identification and quantification, minimizing manual error and improving data reproducibility. Combined with <strong>MethoCult\u2122, SmartDish\u2122, and HetaSep\u2122<\/strong>, STEMvision\u2122 provides a complete, ISO 13485\u2013certified workflow for accurate and GMP-compliant evaluation of hematopoietic stem cell potency. Distributed in Vietnam exclusively by <strong>Biogroup Vietnam<\/strong>.<\/p>\n<p>&nbsp;<\/p>\n","protected":false},"excerpt":{"rendered":"<p><strong>STEMvision\u2122<\/strong> l\u00e0 h\u1ec7 th\u1ed1ng <strong>t\u1ef1 \u0111\u1ed9ng ch\u1ee5p \u1ea3nh v\u00e0 \u0111\u1ebfm khu\u1ea9n l\u1ea1c CFU<\/strong>, \u0111\u01b0\u1ee3c thi\u1ebft k\u1ebf cho <strong>ng\u00e2n h\u00e0ng m\u00e1u cu\u1ed1ng r\u1ed1n v\u00e0 ph\u00f2ng QC t\u1ebf b\u00e0o g\u1ed1c<\/strong>. Thi\u1ebft b\u1ecb gi\u00fap <strong>chu\u1ea9n h\u00f3a quy tr\u00ecnh \u0111\u1ebfm khu\u1ea9n l\u1ea1c<\/strong>, gi\u1ea3m sai l\u1ec7ch th\u1ee7 c\u00f4ng v\u00e0 n\u00e2ng cao \u0111\u1ed9 ch\u00ednh x\u00e1c, t\u00e1i l\u1eadp d\u1eef li\u1ec7u. Khi k\u1ebft h\u1ee3p v\u1edbi <strong>MethoCult\u2122, SmartDish\u2122 v\u00e0 HetaSep\u2122<\/strong>, STEMvision\u2122 t\u1ea1o th\u00e0nh <strong>quy tr\u00ecnh \u0111\u00e1nh gi\u00e1 n\u0103ng l\u1ef1c t\u1ebf b\u00e0o g\u1ed1c \u0111\u1ea1t chu\u1ea9n GMP<\/strong>, \u0111\u01b0\u1ee3c <strong>ch\u1ee9ng nh\u1eadn ISO 13485<\/strong> v\u00e0 <strong>ph\u00e2n ph\u1ed1i \u0111\u1ed9c quy\u1ec1n t\u1ea1i Vi\u1ec7t Nam b\u1edfi Biogroup Vietnam<\/strong>.<\/p>\n","protected":false},"featured_media":10221,"comment_status":"closed","ping_status":"closed","template":"","meta":{"_acf_changed":false},"product_brand":[127],"product_cat":[105],"product_tag":[],"class_list":{"0":"post-3737","1":"product","2":"type-product","3":"status-publish","4":"has-post-thumbnail","6":"product_brand-stemcell-technologies","7":"product_cat-cfu-assay","9":"first","10":"outofstock","11":"shipping-taxable","12":"product-type-simple"},"acf":[],"yoast_head":"<!-- This site is optimized with the Yoast SEO plugin v26.8 - https:\/\/yoast.com\/product\/yoast-seo-wordpress\/ -->\n<title>STEMvision\u2122 \u2013 Automated and Standardized Solution for CFU Assay<\/title>\n<meta name=\"description\" content=\"STEMvision\u2122 is an automated imaging and colony counting system for CFU assays used in cord blood banks and stem cell QC labs. It standardizes hematopoietic colony identification and quantification, minimizing manual error and improving data reproducibility. Combined with MethoCult\u2122, SmartDish\u2122, and HetaSep\u2122, STEMvision\u2122 provides a complete, ISO 13485\u2013certified workflow for accurate and GMP-compliant evaluation of&hellip;\" \/>\n<meta name=\"robots\" content=\"index, follow, max-snippet:-1, max-image-preview:large, max-video-preview:-1\" \/>\n<link rel=\"canonical\" href=\"http:\/\/STEMvision\u2122%20is%20an%20automated%20imaging%20and%20colony%20counting%20system%20for%20CFU%20assays%20used%20in%20cord%20blood%20banks%20and%20stem%20cell%20QC%20labs.%20It%20standardizes%20hematopoietic%20colony%20identification%20and%20quantification,%20minimizing%20manual%20error%20and%20improving%20data%20reproducibility.%20Combined%20with%20MethoCult\u2122,%20SmartDish\u2122,%20and%20HetaSep\u2122,%20STEMvision\u2122%20provides%20a%20complete,%20ISO%2013485\u2013certified%20workflow%20for%20accurate%20and%20GMP-compliant%20evaluation%20of&hellip;\" \/>\n<meta property=\"og:locale\" content=\"en_US\" \/>\n<meta property=\"og:type\" content=\"article\" \/>\n<meta property=\"og:title\" content=\"STEMvision\u2122 \u2013 Automated and Standardized Solution for CFU Assay\" \/>\n<meta property=\"og:description\" content=\"STEMvision\u2122 is an automated imaging and colony counting system for CFU assays used in cord blood banks and stem cell QC labs. It standardizes hematopoietic colony identification and quantification, minimizing manual error and improving data reproducibility. Combined with MethoCult\u2122, SmartDish\u2122, and HetaSep\u2122, STEMvision\u2122 provides a complete, ISO 13485\u2013certified workflow for accurate and GMP-compliant evaluation of&hellip;\" \/>\n<meta property=\"og:url\" content=\"https:\/\/biogroupvietnam.com\/en\/product\/stemvision\/\" \/>\n<meta property=\"og:site_name\" content=\"Biogroup Vietnam\" \/>\n<meta property=\"article:modified_time\" content=\"2026-04-06T06:09:53+00:00\" \/>\n<meta property=\"og:image\" content=\"https:\/\/biogroupvietnam.com\/wp-content\/uploads\/2025\/08\/stemvision-giai-phap-tu-dong-hoa-va-chuan-hoa-cfu-assay.jpg\" \/>\n\t<meta property=\"og:image:width\" content=\"1640\" \/>\n\t<meta property=\"og:image:height\" content=\"1260\" \/>\n\t<meta property=\"og:image:type\" content=\"image\/jpeg\" \/>\n<meta name=\"twitter:card\" content=\"summary_large_image\" \/>\n<meta name=\"twitter:label1\" content=\"Est. reading time\" \/>\n\t<meta name=\"twitter:data1\" content=\"5 minutes\" \/>\n<script type=\"application\/ld+json\" class=\"yoast-schema-graph\">{\"@context\":\"https:\/\/schema.org\",\"@graph\":[{\"@type\":\"WebPage\",\"@id\":\"https:\/\/biogroupvietnam.com\/en\/product\/stemvision\/\",\"url\":\"https:\/\/biogroupvietnam.com\/en\/product\/stemvision\/\",\"name\":\"STEMvision\u2122 \u2013 Gi\u1ea3i ph\u00e1p t\u1ef1 \u0111\u1ed9ng h\u00f3a v\u00e0 chu\u1ea9n h\u00f3a CFU Assay | Biogroup Vietnam\",\"isPartOf\":{\"@id\":\"https:\/\/biogroupvietnam.com\/vi\/#website\"},\"primaryImageOfPage\":{\"@id\":\"https:\/\/biogroupvietnam.com\/en\/product\/stemvision\/#primaryimage\"},\"image\":{\"@id\":\"https:\/\/biogroupvietnam.com\/en\/product\/stemvision\/#primaryimage\"},\"thumbnailUrl\":\"https:\/\/biogroupvietnam.com\/wp-content\/uploads\/2025\/08\/stemvision-giai-phap-tu-dong-hoa-va-chuan-hoa-cfu-assay.jpg\",\"datePublished\":\"2025-08-18T12:52:47+00:00\",\"dateModified\":\"2026-04-06T06:09:53+00:00\",\"description\":\"Kh\u00e1m ph\u00e1 STEMvision\u2122 \u2013 thi\u1ebft b\u1ecb t\u1ef1 \u0111\u1ed9ng \u0111\u1ebfm v\u00e0 ph\u00e2n t\u00edch CFU Assay chu\u1ea9n v\u00e0ng cho ng\u00e2n h\u00e0ng m\u00e1u cu\u1ed1ng r\u1ed1n. Gi\u1ea3i ph\u00e1p c\u1ee7a STEMCELL Technologies \u0111\u01b0\u1ee3c Biogroup Vietnam ph\u00e2n ph\u1ed1i ch\u00ednh th\u1ee9c, \u0111\u1ea3m b\u1ea3o k\u1ebft qu\u1ea3 ch\u00ednh x\u00e1c, t\u00e1i l\u1eb7p v\u00e0 \u0111\u1ea1t chu\u1ea9n GMP.\",\"breadcrumb\":{\"@id\":\"https:\/\/biogroupvietnam.com\/en\/product\/stemvision\/#breadcrumb\"},\"inLanguage\":\"en-US\",\"potentialAction\":[{\"@type\":\"ReadAction\",\"target\":[\"https:\/\/biogroupvietnam.com\/en\/product\/stemvision\/\"]}]},{\"@type\":\"ImageObject\",\"inLanguage\":\"en-US\",\"@id\":\"https:\/\/biogroupvietnam.com\/en\/product\/stemvision\/#primaryimage\",\"url\":\"https:\/\/biogroupvietnam.com\/wp-content\/uploads\/2025\/08\/stemvision-giai-phap-tu-dong-hoa-va-chuan-hoa-cfu-assay.jpg\",\"contentUrl\":\"https:\/\/biogroupvietnam.com\/wp-content\/uploads\/2025\/08\/stemvision-giai-phap-tu-dong-hoa-va-chuan-hoa-cfu-assay.jpg\",\"width\":1640,\"height\":1260,\"caption\":\"STEMvision\u2122 \u2013 Gi\u1ea3i ph\u00e1p t\u1ef1 \u0111\u1ed9ng h\u00f3a v\u00e0 chu\u1ea9n h\u00f3a CFU Assay\"},{\"@type\":\"BreadcrumbList\",\"@id\":\"https:\/\/biogroupvietnam.com\/en\/product\/stemvision\/#breadcrumb\",\"itemListElement\":[{\"@type\":\"ListItem\",\"position\":1,\"name\":\"Biogroup Vietnam | End-to-End Biotechnology Solutions\",\"item\":\"https:\/\/biogroupvietnam.com\/vi\/\"},{\"@type\":\"ListItem\",\"position\":2,\"name\":\"Product\",\"item\":\"https:\/\/biogroupvietnam.com\/vi\/san-pham\/\"},{\"@type\":\"ListItem\",\"position\":3,\"name\":\"Bioassays\",\"item\":\"https:\/\/biogroupvietnam.com\/vi\/danh-muc-san-pham\/xet-nghiem-sinh-hoc\/\"},{\"@type\":\"ListItem\",\"position\":4,\"name\":\"CFU Assay\",\"item\":\"https:\/\/biogroupvietnam.com\/vi\/danh-muc-san-pham\/thu-nghiem-cfu\/\"},{\"@type\":\"ListItem\",\"position\":5,\"name\":\"STEMvision\u2122 \u2013 Automated and Standardized Solution for CFU Assay\"}]},{\"@type\":\"WebSite\",\"@id\":\"https:\/\/biogroupvietnam.com\/en\/vi\/#website\",\"url\":\"https:\/\/biogroupvietnam.com\/en\/vi\/\",\"name\":\"Biogroup Vietnam\",\"description\":\"Biogroup Vietnam cung c\u1ea5p d\u1ecbch v\u1ee5 k\u1ef9 thu\u1eadt c\u00f9ng thi\u1ebft b\u1ecb, v\u1eadt t\u01b0, h\u00f3a ch\u1ea5t v\u00e0 gi\u1ea3i ph\u00e1p sinh h\u1ecdc cho ph\u00f2ng th\u00ed nghi\u1ec7m c\u00f4ng ngh\u1ec7 sinh h\u1ecdc, y sinh v\u00e0 y h\u1ecdc t\u00e1i t\u1ea1o.\",\"potentialAction\":[{\"@type\":\"SearchAction\",\"target\":{\"@type\":\"EntryPoint\",\"urlTemplate\":\"https:\/\/biogroupvietnam.com\/en\/vi\/?s={search_term_string}\"},\"query-input\":{\"@type\":\"PropertyValueSpecification\",\"valueRequired\":true,\"valueName\":\"search_term_string\"}}],\"inLanguage\":\"en-US\"}]}<\/script>\n<!-- \/ Yoast SEO plugin. -->","yoast_head_json":{"title":"STEMvision\u2122 \u2013 Automated and Standardized Solution for CFU Assay","description":"STEMvision\u2122 is an automated imaging and colony counting system for CFU assays used in cord blood banks and stem cell QC labs. It standardizes hematopoietic colony identification and quantification, minimizing manual error and improving data reproducibility. Combined with MethoCult\u2122, SmartDish\u2122, and HetaSep\u2122, STEMvision\u2122 provides a complete, ISO 13485\u2013certified workflow for accurate and GMP-compliant evaluation of&hellip;","robots":{"index":"index","follow":"follow","max-snippet":"max-snippet:-1","max-image-preview":"max-image-preview:large","max-video-preview":"max-video-preview:-1"},"canonical":"STEMvision\u2122 is an automated imaging and colony counting system for CFU assays used in cord blood banks and stem cell QC labs. It standardizes hematopoietic colony identification and quantification, minimizing manual error and improving data reproducibility. Combined with MethoCult\u2122, SmartDish\u2122, and HetaSep\u2122, STEMvision\u2122 provides a complete, ISO 13485\u2013certified workflow for accurate and GMP-compliant evaluation of&hellip;","og_locale":"en_US","og_type":"article","og_title":"STEMvision\u2122 \u2013 Automated and Standardized Solution for CFU Assay","og_description":"STEMvision\u2122 is an automated imaging and colony counting system for CFU assays used in cord blood banks and stem cell QC labs. It standardizes hematopoietic colony identification and quantification, minimizing manual error and improving data reproducibility. Combined with MethoCult\u2122, SmartDish\u2122, and HetaSep\u2122, STEMvision\u2122 provides a complete, ISO 13485\u2013certified workflow for accurate and GMP-compliant evaluation of&hellip;","og_url":"https:\/\/biogroupvietnam.com\/en\/product\/stemvision\/","og_site_name":"Biogroup Vietnam","article_modified_time":"2026-04-06T06:09:53+00:00","og_image":[{"width":1640,"height":1260,"url":"https:\/\/biogroupvietnam.com\/wp-content\/uploads\/2025\/08\/stemvision-giai-phap-tu-dong-hoa-va-chuan-hoa-cfu-assay.jpg","type":"image\/jpeg"}],"twitter_card":"summary_large_image","twitter_misc":{"Est. reading time":"5 minutes"},"schema":{"@context":"https:\/\/schema.org","@graph":[{"@type":"WebPage","@id":"https:\/\/biogroupvietnam.com\/en\/product\/stemvision\/","url":"https:\/\/biogroupvietnam.com\/en\/product\/stemvision\/","name":"STEMvision\u2122 \u2013 Gi\u1ea3i ph\u00e1p t\u1ef1 \u0111\u1ed9ng h\u00f3a v\u00e0 chu\u1ea9n h\u00f3a CFU Assay | Biogroup Vietnam","isPartOf":{"@id":"https:\/\/biogroupvietnam.com\/vi\/#website"},"primaryImageOfPage":{"@id":"https:\/\/biogroupvietnam.com\/en\/product\/stemvision\/#primaryimage"},"image":{"@id":"https:\/\/biogroupvietnam.com\/en\/product\/stemvision\/#primaryimage"},"thumbnailUrl":"https:\/\/biogroupvietnam.com\/wp-content\/uploads\/2025\/08\/stemvision-giai-phap-tu-dong-hoa-va-chuan-hoa-cfu-assay.jpg","datePublished":"2025-08-18T12:52:47+00:00","dateModified":"2026-04-06T06:09:53+00:00","description":"Kh\u00e1m ph\u00e1 STEMvision\u2122 \u2013 thi\u1ebft b\u1ecb t\u1ef1 \u0111\u1ed9ng \u0111\u1ebfm v\u00e0 ph\u00e2n t\u00edch CFU Assay chu\u1ea9n v\u00e0ng cho ng\u00e2n h\u00e0ng m\u00e1u cu\u1ed1ng r\u1ed1n. Gi\u1ea3i ph\u00e1p c\u1ee7a STEMCELL Technologies \u0111\u01b0\u1ee3c Biogroup Vietnam ph\u00e2n ph\u1ed1i ch\u00ednh th\u1ee9c, \u0111\u1ea3m b\u1ea3o k\u1ebft qu\u1ea3 ch\u00ednh x\u00e1c, t\u00e1i l\u1eb7p v\u00e0 \u0111\u1ea1t chu\u1ea9n GMP.","breadcrumb":{"@id":"https:\/\/biogroupvietnam.com\/en\/product\/stemvision\/#breadcrumb"},"inLanguage":"en-US","potentialAction":[{"@type":"ReadAction","target":["https:\/\/biogroupvietnam.com\/en\/product\/stemvision\/"]}]},{"@type":"ImageObject","inLanguage":"en-US","@id":"https:\/\/biogroupvietnam.com\/en\/product\/stemvision\/#primaryimage","url":"https:\/\/biogroupvietnam.com\/wp-content\/uploads\/2025\/08\/stemvision-giai-phap-tu-dong-hoa-va-chuan-hoa-cfu-assay.jpg","contentUrl":"https:\/\/biogroupvietnam.com\/wp-content\/uploads\/2025\/08\/stemvision-giai-phap-tu-dong-hoa-va-chuan-hoa-cfu-assay.jpg","width":1640,"height":1260,"caption":"STEMvision\u2122 \u2013 Gi\u1ea3i ph\u00e1p t\u1ef1 \u0111\u1ed9ng h\u00f3a v\u00e0 chu\u1ea9n h\u00f3a CFU Assay"},{"@type":"BreadcrumbList","@id":"https:\/\/biogroupvietnam.com\/en\/product\/stemvision\/#breadcrumb","itemListElement":[{"@type":"ListItem","position":1,"name":"Biogroup Vietnam | End-to-End Biotechnology Solutions","item":"https:\/\/biogroupvietnam.com\/vi\/"},{"@type":"ListItem","position":2,"name":"Product","item":"https:\/\/biogroupvietnam.com\/vi\/san-pham\/"},{"@type":"ListItem","position":3,"name":"Bioassays","item":"https:\/\/biogroupvietnam.com\/vi\/danh-muc-san-pham\/xet-nghiem-sinh-hoc\/"},{"@type":"ListItem","position":4,"name":"CFU Assay","item":"https:\/\/biogroupvietnam.com\/vi\/danh-muc-san-pham\/thu-nghiem-cfu\/"},{"@type":"ListItem","position":5,"name":"STEMvision\u2122 \u2013 Automated and Standardized Solution for CFU Assay"}]},{"@type":"WebSite","@id":"https:\/\/biogroupvietnam.com\/en\/vi\/#website","url":"https:\/\/biogroupvietnam.com\/en\/vi\/","name":"Biogroup Vietnam","description":"Biogroup Vietnam cung c\u1ea5p d\u1ecbch v\u1ee5 k\u1ef9 thu\u1eadt c\u00f9ng thi\u1ebft b\u1ecb, v\u1eadt t\u01b0, h\u00f3a ch\u1ea5t v\u00e0 gi\u1ea3i ph\u00e1p sinh h\u1ecdc cho ph\u00f2ng th\u00ed nghi\u1ec7m c\u00f4ng ngh\u1ec7 sinh h\u1ecdc, y sinh v\u00e0 y h\u1ecdc t\u00e1i t\u1ea1o.","potentialAction":[{"@type":"SearchAction","target":{"@type":"EntryPoint","urlTemplate":"https:\/\/biogroupvietnam.com\/en\/vi\/?s={search_term_string}"},"query-input":{"@type":"PropertyValueSpecification","valueRequired":true,"valueName":"search_term_string"}}],"inLanguage":"en-US"}]}},"_links":{"self":[{"href":"https:\/\/biogroupvietnam.com\/en\/wp-json\/wp\/v2\/product\/3737","targetHints":{"allow":["GET"]}}],"collection":[{"href":"https:\/\/biogroupvietnam.com\/en\/wp-json\/wp\/v2\/product"}],"about":[{"href":"https:\/\/biogroupvietnam.com\/en\/wp-json\/wp\/v2\/types\/product"}],"replies":[{"embeddable":true,"href":"https:\/\/biogroupvietnam.com\/en\/wp-json\/wp\/v2\/comments?post=3737"}],"version-history":[{"count":5,"href":"https:\/\/biogroupvietnam.com\/en\/wp-json\/wp\/v2\/product\/3737\/revisions"}],"predecessor-version":[{"id":8653,"href":"https:\/\/biogroupvietnam.com\/en\/wp-json\/wp\/v2\/product\/3737\/revisions\/8653"}],"wp:featuredmedia":[{"embeddable":true,"href":"https:\/\/biogroupvietnam.com\/en\/wp-json\/wp\/v2\/media\/10221"}],"wp:attachment":[{"href":"https:\/\/biogroupvietnam.com\/en\/wp-json\/wp\/v2\/media?parent=3737"}],"wp:term":[{"taxonomy":"product_brand","embeddable":true,"href":"https:\/\/biogroupvietnam.com\/en\/wp-json\/wp\/v2\/product_brand?post=3737"},{"taxonomy":"product_cat","embeddable":true,"href":"https:\/\/biogroupvietnam.com\/en\/wp-json\/wp\/v2\/product_cat?post=3737"},{"taxonomy":"product_tag","embeddable":true,"href":"https:\/\/biogroupvietnam.com\/en\/wp-json\/wp\/v2\/product_tag?post=3737"}],"curies":[{"name":"wp","href":"https:\/\/api.w.org\/{rel}","templated":true}]}}