{"id":3738,"date":"2025-08-18T19:52:47","date_gmt":"2025-08-18T12:52:47","guid":{"rendered":"http:\/\/biogroupvietnam-worldpress.local\/product\/import-placeholder-for-88\/"},"modified":"2026-03-12T17:41:40","modified_gmt":"2026-03-12T10:41:40","slug":"hat-sac-ky-ai-luc-sepapure-tag-affinity","status":"publish","type":"product","link":"https:\/\/biogroupvietnam.com\/en\/product\/sepapure-resins-for-tag-affinity-chromatography\/","title":{"rendered":"Sepapure Resins For Tag-Affinity Chromatography"},"content":{"rendered":"<p><a href=\"https:\/\/www.knauer.net\/columns-fplc-columns\">Sepapure Resins For Tag-Affinity Chromatography<\/a><\/p>\n<p>FPLC media based on cross-linked agarose beads with a mean diameter of 100 \u03bcm. The FPLC media is functionalized with NTA ligands for His-Tag and glutathione ligands for GST-Tag purifications.<\/p>\n<h3><strong>Properties<\/strong><\/h3>\n<p>Sepapure\u00ae Affinity media for recombinantly tagged proteins is designed to be used with most aqueous buffer systems. It is long lasting when correctly handled and compatible with common CIP strategies. All Sepapure\u00ae media is stored in 20 % ethanol upon delivery.<\/p>\n<h3><strong>Technical data<\/strong><\/h3>\n<p>Agarose beads with typical loading ranges of 1 &#8211; 40 mg\/l (Ni-NTA) or 1 &#8211; 10 mg\/ml (Glutathione). The maximum operating pressure the Sepapure\u00ae columns should be used at is 3 bar, while the recommended flowrate is 1 CV\/ml.<\/p>\n<h3><strong>Recommended application areas<\/strong><\/h3>\n<p>Typically used in the first step (\u201ecapture\u201c) of an FPLC purification procedure.<\/p>\n<h3><strong>Order information<\/strong><\/h3>\n<p>Available as prepacked 1 ml or 5 ml cartridge or as bulk material.<\/p>\n<ul>\n<li>Sepapure FF Ni-NTA for His-tag purification<\/li>\n<li>Sepapure FF4 Glutathione for GST-tag purification<\/li>\n<li>Other packaging sizes (optional): 25 mL, 100 mL, 250 mL, 500 mL and 1000 mL.<\/li>\n<\/ul>\n","protected":false},"excerpt":{"rendered":"<p>Sepapure Resins For Tag-Affinity Chromatography FPLC media based on cross-linked agarose beads with a mean diameter of 100 \u03bcm. The FPLC media is functionalized with NTA ligands for His-Tag and glutathione ligands for GST-Tag purifications. Properties Sepapure\u00ae Affinity media for recombinantly tagged proteins is designed to be used with most aqueous buffer systems. It is<\/p>\n<div class=\"klb-readmore post-buttons\"><a class=\"button rounded primary\" href=\"https:\/\/biogroupvietnam.com\/en\/product\/sepapure-resins-for-tag-affinity-chromatography\/\">Read More <i class=\"klbth-icon-right-arrow\"><\/i><\/a><\/div>\n","protected":false},"featured_media":9975,"comment_status":"closed","ping_status":"closed","template":"","meta":{"_acf_changed":false},"product_brand":[137],"product_cat":[119],"product_tag":[],"class_list":{"0":"post-3738","1":"product","2":"type-product","3":"status-publish","4":"has-post-thumbnail","6":"product_brand-knauer","7":"product_cat-protein-purifications","9":"first","10":"outofstock","11":"shipping-taxable","12":"product-type-simple"},"acf":[],"yoast_head":"<!-- This site is optimized with the Yoast SEO plugin v26.8 - https:\/\/yoast.com\/product\/yoast-seo-wordpress\/ -->\n<title>Sepapure Resins For Tag-Affinity Chromatography<\/title>\n<meta name=\"description\" content=\"Sepapure Resins For Tag-Affinity Chromatography FPLC media based on cross-linked agarose beads with a mean diameter of 100 \u03bcm. The FPLC media is functionalized with NTA ligands for His-Tag and glutathione ligands for GST-Tag purifications. Properties Sepapure\u00ae Affinity media for recombinantly tagged proteins is designed to be used with most aqueous buffer systems. It is&hellip;\" \/>\n<meta name=\"robots\" content=\"index, follow, max-snippet:-1, max-image-preview:large, max-video-preview:-1\" \/>\n<link rel=\"canonical\" href=\"http:\/\/Sepapure%20Resins%20For%20Tag-Affinity%20Chromatography%20FPLC%20media%20based%20on%20cross-linked%20agarose%20beads%20with%20a%20mean%20diameter%20of%20100%20\u03bcm.%20The%20FPLC%20media%20is%20functionalized%20with%20NTA%20ligands%20for%20His-Tag%20and%20glutathione%20ligands%20for%20GST-Tag%20purifications.%20Properties%20Sepapure\u00ae%20Affinity%20media%20for%20recombinantly%20tagged%20proteins%20is%20designed%20to%20be%20used%20with%20most%20aqueous%20buffer%20systems.%20It%20is&hellip;\" \/>\n<meta property=\"og:locale\" content=\"en_US\" \/>\n<meta property=\"og:type\" content=\"article\" \/>\n<meta property=\"og:title\" content=\"Sepapure Resins For Tag-Affinity Chromatography\" \/>\n<meta property=\"og:description\" content=\"Sepapure Resins For Tag-Affinity Chromatography FPLC media based on cross-linked agarose beads with a mean diameter of 100 \u03bcm. The FPLC media is functionalized with NTA ligands for His-Tag and glutathione ligands for GST-Tag purifications. Properties Sepapure\u00ae Affinity media for recombinantly tagged proteins is designed to be used with most aqueous buffer systems. It is&hellip;\" \/>\n<meta property=\"og:url\" content=\"https:\/\/biogroupvietnam.com\/en\/product\/sepapure-resins-for-tag-affinity-chromatography\/\" \/>\n<meta property=\"og:site_name\" content=\"Biogroup Vietnam\" \/>\n<meta property=\"article:modified_time\" content=\"2026-03-12T10:41:40+00:00\" \/>\n<meta property=\"og:image\" content=\"https:\/\/biogroupvietnam.com\/wp-content\/uploads\/2025\/08\/hat-sac-ky-ai-luc-sepapure-tag-affinity.jpg\" \/>\n\t<meta property=\"og:image:width\" content=\"1640\" \/>\n\t<meta property=\"og:image:height\" content=\"1260\" \/>\n\t<meta property=\"og:image:type\" content=\"image\/jpeg\" \/>\n<meta name=\"twitter:card\" content=\"summary_large_image\" \/>\n<meta name=\"twitter:label1\" content=\"Est. reading time\" \/>\n\t<meta name=\"twitter:data1\" content=\"2 minutes\" \/>\n<script type=\"application\/ld+json\" class=\"yoast-schema-graph\">{\"@context\":\"https:\/\/schema.org\",\"@graph\":[{\"@type\":\"WebPage\",\"@id\":\"https:\/\/biogroupvietnam.com\/en\/product\/sepapure-resins-for-tag-affinity-chromatography\/\",\"url\":\"https:\/\/biogroupvietnam.com\/en\/product\/sepapure-resins-for-tag-affinity-chromatography\/\",\"name\":\"H\u1ea1t S\u1eafc K\u00fd \u00c1i L\u1ef1c Sepapure\u00ae Tag-Affinity\",\"isPartOf\":{\"@id\":\"https:\/\/biogroupvietnam.com\/vi\/#website\"},\"primaryImageOfPage\":{\"@id\":\"https:\/\/biogroupvietnam.com\/en\/product\/sepapure-resins-for-tag-affinity-chromatography\/#primaryimage\"},\"image\":{\"@id\":\"https:\/\/biogroupvietnam.com\/en\/product\/sepapure-resins-for-tag-affinity-chromatography\/#primaryimage\"},\"thumbnailUrl\":\"https:\/\/biogroupvietnam.com\/wp-content\/uploads\/2025\/08\/hat-sac-ky-ai-luc-sepapure-tag-affinity.jpg\",\"datePublished\":\"2025-08-18T12:52:47+00:00\",\"dateModified\":\"2026-03-12T10:41:40+00:00\",\"description\":\"M\u00f4i tr\u01b0\u1eddng s\u1eafc k\u00fd FPLC cho ph\u01b0\u01a1ng ph\u00e1p s\u1eafc k\u00fd \u0111u\u00f4i \u00e1i l\u1ef1c (Tag-Affinity) d\u1ef1a tr\u00ean c\u00e1c h\u1ea1t agarose li\u00ean k\u1ebft ch\u00e9o, v\u1edbi \u0111\u01b0\u1eddng k\u00ednh trung b\u00ecnh 100 \u03bcm.\",\"breadcrumb\":{\"@id\":\"https:\/\/biogroupvietnam.com\/en\/product\/sepapure-resins-for-tag-affinity-chromatography\/#breadcrumb\"},\"inLanguage\":\"en-US\",\"potentialAction\":[{\"@type\":\"ReadAction\",\"target\":[\"https:\/\/biogroupvietnam.com\/en\/product\/sepapure-resins-for-tag-affinity-chromatography\/\"]}]},{\"@type\":\"ImageObject\",\"inLanguage\":\"en-US\",\"@id\":\"https:\/\/biogroupvietnam.com\/en\/product\/sepapure-resins-for-tag-affinity-chromatography\/#primaryimage\",\"url\":\"https:\/\/biogroupvietnam.com\/wp-content\/uploads\/2025\/08\/hat-sac-ky-ai-luc-sepapure-tag-affinity.jpg\",\"contentUrl\":\"https:\/\/biogroupvietnam.com\/wp-content\/uploads\/2025\/08\/hat-sac-ky-ai-luc-sepapure-tag-affinity.jpg\",\"width\":1640,\"height\":1260,\"caption\":\"H\u1ea1t S\u1eafc K\u00fd \u00c1i L\u1ef1c Sepapure\u00ae Tag-Affinity\"},{\"@type\":\"BreadcrumbList\",\"@id\":\"https:\/\/biogroupvietnam.com\/en\/product\/sepapure-resins-for-tag-affinity-chromatography\/#breadcrumb\",\"itemListElement\":[{\"@type\":\"ListItem\",\"position\":1,\"name\":\"Biogroup Vietnam | End-to-End Biotechnology Solutions\",\"item\":\"https:\/\/biogroupvietnam.com\/vi\/\"},{\"@type\":\"ListItem\",\"position\":2,\"name\":\"Product\",\"item\":\"https:\/\/biogroupvietnam.com\/vi\/san-pham\/\"},{\"@type\":\"ListItem\",\"position\":3,\"name\":\"Biological R&D\",\"item\":\"https:\/\/biogroupvietnam.com\/vi\/danh-muc-san-pham\/rd-sinh-hoc\/\"},{\"@type\":\"ListItem\",\"position\":4,\"name\":\"Protein Purifications\",\"item\":\"https:\/\/biogroupvietnam.com\/vi\/danh-muc-san-pham\/tinh-che-protein\/\"},{\"@type\":\"ListItem\",\"position\":5,\"name\":\"Sepapure Resins For Tag-Affinity Chromatography\"}]},{\"@type\":\"WebSite\",\"@id\":\"https:\/\/biogroupvietnam.com\/en\/vi\/#website\",\"url\":\"https:\/\/biogroupvietnam.com\/en\/vi\/\",\"name\":\"Biogroup Vietnam\",\"description\":\"Biogroup Vietnam cung c\u1ea5p d\u1ecbch v\u1ee5 k\u1ef9 thu\u1eadt c\u00f9ng thi\u1ebft b\u1ecb, v\u1eadt t\u01b0, h\u00f3a ch\u1ea5t v\u00e0 gi\u1ea3i ph\u00e1p sinh h\u1ecdc cho ph\u00f2ng th\u00ed nghi\u1ec7m c\u00f4ng ngh\u1ec7 sinh h\u1ecdc, y sinh v\u00e0 y h\u1ecdc t\u00e1i t\u1ea1o.\",\"potentialAction\":[{\"@type\":\"SearchAction\",\"target\":{\"@type\":\"EntryPoint\",\"urlTemplate\":\"https:\/\/biogroupvietnam.com\/en\/vi\/?s={search_term_string}\"},\"query-input\":{\"@type\":\"PropertyValueSpecification\",\"valueRequired\":true,\"valueName\":\"search_term_string\"}}],\"inLanguage\":\"en-US\"}]}<\/script>\n<!-- \/ Yoast SEO plugin. -->","yoast_head_json":{"title":"Sepapure Resins For Tag-Affinity Chromatography","description":"Sepapure Resins For Tag-Affinity Chromatography FPLC media based on cross-linked agarose beads with a mean diameter of 100 \u03bcm. The FPLC media is functionalized with NTA ligands for His-Tag and glutathione ligands for GST-Tag purifications. Properties Sepapure\u00ae Affinity media for recombinantly tagged proteins is designed to be used with most aqueous buffer systems. It is&hellip;","robots":{"index":"index","follow":"follow","max-snippet":"max-snippet:-1","max-image-preview":"max-image-preview:large","max-video-preview":"max-video-preview:-1"},"canonical":"Sepapure Resins For Tag-Affinity Chromatography FPLC media based on cross-linked agarose beads with a mean diameter of 100 \u03bcm. The FPLC media is functionalized with NTA ligands for His-Tag and glutathione ligands for GST-Tag purifications. Properties Sepapure\u00ae Affinity media for recombinantly tagged proteins is designed to be used with most aqueous buffer systems. It is&hellip;","og_locale":"en_US","og_type":"article","og_title":"Sepapure Resins For Tag-Affinity Chromatography","og_description":"Sepapure Resins For Tag-Affinity Chromatography FPLC media based on cross-linked agarose beads with a mean diameter of 100 \u03bcm. The FPLC media is functionalized with NTA ligands for His-Tag and glutathione ligands for GST-Tag purifications. Properties Sepapure\u00ae Affinity media for recombinantly tagged proteins is designed to be used with most aqueous buffer systems. It is&hellip;","og_url":"https:\/\/biogroupvietnam.com\/en\/product\/sepapure-resins-for-tag-affinity-chromatography\/","og_site_name":"Biogroup Vietnam","article_modified_time":"2026-03-12T10:41:40+00:00","og_image":[{"width":1640,"height":1260,"url":"https:\/\/biogroupvietnam.com\/wp-content\/uploads\/2025\/08\/hat-sac-ky-ai-luc-sepapure-tag-affinity.jpg","type":"image\/jpeg"}],"twitter_card":"summary_large_image","twitter_misc":{"Est. reading time":"2 minutes"},"schema":{"@context":"https:\/\/schema.org","@graph":[{"@type":"WebPage","@id":"https:\/\/biogroupvietnam.com\/en\/product\/sepapure-resins-for-tag-affinity-chromatography\/","url":"https:\/\/biogroupvietnam.com\/en\/product\/sepapure-resins-for-tag-affinity-chromatography\/","name":"H\u1ea1t S\u1eafc K\u00fd \u00c1i L\u1ef1c Sepapure\u00ae Tag-Affinity","isPartOf":{"@id":"https:\/\/biogroupvietnam.com\/vi\/#website"},"primaryImageOfPage":{"@id":"https:\/\/biogroupvietnam.com\/en\/product\/sepapure-resins-for-tag-affinity-chromatography\/#primaryimage"},"image":{"@id":"https:\/\/biogroupvietnam.com\/en\/product\/sepapure-resins-for-tag-affinity-chromatography\/#primaryimage"},"thumbnailUrl":"https:\/\/biogroupvietnam.com\/wp-content\/uploads\/2025\/08\/hat-sac-ky-ai-luc-sepapure-tag-affinity.jpg","datePublished":"2025-08-18T12:52:47+00:00","dateModified":"2026-03-12T10:41:40+00:00","description":"M\u00f4i tr\u01b0\u1eddng s\u1eafc k\u00fd FPLC cho ph\u01b0\u01a1ng ph\u00e1p s\u1eafc k\u00fd \u0111u\u00f4i \u00e1i l\u1ef1c (Tag-Affinity) d\u1ef1a tr\u00ean c\u00e1c h\u1ea1t agarose li\u00ean k\u1ebft ch\u00e9o, v\u1edbi \u0111\u01b0\u1eddng k\u00ednh trung b\u00ecnh 100 \u03bcm.","breadcrumb":{"@id":"https:\/\/biogroupvietnam.com\/en\/product\/sepapure-resins-for-tag-affinity-chromatography\/#breadcrumb"},"inLanguage":"en-US","potentialAction":[{"@type":"ReadAction","target":["https:\/\/biogroupvietnam.com\/en\/product\/sepapure-resins-for-tag-affinity-chromatography\/"]}]},{"@type":"ImageObject","inLanguage":"en-US","@id":"https:\/\/biogroupvietnam.com\/en\/product\/sepapure-resins-for-tag-affinity-chromatography\/#primaryimage","url":"https:\/\/biogroupvietnam.com\/wp-content\/uploads\/2025\/08\/hat-sac-ky-ai-luc-sepapure-tag-affinity.jpg","contentUrl":"https:\/\/biogroupvietnam.com\/wp-content\/uploads\/2025\/08\/hat-sac-ky-ai-luc-sepapure-tag-affinity.jpg","width":1640,"height":1260,"caption":"H\u1ea1t S\u1eafc K\u00fd \u00c1i L\u1ef1c Sepapure\u00ae Tag-Affinity"},{"@type":"BreadcrumbList","@id":"https:\/\/biogroupvietnam.com\/en\/product\/sepapure-resins-for-tag-affinity-chromatography\/#breadcrumb","itemListElement":[{"@type":"ListItem","position":1,"name":"Biogroup Vietnam | End-to-End Biotechnology Solutions","item":"https:\/\/biogroupvietnam.com\/vi\/"},{"@type":"ListItem","position":2,"name":"Product","item":"https:\/\/biogroupvietnam.com\/vi\/san-pham\/"},{"@type":"ListItem","position":3,"name":"Biological R&D","item":"https:\/\/biogroupvietnam.com\/vi\/danh-muc-san-pham\/rd-sinh-hoc\/"},{"@type":"ListItem","position":4,"name":"Protein Purifications","item":"https:\/\/biogroupvietnam.com\/vi\/danh-muc-san-pham\/tinh-che-protein\/"},{"@type":"ListItem","position":5,"name":"Sepapure Resins For Tag-Affinity Chromatography"}]},{"@type":"WebSite","@id":"https:\/\/biogroupvietnam.com\/en\/vi\/#website","url":"https:\/\/biogroupvietnam.com\/en\/vi\/","name":"Biogroup Vietnam","description":"Biogroup Vietnam cung c\u1ea5p d\u1ecbch v\u1ee5 k\u1ef9 thu\u1eadt c\u00f9ng thi\u1ebft b\u1ecb, v\u1eadt t\u01b0, h\u00f3a ch\u1ea5t v\u00e0 gi\u1ea3i ph\u00e1p sinh h\u1ecdc cho ph\u00f2ng th\u00ed nghi\u1ec7m c\u00f4ng ngh\u1ec7 sinh h\u1ecdc, y sinh v\u00e0 y h\u1ecdc t\u00e1i t\u1ea1o.","potentialAction":[{"@type":"SearchAction","target":{"@type":"EntryPoint","urlTemplate":"https:\/\/biogroupvietnam.com\/en\/vi\/?s={search_term_string}"},"query-input":{"@type":"PropertyValueSpecification","valueRequired":true,"valueName":"search_term_string"}}],"inLanguage":"en-US"}]}},"_links":{"self":[{"href":"https:\/\/biogroupvietnam.com\/en\/wp-json\/wp\/v2\/product\/3738","targetHints":{"allow":["GET"]}}],"collection":[{"href":"https:\/\/biogroupvietnam.com\/en\/wp-json\/wp\/v2\/product"}],"about":[{"href":"https:\/\/biogroupvietnam.com\/en\/wp-json\/wp\/v2\/types\/product"}],"replies":[{"embeddable":true,"href":"https:\/\/biogroupvietnam.com\/en\/wp-json\/wp\/v2\/comments?post=3738"}],"version-history":[{"count":4,"href":"https:\/\/biogroupvietnam.com\/en\/wp-json\/wp\/v2\/product\/3738\/revisions"}],"predecessor-version":[{"id":9976,"href":"https:\/\/biogroupvietnam.com\/en\/wp-json\/wp\/v2\/product\/3738\/revisions\/9976"}],"wp:featuredmedia":[{"embeddable":true,"href":"https:\/\/biogroupvietnam.com\/en\/wp-json\/wp\/v2\/media\/9975"}],"wp:attachment":[{"href":"https:\/\/biogroupvietnam.com\/en\/wp-json\/wp\/v2\/media?parent=3738"}],"wp:term":[{"taxonomy":"product_brand","embeddable":true,"href":"https:\/\/biogroupvietnam.com\/en\/wp-json\/wp\/v2\/product_brand?post=3738"},{"taxonomy":"product_cat","embeddable":true,"href":"https:\/\/biogroupvietnam.com\/en\/wp-json\/wp\/v2\/product_cat?post=3738"},{"taxonomy":"product_tag","embeddable":true,"href":"https:\/\/biogroupvietnam.com\/en\/wp-json\/wp\/v2\/product_tag?post=3738"}],"curies":[{"name":"wp","href":"https:\/\/api.w.org\/{rel}","templated":true}]}}