{"id":3741,"date":"2025-08-18T19:52:48","date_gmt":"2025-08-18T12:52:48","guid":{"rendered":"http:\/\/biogroupvietnam-worldpress.local\/product\/import-placeholder-for-91\/"},"modified":"2026-01-12T16:36:59","modified_gmt":"2026-01-12T09:36:59","slug":"binh-mve-cryoshipper","status":"publish","type":"product","link":"https:\/\/biogroupvietnam.com\/en\/product\/mve-vapor-shipper-series\/","title":{"rendered":"MVE Vapor Shipper Series"},"content":{"rendered":"<p>The <a href=\"https:\/\/mvebio.com\/aluminum-dewars\/mve-vapor-shipper-series\/\">MVE Vapor Shipper Series<\/a> is designed for the safe transportation of biological samples at cryogenic (-150\u00b0C or colder) temperatures. Range of Options for Safe Domestic and International Transportation of Biological Samples and Blood Bags.<\/p>\n","protected":false},"excerpt":{"rendered":"<p>The MVE Vapor Shipper Series is designed for the safe transportation of biological samples at cryogenic (-150\u00b0C or colder) temperatures. Range of Options for Safe Domestic and International Transportation of Biological Samples and Blood Bags.<\/p>\n","protected":false},"featured_media":9063,"comment_status":"closed","ping_status":"closed","template":"","meta":{"_acf_changed":false},"product_brand":[128],"product_cat":[94],"product_tag":[],"class_list":{"0":"post-3741","1":"product","2":"type-product","3":"status-publish","4":"has-post-thumbnail","6":"product_brand-mve-biological-solutions","7":"product_cat-cryoshippers-for-biological-samples","9":"first","10":"outofstock","11":"shipping-taxable","12":"product-type-simple"},"acf":[],"yoast_head":"<!-- This site is optimized with the Yoast SEO plugin v26.8 - https:\/\/yoast.com\/product\/yoast-seo-wordpress\/ -->\n<title>MVE Vapor Shipper Series<\/title>\n<meta name=\"description\" content=\"The MVE Vapor Shipper Series is designed for the safe transportation of biological samples at cryogenic (-150\u00b0C or colder) temperatures. Range of Options for Safe Domestic and International Transportation of Biological Samples and Blood Bags.\" \/>\n<meta name=\"robots\" content=\"index, follow, max-snippet:-1, max-image-preview:large, max-video-preview:-1\" \/>\n<link rel=\"canonical\" href=\"http:\/\/The%20MVE%20Vapor%20Shipper%20Series%20is%20designed%20for%20the%20safe%20transportation%20of%20biological%20samples%20at%20cryogenic%20(-150\u00b0C%20or%20colder)%20temperatures.%20Range%20of%20Options%20for%20Safe%20Domestic%20and%20International%20Transportation%20of%20Biological%20Samples%20and%20Blood%20Bags.\" \/>\n<meta property=\"og:locale\" content=\"en_US\" \/>\n<meta property=\"og:type\" content=\"article\" \/>\n<meta property=\"og:title\" content=\"MVE Vapor Shipper Series\" \/>\n<meta property=\"og:description\" content=\"The MVE Vapor Shipper Series is designed for the safe transportation of biological samples at cryogenic (-150\u00b0C or colder) temperatures. Range of Options for Safe Domestic and International Transportation of Biological Samples and Blood Bags.\" \/>\n<meta property=\"og:url\" content=\"https:\/\/biogroupvietnam.com\/en\/product\/mve-vapor-shipper-series\/\" \/>\n<meta property=\"og:site_name\" content=\"Biogroup Vietnam\" \/>\n<meta property=\"article:modified_time\" content=\"2026-01-12T09:36:59+00:00\" \/>\n<meta property=\"og:image\" content=\"https:\/\/biogroupvietnam.com\/wp-content\/uploads\/2025\/08\/MVE-Vapor-Shipper-Series.jpg\" \/>\n\t<meta property=\"og:image:width\" content=\"1640\" \/>\n\t<meta property=\"og:image:height\" content=\"1260\" \/>\n\t<meta property=\"og:image:type\" content=\"image\/jpeg\" \/>\n<meta name=\"twitter:card\" content=\"summary_large_image\" \/>\n<meta name=\"twitter:label1\" content=\"Est. reading time\" \/>\n\t<meta name=\"twitter:data1\" content=\"4 minutes\" \/>\n<script type=\"application\/ld+json\" class=\"yoast-schema-graph\">{\"@context\":\"https:\/\/schema.org\",\"@graph\":[{\"@type\":\"WebPage\",\"@id\":\"https:\/\/biogroupvietnam.com\/en\/product\/mve-vapor-shipper-series\/\",\"url\":\"https:\/\/biogroupvietnam.com\/en\/product\/mve-vapor-shipper-series\/\",\"name\":\"B\u00ecnh V\u1eadn Chuy\u1ec3n M\u1eabu MVE CryoShipper\",\"isPartOf\":{\"@id\":\"https:\/\/biogroupvietnam.com\/vi\/#website\"},\"primaryImageOfPage\":{\"@id\":\"https:\/\/biogroupvietnam.com\/en\/product\/mve-vapor-shipper-series\/#primaryimage\"},\"image\":{\"@id\":\"https:\/\/biogroupvietnam.com\/en\/product\/mve-vapor-shipper-series\/#primaryimage\"},\"thumbnailUrl\":\"https:\/\/biogroupvietnam.com\/wp-content\/uploads\/2025\/08\/MVE-Vapor-Shipper-Series.jpg\",\"datePublished\":\"2025-08-18T12:52:48+00:00\",\"dateModified\":\"2026-01-12T09:36:59+00:00\",\"description\":\"C\u00e1c d\u00f2ng b\u00ecnh MVE Cryoshipper \u0111\u01b0\u1ee3c thi\u1ebft k\u1ebf \u0111\u1ec3 v\u1eadn chuy\u1ec3n an to\u00e0n c\u00e1c m\u1eabu sinh h\u1ecdc trong nit\u01a1 l\u1ecfng \u1edf pha h\u01a1i (nhi\u1ec7t \u0111\u1ed9 \u0111\u00f4ng l\u1ea1nh \u0111\u1ea1t -150\u00b0C ho\u1eb7c l\u1ea1nh h\u01a1n.\",\"breadcrumb\":{\"@id\":\"https:\/\/biogroupvietnam.com\/en\/product\/mve-vapor-shipper-series\/#breadcrumb\"},\"inLanguage\":\"en-US\",\"potentialAction\":[{\"@type\":\"ReadAction\",\"target\":[\"https:\/\/biogroupvietnam.com\/en\/product\/mve-vapor-shipper-series\/\"]}]},{\"@type\":\"ImageObject\",\"inLanguage\":\"en-US\",\"@id\":\"https:\/\/biogroupvietnam.com\/en\/product\/mve-vapor-shipper-series\/#primaryimage\",\"url\":\"https:\/\/biogroupvietnam.com\/wp-content\/uploads\/2025\/08\/MVE-Vapor-Shipper-Series.jpg\",\"contentUrl\":\"https:\/\/biogroupvietnam.com\/wp-content\/uploads\/2025\/08\/MVE-Vapor-Shipper-Series.jpg\",\"width\":1640,\"height\":1260},{\"@type\":\"BreadcrumbList\",\"@id\":\"https:\/\/biogroupvietnam.com\/en\/product\/mve-vapor-shipper-series\/#breadcrumb\",\"itemListElement\":[{\"@type\":\"ListItem\",\"position\":1,\"name\":\"Biogroup Vietnam | End-to-End Biotechnology Solutions\",\"item\":\"https:\/\/biogroupvietnam.com\/vi\/\"},{\"@type\":\"ListItem\",\"position\":2,\"name\":\"Product\",\"item\":\"https:\/\/biogroupvietnam.com\/vi\/san-pham\/\"},{\"@type\":\"ListItem\",\"position\":3,\"name\":\"Cellular Cryopreservation\",\"item\":\"https:\/\/biogroupvietnam.com\/vi\/danh-muc-san-pham\/bao-quan-lanh-te-bao\/\"},{\"@type\":\"ListItem\",\"position\":4,\"name\":\"CryoShippers for Biological Samples\",\"item\":\"https:\/\/biogroupvietnam.com\/vi\/danh-muc-san-pham\/binh-chuyen-mau-dong-lanh\/\"},{\"@type\":\"ListItem\",\"position\":5,\"name\":\"MVE Vapor Shipper Series\"}]},{\"@type\":\"WebSite\",\"@id\":\"https:\/\/biogroupvietnam.com\/en\/vi\/#website\",\"url\":\"https:\/\/biogroupvietnam.com\/en\/vi\/\",\"name\":\"Biogroup Vietnam\",\"description\":\"Biogroup Vietnam cung c\u1ea5p d\u1ecbch v\u1ee5 k\u1ef9 thu\u1eadt c\u00f9ng thi\u1ebft b\u1ecb, v\u1eadt t\u01b0, h\u00f3a ch\u1ea5t v\u00e0 gi\u1ea3i ph\u00e1p sinh h\u1ecdc cho ph\u00f2ng th\u00ed nghi\u1ec7m c\u00f4ng ngh\u1ec7 sinh h\u1ecdc, y sinh v\u00e0 y h\u1ecdc t\u00e1i t\u1ea1o.\",\"potentialAction\":[{\"@type\":\"SearchAction\",\"target\":{\"@type\":\"EntryPoint\",\"urlTemplate\":\"https:\/\/biogroupvietnam.com\/en\/vi\/?s={search_term_string}\"},\"query-input\":{\"@type\":\"PropertyValueSpecification\",\"valueRequired\":true,\"valueName\":\"search_term_string\"}}],\"inLanguage\":\"en-US\"}]}<\/script>\n<!-- \/ Yoast SEO plugin. -->","yoast_head_json":{"title":"MVE Vapor Shipper Series","description":"The MVE Vapor Shipper Series is designed for the safe transportation of biological samples at cryogenic (-150\u00b0C or colder) temperatures. Range of Options for Safe Domestic and International Transportation of Biological Samples and Blood Bags.","robots":{"index":"index","follow":"follow","max-snippet":"max-snippet:-1","max-image-preview":"max-image-preview:large","max-video-preview":"max-video-preview:-1"},"canonical":"The MVE Vapor Shipper Series is designed for the safe transportation of biological samples at cryogenic (-150\u00b0C or colder) temperatures. Range of Options for Safe Domestic and International Transportation of Biological Samples and Blood Bags.","og_locale":"en_US","og_type":"article","og_title":"MVE Vapor Shipper Series","og_description":"The MVE Vapor Shipper Series is designed for the safe transportation of biological samples at cryogenic (-150\u00b0C or colder) temperatures. Range of Options for Safe Domestic and International Transportation of Biological Samples and Blood Bags.","og_url":"https:\/\/biogroupvietnam.com\/en\/product\/mve-vapor-shipper-series\/","og_site_name":"Biogroup Vietnam","article_modified_time":"2026-01-12T09:36:59+00:00","og_image":[{"width":1640,"height":1260,"url":"https:\/\/biogroupvietnam.com\/wp-content\/uploads\/2025\/08\/MVE-Vapor-Shipper-Series.jpg","type":"image\/jpeg"}],"twitter_card":"summary_large_image","twitter_misc":{"Est. reading time":"4 minutes"},"schema":{"@context":"https:\/\/schema.org","@graph":[{"@type":"WebPage","@id":"https:\/\/biogroupvietnam.com\/en\/product\/mve-vapor-shipper-series\/","url":"https:\/\/biogroupvietnam.com\/en\/product\/mve-vapor-shipper-series\/","name":"B\u00ecnh V\u1eadn Chuy\u1ec3n M\u1eabu MVE CryoShipper","isPartOf":{"@id":"https:\/\/biogroupvietnam.com\/vi\/#website"},"primaryImageOfPage":{"@id":"https:\/\/biogroupvietnam.com\/en\/product\/mve-vapor-shipper-series\/#primaryimage"},"image":{"@id":"https:\/\/biogroupvietnam.com\/en\/product\/mve-vapor-shipper-series\/#primaryimage"},"thumbnailUrl":"https:\/\/biogroupvietnam.com\/wp-content\/uploads\/2025\/08\/MVE-Vapor-Shipper-Series.jpg","datePublished":"2025-08-18T12:52:48+00:00","dateModified":"2026-01-12T09:36:59+00:00","description":"C\u00e1c d\u00f2ng b\u00ecnh MVE Cryoshipper \u0111\u01b0\u1ee3c thi\u1ebft k\u1ebf \u0111\u1ec3 v\u1eadn chuy\u1ec3n an to\u00e0n c\u00e1c m\u1eabu sinh h\u1ecdc trong nit\u01a1 l\u1ecfng \u1edf pha h\u01a1i (nhi\u1ec7t \u0111\u1ed9 \u0111\u00f4ng l\u1ea1nh \u0111\u1ea1t -150\u00b0C ho\u1eb7c l\u1ea1nh h\u01a1n.","breadcrumb":{"@id":"https:\/\/biogroupvietnam.com\/en\/product\/mve-vapor-shipper-series\/#breadcrumb"},"inLanguage":"en-US","potentialAction":[{"@type":"ReadAction","target":["https:\/\/biogroupvietnam.com\/en\/product\/mve-vapor-shipper-series\/"]}]},{"@type":"ImageObject","inLanguage":"en-US","@id":"https:\/\/biogroupvietnam.com\/en\/product\/mve-vapor-shipper-series\/#primaryimage","url":"https:\/\/biogroupvietnam.com\/wp-content\/uploads\/2025\/08\/MVE-Vapor-Shipper-Series.jpg","contentUrl":"https:\/\/biogroupvietnam.com\/wp-content\/uploads\/2025\/08\/MVE-Vapor-Shipper-Series.jpg","width":1640,"height":1260},{"@type":"BreadcrumbList","@id":"https:\/\/biogroupvietnam.com\/en\/product\/mve-vapor-shipper-series\/#breadcrumb","itemListElement":[{"@type":"ListItem","position":1,"name":"Biogroup Vietnam | End-to-End Biotechnology Solutions","item":"https:\/\/biogroupvietnam.com\/vi\/"},{"@type":"ListItem","position":2,"name":"Product","item":"https:\/\/biogroupvietnam.com\/vi\/san-pham\/"},{"@type":"ListItem","position":3,"name":"Cellular Cryopreservation","item":"https:\/\/biogroupvietnam.com\/vi\/danh-muc-san-pham\/bao-quan-lanh-te-bao\/"},{"@type":"ListItem","position":4,"name":"CryoShippers for Biological Samples","item":"https:\/\/biogroupvietnam.com\/vi\/danh-muc-san-pham\/binh-chuyen-mau-dong-lanh\/"},{"@type":"ListItem","position":5,"name":"MVE Vapor Shipper Series"}]},{"@type":"WebSite","@id":"https:\/\/biogroupvietnam.com\/en\/vi\/#website","url":"https:\/\/biogroupvietnam.com\/en\/vi\/","name":"Biogroup Vietnam","description":"Biogroup Vietnam cung c\u1ea5p d\u1ecbch v\u1ee5 k\u1ef9 thu\u1eadt c\u00f9ng thi\u1ebft b\u1ecb, v\u1eadt t\u01b0, h\u00f3a ch\u1ea5t v\u00e0 gi\u1ea3i ph\u00e1p sinh h\u1ecdc cho ph\u00f2ng th\u00ed nghi\u1ec7m c\u00f4ng ngh\u1ec7 sinh h\u1ecdc, y sinh v\u00e0 y h\u1ecdc t\u00e1i t\u1ea1o.","potentialAction":[{"@type":"SearchAction","target":{"@type":"EntryPoint","urlTemplate":"https:\/\/biogroupvietnam.com\/en\/vi\/?s={search_term_string}"},"query-input":{"@type":"PropertyValueSpecification","valueRequired":true,"valueName":"search_term_string"}}],"inLanguage":"en-US"}]}},"_links":{"self":[{"href":"https:\/\/biogroupvietnam.com\/en\/wp-json\/wp\/v2\/product\/3741","targetHints":{"allow":["GET"]}}],"collection":[{"href":"https:\/\/biogroupvietnam.com\/en\/wp-json\/wp\/v2\/product"}],"about":[{"href":"https:\/\/biogroupvietnam.com\/en\/wp-json\/wp\/v2\/types\/product"}],"replies":[{"embeddable":true,"href":"https:\/\/biogroupvietnam.com\/en\/wp-json\/wp\/v2\/comments?post=3741"}],"version-history":[{"count":5,"href":"https:\/\/biogroupvietnam.com\/en\/wp-json\/wp\/v2\/product\/3741\/revisions"}],"predecessor-version":[{"id":9509,"href":"https:\/\/biogroupvietnam.com\/en\/wp-json\/wp\/v2\/product\/3741\/revisions\/9509"}],"wp:featuredmedia":[{"embeddable":true,"href":"https:\/\/biogroupvietnam.com\/en\/wp-json\/wp\/v2\/media\/9063"}],"wp:attachment":[{"href":"https:\/\/biogroupvietnam.com\/en\/wp-json\/wp\/v2\/media?parent=3741"}],"wp:term":[{"taxonomy":"product_brand","embeddable":true,"href":"https:\/\/biogroupvietnam.com\/en\/wp-json\/wp\/v2\/product_brand?post=3741"},{"taxonomy":"product_cat","embeddable":true,"href":"https:\/\/biogroupvietnam.com\/en\/wp-json\/wp\/v2\/product_cat?post=3741"},{"taxonomy":"product_tag","embeddable":true,"href":"https:\/\/biogroupvietnam.com\/en\/wp-json\/wp\/v2\/product_tag?post=3741"}],"curies":[{"name":"wp","href":"https:\/\/api.w.org\/{rel}","templated":true}]}}