{"id":3742,"date":"2025-08-18T19:52:48","date_gmt":"2025-08-18T12:52:48","guid":{"rendered":"http:\/\/biogroupvietnam-worldpress.local\/product\/import-placeholder-for-92\/"},"modified":"2026-01-12T16:50:46","modified_gmt":"2026-01-12T09:50:46","slug":"binh-mve-heco-800","status":"publish","type":"product","link":"https:\/\/biogroupvietnam.com\/en\/product\/mve-heco-800-series\/","title":{"rendered":"MVE HEco\u2122 800 Series"},"content":{"rendered":"<h1 data-start=\"126\" data-end=\"193\"><strong data-start=\"130\" data-end=\"191\">MVE HEco\u2122 800 Series \u2013 High Efficiency Cryogenic Freezers<\/strong><\/h1>\n<h3 data-start=\"195\" data-end=\"543\">The <strong data-start=\"199\" data-end=\"223\">MVE HEco\u2122 800 Series<\/strong> represents the next generation of high-efficiency cryogenic freezers from <strong data-start=\"298\" data-end=\"326\">MVE Biological Solutions<\/strong>. Designed with a unique shroud system, streamlined LN\u2082 plumbing, and vacuum-jacketed transfer hoses, these freezers significantly reduce liquid nitrogen consumption while maintaining ultra-low storage temperatures.<\/h3>\n<p data-start=\"545\" data-end=\"1008\">With <strong data-start=\"550\" data-end=\"591\">top box temperatures reaching \u2212190 \u00b0C<\/strong>, fully enclosed electronics and plumbing for enhanced safety, and the option for <strong data-start=\"673\" data-end=\"695\">dry sample storage<\/strong>, the HEco\u2122 800 Series ensures maximum sample security, energy efficiency, and ease of use. Available in multiple sizes, the series provides <strong data-start=\"836\" data-end=\"889\">exceptional storage density of up to 19,500 vials<\/strong>, long hold times, and reliable performance for stem cell banks, IVF centers, hospitals, and cell therapy facilities.<\/p>\n<p data-start=\"1010\" data-end=\"1141\"><img decoding=\"async\" class=\"emoji\" role=\"img\" draggable=\"false\" src=\"https:\/\/s.w.org\/images\/core\/emoji\/16.0.1\/svg\/1f449.svg\" alt=\"\ud83d\udc49\" \/> <strong data-start=\"1013\" data-end=\"1139\">MVE HEco\u2122 800 Series \u2013 combining efficiency, safety, and global compliance for the most critical biological storage needs.<\/strong><\/p>\n","protected":false},"excerpt":{"rendered":"<p>MVE HEco\u2122 800 Series \u2013 High Efficiency Cryogenic Freezers The MVE HEco\u2122 800 Series represents the next generation of high-efficiency cryogenic freezers from MVE Biological Solutions. Designed with a unique shroud system, streamlined LN\u2082 plumbing, and vacuum-jacketed transfer hoses, these freezers significantly reduce liquid nitrogen consumption while maintaining ultra-low storage temperatures. With top box temperatures<\/p>\n<div class=\"klb-readmore post-buttons\"><a class=\"button rounded primary\" href=\"https:\/\/biogroupvietnam.com\/en\/product\/mve-heco-800-series\/\">Read More <i class=\"klbth-icon-right-arrow\"><\/i><\/a><\/div>\n","protected":false},"featured_media":9052,"comment_status":"closed","ping_status":"closed","template":"","meta":{"_acf_changed":false},"product_brand":[128],"product_cat":[95],"product_tag":[],"class_list":{"0":"post-3742","1":"product","2":"type-product","3":"status-publish","4":"has-post-thumbnail","6":"product_brand-mve-biological-solutions","7":"product_cat-cryogenic-freezers","9":"first","10":"outofstock","11":"shipping-taxable","12":"product-type-simple"},"acf":[],"yoast_head":"<!-- This site is optimized with the Yoast SEO plugin v26.8 - https:\/\/yoast.com\/product\/yoast-seo-wordpress\/ -->\n<title>MVE HEco\u2122 800 Series<\/title>\n<meta name=\"description\" content=\"MVE HEco\u2122 800 Series \u2013 High Efficiency Cryogenic Freezers The MVE HEco\u2122 800 Series represents the next generation of high-efficiency cryogenic freezers from MVE Biological Solutions. Designed with a unique shroud system, streamlined LN\u2082 plumbing, and vacuum-jacketed transfer hoses, these freezers significantly reduce liquid nitrogen consumption while maintaining ultra-low storage temperatures. With top box temperatures&hellip;\" \/>\n<meta name=\"robots\" content=\"index, follow, max-snippet:-1, max-image-preview:large, max-video-preview:-1\" \/>\n<link rel=\"canonical\" href=\"http:\/\/MVE%20HEco\u2122%20800%20Series%20\u2013%20High%20Efficiency%20Cryogenic%20Freezers%20The%20MVE%20HEco\u2122%20800%20Series%20represents%20the%20next%20generation%20of%20high-efficiency%20cryogenic%20freezers%20from%20MVE%20Biological%20Solutions.%20Designed%20with%20a%20unique%20shroud%20system,%20streamlined%20LN\u2082%20plumbing,%20and%20vacuum-jacketed%20transfer%20hoses,%20these%20freezers%20significantly%20reduce%20liquid%20nitrogen%20consumption%20while%20maintaining%20ultra-low%20storage%20temperatures.%20With%20top%20box%20temperatures&hellip;\" \/>\n<meta property=\"og:locale\" content=\"en_US\" \/>\n<meta property=\"og:type\" content=\"article\" \/>\n<meta property=\"og:title\" content=\"MVE HEco\u2122 800 Series\" \/>\n<meta property=\"og:description\" content=\"MVE HEco\u2122 800 Series \u2013 High Efficiency Cryogenic Freezers The MVE HEco\u2122 800 Series represents the next generation of high-efficiency cryogenic freezers from MVE Biological Solutions. Designed with a unique shroud system, streamlined LN\u2082 plumbing, and vacuum-jacketed transfer hoses, these freezers significantly reduce liquid nitrogen consumption while maintaining ultra-low storage temperatures. With top box temperatures&hellip;\" \/>\n<meta property=\"og:url\" content=\"https:\/\/biogroupvietnam.com\/en\/product\/mve-heco-800-series\/\" \/>\n<meta property=\"og:site_name\" content=\"Biogroup Vietnam\" \/>\n<meta property=\"article:modified_time\" content=\"2026-01-12T09:50:46+00:00\" \/>\n<meta property=\"og:image\" content=\"https:\/\/biogroupvietnam.com\/wp-content\/uploads\/2025\/08\/MVE-HEco\u2122-800-Series.jpg\" \/>\n\t<meta property=\"og:image:width\" content=\"1640\" \/>\n\t<meta property=\"og:image:height\" content=\"1260\" \/>\n\t<meta property=\"og:image:type\" content=\"image\/jpeg\" \/>\n<meta name=\"twitter:card\" content=\"summary_large_image\" \/>\n<meta name=\"twitter:label1\" content=\"Est. reading time\" \/>\n\t<meta name=\"twitter:data1\" content=\"4 minutes\" \/>\n<script type=\"application\/ld+json\" class=\"yoast-schema-graph\">{\"@context\":\"https:\/\/schema.org\",\"@graph\":[{\"@type\":\"WebPage\",\"@id\":\"https:\/\/biogroupvietnam.com\/en\/product\/mve-heco-800-series\/\",\"url\":\"https:\/\/biogroupvietnam.com\/en\/product\/mve-heco-800-series\/\",\"name\":\"B\u00ecnh L\u01b0u Tr\u1eef M\u1eabu MVE HEco\u2122 800\",\"isPartOf\":{\"@id\":\"https:\/\/biogroupvietnam.com\/vi\/#website\"},\"primaryImageOfPage\":{\"@id\":\"https:\/\/biogroupvietnam.com\/en\/product\/mve-heco-800-series\/#primaryimage\"},\"image\":{\"@id\":\"https:\/\/biogroupvietnam.com\/en\/product\/mve-heco-800-series\/#primaryimage\"},\"thumbnailUrl\":\"https:\/\/biogroupvietnam.com\/wp-content\/uploads\/2025\/08\/MVE-HEco\u2122-800-Series.jpg\",\"datePublished\":\"2025-08-18T12:52:48+00:00\",\"dateModified\":\"2026-01-12T09:50:46+00:00\",\"description\":\"D\u00f2ng b\u00ecnh MVE HEco\u2122 800 ti\u1ebft ki\u1ec7m nit\u01a1 l\u1ecfng, \u0111\u01b0\u1ee3c d\u00f9ng \u0111\u1ec3 l\u01b0u tr\u1eef m\u1eabu sinh h\u1ecdc trong pha h\u01a1i nit\u01a1 l\u1ecfng \u1edf nhi\u1ec7t \u0111\u1ed9 -190\u00b0C, c\u00f3 kh\u1ea3 n\u0103ng l\u01b0u tr\u1eef \u1ed1ng vial ho\u1eb7c t\u00fai \u0111\u00f4ng l\u1ea1nh t\u1ebf b\u00e0o\/ m\u00e1u \u1edf c\u00e1c th\u1ec3 t\u00edch kh\u00e1c nhau.\",\"breadcrumb\":{\"@id\":\"https:\/\/biogroupvietnam.com\/en\/product\/mve-heco-800-series\/#breadcrumb\"},\"inLanguage\":\"en-US\",\"potentialAction\":[{\"@type\":\"ReadAction\",\"target\":[\"https:\/\/biogroupvietnam.com\/en\/product\/mve-heco-800-series\/\"]}]},{\"@type\":\"ImageObject\",\"inLanguage\":\"en-US\",\"@id\":\"https:\/\/biogroupvietnam.com\/en\/product\/mve-heco-800-series\/#primaryimage\",\"url\":\"https:\/\/biogroupvietnam.com\/wp-content\/uploads\/2025\/08\/MVE-HEco\u2122-800-Series.jpg\",\"contentUrl\":\"https:\/\/biogroupvietnam.com\/wp-content\/uploads\/2025\/08\/MVE-HEco\u2122-800-Series.jpg\",\"width\":1640,\"height\":1260},{\"@type\":\"BreadcrumbList\",\"@id\":\"https:\/\/biogroupvietnam.com\/en\/product\/mve-heco-800-series\/#breadcrumb\",\"itemListElement\":[{\"@type\":\"ListItem\",\"position\":1,\"name\":\"Biogroup Vietnam | End-to-End Biotechnology Solutions\",\"item\":\"https:\/\/biogroupvietnam.com\/vi\/\"},{\"@type\":\"ListItem\",\"position\":2,\"name\":\"Product\",\"item\":\"https:\/\/biogroupvietnam.com\/vi\/san-pham\/\"},{\"@type\":\"ListItem\",\"position\":3,\"name\":\"Cellular Cryopreservation\",\"item\":\"https:\/\/biogroupvietnam.com\/vi\/danh-muc-san-pham\/bao-quan-lanh-te-bao\/\"},{\"@type\":\"ListItem\",\"position\":4,\"name\":\"Cryogenic Freezers\",\"item\":\"https:\/\/biogroupvietnam.com\/vi\/danh-muc-san-pham\/binh-inox-tru-mau-trong-nito-long\/\"},{\"@type\":\"ListItem\",\"position\":5,\"name\":\"MVE HEco\u2122 800 Series\"}]},{\"@type\":\"WebSite\",\"@id\":\"https:\/\/biogroupvietnam.com\/en\/vi\/#website\",\"url\":\"https:\/\/biogroupvietnam.com\/en\/vi\/\",\"name\":\"Biogroup Vietnam\",\"description\":\"Biogroup Vietnam cung c\u1ea5p d\u1ecbch v\u1ee5 k\u1ef9 thu\u1eadt c\u00f9ng thi\u1ebft b\u1ecb, v\u1eadt t\u01b0, h\u00f3a ch\u1ea5t v\u00e0 gi\u1ea3i ph\u00e1p sinh h\u1ecdc cho ph\u00f2ng th\u00ed nghi\u1ec7m c\u00f4ng ngh\u1ec7 sinh h\u1ecdc, y sinh v\u00e0 y h\u1ecdc t\u00e1i t\u1ea1o.\",\"potentialAction\":[{\"@type\":\"SearchAction\",\"target\":{\"@type\":\"EntryPoint\",\"urlTemplate\":\"https:\/\/biogroupvietnam.com\/en\/vi\/?s={search_term_string}\"},\"query-input\":{\"@type\":\"PropertyValueSpecification\",\"valueRequired\":true,\"valueName\":\"search_term_string\"}}],\"inLanguage\":\"en-US\"}]}<\/script>\n<!-- \/ Yoast SEO plugin. -->","yoast_head_json":{"title":"MVE HEco\u2122 800 Series","description":"MVE HEco\u2122 800 Series \u2013 High Efficiency Cryogenic Freezers The MVE HEco\u2122 800 Series represents the next generation of high-efficiency cryogenic freezers from MVE Biological Solutions. Designed with a unique shroud system, streamlined LN\u2082 plumbing, and vacuum-jacketed transfer hoses, these freezers significantly reduce liquid nitrogen consumption while maintaining ultra-low storage temperatures. With top box temperatures&hellip;","robots":{"index":"index","follow":"follow","max-snippet":"max-snippet:-1","max-image-preview":"max-image-preview:large","max-video-preview":"max-video-preview:-1"},"canonical":"MVE HEco\u2122 800 Series \u2013 High Efficiency Cryogenic Freezers The MVE HEco\u2122 800 Series represents the next generation of high-efficiency cryogenic freezers from MVE Biological Solutions. Designed with a unique shroud system, streamlined LN\u2082 plumbing, and vacuum-jacketed transfer hoses, these freezers significantly reduce liquid nitrogen consumption while maintaining ultra-low storage temperatures. With top box temperatures&hellip;","og_locale":"en_US","og_type":"article","og_title":"MVE HEco\u2122 800 Series","og_description":"MVE HEco\u2122 800 Series \u2013 High Efficiency Cryogenic Freezers The MVE HEco\u2122 800 Series represents the next generation of high-efficiency cryogenic freezers from MVE Biological Solutions. Designed with a unique shroud system, streamlined LN\u2082 plumbing, and vacuum-jacketed transfer hoses, these freezers significantly reduce liquid nitrogen consumption while maintaining ultra-low storage temperatures. With top box temperatures&hellip;","og_url":"https:\/\/biogroupvietnam.com\/en\/product\/mve-heco-800-series\/","og_site_name":"Biogroup Vietnam","article_modified_time":"2026-01-12T09:50:46+00:00","og_image":[{"width":1640,"height":1260,"url":"https:\/\/biogroupvietnam.com\/wp-content\/uploads\/2025\/08\/MVE-HEco\u2122-800-Series.jpg","type":"image\/jpeg"}],"twitter_card":"summary_large_image","twitter_misc":{"Est. reading time":"4 minutes"},"schema":{"@context":"https:\/\/schema.org","@graph":[{"@type":"WebPage","@id":"https:\/\/biogroupvietnam.com\/en\/product\/mve-heco-800-series\/","url":"https:\/\/biogroupvietnam.com\/en\/product\/mve-heco-800-series\/","name":"B\u00ecnh L\u01b0u Tr\u1eef M\u1eabu MVE HEco\u2122 800","isPartOf":{"@id":"https:\/\/biogroupvietnam.com\/vi\/#website"},"primaryImageOfPage":{"@id":"https:\/\/biogroupvietnam.com\/en\/product\/mve-heco-800-series\/#primaryimage"},"image":{"@id":"https:\/\/biogroupvietnam.com\/en\/product\/mve-heco-800-series\/#primaryimage"},"thumbnailUrl":"https:\/\/biogroupvietnam.com\/wp-content\/uploads\/2025\/08\/MVE-HEco\u2122-800-Series.jpg","datePublished":"2025-08-18T12:52:48+00:00","dateModified":"2026-01-12T09:50:46+00:00","description":"D\u00f2ng b\u00ecnh MVE HEco\u2122 800 ti\u1ebft ki\u1ec7m nit\u01a1 l\u1ecfng, \u0111\u01b0\u1ee3c d\u00f9ng \u0111\u1ec3 l\u01b0u tr\u1eef m\u1eabu sinh h\u1ecdc trong pha h\u01a1i nit\u01a1 l\u1ecfng \u1edf nhi\u1ec7t \u0111\u1ed9 -190\u00b0C, c\u00f3 kh\u1ea3 n\u0103ng l\u01b0u tr\u1eef \u1ed1ng vial ho\u1eb7c t\u00fai \u0111\u00f4ng l\u1ea1nh t\u1ebf b\u00e0o\/ m\u00e1u \u1edf c\u00e1c th\u1ec3 t\u00edch kh\u00e1c nhau.","breadcrumb":{"@id":"https:\/\/biogroupvietnam.com\/en\/product\/mve-heco-800-series\/#breadcrumb"},"inLanguage":"en-US","potentialAction":[{"@type":"ReadAction","target":["https:\/\/biogroupvietnam.com\/en\/product\/mve-heco-800-series\/"]}]},{"@type":"ImageObject","inLanguage":"en-US","@id":"https:\/\/biogroupvietnam.com\/en\/product\/mve-heco-800-series\/#primaryimage","url":"https:\/\/biogroupvietnam.com\/wp-content\/uploads\/2025\/08\/MVE-HEco\u2122-800-Series.jpg","contentUrl":"https:\/\/biogroupvietnam.com\/wp-content\/uploads\/2025\/08\/MVE-HEco\u2122-800-Series.jpg","width":1640,"height":1260},{"@type":"BreadcrumbList","@id":"https:\/\/biogroupvietnam.com\/en\/product\/mve-heco-800-series\/#breadcrumb","itemListElement":[{"@type":"ListItem","position":1,"name":"Biogroup Vietnam | End-to-End Biotechnology Solutions","item":"https:\/\/biogroupvietnam.com\/vi\/"},{"@type":"ListItem","position":2,"name":"Product","item":"https:\/\/biogroupvietnam.com\/vi\/san-pham\/"},{"@type":"ListItem","position":3,"name":"Cellular Cryopreservation","item":"https:\/\/biogroupvietnam.com\/vi\/danh-muc-san-pham\/bao-quan-lanh-te-bao\/"},{"@type":"ListItem","position":4,"name":"Cryogenic Freezers","item":"https:\/\/biogroupvietnam.com\/vi\/danh-muc-san-pham\/binh-inox-tru-mau-trong-nito-long\/"},{"@type":"ListItem","position":5,"name":"MVE HEco\u2122 800 Series"}]},{"@type":"WebSite","@id":"https:\/\/biogroupvietnam.com\/en\/vi\/#website","url":"https:\/\/biogroupvietnam.com\/en\/vi\/","name":"Biogroup Vietnam","description":"Biogroup Vietnam cung c\u1ea5p d\u1ecbch v\u1ee5 k\u1ef9 thu\u1eadt c\u00f9ng thi\u1ebft b\u1ecb, v\u1eadt t\u01b0, h\u00f3a ch\u1ea5t v\u00e0 gi\u1ea3i ph\u00e1p sinh h\u1ecdc cho ph\u00f2ng th\u00ed nghi\u1ec7m c\u00f4ng ngh\u1ec7 sinh h\u1ecdc, y sinh v\u00e0 y h\u1ecdc t\u00e1i t\u1ea1o.","potentialAction":[{"@type":"SearchAction","target":{"@type":"EntryPoint","urlTemplate":"https:\/\/biogroupvietnam.com\/en\/vi\/?s={search_term_string}"},"query-input":{"@type":"PropertyValueSpecification","valueRequired":true,"valueName":"search_term_string"}}],"inLanguage":"en-US"}]}},"_links":{"self":[{"href":"https:\/\/biogroupvietnam.com\/en\/wp-json\/wp\/v2\/product\/3742","targetHints":{"allow":["GET"]}}],"collection":[{"href":"https:\/\/biogroupvietnam.com\/en\/wp-json\/wp\/v2\/product"}],"about":[{"href":"https:\/\/biogroupvietnam.com\/en\/wp-json\/wp\/v2\/types\/product"}],"replies":[{"embeddable":true,"href":"https:\/\/biogroupvietnam.com\/en\/wp-json\/wp\/v2\/comments?post=3742"}],"version-history":[{"count":8,"href":"https:\/\/biogroupvietnam.com\/en\/wp-json\/wp\/v2\/product\/3742\/revisions"}],"predecessor-version":[{"id":9518,"href":"https:\/\/biogroupvietnam.com\/en\/wp-json\/wp\/v2\/product\/3742\/revisions\/9518"}],"wp:featuredmedia":[{"embeddable":true,"href":"https:\/\/biogroupvietnam.com\/en\/wp-json\/wp\/v2\/media\/9052"}],"wp:attachment":[{"href":"https:\/\/biogroupvietnam.com\/en\/wp-json\/wp\/v2\/media?parent=3742"}],"wp:term":[{"taxonomy":"product_brand","embeddable":true,"href":"https:\/\/biogroupvietnam.com\/en\/wp-json\/wp\/v2\/product_brand?post=3742"},{"taxonomy":"product_cat","embeddable":true,"href":"https:\/\/biogroupvietnam.com\/en\/wp-json\/wp\/v2\/product_cat?post=3742"},{"taxonomy":"product_tag","embeddable":true,"href":"https:\/\/biogroupvietnam.com\/en\/wp-json\/wp\/v2\/product_tag?post=3742"}],"curies":[{"name":"wp","href":"https:\/\/api.w.org\/{rel}","templated":true}]}}