{"id":3743,"date":"2025-08-18T19:52:49","date_gmt":"2025-08-18T12:52:49","guid":{"rendered":"http:\/\/biogroupvietnam-worldpress.local\/product\/import-placeholder-for-93\/"},"modified":"2026-01-12T16:38:10","modified_gmt":"2026-01-12T09:38:10","slug":"binh-mve-cryoshipper-ct","status":"publish","type":"product","link":"https:\/\/biogroupvietnam.com\/en\/product\/mve-cryoshipper-ct-50-ct-250\/","title":{"rendered":"MVE CryoShipper CT-50 &amp; CT-250"},"content":{"rendered":"<p>MVE\u2019s secure specialty shippers fill unique biological sample cryogenic shipping and storage needs. The <a href=\"https:\/\/mvebio.com\/aluminum-dewars\/mve-vapor-shipper-series\/\">MVE CryoShipper CT-50 and CT-250<\/a> are designed to ship specific blood bags sizes. Our unique rack designs hold one to two blood bags to help limit sample movement during transit. The new design can also store samples in liquid nitrogen after arrival at the destination.<\/p>\n","protected":false},"excerpt":{"rendered":"<p>MVE\u2019s secure specialty shippers fill unique biological sample cryogenic shipping and storage needs. The MVE CryoShipper CT-50 and CT-250 are designed to ship specific blood bags sizes. Our unique rack designs hold one to two blood bags to help limit sample movement during transit. The new design can also store samples in liquid nitrogen after<\/p>\n<div class=\"klb-readmore post-buttons\"><a class=\"button rounded primary\" href=\"https:\/\/biogroupvietnam.com\/en\/product\/mve-cryoshipper-ct-50-ct-250\/\">Read More <i class=\"klbth-icon-right-arrow\"><\/i><\/a><\/div>\n","protected":false},"featured_media":9077,"comment_status":"closed","ping_status":"closed","template":"","meta":{"_acf_changed":false},"product_brand":[128],"product_cat":[94],"product_tag":[],"class_list":{"0":"post-3743","1":"product","2":"type-product","3":"status-publish","4":"has-post-thumbnail","6":"product_brand-mve-biological-solutions","7":"product_cat-cryoshippers-for-biological-samples","9":"first","10":"outofstock","11":"shipping-taxable","12":"product-type-simple"},"acf":[],"yoast_head":"<!-- This site is optimized with the Yoast SEO plugin v26.8 - https:\/\/yoast.com\/product\/yoast-seo-wordpress\/ -->\n<title>MVE CryoShipper CT-50 &amp; CT-250<\/title>\n<meta name=\"description\" content=\"MVE\u2019s secure specialty shippers fill unique biological sample cryogenic shipping and storage needs. The MVE CryoShipper CT-50 and CT-250 are designed to ship specific blood bags sizes. Our unique rack designs hold one to two blood bags to help limit sample movement during transit. The new design can also store samples in liquid nitrogen after&hellip;\" \/>\n<meta name=\"robots\" content=\"index, follow, max-snippet:-1, max-image-preview:large, max-video-preview:-1\" \/>\n<link rel=\"canonical\" href=\"http:\/\/MVE\u2019s%20secure%20specialty%20shippers%20fill%20unique%20biological%20sample%20cryogenic%20shipping%20and%20storage%20needs.%20The%20MVE%20CryoShipper%20CT-50%20and%20CT-250%20are%20designed%20to%20ship%20specific%20blood%20bags%20sizes.%20Our%20unique%20rack%20designs%20hold%20one%20to%20two%20blood%20bags%20to%20help%20limit%20sample%20movement%20during%20transit.%20The%20new%20design%20can%20also%20store%20samples%20in%20liquid%20nitrogen%20after&hellip;\" \/>\n<meta property=\"og:locale\" content=\"en_US\" \/>\n<meta property=\"og:type\" content=\"article\" \/>\n<meta property=\"og:title\" content=\"MVE CryoShipper CT-50 &amp; CT-250\" \/>\n<meta property=\"og:description\" content=\"MVE\u2019s secure specialty shippers fill unique biological sample cryogenic shipping and storage needs. The MVE CryoShipper CT-50 and CT-250 are designed to ship specific blood bags sizes. Our unique rack designs hold one to two blood bags to help limit sample movement during transit. The new design can also store samples in liquid nitrogen after&hellip;\" \/>\n<meta property=\"og:url\" content=\"https:\/\/biogroupvietnam.com\/en\/product\/mve-cryoshipper-ct-50-ct-250\/\" \/>\n<meta property=\"og:site_name\" content=\"Biogroup Vietnam\" \/>\n<meta property=\"article:modified_time\" content=\"2026-01-12T09:38:10+00:00\" \/>\n<meta property=\"og:image\" content=\"https:\/\/biogroupvietnam.com\/wp-content\/uploads\/2025\/08\/MVE-CryoShipper-CT-50-CT-250.jpg\" \/>\n\t<meta property=\"og:image:width\" content=\"1640\" \/>\n\t<meta property=\"og:image:height\" content=\"1260\" \/>\n\t<meta property=\"og:image:type\" content=\"image\/jpeg\" \/>\n<meta name=\"twitter:card\" content=\"summary_large_image\" \/>\n<meta name=\"twitter:label1\" content=\"Est. reading time\" \/>\n\t<meta name=\"twitter:data1\" content=\"3 minutes\" \/>\n<script type=\"application\/ld+json\" class=\"yoast-schema-graph\">{\"@context\":\"https:\/\/schema.org\",\"@graph\":[{\"@type\":\"WebPage\",\"@id\":\"https:\/\/biogroupvietnam.com\/en\/product\/mve-cryoshipper-ct-50-ct-250\/\",\"url\":\"https:\/\/biogroupvietnam.com\/en\/product\/mve-cryoshipper-ct-50-ct-250\/\",\"name\":\"B\u00ecnh V\u1eadn Chuy\u1ec3n M\u1eabu MVE CryoShipper CT-50 & CT-250\",\"isPartOf\":{\"@id\":\"https:\/\/biogroupvietnam.com\/vi\/#website\"},\"primaryImageOfPage\":{\"@id\":\"https:\/\/biogroupvietnam.com\/en\/product\/mve-cryoshipper-ct-50-ct-250\/#primaryimage\"},\"image\":{\"@id\":\"https:\/\/biogroupvietnam.com\/en\/product\/mve-cryoshipper-ct-50-ct-250\/#primaryimage\"},\"thumbnailUrl\":\"https:\/\/biogroupvietnam.com\/wp-content\/uploads\/2025\/08\/MVE-CryoShipper-CT-50-CT-250.jpg\",\"datePublished\":\"2025-08-18T12:52:49+00:00\",\"dateModified\":\"2026-01-12T09:38:10+00:00\",\"description\":\"B\u00ecnh MVE CryoShipper CT-50 & CT-250 \u0111\u00e1p \u1ee9ng nhu c\u1ea7u v\u1eadn chuy\u1ec3n m\u1eabu\u00a0an to\u00e0n v\u00e0 l\u01b0u tr\u1eef m\u1eabu sinh h\u1ecdc (t\u00fai t\u1ebf b\u00e0o, t\u00fai m\u00e1u) chuy\u00ean d\u1ee5ng trong tr\u1ecb li\u1ec7u t\u1ebf b\u00e0o.\",\"breadcrumb\":{\"@id\":\"https:\/\/biogroupvietnam.com\/en\/product\/mve-cryoshipper-ct-50-ct-250\/#breadcrumb\"},\"inLanguage\":\"en-US\",\"potentialAction\":[{\"@type\":\"ReadAction\",\"target\":[\"https:\/\/biogroupvietnam.com\/en\/product\/mve-cryoshipper-ct-50-ct-250\/\"]}]},{\"@type\":\"ImageObject\",\"inLanguage\":\"en-US\",\"@id\":\"https:\/\/biogroupvietnam.com\/en\/product\/mve-cryoshipper-ct-50-ct-250\/#primaryimage\",\"url\":\"https:\/\/biogroupvietnam.com\/wp-content\/uploads\/2025\/08\/MVE-CryoShipper-CT-50-CT-250.jpg\",\"contentUrl\":\"https:\/\/biogroupvietnam.com\/wp-content\/uploads\/2025\/08\/MVE-CryoShipper-CT-50-CT-250.jpg\",\"width\":1640,\"height\":1260},{\"@type\":\"BreadcrumbList\",\"@id\":\"https:\/\/biogroupvietnam.com\/en\/product\/mve-cryoshipper-ct-50-ct-250\/#breadcrumb\",\"itemListElement\":[{\"@type\":\"ListItem\",\"position\":1,\"name\":\"Biogroup Vietnam | End-to-End Biotechnology Solutions\",\"item\":\"https:\/\/biogroupvietnam.com\/vi\/\"},{\"@type\":\"ListItem\",\"position\":2,\"name\":\"Product\",\"item\":\"https:\/\/biogroupvietnam.com\/vi\/san-pham\/\"},{\"@type\":\"ListItem\",\"position\":3,\"name\":\"Cellular Cryopreservation\",\"item\":\"https:\/\/biogroupvietnam.com\/vi\/danh-muc-san-pham\/bao-quan-lanh-te-bao\/\"},{\"@type\":\"ListItem\",\"position\":4,\"name\":\"CryoShippers for Biological Samples\",\"item\":\"https:\/\/biogroupvietnam.com\/vi\/danh-muc-san-pham\/binh-chuyen-mau-dong-lanh\/\"},{\"@type\":\"ListItem\",\"position\":5,\"name\":\"MVE CryoShipper CT-50 &amp; CT-250\"}]},{\"@type\":\"WebSite\",\"@id\":\"https:\/\/biogroupvietnam.com\/en\/vi\/#website\",\"url\":\"https:\/\/biogroupvietnam.com\/en\/vi\/\",\"name\":\"Biogroup Vietnam\",\"description\":\"Biogroup Vietnam cung c\u1ea5p d\u1ecbch v\u1ee5 k\u1ef9 thu\u1eadt c\u00f9ng thi\u1ebft b\u1ecb, v\u1eadt t\u01b0, h\u00f3a ch\u1ea5t v\u00e0 gi\u1ea3i ph\u00e1p sinh h\u1ecdc cho ph\u00f2ng th\u00ed nghi\u1ec7m c\u00f4ng ngh\u1ec7 sinh h\u1ecdc, y sinh v\u00e0 y h\u1ecdc t\u00e1i t\u1ea1o.\",\"potentialAction\":[{\"@type\":\"SearchAction\",\"target\":{\"@type\":\"EntryPoint\",\"urlTemplate\":\"https:\/\/biogroupvietnam.com\/en\/vi\/?s={search_term_string}\"},\"query-input\":{\"@type\":\"PropertyValueSpecification\",\"valueRequired\":true,\"valueName\":\"search_term_string\"}}],\"inLanguage\":\"en-US\"}]}<\/script>\n<!-- \/ Yoast SEO plugin. -->","yoast_head_json":{"title":"MVE CryoShipper CT-50 &amp; CT-250","description":"MVE\u2019s secure specialty shippers fill unique biological sample cryogenic shipping and storage needs. The MVE CryoShipper CT-50 and CT-250 are designed to ship specific blood bags sizes. Our unique rack designs hold one to two blood bags to help limit sample movement during transit. The new design can also store samples in liquid nitrogen after&hellip;","robots":{"index":"index","follow":"follow","max-snippet":"max-snippet:-1","max-image-preview":"max-image-preview:large","max-video-preview":"max-video-preview:-1"},"canonical":"MVE\u2019s secure specialty shippers fill unique biological sample cryogenic shipping and storage needs. The MVE CryoShipper CT-50 and CT-250 are designed to ship specific blood bags sizes. Our unique rack designs hold one to two blood bags to help limit sample movement during transit. The new design can also store samples in liquid nitrogen after&hellip;","og_locale":"en_US","og_type":"article","og_title":"MVE CryoShipper CT-50 &amp; CT-250","og_description":"MVE\u2019s secure specialty shippers fill unique biological sample cryogenic shipping and storage needs. The MVE CryoShipper CT-50 and CT-250 are designed to ship specific blood bags sizes. Our unique rack designs hold one to two blood bags to help limit sample movement during transit. The new design can also store samples in liquid nitrogen after&hellip;","og_url":"https:\/\/biogroupvietnam.com\/en\/product\/mve-cryoshipper-ct-50-ct-250\/","og_site_name":"Biogroup Vietnam","article_modified_time":"2026-01-12T09:38:10+00:00","og_image":[{"width":1640,"height":1260,"url":"https:\/\/biogroupvietnam.com\/wp-content\/uploads\/2025\/08\/MVE-CryoShipper-CT-50-CT-250.jpg","type":"image\/jpeg"}],"twitter_card":"summary_large_image","twitter_misc":{"Est. reading time":"3 minutes"},"schema":{"@context":"https:\/\/schema.org","@graph":[{"@type":"WebPage","@id":"https:\/\/biogroupvietnam.com\/en\/product\/mve-cryoshipper-ct-50-ct-250\/","url":"https:\/\/biogroupvietnam.com\/en\/product\/mve-cryoshipper-ct-50-ct-250\/","name":"B\u00ecnh V\u1eadn Chuy\u1ec3n M\u1eabu MVE CryoShipper CT-50 & CT-250","isPartOf":{"@id":"https:\/\/biogroupvietnam.com\/vi\/#website"},"primaryImageOfPage":{"@id":"https:\/\/biogroupvietnam.com\/en\/product\/mve-cryoshipper-ct-50-ct-250\/#primaryimage"},"image":{"@id":"https:\/\/biogroupvietnam.com\/en\/product\/mve-cryoshipper-ct-50-ct-250\/#primaryimage"},"thumbnailUrl":"https:\/\/biogroupvietnam.com\/wp-content\/uploads\/2025\/08\/MVE-CryoShipper-CT-50-CT-250.jpg","datePublished":"2025-08-18T12:52:49+00:00","dateModified":"2026-01-12T09:38:10+00:00","description":"B\u00ecnh MVE CryoShipper CT-50 & CT-250 \u0111\u00e1p \u1ee9ng nhu c\u1ea7u v\u1eadn chuy\u1ec3n m\u1eabu\u00a0an to\u00e0n v\u00e0 l\u01b0u tr\u1eef m\u1eabu sinh h\u1ecdc (t\u00fai t\u1ebf b\u00e0o, t\u00fai m\u00e1u) chuy\u00ean d\u1ee5ng trong tr\u1ecb li\u1ec7u t\u1ebf b\u00e0o.","breadcrumb":{"@id":"https:\/\/biogroupvietnam.com\/en\/product\/mve-cryoshipper-ct-50-ct-250\/#breadcrumb"},"inLanguage":"en-US","potentialAction":[{"@type":"ReadAction","target":["https:\/\/biogroupvietnam.com\/en\/product\/mve-cryoshipper-ct-50-ct-250\/"]}]},{"@type":"ImageObject","inLanguage":"en-US","@id":"https:\/\/biogroupvietnam.com\/en\/product\/mve-cryoshipper-ct-50-ct-250\/#primaryimage","url":"https:\/\/biogroupvietnam.com\/wp-content\/uploads\/2025\/08\/MVE-CryoShipper-CT-50-CT-250.jpg","contentUrl":"https:\/\/biogroupvietnam.com\/wp-content\/uploads\/2025\/08\/MVE-CryoShipper-CT-50-CT-250.jpg","width":1640,"height":1260},{"@type":"BreadcrumbList","@id":"https:\/\/biogroupvietnam.com\/en\/product\/mve-cryoshipper-ct-50-ct-250\/#breadcrumb","itemListElement":[{"@type":"ListItem","position":1,"name":"Biogroup Vietnam | End-to-End Biotechnology Solutions","item":"https:\/\/biogroupvietnam.com\/vi\/"},{"@type":"ListItem","position":2,"name":"Product","item":"https:\/\/biogroupvietnam.com\/vi\/san-pham\/"},{"@type":"ListItem","position":3,"name":"Cellular Cryopreservation","item":"https:\/\/biogroupvietnam.com\/vi\/danh-muc-san-pham\/bao-quan-lanh-te-bao\/"},{"@type":"ListItem","position":4,"name":"CryoShippers for Biological Samples","item":"https:\/\/biogroupvietnam.com\/vi\/danh-muc-san-pham\/binh-chuyen-mau-dong-lanh\/"},{"@type":"ListItem","position":5,"name":"MVE CryoShipper CT-50 &amp; CT-250"}]},{"@type":"WebSite","@id":"https:\/\/biogroupvietnam.com\/en\/vi\/#website","url":"https:\/\/biogroupvietnam.com\/en\/vi\/","name":"Biogroup Vietnam","description":"Biogroup Vietnam cung c\u1ea5p d\u1ecbch v\u1ee5 k\u1ef9 thu\u1eadt c\u00f9ng thi\u1ebft b\u1ecb, v\u1eadt t\u01b0, h\u00f3a ch\u1ea5t v\u00e0 gi\u1ea3i ph\u00e1p sinh h\u1ecdc cho ph\u00f2ng th\u00ed nghi\u1ec7m c\u00f4ng ngh\u1ec7 sinh h\u1ecdc, y sinh v\u00e0 y h\u1ecdc t\u00e1i t\u1ea1o.","potentialAction":[{"@type":"SearchAction","target":{"@type":"EntryPoint","urlTemplate":"https:\/\/biogroupvietnam.com\/en\/vi\/?s={search_term_string}"},"query-input":{"@type":"PropertyValueSpecification","valueRequired":true,"valueName":"search_term_string"}}],"inLanguage":"en-US"}]}},"_links":{"self":[{"href":"https:\/\/biogroupvietnam.com\/en\/wp-json\/wp\/v2\/product\/3743","targetHints":{"allow":["GET"]}}],"collection":[{"href":"https:\/\/biogroupvietnam.com\/en\/wp-json\/wp\/v2\/product"}],"about":[{"href":"https:\/\/biogroupvietnam.com\/en\/wp-json\/wp\/v2\/types\/product"}],"replies":[{"embeddable":true,"href":"https:\/\/biogroupvietnam.com\/en\/wp-json\/wp\/v2\/comments?post=3743"}],"version-history":[{"count":5,"href":"https:\/\/biogroupvietnam.com\/en\/wp-json\/wp\/v2\/product\/3743\/revisions"}],"predecessor-version":[{"id":9510,"href":"https:\/\/biogroupvietnam.com\/en\/wp-json\/wp\/v2\/product\/3743\/revisions\/9510"}],"wp:featuredmedia":[{"embeddable":true,"href":"https:\/\/biogroupvietnam.com\/en\/wp-json\/wp\/v2\/media\/9077"}],"wp:attachment":[{"href":"https:\/\/biogroupvietnam.com\/en\/wp-json\/wp\/v2\/media?parent=3743"}],"wp:term":[{"taxonomy":"product_brand","embeddable":true,"href":"https:\/\/biogroupvietnam.com\/en\/wp-json\/wp\/v2\/product_brand?post=3743"},{"taxonomy":"product_cat","embeddable":true,"href":"https:\/\/biogroupvietnam.com\/en\/wp-json\/wp\/v2\/product_cat?post=3743"},{"taxonomy":"product_tag","embeddable":true,"href":"https:\/\/biogroupvietnam.com\/en\/wp-json\/wp\/v2\/product_tag?post=3743"}],"curies":[{"name":"wp","href":"https:\/\/api.w.org\/{rel}","templated":true}]}}