{"id":3744,"date":"2025-08-18T19:52:49","date_gmt":"2025-08-18T12:52:49","guid":{"rendered":"http:\/\/biogroupvietnam-worldpress.local\/product\/import-placeholder-for-94\/"},"modified":"2025-11-17T17:02:43","modified_gmt":"2025-11-17T10:02:43","slug":"tui-overwrap","status":"publish","type":"product","link":"https:\/\/biogroupvietnam.com\/en\/product\/teflon-fep-overwrap-bags\/","title":{"rendered":"Teflon\u00ae FEP Overwrap Bags"},"content":{"rendered":"<h2><a href=\"https:\/\/welchfluorocarbon.com\/custom-manufacturing\/standard-products\/overwrap-bags\/\">Teflon\u2122 FEP Overwrap Bags<\/a> &#8211; Ideal Secondary Level of Containment For Cord Blood Storage<\/h2>\n<p>Overwrap Bags made with high-performance Teflon\u2122 FEP film are cryogenically stable at temperatures below -383\u00b0F(-195\u00b0C). Overwrap Bags made with Teflon\u2122 FEP film are a perfect choice to safeguard against damage to the freeze bag, and the sample within. Teflon\u2122 FEP film has special characteristics which make it an ideal choice as a cryogenic container:<\/p>\n","protected":false},"excerpt":{"rendered":"<p>Teflon\u2122 FEP Overwrap Bags &#8211; Ideal Secondary Level of Containment For Cord Blood Storage Overwrap Bags made with high-performance Teflon\u2122 FEP film are cryogenically stable at temperatures below -383\u00b0F(-195\u00b0C). Overwrap Bags made with Teflon\u2122 FEP film are a perfect choice to safeguard against damage to the freeze bag, and the sample within. Teflon\u2122 FEP film<\/p>\n<div class=\"klb-readmore post-buttons\"><a class=\"button rounded primary\" href=\"https:\/\/biogroupvietnam.com\/en\/product\/teflon-fep-overwrap-bags\/\">Read More <i class=\"klbth-icon-right-arrow\"><\/i><\/a><\/div>\n","protected":false},"featured_media":9023,"comment_status":"closed","ping_status":"closed","template":"","meta":{"_acf_changed":false},"product_brand":[139],"product_cat":[84],"product_tag":[],"class_list":{"0":"post-3744","1":"product","2":"type-product","3":"status-publish","4":"has-post-thumbnail","6":"product_brand-welch-fluorocarbon","7":"product_cat-equipment-consumables","9":"first","10":"outofstock","11":"shipping-taxable","12":"product-type-simple"},"acf":[],"yoast_head":"<!-- This site is optimized with the Yoast SEO plugin v26.8 - https:\/\/yoast.com\/product\/yoast-seo-wordpress\/ -->\n<title>Teflon\u00ae FEP Overwrap Bags<\/title>\n<meta name=\"description\" content=\"Teflon\u2122 FEP Overwrap Bags - Ideal Secondary Level of Containment For Cord Blood Storage Overwrap Bags made with high-performance Teflon\u2122 FEP film are cryogenically stable at temperatures below -383\u00b0F(-195\u00b0C). Overwrap Bags made with Teflon\u2122 FEP film are a perfect choice to safeguard against damage to the freeze bag, and the sample within. Teflon\u2122 FEP film&hellip;\" \/>\n<meta name=\"robots\" content=\"index, follow, max-snippet:-1, max-image-preview:large, max-video-preview:-1\" \/>\n<link rel=\"canonical\" href=\"http:\/\/Teflon\u2122%20FEP%20Overwrap%20Bags%20-%20Ideal%20Secondary%20Level%20of%20Containment%20For%20Cord%20Blood%20Storage%20Overwrap%20Bags%20made%20with%20high-performance%20Teflon\u2122%20FEP%20film%20are%20cryogenically%20stable%20at%20temperatures%20below%20-383\u00b0F(-195\u00b0C).%20Overwrap%20Bags%20made%20with%20Teflon\u2122%20FEP%20film%20are%20a%20perfect%20choice%20to%20safeguard%20against%20damage%20to%20the%20freeze%20bag,%20and%20the%20sample%20within.%20Teflon\u2122%20FEP%20film&hellip;\" \/>\n<meta property=\"og:locale\" content=\"en_US\" \/>\n<meta property=\"og:type\" content=\"article\" \/>\n<meta property=\"og:title\" content=\"Teflon\u00ae FEP Overwrap Bags\" \/>\n<meta property=\"og:description\" content=\"Teflon\u2122 FEP Overwrap Bags - Ideal Secondary Level of Containment For Cord Blood Storage Overwrap Bags made with high-performance Teflon\u2122 FEP film are cryogenically stable at temperatures below -383\u00b0F(-195\u00b0C). Overwrap Bags made with Teflon\u2122 FEP film are a perfect choice to safeguard against damage to the freeze bag, and the sample within. Teflon\u2122 FEP film&hellip;\" \/>\n<meta property=\"og:url\" content=\"https:\/\/biogroupvietnam.com\/en\/product\/teflon-fep-overwrap-bags\/\" \/>\n<meta property=\"og:site_name\" content=\"Biogroup Vietnam\" \/>\n<meta property=\"article:modified_time\" content=\"2025-11-17T10:02:43+00:00\" \/>\n<meta property=\"og:image\" content=\"https:\/\/biogroupvietnam.com\/wp-content\/uploads\/2025\/08\/Overwrap-Welch.jpg\" \/>\n\t<meta property=\"og:image:width\" content=\"1640\" \/>\n\t<meta property=\"og:image:height\" content=\"1260\" \/>\n\t<meta property=\"og:image:type\" content=\"image\/jpeg\" \/>\n<meta name=\"twitter:card\" content=\"summary_large_image\" \/>\n<meta name=\"twitter:label1\" content=\"Est. reading time\" \/>\n\t<meta name=\"twitter:data1\" content=\"2 minutes\" \/>\n<script type=\"application\/ld+json\" class=\"yoast-schema-graph\">{\"@context\":\"https:\/\/schema.org\",\"@graph\":[{\"@type\":\"WebPage\",\"@id\":\"https:\/\/biogroupvietnam.com\/en\/product\/teflon-fep-overwrap-bags\/\",\"url\":\"https:\/\/biogroupvietnam.com\/en\/product\/teflon-fep-overwrap-bags\/\",\"name\":\"T\u00fai Bao Ngo\u00e0i Overwrap\",\"isPartOf\":{\"@id\":\"https:\/\/biogroupvietnam.com\/vi\/#website\"},\"primaryImageOfPage\":{\"@id\":\"https:\/\/biogroupvietnam.com\/en\/product\/teflon-fep-overwrap-bags\/#primaryimage\"},\"image\":{\"@id\":\"https:\/\/biogroupvietnam.com\/en\/product\/teflon-fep-overwrap-bags\/#primaryimage\"},\"thumbnailUrl\":\"https:\/\/biogroupvietnam.com\/wp-content\/uploads\/2025\/08\/Overwrap-Welch.jpg\",\"datePublished\":\"2025-08-18T12:52:49+00:00\",\"dateModified\":\"2025-11-17T10:02:43+00:00\",\"description\":\"T\u00fai bao ngo\u00e0i b\u1eb1ng nh\u1ef1a Teflon\u00ae FEP (Teflon\u00ae FEP Overwrap Bags) l\u00e0 m\u1ed9t l\u1ef1a ch\u1ecdn l\u00fd t\u01b0\u1edfng \u0111\u1ec3 b\u1ea3o v\u1ec7 c\u00e1c t\u00fai \u0111\u00f4ng l\u1ea1nh t\u1ebf b\u00e0o g\u1ed1c trong qu\u00e1 tr\u00ecnh l\u01b0u tr\u1eef.\",\"breadcrumb\":{\"@id\":\"https:\/\/biogroupvietnam.com\/en\/product\/teflon-fep-overwrap-bags\/#breadcrumb\"},\"inLanguage\":\"en-US\",\"potentialAction\":[{\"@type\":\"ReadAction\",\"target\":[\"https:\/\/biogroupvietnam.com\/en\/product\/teflon-fep-overwrap-bags\/\"]}]},{\"@type\":\"ImageObject\",\"inLanguage\":\"en-US\",\"@id\":\"https:\/\/biogroupvietnam.com\/en\/product\/teflon-fep-overwrap-bags\/#primaryimage\",\"url\":\"https:\/\/biogroupvietnam.com\/wp-content\/uploads\/2025\/08\/Overwrap-Welch.jpg\",\"contentUrl\":\"https:\/\/biogroupvietnam.com\/wp-content\/uploads\/2025\/08\/Overwrap-Welch.jpg\",\"width\":1640,\"height\":1260},{\"@type\":\"BreadcrumbList\",\"@id\":\"https:\/\/biogroupvietnam.com\/en\/product\/teflon-fep-overwrap-bags\/#breadcrumb\",\"itemListElement\":[{\"@type\":\"ListItem\",\"position\":1,\"name\":\"Biogroup Vietnam | End-to-End Biotechnology Solutions\",\"item\":\"https:\/\/biogroupvietnam.com\/vi\/\"},{\"@type\":\"ListItem\",\"position\":2,\"name\":\"Product\",\"item\":\"https:\/\/biogroupvietnam.com\/vi\/san-pham\/\"},{\"@type\":\"ListItem\",\"position\":3,\"name\":\"Cell Processing\",\"item\":\"https:\/\/biogroupvietnam.com\/vi\/danh-muc-san-pham\/xu-ly-te-bao\/\"},{\"@type\":\"ListItem\",\"position\":4,\"name\":\"Equipment & Consumables\",\"item\":\"https:\/\/biogroupvietnam.com\/vi\/danh-muc-san-pham\/thiet-bi-vat-tu-ho-tro\/\"},{\"@type\":\"ListItem\",\"position\":5,\"name\":\"Teflon\u00ae FEP Overwrap Bags\"}]},{\"@type\":\"WebSite\",\"@id\":\"https:\/\/biogroupvietnam.com\/en\/vi\/#website\",\"url\":\"https:\/\/biogroupvietnam.com\/en\/vi\/\",\"name\":\"Biogroup Vietnam\",\"description\":\"Biogroup Vietnam cung c\u1ea5p d\u1ecbch v\u1ee5 k\u1ef9 thu\u1eadt c\u00f9ng thi\u1ebft b\u1ecb, v\u1eadt t\u01b0, h\u00f3a ch\u1ea5t v\u00e0 gi\u1ea3i ph\u00e1p sinh h\u1ecdc cho ph\u00f2ng th\u00ed nghi\u1ec7m c\u00f4ng ngh\u1ec7 sinh h\u1ecdc, y sinh v\u00e0 y h\u1ecdc t\u00e1i t\u1ea1o.\",\"potentialAction\":[{\"@type\":\"SearchAction\",\"target\":{\"@type\":\"EntryPoint\",\"urlTemplate\":\"https:\/\/biogroupvietnam.com\/en\/vi\/?s={search_term_string}\"},\"query-input\":{\"@type\":\"PropertyValueSpecification\",\"valueRequired\":true,\"valueName\":\"search_term_string\"}}],\"inLanguage\":\"en-US\"}]}<\/script>\n<!-- \/ Yoast SEO plugin. -->","yoast_head_json":{"title":"Teflon\u00ae FEP Overwrap Bags","description":"Teflon\u2122 FEP Overwrap Bags - Ideal Secondary Level of Containment For Cord Blood Storage Overwrap Bags made with high-performance Teflon\u2122 FEP film are cryogenically stable at temperatures below -383\u00b0F(-195\u00b0C). Overwrap Bags made with Teflon\u2122 FEP film are a perfect choice to safeguard against damage to the freeze bag, and the sample within. Teflon\u2122 FEP film&hellip;","robots":{"index":"index","follow":"follow","max-snippet":"max-snippet:-1","max-image-preview":"max-image-preview:large","max-video-preview":"max-video-preview:-1"},"canonical":"Teflon\u2122 FEP Overwrap Bags - Ideal Secondary Level of Containment For Cord Blood Storage Overwrap Bags made with high-performance Teflon\u2122 FEP film are cryogenically stable at temperatures below -383\u00b0F(-195\u00b0C). Overwrap Bags made with Teflon\u2122 FEP film are a perfect choice to safeguard against damage to the freeze bag, and the sample within. Teflon\u2122 FEP film&hellip;","og_locale":"en_US","og_type":"article","og_title":"Teflon\u00ae FEP Overwrap Bags","og_description":"Teflon\u2122 FEP Overwrap Bags - Ideal Secondary Level of Containment For Cord Blood Storage Overwrap Bags made with high-performance Teflon\u2122 FEP film are cryogenically stable at temperatures below -383\u00b0F(-195\u00b0C). Overwrap Bags made with Teflon\u2122 FEP film are a perfect choice to safeguard against damage to the freeze bag, and the sample within. Teflon\u2122 FEP film&hellip;","og_url":"https:\/\/biogroupvietnam.com\/en\/product\/teflon-fep-overwrap-bags\/","og_site_name":"Biogroup Vietnam","article_modified_time":"2025-11-17T10:02:43+00:00","og_image":[{"width":1640,"height":1260,"url":"https:\/\/biogroupvietnam.com\/wp-content\/uploads\/2025\/08\/Overwrap-Welch.jpg","type":"image\/jpeg"}],"twitter_card":"summary_large_image","twitter_misc":{"Est. reading time":"2 minutes"},"schema":{"@context":"https:\/\/schema.org","@graph":[{"@type":"WebPage","@id":"https:\/\/biogroupvietnam.com\/en\/product\/teflon-fep-overwrap-bags\/","url":"https:\/\/biogroupvietnam.com\/en\/product\/teflon-fep-overwrap-bags\/","name":"T\u00fai Bao Ngo\u00e0i Overwrap","isPartOf":{"@id":"https:\/\/biogroupvietnam.com\/vi\/#website"},"primaryImageOfPage":{"@id":"https:\/\/biogroupvietnam.com\/en\/product\/teflon-fep-overwrap-bags\/#primaryimage"},"image":{"@id":"https:\/\/biogroupvietnam.com\/en\/product\/teflon-fep-overwrap-bags\/#primaryimage"},"thumbnailUrl":"https:\/\/biogroupvietnam.com\/wp-content\/uploads\/2025\/08\/Overwrap-Welch.jpg","datePublished":"2025-08-18T12:52:49+00:00","dateModified":"2025-11-17T10:02:43+00:00","description":"T\u00fai bao ngo\u00e0i b\u1eb1ng nh\u1ef1a Teflon\u00ae FEP (Teflon\u00ae FEP Overwrap Bags) l\u00e0 m\u1ed9t l\u1ef1a ch\u1ecdn l\u00fd t\u01b0\u1edfng \u0111\u1ec3 b\u1ea3o v\u1ec7 c\u00e1c t\u00fai \u0111\u00f4ng l\u1ea1nh t\u1ebf b\u00e0o g\u1ed1c trong qu\u00e1 tr\u00ecnh l\u01b0u tr\u1eef.","breadcrumb":{"@id":"https:\/\/biogroupvietnam.com\/en\/product\/teflon-fep-overwrap-bags\/#breadcrumb"},"inLanguage":"en-US","potentialAction":[{"@type":"ReadAction","target":["https:\/\/biogroupvietnam.com\/en\/product\/teflon-fep-overwrap-bags\/"]}]},{"@type":"ImageObject","inLanguage":"en-US","@id":"https:\/\/biogroupvietnam.com\/en\/product\/teflon-fep-overwrap-bags\/#primaryimage","url":"https:\/\/biogroupvietnam.com\/wp-content\/uploads\/2025\/08\/Overwrap-Welch.jpg","contentUrl":"https:\/\/biogroupvietnam.com\/wp-content\/uploads\/2025\/08\/Overwrap-Welch.jpg","width":1640,"height":1260},{"@type":"BreadcrumbList","@id":"https:\/\/biogroupvietnam.com\/en\/product\/teflon-fep-overwrap-bags\/#breadcrumb","itemListElement":[{"@type":"ListItem","position":1,"name":"Biogroup Vietnam | End-to-End Biotechnology Solutions","item":"https:\/\/biogroupvietnam.com\/vi\/"},{"@type":"ListItem","position":2,"name":"Product","item":"https:\/\/biogroupvietnam.com\/vi\/san-pham\/"},{"@type":"ListItem","position":3,"name":"Cell Processing","item":"https:\/\/biogroupvietnam.com\/vi\/danh-muc-san-pham\/xu-ly-te-bao\/"},{"@type":"ListItem","position":4,"name":"Equipment & Consumables","item":"https:\/\/biogroupvietnam.com\/vi\/danh-muc-san-pham\/thiet-bi-vat-tu-ho-tro\/"},{"@type":"ListItem","position":5,"name":"Teflon\u00ae FEP Overwrap Bags"}]},{"@type":"WebSite","@id":"https:\/\/biogroupvietnam.com\/en\/vi\/#website","url":"https:\/\/biogroupvietnam.com\/en\/vi\/","name":"Biogroup Vietnam","description":"Biogroup Vietnam cung c\u1ea5p d\u1ecbch v\u1ee5 k\u1ef9 thu\u1eadt c\u00f9ng thi\u1ebft b\u1ecb, v\u1eadt t\u01b0, h\u00f3a ch\u1ea5t v\u00e0 gi\u1ea3i ph\u00e1p sinh h\u1ecdc cho ph\u00f2ng th\u00ed nghi\u1ec7m c\u00f4ng ngh\u1ec7 sinh h\u1ecdc, y sinh v\u00e0 y h\u1ecdc t\u00e1i t\u1ea1o.","potentialAction":[{"@type":"SearchAction","target":{"@type":"EntryPoint","urlTemplate":"https:\/\/biogroupvietnam.com\/en\/vi\/?s={search_term_string}"},"query-input":{"@type":"PropertyValueSpecification","valueRequired":true,"valueName":"search_term_string"}}],"inLanguage":"en-US"}]}},"_links":{"self":[{"href":"https:\/\/biogroupvietnam.com\/en\/wp-json\/wp\/v2\/product\/3744","targetHints":{"allow":["GET"]}}],"collection":[{"href":"https:\/\/biogroupvietnam.com\/en\/wp-json\/wp\/v2\/product"}],"about":[{"href":"https:\/\/biogroupvietnam.com\/en\/wp-json\/wp\/v2\/types\/product"}],"replies":[{"embeddable":true,"href":"https:\/\/biogroupvietnam.com\/en\/wp-json\/wp\/v2\/comments?post=3744"}],"version-history":[{"count":3,"href":"https:\/\/biogroupvietnam.com\/en\/wp-json\/wp\/v2\/product\/3744\/revisions"}],"predecessor-version":[{"id":9024,"href":"https:\/\/biogroupvietnam.com\/en\/wp-json\/wp\/v2\/product\/3744\/revisions\/9024"}],"wp:featuredmedia":[{"embeddable":true,"href":"https:\/\/biogroupvietnam.com\/en\/wp-json\/wp\/v2\/media\/9023"}],"wp:attachment":[{"href":"https:\/\/biogroupvietnam.com\/en\/wp-json\/wp\/v2\/media?parent=3744"}],"wp:term":[{"taxonomy":"product_brand","embeddable":true,"href":"https:\/\/biogroupvietnam.com\/en\/wp-json\/wp\/v2\/product_brand?post=3744"},{"taxonomy":"product_cat","embeddable":true,"href":"https:\/\/biogroupvietnam.com\/en\/wp-json\/wp\/v2\/product_cat?post=3744"},{"taxonomy":"product_tag","embeddable":true,"href":"https:\/\/biogroupvietnam.com\/en\/wp-json\/wp\/v2\/product_tag?post=3744"}],"curies":[{"name":"wp","href":"https:\/\/api.w.org\/{rel}","templated":true}]}}