{"id":3748,"date":"2025-08-18T19:52:50","date_gmt":"2025-08-18T12:52:50","guid":{"rendered":"http:\/\/biogroupvietnam-worldpress.local\/product\/import-placeholder-for-98\/"},"modified":"2026-01-12T16:47:31","modified_gmt":"2026-01-12T09:47:31","slug":"binh-mve-vario","status":"publish","type":"product","link":"https:\/\/biogroupvietnam.com\/en\/product\/mve-vario-series-freezers\/","title":{"rendered":"MVE Vari\u014d\u00ae Series Freezers"},"content":{"rendered":"<h2>The MVE 1500 and 1800 Vario Series Cryogenic Freezers are the Innovative and Energy Efficient Alternative for Ultra Low Temperature Cryogenic Storage<\/h2>\n<h2>The Vario Future Proofs Your Freezer Temperature Selection Taking the Risk Out of Your Decision Making<\/h2>\n<p>The completely dry sample storage area maintains a user-defined temperature anywhere between -20\u00b0C and -150\u00b0C. The MVE Vari\u014d Series cryogenic freezer significantly reduces the possibility of sample contamination via contact with LN2, while providing the safety margin and consistent temperature profile, even with the lid open, that is associated with LN2 based cryogenic freezer storage. The MVE Vari\u014d Series cryogenic freezers are able to provide all of this with less than 1% of the power consumption and approximately 70% overall operating cost savings when compared to the leading mechanical freezers. The available conversion kit allows the Vario to operate as a High Efficiency -190C freezer.<\/p>\n<h3><strong>Principal Features<\/strong><\/h3>\n<ul>\n<li>Approximately 70% operating cost savings compared to leading mechanical freezers (-80 \u00b0C)<\/li>\n<li>Less than 1% of the electricity consumption compared to leading mechanical freezers (-80 \u00b0C)<\/li>\n<li>Completely dry storage area<\/li>\n<li>Consistent temperature profile, even with lid open<\/li>\n<li>Improved processing time, minimal increase in temperature when warm samples are introduced into the cryogenic freezer<\/li>\n<li>No thermal load; no heat introduced into room and no additional HVAC required<\/li>\n<li>No more expensive compressors to replace.<\/li>\n<li>May be converted to High Efficiency -190C freezer<\/li>\n<li>New touch screen<\/li>\n<li>2 year warranty on parts<\/li>\n<li>5 year warranty on vacuum<\/li>\n<\/ul>\n","protected":false},"excerpt":{"rendered":"<p>The MVE 1500 and 1800 Vario Series Cryogenic Freezers are the Innovative and Energy Efficient Alternative for Ultra Low Temperature Cryogenic Storage The Vario Future Proofs Your Freezer Temperature Selection Taking the Risk Out of Your Decision Making The completely dry sample storage area maintains a user-defined temperature anywhere between -20\u00b0C and -150\u00b0C. The MVE<\/p>\n<div class=\"klb-readmore post-buttons\"><a class=\"button rounded primary\" href=\"https:\/\/biogroupvietnam.com\/en\/product\/mve-vario-series-freezers\/\">Read More <i class=\"klbth-icon-right-arrow\"><\/i><\/a><\/div>\n","protected":false},"featured_media":9050,"comment_status":"closed","ping_status":"closed","template":"","meta":{"_acf_changed":false},"product_brand":[128],"product_cat":[95],"product_tag":[],"class_list":{"0":"post-3748","1":"product","2":"type-product","3":"status-publish","4":"has-post-thumbnail","6":"product_brand-mve-biological-solutions","7":"product_cat-cryogenic-freezers","9":"first","10":"outofstock","11":"shipping-taxable","12":"product-type-simple"},"acf":[],"yoast_head":"<!-- This site is optimized with the Yoast SEO plugin v26.8 - https:\/\/yoast.com\/product\/yoast-seo-wordpress\/ -->\n<title>MVE Vari\u014d\u00ae Series Freezers<\/title>\n<meta name=\"description\" content=\"The MVE 1500 and 1800 Vario Series Cryogenic Freezers are the Innovative and Energy Efficient Alternative for Ultra Low Temperature Cryogenic Storage The Vario Future Proofs Your Freezer Temperature Selection Taking the Risk Out of Your Decision Making The completely dry sample storage area maintains a user-defined temperature anywhere between -20\u00b0C and -150\u00b0C. The MVE&hellip;\" \/>\n<meta name=\"robots\" content=\"index, follow, max-snippet:-1, max-image-preview:large, max-video-preview:-1\" \/>\n<link rel=\"canonical\" href=\"http:\/\/The%20MVE%201500%20and%201800%20Vario%20Series%20Cryogenic%20Freezers%20are%20the%20Innovative%20and%20Energy%20Efficient%20Alternative%20for%20Ultra%20Low%20Temperature%20Cryogenic%20Storage%20The%20Vario%20Future%20Proofs%20Your%20Freezer%20Temperature%20Selection%20Taking%20the%20Risk%20Out%20of%20Your%20Decision%20Making%20The%20completely%20dry%20sample%20storage%20area%20maintains%20a%20user-defined%20temperature%20anywhere%20between%20-20\u00b0C%20and%20-150\u00b0C.%20The%20MVE&hellip;\" \/>\n<meta property=\"og:locale\" content=\"en_US\" \/>\n<meta property=\"og:type\" content=\"article\" \/>\n<meta property=\"og:title\" content=\"MVE Vari\u014d\u00ae Series Freezers\" \/>\n<meta property=\"og:description\" content=\"The MVE 1500 and 1800 Vario Series Cryogenic Freezers are the Innovative and Energy Efficient Alternative for Ultra Low Temperature Cryogenic Storage The Vario Future Proofs Your Freezer Temperature Selection Taking the Risk Out of Your Decision Making The completely dry sample storage area maintains a user-defined temperature anywhere between -20\u00b0C and -150\u00b0C. The MVE&hellip;\" \/>\n<meta property=\"og:url\" content=\"https:\/\/biogroupvietnam.com\/en\/product\/mve-vario-series-freezers\/\" \/>\n<meta property=\"og:site_name\" content=\"Biogroup Vietnam\" \/>\n<meta property=\"article:modified_time\" content=\"2026-01-12T09:47:31+00:00\" \/>\n<meta property=\"og:image\" content=\"https:\/\/biogroupvietnam.com\/wp-content\/uploads\/2025\/08\/MVE-Vario-Series.jpg\" \/>\n\t<meta property=\"og:image:width\" content=\"1640\" \/>\n\t<meta property=\"og:image:height\" content=\"1260\" \/>\n\t<meta property=\"og:image:type\" content=\"image\/jpeg\" \/>\n<meta name=\"twitter:card\" content=\"summary_large_image\" \/>\n<meta name=\"twitter:label1\" content=\"Est. reading time\" \/>\n\t<meta name=\"twitter:data1\" content=\"5 minutes\" \/>\n<script type=\"application\/ld+json\" class=\"yoast-schema-graph\">{\"@context\":\"https:\/\/schema.org\",\"@graph\":[{\"@type\":\"WebPage\",\"@id\":\"https:\/\/biogroupvietnam.com\/en\/product\/mve-vario-series-freezers\/\",\"url\":\"https:\/\/biogroupvietnam.com\/en\/product\/mve-vario-series-freezers\/\",\"name\":\"B\u00ecnh L\u01b0u Tr\u1eef M\u1eabu MVE Vari\u014d\u00ae (T\u1ee7 L\u1ea1nh \u0110\u00f4ng S\u00e2u)\",\"isPartOf\":{\"@id\":\"https:\/\/biogroupvietnam.com\/vi\/#website\"},\"primaryImageOfPage\":{\"@id\":\"https:\/\/biogroupvietnam.com\/en\/product\/mve-vario-series-freezers\/#primaryimage\"},\"image\":{\"@id\":\"https:\/\/biogroupvietnam.com\/en\/product\/mve-vario-series-freezers\/#primaryimage\"},\"thumbnailUrl\":\"https:\/\/biogroupvietnam.com\/wp-content\/uploads\/2025\/08\/MVE-Vario-Series.jpg\",\"datePublished\":\"2025-08-18T12:52:50+00:00\",\"dateModified\":\"2026-01-12T09:47:31+00:00\",\"description\":\"B\u00ecnh L\u01b0u Tr\u1eef M\u1eabu MVE Vari\u014d\u00ae 1500 v\u00e0 1800 ho\u1ea1t \u0111\u1ed9ng nh\u01b0 t\u1ee7 \u0111\u00f4ng s\u00e2u (t\u1eeb -20\u00b0C \u0111\u1ebfn -150\u00b0C) l\u00e0 s\u1ef1 thay th\u1ebf ti\u00ean ti\u1ebfn v\u00e0 ti\u1ebft ki\u1ec7m \u0111i\u1ec7n trong vi\u1ec7c b\u1ea3o qu\u1ea3n \u0111\u00f4ng s\u00e2u c\u00e1c m\u1eabu sinh h\u1ecdc.\",\"breadcrumb\":{\"@id\":\"https:\/\/biogroupvietnam.com\/en\/product\/mve-vario-series-freezers\/#breadcrumb\"},\"inLanguage\":\"en-US\",\"potentialAction\":[{\"@type\":\"ReadAction\",\"target\":[\"https:\/\/biogroupvietnam.com\/en\/product\/mve-vario-series-freezers\/\"]}]},{\"@type\":\"ImageObject\",\"inLanguage\":\"en-US\",\"@id\":\"https:\/\/biogroupvietnam.com\/en\/product\/mve-vario-series-freezers\/#primaryimage\",\"url\":\"https:\/\/biogroupvietnam.com\/wp-content\/uploads\/2025\/08\/MVE-Vario-Series.jpg\",\"contentUrl\":\"https:\/\/biogroupvietnam.com\/wp-content\/uploads\/2025\/08\/MVE-Vario-Series.jpg\",\"width\":1640,\"height\":1260},{\"@type\":\"BreadcrumbList\",\"@id\":\"https:\/\/biogroupvietnam.com\/en\/product\/mve-vario-series-freezers\/#breadcrumb\",\"itemListElement\":[{\"@type\":\"ListItem\",\"position\":1,\"name\":\"Biogroup Vietnam | End-to-End Biotechnology Solutions\",\"item\":\"https:\/\/biogroupvietnam.com\/vi\/\"},{\"@type\":\"ListItem\",\"position\":2,\"name\":\"Product\",\"item\":\"https:\/\/biogroupvietnam.com\/vi\/san-pham\/\"},{\"@type\":\"ListItem\",\"position\":3,\"name\":\"Cellular Cryopreservation\",\"item\":\"https:\/\/biogroupvietnam.com\/vi\/danh-muc-san-pham\/bao-quan-lanh-te-bao\/\"},{\"@type\":\"ListItem\",\"position\":4,\"name\":\"Cryogenic Freezers\",\"item\":\"https:\/\/biogroupvietnam.com\/vi\/danh-muc-san-pham\/binh-inox-tru-mau-trong-nito-long\/\"},{\"@type\":\"ListItem\",\"position\":5,\"name\":\"MVE Vari\u014d\u00ae Series Freezers\"}]},{\"@type\":\"WebSite\",\"@id\":\"https:\/\/biogroupvietnam.com\/en\/vi\/#website\",\"url\":\"https:\/\/biogroupvietnam.com\/en\/vi\/\",\"name\":\"Biogroup Vietnam\",\"description\":\"Biogroup Vietnam cung c\u1ea5p d\u1ecbch v\u1ee5 k\u1ef9 thu\u1eadt c\u00f9ng thi\u1ebft b\u1ecb, v\u1eadt t\u01b0, h\u00f3a ch\u1ea5t v\u00e0 gi\u1ea3i ph\u00e1p sinh h\u1ecdc cho ph\u00f2ng th\u00ed nghi\u1ec7m c\u00f4ng ngh\u1ec7 sinh h\u1ecdc, y sinh v\u00e0 y h\u1ecdc t\u00e1i t\u1ea1o.\",\"potentialAction\":[{\"@type\":\"SearchAction\",\"target\":{\"@type\":\"EntryPoint\",\"urlTemplate\":\"https:\/\/biogroupvietnam.com\/en\/vi\/?s={search_term_string}\"},\"query-input\":{\"@type\":\"PropertyValueSpecification\",\"valueRequired\":true,\"valueName\":\"search_term_string\"}}],\"inLanguage\":\"en-US\"}]}<\/script>\n<!-- \/ Yoast SEO plugin. -->","yoast_head_json":{"title":"MVE Vari\u014d\u00ae Series Freezers","description":"The MVE 1500 and 1800 Vario Series Cryogenic Freezers are the Innovative and Energy Efficient Alternative for Ultra Low Temperature Cryogenic Storage The Vario Future Proofs Your Freezer Temperature Selection Taking the Risk Out of Your Decision Making The completely dry sample storage area maintains a user-defined temperature anywhere between -20\u00b0C and -150\u00b0C. The MVE&hellip;","robots":{"index":"index","follow":"follow","max-snippet":"max-snippet:-1","max-image-preview":"max-image-preview:large","max-video-preview":"max-video-preview:-1"},"canonical":"The MVE 1500 and 1800 Vario Series Cryogenic Freezers are the Innovative and Energy Efficient Alternative for Ultra Low Temperature Cryogenic Storage The Vario Future Proofs Your Freezer Temperature Selection Taking the Risk Out of Your Decision Making The completely dry sample storage area maintains a user-defined temperature anywhere between -20\u00b0C and -150\u00b0C. The MVE&hellip;","og_locale":"en_US","og_type":"article","og_title":"MVE Vari\u014d\u00ae Series Freezers","og_description":"The MVE 1500 and 1800 Vario Series Cryogenic Freezers are the Innovative and Energy Efficient Alternative for Ultra Low Temperature Cryogenic Storage The Vario Future Proofs Your Freezer Temperature Selection Taking the Risk Out of Your Decision Making The completely dry sample storage area maintains a user-defined temperature anywhere between -20\u00b0C and -150\u00b0C. The MVE&hellip;","og_url":"https:\/\/biogroupvietnam.com\/en\/product\/mve-vario-series-freezers\/","og_site_name":"Biogroup Vietnam","article_modified_time":"2026-01-12T09:47:31+00:00","og_image":[{"width":1640,"height":1260,"url":"https:\/\/biogroupvietnam.com\/wp-content\/uploads\/2025\/08\/MVE-Vario-Series.jpg","type":"image\/jpeg"}],"twitter_card":"summary_large_image","twitter_misc":{"Est. reading time":"5 minutes"},"schema":{"@context":"https:\/\/schema.org","@graph":[{"@type":"WebPage","@id":"https:\/\/biogroupvietnam.com\/en\/product\/mve-vario-series-freezers\/","url":"https:\/\/biogroupvietnam.com\/en\/product\/mve-vario-series-freezers\/","name":"B\u00ecnh L\u01b0u Tr\u1eef M\u1eabu MVE Vari\u014d\u00ae (T\u1ee7 L\u1ea1nh \u0110\u00f4ng S\u00e2u)","isPartOf":{"@id":"https:\/\/biogroupvietnam.com\/vi\/#website"},"primaryImageOfPage":{"@id":"https:\/\/biogroupvietnam.com\/en\/product\/mve-vario-series-freezers\/#primaryimage"},"image":{"@id":"https:\/\/biogroupvietnam.com\/en\/product\/mve-vario-series-freezers\/#primaryimage"},"thumbnailUrl":"https:\/\/biogroupvietnam.com\/wp-content\/uploads\/2025\/08\/MVE-Vario-Series.jpg","datePublished":"2025-08-18T12:52:50+00:00","dateModified":"2026-01-12T09:47:31+00:00","description":"B\u00ecnh L\u01b0u Tr\u1eef M\u1eabu MVE Vari\u014d\u00ae 1500 v\u00e0 1800 ho\u1ea1t \u0111\u1ed9ng nh\u01b0 t\u1ee7 \u0111\u00f4ng s\u00e2u (t\u1eeb -20\u00b0C \u0111\u1ebfn -150\u00b0C) l\u00e0 s\u1ef1 thay th\u1ebf ti\u00ean ti\u1ebfn v\u00e0 ti\u1ebft ki\u1ec7m \u0111i\u1ec7n trong vi\u1ec7c b\u1ea3o qu\u1ea3n \u0111\u00f4ng s\u00e2u c\u00e1c m\u1eabu sinh h\u1ecdc.","breadcrumb":{"@id":"https:\/\/biogroupvietnam.com\/en\/product\/mve-vario-series-freezers\/#breadcrumb"},"inLanguage":"en-US","potentialAction":[{"@type":"ReadAction","target":["https:\/\/biogroupvietnam.com\/en\/product\/mve-vario-series-freezers\/"]}]},{"@type":"ImageObject","inLanguage":"en-US","@id":"https:\/\/biogroupvietnam.com\/en\/product\/mve-vario-series-freezers\/#primaryimage","url":"https:\/\/biogroupvietnam.com\/wp-content\/uploads\/2025\/08\/MVE-Vario-Series.jpg","contentUrl":"https:\/\/biogroupvietnam.com\/wp-content\/uploads\/2025\/08\/MVE-Vario-Series.jpg","width":1640,"height":1260},{"@type":"BreadcrumbList","@id":"https:\/\/biogroupvietnam.com\/en\/product\/mve-vario-series-freezers\/#breadcrumb","itemListElement":[{"@type":"ListItem","position":1,"name":"Biogroup Vietnam | End-to-End Biotechnology Solutions","item":"https:\/\/biogroupvietnam.com\/vi\/"},{"@type":"ListItem","position":2,"name":"Product","item":"https:\/\/biogroupvietnam.com\/vi\/san-pham\/"},{"@type":"ListItem","position":3,"name":"Cellular Cryopreservation","item":"https:\/\/biogroupvietnam.com\/vi\/danh-muc-san-pham\/bao-quan-lanh-te-bao\/"},{"@type":"ListItem","position":4,"name":"Cryogenic Freezers","item":"https:\/\/biogroupvietnam.com\/vi\/danh-muc-san-pham\/binh-inox-tru-mau-trong-nito-long\/"},{"@type":"ListItem","position":5,"name":"MVE Vari\u014d\u00ae Series Freezers"}]},{"@type":"WebSite","@id":"https:\/\/biogroupvietnam.com\/en\/vi\/#website","url":"https:\/\/biogroupvietnam.com\/en\/vi\/","name":"Biogroup Vietnam","description":"Biogroup Vietnam cung c\u1ea5p d\u1ecbch v\u1ee5 k\u1ef9 thu\u1eadt c\u00f9ng thi\u1ebft b\u1ecb, v\u1eadt t\u01b0, h\u00f3a ch\u1ea5t v\u00e0 gi\u1ea3i ph\u00e1p sinh h\u1ecdc cho ph\u00f2ng th\u00ed nghi\u1ec7m c\u00f4ng ngh\u1ec7 sinh h\u1ecdc, y sinh v\u00e0 y h\u1ecdc t\u00e1i t\u1ea1o.","potentialAction":[{"@type":"SearchAction","target":{"@type":"EntryPoint","urlTemplate":"https:\/\/biogroupvietnam.com\/en\/vi\/?s={search_term_string}"},"query-input":{"@type":"PropertyValueSpecification","valueRequired":true,"valueName":"search_term_string"}}],"inLanguage":"en-US"}]}},"_links":{"self":[{"href":"https:\/\/biogroupvietnam.com\/en\/wp-json\/wp\/v2\/product\/3748","targetHints":{"allow":["GET"]}}],"collection":[{"href":"https:\/\/biogroupvietnam.com\/en\/wp-json\/wp\/v2\/product"}],"about":[{"href":"https:\/\/biogroupvietnam.com\/en\/wp-json\/wp\/v2\/types\/product"}],"replies":[{"embeddable":true,"href":"https:\/\/biogroupvietnam.com\/en\/wp-json\/wp\/v2\/comments?post=3748"}],"version-history":[{"count":6,"href":"https:\/\/biogroupvietnam.com\/en\/wp-json\/wp\/v2\/product\/3748\/revisions"}],"predecessor-version":[{"id":9514,"href":"https:\/\/biogroupvietnam.com\/en\/wp-json\/wp\/v2\/product\/3748\/revisions\/9514"}],"wp:featuredmedia":[{"embeddable":true,"href":"https:\/\/biogroupvietnam.com\/en\/wp-json\/wp\/v2\/media\/9050"}],"wp:attachment":[{"href":"https:\/\/biogroupvietnam.com\/en\/wp-json\/wp\/v2\/media?parent=3748"}],"wp:term":[{"taxonomy":"product_brand","embeddable":true,"href":"https:\/\/biogroupvietnam.com\/en\/wp-json\/wp\/v2\/product_brand?post=3748"},{"taxonomy":"product_cat","embeddable":true,"href":"https:\/\/biogroupvietnam.com\/en\/wp-json\/wp\/v2\/product_cat?post=3748"},{"taxonomy":"product_tag","embeddable":true,"href":"https:\/\/biogroupvietnam.com\/en\/wp-json\/wp\/v2\/product_tag?post=3748"}],"curies":[{"name":"wp","href":"https:\/\/api.w.org\/{rel}","templated":true}]}}