{"id":3749,"date":"2025-08-18T19:52:50","date_gmt":"2025-08-18T12:52:50","guid":{"rendered":"http:\/\/biogroupvietnam-worldpress.local\/product\/import-placeholder-for-99\/"},"modified":"2025-11-17T08:57:17","modified_gmt":"2025-11-17T01:57:17","slug":"bo-hut-dich-nuoi-cay","status":"publish","type":"product","link":"https:\/\/biogroupvietnam.com\/en\/product\/aspire-laboratory-aspirator\/","title":{"rendered":"ASPIRE Laboratory Aspirator"},"content":{"rendered":"<p>The ASPIRE is an ideal choice for a wide range of laboratory aspirating applications, including removal of media from tissue culture vessels or plates, and supernatants. An ergonomic, hand held controller&nbsp;is included, and holds standard 200 to 300ul disposable pipette tips.<\/p>\n<p>The Accuris ASPIRE Laboratory Aspirator incorporates a quiet, maintenance-free pump inside a sturdy, yet compact base. The vacuum pressure is fully adjustable, with a conveniently located pressure gauge that displays the vacuum level at all times.<\/p>\n<ul>\n<li>Compact Design.<\/li>\n<li>Built-in Vacuum Pump.<\/li>\n<li>Adjustable Vacuum Pressure.<\/li>\n<li>Safe and Precise Aspiration.<\/li>\n<\/ul>\n","protected":false},"excerpt":{"rendered":"<p>The ASPIRE is an ideal choice for a wide range of laboratory aspirating applications, including removal of media from tissue culture vessels or plates, and supernatants. An ergonomic, hand held controller&nbsp;is included, and holds standard 200 to 300ul disposable pipette tips. The Accuris ASPIRE Laboratory Aspirator incorporates a quiet, maintenance-free pump inside a sturdy, yet<\/p>\n<div class=\"klb-readmore post-buttons\"><a class=\"button rounded primary\" href=\"https:\/\/biogroupvietnam.com\/en\/product\/aspire-laboratory-aspirator\/\">Read More <i class=\"klbth-icon-right-arrow\"><\/i><\/a><\/div>\n","protected":false},"featured_media":8940,"comment_status":"closed","ping_status":"closed","template":"","meta":{"_acf_changed":false},"product_brand":[138],"product_cat":[121],"product_tag":[],"class_list":{"0":"post-3749","1":"product","2":"type-product","3":"status-publish","4":"has-post-thumbnail","6":"product_brand-benchmark-scientific","7":"product_cat-tu-an-toan-sinh-hoc","9":"first","10":"outofstock","11":"shipping-taxable","12":"product-type-simple"},"acf":[],"yoast_head":"<!-- This site is optimized with the Yoast SEO plugin v26.8 - https:\/\/yoast.com\/product\/yoast-seo-wordpress\/ -->\n<title>ASPIRE Laboratory Aspirator<\/title>\n<meta name=\"description\" content=\"The ASPIRE is an ideal choice for a wide range of laboratory aspirating applications, including removal of media from tissue culture vessels or plates, and supernatants. An ergonomic, hand held controller&nbsp;is included, and holds standard 200 to 300ul disposable pipette tips. The Accuris ASPIRE Laboratory Aspirator incorporates a quiet, maintenance-free pump inside a sturdy, yet&hellip;\" \/>\n<meta name=\"robots\" content=\"index, follow, max-snippet:-1, max-image-preview:large, max-video-preview:-1\" \/>\n<link rel=\"canonical\" href=\"http:\/\/The%20ASPIRE%20is%20an%20ideal%20choice%20for%20a%20wide%20range%20of%20laboratory%20aspirating%20applications,%20including%20removal%20of%20media%20from%20tissue%20culture%20vessels%20or%20plates,%20and%20supernatants.%20An%20ergonomic,%20hand%20held%20controller&nbsp;is%20included,%20and%20holds%20standard%20200%20to%20300ul%20disposable%20pipette%20tips.%20The%20Accuris%20ASPIRE%20Laboratory%20Aspirator%20incorporates%20a%20quiet,%20maintenance-free%20pump%20inside%20a%20sturdy,%20yet&hellip;\" \/>\n<meta property=\"og:locale\" content=\"en_US\" \/>\n<meta property=\"og:type\" content=\"article\" \/>\n<meta property=\"og:title\" content=\"ASPIRE Laboratory Aspirator\" \/>\n<meta property=\"og:description\" content=\"The ASPIRE is an ideal choice for a wide range of laboratory aspirating applications, including removal of media from tissue culture vessels or plates, and supernatants. An ergonomic, hand held controller&nbsp;is included, and holds standard 200 to 300ul disposable pipette tips. The Accuris ASPIRE Laboratory Aspirator incorporates a quiet, maintenance-free pump inside a sturdy, yet&hellip;\" \/>\n<meta property=\"og:url\" content=\"https:\/\/biogroupvietnam.com\/en\/product\/aspire-laboratory-aspirator\/\" \/>\n<meta property=\"og:site_name\" content=\"Biogroup Vietnam\" \/>\n<meta property=\"article:modified_time\" content=\"2025-11-17T01:57:17+00:00\" \/>\n<meta property=\"og:image\" content=\"https:\/\/biogroupvietnam.com\/wp-content\/uploads\/2025\/08\/Aspire-Laboratory-Aspirator.jpg\" \/>\n\t<meta property=\"og:image:width\" content=\"1640\" \/>\n\t<meta property=\"og:image:height\" content=\"1260\" \/>\n\t<meta property=\"og:image:type\" content=\"image\/jpeg\" \/>\n<meta name=\"twitter:card\" content=\"summary_large_image\" \/>\n<meta name=\"twitter:label1\" content=\"Est. reading time\" \/>\n\t<meta name=\"twitter:data1\" content=\"2 minutes\" \/>\n<script type=\"application\/ld+json\" class=\"yoast-schema-graph\">{\"@context\":\"https:\/\/schema.org\",\"@graph\":[{\"@type\":\"WebPage\",\"@id\":\"https:\/\/biogroupvietnam.com\/en\/product\/aspire-laboratory-aspirator\/\",\"url\":\"https:\/\/biogroupvietnam.com\/en\/product\/aspire-laboratory-aspirator\/\",\"name\":\"B\u1ed9 H\u00fat D\u1ecbch Nu\u00f4i C\u1ea5y ASPIRE\",\"isPartOf\":{\"@id\":\"https:\/\/biogroupvietnam.com\/vi\/#website\"},\"primaryImageOfPage\":{\"@id\":\"https:\/\/biogroupvietnam.com\/en\/product\/aspire-laboratory-aspirator\/#primaryimage\"},\"image\":{\"@id\":\"https:\/\/biogroupvietnam.com\/en\/product\/aspire-laboratory-aspirator\/#primaryimage\"},\"thumbnailUrl\":\"https:\/\/biogroupvietnam.com\/wp-content\/uploads\/2025\/08\/Aspire-Laboratory-Aspirator.jpg\",\"datePublished\":\"2025-08-18T12:52:50+00:00\",\"dateModified\":\"2025-11-17T01:57:17+00:00\",\"description\":\"ASPIRE l\u00e0 m\u1ed9t l\u1ef1a ch\u1ecdn l\u00fd t\u01b0\u1edfng cho m\u1ed9t lo\u1ea1t c\u00e1c \u1ee9ng d\u1ee5ng h\u00fat trong ph\u00f2ng th\u00ed nghi\u1ec7m, bao g\u1ed3m: lo\u1ea1i b\u1ecf m\u00f4i tr\u01b0\u1eddng kh\u1ecfi c\u00e1c b\u00ecnh nu\u00f4i c\u1ea5y m\u00f4 ho\u1eb7c \u0111\u0129a, v\u00e0 d\u1ecbch\u00a0n\u1ed5i. M\u1ed9t b\u1ed9 \u0111i\u1ec1u khi\u1ec3n c\u1ea7m tay ti\u1ec7n d\u1ee5ng \u0111\u01b0\u1ee3c bao g\u1ed3m v\u00e0 gi\u1eef c\u00e1c tip pipet\u00a0ti\u00eau chu\u1ea9n d\u00f9ng m\u1ed9t l\u1ea7n 200 \u0111\u1ebfn 300ul.\",\"breadcrumb\":{\"@id\":\"https:\/\/biogroupvietnam.com\/en\/product\/aspire-laboratory-aspirator\/#breadcrumb\"},\"inLanguage\":\"en-US\",\"potentialAction\":[{\"@type\":\"ReadAction\",\"target\":[\"https:\/\/biogroupvietnam.com\/en\/product\/aspire-laboratory-aspirator\/\"]}]},{\"@type\":\"ImageObject\",\"inLanguage\":\"en-US\",\"@id\":\"https:\/\/biogroupvietnam.com\/en\/product\/aspire-laboratory-aspirator\/#primaryimage\",\"url\":\"https:\/\/biogroupvietnam.com\/wp-content\/uploads\/2025\/08\/Aspire-Laboratory-Aspirator.jpg\",\"contentUrl\":\"https:\/\/biogroupvietnam.com\/wp-content\/uploads\/2025\/08\/Aspire-Laboratory-Aspirator.jpg\",\"width\":1640,\"height\":1260},{\"@type\":\"BreadcrumbList\",\"@id\":\"https:\/\/biogroupvietnam.com\/en\/product\/aspire-laboratory-aspirator\/#breadcrumb\",\"itemListElement\":[{\"@type\":\"ListItem\",\"position\":1,\"name\":\"Biogroup Vietnam | End-to-End Biotechnology Solutions\",\"item\":\"https:\/\/biogroupvietnam.com\/vi\/\"},{\"@type\":\"ListItem\",\"position\":2,\"name\":\"Product\",\"item\":\"https:\/\/biogroupvietnam.com\/vi\/san-pham\/\"},{\"@type\":\"ListItem\",\"position\":3,\"name\":\"Biological R&D\",\"item\":\"https:\/\/biogroupvietnam.com\/vi\/danh-muc-san-pham\/rd-sinh-hoc\/\"},{\"@type\":\"ListItem\",\"position\":4,\"name\":\"Biological Safety Cabinet\",\"item\":\"https:\/\/biogroupvietnam.com\/vi\/danh-muc-san-pham\/tu-an-toan-sinh-hoc\/\"},{\"@type\":\"ListItem\",\"position\":5,\"name\":\"ASPIRE Laboratory Aspirator\"}]},{\"@type\":\"WebSite\",\"@id\":\"https:\/\/biogroupvietnam.com\/en\/vi\/#website\",\"url\":\"https:\/\/biogroupvietnam.com\/en\/vi\/\",\"name\":\"Biogroup Vietnam\",\"description\":\"Biogroup Vietnam cung c\u1ea5p d\u1ecbch v\u1ee5 k\u1ef9 thu\u1eadt c\u00f9ng thi\u1ebft b\u1ecb, v\u1eadt t\u01b0, h\u00f3a ch\u1ea5t v\u00e0 gi\u1ea3i ph\u00e1p sinh h\u1ecdc cho ph\u00f2ng th\u00ed nghi\u1ec7m c\u00f4ng ngh\u1ec7 sinh h\u1ecdc, y sinh v\u00e0 y h\u1ecdc t\u00e1i t\u1ea1o.\",\"potentialAction\":[{\"@type\":\"SearchAction\",\"target\":{\"@type\":\"EntryPoint\",\"urlTemplate\":\"https:\/\/biogroupvietnam.com\/en\/vi\/?s={search_term_string}\"},\"query-input\":{\"@type\":\"PropertyValueSpecification\",\"valueRequired\":true,\"valueName\":\"search_term_string\"}}],\"inLanguage\":\"en-US\"}]}<\/script>\n<!-- \/ Yoast SEO plugin. -->","yoast_head_json":{"title":"ASPIRE Laboratory Aspirator","description":"The ASPIRE is an ideal choice for a wide range of laboratory aspirating applications, including removal of media from tissue culture vessels or plates, and supernatants. An ergonomic, hand held controller&nbsp;is included, and holds standard 200 to 300ul disposable pipette tips. The Accuris ASPIRE Laboratory Aspirator incorporates a quiet, maintenance-free pump inside a sturdy, yet&hellip;","robots":{"index":"index","follow":"follow","max-snippet":"max-snippet:-1","max-image-preview":"max-image-preview:large","max-video-preview":"max-video-preview:-1"},"canonical":"The ASPIRE is an ideal choice for a wide range of laboratory aspirating applications, including removal of media from tissue culture vessels or plates, and supernatants. An ergonomic, hand held controller&nbsp;is included, and holds standard 200 to 300ul disposable pipette tips. The Accuris ASPIRE Laboratory Aspirator incorporates a quiet, maintenance-free pump inside a sturdy, yet&hellip;","og_locale":"en_US","og_type":"article","og_title":"ASPIRE Laboratory Aspirator","og_description":"The ASPIRE is an ideal choice for a wide range of laboratory aspirating applications, including removal of media from tissue culture vessels or plates, and supernatants. An ergonomic, hand held controller&nbsp;is included, and holds standard 200 to 300ul disposable pipette tips. The Accuris ASPIRE Laboratory Aspirator incorporates a quiet, maintenance-free pump inside a sturdy, yet&hellip;","og_url":"https:\/\/biogroupvietnam.com\/en\/product\/aspire-laboratory-aspirator\/","og_site_name":"Biogroup Vietnam","article_modified_time":"2025-11-17T01:57:17+00:00","og_image":[{"width":1640,"height":1260,"url":"https:\/\/biogroupvietnam.com\/wp-content\/uploads\/2025\/08\/Aspire-Laboratory-Aspirator.jpg","type":"image\/jpeg"}],"twitter_card":"summary_large_image","twitter_misc":{"Est. reading time":"2 minutes"},"schema":{"@context":"https:\/\/schema.org","@graph":[{"@type":"WebPage","@id":"https:\/\/biogroupvietnam.com\/en\/product\/aspire-laboratory-aspirator\/","url":"https:\/\/biogroupvietnam.com\/en\/product\/aspire-laboratory-aspirator\/","name":"B\u1ed9 H\u00fat D\u1ecbch Nu\u00f4i C\u1ea5y ASPIRE","isPartOf":{"@id":"https:\/\/biogroupvietnam.com\/vi\/#website"},"primaryImageOfPage":{"@id":"https:\/\/biogroupvietnam.com\/en\/product\/aspire-laboratory-aspirator\/#primaryimage"},"image":{"@id":"https:\/\/biogroupvietnam.com\/en\/product\/aspire-laboratory-aspirator\/#primaryimage"},"thumbnailUrl":"https:\/\/biogroupvietnam.com\/wp-content\/uploads\/2025\/08\/Aspire-Laboratory-Aspirator.jpg","datePublished":"2025-08-18T12:52:50+00:00","dateModified":"2025-11-17T01:57:17+00:00","description":"ASPIRE l\u00e0 m\u1ed9t l\u1ef1a ch\u1ecdn l\u00fd t\u01b0\u1edfng cho m\u1ed9t lo\u1ea1t c\u00e1c \u1ee9ng d\u1ee5ng h\u00fat trong ph\u00f2ng th\u00ed nghi\u1ec7m, bao g\u1ed3m: lo\u1ea1i b\u1ecf m\u00f4i tr\u01b0\u1eddng kh\u1ecfi c\u00e1c b\u00ecnh nu\u00f4i c\u1ea5y m\u00f4 ho\u1eb7c \u0111\u0129a, v\u00e0 d\u1ecbch\u00a0n\u1ed5i. M\u1ed9t b\u1ed9 \u0111i\u1ec1u khi\u1ec3n c\u1ea7m tay ti\u1ec7n d\u1ee5ng \u0111\u01b0\u1ee3c bao g\u1ed3m v\u00e0 gi\u1eef c\u00e1c tip pipet\u00a0ti\u00eau chu\u1ea9n d\u00f9ng m\u1ed9t l\u1ea7n 200 \u0111\u1ebfn 300ul.","breadcrumb":{"@id":"https:\/\/biogroupvietnam.com\/en\/product\/aspire-laboratory-aspirator\/#breadcrumb"},"inLanguage":"en-US","potentialAction":[{"@type":"ReadAction","target":["https:\/\/biogroupvietnam.com\/en\/product\/aspire-laboratory-aspirator\/"]}]},{"@type":"ImageObject","inLanguage":"en-US","@id":"https:\/\/biogroupvietnam.com\/en\/product\/aspire-laboratory-aspirator\/#primaryimage","url":"https:\/\/biogroupvietnam.com\/wp-content\/uploads\/2025\/08\/Aspire-Laboratory-Aspirator.jpg","contentUrl":"https:\/\/biogroupvietnam.com\/wp-content\/uploads\/2025\/08\/Aspire-Laboratory-Aspirator.jpg","width":1640,"height":1260},{"@type":"BreadcrumbList","@id":"https:\/\/biogroupvietnam.com\/en\/product\/aspire-laboratory-aspirator\/#breadcrumb","itemListElement":[{"@type":"ListItem","position":1,"name":"Biogroup Vietnam | End-to-End Biotechnology Solutions","item":"https:\/\/biogroupvietnam.com\/vi\/"},{"@type":"ListItem","position":2,"name":"Product","item":"https:\/\/biogroupvietnam.com\/vi\/san-pham\/"},{"@type":"ListItem","position":3,"name":"Biological R&D","item":"https:\/\/biogroupvietnam.com\/vi\/danh-muc-san-pham\/rd-sinh-hoc\/"},{"@type":"ListItem","position":4,"name":"Biological Safety Cabinet","item":"https:\/\/biogroupvietnam.com\/vi\/danh-muc-san-pham\/tu-an-toan-sinh-hoc\/"},{"@type":"ListItem","position":5,"name":"ASPIRE Laboratory Aspirator"}]},{"@type":"WebSite","@id":"https:\/\/biogroupvietnam.com\/en\/vi\/#website","url":"https:\/\/biogroupvietnam.com\/en\/vi\/","name":"Biogroup Vietnam","description":"Biogroup Vietnam cung c\u1ea5p d\u1ecbch v\u1ee5 k\u1ef9 thu\u1eadt c\u00f9ng thi\u1ebft b\u1ecb, v\u1eadt t\u01b0, h\u00f3a ch\u1ea5t v\u00e0 gi\u1ea3i ph\u00e1p sinh h\u1ecdc cho ph\u00f2ng th\u00ed nghi\u1ec7m c\u00f4ng ngh\u1ec7 sinh h\u1ecdc, y sinh v\u00e0 y h\u1ecdc t\u00e1i t\u1ea1o.","potentialAction":[{"@type":"SearchAction","target":{"@type":"EntryPoint","urlTemplate":"https:\/\/biogroupvietnam.com\/en\/vi\/?s={search_term_string}"},"query-input":{"@type":"PropertyValueSpecification","valueRequired":true,"valueName":"search_term_string"}}],"inLanguage":"en-US"}]}},"_links":{"self":[{"href":"https:\/\/biogroupvietnam.com\/en\/wp-json\/wp\/v2\/product\/3749","targetHints":{"allow":["GET"]}}],"collection":[{"href":"https:\/\/biogroupvietnam.com\/en\/wp-json\/wp\/v2\/product"}],"about":[{"href":"https:\/\/biogroupvietnam.com\/en\/wp-json\/wp\/v2\/types\/product"}],"replies":[{"embeddable":true,"href":"https:\/\/biogroupvietnam.com\/en\/wp-json\/wp\/v2\/comments?post=3749"}],"version-history":[{"count":3,"href":"https:\/\/biogroupvietnam.com\/en\/wp-json\/wp\/v2\/product\/3749\/revisions"}],"predecessor-version":[{"id":8808,"href":"https:\/\/biogroupvietnam.com\/en\/wp-json\/wp\/v2\/product\/3749\/revisions\/8808"}],"wp:featuredmedia":[{"embeddable":true,"href":"https:\/\/biogroupvietnam.com\/en\/wp-json\/wp\/v2\/media\/8940"}],"wp:attachment":[{"href":"https:\/\/biogroupvietnam.com\/en\/wp-json\/wp\/v2\/media?parent=3749"}],"wp:term":[{"taxonomy":"product_brand","embeddable":true,"href":"https:\/\/biogroupvietnam.com\/en\/wp-json\/wp\/v2\/product_brand?post=3749"},{"taxonomy":"product_cat","embeddable":true,"href":"https:\/\/biogroupvietnam.com\/en\/wp-json\/wp\/v2\/product_cat?post=3749"},{"taxonomy":"product_tag","embeddable":true,"href":"https:\/\/biogroupvietnam.com\/en\/wp-json\/wp\/v2\/product_tag?post=3749"}],"curies":[{"name":"wp","href":"https:\/\/api.w.org\/{rel}","templated":true}]}}