{"id":3775,"date":"2025-08-18T19:53:14","date_gmt":"2025-08-18T12:53:14","guid":{"rendered":"http:\/\/biogroupvietnam-worldpress.local\/product\/import-placeholder-for-101\/"},"modified":"2025-11-17T16:19:57","modified_gmt":"2025-11-17T09:19:57","slug":"dung-cu-lay-mau-te-bao-voi-vi-tri-kim-tiem","status":"publish","type":"product","link":"https:\/\/biogroupvietnam.com\/en\/product\/spike-adaptor-one-spike-with-needle-injection-site\/","title":{"rendered":"Spike Adaptor - One spike with needle injection site"},"content":{"rendered":"<p>Spike Adaptor &#8211; One spike with needle injection site<\/p>\n","protected":false},"excerpt":{"rendered":"<p>Spike Adaptor &#8211; One spike with needle injection site<\/p>\n","protected":false},"featured_media":8987,"comment_status":"closed","ping_status":"closed","template":"","meta":{"_acf_changed":false},"product_brand":[124],"product_cat":[83],"product_tag":[],"class_list":{"0":"post-3775","1":"product","2":"type-product","3":"status-publish","4":"has-post-thumbnail","6":"product_brand-origen-biomedical","7":"product_cat-freezing-bag-for-stem-cell-blood-components","9":"first","10":"outofstock","11":"shipping-taxable","12":"product-type-simple"},"acf":[],"yoast_head":"<!-- This site is optimized with the Yoast SEO plugin v26.8 - https:\/\/yoast.com\/product\/yoast-seo-wordpress\/ -->\n<title>Spike Adaptor - One spike with needle injection site<\/title>\n<meta name=\"description\" content=\"Spike Adaptor - One spike with needle injection site\" \/>\n<meta name=\"robots\" content=\"index, follow, max-snippet:-1, max-image-preview:large, max-video-preview:-1\" \/>\n<link rel=\"canonical\" href=\"http:\/\/Spike%20Adaptor%20-%20One%20spike%20with%20needle%20injection%20site\" \/>\n<meta property=\"og:locale\" content=\"en_US\" \/>\n<meta property=\"og:type\" content=\"article\" \/>\n<meta property=\"og:title\" content=\"Spike Adaptor - One spike with needle injection site\" \/>\n<meta property=\"og:description\" content=\"Spike Adaptor - One spike with needle injection site\" \/>\n<meta property=\"og:url\" content=\"https:\/\/biogroupvietnam.com\/en\/product\/spike-adaptor-one-spike-with-needle-injection-site\/\" \/>\n<meta property=\"og:site_name\" content=\"Biogroup Vietnam\" \/>\n<meta property=\"article:modified_time\" content=\"2025-11-17T09:19:57+00:00\" \/>\n<meta property=\"og:image\" content=\"https:\/\/biogroupvietnam.com\/wp-content\/uploads\/2025\/08\/IBS-One-spike-with-needle-injection-site.jpg\" \/>\n\t<meta property=\"og:image:width\" content=\"1640\" \/>\n\t<meta property=\"og:image:height\" content=\"1260\" \/>\n\t<meta property=\"og:image:type\" content=\"image\/jpeg\" \/>\n<meta name=\"twitter:card\" content=\"summary_large_image\" \/>\n<meta name=\"twitter:label1\" content=\"Est. reading time\" \/>\n\t<meta name=\"twitter:data1\" content=\"2 minutes\" \/>\n<script type=\"application\/ld+json\" class=\"yoast-schema-graph\">{\"@context\":\"https:\/\/schema.org\",\"@graph\":[{\"@type\":\"WebPage\",\"@id\":\"https:\/\/biogroupvietnam.com\/en\/product\/spike-adaptor-one-spike-with-needle-injection-site\/\",\"url\":\"https:\/\/biogroupvietnam.com\/en\/product\/spike-adaptor-one-spike-with-needle-injection-site\/\",\"name\":\"D\u1ee5ng C\u1ee5 L\u1ea5y M\u1eabu T\u1ebf B\u00e0o V\u1edbi V\u1ecb Tr\u00ed Kim Ti\u00eam\",\"isPartOf\":{\"@id\":\"https:\/\/biogroupvietnam.com\/vi\/#website\"},\"primaryImageOfPage\":{\"@id\":\"https:\/\/biogroupvietnam.com\/en\/product\/spike-adaptor-one-spike-with-needle-injection-site\/#primaryimage\"},\"image\":{\"@id\":\"https:\/\/biogroupvietnam.com\/en\/product\/spike-adaptor-one-spike-with-needle-injection-site\/#primaryimage\"},\"thumbnailUrl\":\"https:\/\/biogroupvietnam.com\/wp-content\/uploads\/2025\/08\/IBS-One-spike-with-needle-injection-site.jpg\",\"datePublished\":\"2025-08-18T12:53:14+00:00\",\"dateModified\":\"2025-11-17T09:19:57+00:00\",\"description\":\"D\u1ee5ng c\u1ee5 l\u1ea5y m\u1eabu t\u1ebf b\u00e0o v\u00f4 tr\u00f9ng, c\u00f3 m\u1ed9t m\u0169i nh\u1ecdn v\u00e0 v\u1ecb tr\u00ed ti\u00eam kim, kh\u00e1ng DMSO (Spike Adaptor - One spike with needle injection site).\",\"breadcrumb\":{\"@id\":\"https:\/\/biogroupvietnam.com\/en\/product\/spike-adaptor-one-spike-with-needle-injection-site\/#breadcrumb\"},\"inLanguage\":\"en-US\",\"potentialAction\":[{\"@type\":\"ReadAction\",\"target\":[\"https:\/\/biogroupvietnam.com\/en\/product\/spike-adaptor-one-spike-with-needle-injection-site\/\"]}]},{\"@type\":\"ImageObject\",\"inLanguage\":\"en-US\",\"@id\":\"https:\/\/biogroupvietnam.com\/en\/product\/spike-adaptor-one-spike-with-needle-injection-site\/#primaryimage\",\"url\":\"https:\/\/biogroupvietnam.com\/wp-content\/uploads\/2025\/08\/IBS-One-spike-with-needle-injection-site.jpg\",\"contentUrl\":\"https:\/\/biogroupvietnam.com\/wp-content\/uploads\/2025\/08\/IBS-One-spike-with-needle-injection-site.jpg\",\"width\":1640,\"height\":1260},{\"@type\":\"BreadcrumbList\",\"@id\":\"https:\/\/biogroupvietnam.com\/en\/product\/spike-adaptor-one-spike-with-needle-injection-site\/#breadcrumb\",\"itemListElement\":[{\"@type\":\"ListItem\",\"position\":1,\"name\":\"Biogroup Vietnam | End-to-End Biotechnology Solutions\",\"item\":\"https:\/\/biogroupvietnam.com\/vi\/\"},{\"@type\":\"ListItem\",\"position\":2,\"name\":\"Product\",\"item\":\"https:\/\/biogroupvietnam.com\/vi\/san-pham\/\"},{\"@type\":\"ListItem\",\"position\":3,\"name\":\"Cell Processing\",\"item\":\"https:\/\/biogroupvietnam.com\/vi\/danh-muc-san-pham\/xu-ly-te-bao\/\"},{\"@type\":\"ListItem\",\"position\":4,\"name\":\"Freezing Bag for Stem Cell, Blood components\",\"item\":\"https:\/\/biogroupvietnam.com\/vi\/danh-muc-san-pham\/tui-luu-tru-te-bao-goc-cac-thanh-phan-mau\/\"},{\"@type\":\"ListItem\",\"position\":5,\"name\":\"Spike Adaptor - One spike with needle injection site\"}]},{\"@type\":\"WebSite\",\"@id\":\"https:\/\/biogroupvietnam.com\/en\/vi\/#website\",\"url\":\"https:\/\/biogroupvietnam.com\/en\/vi\/\",\"name\":\"Biogroup Vietnam\",\"description\":\"Biogroup Vietnam cung c\u1ea5p d\u1ecbch v\u1ee5 k\u1ef9 thu\u1eadt c\u00f9ng thi\u1ebft b\u1ecb, v\u1eadt t\u01b0, h\u00f3a ch\u1ea5t v\u00e0 gi\u1ea3i ph\u00e1p sinh h\u1ecdc cho ph\u00f2ng th\u00ed nghi\u1ec7m c\u00f4ng ngh\u1ec7 sinh h\u1ecdc, y sinh v\u00e0 y h\u1ecdc t\u00e1i t\u1ea1o.\",\"potentialAction\":[{\"@type\":\"SearchAction\",\"target\":{\"@type\":\"EntryPoint\",\"urlTemplate\":\"https:\/\/biogroupvietnam.com\/en\/vi\/?s={search_term_string}\"},\"query-input\":{\"@type\":\"PropertyValueSpecification\",\"valueRequired\":true,\"valueName\":\"search_term_string\"}}],\"inLanguage\":\"en-US\"}]}<\/script>\n<!-- \/ Yoast SEO plugin. -->","yoast_head_json":{"title":"Spike Adaptor - One spike with needle injection site","description":"Spike Adaptor - One spike with needle injection site","robots":{"index":"index","follow":"follow","max-snippet":"max-snippet:-1","max-image-preview":"max-image-preview:large","max-video-preview":"max-video-preview:-1"},"canonical":"Spike Adaptor - One spike with needle injection site","og_locale":"en_US","og_type":"article","og_title":"Spike Adaptor - One spike with needle injection site","og_description":"Spike Adaptor - One spike with needle injection site","og_url":"https:\/\/biogroupvietnam.com\/en\/product\/spike-adaptor-one-spike-with-needle-injection-site\/","og_site_name":"Biogroup Vietnam","article_modified_time":"2025-11-17T09:19:57+00:00","og_image":[{"width":1640,"height":1260,"url":"https:\/\/biogroupvietnam.com\/wp-content\/uploads\/2025\/08\/IBS-One-spike-with-needle-injection-site.jpg","type":"image\/jpeg"}],"twitter_card":"summary_large_image","twitter_misc":{"Est. reading time":"2 minutes"},"schema":{"@context":"https:\/\/schema.org","@graph":[{"@type":"WebPage","@id":"https:\/\/biogroupvietnam.com\/en\/product\/spike-adaptor-one-spike-with-needle-injection-site\/","url":"https:\/\/biogroupvietnam.com\/en\/product\/spike-adaptor-one-spike-with-needle-injection-site\/","name":"D\u1ee5ng C\u1ee5 L\u1ea5y M\u1eabu T\u1ebf B\u00e0o V\u1edbi V\u1ecb Tr\u00ed Kim Ti\u00eam","isPartOf":{"@id":"https:\/\/biogroupvietnam.com\/vi\/#website"},"primaryImageOfPage":{"@id":"https:\/\/biogroupvietnam.com\/en\/product\/spike-adaptor-one-spike-with-needle-injection-site\/#primaryimage"},"image":{"@id":"https:\/\/biogroupvietnam.com\/en\/product\/spike-adaptor-one-spike-with-needle-injection-site\/#primaryimage"},"thumbnailUrl":"https:\/\/biogroupvietnam.com\/wp-content\/uploads\/2025\/08\/IBS-One-spike-with-needle-injection-site.jpg","datePublished":"2025-08-18T12:53:14+00:00","dateModified":"2025-11-17T09:19:57+00:00","description":"D\u1ee5ng c\u1ee5 l\u1ea5y m\u1eabu t\u1ebf b\u00e0o v\u00f4 tr\u00f9ng, c\u00f3 m\u1ed9t m\u0169i nh\u1ecdn v\u00e0 v\u1ecb tr\u00ed ti\u00eam kim, kh\u00e1ng DMSO (Spike Adaptor - One spike with needle injection site).","breadcrumb":{"@id":"https:\/\/biogroupvietnam.com\/en\/product\/spike-adaptor-one-spike-with-needle-injection-site\/#breadcrumb"},"inLanguage":"en-US","potentialAction":[{"@type":"ReadAction","target":["https:\/\/biogroupvietnam.com\/en\/product\/spike-adaptor-one-spike-with-needle-injection-site\/"]}]},{"@type":"ImageObject","inLanguage":"en-US","@id":"https:\/\/biogroupvietnam.com\/en\/product\/spike-adaptor-one-spike-with-needle-injection-site\/#primaryimage","url":"https:\/\/biogroupvietnam.com\/wp-content\/uploads\/2025\/08\/IBS-One-spike-with-needle-injection-site.jpg","contentUrl":"https:\/\/biogroupvietnam.com\/wp-content\/uploads\/2025\/08\/IBS-One-spike-with-needle-injection-site.jpg","width":1640,"height":1260},{"@type":"BreadcrumbList","@id":"https:\/\/biogroupvietnam.com\/en\/product\/spike-adaptor-one-spike-with-needle-injection-site\/#breadcrumb","itemListElement":[{"@type":"ListItem","position":1,"name":"Biogroup Vietnam | End-to-End Biotechnology Solutions","item":"https:\/\/biogroupvietnam.com\/vi\/"},{"@type":"ListItem","position":2,"name":"Product","item":"https:\/\/biogroupvietnam.com\/vi\/san-pham\/"},{"@type":"ListItem","position":3,"name":"Cell Processing","item":"https:\/\/biogroupvietnam.com\/vi\/danh-muc-san-pham\/xu-ly-te-bao\/"},{"@type":"ListItem","position":4,"name":"Freezing Bag for Stem Cell, Blood components","item":"https:\/\/biogroupvietnam.com\/vi\/danh-muc-san-pham\/tui-luu-tru-te-bao-goc-cac-thanh-phan-mau\/"},{"@type":"ListItem","position":5,"name":"Spike Adaptor - One spike with needle injection site"}]},{"@type":"WebSite","@id":"https:\/\/biogroupvietnam.com\/en\/vi\/#website","url":"https:\/\/biogroupvietnam.com\/en\/vi\/","name":"Biogroup Vietnam","description":"Biogroup Vietnam cung c\u1ea5p d\u1ecbch v\u1ee5 k\u1ef9 thu\u1eadt c\u00f9ng thi\u1ebft b\u1ecb, v\u1eadt t\u01b0, h\u00f3a ch\u1ea5t v\u00e0 gi\u1ea3i ph\u00e1p sinh h\u1ecdc cho ph\u00f2ng th\u00ed nghi\u1ec7m c\u00f4ng ngh\u1ec7 sinh h\u1ecdc, y sinh v\u00e0 y h\u1ecdc t\u00e1i t\u1ea1o.","potentialAction":[{"@type":"SearchAction","target":{"@type":"EntryPoint","urlTemplate":"https:\/\/biogroupvietnam.com\/en\/vi\/?s={search_term_string}"},"query-input":{"@type":"PropertyValueSpecification","valueRequired":true,"valueName":"search_term_string"}}],"inLanguage":"en-US"}]}},"_links":{"self":[{"href":"https:\/\/biogroupvietnam.com\/en\/wp-json\/wp\/v2\/product\/3775","targetHints":{"allow":["GET"]}}],"collection":[{"href":"https:\/\/biogroupvietnam.com\/en\/wp-json\/wp\/v2\/product"}],"about":[{"href":"https:\/\/biogroupvietnam.com\/en\/wp-json\/wp\/v2\/types\/product"}],"replies":[{"embeddable":true,"href":"https:\/\/biogroupvietnam.com\/en\/wp-json\/wp\/v2\/comments?post=3775"}],"version-history":[{"count":3,"href":"https:\/\/biogroupvietnam.com\/en\/wp-json\/wp\/v2\/product\/3775\/revisions"}],"predecessor-version":[{"id":9001,"href":"https:\/\/biogroupvietnam.com\/en\/wp-json\/wp\/v2\/product\/3775\/revisions\/9001"}],"wp:featuredmedia":[{"embeddable":true,"href":"https:\/\/biogroupvietnam.com\/en\/wp-json\/wp\/v2\/media\/8987"}],"wp:attachment":[{"href":"https:\/\/biogroupvietnam.com\/en\/wp-json\/wp\/v2\/media?parent=3775"}],"wp:term":[{"taxonomy":"product_brand","embeddable":true,"href":"https:\/\/biogroupvietnam.com\/en\/wp-json\/wp\/v2\/product_brand?post=3775"},{"taxonomy":"product_cat","embeddable":true,"href":"https:\/\/biogroupvietnam.com\/en\/wp-json\/wp\/v2\/product_cat?post=3775"},{"taxonomy":"product_tag","embeddable":true,"href":"https:\/\/biogroupvietnam.com\/en\/wp-json\/wp\/v2\/product_tag?post=3775"}],"curies":[{"name":"wp","href":"https:\/\/api.w.org\/{rel}","templated":true}]}}