{"id":3776,"date":"2025-08-18T19:53:14","date_gmt":"2025-08-18T12:53:14","guid":{"rendered":"http:\/\/biogroupvietnam-worldpress.local\/product\/import-placeholder-for-102\/"},"modified":"2026-01-07T15:05:08","modified_gmt":"2026-01-07T08:05:08","slug":"mve-lab-series","status":"publish","type":"product","link":"https:\/\/biogroupvietnam.com\/en\/product\/mve-lab-30-cryogenic-liquid-dewars\/","title":{"rendered":"MVE Lab 30 Cryogenic Liquid Dewars"},"content":{"rendered":"<p><a href=\"https:\/\/biogroupvietnam.com\/vi\/contacts\/\">Lab 30<\/a>&nbsp;Cryogenic Liquid Dewars Used in Laboratories and Medical Facilities Worldwide to Store Liquid Nitrogen.<\/p>\n","protected":false},"excerpt":{"rendered":"<p>Lab 30&nbsp;Cryogenic Liquid Dewars Used in Laboratories and Medical Facilities Worldwide to Store Liquid Nitrogen.<\/p>\n","protected":false},"featured_media":9051,"comment_status":"closed","ping_status":"closed","template":"","meta":{"_acf_changed":false},"product_brand":[128],"product_cat":[97],"product_tag":[],"class_list":{"0":"post-3776","1":"product","2":"type-product","3":"status-publish","4":"has-post-thumbnail","6":"product_brand-mve-biological-solutions","7":"product_cat-cryogenic-dewar-for-storing-embryos-and-sperm","9":"first","10":"outofstock","11":"shipping-taxable","12":"product-type-simple"},"acf":[],"yoast_head":"<!-- This site is optimized with the Yoast SEO plugin v26.8 - https:\/\/yoast.com\/product\/yoast-seo-wordpress\/ -->\n<title>MVE Lab 30 Cryogenic Liquid Dewars<\/title>\n<meta name=\"description\" content=\"Lab 30&nbsp;Cryogenic Liquid Dewars Used in Laboratories and Medical Facilities Worldwide to Store Liquid Nitrogen.\" \/>\n<meta name=\"robots\" content=\"index, follow, max-snippet:-1, max-image-preview:large, max-video-preview:-1\" \/>\n<link rel=\"canonical\" href=\"http:\/\/Lab%2030&nbsp;Cryogenic%20Liquid%20Dewars%20Used%20in%20Laboratories%20and%20Medical%20Facilities%20Worldwide%20to%20Store%20Liquid%20Nitrogen.\" \/>\n<meta property=\"og:locale\" content=\"en_US\" \/>\n<meta property=\"og:type\" content=\"article\" \/>\n<meta property=\"og:title\" content=\"MVE Lab 30 Cryogenic Liquid Dewars\" \/>\n<meta property=\"og:description\" content=\"Lab 30&nbsp;Cryogenic Liquid Dewars Used in Laboratories and Medical Facilities Worldwide to Store Liquid Nitrogen.\" \/>\n<meta property=\"og:url\" content=\"https:\/\/biogroupvietnam.com\/en\/product\/mve-lab-30-cryogenic-liquid-dewars\/\" \/>\n<meta property=\"og:site_name\" content=\"Biogroup Vietnam\" \/>\n<meta property=\"article:modified_time\" content=\"2026-01-07T08:05:08+00:00\" \/>\n<meta property=\"og:image\" content=\"https:\/\/biogroupvietnam.com\/wp-content\/uploads\/2025\/08\/MVE-Lab-Series.jpg\" \/>\n\t<meta property=\"og:image:width\" content=\"1640\" \/>\n\t<meta property=\"og:image:height\" content=\"1260\" \/>\n\t<meta property=\"og:image:type\" content=\"image\/jpeg\" \/>\n<meta name=\"twitter:card\" content=\"summary_large_image\" \/>\n<meta name=\"twitter:label1\" content=\"Est. reading time\" \/>\n\t<meta name=\"twitter:data1\" content=\"4 minutes\" \/>\n<script type=\"application\/ld+json\" class=\"yoast-schema-graph\">{\"@context\":\"https:\/\/schema.org\",\"@graph\":[{\"@type\":\"WebPage\",\"@id\":\"https:\/\/biogroupvietnam.com\/en\/product\/mve-lab-30-cryogenic-liquid-dewars\/\",\"url\":\"https:\/\/biogroupvietnam.com\/en\/product\/mve-lab-30-cryogenic-liquid-dewars\/\",\"name\":\"B\u00ecnh Ch\u1ee9a Nit\u01a1 L\u1ecfng MVE Lab\",\"isPartOf\":{\"@id\":\"https:\/\/biogroupvietnam.com\/vi\/#website\"},\"primaryImageOfPage\":{\"@id\":\"https:\/\/biogroupvietnam.com\/en\/product\/mve-lab-30-cryogenic-liquid-dewars\/#primaryimage\"},\"image\":{\"@id\":\"https:\/\/biogroupvietnam.com\/en\/product\/mve-lab-30-cryogenic-liquid-dewars\/#primaryimage\"},\"thumbnailUrl\":\"https:\/\/biogroupvietnam.com\/wp-content\/uploads\/2025\/08\/MVE-Lab-Series.jpg\",\"datePublished\":\"2025-08-18T12:53:14+00:00\",\"dateModified\":\"2026-01-07T08:05:08+00:00\",\"description\":\"D\u00f2ng b\u00ecnh ch\u1ee9a\u00a0nit\u01a1 l\u1ecfng MVE Lab \u0111\u01b0\u1ee3c s\u1eed d\u1ee5ng ph\u1ed5 bi\u1ebfn t\u1ea1i c\u00e1c ph\u00f2ng lab sinh h\u1ecdc v\u00e0 c\u00e1c c\u01a1 s\u1edf y t\u1ebf \u0111\u1ec3 ch\u1ee9a v\u00e0 n\u1ea1p nit\u01a1 l\u1ecfng v\u00e0o c\u00e1c b\u00ecnh l\u01b0u tr\u1eef m\u1eabu sinh h\u1ecdc (th\u00f4ng th\u01b0\u1eddng th\u1ec3 t\u00edch &lt;50 l\u00edt).\",\"breadcrumb\":{\"@id\":\"https:\/\/biogroupvietnam.com\/en\/product\/mve-lab-30-cryogenic-liquid-dewars\/#breadcrumb\"},\"inLanguage\":\"en-US\",\"potentialAction\":[{\"@type\":\"ReadAction\",\"target\":[\"https:\/\/biogroupvietnam.com\/en\/product\/mve-lab-30-cryogenic-liquid-dewars\/\"]}]},{\"@type\":\"ImageObject\",\"inLanguage\":\"en-US\",\"@id\":\"https:\/\/biogroupvietnam.com\/en\/product\/mve-lab-30-cryogenic-liquid-dewars\/#primaryimage\",\"url\":\"https:\/\/biogroupvietnam.com\/wp-content\/uploads\/2025\/08\/MVE-Lab-Series.jpg\",\"contentUrl\":\"https:\/\/biogroupvietnam.com\/wp-content\/uploads\/2025\/08\/MVE-Lab-Series.jpg\",\"width\":1640,\"height\":1260},{\"@type\":\"BreadcrumbList\",\"@id\":\"https:\/\/biogroupvietnam.com\/en\/product\/mve-lab-30-cryogenic-liquid-dewars\/#breadcrumb\",\"itemListElement\":[{\"@type\":\"ListItem\",\"position\":1,\"name\":\"Biogroup Vietnam | End-to-End Biotechnology Solutions\",\"item\":\"https:\/\/biogroupvietnam.com\/vi\/\"},{\"@type\":\"ListItem\",\"position\":2,\"name\":\"Product\",\"item\":\"https:\/\/biogroupvietnam.com\/vi\/san-pham\/\"},{\"@type\":\"ListItem\",\"position\":3,\"name\":\"Cellular Cryopreservation\",\"item\":\"https:\/\/biogroupvietnam.com\/vi\/danh-muc-san-pham\/bao-quan-lanh-te-bao\/\"},{\"@type\":\"ListItem\",\"position\":4,\"name\":\"Cryogenic Dewar For Storing Embryos and Sperm\",\"item\":\"https:\/\/biogroupvietnam.com\/vi\/danh-muc-san-pham\/binh-tru-lanh-phoi-tinh-trung\/\"},{\"@type\":\"ListItem\",\"position\":5,\"name\":\"MVE Lab 30 Cryogenic Liquid Dewars\"}]},{\"@type\":\"WebSite\",\"@id\":\"https:\/\/biogroupvietnam.com\/en\/vi\/#website\",\"url\":\"https:\/\/biogroupvietnam.com\/en\/vi\/\",\"name\":\"Biogroup Vietnam\",\"description\":\"Biogroup Vietnam cung c\u1ea5p d\u1ecbch v\u1ee5 k\u1ef9 thu\u1eadt c\u00f9ng thi\u1ebft b\u1ecb, v\u1eadt t\u01b0, h\u00f3a ch\u1ea5t v\u00e0 gi\u1ea3i ph\u00e1p sinh h\u1ecdc cho ph\u00f2ng th\u00ed nghi\u1ec7m c\u00f4ng ngh\u1ec7 sinh h\u1ecdc, y sinh v\u00e0 y h\u1ecdc t\u00e1i t\u1ea1o.\",\"potentialAction\":[{\"@type\":\"SearchAction\",\"target\":{\"@type\":\"EntryPoint\",\"urlTemplate\":\"https:\/\/biogroupvietnam.com\/en\/vi\/?s={search_term_string}\"},\"query-input\":{\"@type\":\"PropertyValueSpecification\",\"valueRequired\":true,\"valueName\":\"search_term_string\"}}],\"inLanguage\":\"en-US\"}]}<\/script>\n<!-- \/ Yoast SEO plugin. -->","yoast_head_json":{"title":"MVE Lab 30 Cryogenic Liquid Dewars","description":"Lab 30&nbsp;Cryogenic Liquid Dewars Used in Laboratories and Medical Facilities Worldwide to Store Liquid Nitrogen.","robots":{"index":"index","follow":"follow","max-snippet":"max-snippet:-1","max-image-preview":"max-image-preview:large","max-video-preview":"max-video-preview:-1"},"canonical":"Lab 30&nbsp;Cryogenic Liquid Dewars Used in Laboratories and Medical Facilities Worldwide to Store Liquid Nitrogen.","og_locale":"en_US","og_type":"article","og_title":"MVE Lab 30 Cryogenic Liquid Dewars","og_description":"Lab 30&nbsp;Cryogenic Liquid Dewars Used in Laboratories and Medical Facilities Worldwide to Store Liquid Nitrogen.","og_url":"https:\/\/biogroupvietnam.com\/en\/product\/mve-lab-30-cryogenic-liquid-dewars\/","og_site_name":"Biogroup Vietnam","article_modified_time":"2026-01-07T08:05:08+00:00","og_image":[{"width":1640,"height":1260,"url":"https:\/\/biogroupvietnam.com\/wp-content\/uploads\/2025\/08\/MVE-Lab-Series.jpg","type":"image\/jpeg"}],"twitter_card":"summary_large_image","twitter_misc":{"Est. reading time":"4 minutes"},"schema":{"@context":"https:\/\/schema.org","@graph":[{"@type":"WebPage","@id":"https:\/\/biogroupvietnam.com\/en\/product\/mve-lab-30-cryogenic-liquid-dewars\/","url":"https:\/\/biogroupvietnam.com\/en\/product\/mve-lab-30-cryogenic-liquid-dewars\/","name":"B\u00ecnh Ch\u1ee9a Nit\u01a1 L\u1ecfng MVE Lab","isPartOf":{"@id":"https:\/\/biogroupvietnam.com\/vi\/#website"},"primaryImageOfPage":{"@id":"https:\/\/biogroupvietnam.com\/en\/product\/mve-lab-30-cryogenic-liquid-dewars\/#primaryimage"},"image":{"@id":"https:\/\/biogroupvietnam.com\/en\/product\/mve-lab-30-cryogenic-liquid-dewars\/#primaryimage"},"thumbnailUrl":"https:\/\/biogroupvietnam.com\/wp-content\/uploads\/2025\/08\/MVE-Lab-Series.jpg","datePublished":"2025-08-18T12:53:14+00:00","dateModified":"2026-01-07T08:05:08+00:00","description":"D\u00f2ng b\u00ecnh ch\u1ee9a\u00a0nit\u01a1 l\u1ecfng MVE Lab \u0111\u01b0\u1ee3c s\u1eed d\u1ee5ng ph\u1ed5 bi\u1ebfn t\u1ea1i c\u00e1c ph\u00f2ng lab sinh h\u1ecdc v\u00e0 c\u00e1c c\u01a1 s\u1edf y t\u1ebf \u0111\u1ec3 ch\u1ee9a v\u00e0 n\u1ea1p nit\u01a1 l\u1ecfng v\u00e0o c\u00e1c b\u00ecnh l\u01b0u tr\u1eef m\u1eabu sinh h\u1ecdc (th\u00f4ng th\u01b0\u1eddng th\u1ec3 t\u00edch &lt;50 l\u00edt).","breadcrumb":{"@id":"https:\/\/biogroupvietnam.com\/en\/product\/mve-lab-30-cryogenic-liquid-dewars\/#breadcrumb"},"inLanguage":"en-US","potentialAction":[{"@type":"ReadAction","target":["https:\/\/biogroupvietnam.com\/en\/product\/mve-lab-30-cryogenic-liquid-dewars\/"]}]},{"@type":"ImageObject","inLanguage":"en-US","@id":"https:\/\/biogroupvietnam.com\/en\/product\/mve-lab-30-cryogenic-liquid-dewars\/#primaryimage","url":"https:\/\/biogroupvietnam.com\/wp-content\/uploads\/2025\/08\/MVE-Lab-Series.jpg","contentUrl":"https:\/\/biogroupvietnam.com\/wp-content\/uploads\/2025\/08\/MVE-Lab-Series.jpg","width":1640,"height":1260},{"@type":"BreadcrumbList","@id":"https:\/\/biogroupvietnam.com\/en\/product\/mve-lab-30-cryogenic-liquid-dewars\/#breadcrumb","itemListElement":[{"@type":"ListItem","position":1,"name":"Biogroup Vietnam | End-to-End Biotechnology Solutions","item":"https:\/\/biogroupvietnam.com\/vi\/"},{"@type":"ListItem","position":2,"name":"Product","item":"https:\/\/biogroupvietnam.com\/vi\/san-pham\/"},{"@type":"ListItem","position":3,"name":"Cellular Cryopreservation","item":"https:\/\/biogroupvietnam.com\/vi\/danh-muc-san-pham\/bao-quan-lanh-te-bao\/"},{"@type":"ListItem","position":4,"name":"Cryogenic Dewar For Storing Embryos and Sperm","item":"https:\/\/biogroupvietnam.com\/vi\/danh-muc-san-pham\/binh-tru-lanh-phoi-tinh-trung\/"},{"@type":"ListItem","position":5,"name":"MVE Lab 30 Cryogenic Liquid Dewars"}]},{"@type":"WebSite","@id":"https:\/\/biogroupvietnam.com\/en\/vi\/#website","url":"https:\/\/biogroupvietnam.com\/en\/vi\/","name":"Biogroup Vietnam","description":"Biogroup Vietnam cung c\u1ea5p d\u1ecbch v\u1ee5 k\u1ef9 thu\u1eadt c\u00f9ng thi\u1ebft b\u1ecb, v\u1eadt t\u01b0, h\u00f3a ch\u1ea5t v\u00e0 gi\u1ea3i ph\u00e1p sinh h\u1ecdc cho ph\u00f2ng th\u00ed nghi\u1ec7m c\u00f4ng ngh\u1ec7 sinh h\u1ecdc, y sinh v\u00e0 y h\u1ecdc t\u00e1i t\u1ea1o.","potentialAction":[{"@type":"SearchAction","target":{"@type":"EntryPoint","urlTemplate":"https:\/\/biogroupvietnam.com\/en\/vi\/?s={search_term_string}"},"query-input":{"@type":"PropertyValueSpecification","valueRequired":true,"valueName":"search_term_string"}}],"inLanguage":"en-US"}]}},"_links":{"self":[{"href":"https:\/\/biogroupvietnam.com\/en\/wp-json\/wp\/v2\/product\/3776","targetHints":{"allow":["GET"]}}],"collection":[{"href":"https:\/\/biogroupvietnam.com\/en\/wp-json\/wp\/v2\/product"}],"about":[{"href":"https:\/\/biogroupvietnam.com\/en\/wp-json\/wp\/v2\/types\/product"}],"replies":[{"embeddable":true,"href":"https:\/\/biogroupvietnam.com\/en\/wp-json\/wp\/v2\/comments?post=3776"}],"version-history":[{"count":4,"href":"https:\/\/biogroupvietnam.com\/en\/wp-json\/wp\/v2\/product\/3776\/revisions"}],"predecessor-version":[{"id":9404,"href":"https:\/\/biogroupvietnam.com\/en\/wp-json\/wp\/v2\/product\/3776\/revisions\/9404"}],"wp:featuredmedia":[{"embeddable":true,"href":"https:\/\/biogroupvietnam.com\/en\/wp-json\/wp\/v2\/media\/9051"}],"wp:attachment":[{"href":"https:\/\/biogroupvietnam.com\/en\/wp-json\/wp\/v2\/media?parent=3776"}],"wp:term":[{"taxonomy":"product_brand","embeddable":true,"href":"https:\/\/biogroupvietnam.com\/en\/wp-json\/wp\/v2\/product_brand?post=3776"},{"taxonomy":"product_cat","embeddable":true,"href":"https:\/\/biogroupvietnam.com\/en\/wp-json\/wp\/v2\/product_cat?post=3776"},{"taxonomy":"product_tag","embeddable":true,"href":"https:\/\/biogroupvietnam.com\/en\/wp-json\/wp\/v2\/product_tag?post=3776"}],"curies":[{"name":"wp","href":"https:\/\/api.w.org\/{rel}","templated":true}]}}