{"id":3777,"date":"2025-08-18T19:53:14","date_gmt":"2025-08-18T12:53:14","guid":{"rendered":"http:\/\/biogroupvietnam-worldpress.local\/product\/import-placeholder-for-103\/"},"modified":"2026-01-07T15:26:09","modified_gmt":"2026-01-07T08:26:09","slug":"mve-stock-series","status":"publish","type":"product","link":"https:\/\/biogroupvietnam.com\/en\/product\/mve-stock-series\/","title":{"rendered":"MVE Stock Series"},"content":{"rendered":"<p>The <a href=\"https:\/\/mvebio.com\/cryogenic-freezers\/mve-stock-series\/\">MVE Stock Series<\/a> Provides the Ultimate in Security for the Breeding Industry. The MVE Stock Series freezers are designed primarily for storage of either vials or straws on canes in liquid nitrogen, but can also be used for vapor phase storage with the vapor storage accessory package.<\/p>\n","protected":false},"excerpt":{"rendered":"<p>The MVE Stock Series Provides the Ultimate in Security for the Breeding Industry. The MVE Stock Series freezers are designed primarily for storage of either vials or straws on canes in liquid nitrogen, but can also be used for vapor phase storage with the vapor storage accessory package.<\/p>\n","protected":false},"featured_media":9066,"comment_status":"closed","ping_status":"closed","template":"","meta":{"_acf_changed":false},"product_brand":[128],"product_cat":[97],"product_tag":[],"class_list":{"0":"post-3777","1":"product","2":"type-product","3":"status-publish","4":"has-post-thumbnail","6":"product_brand-mve-biological-solutions","7":"product_cat-cryogenic-dewar-for-storing-embryos-and-sperm","9":"first","10":"outofstock","11":"shipping-taxable","12":"product-type-simple"},"acf":[],"yoast_head":"<!-- This site is optimized with the Yoast SEO plugin v26.8 - https:\/\/yoast.com\/product\/yoast-seo-wordpress\/ -->\n<title>MVE Stock Series<\/title>\n<meta name=\"description\" content=\"The MVE Stock Series Provides the Ultimate in Security for the Breeding Industry. The MVE Stock Series freezers are designed primarily for storage of either vials or straws on canes in liquid nitrogen, but can also be used for vapor phase storage with the vapor storage accessory package.\" \/>\n<meta name=\"robots\" content=\"index, follow, max-snippet:-1, max-image-preview:large, max-video-preview:-1\" \/>\n<link rel=\"canonical\" href=\"http:\/\/The%20MVE%20Stock%20Series%20Provides%20the%20Ultimate%20in%20Security%20for%20the%20Breeding%20Industry.%20The%20MVE%20Stock%20Series%20freezers%20are%20designed%20primarily%20for%20storage%20of%20either%20vials%20or%20straws%20on%20canes%20in%20liquid%20nitrogen,%20but%20can%20also%20be%20used%20for%20vapor%20phase%20storage%20with%20the%20vapor%20storage%20accessory%20package.\" \/>\n<meta property=\"og:locale\" content=\"en_US\" \/>\n<meta property=\"og:type\" content=\"article\" \/>\n<meta property=\"og:title\" content=\"MVE Stock Series\" \/>\n<meta property=\"og:description\" content=\"The MVE Stock Series Provides the Ultimate in Security for the Breeding Industry. The MVE Stock Series freezers are designed primarily for storage of either vials or straws on canes in liquid nitrogen, but can also be used for vapor phase storage with the vapor storage accessory package.\" \/>\n<meta property=\"og:url\" content=\"https:\/\/biogroupvietnam.com\/en\/product\/mve-stock-series\/\" \/>\n<meta property=\"og:site_name\" content=\"Biogroup Vietnam\" \/>\n<meta property=\"article:modified_time\" content=\"2026-01-07T08:26:09+00:00\" \/>\n<meta property=\"og:image\" content=\"https:\/\/biogroupvietnam.com\/wp-content\/uploads\/2025\/08\/MVE-Stock-Series.jpg\" \/>\n\t<meta property=\"og:image:width\" content=\"1640\" \/>\n\t<meta property=\"og:image:height\" content=\"1260\" \/>\n\t<meta property=\"og:image:type\" content=\"image\/jpeg\" \/>\n<meta name=\"twitter:card\" content=\"summary_large_image\" \/>\n<meta name=\"twitter:label1\" content=\"Est. reading time\" \/>\n\t<meta name=\"twitter:data1\" content=\"6 minutes\" \/>\n<script type=\"application\/ld+json\" class=\"yoast-schema-graph\">{\"@context\":\"https:\/\/schema.org\",\"@graph\":[{\"@type\":\"WebPage\",\"@id\":\"https:\/\/biogroupvietnam.com\/en\/product\/mve-stock-series\/\",\"url\":\"https:\/\/biogroupvietnam.com\/en\/product\/mve-stock-series\/\",\"name\":\"B\u00ecnh Tr\u1eef L\u1ea1nh Ph\u00f4i, Tinh Tr\u00f9ng MVE Stock Series\",\"isPartOf\":{\"@id\":\"https:\/\/biogroupvietnam.com\/vi\/#website\"},\"primaryImageOfPage\":{\"@id\":\"https:\/\/biogroupvietnam.com\/en\/product\/mve-stock-series\/#primaryimage\"},\"image\":{\"@id\":\"https:\/\/biogroupvietnam.com\/en\/product\/mve-stock-series\/#primaryimage\"},\"thumbnailUrl\":\"https:\/\/biogroupvietnam.com\/wp-content\/uploads\/2025\/08\/MVE-Stock-Series.jpg\",\"datePublished\":\"2025-08-18T12:53:14+00:00\",\"dateModified\":\"2026-01-07T08:26:09+00:00\",\"description\":\"D\u00f2ng b\u00ecnh MVE Stock\u00a0mang l\u1ea1i s\u1ef1 an to\u00e0n, t\u1ed1i \u01b0u trong\u00a0tr\u1eef l\u1ea1nh\u00a0ph\u00f4i, tinh tr\u00f9ng ho\u1eb7c no\u00e3n cho ng\u00e0nh h\u1ed7\u00a0tr\u1ee3 sinh s\u1ea3n v\u00e0 ch\u0103n nu\u00f4i.\",\"breadcrumb\":{\"@id\":\"https:\/\/biogroupvietnam.com\/en\/product\/mve-stock-series\/#breadcrumb\"},\"inLanguage\":\"en-US\",\"potentialAction\":[{\"@type\":\"ReadAction\",\"target\":[\"https:\/\/biogroupvietnam.com\/en\/product\/mve-stock-series\/\"]}]},{\"@type\":\"ImageObject\",\"inLanguage\":\"en-US\",\"@id\":\"https:\/\/biogroupvietnam.com\/en\/product\/mve-stock-series\/#primaryimage\",\"url\":\"https:\/\/biogroupvietnam.com\/wp-content\/uploads\/2025\/08\/MVE-Stock-Series.jpg\",\"contentUrl\":\"https:\/\/biogroupvietnam.com\/wp-content\/uploads\/2025\/08\/MVE-Stock-Series.jpg\",\"width\":1640,\"height\":1260},{\"@type\":\"BreadcrumbList\",\"@id\":\"https:\/\/biogroupvietnam.com\/en\/product\/mve-stock-series\/#breadcrumb\",\"itemListElement\":[{\"@type\":\"ListItem\",\"position\":1,\"name\":\"Biogroup Vietnam | End-to-End Biotechnology Solutions\",\"item\":\"https:\/\/biogroupvietnam.com\/vi\/\"},{\"@type\":\"ListItem\",\"position\":2,\"name\":\"Product\",\"item\":\"https:\/\/biogroupvietnam.com\/vi\/san-pham\/\"},{\"@type\":\"ListItem\",\"position\":3,\"name\":\"Cellular Cryopreservation\",\"item\":\"https:\/\/biogroupvietnam.com\/vi\/danh-muc-san-pham\/bao-quan-lanh-te-bao\/\"},{\"@type\":\"ListItem\",\"position\":4,\"name\":\"Cryogenic Dewar For Storing Embryos and Sperm\",\"item\":\"https:\/\/biogroupvietnam.com\/vi\/danh-muc-san-pham\/binh-tru-lanh-phoi-tinh-trung\/\"},{\"@type\":\"ListItem\",\"position\":5,\"name\":\"MVE Stock Series\"}]},{\"@type\":\"WebSite\",\"@id\":\"https:\/\/biogroupvietnam.com\/en\/vi\/#website\",\"url\":\"https:\/\/biogroupvietnam.com\/en\/vi\/\",\"name\":\"Biogroup Vietnam\",\"description\":\"Biogroup Vietnam cung c\u1ea5p d\u1ecbch v\u1ee5 k\u1ef9 thu\u1eadt c\u00f9ng thi\u1ebft b\u1ecb, v\u1eadt t\u01b0, h\u00f3a ch\u1ea5t v\u00e0 gi\u1ea3i ph\u00e1p sinh h\u1ecdc cho ph\u00f2ng th\u00ed nghi\u1ec7m c\u00f4ng ngh\u1ec7 sinh h\u1ecdc, y sinh v\u00e0 y h\u1ecdc t\u00e1i t\u1ea1o.\",\"potentialAction\":[{\"@type\":\"SearchAction\",\"target\":{\"@type\":\"EntryPoint\",\"urlTemplate\":\"https:\/\/biogroupvietnam.com\/en\/vi\/?s={search_term_string}\"},\"query-input\":{\"@type\":\"PropertyValueSpecification\",\"valueRequired\":true,\"valueName\":\"search_term_string\"}}],\"inLanguage\":\"en-US\"}]}<\/script>\n<!-- \/ Yoast SEO plugin. -->","yoast_head_json":{"title":"MVE Stock Series","description":"The MVE Stock Series Provides the Ultimate in Security for the Breeding Industry. The MVE Stock Series freezers are designed primarily for storage of either vials or straws on canes in liquid nitrogen, but can also be used for vapor phase storage with the vapor storage accessory package.","robots":{"index":"index","follow":"follow","max-snippet":"max-snippet:-1","max-image-preview":"max-image-preview:large","max-video-preview":"max-video-preview:-1"},"canonical":"The MVE Stock Series Provides the Ultimate in Security for the Breeding Industry. The MVE Stock Series freezers are designed primarily for storage of either vials or straws on canes in liquid nitrogen, but can also be used for vapor phase storage with the vapor storage accessory package.","og_locale":"en_US","og_type":"article","og_title":"MVE Stock Series","og_description":"The MVE Stock Series Provides the Ultimate in Security for the Breeding Industry. The MVE Stock Series freezers are designed primarily for storage of either vials or straws on canes in liquid nitrogen, but can also be used for vapor phase storage with the vapor storage accessory package.","og_url":"https:\/\/biogroupvietnam.com\/en\/product\/mve-stock-series\/","og_site_name":"Biogroup Vietnam","article_modified_time":"2026-01-07T08:26:09+00:00","og_image":[{"width":1640,"height":1260,"url":"https:\/\/biogroupvietnam.com\/wp-content\/uploads\/2025\/08\/MVE-Stock-Series.jpg","type":"image\/jpeg"}],"twitter_card":"summary_large_image","twitter_misc":{"Est. reading time":"6 minutes"},"schema":{"@context":"https:\/\/schema.org","@graph":[{"@type":"WebPage","@id":"https:\/\/biogroupvietnam.com\/en\/product\/mve-stock-series\/","url":"https:\/\/biogroupvietnam.com\/en\/product\/mve-stock-series\/","name":"B\u00ecnh Tr\u1eef L\u1ea1nh Ph\u00f4i, Tinh Tr\u00f9ng MVE Stock Series","isPartOf":{"@id":"https:\/\/biogroupvietnam.com\/vi\/#website"},"primaryImageOfPage":{"@id":"https:\/\/biogroupvietnam.com\/en\/product\/mve-stock-series\/#primaryimage"},"image":{"@id":"https:\/\/biogroupvietnam.com\/en\/product\/mve-stock-series\/#primaryimage"},"thumbnailUrl":"https:\/\/biogroupvietnam.com\/wp-content\/uploads\/2025\/08\/MVE-Stock-Series.jpg","datePublished":"2025-08-18T12:53:14+00:00","dateModified":"2026-01-07T08:26:09+00:00","description":"D\u00f2ng b\u00ecnh MVE Stock\u00a0mang l\u1ea1i s\u1ef1 an to\u00e0n, t\u1ed1i \u01b0u trong\u00a0tr\u1eef l\u1ea1nh\u00a0ph\u00f4i, tinh tr\u00f9ng ho\u1eb7c no\u00e3n cho ng\u00e0nh h\u1ed7\u00a0tr\u1ee3 sinh s\u1ea3n v\u00e0 ch\u0103n nu\u00f4i.","breadcrumb":{"@id":"https:\/\/biogroupvietnam.com\/en\/product\/mve-stock-series\/#breadcrumb"},"inLanguage":"en-US","potentialAction":[{"@type":"ReadAction","target":["https:\/\/biogroupvietnam.com\/en\/product\/mve-stock-series\/"]}]},{"@type":"ImageObject","inLanguage":"en-US","@id":"https:\/\/biogroupvietnam.com\/en\/product\/mve-stock-series\/#primaryimage","url":"https:\/\/biogroupvietnam.com\/wp-content\/uploads\/2025\/08\/MVE-Stock-Series.jpg","contentUrl":"https:\/\/biogroupvietnam.com\/wp-content\/uploads\/2025\/08\/MVE-Stock-Series.jpg","width":1640,"height":1260},{"@type":"BreadcrumbList","@id":"https:\/\/biogroupvietnam.com\/en\/product\/mve-stock-series\/#breadcrumb","itemListElement":[{"@type":"ListItem","position":1,"name":"Biogroup Vietnam | End-to-End Biotechnology Solutions","item":"https:\/\/biogroupvietnam.com\/vi\/"},{"@type":"ListItem","position":2,"name":"Product","item":"https:\/\/biogroupvietnam.com\/vi\/san-pham\/"},{"@type":"ListItem","position":3,"name":"Cellular Cryopreservation","item":"https:\/\/biogroupvietnam.com\/vi\/danh-muc-san-pham\/bao-quan-lanh-te-bao\/"},{"@type":"ListItem","position":4,"name":"Cryogenic Dewar For Storing Embryos and Sperm","item":"https:\/\/biogroupvietnam.com\/vi\/danh-muc-san-pham\/binh-tru-lanh-phoi-tinh-trung\/"},{"@type":"ListItem","position":5,"name":"MVE Stock Series"}]},{"@type":"WebSite","@id":"https:\/\/biogroupvietnam.com\/en\/vi\/#website","url":"https:\/\/biogroupvietnam.com\/en\/vi\/","name":"Biogroup Vietnam","description":"Biogroup Vietnam cung c\u1ea5p d\u1ecbch v\u1ee5 k\u1ef9 thu\u1eadt c\u00f9ng thi\u1ebft b\u1ecb, v\u1eadt t\u01b0, h\u00f3a ch\u1ea5t v\u00e0 gi\u1ea3i ph\u00e1p sinh h\u1ecdc cho ph\u00f2ng th\u00ed nghi\u1ec7m c\u00f4ng ngh\u1ec7 sinh h\u1ecdc, y sinh v\u00e0 y h\u1ecdc t\u00e1i t\u1ea1o.","potentialAction":[{"@type":"SearchAction","target":{"@type":"EntryPoint","urlTemplate":"https:\/\/biogroupvietnam.com\/en\/vi\/?s={search_term_string}"},"query-input":{"@type":"PropertyValueSpecification","valueRequired":true,"valueName":"search_term_string"}}],"inLanguage":"en-US"}]}},"_links":{"self":[{"href":"https:\/\/biogroupvietnam.com\/en\/wp-json\/wp\/v2\/product\/3777","targetHints":{"allow":["GET"]}}],"collection":[{"href":"https:\/\/biogroupvietnam.com\/en\/wp-json\/wp\/v2\/product"}],"about":[{"href":"https:\/\/biogroupvietnam.com\/en\/wp-json\/wp\/v2\/types\/product"}],"replies":[{"embeddable":true,"href":"https:\/\/biogroupvietnam.com\/en\/wp-json\/wp\/v2\/comments?post=3777"}],"version-history":[{"count":5,"href":"https:\/\/biogroupvietnam.com\/en\/wp-json\/wp\/v2\/product\/3777\/revisions"}],"predecessor-version":[{"id":9408,"href":"https:\/\/biogroupvietnam.com\/en\/wp-json\/wp\/v2\/product\/3777\/revisions\/9408"}],"wp:featuredmedia":[{"embeddable":true,"href":"https:\/\/biogroupvietnam.com\/en\/wp-json\/wp\/v2\/media\/9066"}],"wp:attachment":[{"href":"https:\/\/biogroupvietnam.com\/en\/wp-json\/wp\/v2\/media?parent=3777"}],"wp:term":[{"taxonomy":"product_brand","embeddable":true,"href":"https:\/\/biogroupvietnam.com\/en\/wp-json\/wp\/v2\/product_brand?post=3777"},{"taxonomy":"product_cat","embeddable":true,"href":"https:\/\/biogroupvietnam.com\/en\/wp-json\/wp\/v2\/product_cat?post=3777"},{"taxonomy":"product_tag","embeddable":true,"href":"https:\/\/biogroupvietnam.com\/en\/wp-json\/wp\/v2\/product_tag?post=3777"}],"curies":[{"name":"wp","href":"https:\/\/api.w.org\/{rel}","templated":true}]}}