{"id":3781,"date":"2025-08-18T19:53:15","date_gmt":"2025-08-18T12:53:15","guid":{"rendered":"http:\/\/biogroupvietnam-worldpress.local\/product\/import-placeholder-for-107\/"},"modified":"2026-01-12T17:14:14","modified_gmt":"2026-01-12T10:14:14","slug":"binh-dura-cyl","status":"publish","type":"product","link":"https:\/\/biogroupvietnam.com\/en\/product\/dura-cyl-liquid-nitrogen-cylinders\/","title":{"rendered":"Dura-Cyl Liquid Nitrogen Cylinders"},"content":{"rendered":"<p>Dura-Cyl Liquid Nitrogen Cylinders<\/p>\n","protected":false},"excerpt":{"rendered":"<p>Dura-Cyl Liquid Nitrogen Cylinders<\/p>\n","protected":false},"featured_media":9053,"comment_status":"closed","ping_status":"closed","template":"","meta":{"_acf_changed":false},"product_brand":[128],"product_cat":[98],"product_tag":[],"class_list":{"0":"post-3781","1":"product","2":"type-product","3":"status-publish","4":"has-post-thumbnail","6":"product_brand-mve-biological-solutions","7":"product_cat-liquid-nitrogen-supply-cylinders","9":"first","10":"outofstock","11":"shipping-taxable","12":"product-type-simple"},"acf":[],"yoast_head":"<!-- This site is optimized with the Yoast SEO plugin v26.8 - https:\/\/yoast.com\/product\/yoast-seo-wordpress\/ -->\n<title>Dura-Cyl Liquid Nitrogen Cylinders<\/title>\n<meta name=\"description\" content=\"Dura-Cyl Liquid Nitrogen Cylinders\" \/>\n<meta name=\"robots\" content=\"index, follow, max-snippet:-1, max-image-preview:large, max-video-preview:-1\" \/>\n<link rel=\"canonical\" href=\"http:\/\/Dura-Cyl%20Liquid%20Nitrogen%20Cylinders\" \/>\n<meta property=\"og:locale\" content=\"en_US\" \/>\n<meta property=\"og:type\" content=\"article\" \/>\n<meta property=\"og:title\" content=\"Dura-Cyl Liquid Nitrogen Cylinders\" \/>\n<meta property=\"og:description\" content=\"Dura-Cyl Liquid Nitrogen Cylinders\" \/>\n<meta property=\"og:url\" content=\"https:\/\/biogroupvietnam.com\/en\/product\/dura-cyl-liquid-nitrogen-cylinders\/\" \/>\n<meta property=\"og:site_name\" content=\"Biogroup Vietnam\" \/>\n<meta property=\"article:modified_time\" content=\"2026-01-12T10:14:14+00:00\" \/>\n<meta property=\"og:image\" content=\"https:\/\/biogroupvietnam.com\/wp-content\/uploads\/2025\/08\/Dura-Cyl.jpg\" \/>\n\t<meta property=\"og:image:width\" content=\"1640\" \/>\n\t<meta property=\"og:image:height\" content=\"1260\" \/>\n\t<meta property=\"og:image:type\" content=\"image\/jpeg\" \/>\n<meta name=\"twitter:card\" content=\"summary_large_image\" \/>\n<meta name=\"twitter:label1\" content=\"Est. reading time\" \/>\n\t<meta name=\"twitter:data1\" content=\"3 minutes\" \/>\n<script type=\"application\/ld+json\" class=\"yoast-schema-graph\">{\"@context\":\"https:\/\/schema.org\",\"@graph\":[{\"@type\":\"WebPage\",\"@id\":\"https:\/\/biogroupvietnam.com\/en\/product\/dura-cyl-liquid-nitrogen-cylinders\/\",\"url\":\"https:\/\/biogroupvietnam.com\/en\/product\/dura-cyl-liquid-nitrogen-cylinders\/\",\"name\":\"B\u00ecnh C\u1ea5p Nit\u01a1 L\u1ecfng \u00c1p Th\u1ea5p Dura-Cyl\",\"isPartOf\":{\"@id\":\"https:\/\/biogroupvietnam.com\/vi\/#website\"},\"primaryImageOfPage\":{\"@id\":\"https:\/\/biogroupvietnam.com\/en\/product\/dura-cyl-liquid-nitrogen-cylinders\/#primaryimage\"},\"image\":{\"@id\":\"https:\/\/biogroupvietnam.com\/en\/product\/dura-cyl-liquid-nitrogen-cylinders\/#primaryimage\"},\"thumbnailUrl\":\"https:\/\/biogroupvietnam.com\/wp-content\/uploads\/2025\/08\/Dura-Cyl.jpg\",\"datePublished\":\"2025-08-18T12:53:15+00:00\",\"dateModified\":\"2026-01-12T10:14:14+00:00\",\"description\":\"D\u00f2ng b\u00ecnh c\u1ea5p nit\u01a1 l\u1ecfng \u00e1p th\u1ea5p Dura-Cyl l\u00e0 d\u00f2ng b\u00ecnh cao c\u1ea5p \u0111\u01b0\u1ee3c d\u00f9ng \u0111\u1ec3 c\u1ea5p\u00a0nit\u01a1 l\u1ecfng\u00a0cho cho c\u00e1c b\u00ecnh\u00a0l\u01b0u tr\u1eef m\u1eabu sinh h\u1ecdc.\",\"breadcrumb\":{\"@id\":\"https:\/\/biogroupvietnam.com\/en\/product\/dura-cyl-liquid-nitrogen-cylinders\/#breadcrumb\"},\"inLanguage\":\"en-US\",\"potentialAction\":[{\"@type\":\"ReadAction\",\"target\":[\"https:\/\/biogroupvietnam.com\/en\/product\/dura-cyl-liquid-nitrogen-cylinders\/\"]}]},{\"@type\":\"ImageObject\",\"inLanguage\":\"en-US\",\"@id\":\"https:\/\/biogroupvietnam.com\/en\/product\/dura-cyl-liquid-nitrogen-cylinders\/#primaryimage\",\"url\":\"https:\/\/biogroupvietnam.com\/wp-content\/uploads\/2025\/08\/Dura-Cyl.jpg\",\"contentUrl\":\"https:\/\/biogroupvietnam.com\/wp-content\/uploads\/2025\/08\/Dura-Cyl.jpg\",\"width\":1640,\"height\":1260},{\"@type\":\"BreadcrumbList\",\"@id\":\"https:\/\/biogroupvietnam.com\/en\/product\/dura-cyl-liquid-nitrogen-cylinders\/#breadcrumb\",\"itemListElement\":[{\"@type\":\"ListItem\",\"position\":1,\"name\":\"Biogroup Vietnam | End-to-End Biotechnology Solutions\",\"item\":\"https:\/\/biogroupvietnam.com\/vi\/\"},{\"@type\":\"ListItem\",\"position\":2,\"name\":\"Product\",\"item\":\"https:\/\/biogroupvietnam.com\/vi\/san-pham\/\"},{\"@type\":\"ListItem\",\"position\":3,\"name\":\"Cellular Cryopreservation\",\"item\":\"https:\/\/biogroupvietnam.com\/vi\/danh-muc-san-pham\/bao-quan-lanh-te-bao\/\"},{\"@type\":\"ListItem\",\"position\":4,\"name\":\"Liquid Nitrogen Supply Cylinders\",\"item\":\"https:\/\/biogroupvietnam.com\/vi\/danh-muc-san-pham\/binh-cap-nito-long\/\"},{\"@type\":\"ListItem\",\"position\":5,\"name\":\"Dura-Cyl Liquid Nitrogen Cylinders\"}]},{\"@type\":\"WebSite\",\"@id\":\"https:\/\/biogroupvietnam.com\/en\/vi\/#website\",\"url\":\"https:\/\/biogroupvietnam.com\/en\/vi\/\",\"name\":\"Biogroup Vietnam\",\"description\":\"Biogroup Vietnam cung c\u1ea5p d\u1ecbch v\u1ee5 k\u1ef9 thu\u1eadt c\u00f9ng thi\u1ebft b\u1ecb, v\u1eadt t\u01b0, h\u00f3a ch\u1ea5t v\u00e0 gi\u1ea3i ph\u00e1p sinh h\u1ecdc cho ph\u00f2ng th\u00ed nghi\u1ec7m c\u00f4ng ngh\u1ec7 sinh h\u1ecdc, y sinh v\u00e0 y h\u1ecdc t\u00e1i t\u1ea1o.\",\"potentialAction\":[{\"@type\":\"SearchAction\",\"target\":{\"@type\":\"EntryPoint\",\"urlTemplate\":\"https:\/\/biogroupvietnam.com\/en\/vi\/?s={search_term_string}\"},\"query-input\":{\"@type\":\"PropertyValueSpecification\",\"valueRequired\":true,\"valueName\":\"search_term_string\"}}],\"inLanguage\":\"en-US\"}]}<\/script>\n<!-- \/ Yoast SEO plugin. -->","yoast_head_json":{"title":"Dura-Cyl Liquid Nitrogen Cylinders","description":"Dura-Cyl Liquid Nitrogen Cylinders","robots":{"index":"index","follow":"follow","max-snippet":"max-snippet:-1","max-image-preview":"max-image-preview:large","max-video-preview":"max-video-preview:-1"},"canonical":"Dura-Cyl Liquid Nitrogen Cylinders","og_locale":"en_US","og_type":"article","og_title":"Dura-Cyl Liquid Nitrogen Cylinders","og_description":"Dura-Cyl Liquid Nitrogen Cylinders","og_url":"https:\/\/biogroupvietnam.com\/en\/product\/dura-cyl-liquid-nitrogen-cylinders\/","og_site_name":"Biogroup Vietnam","article_modified_time":"2026-01-12T10:14:14+00:00","og_image":[{"width":1640,"height":1260,"url":"https:\/\/biogroupvietnam.com\/wp-content\/uploads\/2025\/08\/Dura-Cyl.jpg","type":"image\/jpeg"}],"twitter_card":"summary_large_image","twitter_misc":{"Est. reading time":"3 minutes"},"schema":{"@context":"https:\/\/schema.org","@graph":[{"@type":"WebPage","@id":"https:\/\/biogroupvietnam.com\/en\/product\/dura-cyl-liquid-nitrogen-cylinders\/","url":"https:\/\/biogroupvietnam.com\/en\/product\/dura-cyl-liquid-nitrogen-cylinders\/","name":"B\u00ecnh C\u1ea5p Nit\u01a1 L\u1ecfng \u00c1p Th\u1ea5p Dura-Cyl","isPartOf":{"@id":"https:\/\/biogroupvietnam.com\/vi\/#website"},"primaryImageOfPage":{"@id":"https:\/\/biogroupvietnam.com\/en\/product\/dura-cyl-liquid-nitrogen-cylinders\/#primaryimage"},"image":{"@id":"https:\/\/biogroupvietnam.com\/en\/product\/dura-cyl-liquid-nitrogen-cylinders\/#primaryimage"},"thumbnailUrl":"https:\/\/biogroupvietnam.com\/wp-content\/uploads\/2025\/08\/Dura-Cyl.jpg","datePublished":"2025-08-18T12:53:15+00:00","dateModified":"2026-01-12T10:14:14+00:00","description":"D\u00f2ng b\u00ecnh c\u1ea5p nit\u01a1 l\u1ecfng \u00e1p th\u1ea5p Dura-Cyl l\u00e0 d\u00f2ng b\u00ecnh cao c\u1ea5p \u0111\u01b0\u1ee3c d\u00f9ng \u0111\u1ec3 c\u1ea5p\u00a0nit\u01a1 l\u1ecfng\u00a0cho cho c\u00e1c b\u00ecnh\u00a0l\u01b0u tr\u1eef m\u1eabu sinh h\u1ecdc.","breadcrumb":{"@id":"https:\/\/biogroupvietnam.com\/en\/product\/dura-cyl-liquid-nitrogen-cylinders\/#breadcrumb"},"inLanguage":"en-US","potentialAction":[{"@type":"ReadAction","target":["https:\/\/biogroupvietnam.com\/en\/product\/dura-cyl-liquid-nitrogen-cylinders\/"]}]},{"@type":"ImageObject","inLanguage":"en-US","@id":"https:\/\/biogroupvietnam.com\/en\/product\/dura-cyl-liquid-nitrogen-cylinders\/#primaryimage","url":"https:\/\/biogroupvietnam.com\/wp-content\/uploads\/2025\/08\/Dura-Cyl.jpg","contentUrl":"https:\/\/biogroupvietnam.com\/wp-content\/uploads\/2025\/08\/Dura-Cyl.jpg","width":1640,"height":1260},{"@type":"BreadcrumbList","@id":"https:\/\/biogroupvietnam.com\/en\/product\/dura-cyl-liquid-nitrogen-cylinders\/#breadcrumb","itemListElement":[{"@type":"ListItem","position":1,"name":"Biogroup Vietnam | End-to-End Biotechnology Solutions","item":"https:\/\/biogroupvietnam.com\/vi\/"},{"@type":"ListItem","position":2,"name":"Product","item":"https:\/\/biogroupvietnam.com\/vi\/san-pham\/"},{"@type":"ListItem","position":3,"name":"Cellular Cryopreservation","item":"https:\/\/biogroupvietnam.com\/vi\/danh-muc-san-pham\/bao-quan-lanh-te-bao\/"},{"@type":"ListItem","position":4,"name":"Liquid Nitrogen Supply Cylinders","item":"https:\/\/biogroupvietnam.com\/vi\/danh-muc-san-pham\/binh-cap-nito-long\/"},{"@type":"ListItem","position":5,"name":"Dura-Cyl Liquid Nitrogen Cylinders"}]},{"@type":"WebSite","@id":"https:\/\/biogroupvietnam.com\/en\/vi\/#website","url":"https:\/\/biogroupvietnam.com\/en\/vi\/","name":"Biogroup Vietnam","description":"Biogroup Vietnam cung c\u1ea5p d\u1ecbch v\u1ee5 k\u1ef9 thu\u1eadt c\u00f9ng thi\u1ebft b\u1ecb, v\u1eadt t\u01b0, h\u00f3a ch\u1ea5t v\u00e0 gi\u1ea3i ph\u00e1p sinh h\u1ecdc cho ph\u00f2ng th\u00ed nghi\u1ec7m c\u00f4ng ngh\u1ec7 sinh h\u1ecdc, y sinh v\u00e0 y h\u1ecdc t\u00e1i t\u1ea1o.","potentialAction":[{"@type":"SearchAction","target":{"@type":"EntryPoint","urlTemplate":"https:\/\/biogroupvietnam.com\/en\/vi\/?s={search_term_string}"},"query-input":{"@type":"PropertyValueSpecification","valueRequired":true,"valueName":"search_term_string"}}],"inLanguage":"en-US"}]}},"_links":{"self":[{"href":"https:\/\/biogroupvietnam.com\/en\/wp-json\/wp\/v2\/product\/3781","targetHints":{"allow":["GET"]}}],"collection":[{"href":"https:\/\/biogroupvietnam.com\/en\/wp-json\/wp\/v2\/product"}],"about":[{"href":"https:\/\/biogroupvietnam.com\/en\/wp-json\/wp\/v2\/types\/product"}],"replies":[{"embeddable":true,"href":"https:\/\/biogroupvietnam.com\/en\/wp-json\/wp\/v2\/comments?post=3781"}],"version-history":[{"count":6,"href":"https:\/\/biogroupvietnam.com\/en\/wp-json\/wp\/v2\/product\/3781\/revisions"}],"predecessor-version":[{"id":9527,"href":"https:\/\/biogroupvietnam.com\/en\/wp-json\/wp\/v2\/product\/3781\/revisions\/9527"}],"wp:featuredmedia":[{"embeddable":true,"href":"https:\/\/biogroupvietnam.com\/en\/wp-json\/wp\/v2\/media\/9053"}],"wp:attachment":[{"href":"https:\/\/biogroupvietnam.com\/en\/wp-json\/wp\/v2\/media?parent=3781"}],"wp:term":[{"taxonomy":"product_brand","embeddable":true,"href":"https:\/\/biogroupvietnam.com\/en\/wp-json\/wp\/v2\/product_brand?post=3781"},{"taxonomy":"product_cat","embeddable":true,"href":"https:\/\/biogroupvietnam.com\/en\/wp-json\/wp\/v2\/product_cat?post=3781"},{"taxonomy":"product_tag","embeddable":true,"href":"https:\/\/biogroupvietnam.com\/en\/wp-json\/wp\/v2\/product_tag?post=3781"}],"curies":[{"name":"wp","href":"https:\/\/api.w.org\/{rel}","templated":true}]}}