{"id":3790,"date":"2025-08-18T19:53:18","date_gmt":"2025-08-18T12:53:18","guid":{"rendered":"http:\/\/biogroupvietnam-worldpress.local\/product\/import-placeholder-for-116\/"},"modified":"2026-04-04T15:11:18","modified_gmt":"2026-04-04T08:11:18","slug":"thawstarr-cb","status":"publish","type":"product","link":"https:\/\/biogroupvietnam.com\/en\/product\/thawstar-cb-automated-thawing-system\/","title":{"rendered":"ThawSTAR\u00ae CB Automated Thawing System"},"content":{"rendered":"<p><a href=\"https:\/\/www.stemcell.com\/products\/thawstar-cb-automated-thawing-system.html\">ThawSTAR\u00ae CB Automated Thawing System<\/a> is an automated high-volume cell thawing system for consistent performance<\/p>\n","protected":false},"excerpt":{"rendered":"<p>ThawSTAR\u00ae CB Automated Thawing System is an automated high-volume cell thawing system for consistent performance<\/p>\n","protected":false},"featured_media":10201,"comment_status":"closed","ping_status":"closed","template":"","meta":{"_acf_changed":false},"product_brand":[127],"product_cat":[115],"product_tag":[],"class_list":{"0":"post-3790","1":"product","2":"type-product","3":"status-publish","4":"has-post-thumbnail","6":"product_brand-stemcell-technologies","7":"product_cat-cell-isolation","9":"first","10":"outofstock","11":"shipping-taxable","12":"product-type-simple"},"acf":[],"yoast_head":"<!-- This site is optimized with the Yoast SEO plugin v26.8 - https:\/\/yoast.com\/product\/yoast-seo-wordpress\/ -->\n<title>ThawSTAR\u00ae CB Automated Thawing System<\/title>\n<meta name=\"description\" content=\"ThawSTAR\u00ae CB Automated Thawing System is an automated high-volume cell thawing system for consistent performance\" \/>\n<meta name=\"robots\" content=\"index, follow, max-snippet:-1, max-image-preview:large, max-video-preview:-1\" \/>\n<link rel=\"canonical\" href=\"http:\/\/ThawSTAR\u00ae%20CB%20Automated%20Thawing%20System%20is%20an%20automated%20high-volume%20cell%20thawing%20system%20for%20consistent%20performance\" \/>\n<meta property=\"og:locale\" content=\"en_US\" \/>\n<meta property=\"og:type\" content=\"article\" \/>\n<meta property=\"og:title\" content=\"ThawSTAR\u00ae CB Automated Thawing System\" \/>\n<meta property=\"og:description\" content=\"ThawSTAR\u00ae CB Automated Thawing System is an automated high-volume cell thawing system for consistent performance\" \/>\n<meta property=\"og:url\" content=\"https:\/\/biogroupvietnam.com\/en\/product\/thawstar-cb-automated-thawing-system\/\" \/>\n<meta property=\"og:site_name\" content=\"Biogroup Vietnam\" \/>\n<meta property=\"article:modified_time\" content=\"2026-04-04T08:11:18+00:00\" \/>\n<meta property=\"og:image\" content=\"https:\/\/biogroupvietnam.com\/wp-content\/uploads\/2025\/08\/may-thawstar-cb-ra-dong-tui-te-bao-tu-dong.jpg\" \/>\n\t<meta property=\"og:image:width\" content=\"1640\" \/>\n\t<meta property=\"og:image:height\" content=\"1260\" \/>\n\t<meta property=\"og:image:type\" content=\"image\/jpeg\" \/>\n<meta name=\"twitter:card\" content=\"summary_large_image\" \/>\n<meta name=\"twitter:label1\" content=\"Est. reading time\" \/>\n\t<meta name=\"twitter:data1\" content=\"3 minutes\" \/>\n<script type=\"application\/ld+json\" class=\"yoast-schema-graph\">{\"@context\":\"https:\/\/schema.org\",\"@graph\":[{\"@type\":\"WebPage\",\"@id\":\"https:\/\/biogroupvietnam.com\/en\/product\/thawstar-cb-automated-thawing-system\/\",\"url\":\"https:\/\/biogroupvietnam.com\/en\/product\/thawstar-cb-automated-thawing-system\/\",\"name\":\"M\u00e1y ThawSTAR\u00ae CB R\u00e3 \u0110\u00f4ng T\u00fai T\u1ebf B\u00e0o T\u1ef1 \u0110\u1ed9ng\",\"isPartOf\":{\"@id\":\"https:\/\/biogroupvietnam.com\/vi\/#website\"},\"primaryImageOfPage\":{\"@id\":\"https:\/\/biogroupvietnam.com\/en\/product\/thawstar-cb-automated-thawing-system\/#primaryimage\"},\"image\":{\"@id\":\"https:\/\/biogroupvietnam.com\/en\/product\/thawstar-cb-automated-thawing-system\/#primaryimage\"},\"thumbnailUrl\":\"https:\/\/biogroupvietnam.com\/wp-content\/uploads\/2025\/08\/may-thawstar-cb-ra-dong-tui-te-bao-tu-dong.jpg\",\"datePublished\":\"2025-08-18T12:53:18+00:00\",\"dateModified\":\"2026-04-04T08:11:18+00:00\",\"description\":\"M\u00e1y\u00a0ThawSTAR\u00ae CB \u0111\u01b0\u1ee3c thi\u1ebft k\u1ebf \u0111\u1ec3 r\u00e3 \u0111\u00f4ng t\u1ef1 \u0111\u1ed9ng kh\u00f4ng d\u00f9ng n\u01b0\u1edbc cho t\u00fai t\u1ebf b\u00e0o c\u00f3\u00a0th\u1ec3 t\u00edch t\u1eeb 25 - 1000 mL.\",\"breadcrumb\":{\"@id\":\"https:\/\/biogroupvietnam.com\/en\/product\/thawstar-cb-automated-thawing-system\/#breadcrumb\"},\"inLanguage\":\"en-US\",\"potentialAction\":[{\"@type\":\"ReadAction\",\"target\":[\"https:\/\/biogroupvietnam.com\/en\/product\/thawstar-cb-automated-thawing-system\/\"]}]},{\"@type\":\"ImageObject\",\"inLanguage\":\"en-US\",\"@id\":\"https:\/\/biogroupvietnam.com\/en\/product\/thawstar-cb-automated-thawing-system\/#primaryimage\",\"url\":\"https:\/\/biogroupvietnam.com\/wp-content\/uploads\/2025\/08\/may-thawstar-cb-ra-dong-tui-te-bao-tu-dong.jpg\",\"contentUrl\":\"https:\/\/biogroupvietnam.com\/wp-content\/uploads\/2025\/08\/may-thawstar-cb-ra-dong-tui-te-bao-tu-dong.jpg\",\"width\":1640,\"height\":1260,\"caption\":\"M\u00e1y ThawSTAR\u00ae CB R\u00e3 \u0110\u00f4ng T\u00fai T\u1ebf B\u00e0o T\u1ef1 \u0110\u1ed9ng\"},{\"@type\":\"BreadcrumbList\",\"@id\":\"https:\/\/biogroupvietnam.com\/en\/product\/thawstar-cb-automated-thawing-system\/#breadcrumb\",\"itemListElement\":[{\"@type\":\"ListItem\",\"position\":1,\"name\":\"Biogroup Vietnam | End-to-End Biotechnology Solutions\",\"item\":\"https:\/\/biogroupvietnam.com\/vi\/\"},{\"@type\":\"ListItem\",\"position\":2,\"name\":\"Product\",\"item\":\"https:\/\/biogroupvietnam.com\/vi\/san-pham\/\"},{\"@type\":\"ListItem\",\"position\":3,\"name\":\"Cell Processing\",\"item\":\"https:\/\/biogroupvietnam.com\/vi\/danh-muc-san-pham\/xu-ly-te-bao\/\"},{\"@type\":\"ListItem\",\"position\":4,\"name\":\"Cell Isolation\",\"item\":\"https:\/\/biogroupvietnam.com\/vi\/danh-muc-san-pham\/phan-lap-te-bao\/\"},{\"@type\":\"ListItem\",\"position\":5,\"name\":\"ThawSTAR\u00ae CB Automated Thawing System\"}]},{\"@type\":\"WebSite\",\"@id\":\"https:\/\/biogroupvietnam.com\/en\/vi\/#website\",\"url\":\"https:\/\/biogroupvietnam.com\/en\/vi\/\",\"name\":\"Biogroup Vietnam\",\"description\":\"Biogroup Vietnam cung c\u1ea5p d\u1ecbch v\u1ee5 k\u1ef9 thu\u1eadt c\u00f9ng thi\u1ebft b\u1ecb, v\u1eadt t\u01b0, h\u00f3a ch\u1ea5t v\u00e0 gi\u1ea3i ph\u00e1p sinh h\u1ecdc cho ph\u00f2ng th\u00ed nghi\u1ec7m c\u00f4ng ngh\u1ec7 sinh h\u1ecdc, y sinh v\u00e0 y h\u1ecdc t\u00e1i t\u1ea1o.\",\"potentialAction\":[{\"@type\":\"SearchAction\",\"target\":{\"@type\":\"EntryPoint\",\"urlTemplate\":\"https:\/\/biogroupvietnam.com\/en\/vi\/?s={search_term_string}\"},\"query-input\":{\"@type\":\"PropertyValueSpecification\",\"valueRequired\":true,\"valueName\":\"search_term_string\"}}],\"inLanguage\":\"en-US\"}]}<\/script>\n<!-- \/ Yoast SEO plugin. -->","yoast_head_json":{"title":"ThawSTAR\u00ae CB Automated Thawing System","description":"ThawSTAR\u00ae CB Automated Thawing System is an automated high-volume cell thawing system for consistent performance","robots":{"index":"index","follow":"follow","max-snippet":"max-snippet:-1","max-image-preview":"max-image-preview:large","max-video-preview":"max-video-preview:-1"},"canonical":"ThawSTAR\u00ae CB Automated Thawing System is an automated high-volume cell thawing system for consistent performance","og_locale":"en_US","og_type":"article","og_title":"ThawSTAR\u00ae CB Automated Thawing System","og_description":"ThawSTAR\u00ae CB Automated Thawing System is an automated high-volume cell thawing system for consistent performance","og_url":"https:\/\/biogroupvietnam.com\/en\/product\/thawstar-cb-automated-thawing-system\/","og_site_name":"Biogroup Vietnam","article_modified_time":"2026-04-04T08:11:18+00:00","og_image":[{"width":1640,"height":1260,"url":"https:\/\/biogroupvietnam.com\/wp-content\/uploads\/2025\/08\/may-thawstar-cb-ra-dong-tui-te-bao-tu-dong.jpg","type":"image\/jpeg"}],"twitter_card":"summary_large_image","twitter_misc":{"Est. reading time":"3 minutes"},"schema":{"@context":"https:\/\/schema.org","@graph":[{"@type":"WebPage","@id":"https:\/\/biogroupvietnam.com\/en\/product\/thawstar-cb-automated-thawing-system\/","url":"https:\/\/biogroupvietnam.com\/en\/product\/thawstar-cb-automated-thawing-system\/","name":"M\u00e1y ThawSTAR\u00ae CB R\u00e3 \u0110\u00f4ng T\u00fai T\u1ebf B\u00e0o T\u1ef1 \u0110\u1ed9ng","isPartOf":{"@id":"https:\/\/biogroupvietnam.com\/vi\/#website"},"primaryImageOfPage":{"@id":"https:\/\/biogroupvietnam.com\/en\/product\/thawstar-cb-automated-thawing-system\/#primaryimage"},"image":{"@id":"https:\/\/biogroupvietnam.com\/en\/product\/thawstar-cb-automated-thawing-system\/#primaryimage"},"thumbnailUrl":"https:\/\/biogroupvietnam.com\/wp-content\/uploads\/2025\/08\/may-thawstar-cb-ra-dong-tui-te-bao-tu-dong.jpg","datePublished":"2025-08-18T12:53:18+00:00","dateModified":"2026-04-04T08:11:18+00:00","description":"M\u00e1y\u00a0ThawSTAR\u00ae CB \u0111\u01b0\u1ee3c thi\u1ebft k\u1ebf \u0111\u1ec3 r\u00e3 \u0111\u00f4ng t\u1ef1 \u0111\u1ed9ng kh\u00f4ng d\u00f9ng n\u01b0\u1edbc cho t\u00fai t\u1ebf b\u00e0o c\u00f3\u00a0th\u1ec3 t\u00edch t\u1eeb 25 - 1000 mL.","breadcrumb":{"@id":"https:\/\/biogroupvietnam.com\/en\/product\/thawstar-cb-automated-thawing-system\/#breadcrumb"},"inLanguage":"en-US","potentialAction":[{"@type":"ReadAction","target":["https:\/\/biogroupvietnam.com\/en\/product\/thawstar-cb-automated-thawing-system\/"]}]},{"@type":"ImageObject","inLanguage":"en-US","@id":"https:\/\/biogroupvietnam.com\/en\/product\/thawstar-cb-automated-thawing-system\/#primaryimage","url":"https:\/\/biogroupvietnam.com\/wp-content\/uploads\/2025\/08\/may-thawstar-cb-ra-dong-tui-te-bao-tu-dong.jpg","contentUrl":"https:\/\/biogroupvietnam.com\/wp-content\/uploads\/2025\/08\/may-thawstar-cb-ra-dong-tui-te-bao-tu-dong.jpg","width":1640,"height":1260,"caption":"M\u00e1y ThawSTAR\u00ae CB R\u00e3 \u0110\u00f4ng T\u00fai T\u1ebf B\u00e0o T\u1ef1 \u0110\u1ed9ng"},{"@type":"BreadcrumbList","@id":"https:\/\/biogroupvietnam.com\/en\/product\/thawstar-cb-automated-thawing-system\/#breadcrumb","itemListElement":[{"@type":"ListItem","position":1,"name":"Biogroup Vietnam | End-to-End Biotechnology Solutions","item":"https:\/\/biogroupvietnam.com\/vi\/"},{"@type":"ListItem","position":2,"name":"Product","item":"https:\/\/biogroupvietnam.com\/vi\/san-pham\/"},{"@type":"ListItem","position":3,"name":"Cell Processing","item":"https:\/\/biogroupvietnam.com\/vi\/danh-muc-san-pham\/xu-ly-te-bao\/"},{"@type":"ListItem","position":4,"name":"Cell Isolation","item":"https:\/\/biogroupvietnam.com\/vi\/danh-muc-san-pham\/phan-lap-te-bao\/"},{"@type":"ListItem","position":5,"name":"ThawSTAR\u00ae CB Automated Thawing System"}]},{"@type":"WebSite","@id":"https:\/\/biogroupvietnam.com\/en\/vi\/#website","url":"https:\/\/biogroupvietnam.com\/en\/vi\/","name":"Biogroup Vietnam","description":"Biogroup Vietnam cung c\u1ea5p d\u1ecbch v\u1ee5 k\u1ef9 thu\u1eadt c\u00f9ng thi\u1ebft b\u1ecb, v\u1eadt t\u01b0, h\u00f3a ch\u1ea5t v\u00e0 gi\u1ea3i ph\u00e1p sinh h\u1ecdc cho ph\u00f2ng th\u00ed nghi\u1ec7m c\u00f4ng ngh\u1ec7 sinh h\u1ecdc, y sinh v\u00e0 y h\u1ecdc t\u00e1i t\u1ea1o.","potentialAction":[{"@type":"SearchAction","target":{"@type":"EntryPoint","urlTemplate":"https:\/\/biogroupvietnam.com\/en\/vi\/?s={search_term_string}"},"query-input":{"@type":"PropertyValueSpecification","valueRequired":true,"valueName":"search_term_string"}}],"inLanguage":"en-US"}]}},"_links":{"self":[{"href":"https:\/\/biogroupvietnam.com\/en\/wp-json\/wp\/v2\/product\/3790","targetHints":{"allow":["GET"]}}],"collection":[{"href":"https:\/\/biogroupvietnam.com\/en\/wp-json\/wp\/v2\/product"}],"about":[{"href":"https:\/\/biogroupvietnam.com\/en\/wp-json\/wp\/v2\/types\/product"}],"replies":[{"embeddable":true,"href":"https:\/\/biogroupvietnam.com\/en\/wp-json\/wp\/v2\/comments?post=3790"}],"version-history":[{"count":4,"href":"https:\/\/biogroupvietnam.com\/en\/wp-json\/wp\/v2\/product\/3790\/revisions"}],"predecessor-version":[{"id":10202,"href":"https:\/\/biogroupvietnam.com\/en\/wp-json\/wp\/v2\/product\/3790\/revisions\/10202"}],"wp:featuredmedia":[{"embeddable":true,"href":"https:\/\/biogroupvietnam.com\/en\/wp-json\/wp\/v2\/media\/10201"}],"wp:attachment":[{"href":"https:\/\/biogroupvietnam.com\/en\/wp-json\/wp\/v2\/media?parent=3790"}],"wp:term":[{"taxonomy":"product_brand","embeddable":true,"href":"https:\/\/biogroupvietnam.com\/en\/wp-json\/wp\/v2\/product_brand?post=3790"},{"taxonomy":"product_cat","embeddable":true,"href":"https:\/\/biogroupvietnam.com\/en\/wp-json\/wp\/v2\/product_cat?post=3790"},{"taxonomy":"product_tag","embeddable":true,"href":"https:\/\/biogroupvietnam.com\/en\/wp-json\/wp\/v2\/product_tag?post=3790"}],"curies":[{"name":"wp","href":"https:\/\/api.w.org\/{rel}","templated":true}]}}