{"id":3827,"date":"2025-08-18T19:53:43","date_gmt":"2025-08-18T12:53:43","guid":{"rendered":"http:\/\/biogroupvietnam-worldpress.local\/product\/import-placeholder-for-129\/"},"modified":"2025-09-29T15:08:32","modified_gmt":"2025-09-29T08:08:32","slug":"nhan-ma-vach-nitrotag","status":"publish","type":"product","link":"https:\/\/biogroupvietnam.com\/en\/product\/nitrotag-cryogenic-barcode-labels-0-75%e2%80%b3-x-0-4%e2%80%b3-jtta-51np\/","title":{"rendered":"NitroTAG\u00ae Cryogenic Barcode Labels - 0.75\u2033 x 0.4\u2033 #JTTA-51NP"},"content":{"rendered":"<p><a href=\"https:\/\/www.labtag.com\/shop\/product\/cryogenic-barcode-labels-0-75-x-0-4-jtta-51np\/\">NitroTAG\u00ae Cryo Barcode Labels<\/a> is for liquid nitrogen storage and having size of 0.75\u2033 x 0.4\u2033 (19.1mm x 10.2mm).<\/p>\n","protected":false},"excerpt":{"rendered":"<p>NitroTAG\u00ae Cryo Barcode Labels is for liquid nitrogen storage and having size of 0.75\u2033 x 0.4\u2033 (19.1mm x 10.2mm).<\/p>\n","protected":false},"featured_media":5426,"comment_status":"closed","ping_status":"closed","template":"","meta":{"_acf_changed":false},"product_brand":[131],"product_cat":[104],"product_tag":[],"class_list":{"0":"post-3827","1":"product","2":"type-product","3":"status-publish","4":"has-post-thumbnail","6":"product_brand-ga-international-labtag","7":"product_cat-cryogenic-barcode-labels","9":"first","10":"outofstock","11":"shipping-taxable","12":"product-type-simple"},"acf":[],"yoast_head":"<!-- This site is optimized with the Yoast SEO plugin v26.8 - https:\/\/yoast.com\/product\/yoast-seo-wordpress\/ -->\n<title>NitroTAG\u00ae Cryogenic Barcode Labels - 0.75\u2033 x 0.4\u2033 #JTTA-51NP<\/title>\n<meta name=\"description\" content=\"NitroTAG\u00ae Cryo Barcode Labels is for liquid nitrogen storage and having size of 0.75\u2033 x 0.4\u2033 (19.1mm x 10.2mm).\" \/>\n<meta name=\"robots\" content=\"index, follow, max-snippet:-1, max-image-preview:large, max-video-preview:-1\" \/>\n<link rel=\"canonical\" href=\"http:\/\/NitroTAG\u00ae%20Cryo%20Barcode%20Labels%20is%20for%20liquid%20nitrogen%20storage%20and%20having%20size%20of%200.75\u2033%20x%200.4\u2033%20(19.1mm%20x%2010.2mm).\" \/>\n<meta property=\"og:locale\" content=\"en_US\" \/>\n<meta property=\"og:type\" content=\"article\" \/>\n<meta property=\"og:title\" content=\"NitroTAG\u00ae Cryogenic Barcode Labels - 0.75\u2033 x 0.4\u2033 #JTTA-51NP\" \/>\n<meta property=\"og:description\" content=\"NitroTAG\u00ae Cryo Barcode Labels is for liquid nitrogen storage and having size of 0.75\u2033 x 0.4\u2033 (19.1mm x 10.2mm).\" \/>\n<meta property=\"og:url\" content=\"https:\/\/biogroupvietnam.com\/en\/product\/nitrotag-cryogenic-barcode-labels-0-75\u2033-x-0-4\u2033-jtta-51np\/\" \/>\n<meta property=\"og:site_name\" content=\"Biogroup Vietnam\" \/>\n<meta property=\"article:modified_time\" content=\"2025-09-29T08:08:32+00:00\" \/>\n<meta property=\"og:image\" content=\"https:\/\/biogroupvietnam.com\/wp-content\/uploads\/2025\/08\/D4ihzjCPKN1dJx22RpHdJmThEhh9miT2y8cZTfUp.png\" \/>\n\t<meta property=\"og:image:width\" content=\"440\" \/>\n\t<meta property=\"og:image:height\" content=\"440\" \/>\n\t<meta property=\"og:image:type\" content=\"image\/png\" \/>\n<meta name=\"twitter:card\" content=\"summary_large_image\" \/>\n<meta name=\"twitter:label1\" content=\"Est. reading time\" \/>\n\t<meta name=\"twitter:data1\" content=\"3 minutes\" \/>\n<script type=\"application\/ld+json\" class=\"yoast-schema-graph\">{\"@context\":\"https:\/\/schema.org\",\"@graph\":[{\"@type\":\"WebPage\",\"@id\":\"https:\/\/biogroupvietnam.com\/en\/product\/nitrotag-cryogenic-barcode-labels-0-75%e2%80%b3-x-0-4%e2%80%b3-jtta-51np\/\",\"url\":\"https:\/\/biogroupvietnam.com\/en\/product\/nitrotag-cryogenic-barcode-labels-0-75%e2%80%b3-x-0-4%e2%80%b3-jtta-51np\/\",\"name\":\"Nh\u00e3n m\u00e3 v\u1ea1ch \u0111\u00f4ng l\u1ea1nh NitroTAG\u00ae - 0.75\u2033 x 0.4\u2033 #JTTA-51NP\",\"isPartOf\":{\"@id\":\"https:\/\/biogroupvietnam.com\/vi\/#website\"},\"primaryImageOfPage\":{\"@id\":\"https:\/\/biogroupvietnam.com\/en\/product\/nitrotag-cryogenic-barcode-labels-0-75%e2%80%b3-x-0-4%e2%80%b3-jtta-51np\/#primaryimage\"},\"image\":{\"@id\":\"https:\/\/biogroupvietnam.com\/en\/product\/nitrotag-cryogenic-barcode-labels-0-75%e2%80%b3-x-0-4%e2%80%b3-jtta-51np\/#primaryimage\"},\"thumbnailUrl\":\"https:\/\/biogroupvietnam.com\/wp-content\/uploads\/2025\/08\/D4ihzjCPKN1dJx22RpHdJmThEhh9miT2y8cZTfUp.png\",\"datePublished\":\"2025-08-18T12:53:43+00:00\",\"dateModified\":\"2025-09-29T08:08:32+00:00\",\"description\":\"Nh\u00e3n m\u00e3 v\u1ea1ch \u0111\u00f4ng l\u1ea1nh NitroTAG\u00ae d\u00f9ng l\u01b0u tr\u1eef m\u1eabu trong nit\u01a1 l\u1ecfng v\u00e0 c\u00f3 k\u00edch th\u01b0\u1edbc 0,75\u2033 x 0,4\u2033 (19,1mm x 10,2mm).\",\"breadcrumb\":{\"@id\":\"https:\/\/biogroupvietnam.com\/en\/product\/nitrotag-cryogenic-barcode-labels-0-75%e2%80%b3-x-0-4%e2%80%b3-jtta-51np\/#breadcrumb\"},\"inLanguage\":\"en-US\",\"potentialAction\":[{\"@type\":\"ReadAction\",\"target\":[\"https:\/\/biogroupvietnam.com\/en\/product\/nitrotag-cryogenic-barcode-labels-0-75%e2%80%b3-x-0-4%e2%80%b3-jtta-51np\/\"]}]},{\"@type\":\"ImageObject\",\"inLanguage\":\"en-US\",\"@id\":\"https:\/\/biogroupvietnam.com\/en\/product\/nitrotag-cryogenic-barcode-labels-0-75%e2%80%b3-x-0-4%e2%80%b3-jtta-51np\/#primaryimage\",\"url\":\"https:\/\/biogroupvietnam.com\/wp-content\/uploads\/2025\/08\/D4ihzjCPKN1dJx22RpHdJmThEhh9miT2y8cZTfUp.png\",\"contentUrl\":\"https:\/\/biogroupvietnam.com\/wp-content\/uploads\/2025\/08\/D4ihzjCPKN1dJx22RpHdJmThEhh9miT2y8cZTfUp.png\",\"width\":440,\"height\":440,\"caption\":\"\u00a0\"},{\"@type\":\"BreadcrumbList\",\"@id\":\"https:\/\/biogroupvietnam.com\/en\/product\/nitrotag-cryogenic-barcode-labels-0-75%e2%80%b3-x-0-4%e2%80%b3-jtta-51np\/#breadcrumb\",\"itemListElement\":[{\"@type\":\"ListItem\",\"position\":1,\"name\":\"Biogroup Vietnam | End-to-End Biotechnology Solutions\",\"item\":\"https:\/\/biogroupvietnam.com\/vi\/\"},{\"@type\":\"ListItem\",\"position\":2,\"name\":\"Product\",\"item\":\"https:\/\/biogroupvietnam.com\/vi\/san-pham\/\"},{\"@type\":\"ListItem\",\"position\":3,\"name\":\"Cellular Cryopreservation\",\"item\":\"https:\/\/biogroupvietnam.com\/vi\/danh-muc-san-pham\/bao-quan-lanh-te-bao\/\"},{\"@type\":\"ListItem\",\"position\":4,\"name\":\"Cryogenic Barcode Labels\",\"item\":\"https:\/\/biogroupvietnam.com\/vi\/danh-muc-san-pham\/nhan-ma-vach-dong-lanh\/\"},{\"@type\":\"ListItem\",\"position\":5,\"name\":\"NitroTAG\u00ae Cryogenic Barcode Labels - 0.75\u2033 x 0.4\u2033 #JTTA-51NP\"}]},{\"@type\":\"WebSite\",\"@id\":\"https:\/\/biogroupvietnam.com\/en\/vi\/#website\",\"url\":\"https:\/\/biogroupvietnam.com\/en\/vi\/\",\"name\":\"Biogroup Vietnam\",\"description\":\"Biogroup Vietnam cung c\u1ea5p d\u1ecbch v\u1ee5 k\u1ef9 thu\u1eadt c\u00f9ng thi\u1ebft b\u1ecb, v\u1eadt t\u01b0, h\u00f3a ch\u1ea5t v\u00e0 gi\u1ea3i ph\u00e1p sinh h\u1ecdc cho ph\u00f2ng th\u00ed nghi\u1ec7m c\u00f4ng ngh\u1ec7 sinh h\u1ecdc, y sinh v\u00e0 y h\u1ecdc t\u00e1i t\u1ea1o.\",\"potentialAction\":[{\"@type\":\"SearchAction\",\"target\":{\"@type\":\"EntryPoint\",\"urlTemplate\":\"https:\/\/biogroupvietnam.com\/en\/vi\/?s={search_term_string}\"},\"query-input\":{\"@type\":\"PropertyValueSpecification\",\"valueRequired\":true,\"valueName\":\"search_term_string\"}}],\"inLanguage\":\"en-US\"}]}<\/script>\n<!-- \/ Yoast SEO plugin. -->","yoast_head_json":{"title":"NitroTAG\u00ae Cryogenic Barcode Labels - 0.75\u2033 x 0.4\u2033 #JTTA-51NP","description":"NitroTAG\u00ae Cryo Barcode Labels is for liquid nitrogen storage and having size of 0.75\u2033 x 0.4\u2033 (19.1mm x 10.2mm).","robots":{"index":"index","follow":"follow","max-snippet":"max-snippet:-1","max-image-preview":"max-image-preview:large","max-video-preview":"max-video-preview:-1"},"canonical":"NitroTAG\u00ae Cryo Barcode Labels is for liquid nitrogen storage and having size of 0.75\u2033 x 0.4\u2033 (19.1mm x 10.2mm).","og_locale":"en_US","og_type":"article","og_title":"NitroTAG\u00ae Cryogenic Barcode Labels - 0.75\u2033 x 0.4\u2033 #JTTA-51NP","og_description":"NitroTAG\u00ae Cryo Barcode Labels is for liquid nitrogen storage and having size of 0.75\u2033 x 0.4\u2033 (19.1mm x 10.2mm).","og_url":"https:\/\/biogroupvietnam.com\/en\/product\/nitrotag-cryogenic-barcode-labels-0-75\u2033-x-0-4\u2033-jtta-51np\/","og_site_name":"Biogroup Vietnam","article_modified_time":"2025-09-29T08:08:32+00:00","og_image":[{"width":440,"height":440,"url":"https:\/\/biogroupvietnam.com\/wp-content\/uploads\/2025\/08\/D4ihzjCPKN1dJx22RpHdJmThEhh9miT2y8cZTfUp.png","type":"image\/png"}],"twitter_card":"summary_large_image","twitter_misc":{"Est. reading time":"3 minutes"},"schema":{"@context":"https:\/\/schema.org","@graph":[{"@type":"WebPage","@id":"https:\/\/biogroupvietnam.com\/en\/product\/nitrotag-cryogenic-barcode-labels-0-75%e2%80%b3-x-0-4%e2%80%b3-jtta-51np\/","url":"https:\/\/biogroupvietnam.com\/en\/product\/nitrotag-cryogenic-barcode-labels-0-75%e2%80%b3-x-0-4%e2%80%b3-jtta-51np\/","name":"Nh\u00e3n m\u00e3 v\u1ea1ch \u0111\u00f4ng l\u1ea1nh NitroTAG\u00ae - 0.75\u2033 x 0.4\u2033 #JTTA-51NP","isPartOf":{"@id":"https:\/\/biogroupvietnam.com\/vi\/#website"},"primaryImageOfPage":{"@id":"https:\/\/biogroupvietnam.com\/en\/product\/nitrotag-cryogenic-barcode-labels-0-75%e2%80%b3-x-0-4%e2%80%b3-jtta-51np\/#primaryimage"},"image":{"@id":"https:\/\/biogroupvietnam.com\/en\/product\/nitrotag-cryogenic-barcode-labels-0-75%e2%80%b3-x-0-4%e2%80%b3-jtta-51np\/#primaryimage"},"thumbnailUrl":"https:\/\/biogroupvietnam.com\/wp-content\/uploads\/2025\/08\/D4ihzjCPKN1dJx22RpHdJmThEhh9miT2y8cZTfUp.png","datePublished":"2025-08-18T12:53:43+00:00","dateModified":"2025-09-29T08:08:32+00:00","description":"Nh\u00e3n m\u00e3 v\u1ea1ch \u0111\u00f4ng l\u1ea1nh NitroTAG\u00ae d\u00f9ng l\u01b0u tr\u1eef m\u1eabu trong nit\u01a1 l\u1ecfng v\u00e0 c\u00f3 k\u00edch th\u01b0\u1edbc 0,75\u2033 x 0,4\u2033 (19,1mm x 10,2mm).","breadcrumb":{"@id":"https:\/\/biogroupvietnam.com\/en\/product\/nitrotag-cryogenic-barcode-labels-0-75%e2%80%b3-x-0-4%e2%80%b3-jtta-51np\/#breadcrumb"},"inLanguage":"en-US","potentialAction":[{"@type":"ReadAction","target":["https:\/\/biogroupvietnam.com\/en\/product\/nitrotag-cryogenic-barcode-labels-0-75%e2%80%b3-x-0-4%e2%80%b3-jtta-51np\/"]}]},{"@type":"ImageObject","inLanguage":"en-US","@id":"https:\/\/biogroupvietnam.com\/en\/product\/nitrotag-cryogenic-barcode-labels-0-75%e2%80%b3-x-0-4%e2%80%b3-jtta-51np\/#primaryimage","url":"https:\/\/biogroupvietnam.com\/wp-content\/uploads\/2025\/08\/D4ihzjCPKN1dJx22RpHdJmThEhh9miT2y8cZTfUp.png","contentUrl":"https:\/\/biogroupvietnam.com\/wp-content\/uploads\/2025\/08\/D4ihzjCPKN1dJx22RpHdJmThEhh9miT2y8cZTfUp.png","width":440,"height":440,"caption":"\u00a0"},{"@type":"BreadcrumbList","@id":"https:\/\/biogroupvietnam.com\/en\/product\/nitrotag-cryogenic-barcode-labels-0-75%e2%80%b3-x-0-4%e2%80%b3-jtta-51np\/#breadcrumb","itemListElement":[{"@type":"ListItem","position":1,"name":"Biogroup Vietnam | End-to-End Biotechnology Solutions","item":"https:\/\/biogroupvietnam.com\/vi\/"},{"@type":"ListItem","position":2,"name":"Product","item":"https:\/\/biogroupvietnam.com\/vi\/san-pham\/"},{"@type":"ListItem","position":3,"name":"Cellular Cryopreservation","item":"https:\/\/biogroupvietnam.com\/vi\/danh-muc-san-pham\/bao-quan-lanh-te-bao\/"},{"@type":"ListItem","position":4,"name":"Cryogenic Barcode Labels","item":"https:\/\/biogroupvietnam.com\/vi\/danh-muc-san-pham\/nhan-ma-vach-dong-lanh\/"},{"@type":"ListItem","position":5,"name":"NitroTAG\u00ae Cryogenic Barcode Labels - 0.75\u2033 x 0.4\u2033 #JTTA-51NP"}]},{"@type":"WebSite","@id":"https:\/\/biogroupvietnam.com\/en\/vi\/#website","url":"https:\/\/biogroupvietnam.com\/en\/vi\/","name":"Biogroup Vietnam","description":"Biogroup Vietnam cung c\u1ea5p d\u1ecbch v\u1ee5 k\u1ef9 thu\u1eadt c\u00f9ng thi\u1ebft b\u1ecb, v\u1eadt t\u01b0, h\u00f3a ch\u1ea5t v\u00e0 gi\u1ea3i ph\u00e1p sinh h\u1ecdc cho ph\u00f2ng th\u00ed nghi\u1ec7m c\u00f4ng ngh\u1ec7 sinh h\u1ecdc, y sinh v\u00e0 y h\u1ecdc t\u00e1i t\u1ea1o.","potentialAction":[{"@type":"SearchAction","target":{"@type":"EntryPoint","urlTemplate":"https:\/\/biogroupvietnam.com\/en\/vi\/?s={search_term_string}"},"query-input":{"@type":"PropertyValueSpecification","valueRequired":true,"valueName":"search_term_string"}}],"inLanguage":"en-US"}]}},"_links":{"self":[{"href":"https:\/\/biogroupvietnam.com\/en\/wp-json\/wp\/v2\/product\/3827","targetHints":{"allow":["GET"]}}],"collection":[{"href":"https:\/\/biogroupvietnam.com\/en\/wp-json\/wp\/v2\/product"}],"about":[{"href":"https:\/\/biogroupvietnam.com\/en\/wp-json\/wp\/v2\/types\/product"}],"replies":[{"embeddable":true,"href":"https:\/\/biogroupvietnam.com\/en\/wp-json\/wp\/v2\/comments?post=3827"}],"version-history":[{"count":2,"href":"https:\/\/biogroupvietnam.com\/en\/wp-json\/wp\/v2\/product\/3827\/revisions"}],"predecessor-version":[{"id":8219,"href":"https:\/\/biogroupvietnam.com\/en\/wp-json\/wp\/v2\/product\/3827\/revisions\/8219"}],"wp:featuredmedia":[{"embeddable":true,"href":"https:\/\/biogroupvietnam.com\/en\/wp-json\/wp\/v2\/media\/5426"}],"wp:attachment":[{"href":"https:\/\/biogroupvietnam.com\/en\/wp-json\/wp\/v2\/media?parent=3827"}],"wp:term":[{"taxonomy":"product_brand","embeddable":true,"href":"https:\/\/biogroupvietnam.com\/en\/wp-json\/wp\/v2\/product_brand?post=3827"},{"taxonomy":"product_cat","embeddable":true,"href":"https:\/\/biogroupvietnam.com\/en\/wp-json\/wp\/v2\/product_cat?post=3827"},{"taxonomy":"product_tag","embeddable":true,"href":"https:\/\/biogroupvietnam.com\/en\/wp-json\/wp\/v2\/product_tag?post=3827"}],"curies":[{"name":"wp","href":"https:\/\/api.w.org\/{rel}","templated":true}]}}