{"id":3830,"date":"2025-08-18T19:53:44","date_gmt":"2025-08-18T12:53:44","guid":{"rendered":"http:\/\/biogroupvietnam-worldpress.local\/product\/import-placeholder-for-132\/"},"modified":"2026-04-04T14:46:17","modified_gmt":"2026-04-04T07:46:17","slug":"moi-truong-biet-hoa-te-bao-goc-trung-mo-chuot","status":"publish","type":"product","link":"https:\/\/biogroupvietnam.com\/en\/product\/mesencult-osteogenic-stimulatory-kit-mouse\/","title":{"rendered":"MesenCult\u2122 Osteogenic Stimulatory Kit (Mouse)"},"content":{"rendered":"<p><a href=\"https:\/\/www.stemcell.com\/mesencult-osteogenic-stimulatory-kit-mouse.html\">MesenCult\u2122 Osteogenic Stimulatory Kit (Mouse)<\/a> is a complete medium for differentiating mouse mesenchymal stem cells and embryonic fibroblasts into osteoblasts.<\/p>\n","protected":false},"excerpt":{"rendered":"<p>MesenCult\u2122 Osteogenic Stimulatory Kit (Mouse) is a complete medium for differentiating mouse mesenchymal stem cells and embryonic fibroblasts into osteoblasts.<\/p>\n","protected":false},"featured_media":10194,"comment_status":"closed","ping_status":"closed","template":"","meta":{"_acf_changed":false},"product_brand":[127],"product_cat":[87],"product_tag":[],"class_list":{"0":"post-3830","1":"product","2":"type-product","3":"status-publish","4":"has-post-thumbnail","6":"product_brand-stemcell-technologies","7":"product_cat-cellular-differentiation","9":"first","10":"outofstock","11":"shipping-taxable","12":"product-type-simple"},"acf":[],"yoast_head":"<!-- This site is optimized with the Yoast SEO plugin v26.8 - https:\/\/yoast.com\/product\/yoast-seo-wordpress\/ -->\n<title>MesenCult\u2122 Osteogenic Stimulatory Kit (Mouse)<\/title>\n<meta name=\"description\" content=\"MesenCult\u2122 Osteogenic Stimulatory Kit (Mouse) is a complete medium for differentiating mouse mesenchymal stem cells and embryonic fibroblasts into osteoblasts.\" \/>\n<meta name=\"robots\" content=\"index, follow, max-snippet:-1, max-image-preview:large, max-video-preview:-1\" \/>\n<link rel=\"canonical\" href=\"http:\/\/MesenCult\u2122%20Osteogenic%20Stimulatory%20Kit%20(Mouse)%20is%20a%20complete%20medium%20for%20differentiating%20mouse%20mesenchymal%20stem%20cells%20and%20embryonic%20fibroblasts%20into%20osteoblasts.\" \/>\n<meta property=\"og:locale\" content=\"en_US\" \/>\n<meta property=\"og:type\" content=\"article\" \/>\n<meta property=\"og:title\" content=\"MesenCult\u2122 Osteogenic Stimulatory Kit (Mouse)\" \/>\n<meta property=\"og:description\" content=\"MesenCult\u2122 Osteogenic Stimulatory Kit (Mouse) is a complete medium for differentiating mouse mesenchymal stem cells and embryonic fibroblasts into osteoblasts.\" \/>\n<meta property=\"og:url\" content=\"https:\/\/biogroupvietnam.com\/en\/product\/mesencult-osteogenic-stimulatory-kit-mouse\/\" \/>\n<meta property=\"og:site_name\" content=\"Biogroup Vietnam\" \/>\n<meta property=\"article:modified_time\" content=\"2026-04-04T07:46:17+00:00\" \/>\n<meta property=\"og:image\" content=\"https:\/\/biogroupvietnam.com\/wp-content\/uploads\/2025\/08\/moi-truong-biet-hoa-te-bao-goc-trung-mo-chuot.jpg\" \/>\n\t<meta property=\"og:image:width\" content=\"1640\" \/>\n\t<meta property=\"og:image:height\" content=\"1260\" \/>\n\t<meta property=\"og:image:type\" content=\"image\/jpeg\" \/>\n<meta name=\"twitter:card\" content=\"summary_large_image\" \/>\n<meta name=\"twitter:label1\" content=\"Est. reading time\" \/>\n\t<meta name=\"twitter:data1\" content=\"2 minutes\" \/>\n<script type=\"application\/ld+json\" class=\"yoast-schema-graph\">{\"@context\":\"https:\/\/schema.org\",\"@graph\":[{\"@type\":\"WebPage\",\"@id\":\"https:\/\/biogroupvietnam.com\/en\/product\/mesencult-osteogenic-stimulatory-kit-mouse\/\",\"url\":\"https:\/\/biogroupvietnam.com\/en\/product\/mesencult-osteogenic-stimulatory-kit-mouse\/\",\"name\":\"M\u00f4i Tr\u01b0\u1eddng Bi\u1ec7t H\u00f3a T\u1ebf B\u00e0o G\u1ed1c Trung M\u00f4 (Chu\u1ed9t)\",\"isPartOf\":{\"@id\":\"https:\/\/biogroupvietnam.com\/vi\/#website\"},\"primaryImageOfPage\":{\"@id\":\"https:\/\/biogroupvietnam.com\/en\/product\/mesencult-osteogenic-stimulatory-kit-mouse\/#primaryimage\"},\"image\":{\"@id\":\"https:\/\/biogroupvietnam.com\/en\/product\/mesencult-osteogenic-stimulatory-kit-mouse\/#primaryimage\"},\"thumbnailUrl\":\"https:\/\/biogroupvietnam.com\/wp-content\/uploads\/2025\/08\/moi-truong-biet-hoa-te-bao-goc-trung-mo-chuot.jpg\",\"datePublished\":\"2025-08-18T12:53:44+00:00\",\"dateModified\":\"2026-04-04T07:46:17+00:00\",\"description\":\"B\u1ed9 kit m\u00f4i tr\u01b0\u1eddng bi\u1ec7t h\u00f3a t\u1ebf b\u00e0o g\u1ed1c trung m\u00f4 (MSCs) v\u00e0 nguy\u00ean b\u00e0o s\u1ee3i ph\u00f4i t\u1ea1o x\u01b0\u01a1ng. \u1ee8ng d\u1ee5ng\u00a0nghi\u00ean c\u1ee9u \u0111\u1eb7c t\u00ednh t\u1ebf b\u00e0o MSC, MEF v\u00e0 s\u1ef1 ph\u00e1t tri\u1ec3n x\u01b0\u01a1ng.\",\"breadcrumb\":{\"@id\":\"https:\/\/biogroupvietnam.com\/en\/product\/mesencult-osteogenic-stimulatory-kit-mouse\/#breadcrumb\"},\"inLanguage\":\"en-US\",\"potentialAction\":[{\"@type\":\"ReadAction\",\"target\":[\"https:\/\/biogroupvietnam.com\/en\/product\/mesencult-osteogenic-stimulatory-kit-mouse\/\"]}]},{\"@type\":\"ImageObject\",\"inLanguage\":\"en-US\",\"@id\":\"https:\/\/biogroupvietnam.com\/en\/product\/mesencult-osteogenic-stimulatory-kit-mouse\/#primaryimage\",\"url\":\"https:\/\/biogroupvietnam.com\/wp-content\/uploads\/2025\/08\/moi-truong-biet-hoa-te-bao-goc-trung-mo-chuot.jpg\",\"contentUrl\":\"https:\/\/biogroupvietnam.com\/wp-content\/uploads\/2025\/08\/moi-truong-biet-hoa-te-bao-goc-trung-mo-chuot.jpg\",\"width\":1640,\"height\":1260,\"caption\":\"M\u00f4i Tr\u01b0\u1eddng Bi\u1ec7t H\u00f3a T\u1ebf B\u00e0o G\u1ed1c Trung M\u00f4 (Chu\u1ed9t)\"},{\"@type\":\"BreadcrumbList\",\"@id\":\"https:\/\/biogroupvietnam.com\/en\/product\/mesencult-osteogenic-stimulatory-kit-mouse\/#breadcrumb\",\"itemListElement\":[{\"@type\":\"ListItem\",\"position\":1,\"name\":\"Biogroup Vietnam | End-to-End Biotechnology Solutions\",\"item\":\"https:\/\/biogroupvietnam.com\/vi\/\"},{\"@type\":\"ListItem\",\"position\":2,\"name\":\"Product\",\"item\":\"https:\/\/biogroupvietnam.com\/vi\/san-pham\/\"},{\"@type\":\"ListItem\",\"position\":3,\"name\":\"Cell Culture\",\"item\":\"https:\/\/biogroupvietnam.com\/vi\/danh-muc-san-pham\/nuoi-cay-te-bao\/\"},{\"@type\":\"ListItem\",\"position\":4,\"name\":\"Cellular Differentiation\",\"item\":\"https:\/\/biogroupvietnam.com\/vi\/danh-muc-san-pham\/biet-hoa-te-bao\/\"},{\"@type\":\"ListItem\",\"position\":5,\"name\":\"MesenCult\u2122 Osteogenic Stimulatory Kit (Mouse)\"}]},{\"@type\":\"WebSite\",\"@id\":\"https:\/\/biogroupvietnam.com\/en\/vi\/#website\",\"url\":\"https:\/\/biogroupvietnam.com\/en\/vi\/\",\"name\":\"Biogroup Vietnam\",\"description\":\"Biogroup Vietnam cung c\u1ea5p d\u1ecbch v\u1ee5 k\u1ef9 thu\u1eadt c\u00f9ng thi\u1ebft b\u1ecb, v\u1eadt t\u01b0, h\u00f3a ch\u1ea5t v\u00e0 gi\u1ea3i ph\u00e1p sinh h\u1ecdc cho ph\u00f2ng th\u00ed nghi\u1ec7m c\u00f4ng ngh\u1ec7 sinh h\u1ecdc, y sinh v\u00e0 y h\u1ecdc t\u00e1i t\u1ea1o.\",\"potentialAction\":[{\"@type\":\"SearchAction\",\"target\":{\"@type\":\"EntryPoint\",\"urlTemplate\":\"https:\/\/biogroupvietnam.com\/en\/vi\/?s={search_term_string}\"},\"query-input\":{\"@type\":\"PropertyValueSpecification\",\"valueRequired\":true,\"valueName\":\"search_term_string\"}}],\"inLanguage\":\"en-US\"}]}<\/script>\n<!-- \/ Yoast SEO plugin. -->","yoast_head_json":{"title":"MesenCult\u2122 Osteogenic Stimulatory Kit (Mouse)","description":"MesenCult\u2122 Osteogenic Stimulatory Kit (Mouse) is a complete medium for differentiating mouse mesenchymal stem cells and embryonic fibroblasts into osteoblasts.","robots":{"index":"index","follow":"follow","max-snippet":"max-snippet:-1","max-image-preview":"max-image-preview:large","max-video-preview":"max-video-preview:-1"},"canonical":"MesenCult\u2122 Osteogenic Stimulatory Kit (Mouse) is a complete medium for differentiating mouse mesenchymal stem cells and embryonic fibroblasts into osteoblasts.","og_locale":"en_US","og_type":"article","og_title":"MesenCult\u2122 Osteogenic Stimulatory Kit (Mouse)","og_description":"MesenCult\u2122 Osteogenic Stimulatory Kit (Mouse) is a complete medium for differentiating mouse mesenchymal stem cells and embryonic fibroblasts into osteoblasts.","og_url":"https:\/\/biogroupvietnam.com\/en\/product\/mesencult-osteogenic-stimulatory-kit-mouse\/","og_site_name":"Biogroup Vietnam","article_modified_time":"2026-04-04T07:46:17+00:00","og_image":[{"width":1640,"height":1260,"url":"https:\/\/biogroupvietnam.com\/wp-content\/uploads\/2025\/08\/moi-truong-biet-hoa-te-bao-goc-trung-mo-chuot.jpg","type":"image\/jpeg"}],"twitter_card":"summary_large_image","twitter_misc":{"Est. reading time":"2 minutes"},"schema":{"@context":"https:\/\/schema.org","@graph":[{"@type":"WebPage","@id":"https:\/\/biogroupvietnam.com\/en\/product\/mesencult-osteogenic-stimulatory-kit-mouse\/","url":"https:\/\/biogroupvietnam.com\/en\/product\/mesencult-osteogenic-stimulatory-kit-mouse\/","name":"M\u00f4i Tr\u01b0\u1eddng Bi\u1ec7t H\u00f3a T\u1ebf B\u00e0o G\u1ed1c Trung M\u00f4 (Chu\u1ed9t)","isPartOf":{"@id":"https:\/\/biogroupvietnam.com\/vi\/#website"},"primaryImageOfPage":{"@id":"https:\/\/biogroupvietnam.com\/en\/product\/mesencult-osteogenic-stimulatory-kit-mouse\/#primaryimage"},"image":{"@id":"https:\/\/biogroupvietnam.com\/en\/product\/mesencult-osteogenic-stimulatory-kit-mouse\/#primaryimage"},"thumbnailUrl":"https:\/\/biogroupvietnam.com\/wp-content\/uploads\/2025\/08\/moi-truong-biet-hoa-te-bao-goc-trung-mo-chuot.jpg","datePublished":"2025-08-18T12:53:44+00:00","dateModified":"2026-04-04T07:46:17+00:00","description":"B\u1ed9 kit m\u00f4i tr\u01b0\u1eddng bi\u1ec7t h\u00f3a t\u1ebf b\u00e0o g\u1ed1c trung m\u00f4 (MSCs) v\u00e0 nguy\u00ean b\u00e0o s\u1ee3i ph\u00f4i t\u1ea1o x\u01b0\u01a1ng. \u1ee8ng d\u1ee5ng\u00a0nghi\u00ean c\u1ee9u \u0111\u1eb7c t\u00ednh t\u1ebf b\u00e0o MSC, MEF v\u00e0 s\u1ef1 ph\u00e1t tri\u1ec3n x\u01b0\u01a1ng.","breadcrumb":{"@id":"https:\/\/biogroupvietnam.com\/en\/product\/mesencult-osteogenic-stimulatory-kit-mouse\/#breadcrumb"},"inLanguage":"en-US","potentialAction":[{"@type":"ReadAction","target":["https:\/\/biogroupvietnam.com\/en\/product\/mesencult-osteogenic-stimulatory-kit-mouse\/"]}]},{"@type":"ImageObject","inLanguage":"en-US","@id":"https:\/\/biogroupvietnam.com\/en\/product\/mesencult-osteogenic-stimulatory-kit-mouse\/#primaryimage","url":"https:\/\/biogroupvietnam.com\/wp-content\/uploads\/2025\/08\/moi-truong-biet-hoa-te-bao-goc-trung-mo-chuot.jpg","contentUrl":"https:\/\/biogroupvietnam.com\/wp-content\/uploads\/2025\/08\/moi-truong-biet-hoa-te-bao-goc-trung-mo-chuot.jpg","width":1640,"height":1260,"caption":"M\u00f4i Tr\u01b0\u1eddng Bi\u1ec7t H\u00f3a T\u1ebf B\u00e0o G\u1ed1c Trung M\u00f4 (Chu\u1ed9t)"},{"@type":"BreadcrumbList","@id":"https:\/\/biogroupvietnam.com\/en\/product\/mesencult-osteogenic-stimulatory-kit-mouse\/#breadcrumb","itemListElement":[{"@type":"ListItem","position":1,"name":"Biogroup Vietnam | End-to-End Biotechnology Solutions","item":"https:\/\/biogroupvietnam.com\/vi\/"},{"@type":"ListItem","position":2,"name":"Product","item":"https:\/\/biogroupvietnam.com\/vi\/san-pham\/"},{"@type":"ListItem","position":3,"name":"Cell Culture","item":"https:\/\/biogroupvietnam.com\/vi\/danh-muc-san-pham\/nuoi-cay-te-bao\/"},{"@type":"ListItem","position":4,"name":"Cellular Differentiation","item":"https:\/\/biogroupvietnam.com\/vi\/danh-muc-san-pham\/biet-hoa-te-bao\/"},{"@type":"ListItem","position":5,"name":"MesenCult\u2122 Osteogenic Stimulatory Kit (Mouse)"}]},{"@type":"WebSite","@id":"https:\/\/biogroupvietnam.com\/en\/vi\/#website","url":"https:\/\/biogroupvietnam.com\/en\/vi\/","name":"Biogroup Vietnam","description":"Biogroup Vietnam cung c\u1ea5p d\u1ecbch v\u1ee5 k\u1ef9 thu\u1eadt c\u00f9ng thi\u1ebft b\u1ecb, v\u1eadt t\u01b0, h\u00f3a ch\u1ea5t v\u00e0 gi\u1ea3i ph\u00e1p sinh h\u1ecdc cho ph\u00f2ng th\u00ed nghi\u1ec7m c\u00f4ng ngh\u1ec7 sinh h\u1ecdc, y sinh v\u00e0 y h\u1ecdc t\u00e1i t\u1ea1o.","potentialAction":[{"@type":"SearchAction","target":{"@type":"EntryPoint","urlTemplate":"https:\/\/biogroupvietnam.com\/en\/vi\/?s={search_term_string}"},"query-input":{"@type":"PropertyValueSpecification","valueRequired":true,"valueName":"search_term_string"}}],"inLanguage":"en-US"}]}},"_links":{"self":[{"href":"https:\/\/biogroupvietnam.com\/en\/wp-json\/wp\/v2\/product\/3830","targetHints":{"allow":["GET"]}}],"collection":[{"href":"https:\/\/biogroupvietnam.com\/en\/wp-json\/wp\/v2\/product"}],"about":[{"href":"https:\/\/biogroupvietnam.com\/en\/wp-json\/wp\/v2\/types\/product"}],"replies":[{"embeddable":true,"href":"https:\/\/biogroupvietnam.com\/en\/wp-json\/wp\/v2\/comments?post=3830"}],"version-history":[{"count":10,"href":"https:\/\/biogroupvietnam.com\/en\/wp-json\/wp\/v2\/product\/3830\/revisions"}],"predecessor-version":[{"id":9720,"href":"https:\/\/biogroupvietnam.com\/en\/wp-json\/wp\/v2\/product\/3830\/revisions\/9720"}],"wp:featuredmedia":[{"embeddable":true,"href":"https:\/\/biogroupvietnam.com\/en\/wp-json\/wp\/v2\/media\/10194"}],"wp:attachment":[{"href":"https:\/\/biogroupvietnam.com\/en\/wp-json\/wp\/v2\/media?parent=3830"}],"wp:term":[{"taxonomy":"product_brand","embeddable":true,"href":"https:\/\/biogroupvietnam.com\/en\/wp-json\/wp\/v2\/product_brand?post=3830"},{"taxonomy":"product_cat","embeddable":true,"href":"https:\/\/biogroupvietnam.com\/en\/wp-json\/wp\/v2\/product_cat?post=3830"},{"taxonomy":"product_tag","embeddable":true,"href":"https:\/\/biogroupvietnam.com\/en\/wp-json\/wp\/v2\/product_tag?post=3830"}],"curies":[{"name":"wp","href":"https:\/\/api.w.org\/{rel}","templated":true}]}}