{"id":3831,"date":"2025-08-18T19:53:45","date_gmt":"2025-08-18T12:53:45","guid":{"rendered":"http:\/\/biogroupvietnam-worldpress.local\/product\/import-placeholder-for-133\/"},"modified":"2026-04-04T14:36:50","modified_gmt":"2026-04-04T07:36:50","slug":"moi-truong-tang-sinh-te-bao-chuot-mesencult-chuot","status":"publish","type":"product","link":"https:\/\/biogroupvietnam.com\/en\/product\/mesencult-expansion-kit-mouse\/","title":{"rendered":"MesenCult\u2122 Expansion Kit (Mouse)"},"content":{"rendered":"<p><a href=\"https:\/\/www.stemcell.com\/mesencult-expansion-kit-mouse.html\">MesenCult\u2122 expansion kit (Mouse)<\/a> is used for the culture of mouse MSCs and MEFs.<\/p>\n","protected":false},"excerpt":{"rendered":"<p>MesenCult\u2122 expansion kit (Mouse) is used for the culture of mouse MSCs and MEFs.<\/p>\n","protected":false},"featured_media":10193,"comment_status":"closed","ping_status":"closed","template":"","meta":{"_acf_changed":false},"product_brand":[127],"product_cat":[91],"product_tag":[],"class_list":{"0":"post-3831","1":"product","2":"type-product","3":"status-publish","4":"has-post-thumbnail","6":"product_brand-stemcell-technologies","7":"product_cat-human-mesenchymal-stem-cells","9":"first","10":"outofstock","11":"shipping-taxable","12":"product-type-simple"},"acf":[],"yoast_head":"<!-- This site is optimized with the Yoast SEO plugin v26.8 - https:\/\/yoast.com\/product\/yoast-seo-wordpress\/ -->\n<title>MesenCult\u2122 Expansion Kit (Mouse)<\/title>\n<meta name=\"description\" content=\"MesenCult\u2122 expansion kit (Mouse) is used for the culture of mouse MSCs and MEFs.\" \/>\n<meta name=\"robots\" content=\"index, follow, max-snippet:-1, max-image-preview:large, max-video-preview:-1\" \/>\n<link rel=\"canonical\" href=\"http:\/\/MesenCult\u2122%20expansion%20kit%20(Mouse)%20is%20used%20for%20the%20culture%20of%20mouse%20MSCs%20and%20MEFs.\" \/>\n<meta property=\"og:locale\" content=\"en_US\" \/>\n<meta property=\"og:type\" content=\"article\" \/>\n<meta property=\"og:title\" content=\"MesenCult\u2122 Expansion Kit (Mouse)\" \/>\n<meta property=\"og:description\" content=\"MesenCult\u2122 expansion kit (Mouse) is used for the culture of mouse MSCs and MEFs.\" \/>\n<meta property=\"og:url\" content=\"https:\/\/biogroupvietnam.com\/en\/product\/mesencult-expansion-kit-mouse\/\" \/>\n<meta property=\"og:site_name\" content=\"Biogroup Vietnam\" \/>\n<meta property=\"article:modified_time\" content=\"2026-04-04T07:36:50+00:00\" \/>\n<meta property=\"og:image\" content=\"https:\/\/biogroupvietnam.com\/wp-content\/uploads\/2025\/08\/moi-truong-mesencult-tang-sinh-te-bao-chuot.jpg\" \/>\n\t<meta property=\"og:image:width\" content=\"1640\" \/>\n\t<meta property=\"og:image:height\" content=\"1260\" \/>\n\t<meta property=\"og:image:type\" content=\"image\/jpeg\" \/>\n<meta name=\"twitter:card\" content=\"summary_large_image\" \/>\n<meta name=\"twitter:label1\" content=\"Est. reading time\" \/>\n\t<meta name=\"twitter:data1\" content=\"4 minutes\" \/>\n<script type=\"application\/ld+json\" class=\"yoast-schema-graph\">{\"@context\":\"https:\/\/schema.org\",\"@graph\":[{\"@type\":\"WebPage\",\"@id\":\"https:\/\/biogroupvietnam.com\/en\/product\/mesencult-expansion-kit-mouse\/\",\"url\":\"https:\/\/biogroupvietnam.com\/en\/product\/mesencult-expansion-kit-mouse\/\",\"name\":\"M\u00f4i Tr\u01b0\u1eddng MesenCult\u2122 T\u0103ng Sinh T\u1ebf B\u00e0o (Chu\u1ed9t)\",\"isPartOf\":{\"@id\":\"https:\/\/biogroupvietnam.com\/vi\/#website\"},\"primaryImageOfPage\":{\"@id\":\"https:\/\/biogroupvietnam.com\/en\/product\/mesencult-expansion-kit-mouse\/#primaryimage\"},\"image\":{\"@id\":\"https:\/\/biogroupvietnam.com\/en\/product\/mesencult-expansion-kit-mouse\/#primaryimage\"},\"thumbnailUrl\":\"https:\/\/biogroupvietnam.com\/wp-content\/uploads\/2025\/08\/moi-truong-mesencult-tang-sinh-te-bao-chuot.jpg\",\"datePublished\":\"2025-08-18T12:53:45+00:00\",\"dateModified\":\"2026-04-04T07:36:50+00:00\",\"description\":\"B\u1ed9 m\u00f4i tr\u01b0\u1eddng t\u0103ng sinh t\u1ebf b\u00e0o MesenCult\u2122 (Chu\u1ed9t) \u0111\u01b0\u1ee3c chu\u1ea9n h\u00f3a \u0111\u1ec3 nu\u00f4i c\u1ea5y c\u00e1c t\u1ebf b\u00e0o m\u00f4 \u0111\u1ec7m trung m\u00f4 c\u1ee7a chu\u1ed9t (MSC; c\u00f2n \u0111\u01b0\u1ee3c g\u1ecdi l\u00e0 t\u1ebf b\u00e0o g\u1ed1c trung m\u00f4) v\u00e0 nguy\u00ean b\u00e0o s\u1ee3i ph\u00f4i chu\u1ed9t (MEF).\",\"breadcrumb\":{\"@id\":\"https:\/\/biogroupvietnam.com\/en\/product\/mesencult-expansion-kit-mouse\/#breadcrumb\"},\"inLanguage\":\"en-US\",\"potentialAction\":[{\"@type\":\"ReadAction\",\"target\":[\"https:\/\/biogroupvietnam.com\/en\/product\/mesencult-expansion-kit-mouse\/\"]}]},{\"@type\":\"ImageObject\",\"inLanguage\":\"en-US\",\"@id\":\"https:\/\/biogroupvietnam.com\/en\/product\/mesencult-expansion-kit-mouse\/#primaryimage\",\"url\":\"https:\/\/biogroupvietnam.com\/wp-content\/uploads\/2025\/08\/moi-truong-mesencult-tang-sinh-te-bao-chuot.jpg\",\"contentUrl\":\"https:\/\/biogroupvietnam.com\/wp-content\/uploads\/2025\/08\/moi-truong-mesencult-tang-sinh-te-bao-chuot.jpg\",\"width\":1640,\"height\":1260,\"caption\":\"M\u00f4i Tr\u01b0\u1eddng MesenCult\u2122 T\u0103ng Sinh T\u1ebf B\u00e0o (Chu\u1ed9t)\"},{\"@type\":\"BreadcrumbList\",\"@id\":\"https:\/\/biogroupvietnam.com\/en\/product\/mesencult-expansion-kit-mouse\/#breadcrumb\",\"itemListElement\":[{\"@type\":\"ListItem\",\"position\":1,\"name\":\"Biogroup Vietnam | End-to-End Biotechnology Solutions\",\"item\":\"https:\/\/biogroupvietnam.com\/vi\/\"},{\"@type\":\"ListItem\",\"position\":2,\"name\":\"Product\",\"item\":\"https:\/\/biogroupvietnam.com\/vi\/san-pham\/\"},{\"@type\":\"ListItem\",\"position\":3,\"name\":\"Cell Culture\",\"item\":\"https:\/\/biogroupvietnam.com\/vi\/danh-muc-san-pham\/nuoi-cay-te-bao\/\"},{\"@type\":\"ListItem\",\"position\":4,\"name\":\"Human mesenchymal stem cells\",\"item\":\"https:\/\/biogroupvietnam.com\/vi\/danh-muc-san-pham\/te-bao-goc-trung-mo\/\"},{\"@type\":\"ListItem\",\"position\":5,\"name\":\"MesenCult\u2122 Expansion Kit (Mouse)\"}]},{\"@type\":\"WebSite\",\"@id\":\"https:\/\/biogroupvietnam.com\/en\/vi\/#website\",\"url\":\"https:\/\/biogroupvietnam.com\/en\/vi\/\",\"name\":\"Biogroup Vietnam\",\"description\":\"Biogroup Vietnam cung c\u1ea5p d\u1ecbch v\u1ee5 k\u1ef9 thu\u1eadt c\u00f9ng thi\u1ebft b\u1ecb, v\u1eadt t\u01b0, h\u00f3a ch\u1ea5t v\u00e0 gi\u1ea3i ph\u00e1p sinh h\u1ecdc cho ph\u00f2ng th\u00ed nghi\u1ec7m c\u00f4ng ngh\u1ec7 sinh h\u1ecdc, y sinh v\u00e0 y h\u1ecdc t\u00e1i t\u1ea1o.\",\"potentialAction\":[{\"@type\":\"SearchAction\",\"target\":{\"@type\":\"EntryPoint\",\"urlTemplate\":\"https:\/\/biogroupvietnam.com\/en\/vi\/?s={search_term_string}\"},\"query-input\":{\"@type\":\"PropertyValueSpecification\",\"valueRequired\":true,\"valueName\":\"search_term_string\"}}],\"inLanguage\":\"en-US\"}]}<\/script>\n<!-- \/ Yoast SEO plugin. -->","yoast_head_json":{"title":"MesenCult\u2122 Expansion Kit (Mouse)","description":"MesenCult\u2122 expansion kit (Mouse) is used for the culture of mouse MSCs and MEFs.","robots":{"index":"index","follow":"follow","max-snippet":"max-snippet:-1","max-image-preview":"max-image-preview:large","max-video-preview":"max-video-preview:-1"},"canonical":"MesenCult\u2122 expansion kit (Mouse) is used for the culture of mouse MSCs and MEFs.","og_locale":"en_US","og_type":"article","og_title":"MesenCult\u2122 Expansion Kit (Mouse)","og_description":"MesenCult\u2122 expansion kit (Mouse) is used for the culture of mouse MSCs and MEFs.","og_url":"https:\/\/biogroupvietnam.com\/en\/product\/mesencult-expansion-kit-mouse\/","og_site_name":"Biogroup Vietnam","article_modified_time":"2026-04-04T07:36:50+00:00","og_image":[{"width":1640,"height":1260,"url":"https:\/\/biogroupvietnam.com\/wp-content\/uploads\/2025\/08\/moi-truong-mesencult-tang-sinh-te-bao-chuot.jpg","type":"image\/jpeg"}],"twitter_card":"summary_large_image","twitter_misc":{"Est. reading time":"4 minutes"},"schema":{"@context":"https:\/\/schema.org","@graph":[{"@type":"WebPage","@id":"https:\/\/biogroupvietnam.com\/en\/product\/mesencult-expansion-kit-mouse\/","url":"https:\/\/biogroupvietnam.com\/en\/product\/mesencult-expansion-kit-mouse\/","name":"M\u00f4i Tr\u01b0\u1eddng MesenCult\u2122 T\u0103ng Sinh T\u1ebf B\u00e0o (Chu\u1ed9t)","isPartOf":{"@id":"https:\/\/biogroupvietnam.com\/vi\/#website"},"primaryImageOfPage":{"@id":"https:\/\/biogroupvietnam.com\/en\/product\/mesencult-expansion-kit-mouse\/#primaryimage"},"image":{"@id":"https:\/\/biogroupvietnam.com\/en\/product\/mesencult-expansion-kit-mouse\/#primaryimage"},"thumbnailUrl":"https:\/\/biogroupvietnam.com\/wp-content\/uploads\/2025\/08\/moi-truong-mesencult-tang-sinh-te-bao-chuot.jpg","datePublished":"2025-08-18T12:53:45+00:00","dateModified":"2026-04-04T07:36:50+00:00","description":"B\u1ed9 m\u00f4i tr\u01b0\u1eddng t\u0103ng sinh t\u1ebf b\u00e0o MesenCult\u2122 (Chu\u1ed9t) \u0111\u01b0\u1ee3c chu\u1ea9n h\u00f3a \u0111\u1ec3 nu\u00f4i c\u1ea5y c\u00e1c t\u1ebf b\u00e0o m\u00f4 \u0111\u1ec7m trung m\u00f4 c\u1ee7a chu\u1ed9t (MSC; c\u00f2n \u0111\u01b0\u1ee3c g\u1ecdi l\u00e0 t\u1ebf b\u00e0o g\u1ed1c trung m\u00f4) v\u00e0 nguy\u00ean b\u00e0o s\u1ee3i ph\u00f4i chu\u1ed9t (MEF).","breadcrumb":{"@id":"https:\/\/biogroupvietnam.com\/en\/product\/mesencult-expansion-kit-mouse\/#breadcrumb"},"inLanguage":"en-US","potentialAction":[{"@type":"ReadAction","target":["https:\/\/biogroupvietnam.com\/en\/product\/mesencult-expansion-kit-mouse\/"]}]},{"@type":"ImageObject","inLanguage":"en-US","@id":"https:\/\/biogroupvietnam.com\/en\/product\/mesencult-expansion-kit-mouse\/#primaryimage","url":"https:\/\/biogroupvietnam.com\/wp-content\/uploads\/2025\/08\/moi-truong-mesencult-tang-sinh-te-bao-chuot.jpg","contentUrl":"https:\/\/biogroupvietnam.com\/wp-content\/uploads\/2025\/08\/moi-truong-mesencult-tang-sinh-te-bao-chuot.jpg","width":1640,"height":1260,"caption":"M\u00f4i Tr\u01b0\u1eddng MesenCult\u2122 T\u0103ng Sinh T\u1ebf B\u00e0o (Chu\u1ed9t)"},{"@type":"BreadcrumbList","@id":"https:\/\/biogroupvietnam.com\/en\/product\/mesencult-expansion-kit-mouse\/#breadcrumb","itemListElement":[{"@type":"ListItem","position":1,"name":"Biogroup Vietnam | End-to-End Biotechnology Solutions","item":"https:\/\/biogroupvietnam.com\/vi\/"},{"@type":"ListItem","position":2,"name":"Product","item":"https:\/\/biogroupvietnam.com\/vi\/san-pham\/"},{"@type":"ListItem","position":3,"name":"Cell Culture","item":"https:\/\/biogroupvietnam.com\/vi\/danh-muc-san-pham\/nuoi-cay-te-bao\/"},{"@type":"ListItem","position":4,"name":"Human mesenchymal stem cells","item":"https:\/\/biogroupvietnam.com\/vi\/danh-muc-san-pham\/te-bao-goc-trung-mo\/"},{"@type":"ListItem","position":5,"name":"MesenCult\u2122 Expansion Kit (Mouse)"}]},{"@type":"WebSite","@id":"https:\/\/biogroupvietnam.com\/en\/vi\/#website","url":"https:\/\/biogroupvietnam.com\/en\/vi\/","name":"Biogroup Vietnam","description":"Biogroup Vietnam cung c\u1ea5p d\u1ecbch v\u1ee5 k\u1ef9 thu\u1eadt c\u00f9ng thi\u1ebft b\u1ecb, v\u1eadt t\u01b0, h\u00f3a ch\u1ea5t v\u00e0 gi\u1ea3i ph\u00e1p sinh h\u1ecdc cho ph\u00f2ng th\u00ed nghi\u1ec7m c\u00f4ng ngh\u1ec7 sinh h\u1ecdc, y sinh v\u00e0 y h\u1ecdc t\u00e1i t\u1ea1o.","potentialAction":[{"@type":"SearchAction","target":{"@type":"EntryPoint","urlTemplate":"https:\/\/biogroupvietnam.com\/en\/vi\/?s={search_term_string}"},"query-input":{"@type":"PropertyValueSpecification","valueRequired":true,"valueName":"search_term_string"}}],"inLanguage":"en-US"}]}},"_links":{"self":[{"href":"https:\/\/biogroupvietnam.com\/en\/wp-json\/wp\/v2\/product\/3831","targetHints":{"allow":["GET"]}}],"collection":[{"href":"https:\/\/biogroupvietnam.com\/en\/wp-json\/wp\/v2\/product"}],"about":[{"href":"https:\/\/biogroupvietnam.com\/en\/wp-json\/wp\/v2\/types\/product"}],"replies":[{"embeddable":true,"href":"https:\/\/biogroupvietnam.com\/en\/wp-json\/wp\/v2\/comments?post=3831"}],"version-history":[{"count":5,"href":"https:\/\/biogroupvietnam.com\/en\/wp-json\/wp\/v2\/product\/3831\/revisions"}],"predecessor-version":[{"id":9750,"href":"https:\/\/biogroupvietnam.com\/en\/wp-json\/wp\/v2\/product\/3831\/revisions\/9750"}],"wp:featuredmedia":[{"embeddable":true,"href":"https:\/\/biogroupvietnam.com\/en\/wp-json\/wp\/v2\/media\/10193"}],"wp:attachment":[{"href":"https:\/\/biogroupvietnam.com\/en\/wp-json\/wp\/v2\/media?parent=3831"}],"wp:term":[{"taxonomy":"product_brand","embeddable":true,"href":"https:\/\/biogroupvietnam.com\/en\/wp-json\/wp\/v2\/product_brand?post=3831"},{"taxonomy":"product_cat","embeddable":true,"href":"https:\/\/biogroupvietnam.com\/en\/wp-json\/wp\/v2\/product_cat?post=3831"},{"taxonomy":"product_tag","embeddable":true,"href":"https:\/\/biogroupvietnam.com\/en\/wp-json\/wp\/v2\/product_tag?post=3831"}],"curies":[{"name":"wp","href":"https:\/\/api.w.org\/{rel}","templated":true}]}}