{"id":3832,"date":"2025-08-18T19:53:45","date_gmt":"2025-08-18T12:53:45","guid":{"rendered":"http:\/\/biogroupvietnam-worldpress.local\/product\/import-placeholder-for-134\/"},"modified":"2025-12-22T10:19:43","modified_gmt":"2025-12-22T03:19:43","slug":"may-dem-te-bao-tu-dong-eve-plus","status":"publish","type":"product","link":"https:\/\/biogroupvietnam.com\/en\/product\/eve-plus-automated-cell-counter\/","title":{"rendered":"EVE\u2122 Plus Automated Cell Counter"},"content":{"rendered":"<h2><a href=\"http:\/\/www.nanoentek.com\/theme\/nanont2_en\/shop\/02\/product01_view.php?it_id=1632901499\" target=\"_blank\" rel=\"noopener noreferrer\"><strong>EVE\u2122 Plus<\/strong><\/a><strong> is comparable to the nucleus counting for all cell lines with accuracy and precision. EVE\u2122 Plus also identifies and counts clumpy cells as several individual cells for accurate analysis.<\/strong><\/h2>\n","protected":false},"excerpt":{"rendered":"<p>EVE\u2122 Plus is comparable to the nucleus counting for all cell lines with accuracy and precision. EVE\u2122 Plus also identifies and counts clumpy cells as several individual cells for accurate analysis.<\/p>\n","protected":false},"featured_media":8972,"comment_status":"closed","ping_status":"closed","template":"","meta":{"_acf_changed":false},"product_brand":[134],"product_cat":[111],"product_tag":[],"class_list":{"0":"post-3832","1":"product","2":"type-product","3":"status-publish","4":"has-post-thumbnail","6":"product_brand-nanoentek","7":"product_cat-cell-counters-cell-analyzers","9":"first","10":"outofstock","11":"shipping-taxable","12":"product-type-simple"},"acf":[],"yoast_head":"<!-- This site is optimized with the Yoast SEO plugin v26.8 - https:\/\/yoast.com\/product\/yoast-seo-wordpress\/ -->\n<title>EVE\u2122 Plus Automated Cell Counter<\/title>\n<meta name=\"description\" content=\"EVE\u2122 Plus is comparable to the nucleus counting for all cell lines with accuracy and precision. EVE\u2122 Plus also identifies and counts clumpy cells as several individual cells for accurate analysis.\" \/>\n<meta name=\"robots\" content=\"index, follow, max-snippet:-1, max-image-preview:large, max-video-preview:-1\" \/>\n<link rel=\"canonical\" href=\"http:\/\/EVE\u2122%20Plus%20is%20comparable%20to%20the%20nucleus%20counting%20for%20all%20cell%20lines%20with%20accuracy%20and%20precision.%20EVE\u2122%20Plus%20also%20identifies%20and%20counts%20clumpy%20cells%20as%20several%20individual%20cells%20for%20accurate%20analysis.\" \/>\n<meta property=\"og:locale\" content=\"en_US\" \/>\n<meta property=\"og:type\" content=\"article\" \/>\n<meta property=\"og:title\" content=\"EVE\u2122 Plus Automated Cell Counter\" \/>\n<meta property=\"og:description\" content=\"EVE\u2122 Plus is comparable to the nucleus counting for all cell lines with accuracy and precision. EVE\u2122 Plus also identifies and counts clumpy cells as several individual cells for accurate analysis.\" \/>\n<meta property=\"og:url\" content=\"https:\/\/biogroupvietnam.com\/en\/product\/eve-plus-automated-cell-counter\/\" \/>\n<meta property=\"og:site_name\" content=\"Biogroup Vietnam\" \/>\n<meta property=\"article:modified_time\" content=\"2025-12-22T03:19:43+00:00\" \/>\n<meta property=\"og:image\" content=\"https:\/\/biogroupvietnam.com\/wp-content\/uploads\/2025\/08\/EVE\u2122-Plus.jpg\" \/>\n\t<meta property=\"og:image:width\" content=\"1640\" \/>\n\t<meta property=\"og:image:height\" content=\"1260\" \/>\n\t<meta property=\"og:image:type\" content=\"image\/jpeg\" \/>\n<meta name=\"twitter:card\" content=\"summary_large_image\" \/>\n<meta name=\"twitter:label1\" content=\"Est. reading time\" \/>\n\t<meta name=\"twitter:data1\" content=\"5 minutes\" \/>\n<script type=\"application\/ld+json\" class=\"yoast-schema-graph\">{\"@context\":\"https:\/\/schema.org\",\"@graph\":[{\"@type\":\"WebPage\",\"@id\":\"https:\/\/biogroupvietnam.com\/en\/product\/eve-plus-automated-cell-counter\/\",\"url\":\"https:\/\/biogroupvietnam.com\/en\/product\/eve-plus-automated-cell-counter\/\",\"name\":\"M\u00e1y \u0110\u1ebfm T\u1ebf B\u00e0o T\u1ef1 \u0110\u1ed9ng EVE\u2122 Plus\",\"isPartOf\":{\"@id\":\"https:\/\/biogroupvietnam.com\/vi\/#website\"},\"primaryImageOfPage\":{\"@id\":\"https:\/\/biogroupvietnam.com\/en\/product\/eve-plus-automated-cell-counter\/#primaryimage\"},\"image\":{\"@id\":\"https:\/\/biogroupvietnam.com\/en\/product\/eve-plus-automated-cell-counter\/#primaryimage\"},\"thumbnailUrl\":\"https:\/\/biogroupvietnam.com\/wp-content\/uploads\/2025\/08\/EVE\u2122-Plus.jpg\",\"datePublished\":\"2025-08-18T12:53:45+00:00\",\"dateModified\":\"2025-12-22T03:19:43+00:00\",\"description\":\"EVE\u2122 Plus\u00a0l\u00e0 m\u00e1y \u0111\u1ebfm t\u1ebf b\u00e0o d\u1ef1a v\u00e0o ph\u01b0\u01a1ng ph\u00e1p nhu\u1ed9m nh\u00e2n t\u1ebf b\u00e0o, v\u1edbi \u0111\u1ed9 ch\u00ednh x\u00e1c (accuracy) v\u00e0 \u0111\u1ed9 ch\u1ee5m (precision) cao.\",\"breadcrumb\":{\"@id\":\"https:\/\/biogroupvietnam.com\/en\/product\/eve-plus-automated-cell-counter\/#breadcrumb\"},\"inLanguage\":\"en-US\",\"potentialAction\":[{\"@type\":\"ReadAction\",\"target\":[\"https:\/\/biogroupvietnam.com\/en\/product\/eve-plus-automated-cell-counter\/\"]}]},{\"@type\":\"ImageObject\",\"inLanguage\":\"en-US\",\"@id\":\"https:\/\/biogroupvietnam.com\/en\/product\/eve-plus-automated-cell-counter\/#primaryimage\",\"url\":\"https:\/\/biogroupvietnam.com\/wp-content\/uploads\/2025\/08\/EVE\u2122-Plus.jpg\",\"contentUrl\":\"https:\/\/biogroupvietnam.com\/wp-content\/uploads\/2025\/08\/EVE\u2122-Plus.jpg\",\"width\":1640,\"height\":1260},{\"@type\":\"BreadcrumbList\",\"@id\":\"https:\/\/biogroupvietnam.com\/en\/product\/eve-plus-automated-cell-counter\/#breadcrumb\",\"itemListElement\":[{\"@type\":\"ListItem\",\"position\":1,\"name\":\"Biogroup Vietnam | End-to-End Biotechnology Solutions\",\"item\":\"https:\/\/biogroupvietnam.com\/vi\/\"},{\"@type\":\"ListItem\",\"position\":2,\"name\":\"Product\",\"item\":\"https:\/\/biogroupvietnam.com\/vi\/san-pham\/\"},{\"@type\":\"ListItem\",\"position\":3,\"name\":\"Biological R&D\",\"item\":\"https:\/\/biogroupvietnam.com\/vi\/danh-muc-san-pham\/rd-sinh-hoc\/\"},{\"@type\":\"ListItem\",\"position\":4,\"name\":\"Cell Counters & Cell Analyzers\",\"item\":\"https:\/\/biogroupvietnam.com\/vi\/danh-muc-san-pham\/dem-phan-tich-te-bao\/\"},{\"@type\":\"ListItem\",\"position\":5,\"name\":\"EVE\u2122 Plus Automated Cell Counter\"}]},{\"@type\":\"WebSite\",\"@id\":\"https:\/\/biogroupvietnam.com\/en\/vi\/#website\",\"url\":\"https:\/\/biogroupvietnam.com\/en\/vi\/\",\"name\":\"Biogroup Vietnam\",\"description\":\"Biogroup Vietnam cung c\u1ea5p d\u1ecbch v\u1ee5 k\u1ef9 thu\u1eadt c\u00f9ng thi\u1ebft b\u1ecb, v\u1eadt t\u01b0, h\u00f3a ch\u1ea5t v\u00e0 gi\u1ea3i ph\u00e1p sinh h\u1ecdc cho ph\u00f2ng th\u00ed nghi\u1ec7m c\u00f4ng ngh\u1ec7 sinh h\u1ecdc, y sinh v\u00e0 y h\u1ecdc t\u00e1i t\u1ea1o.\",\"potentialAction\":[{\"@type\":\"SearchAction\",\"target\":{\"@type\":\"EntryPoint\",\"urlTemplate\":\"https:\/\/biogroupvietnam.com\/en\/vi\/?s={search_term_string}\"},\"query-input\":{\"@type\":\"PropertyValueSpecification\",\"valueRequired\":true,\"valueName\":\"search_term_string\"}}],\"inLanguage\":\"en-US\"}]}<\/script>\n<!-- \/ Yoast SEO plugin. -->","yoast_head_json":{"title":"EVE\u2122 Plus Automated Cell Counter","description":"EVE\u2122 Plus is comparable to the nucleus counting for all cell lines with accuracy and precision. EVE\u2122 Plus also identifies and counts clumpy cells as several individual cells for accurate analysis.","robots":{"index":"index","follow":"follow","max-snippet":"max-snippet:-1","max-image-preview":"max-image-preview:large","max-video-preview":"max-video-preview:-1"},"canonical":"EVE\u2122 Plus is comparable to the nucleus counting for all cell lines with accuracy and precision. EVE\u2122 Plus also identifies and counts clumpy cells as several individual cells for accurate analysis.","og_locale":"en_US","og_type":"article","og_title":"EVE\u2122 Plus Automated Cell Counter","og_description":"EVE\u2122 Plus is comparable to the nucleus counting for all cell lines with accuracy and precision. EVE\u2122 Plus also identifies and counts clumpy cells as several individual cells for accurate analysis.","og_url":"https:\/\/biogroupvietnam.com\/en\/product\/eve-plus-automated-cell-counter\/","og_site_name":"Biogroup Vietnam","article_modified_time":"2025-12-22T03:19:43+00:00","og_image":[{"width":1640,"height":1260,"url":"https:\/\/biogroupvietnam.com\/wp-content\/uploads\/2025\/08\/EVE\u2122-Plus.jpg","type":"image\/jpeg"}],"twitter_card":"summary_large_image","twitter_misc":{"Est. reading time":"5 minutes"},"schema":{"@context":"https:\/\/schema.org","@graph":[{"@type":"WebPage","@id":"https:\/\/biogroupvietnam.com\/en\/product\/eve-plus-automated-cell-counter\/","url":"https:\/\/biogroupvietnam.com\/en\/product\/eve-plus-automated-cell-counter\/","name":"M\u00e1y \u0110\u1ebfm T\u1ebf B\u00e0o T\u1ef1 \u0110\u1ed9ng EVE\u2122 Plus","isPartOf":{"@id":"https:\/\/biogroupvietnam.com\/vi\/#website"},"primaryImageOfPage":{"@id":"https:\/\/biogroupvietnam.com\/en\/product\/eve-plus-automated-cell-counter\/#primaryimage"},"image":{"@id":"https:\/\/biogroupvietnam.com\/en\/product\/eve-plus-automated-cell-counter\/#primaryimage"},"thumbnailUrl":"https:\/\/biogroupvietnam.com\/wp-content\/uploads\/2025\/08\/EVE\u2122-Plus.jpg","datePublished":"2025-08-18T12:53:45+00:00","dateModified":"2025-12-22T03:19:43+00:00","description":"EVE\u2122 Plus\u00a0l\u00e0 m\u00e1y \u0111\u1ebfm t\u1ebf b\u00e0o d\u1ef1a v\u00e0o ph\u01b0\u01a1ng ph\u00e1p nhu\u1ed9m nh\u00e2n t\u1ebf b\u00e0o, v\u1edbi \u0111\u1ed9 ch\u00ednh x\u00e1c (accuracy) v\u00e0 \u0111\u1ed9 ch\u1ee5m (precision) cao.","breadcrumb":{"@id":"https:\/\/biogroupvietnam.com\/en\/product\/eve-plus-automated-cell-counter\/#breadcrumb"},"inLanguage":"en-US","potentialAction":[{"@type":"ReadAction","target":["https:\/\/biogroupvietnam.com\/en\/product\/eve-plus-automated-cell-counter\/"]}]},{"@type":"ImageObject","inLanguage":"en-US","@id":"https:\/\/biogroupvietnam.com\/en\/product\/eve-plus-automated-cell-counter\/#primaryimage","url":"https:\/\/biogroupvietnam.com\/wp-content\/uploads\/2025\/08\/EVE\u2122-Plus.jpg","contentUrl":"https:\/\/biogroupvietnam.com\/wp-content\/uploads\/2025\/08\/EVE\u2122-Plus.jpg","width":1640,"height":1260},{"@type":"BreadcrumbList","@id":"https:\/\/biogroupvietnam.com\/en\/product\/eve-plus-automated-cell-counter\/#breadcrumb","itemListElement":[{"@type":"ListItem","position":1,"name":"Biogroup Vietnam | End-to-End Biotechnology Solutions","item":"https:\/\/biogroupvietnam.com\/vi\/"},{"@type":"ListItem","position":2,"name":"Product","item":"https:\/\/biogroupvietnam.com\/vi\/san-pham\/"},{"@type":"ListItem","position":3,"name":"Biological R&D","item":"https:\/\/biogroupvietnam.com\/vi\/danh-muc-san-pham\/rd-sinh-hoc\/"},{"@type":"ListItem","position":4,"name":"Cell Counters & Cell Analyzers","item":"https:\/\/biogroupvietnam.com\/vi\/danh-muc-san-pham\/dem-phan-tich-te-bao\/"},{"@type":"ListItem","position":5,"name":"EVE\u2122 Plus Automated Cell Counter"}]},{"@type":"WebSite","@id":"https:\/\/biogroupvietnam.com\/en\/vi\/#website","url":"https:\/\/biogroupvietnam.com\/en\/vi\/","name":"Biogroup Vietnam","description":"Biogroup Vietnam cung c\u1ea5p d\u1ecbch v\u1ee5 k\u1ef9 thu\u1eadt c\u00f9ng thi\u1ebft b\u1ecb, v\u1eadt t\u01b0, h\u00f3a ch\u1ea5t v\u00e0 gi\u1ea3i ph\u00e1p sinh h\u1ecdc cho ph\u00f2ng th\u00ed nghi\u1ec7m c\u00f4ng ngh\u1ec7 sinh h\u1ecdc, y sinh v\u00e0 y h\u1ecdc t\u00e1i t\u1ea1o.","potentialAction":[{"@type":"SearchAction","target":{"@type":"EntryPoint","urlTemplate":"https:\/\/biogroupvietnam.com\/en\/vi\/?s={search_term_string}"},"query-input":{"@type":"PropertyValueSpecification","valueRequired":true,"valueName":"search_term_string"}}],"inLanguage":"en-US"}]}},"_links":{"self":[{"href":"https:\/\/biogroupvietnam.com\/en\/wp-json\/wp\/v2\/product\/3832","targetHints":{"allow":["GET"]}}],"collection":[{"href":"https:\/\/biogroupvietnam.com\/en\/wp-json\/wp\/v2\/product"}],"about":[{"href":"https:\/\/biogroupvietnam.com\/en\/wp-json\/wp\/v2\/types\/product"}],"replies":[{"embeddable":true,"href":"https:\/\/biogroupvietnam.com\/en\/wp-json\/wp\/v2\/comments?post=3832"}],"version-history":[{"count":4,"href":"https:\/\/biogroupvietnam.com\/en\/wp-json\/wp\/v2\/product\/3832\/revisions"}],"predecessor-version":[{"id":8617,"href":"https:\/\/biogroupvietnam.com\/en\/wp-json\/wp\/v2\/product\/3832\/revisions\/8617"}],"wp:featuredmedia":[{"embeddable":true,"href":"https:\/\/biogroupvietnam.com\/en\/wp-json\/wp\/v2\/media\/8972"}],"wp:attachment":[{"href":"https:\/\/biogroupvietnam.com\/en\/wp-json\/wp\/v2\/media?parent=3832"}],"wp:term":[{"taxonomy":"product_brand","embeddable":true,"href":"https:\/\/biogroupvietnam.com\/en\/wp-json\/wp\/v2\/product_brand?post=3832"},{"taxonomy":"product_cat","embeddable":true,"href":"https:\/\/biogroupvietnam.com\/en\/wp-json\/wp\/v2\/product_cat?post=3832"},{"taxonomy":"product_tag","embeddable":true,"href":"https:\/\/biogroupvietnam.com\/en\/wp-json\/wp\/v2\/product_tag?post=3832"}],"curies":[{"name":"wp","href":"https:\/\/api.w.org\/{rel}","templated":true}]}}