{"id":3833,"date":"2025-08-18T19:53:45","date_gmt":"2025-08-18T12:53:45","guid":{"rendered":"http:\/\/biogroupvietnam-worldpress.local\/product\/import-placeholder-for-135\/"},"modified":"2025-12-17T14:34:27","modified_gmt":"2025-12-17T07:34:27","slug":"adamii-cdx","status":"publish","type":"product","link":"https:\/\/biogroupvietnam.com\/en\/product\/adamii-cdx\/","title":{"rendered":"ADAMII\u2122-CDx Image-based immunophenotyping Instrument"},"content":{"rendered":"<p><strong>ADAMII\u2122 CDx<\/strong> is an <strong data-start=\"22\" data-end=\"66\">image-based immunophenotyping instrument<\/strong> designed for <strong data-start=\"80\" data-end=\"104\">quality control (QC)<\/strong> in <strong data-start=\"108\" data-end=\"138\">cell therapy manufacturing<\/strong>. The system enables precise counting and analysis of <strong data-start=\"192\" data-end=\"237\">T cells, NK cells, B cells, and monocytes<\/strong>, while also measuring <strong data-start=\"260\" data-end=\"292\">cell viability and apoptosis<\/strong>. With <strong data-start=\"299\" data-end=\"332\">flow cytometry\u2013level accuracy<\/strong> and full <strong data-start=\"342\" data-end=\"371\">21 CFR Part 11 compliance<\/strong>, ADAMII\u2122 CDx empowers laboratories and manufacturers to achieve <strong data-start=\"436\" data-end=\"453\">GMP standards<\/strong> efficiently, reliably, and cost-effectively.<br data-start=\"498\" data-end=\"501\" \/>\u27a1\ufe0f <em data-start=\"504\" data-end=\"575\" data-is-last-node=\"\">Contact Biogroup Vietnam to request a demo or technical consultation.<\/em><\/p>\n","protected":false},"excerpt":{"rendered":"<p><strong data-start=\"73\" data-end=\"88\">ADAMII\u2122 CDx<\/strong> l\u00e0 thi\u1ebft b\u1ecb <strong data-start=\"101\" data-end=\"154\" data-is-only-node=\"\">ph\u00e2n t\u00edch mi\u1ec5n d\u1ecbch hu\u1ef3nh quang d\u1ef1a tr\u00ean h\u00ecnh \u1ea3nh<\/strong> (image-based immunophenotyping) d\u00e0nh cho <strong data-start=\"196\" data-end=\"225\">ki\u1ec3m so\u00e1t ch\u1ea5t l\u01b0\u1ee3ng (QC)<\/strong> trong <strong data-start=\"232\" data-end=\"261\">s\u1ea3n xu\u1ea5t li\u1ec7u ph\u00e1p t\u1ebf b\u00e0o<\/strong>. Thi\u1ebft b\u1ecb cho ph\u00e9p \u0111\u1ebfm v\u00e0 ph\u00e2n t\u00edch ch\u00ednh x\u00e1c <strong data-start=\"308\" data-end=\"345\">T cell, NK cell, B cell, Monocyte<\/strong>, \u0111\u1ed3ng th\u1eddi \u0111o <strong data-start=\"360\" data-end=\"392\">t\u1ef7 l\u1ec7 s\u1ed1ng\/ch\u1ebft v\u00e0 apoptosis<\/strong>. V\u1edbi \u0111\u1ed9 ch\u00ednh x\u00e1c t\u01b0\u01a1ng \u0111\u01b0\u01a1ng <strong data-start=\"423\" data-end=\"441\">flow cytometry<\/strong> v\u00e0 tu\u00e2n th\u1ee7 <strong data-start=\"454\" data-end=\"472\">21 CFR Part 11<\/strong>, ADAMII\u2122 CDx gi\u00fap ph\u00f2ng lab v\u00e0 nh\u00e0 s\u1ea3n xu\u1ea5t \u0111\u1ea1t chu\u1ea9n <strong data-start=\"527\" data-end=\"534\">GMP<\/strong> nhanh ch\u00f3ng, hi\u1ec7u qu\u1ea3 v\u00e0 ti\u1ebft ki\u1ec7m chi ph\u00ed.<br data-start=\"578\" data-end=\"581\" \/>\u27a1\ufe0f <em data-start=\"584\" data-end=\"646\" data-is-last-node=\"\">Li\u00ean h\u1ec7 Biogroup Vietnam \u0111\u1ec3 \u0111\u0103ng k\u00fd demo v\u00e0 t\u01b0 v\u1ea5n k\u1ef9 thu\u1eadt.<\/em><\/p>\n","protected":false},"featured_media":8971,"comment_status":"closed","ping_status":"closed","template":"","meta":{"_acf_changed":false},"product_brand":[134],"product_cat":[111,175],"product_tag":[],"class_list":{"0":"post-3833","1":"product","2":"type-product","3":"status-publish","4":"has-post-thumbnail","6":"product_brand-nanoentek","7":"product_cat-cell-counters-cell-analyzers","8":"product_cat-phan-tich-te-bao-mien-dich","10":"first","11":"outofstock","12":"shipping-taxable","13":"product-type-simple"},"acf":[],"yoast_head":"<!-- This site is optimized with the Yoast SEO plugin v26.8 - https:\/\/yoast.com\/product\/yoast-seo-wordpress\/ -->\n<title>ADAMII\u2122-CDx Image-based immunophenotyping Instrument<\/title>\n<meta name=\"description\" content=\"ADAMII\u2122 CDx is an image-based immunophenotyping instrument designed for quality control (QC) in cell therapy manufacturing. The system enables precise counting and analysis of T cells, NK cells, B cells, and monocytes, while also measuring cell viability and apoptosis. With flow cytometry\u2013level accuracy and full 21 CFR Part 11 compliance, ADAMII\u2122 CDx empowers laboratories and&hellip;\" \/>\n<meta name=\"robots\" content=\"index, follow, max-snippet:-1, max-image-preview:large, max-video-preview:-1\" \/>\n<link rel=\"canonical\" href=\"http:\/\/ADAMII\u2122%20CDx%20is%20an%20image-based%20immunophenotyping%20instrument%20designed%20for%20quality%20control%20(QC)%20in%20cell%20therapy%20manufacturing.%20The%20system%20enables%20precise%20counting%20and%20analysis%20of%20T%20cells,%20NK%20cells,%20B%20cells,%20and%20monocytes,%20while%20also%20measuring%20cell%20viability%20and%20apoptosis.%20With%20flow%20cytometry\u2013level%20accuracy%20and%20full%2021%20CFR%20Part%2011%20compliance,%20ADAMII\u2122%20CDx%20empowers%20laboratories%20and&hellip;\" \/>\n<meta property=\"og:locale\" content=\"en_US\" \/>\n<meta property=\"og:type\" content=\"article\" \/>\n<meta property=\"og:title\" content=\"ADAMII\u2122-CDx Image-based immunophenotyping Instrument\" \/>\n<meta property=\"og:description\" content=\"ADAMII\u2122 CDx is an image-based immunophenotyping instrument designed for quality control (QC) in cell therapy manufacturing. The system enables precise counting and analysis of T cells, NK cells, B cells, and monocytes, while also measuring cell viability and apoptosis. With flow cytometry\u2013level accuracy and full 21 CFR Part 11 compliance, ADAMII\u2122 CDx empowers laboratories and&hellip;\" \/>\n<meta property=\"og:url\" content=\"https:\/\/biogroupvietnam.com\/en\/product\/adamii-cdx\/\" \/>\n<meta property=\"og:site_name\" content=\"Biogroup Vietnam\" \/>\n<meta property=\"article:modified_time\" content=\"2025-12-17T07:34:27+00:00\" \/>\n<meta property=\"og:image\" content=\"https:\/\/biogroupvietnam.com\/wp-content\/uploads\/2025\/08\/ADAMII\u2122-CDx.jpg\" \/>\n\t<meta property=\"og:image:width\" content=\"1640\" \/>\n\t<meta property=\"og:image:height\" content=\"1260\" \/>\n\t<meta property=\"og:image:type\" content=\"image\/jpeg\" \/>\n<meta name=\"twitter:card\" content=\"summary_large_image\" \/>\n<meta name=\"twitter:label1\" content=\"Est. reading time\" \/>\n\t<meta name=\"twitter:data1\" content=\"6 minutes\" \/>\n<script type=\"application\/ld+json\" class=\"yoast-schema-graph\">{\"@context\":\"https:\/\/schema.org\",\"@graph\":[{\"@type\":\"WebPage\",\"@id\":\"https:\/\/biogroupvietnam.com\/en\/product\/adamii-cdx\/\",\"url\":\"https:\/\/biogroupvietnam.com\/en\/product\/adamii-cdx\/\",\"name\":\"M\u00e1y Ph\u00e2n T\u00edch T\u1ebf B\u00e0o Mi\u1ec5n D\u1ecbch ADAMII\u2122-CDx\",\"isPartOf\":{\"@id\":\"https:\/\/biogroupvietnam.com\/vi\/#website\"},\"primaryImageOfPage\":{\"@id\":\"https:\/\/biogroupvietnam.com\/en\/product\/adamii-cdx\/#primaryimage\"},\"image\":{\"@id\":\"https:\/\/biogroupvietnam.com\/en\/product\/adamii-cdx\/#primaryimage\"},\"thumbnailUrl\":\"https:\/\/biogroupvietnam.com\/wp-content\/uploads\/2025\/08\/ADAMII\u2122-CDx.jpg\",\"datePublished\":\"2025-08-18T12:53:45+00:00\",\"dateModified\":\"2025-12-17T07:34:27+00:00\",\"description\":\"Kh\u00e1m ph\u00e1 ADAMII\u2122 CDx \u2013 thi\u1ebft b\u1ecb QC \u0111a n\u0103ng d\u1ef1a tr\u00ean h\u00ecnh \u1ea3nh d\u00e0nh cho li\u1ec7u ph\u00e1p t\u1ebf b\u00e0o mi\u1ec5n d\u1ecbch. \u0110\u1ebfm v\u00e0 ph\u00e2n t\u00edch t\u1ebf b\u00e0o T, NK, B v\u00e0 Monocyte v\u1edbi \u0111\u1ed9 ch\u00ednh x\u00e1c cao, tu\u00e2n th\u1ee7 ti\u00eau chu\u1ea9n 21 CFR Part 11. Ph\u00e2n ph\u1ed1i \u0111\u1ed9c quy\u1ec1n b\u1edfi Biogroup Vietnam.\",\"breadcrumb\":{\"@id\":\"https:\/\/biogroupvietnam.com\/en\/product\/adamii-cdx\/#breadcrumb\"},\"inLanguage\":\"en-US\",\"potentialAction\":[{\"@type\":\"ReadAction\",\"target\":[\"https:\/\/biogroupvietnam.com\/en\/product\/adamii-cdx\/\"]}]},{\"@type\":\"ImageObject\",\"inLanguage\":\"en-US\",\"@id\":\"https:\/\/biogroupvietnam.com\/en\/product\/adamii-cdx\/#primaryimage\",\"url\":\"https:\/\/biogroupvietnam.com\/wp-content\/uploads\/2025\/08\/ADAMII\u2122-CDx.jpg\",\"contentUrl\":\"https:\/\/biogroupvietnam.com\/wp-content\/uploads\/2025\/08\/ADAMII\u2122-CDx.jpg\",\"width\":1640,\"height\":1260},{\"@type\":\"BreadcrumbList\",\"@id\":\"https:\/\/biogroupvietnam.com\/en\/product\/adamii-cdx\/#breadcrumb\",\"itemListElement\":[{\"@type\":\"ListItem\",\"position\":1,\"name\":\"Biogroup Vietnam | End-to-End Biotechnology Solutions\",\"item\":\"https:\/\/biogroupvietnam.com\/vi\/\"},{\"@type\":\"ListItem\",\"position\":2,\"name\":\"Product\",\"item\":\"https:\/\/biogroupvietnam.com\/vi\/san-pham\/\"},{\"@type\":\"ListItem\",\"position\":3,\"name\":\"Biological R&D\",\"item\":\"https:\/\/biogroupvietnam.com\/vi\/danh-muc-san-pham\/rd-sinh-hoc\/\"},{\"@type\":\"ListItem\",\"position\":4,\"name\":\"Cell Counters & Cell Analyzers\",\"item\":\"https:\/\/biogroupvietnam.com\/vi\/danh-muc-san-pham\/dem-phan-tich-te-bao\/\"},{\"@type\":\"ListItem\",\"position\":5,\"name\":\"ADAMII\u2122-CDx Image-based immunophenotyping Instrument\"}]},{\"@type\":\"WebSite\",\"@id\":\"https:\/\/biogroupvietnam.com\/en\/vi\/#website\",\"url\":\"https:\/\/biogroupvietnam.com\/en\/vi\/\",\"name\":\"Biogroup Vietnam\",\"description\":\"Biogroup Vietnam cung c\u1ea5p d\u1ecbch v\u1ee5 k\u1ef9 thu\u1eadt c\u00f9ng thi\u1ebft b\u1ecb, v\u1eadt t\u01b0, h\u00f3a ch\u1ea5t v\u00e0 gi\u1ea3i ph\u00e1p sinh h\u1ecdc cho ph\u00f2ng th\u00ed nghi\u1ec7m c\u00f4ng ngh\u1ec7 sinh h\u1ecdc, y sinh v\u00e0 y h\u1ecdc t\u00e1i t\u1ea1o.\",\"potentialAction\":[{\"@type\":\"SearchAction\",\"target\":{\"@type\":\"EntryPoint\",\"urlTemplate\":\"https:\/\/biogroupvietnam.com\/en\/vi\/?s={search_term_string}\"},\"query-input\":{\"@type\":\"PropertyValueSpecification\",\"valueRequired\":true,\"valueName\":\"search_term_string\"}}],\"inLanguage\":\"en-US\"}]}<\/script>\n<!-- \/ Yoast SEO plugin. -->","yoast_head_json":{"title":"ADAMII\u2122-CDx Image-based immunophenotyping Instrument","description":"ADAMII\u2122 CDx is an image-based immunophenotyping instrument designed for quality control (QC) in cell therapy manufacturing. The system enables precise counting and analysis of T cells, NK cells, B cells, and monocytes, while also measuring cell viability and apoptosis. With flow cytometry\u2013level accuracy and full 21 CFR Part 11 compliance, ADAMII\u2122 CDx empowers laboratories and&hellip;","robots":{"index":"index","follow":"follow","max-snippet":"max-snippet:-1","max-image-preview":"max-image-preview:large","max-video-preview":"max-video-preview:-1"},"canonical":"ADAMII\u2122 CDx is an image-based immunophenotyping instrument designed for quality control (QC) in cell therapy manufacturing. The system enables precise counting and analysis of T cells, NK cells, B cells, and monocytes, while also measuring cell viability and apoptosis. With flow cytometry\u2013level accuracy and full 21 CFR Part 11 compliance, ADAMII\u2122 CDx empowers laboratories and&hellip;","og_locale":"en_US","og_type":"article","og_title":"ADAMII\u2122-CDx Image-based immunophenotyping Instrument","og_description":"ADAMII\u2122 CDx is an image-based immunophenotyping instrument designed for quality control (QC) in cell therapy manufacturing. The system enables precise counting and analysis of T cells, NK cells, B cells, and monocytes, while also measuring cell viability and apoptosis. With flow cytometry\u2013level accuracy and full 21 CFR Part 11 compliance, ADAMII\u2122 CDx empowers laboratories and&hellip;","og_url":"https:\/\/biogroupvietnam.com\/en\/product\/adamii-cdx\/","og_site_name":"Biogroup Vietnam","article_modified_time":"2025-12-17T07:34:27+00:00","og_image":[{"width":1640,"height":1260,"url":"https:\/\/biogroupvietnam.com\/wp-content\/uploads\/2025\/08\/ADAMII\u2122-CDx.jpg","type":"image\/jpeg"}],"twitter_card":"summary_large_image","twitter_misc":{"Est. reading time":"6 minutes"},"schema":{"@context":"https:\/\/schema.org","@graph":[{"@type":"WebPage","@id":"https:\/\/biogroupvietnam.com\/en\/product\/adamii-cdx\/","url":"https:\/\/biogroupvietnam.com\/en\/product\/adamii-cdx\/","name":"M\u00e1y Ph\u00e2n T\u00edch T\u1ebf B\u00e0o Mi\u1ec5n D\u1ecbch ADAMII\u2122-CDx","isPartOf":{"@id":"https:\/\/biogroupvietnam.com\/vi\/#website"},"primaryImageOfPage":{"@id":"https:\/\/biogroupvietnam.com\/en\/product\/adamii-cdx\/#primaryimage"},"image":{"@id":"https:\/\/biogroupvietnam.com\/en\/product\/adamii-cdx\/#primaryimage"},"thumbnailUrl":"https:\/\/biogroupvietnam.com\/wp-content\/uploads\/2025\/08\/ADAMII\u2122-CDx.jpg","datePublished":"2025-08-18T12:53:45+00:00","dateModified":"2025-12-17T07:34:27+00:00","description":"Kh\u00e1m ph\u00e1 ADAMII\u2122 CDx \u2013 thi\u1ebft b\u1ecb QC \u0111a n\u0103ng d\u1ef1a tr\u00ean h\u00ecnh \u1ea3nh d\u00e0nh cho li\u1ec7u ph\u00e1p t\u1ebf b\u00e0o mi\u1ec5n d\u1ecbch. \u0110\u1ebfm v\u00e0 ph\u00e2n t\u00edch t\u1ebf b\u00e0o T, NK, B v\u00e0 Monocyte v\u1edbi \u0111\u1ed9 ch\u00ednh x\u00e1c cao, tu\u00e2n th\u1ee7 ti\u00eau chu\u1ea9n 21 CFR Part 11. Ph\u00e2n ph\u1ed1i \u0111\u1ed9c quy\u1ec1n b\u1edfi Biogroup Vietnam.","breadcrumb":{"@id":"https:\/\/biogroupvietnam.com\/en\/product\/adamii-cdx\/#breadcrumb"},"inLanguage":"en-US","potentialAction":[{"@type":"ReadAction","target":["https:\/\/biogroupvietnam.com\/en\/product\/adamii-cdx\/"]}]},{"@type":"ImageObject","inLanguage":"en-US","@id":"https:\/\/biogroupvietnam.com\/en\/product\/adamii-cdx\/#primaryimage","url":"https:\/\/biogroupvietnam.com\/wp-content\/uploads\/2025\/08\/ADAMII\u2122-CDx.jpg","contentUrl":"https:\/\/biogroupvietnam.com\/wp-content\/uploads\/2025\/08\/ADAMII\u2122-CDx.jpg","width":1640,"height":1260},{"@type":"BreadcrumbList","@id":"https:\/\/biogroupvietnam.com\/en\/product\/adamii-cdx\/#breadcrumb","itemListElement":[{"@type":"ListItem","position":1,"name":"Biogroup Vietnam | End-to-End Biotechnology Solutions","item":"https:\/\/biogroupvietnam.com\/vi\/"},{"@type":"ListItem","position":2,"name":"Product","item":"https:\/\/biogroupvietnam.com\/vi\/san-pham\/"},{"@type":"ListItem","position":3,"name":"Biological R&D","item":"https:\/\/biogroupvietnam.com\/vi\/danh-muc-san-pham\/rd-sinh-hoc\/"},{"@type":"ListItem","position":4,"name":"Cell Counters & Cell Analyzers","item":"https:\/\/biogroupvietnam.com\/vi\/danh-muc-san-pham\/dem-phan-tich-te-bao\/"},{"@type":"ListItem","position":5,"name":"ADAMII\u2122-CDx Image-based immunophenotyping Instrument"}]},{"@type":"WebSite","@id":"https:\/\/biogroupvietnam.com\/en\/vi\/#website","url":"https:\/\/biogroupvietnam.com\/en\/vi\/","name":"Biogroup Vietnam","description":"Biogroup Vietnam cung c\u1ea5p d\u1ecbch v\u1ee5 k\u1ef9 thu\u1eadt c\u00f9ng thi\u1ebft b\u1ecb, v\u1eadt t\u01b0, h\u00f3a ch\u1ea5t v\u00e0 gi\u1ea3i ph\u00e1p sinh h\u1ecdc cho ph\u00f2ng th\u00ed nghi\u1ec7m c\u00f4ng ngh\u1ec7 sinh h\u1ecdc, y sinh v\u00e0 y h\u1ecdc t\u00e1i t\u1ea1o.","potentialAction":[{"@type":"SearchAction","target":{"@type":"EntryPoint","urlTemplate":"https:\/\/biogroupvietnam.com\/en\/vi\/?s={search_term_string}"},"query-input":{"@type":"PropertyValueSpecification","valueRequired":true,"valueName":"search_term_string"}}],"inLanguage":"en-US"}]}},"_links":{"self":[{"href":"https:\/\/biogroupvietnam.com\/en\/wp-json\/wp\/v2\/product\/3833","targetHints":{"allow":["GET"]}}],"collection":[{"href":"https:\/\/biogroupvietnam.com\/en\/wp-json\/wp\/v2\/product"}],"about":[{"href":"https:\/\/biogroupvietnam.com\/en\/wp-json\/wp\/v2\/types\/product"}],"replies":[{"embeddable":true,"href":"https:\/\/biogroupvietnam.com\/en\/wp-json\/wp\/v2\/comments?post=3833"}],"version-history":[{"count":9,"href":"https:\/\/biogroupvietnam.com\/en\/wp-json\/wp\/v2\/product\/3833\/revisions"}],"predecessor-version":[{"id":8646,"href":"https:\/\/biogroupvietnam.com\/en\/wp-json\/wp\/v2\/product\/3833\/revisions\/8646"}],"wp:featuredmedia":[{"embeddable":true,"href":"https:\/\/biogroupvietnam.com\/en\/wp-json\/wp\/v2\/media\/8971"}],"wp:attachment":[{"href":"https:\/\/biogroupvietnam.com\/en\/wp-json\/wp\/v2\/media?parent=3833"}],"wp:term":[{"taxonomy":"product_brand","embeddable":true,"href":"https:\/\/biogroupvietnam.com\/en\/wp-json\/wp\/v2\/product_brand?post=3833"},{"taxonomy":"product_cat","embeddable":true,"href":"https:\/\/biogroupvietnam.com\/en\/wp-json\/wp\/v2\/product_cat?post=3833"},{"taxonomy":"product_tag","embeddable":true,"href":"https:\/\/biogroupvietnam.com\/en\/wp-json\/wp\/v2\/product_tag?post=3833"}],"curies":[{"name":"wp","href":"https:\/\/api.w.org\/{rel}","templated":true}]}}