{"id":3834,"date":"2025-08-18T19:53:45","date_gmt":"2025-08-18T12:53:45","guid":{"rendered":"http:\/\/biogroupvietnam-worldpress.local\/product\/import-placeholder-for-136\/"},"modified":"2025-11-17T09:52:45","modified_gmt":"2025-11-17T02:52:45","slug":"adam-mc2","status":"publish","type":"product","link":"https:\/\/biogroupvietnam.com\/en\/product\/adam-mc2-automated-cell-counter\/","title":{"rendered":"ADAM-MC2 Automated Cell Counter"},"content":{"rendered":"<p><a href=\"http:\/\/www.nanoentek.com\/theme\/nanont2_en\/shop\/02\/product01_view.php?it_id=1585532236#detail_spec\">ADAM-MC2<\/a>, an automated fluorescence cell counter, performs viability and cell counting measurements using the&nbsp;AO (Acridine Orange)&nbsp;or&nbsp;PI (Propidium Iodide)&nbsp;staining method of combined with advanced image analysis.<\/p>\n","protected":false},"excerpt":{"rendered":"<p>ADAM-MC2, an automated fluorescence cell counter, performs viability and cell counting measurements using the&nbsp;AO (Acridine Orange)&nbsp;or&nbsp;PI (Propidium Iodide)&nbsp;staining method of combined with advanced image analysis.<\/p>\n","protected":false},"featured_media":8970,"comment_status":"closed","ping_status":"closed","template":"","meta":{"_acf_changed":false},"product_brand":[134],"product_cat":[111],"product_tag":[],"class_list":{"0":"post-3834","1":"product","2":"type-product","3":"status-publish","4":"has-post-thumbnail","6":"product_brand-nanoentek","7":"product_cat-cell-counters-cell-analyzers","9":"first","10":"outofstock","11":"shipping-taxable","12":"product-type-simple"},"acf":[],"yoast_head":"<!-- This site is optimized with the Yoast SEO plugin v26.8 - https:\/\/yoast.com\/product\/yoast-seo-wordpress\/ -->\n<title>ADAM-MC2 Automated Cell Counter<\/title>\n<meta name=\"description\" content=\"ADAM-MC2, an automated fluorescence cell counter, performs viability and cell counting measurements using the&nbsp;AO (Acridine Orange)&nbsp;or&nbsp;PI (Propidium Iodide)&nbsp;staining method of combined with advanced image analysis.\" \/>\n<meta name=\"robots\" content=\"index, follow, max-snippet:-1, max-image-preview:large, max-video-preview:-1\" \/>\n<link rel=\"canonical\" href=\"http:\/\/ADAM-MC2,%20an%20automated%20fluorescence%20cell%20counter,%20performs%20viability%20and%20cell%20counting%20measurements%20using%20the&nbsp;AO%20(Acridine%20Orange)&nbsp;or&nbsp;PI%20(Propidium%20Iodide)&nbsp;staining%20method%20of%20combined%20with%20advanced%20image%20analysis.\" \/>\n<meta property=\"og:locale\" content=\"en_US\" \/>\n<meta property=\"og:type\" content=\"article\" \/>\n<meta property=\"og:title\" content=\"ADAM-MC2 Automated Cell Counter\" \/>\n<meta property=\"og:description\" content=\"ADAM-MC2, an automated fluorescence cell counter, performs viability and cell counting measurements using the&nbsp;AO (Acridine Orange)&nbsp;or&nbsp;PI (Propidium Iodide)&nbsp;staining method of combined with advanced image analysis.\" \/>\n<meta property=\"og:url\" content=\"https:\/\/biogroupvietnam.com\/en\/product\/adam-mc2-automated-cell-counter\/\" \/>\n<meta property=\"og:site_name\" content=\"Biogroup Vietnam\" \/>\n<meta property=\"article:modified_time\" content=\"2025-11-17T02:52:45+00:00\" \/>\n<meta property=\"og:image\" content=\"https:\/\/biogroupvietnam.com\/wp-content\/uploads\/2025\/08\/ADAM\u2122-MC2.jpg\" \/>\n\t<meta property=\"og:image:width\" content=\"1640\" \/>\n\t<meta property=\"og:image:height\" content=\"1260\" \/>\n\t<meta property=\"og:image:type\" content=\"image\/jpeg\" \/>\n<meta name=\"twitter:card\" content=\"summary_large_image\" \/>\n<meta name=\"twitter:label1\" content=\"Est. reading time\" \/>\n\t<meta name=\"twitter:data1\" content=\"5 minutes\" \/>\n<script type=\"application\/ld+json\" class=\"yoast-schema-graph\">{\"@context\":\"https:\/\/schema.org\",\"@graph\":[{\"@type\":\"WebPage\",\"@id\":\"https:\/\/biogroupvietnam.com\/en\/product\/adam-mc2-automated-cell-counter\/\",\"url\":\"https:\/\/biogroupvietnam.com\/en\/product\/adam-mc2-automated-cell-counter\/\",\"name\":\"M\u00e1y \u0110\u1ebfm T\u1ebf B\u00e0o T\u1ef1 \u0110\u1ed9ng ADAM-MC2\",\"isPartOf\":{\"@id\":\"https:\/\/biogroupvietnam.com\/vi\/#website\"},\"primaryImageOfPage\":{\"@id\":\"https:\/\/biogroupvietnam.com\/en\/product\/adam-mc2-automated-cell-counter\/#primaryimage\"},\"image\":{\"@id\":\"https:\/\/biogroupvietnam.com\/en\/product\/adam-mc2-automated-cell-counter\/#primaryimage\"},\"thumbnailUrl\":\"https:\/\/biogroupvietnam.com\/wp-content\/uploads\/2025\/08\/ADAM\u2122-MC2.jpg\",\"datePublished\":\"2025-08-18T12:53:45+00:00\",\"dateModified\":\"2025-11-17T02:52:45+00:00\",\"description\":\"ADAM-MC2 l\u00e0 m\u00e1y \u0111\u1ebfm t\u1ebf b\u00e0o hu\u1ef3nh quang t\u1ef1 \u0111\u1ed9ng, cho k\u1ebft qu\u1ea3 \u0111\u1ebfm\u00a0ch\u00ednh x\u00e1c trong 25 gi\u00e2y v\u00e0 d\u00f9ng\u00a0\u0111\u1ebfm t\u1ebf b\u00e0o g\u1ed1c, t\u1ebf b\u00e0o CAR-T, t\u1ebf b\u00e0o CAR-NK, t\u1ebf b\u00e0o g\u1ed1c t\u1eeb m\u00f4 m\u1ee1.\",\"breadcrumb\":{\"@id\":\"https:\/\/biogroupvietnam.com\/en\/product\/adam-mc2-automated-cell-counter\/#breadcrumb\"},\"inLanguage\":\"en-US\",\"potentialAction\":[{\"@type\":\"ReadAction\",\"target\":[\"https:\/\/biogroupvietnam.com\/en\/product\/adam-mc2-automated-cell-counter\/\"]}]},{\"@type\":\"ImageObject\",\"inLanguage\":\"en-US\",\"@id\":\"https:\/\/biogroupvietnam.com\/en\/product\/adam-mc2-automated-cell-counter\/#primaryimage\",\"url\":\"https:\/\/biogroupvietnam.com\/wp-content\/uploads\/2025\/08\/ADAM\u2122-MC2.jpg\",\"contentUrl\":\"https:\/\/biogroupvietnam.com\/wp-content\/uploads\/2025\/08\/ADAM\u2122-MC2.jpg\",\"width\":1640,\"height\":1260},{\"@type\":\"BreadcrumbList\",\"@id\":\"https:\/\/biogroupvietnam.com\/en\/product\/adam-mc2-automated-cell-counter\/#breadcrumb\",\"itemListElement\":[{\"@type\":\"ListItem\",\"position\":1,\"name\":\"Biogroup Vietnam | End-to-End Biotechnology Solutions\",\"item\":\"https:\/\/biogroupvietnam.com\/vi\/\"},{\"@type\":\"ListItem\",\"position\":2,\"name\":\"Product\",\"item\":\"https:\/\/biogroupvietnam.com\/vi\/san-pham\/\"},{\"@type\":\"ListItem\",\"position\":3,\"name\":\"Biological R&D\",\"item\":\"https:\/\/biogroupvietnam.com\/vi\/danh-muc-san-pham\/rd-sinh-hoc\/\"},{\"@type\":\"ListItem\",\"position\":4,\"name\":\"Cell Counters & Cell Analyzers\",\"item\":\"https:\/\/biogroupvietnam.com\/vi\/danh-muc-san-pham\/dem-phan-tich-te-bao\/\"},{\"@type\":\"ListItem\",\"position\":5,\"name\":\"ADAM-MC2 Automated Cell Counter\"}]},{\"@type\":\"WebSite\",\"@id\":\"https:\/\/biogroupvietnam.com\/en\/vi\/#website\",\"url\":\"https:\/\/biogroupvietnam.com\/en\/vi\/\",\"name\":\"Biogroup Vietnam\",\"description\":\"Biogroup Vietnam cung c\u1ea5p d\u1ecbch v\u1ee5 k\u1ef9 thu\u1eadt c\u00f9ng thi\u1ebft b\u1ecb, v\u1eadt t\u01b0, h\u00f3a ch\u1ea5t v\u00e0 gi\u1ea3i ph\u00e1p sinh h\u1ecdc cho ph\u00f2ng th\u00ed nghi\u1ec7m c\u00f4ng ngh\u1ec7 sinh h\u1ecdc, y sinh v\u00e0 y h\u1ecdc t\u00e1i t\u1ea1o.\",\"potentialAction\":[{\"@type\":\"SearchAction\",\"target\":{\"@type\":\"EntryPoint\",\"urlTemplate\":\"https:\/\/biogroupvietnam.com\/en\/vi\/?s={search_term_string}\"},\"query-input\":{\"@type\":\"PropertyValueSpecification\",\"valueRequired\":true,\"valueName\":\"search_term_string\"}}],\"inLanguage\":\"en-US\"}]}<\/script>\n<!-- \/ Yoast SEO plugin. -->","yoast_head_json":{"title":"ADAM-MC2 Automated Cell Counter","description":"ADAM-MC2, an automated fluorescence cell counter, performs viability and cell counting measurements using the&nbsp;AO (Acridine Orange)&nbsp;or&nbsp;PI (Propidium Iodide)&nbsp;staining method of combined with advanced image analysis.","robots":{"index":"index","follow":"follow","max-snippet":"max-snippet:-1","max-image-preview":"max-image-preview:large","max-video-preview":"max-video-preview:-1"},"canonical":"ADAM-MC2, an automated fluorescence cell counter, performs viability and cell counting measurements using the&nbsp;AO (Acridine Orange)&nbsp;or&nbsp;PI (Propidium Iodide)&nbsp;staining method of combined with advanced image analysis.","og_locale":"en_US","og_type":"article","og_title":"ADAM-MC2 Automated Cell Counter","og_description":"ADAM-MC2, an automated fluorescence cell counter, performs viability and cell counting measurements using the&nbsp;AO (Acridine Orange)&nbsp;or&nbsp;PI (Propidium Iodide)&nbsp;staining method of combined with advanced image analysis.","og_url":"https:\/\/biogroupvietnam.com\/en\/product\/adam-mc2-automated-cell-counter\/","og_site_name":"Biogroup Vietnam","article_modified_time":"2025-11-17T02:52:45+00:00","og_image":[{"width":1640,"height":1260,"url":"https:\/\/biogroupvietnam.com\/wp-content\/uploads\/2025\/08\/ADAM\u2122-MC2.jpg","type":"image\/jpeg"}],"twitter_card":"summary_large_image","twitter_misc":{"Est. reading time":"5 minutes"},"schema":{"@context":"https:\/\/schema.org","@graph":[{"@type":"WebPage","@id":"https:\/\/biogroupvietnam.com\/en\/product\/adam-mc2-automated-cell-counter\/","url":"https:\/\/biogroupvietnam.com\/en\/product\/adam-mc2-automated-cell-counter\/","name":"M\u00e1y \u0110\u1ebfm T\u1ebf B\u00e0o T\u1ef1 \u0110\u1ed9ng ADAM-MC2","isPartOf":{"@id":"https:\/\/biogroupvietnam.com\/vi\/#website"},"primaryImageOfPage":{"@id":"https:\/\/biogroupvietnam.com\/en\/product\/adam-mc2-automated-cell-counter\/#primaryimage"},"image":{"@id":"https:\/\/biogroupvietnam.com\/en\/product\/adam-mc2-automated-cell-counter\/#primaryimage"},"thumbnailUrl":"https:\/\/biogroupvietnam.com\/wp-content\/uploads\/2025\/08\/ADAM\u2122-MC2.jpg","datePublished":"2025-08-18T12:53:45+00:00","dateModified":"2025-11-17T02:52:45+00:00","description":"ADAM-MC2 l\u00e0 m\u00e1y \u0111\u1ebfm t\u1ebf b\u00e0o hu\u1ef3nh quang t\u1ef1 \u0111\u1ed9ng, cho k\u1ebft qu\u1ea3 \u0111\u1ebfm\u00a0ch\u00ednh x\u00e1c trong 25 gi\u00e2y v\u00e0 d\u00f9ng\u00a0\u0111\u1ebfm t\u1ebf b\u00e0o g\u1ed1c, t\u1ebf b\u00e0o CAR-T, t\u1ebf b\u00e0o CAR-NK, t\u1ebf b\u00e0o g\u1ed1c t\u1eeb m\u00f4 m\u1ee1.","breadcrumb":{"@id":"https:\/\/biogroupvietnam.com\/en\/product\/adam-mc2-automated-cell-counter\/#breadcrumb"},"inLanguage":"en-US","potentialAction":[{"@type":"ReadAction","target":["https:\/\/biogroupvietnam.com\/en\/product\/adam-mc2-automated-cell-counter\/"]}]},{"@type":"ImageObject","inLanguage":"en-US","@id":"https:\/\/biogroupvietnam.com\/en\/product\/adam-mc2-automated-cell-counter\/#primaryimage","url":"https:\/\/biogroupvietnam.com\/wp-content\/uploads\/2025\/08\/ADAM\u2122-MC2.jpg","contentUrl":"https:\/\/biogroupvietnam.com\/wp-content\/uploads\/2025\/08\/ADAM\u2122-MC2.jpg","width":1640,"height":1260},{"@type":"BreadcrumbList","@id":"https:\/\/biogroupvietnam.com\/en\/product\/adam-mc2-automated-cell-counter\/#breadcrumb","itemListElement":[{"@type":"ListItem","position":1,"name":"Biogroup Vietnam | End-to-End Biotechnology Solutions","item":"https:\/\/biogroupvietnam.com\/vi\/"},{"@type":"ListItem","position":2,"name":"Product","item":"https:\/\/biogroupvietnam.com\/vi\/san-pham\/"},{"@type":"ListItem","position":3,"name":"Biological R&D","item":"https:\/\/biogroupvietnam.com\/vi\/danh-muc-san-pham\/rd-sinh-hoc\/"},{"@type":"ListItem","position":4,"name":"Cell Counters & Cell Analyzers","item":"https:\/\/biogroupvietnam.com\/vi\/danh-muc-san-pham\/dem-phan-tich-te-bao\/"},{"@type":"ListItem","position":5,"name":"ADAM-MC2 Automated Cell Counter"}]},{"@type":"WebSite","@id":"https:\/\/biogroupvietnam.com\/en\/vi\/#website","url":"https:\/\/biogroupvietnam.com\/en\/vi\/","name":"Biogroup Vietnam","description":"Biogroup Vietnam cung c\u1ea5p d\u1ecbch v\u1ee5 k\u1ef9 thu\u1eadt c\u00f9ng thi\u1ebft b\u1ecb, v\u1eadt t\u01b0, h\u00f3a ch\u1ea5t v\u00e0 gi\u1ea3i ph\u00e1p sinh h\u1ecdc cho ph\u00f2ng th\u00ed nghi\u1ec7m c\u00f4ng ngh\u1ec7 sinh h\u1ecdc, y sinh v\u00e0 y h\u1ecdc t\u00e1i t\u1ea1o.","potentialAction":[{"@type":"SearchAction","target":{"@type":"EntryPoint","urlTemplate":"https:\/\/biogroupvietnam.com\/en\/vi\/?s={search_term_string}"},"query-input":{"@type":"PropertyValueSpecification","valueRequired":true,"valueName":"search_term_string"}}],"inLanguage":"en-US"}]}},"_links":{"self":[{"href":"https:\/\/biogroupvietnam.com\/en\/wp-json\/wp\/v2\/product\/3834","targetHints":{"allow":["GET"]}}],"collection":[{"href":"https:\/\/biogroupvietnam.com\/en\/wp-json\/wp\/v2\/product"}],"about":[{"href":"https:\/\/biogroupvietnam.com\/en\/wp-json\/wp\/v2\/types\/product"}],"replies":[{"embeddable":true,"href":"https:\/\/biogroupvietnam.com\/en\/wp-json\/wp\/v2\/comments?post=3834"}],"version-history":[{"count":4,"href":"https:\/\/biogroupvietnam.com\/en\/wp-json\/wp\/v2\/product\/3834\/revisions"}],"predecessor-version":[{"id":8976,"href":"https:\/\/biogroupvietnam.com\/en\/wp-json\/wp\/v2\/product\/3834\/revisions\/8976"}],"wp:featuredmedia":[{"embeddable":true,"href":"https:\/\/biogroupvietnam.com\/en\/wp-json\/wp\/v2\/media\/8970"}],"wp:attachment":[{"href":"https:\/\/biogroupvietnam.com\/en\/wp-json\/wp\/v2\/media?parent=3834"}],"wp:term":[{"taxonomy":"product_brand","embeddable":true,"href":"https:\/\/biogroupvietnam.com\/en\/wp-json\/wp\/v2\/product_brand?post=3834"},{"taxonomy":"product_cat","embeddable":true,"href":"https:\/\/biogroupvietnam.com\/en\/wp-json\/wp\/v2\/product_cat?post=3834"},{"taxonomy":"product_tag","embeddable":true,"href":"https:\/\/biogroupvietnam.com\/en\/wp-json\/wp\/v2\/product_tag?post=3834"}],"curies":[{"name":"wp","href":"https:\/\/api.w.org\/{rel}","templated":true}]}}