{"id":3836,"date":"2025-08-18T19:53:46","date_gmt":"2025-08-18T12:53:46","guid":{"rendered":"http:\/\/biogroupvietnam-worldpress.local\/product\/import-placeholder-for-138\/"},"modified":"2026-04-03T17:38:31","modified_gmt":"2026-04-03T10:38:31","slug":"kit-phan-giai-te-bao","status":"publish","type":"product","link":"https:\/\/biogroupvietnam.com\/en\/product\/animal-component-free-cell-dissociation-kit\/","title":{"rendered":"Animal Component-Free Cell Dissociation Kit"},"content":{"rendered":"<p><a href=\"https:\/\/www.stemcell.com\/mesencult-acf-dissociation-kit.html\">Animal Component-Free Cell Dissociation Kit<\/a> is a dissociation kit for human stem and progenitor cells<\/p>\n","protected":false},"excerpt":{"rendered":"<p>Animal Component-Free Cell Dissociation Kit is a dissociation kit for human stem and progenitor cells<\/p>\n","protected":false},"featured_media":10192,"comment_status":"closed","ping_status":"closed","template":"","meta":{"_acf_changed":false},"product_brand":[127],"product_cat":[91],"product_tag":[],"class_list":{"0":"post-3836","1":"product","2":"type-product","3":"status-publish","4":"has-post-thumbnail","6":"product_brand-stemcell-technologies","7":"product_cat-human-mesenchymal-stem-cells","9":"first","10":"outofstock","11":"shipping-taxable","12":"product-type-simple"},"acf":[],"yoast_head":"<!-- This site is optimized with the Yoast SEO plugin v26.8 - https:\/\/yoast.com\/product\/yoast-seo-wordpress\/ -->\n<title>Animal Component-Free Cell Dissociation Kit<\/title>\n<meta name=\"description\" content=\"Animal Component-Free Cell Dissociation Kit is a dissociation kit for human stem and progenitor cells\" \/>\n<meta name=\"robots\" content=\"index, follow, max-snippet:-1, max-image-preview:large, max-video-preview:-1\" \/>\n<link rel=\"canonical\" href=\"http:\/\/Animal%20Component-Free%20Cell%20Dissociation%20Kit%20is%20a%20dissociation%20kit%20for%20human%20stem%20and%20progenitor%20cells\" \/>\n<meta property=\"og:locale\" content=\"en_US\" \/>\n<meta property=\"og:type\" content=\"article\" \/>\n<meta property=\"og:title\" content=\"Animal Component-Free Cell Dissociation Kit\" \/>\n<meta property=\"og:description\" content=\"Animal Component-Free Cell Dissociation Kit is a dissociation kit for human stem and progenitor cells\" \/>\n<meta property=\"og:url\" content=\"https:\/\/biogroupvietnam.com\/en\/product\/animal-component-free-cell-dissociation-kit\/\" \/>\n<meta property=\"og:site_name\" content=\"Biogroup Vietnam\" \/>\n<meta property=\"article:modified_time\" content=\"2026-04-03T10:38:31+00:00\" \/>\n<meta property=\"og:image\" content=\"https:\/\/biogroupvietnam.com\/wp-content\/uploads\/2025\/08\/kit-phan-giai-te-bao.jpg\" \/>\n\t<meta property=\"og:image:width\" content=\"1640\" \/>\n\t<meta property=\"og:image:height\" content=\"1260\" \/>\n\t<meta property=\"og:image:type\" content=\"image\/jpeg\" \/>\n<meta name=\"twitter:card\" content=\"summary_large_image\" \/>\n<meta name=\"twitter:label1\" content=\"Est. reading time\" \/>\n\t<meta name=\"twitter:data1\" content=\"2 minutes\" \/>\n<script type=\"application\/ld+json\" class=\"yoast-schema-graph\">{\"@context\":\"https:\/\/schema.org\",\"@graph\":[{\"@type\":\"WebPage\",\"@id\":\"https:\/\/biogroupvietnam.com\/en\/product\/animal-component-free-cell-dissociation-kit\/\",\"url\":\"https:\/\/biogroupvietnam.com\/en\/product\/animal-component-free-cell-dissociation-kit\/\",\"name\":\"Kit Ph\u00e2n Gi\u1ea3i T\u1ebf B\u00e0o\",\"isPartOf\":{\"@id\":\"https:\/\/biogroupvietnam.com\/vi\/#website\"},\"primaryImageOfPage\":{\"@id\":\"https:\/\/biogroupvietnam.com\/en\/product\/animal-component-free-cell-dissociation-kit\/#primaryimage\"},\"image\":{\"@id\":\"https:\/\/biogroupvietnam.com\/en\/product\/animal-component-free-cell-dissociation-kit\/#primaryimage\"},\"thumbnailUrl\":\"https:\/\/biogroupvietnam.com\/wp-content\/uploads\/2025\/08\/kit-phan-giai-te-bao.jpg\",\"datePublished\":\"2025-08-18T12:53:46+00:00\",\"dateModified\":\"2026-04-03T10:38:31+00:00\",\"description\":\"Kit ph\u00e2n gi\u1ea3i t\u1ebf b\u00e0o t\u00e1ch t\u1ebf b\u00e0o kh\u00f4ng c\u00f3 th\u00e0nh ph\u1ea7n \u0111\u1ed9ng v\u1eadt (ACF) \u0111\u01b0\u1ee3c t\u1ed1i \u01b0u h\u00f3a \u0111\u1ec3 ph\u00e2n gi\u1ea3i v\u00e0 c\u1ea5y chuy\u1ec1n t\u1ebf b\u00e0o g\u1ed1c v\u00e0 t\u1ebf b\u00e0o ti\u1ec1n th\u00e2n ng\u01b0\u1eddi.\",\"breadcrumb\":{\"@id\":\"https:\/\/biogroupvietnam.com\/en\/product\/animal-component-free-cell-dissociation-kit\/#breadcrumb\"},\"inLanguage\":\"en-US\",\"potentialAction\":[{\"@type\":\"ReadAction\",\"target\":[\"https:\/\/biogroupvietnam.com\/en\/product\/animal-component-free-cell-dissociation-kit\/\"]}]},{\"@type\":\"ImageObject\",\"inLanguage\":\"en-US\",\"@id\":\"https:\/\/biogroupvietnam.com\/en\/product\/animal-component-free-cell-dissociation-kit\/#primaryimage\",\"url\":\"https:\/\/biogroupvietnam.com\/wp-content\/uploads\/2025\/08\/kit-phan-giai-te-bao.jpg\",\"contentUrl\":\"https:\/\/biogroupvietnam.com\/wp-content\/uploads\/2025\/08\/kit-phan-giai-te-bao.jpg\",\"width\":1640,\"height\":1260,\"caption\":\"Kit Ph\u00e2n Gi\u1ea3i T\u1ebf B\u00e0o\"},{\"@type\":\"BreadcrumbList\",\"@id\":\"https:\/\/biogroupvietnam.com\/en\/product\/animal-component-free-cell-dissociation-kit\/#breadcrumb\",\"itemListElement\":[{\"@type\":\"ListItem\",\"position\":1,\"name\":\"Biogroup Vietnam | End-to-End Biotechnology Solutions\",\"item\":\"https:\/\/biogroupvietnam.com\/vi\/\"},{\"@type\":\"ListItem\",\"position\":2,\"name\":\"Product\",\"item\":\"https:\/\/biogroupvietnam.com\/vi\/san-pham\/\"},{\"@type\":\"ListItem\",\"position\":3,\"name\":\"Cell Culture\",\"item\":\"https:\/\/biogroupvietnam.com\/vi\/danh-muc-san-pham\/nuoi-cay-te-bao\/\"},{\"@type\":\"ListItem\",\"position\":4,\"name\":\"Human mesenchymal stem cells\",\"item\":\"https:\/\/biogroupvietnam.com\/vi\/danh-muc-san-pham\/te-bao-goc-trung-mo\/\"},{\"@type\":\"ListItem\",\"position\":5,\"name\":\"Animal Component-Free Cell Dissociation Kit\"}]},{\"@type\":\"WebSite\",\"@id\":\"https:\/\/biogroupvietnam.com\/en\/vi\/#website\",\"url\":\"https:\/\/biogroupvietnam.com\/en\/vi\/\",\"name\":\"Biogroup Vietnam\",\"description\":\"Biogroup Vietnam cung c\u1ea5p d\u1ecbch v\u1ee5 k\u1ef9 thu\u1eadt c\u00f9ng thi\u1ebft b\u1ecb, v\u1eadt t\u01b0, h\u00f3a ch\u1ea5t v\u00e0 gi\u1ea3i ph\u00e1p sinh h\u1ecdc cho ph\u00f2ng th\u00ed nghi\u1ec7m c\u00f4ng ngh\u1ec7 sinh h\u1ecdc, y sinh v\u00e0 y h\u1ecdc t\u00e1i t\u1ea1o.\",\"potentialAction\":[{\"@type\":\"SearchAction\",\"target\":{\"@type\":\"EntryPoint\",\"urlTemplate\":\"https:\/\/biogroupvietnam.com\/en\/vi\/?s={search_term_string}\"},\"query-input\":{\"@type\":\"PropertyValueSpecification\",\"valueRequired\":true,\"valueName\":\"search_term_string\"}}],\"inLanguage\":\"en-US\"}]}<\/script>\n<!-- \/ Yoast SEO plugin. -->","yoast_head_json":{"title":"Animal Component-Free Cell Dissociation Kit","description":"Animal Component-Free Cell Dissociation Kit is a dissociation kit for human stem and progenitor cells","robots":{"index":"index","follow":"follow","max-snippet":"max-snippet:-1","max-image-preview":"max-image-preview:large","max-video-preview":"max-video-preview:-1"},"canonical":"Animal Component-Free Cell Dissociation Kit is a dissociation kit for human stem and progenitor cells","og_locale":"en_US","og_type":"article","og_title":"Animal Component-Free Cell Dissociation Kit","og_description":"Animal Component-Free Cell Dissociation Kit is a dissociation kit for human stem and progenitor cells","og_url":"https:\/\/biogroupvietnam.com\/en\/product\/animal-component-free-cell-dissociation-kit\/","og_site_name":"Biogroup Vietnam","article_modified_time":"2026-04-03T10:38:31+00:00","og_image":[{"width":1640,"height":1260,"url":"https:\/\/biogroupvietnam.com\/wp-content\/uploads\/2025\/08\/kit-phan-giai-te-bao.jpg","type":"image\/jpeg"}],"twitter_card":"summary_large_image","twitter_misc":{"Est. reading time":"2 minutes"},"schema":{"@context":"https:\/\/schema.org","@graph":[{"@type":"WebPage","@id":"https:\/\/biogroupvietnam.com\/en\/product\/animal-component-free-cell-dissociation-kit\/","url":"https:\/\/biogroupvietnam.com\/en\/product\/animal-component-free-cell-dissociation-kit\/","name":"Kit Ph\u00e2n Gi\u1ea3i T\u1ebf B\u00e0o","isPartOf":{"@id":"https:\/\/biogroupvietnam.com\/vi\/#website"},"primaryImageOfPage":{"@id":"https:\/\/biogroupvietnam.com\/en\/product\/animal-component-free-cell-dissociation-kit\/#primaryimage"},"image":{"@id":"https:\/\/biogroupvietnam.com\/en\/product\/animal-component-free-cell-dissociation-kit\/#primaryimage"},"thumbnailUrl":"https:\/\/biogroupvietnam.com\/wp-content\/uploads\/2025\/08\/kit-phan-giai-te-bao.jpg","datePublished":"2025-08-18T12:53:46+00:00","dateModified":"2026-04-03T10:38:31+00:00","description":"Kit ph\u00e2n gi\u1ea3i t\u1ebf b\u00e0o t\u00e1ch t\u1ebf b\u00e0o kh\u00f4ng c\u00f3 th\u00e0nh ph\u1ea7n \u0111\u1ed9ng v\u1eadt (ACF) \u0111\u01b0\u1ee3c t\u1ed1i \u01b0u h\u00f3a \u0111\u1ec3 ph\u00e2n gi\u1ea3i v\u00e0 c\u1ea5y chuy\u1ec1n t\u1ebf b\u00e0o g\u1ed1c v\u00e0 t\u1ebf b\u00e0o ti\u1ec1n th\u00e2n ng\u01b0\u1eddi.","breadcrumb":{"@id":"https:\/\/biogroupvietnam.com\/en\/product\/animal-component-free-cell-dissociation-kit\/#breadcrumb"},"inLanguage":"en-US","potentialAction":[{"@type":"ReadAction","target":["https:\/\/biogroupvietnam.com\/en\/product\/animal-component-free-cell-dissociation-kit\/"]}]},{"@type":"ImageObject","inLanguage":"en-US","@id":"https:\/\/biogroupvietnam.com\/en\/product\/animal-component-free-cell-dissociation-kit\/#primaryimage","url":"https:\/\/biogroupvietnam.com\/wp-content\/uploads\/2025\/08\/kit-phan-giai-te-bao.jpg","contentUrl":"https:\/\/biogroupvietnam.com\/wp-content\/uploads\/2025\/08\/kit-phan-giai-te-bao.jpg","width":1640,"height":1260,"caption":"Kit Ph\u00e2n Gi\u1ea3i T\u1ebf B\u00e0o"},{"@type":"BreadcrumbList","@id":"https:\/\/biogroupvietnam.com\/en\/product\/animal-component-free-cell-dissociation-kit\/#breadcrumb","itemListElement":[{"@type":"ListItem","position":1,"name":"Biogroup Vietnam | End-to-End Biotechnology Solutions","item":"https:\/\/biogroupvietnam.com\/vi\/"},{"@type":"ListItem","position":2,"name":"Product","item":"https:\/\/biogroupvietnam.com\/vi\/san-pham\/"},{"@type":"ListItem","position":3,"name":"Cell Culture","item":"https:\/\/biogroupvietnam.com\/vi\/danh-muc-san-pham\/nuoi-cay-te-bao\/"},{"@type":"ListItem","position":4,"name":"Human mesenchymal stem cells","item":"https:\/\/biogroupvietnam.com\/vi\/danh-muc-san-pham\/te-bao-goc-trung-mo\/"},{"@type":"ListItem","position":5,"name":"Animal Component-Free Cell Dissociation Kit"}]},{"@type":"WebSite","@id":"https:\/\/biogroupvietnam.com\/en\/vi\/#website","url":"https:\/\/biogroupvietnam.com\/en\/vi\/","name":"Biogroup Vietnam","description":"Biogroup Vietnam cung c\u1ea5p d\u1ecbch v\u1ee5 k\u1ef9 thu\u1eadt c\u00f9ng thi\u1ebft b\u1ecb, v\u1eadt t\u01b0, h\u00f3a ch\u1ea5t v\u00e0 gi\u1ea3i ph\u00e1p sinh h\u1ecdc cho ph\u00f2ng th\u00ed nghi\u1ec7m c\u00f4ng ngh\u1ec7 sinh h\u1ecdc, y sinh v\u00e0 y h\u1ecdc t\u00e1i t\u1ea1o.","potentialAction":[{"@type":"SearchAction","target":{"@type":"EntryPoint","urlTemplate":"https:\/\/biogroupvietnam.com\/en\/vi\/?s={search_term_string}"},"query-input":{"@type":"PropertyValueSpecification","valueRequired":true,"valueName":"search_term_string"}}],"inLanguage":"en-US"}]}},"_links":{"self":[{"href":"https:\/\/biogroupvietnam.com\/en\/wp-json\/wp\/v2\/product\/3836","targetHints":{"allow":["GET"]}}],"collection":[{"href":"https:\/\/biogroupvietnam.com\/en\/wp-json\/wp\/v2\/product"}],"about":[{"href":"https:\/\/biogroupvietnam.com\/en\/wp-json\/wp\/v2\/types\/product"}],"replies":[{"embeddable":true,"href":"https:\/\/biogroupvietnam.com\/en\/wp-json\/wp\/v2\/comments?post=3836"}],"version-history":[{"count":5,"href":"https:\/\/biogroupvietnam.com\/en\/wp-json\/wp\/v2\/product\/3836\/revisions"}],"predecessor-version":[{"id":9747,"href":"https:\/\/biogroupvietnam.com\/en\/wp-json\/wp\/v2\/product\/3836\/revisions\/9747"}],"wp:featuredmedia":[{"embeddable":true,"href":"https:\/\/biogroupvietnam.com\/en\/wp-json\/wp\/v2\/media\/10192"}],"wp:attachment":[{"href":"https:\/\/biogroupvietnam.com\/en\/wp-json\/wp\/v2\/media?parent=3836"}],"wp:term":[{"taxonomy":"product_brand","embeddable":true,"href":"https:\/\/biogroupvietnam.com\/en\/wp-json\/wp\/v2\/product_brand?post=3836"},{"taxonomy":"product_cat","embeddable":true,"href":"https:\/\/biogroupvietnam.com\/en\/wp-json\/wp\/v2\/product_cat?post=3836"},{"taxonomy":"product_tag","embeddable":true,"href":"https:\/\/biogroupvietnam.com\/en\/wp-json\/wp\/v2\/product_tag?post=3836"}],"curies":[{"name":"wp","href":"https:\/\/api.w.org\/{rel}","templated":true}]}}