{"id":3842,"date":"2025-08-18T19:53:48","date_gmt":"2025-08-18T12:53:48","guid":{"rendered":"http:\/\/biogroupvietnam-worldpress.local\/product\/import-placeholder-for-144\/"},"modified":"2025-12-17T14:36:36","modified_gmt":"2025-12-17T07:36:36","slug":"adamii-cd34","status":"publish","type":"product","link":"https:\/\/biogroupvietnam.com\/en\/product\/adamii-fluorescence-cd34-counter\/","title":{"rendered":"ADAM\u2161 - Fluorescence CD34 Counter"},"content":{"rendered":"<h3><strong>ADAMII\u2122 CD34 \u2013 The Fast and Accurate Image-Based Stem Cell Counter for Cord Blood and Cell Therapy QC<\/strong><\/h3>\n<h4><strong>Overview<\/strong><\/h4>\n<p><strong>ADAMII\u2122 CD34<\/strong> is an <strong>image-based fluorescence cell counter<\/strong> specifically designed for <strong>CD34\u207a hematopoietic stem cell (HSC) enumeration<\/strong>. Developed by <strong>NanoEntek (South Korea)<\/strong> and <strong>FDA 510(k) cleared &amp; CE-marked<\/strong> for in-vitro diagnostics, ADAMII\u2122 CD34 provides a rapid, accurate, and cost-effective alternative to flow cytometry for stem cell counting in <strong>cord blood (UCB)<\/strong>, <strong>mobilized peripheral blood (MPB)<\/strong>, and <strong>HPC-A products<\/strong>.<\/p>\n<p>By eliminating the complexity of traditional flow cytometry, ADAMII\u2122 CD34 empowers <strong>cord blood banks, stem cell labs, and GMP facilities<\/strong> to perform precise QC of stem cell samples with minimal training and reduced turnaround time.<\/p>\n<h4><strong>Applications<br \/>\n<\/strong>Quality control (QC) of stem cell products, pre-transplant evaluation, CD34\u207a enumeration in HSC collections, and viability assessment in research or clinical labs.<\/h4>\n","protected":false},"excerpt":{"rendered":"<p><strong>ADAMII\u2122 CD34<\/strong> l\u00e0 thi\u1ebft b\u1ecb \u0111\u1ebfm t\u1ebf b\u00e0o hu\u1ef3nh quang d\u1ef1a tr\u00ean h\u00ecnh \u1ea3nh, \u0111\u01b0\u1ee3c thi\u1ebft k\u1ebf chuy\u00ean bi\u1ec7t \u0111\u1ec3 <strong data-start=\"100\" data-end=\"145\">\u0111\u1ecbnh l\u01b0\u1ee3ng t\u1ebf b\u00e0o g\u1ed1c t\u1ea1o m\u00e1u CD34\u207a (HSC)<\/strong>. \u0110\u01b0\u1ee3c ph\u00e1t tri\u1ec3n b\u1edfi <strong data-start=\"167\" data-end=\"191\" data-is-only-node=\"\">NanoEntek (H\u00e0n Qu\u1ed1c)<\/strong> v\u00e0 \u0111\u00e3 \u0111\u01b0\u1ee3c <strong data-start=\"203\" data-end=\"250\">FDA 510(k) ph\u00ea duy\u1ec7t c\u0169ng nh\u01b0 ch\u1ee9ng nh\u1eadn CE<\/strong> cho s\u1eed d\u1ee5ng trong ch\u1ea9n \u0111o\u00e1n <em data-start=\"279\" data-end=\"289\">in vitro<\/em>, ADAMII\u2122 CD34 mang \u0111\u1ebfn <strong data-start=\"313\" data-end=\"379\">gi\u1ea3i ph\u00e1p thay th\u1ebf nhanh ch\u00f3ng, ch\u00ednh x\u00e1c v\u00e0 ti\u1ebft ki\u1ec7m chi ph\u00ed<\/strong> cho <strong data-start=\"384\" data-end=\"402\">flow cytometry<\/strong> trong vi\u1ec7c \u0111\u1ebfm t\u1ebf b\u00e0o g\u1ed1c t\u1eeb <strong data-start=\"432\" data-end=\"455\">m\u00e1u cu\u1ed1ng r\u1ed1n (UCB)<\/strong>, <strong data-start=\"457\" data-end=\"488\">m\u00e1u ngo\u1ea1i vi huy \u0111\u1ed9ng (MPB)<\/strong> v\u00e0 <strong data-start=\"492\" data-end=\"517\">s\u1ea3n ph\u1ea9m t\u1ebf b\u00e0o HPC-A<\/strong>.<\/p>\n<p data-start=\"522\" data-end=\"863\">B\u1eb1ng c\u00e1ch lo\u1ea1i b\u1ecf s\u1ef1 ph\u1ee9c t\u1ea1p c\u1ee7a quy tr\u00ecnh <strong data-start=\"566\" data-end=\"584\">flow cytometry<\/strong> truy\u1ec1n th\u1ed1ng, <strong data-start=\"599\" data-end=\"615\">ADAMII\u2122 CD34<\/strong> gi\u00fap <strong data-start=\"621\" data-end=\"704\">ng\u00e2n h\u00e0ng m\u00e1u cu\u1ed1ng r\u1ed1n, ph\u00f2ng th\u00ed nghi\u1ec7m t\u1ebf b\u00e0o g\u1ed1c v\u00e0 c\u00e1c c\u01a1 s\u1edf \u0111\u1ea1t chu\u1ea9n GMP<\/strong> c\u00f3 th\u1ec3 th\u1ef1c hi\u1ec7n <strong data-start=\"722\" data-end=\"751\">ki\u1ec3m so\u00e1t ch\u1ea5t l\u01b0\u1ee3ng (QC)<\/strong> t\u1ebf b\u00e0o g\u1ed1c <strong data-start=\"763\" data-end=\"789\">ch\u00ednh x\u00e1c, nhanh ch\u00f3ng<\/strong>, ch\u1ec9 v\u1edbi <strong data-start=\"799\" data-end=\"820\">\u0111\u00e0o t\u1ea1o t\u1ed1i thi\u1ec3u<\/strong> v\u00e0 <strong data-start=\"824\" data-end=\"860\">th\u1eddi gian x\u1eed l\u00fd ng\u1eafn h\u01a1n \u0111\u00e1ng k\u1ec3<\/strong>.<\/p>\n<p data-start=\"865\" data-end=\"1079\" data-is-last-node=\"\" data-is-only-node=\"\"><strong data-start=\"865\" data-end=\"878\">\u1ee8ng d\u1ee5ng:<\/strong> Ki\u1ec3m so\u00e1t ch\u1ea5t l\u01b0\u1ee3ng (QC) s\u1ea3n ph\u1ea9m t\u1ebf b\u00e0o g\u1ed1c, \u0111\u00e1nh gi\u00e1 tr\u01b0\u1edbc gh\u00e9p, \u0111\u1ecbnh l\u01b0\u1ee3ng t\u1ebf b\u00e0o CD34\u207a trong m\u1eabu thu ho\u1ea1ch HSC, v\u00e0 \u0111\u00e1nh gi\u00e1 \u0111\u1ed9 s\u1ed1ng c\u1ee7a t\u1ebf b\u00e0o trong c\u00e1c ph\u00f2ng th\u00ed nghi\u1ec7m nghi\u00ean c\u1ee9u ho\u1eb7c l\u00e2m s\u00e0ng.<\/p>\n","protected":false},"featured_media":8968,"comment_status":"closed","ping_status":"closed","template":"","meta":{"_acf_changed":false},"product_brand":[134],"product_cat":[174,111],"product_tag":[],"class_list":{"0":"post-3842","1":"product","2":"type-product","3":"status-publish","4":"has-post-thumbnail","6":"product_brand-nanoentek","7":"product_cat-cd34-cell-counter","8":"product_cat-cell-counters-cell-analyzers","10":"first","11":"outofstock","12":"shipping-taxable","13":"product-type-simple"},"acf":[],"yoast_head":"<!-- This site is optimized with the Yoast SEO plugin v26.8 - https:\/\/yoast.com\/product\/yoast-seo-wordpress\/ -->\n<title>ADAM\u2161 - Fluorescence CD34 Counter<\/title>\n<meta name=\"description\" content=\"ADAMII\u2122 CD34 \u2013 The Fast and Accurate Image-Based Stem Cell Counter for Cord Blood and Cell Therapy QC Overview ADAMII\u2122 CD34 is an image-based fluorescence cell counter specifically designed for CD34\u207a hematopoietic stem cell (HSC) enumeration. Developed by NanoEntek (South Korea) and FDA 510(k) cleared &amp; CE-marked for in-vitro diagnostics, ADAMII\u2122 CD34 provides a rapid,&hellip;\" \/>\n<meta name=\"robots\" content=\"index, follow, max-snippet:-1, max-image-preview:large, max-video-preview:-1\" \/>\n<link rel=\"canonical\" href=\"http:\/\/ADAMII\u2122%20CD34%20\u2013%20The%20Fast%20and%20Accurate%20Image-Based%20Stem%20Cell%20Counter%20for%20Cord%20Blood%20and%20Cell%20Therapy%20QC%20Overview%20ADAMII\u2122%20CD34%20is%20an%20image-based%20fluorescence%20cell%20counter%20specifically%20designed%20for%20CD34\u207a%20hematopoietic%20stem%20cell%20(HSC)%20enumeration.%20Developed%20by%20NanoEntek%20(South%20Korea)%20and%20FDA%20510(k)%20cleared%20&amp;%20CE-marked%20for%20in-vitro%20diagnostics,%20ADAMII\u2122%20CD34%20provides%20a%20rapid,&hellip;\" \/>\n<meta property=\"og:locale\" content=\"en_US\" \/>\n<meta property=\"og:type\" content=\"article\" \/>\n<meta property=\"og:title\" content=\"ADAM\u2161 - Fluorescence CD34 Counter\" \/>\n<meta property=\"og:description\" content=\"ADAMII\u2122 CD34 \u2013 The Fast and Accurate Image-Based Stem Cell Counter for Cord Blood and Cell Therapy QC Overview ADAMII\u2122 CD34 is an image-based fluorescence cell counter specifically designed for CD34\u207a hematopoietic stem cell (HSC) enumeration. Developed by NanoEntek (South Korea) and FDA 510(k) cleared &amp; CE-marked for in-vitro diagnostics, ADAMII\u2122 CD34 provides a rapid,&hellip;\" \/>\n<meta property=\"og:url\" content=\"https:\/\/biogroupvietnam.com\/en\/product\/adamii-fluorescence-cd34-counter\/\" \/>\n<meta property=\"og:site_name\" content=\"Biogroup Vietnam\" \/>\n<meta property=\"article:modified_time\" content=\"2025-12-17T07:36:36+00:00\" \/>\n<meta property=\"og:image\" content=\"https:\/\/biogroupvietnam.com\/wp-content\/uploads\/2025\/08\/ADAMII\u2122-CD34.jpg\" \/>\n\t<meta property=\"og:image:width\" content=\"1640\" \/>\n\t<meta property=\"og:image:height\" content=\"1260\" \/>\n\t<meta property=\"og:image:type\" content=\"image\/jpeg\" \/>\n<meta name=\"twitter:card\" content=\"summary_large_image\" \/>\n<meta name=\"twitter:label1\" content=\"Est. reading time\" \/>\n\t<meta name=\"twitter:data1\" content=\"5 minutes\" \/>\n<script type=\"application\/ld+json\" class=\"yoast-schema-graph\">{\"@context\":\"https:\/\/schema.org\",\"@graph\":[{\"@type\":\"WebPage\",\"@id\":\"https:\/\/biogroupvietnam.com\/en\/product\/adamii-fluorescence-cd34-counter\/\",\"url\":\"https:\/\/biogroupvietnam.com\/en\/product\/adamii-fluorescence-cd34-counter\/\",\"name\":\"M\u00e1y ADAMII\u2122 - \u0110\u1ebfm T\u1ebf B\u00e0o G\u1ed1c CD34\",\"isPartOf\":{\"@id\":\"https:\/\/biogroupvietnam.com\/vi\/#website\"},\"primaryImageOfPage\":{\"@id\":\"https:\/\/biogroupvietnam.com\/en\/product\/adamii-fluorescence-cd34-counter\/#primaryimage\"},\"image\":{\"@id\":\"https:\/\/biogroupvietnam.com\/en\/product\/adamii-fluorescence-cd34-counter\/#primaryimage\"},\"thumbnailUrl\":\"https:\/\/biogroupvietnam.com\/wp-content\/uploads\/2025\/08\/ADAMII\u2122-CD34.jpg\",\"datePublished\":\"2025-08-18T12:53:48+00:00\",\"dateModified\":\"2025-12-17T07:36:36+00:00\",\"description\":\"ADAMII\u2122 CD34 \u2013 thi\u1ebft b\u1ecb \u0111\u1ebfm t\u1ebf b\u00e0o g\u1ed1c CD34\u207a t\u1ef1 \u0111\u1ed9ng, \u0111\u1ed9 ch\u00ednh x\u00e1c t\u01b0\u01a1ng \u0111\u01b0\u01a1ng Flow Cytometry, FDA & CE ch\u1ee9ng nh\u1eadn, t\u1ed1i \u01b0u cho ng\u00e2n h\u00e0ng m\u00e1u & ph\u00f2ng QC.\",\"breadcrumb\":{\"@id\":\"https:\/\/biogroupvietnam.com\/en\/product\/adamii-fluorescence-cd34-counter\/#breadcrumb\"},\"inLanguage\":\"en-US\",\"potentialAction\":[{\"@type\":\"ReadAction\",\"target\":[\"https:\/\/biogroupvietnam.com\/en\/product\/adamii-fluorescence-cd34-counter\/\"]}]},{\"@type\":\"ImageObject\",\"inLanguage\":\"en-US\",\"@id\":\"https:\/\/biogroupvietnam.com\/en\/product\/adamii-fluorescence-cd34-counter\/#primaryimage\",\"url\":\"https:\/\/biogroupvietnam.com\/wp-content\/uploads\/2025\/08\/ADAMII\u2122-CD34.jpg\",\"contentUrl\":\"https:\/\/biogroupvietnam.com\/wp-content\/uploads\/2025\/08\/ADAMII\u2122-CD34.jpg\",\"width\":1640,\"height\":1260},{\"@type\":\"BreadcrumbList\",\"@id\":\"https:\/\/biogroupvietnam.com\/en\/product\/adamii-fluorescence-cd34-counter\/#breadcrumb\",\"itemListElement\":[{\"@type\":\"ListItem\",\"position\":1,\"name\":\"Biogroup Vietnam | End-to-End Biotechnology Solutions\",\"item\":\"https:\/\/biogroupvietnam.com\/vi\/\"},{\"@type\":\"ListItem\",\"position\":2,\"name\":\"Product\",\"item\":\"https:\/\/biogroupvietnam.com\/vi\/san-pham\/\"},{\"@type\":\"ListItem\",\"position\":3,\"name\":\"Bioassays\",\"item\":\"https:\/\/biogroupvietnam.com\/vi\/danh-muc-san-pham\/xet-nghiem-sinh-hoc\/\"},{\"@type\":\"ListItem\",\"position\":4,\"name\":\"CD34 Cell Counter\",\"item\":\"https:\/\/biogroupvietnam.com\/vi\/danh-muc-san-pham\/dem-te-bao-cd34\/\"},{\"@type\":\"ListItem\",\"position\":5,\"name\":\"ADAM\u2161 - Fluorescence CD34 Counter\"}]},{\"@type\":\"WebSite\",\"@id\":\"https:\/\/biogroupvietnam.com\/en\/vi\/#website\",\"url\":\"https:\/\/biogroupvietnam.com\/en\/vi\/\",\"name\":\"Biogroup Vietnam\",\"description\":\"Biogroup Vietnam cung c\u1ea5p d\u1ecbch v\u1ee5 k\u1ef9 thu\u1eadt c\u00f9ng thi\u1ebft b\u1ecb, v\u1eadt t\u01b0, h\u00f3a ch\u1ea5t v\u00e0 gi\u1ea3i ph\u00e1p sinh h\u1ecdc cho ph\u00f2ng th\u00ed nghi\u1ec7m c\u00f4ng ngh\u1ec7 sinh h\u1ecdc, y sinh v\u00e0 y h\u1ecdc t\u00e1i t\u1ea1o.\",\"potentialAction\":[{\"@type\":\"SearchAction\",\"target\":{\"@type\":\"EntryPoint\",\"urlTemplate\":\"https:\/\/biogroupvietnam.com\/en\/vi\/?s={search_term_string}\"},\"query-input\":{\"@type\":\"PropertyValueSpecification\",\"valueRequired\":true,\"valueName\":\"search_term_string\"}}],\"inLanguage\":\"en-US\"}]}<\/script>\n<!-- \/ Yoast SEO plugin. -->","yoast_head_json":{"title":"ADAM\u2161 - Fluorescence CD34 Counter","description":"ADAMII\u2122 CD34 \u2013 The Fast and Accurate Image-Based Stem Cell Counter for Cord Blood and Cell Therapy QC Overview ADAMII\u2122 CD34 is an image-based fluorescence cell counter specifically designed for CD34\u207a hematopoietic stem cell (HSC) enumeration. Developed by NanoEntek (South Korea) and FDA 510(k) cleared &amp; CE-marked for in-vitro diagnostics, ADAMII\u2122 CD34 provides a rapid,&hellip;","robots":{"index":"index","follow":"follow","max-snippet":"max-snippet:-1","max-image-preview":"max-image-preview:large","max-video-preview":"max-video-preview:-1"},"canonical":"ADAMII\u2122 CD34 \u2013 The Fast and Accurate Image-Based Stem Cell Counter for Cord Blood and Cell Therapy QC Overview ADAMII\u2122 CD34 is an image-based fluorescence cell counter specifically designed for CD34\u207a hematopoietic stem cell (HSC) enumeration. Developed by NanoEntek (South Korea) and FDA 510(k) cleared &amp; CE-marked for in-vitro diagnostics, ADAMII\u2122 CD34 provides a rapid,&hellip;","og_locale":"en_US","og_type":"article","og_title":"ADAM\u2161 - Fluorescence CD34 Counter","og_description":"ADAMII\u2122 CD34 \u2013 The Fast and Accurate Image-Based Stem Cell Counter for Cord Blood and Cell Therapy QC Overview ADAMII\u2122 CD34 is an image-based fluorescence cell counter specifically designed for CD34\u207a hematopoietic stem cell (HSC) enumeration. Developed by NanoEntek (South Korea) and FDA 510(k) cleared &amp; CE-marked for in-vitro diagnostics, ADAMII\u2122 CD34 provides a rapid,&hellip;","og_url":"https:\/\/biogroupvietnam.com\/en\/product\/adamii-fluorescence-cd34-counter\/","og_site_name":"Biogroup Vietnam","article_modified_time":"2025-12-17T07:36:36+00:00","og_image":[{"width":1640,"height":1260,"url":"https:\/\/biogroupvietnam.com\/wp-content\/uploads\/2025\/08\/ADAMII\u2122-CD34.jpg","type":"image\/jpeg"}],"twitter_card":"summary_large_image","twitter_misc":{"Est. reading time":"5 minutes"},"schema":{"@context":"https:\/\/schema.org","@graph":[{"@type":"WebPage","@id":"https:\/\/biogroupvietnam.com\/en\/product\/adamii-fluorescence-cd34-counter\/","url":"https:\/\/biogroupvietnam.com\/en\/product\/adamii-fluorescence-cd34-counter\/","name":"M\u00e1y ADAMII\u2122 - \u0110\u1ebfm T\u1ebf B\u00e0o G\u1ed1c CD34","isPartOf":{"@id":"https:\/\/biogroupvietnam.com\/vi\/#website"},"primaryImageOfPage":{"@id":"https:\/\/biogroupvietnam.com\/en\/product\/adamii-fluorescence-cd34-counter\/#primaryimage"},"image":{"@id":"https:\/\/biogroupvietnam.com\/en\/product\/adamii-fluorescence-cd34-counter\/#primaryimage"},"thumbnailUrl":"https:\/\/biogroupvietnam.com\/wp-content\/uploads\/2025\/08\/ADAMII\u2122-CD34.jpg","datePublished":"2025-08-18T12:53:48+00:00","dateModified":"2025-12-17T07:36:36+00:00","description":"ADAMII\u2122 CD34 \u2013 thi\u1ebft b\u1ecb \u0111\u1ebfm t\u1ebf b\u00e0o g\u1ed1c CD34\u207a t\u1ef1 \u0111\u1ed9ng, \u0111\u1ed9 ch\u00ednh x\u00e1c t\u01b0\u01a1ng \u0111\u01b0\u01a1ng Flow Cytometry, FDA & CE ch\u1ee9ng nh\u1eadn, t\u1ed1i \u01b0u cho ng\u00e2n h\u00e0ng m\u00e1u & ph\u00f2ng QC.","breadcrumb":{"@id":"https:\/\/biogroupvietnam.com\/en\/product\/adamii-fluorescence-cd34-counter\/#breadcrumb"},"inLanguage":"en-US","potentialAction":[{"@type":"ReadAction","target":["https:\/\/biogroupvietnam.com\/en\/product\/adamii-fluorescence-cd34-counter\/"]}]},{"@type":"ImageObject","inLanguage":"en-US","@id":"https:\/\/biogroupvietnam.com\/en\/product\/adamii-fluorescence-cd34-counter\/#primaryimage","url":"https:\/\/biogroupvietnam.com\/wp-content\/uploads\/2025\/08\/ADAMII\u2122-CD34.jpg","contentUrl":"https:\/\/biogroupvietnam.com\/wp-content\/uploads\/2025\/08\/ADAMII\u2122-CD34.jpg","width":1640,"height":1260},{"@type":"BreadcrumbList","@id":"https:\/\/biogroupvietnam.com\/en\/product\/adamii-fluorescence-cd34-counter\/#breadcrumb","itemListElement":[{"@type":"ListItem","position":1,"name":"Biogroup Vietnam | End-to-End Biotechnology Solutions","item":"https:\/\/biogroupvietnam.com\/vi\/"},{"@type":"ListItem","position":2,"name":"Product","item":"https:\/\/biogroupvietnam.com\/vi\/san-pham\/"},{"@type":"ListItem","position":3,"name":"Bioassays","item":"https:\/\/biogroupvietnam.com\/vi\/danh-muc-san-pham\/xet-nghiem-sinh-hoc\/"},{"@type":"ListItem","position":4,"name":"CD34 Cell Counter","item":"https:\/\/biogroupvietnam.com\/vi\/danh-muc-san-pham\/dem-te-bao-cd34\/"},{"@type":"ListItem","position":5,"name":"ADAM\u2161 - Fluorescence CD34 Counter"}]},{"@type":"WebSite","@id":"https:\/\/biogroupvietnam.com\/en\/vi\/#website","url":"https:\/\/biogroupvietnam.com\/en\/vi\/","name":"Biogroup Vietnam","description":"Biogroup Vietnam cung c\u1ea5p d\u1ecbch v\u1ee5 k\u1ef9 thu\u1eadt c\u00f9ng thi\u1ebft b\u1ecb, v\u1eadt t\u01b0, h\u00f3a ch\u1ea5t v\u00e0 gi\u1ea3i ph\u00e1p sinh h\u1ecdc cho ph\u00f2ng th\u00ed nghi\u1ec7m c\u00f4ng ngh\u1ec7 sinh h\u1ecdc, y sinh v\u00e0 y h\u1ecdc t\u00e1i t\u1ea1o.","potentialAction":[{"@type":"SearchAction","target":{"@type":"EntryPoint","urlTemplate":"https:\/\/biogroupvietnam.com\/en\/vi\/?s={search_term_string}"},"query-input":{"@type":"PropertyValueSpecification","valueRequired":true,"valueName":"search_term_string"}}],"inLanguage":"en-US"}]}},"_links":{"self":[{"href":"https:\/\/biogroupvietnam.com\/en\/wp-json\/wp\/v2\/product\/3842","targetHints":{"allow":["GET"]}}],"collection":[{"href":"https:\/\/biogroupvietnam.com\/en\/wp-json\/wp\/v2\/product"}],"about":[{"href":"https:\/\/biogroupvietnam.com\/en\/wp-json\/wp\/v2\/types\/product"}],"replies":[{"embeddable":true,"href":"https:\/\/biogroupvietnam.com\/en\/wp-json\/wp\/v2\/comments?post=3842"}],"version-history":[{"count":8,"href":"https:\/\/biogroupvietnam.com\/en\/wp-json\/wp\/v2\/product\/3842\/revisions"}],"predecessor-version":[{"id":8648,"href":"https:\/\/biogroupvietnam.com\/en\/wp-json\/wp\/v2\/product\/3842\/revisions\/8648"}],"wp:featuredmedia":[{"embeddable":true,"href":"https:\/\/biogroupvietnam.com\/en\/wp-json\/wp\/v2\/media\/8968"}],"wp:attachment":[{"href":"https:\/\/biogroupvietnam.com\/en\/wp-json\/wp\/v2\/media?parent=3842"}],"wp:term":[{"taxonomy":"product_brand","embeddable":true,"href":"https:\/\/biogroupvietnam.com\/en\/wp-json\/wp\/v2\/product_brand?post=3842"},{"taxonomy":"product_cat","embeddable":true,"href":"https:\/\/biogroupvietnam.com\/en\/wp-json\/wp\/v2\/product_cat?post=3842"},{"taxonomy":"product_tag","embeddable":true,"href":"https:\/\/biogroupvietnam.com\/en\/wp-json\/wp\/v2\/product_tag?post=3842"}],"curies":[{"name":"wp","href":"https:\/\/api.w.org\/{rel}","templated":true}]}}