{"id":3844,"date":"2025-08-18T19:53:49","date_gmt":"2025-08-18T12:53:49","guid":{"rendered":"http:\/\/biogroupvietnam-worldpress.local\/product\/import-placeholder-for-146\/"},"modified":"2026-04-03T16:46:38","modified_gmt":"2026-04-03T09:46:38","slug":"human-cord-blood-cd34-cells-frozen","status":"publish","type":"product","link":"https:\/\/biogroupvietnam.com\/en\/product\/human-cord-blood-cd34-cells-frozen\/","title":{"rendered":"Human Cord Blood CD34+ Cells, Frozen"},"content":{"rendered":"<p><a href=\"https:\/\/www.stemcell.com\/products\/human-cord-blood-cd34-cells-frozen.html\">Human Cord Blood CD34+ Cells, Frozen<\/a> is primary human cells, frozen<\/p>\n","protected":false},"excerpt":{"rendered":"<p>Human Cord Blood CD34+ Cells, Frozen is primary human cells, frozen<\/p>\n","protected":false},"featured_media":10183,"comment_status":"closed","ping_status":"closed","template":"","meta":{"_acf_changed":false},"product_brand":[127],"product_cat":[170],"product_tag":[],"class_list":{"0":"post-3844","1":"product","2":"type-product","3":"status-publish","4":"has-post-thumbnail","6":"product_brand-stemcell-technologies","7":"product_cat-cell-line","9":"first","10":"outofstock","11":"shipping-taxable","12":"product-type-simple"},"acf":[],"yoast_head":"<!-- This site is optimized with the Yoast SEO plugin v26.8 - https:\/\/yoast.com\/product\/yoast-seo-wordpress\/ -->\n<title>Human Cord Blood CD34+ Cells, Frozen<\/title>\n<meta name=\"description\" content=\"Human Cord Blood CD34+ Cells, Frozen is primary human cells, frozen\" \/>\n<meta name=\"robots\" content=\"index, follow, max-snippet:-1, max-image-preview:large, max-video-preview:-1\" \/>\n<link rel=\"canonical\" href=\"http:\/\/Human%20Cord%20Blood%20CD34%20%20Cells,%20Frozen%20is%20primary%20human%20cells,%20frozen\" \/>\n<meta property=\"og:locale\" content=\"en_US\" \/>\n<meta property=\"og:type\" content=\"article\" \/>\n<meta property=\"og:title\" content=\"Human Cord Blood CD34+ Cells, Frozen\" \/>\n<meta property=\"og:description\" content=\"Human Cord Blood CD34+ Cells, Frozen is primary human cells, frozen\" \/>\n<meta property=\"og:url\" content=\"https:\/\/biogroupvietnam.com\/en\/product\/human-cord-blood-cd34-cells-frozen\/\" \/>\n<meta property=\"og:site_name\" content=\"Biogroup Vietnam\" \/>\n<meta property=\"article:modified_time\" content=\"2026-04-03T09:46:38+00:00\" \/>\n<meta property=\"og:image\" content=\"https:\/\/biogroupvietnam.com\/wp-content\/uploads\/2025\/08\/te-bao-cd34-dong-lanh-thu-nhan-tu-mau-day-ron-nguoi-1.jpg\" \/>\n\t<meta property=\"og:image:width\" content=\"1640\" \/>\n\t<meta property=\"og:image:height\" content=\"1260\" \/>\n\t<meta property=\"og:image:type\" content=\"image\/jpeg\" \/>\n<meta name=\"twitter:card\" content=\"summary_large_image\" \/>\n<meta name=\"twitter:label1\" content=\"Est. reading time\" \/>\n\t<meta name=\"twitter:data1\" content=\"3 minutes\" \/>\n<script type=\"application\/ld+json\" class=\"yoast-schema-graph\">{\"@context\":\"https:\/\/schema.org\",\"@graph\":[{\"@type\":\"WebPage\",\"@id\":\"https:\/\/biogroupvietnam.com\/en\/product\/human-cord-blood-cd34-cells-frozen\/\",\"url\":\"https:\/\/biogroupvietnam.com\/en\/product\/human-cord-blood-cd34-cells-frozen\/\",\"name\":\"T\u1ebf B\u00e0o CD34+ \u0110\u00f4ng L\u1ea1nh Thu Nh\u1eadn T\u1eeb M\u00e1u D\u00e2y R\u1ed1n Ng\u01b0\u1eddi\",\"isPartOf\":{\"@id\":\"https:\/\/biogroupvietnam.com\/vi\/#website\"},\"primaryImageOfPage\":{\"@id\":\"https:\/\/biogroupvietnam.com\/en\/product\/human-cord-blood-cd34-cells-frozen\/#primaryimage\"},\"image\":{\"@id\":\"https:\/\/biogroupvietnam.com\/en\/product\/human-cord-blood-cd34-cells-frozen\/#primaryimage\"},\"thumbnailUrl\":\"https:\/\/biogroupvietnam.com\/wp-content\/uploads\/2025\/08\/te-bao-cd34-dong-lanh-thu-nhan-tu-mau-day-ron-nguoi-1.jpg\",\"datePublished\":\"2025-08-18T12:53:49+00:00\",\"dateModified\":\"2026-04-03T09:46:38+00:00\",\"description\":\"D\u00f2ng t\u1ebf b\u00e0o ng\u01b0\u1eddi CD34+ s\u01a1 c\u1ea5p \u0111\u00e3 \u0111\u01b0\u1ee3c \u0111\u00f4ng l\u1ea1nh t\u1eeb m\u00e1u d\u00e2y r\u1ed1n.\",\"breadcrumb\":{\"@id\":\"https:\/\/biogroupvietnam.com\/en\/product\/human-cord-blood-cd34-cells-frozen\/#breadcrumb\"},\"inLanguage\":\"en-US\",\"potentialAction\":[{\"@type\":\"ReadAction\",\"target\":[\"https:\/\/biogroupvietnam.com\/en\/product\/human-cord-blood-cd34-cells-frozen\/\"]}]},{\"@type\":\"ImageObject\",\"inLanguage\":\"en-US\",\"@id\":\"https:\/\/biogroupvietnam.com\/en\/product\/human-cord-blood-cd34-cells-frozen\/#primaryimage\",\"url\":\"https:\/\/biogroupvietnam.com\/wp-content\/uploads\/2025\/08\/te-bao-cd34-dong-lanh-thu-nhan-tu-mau-day-ron-nguoi-1.jpg\",\"contentUrl\":\"https:\/\/biogroupvietnam.com\/wp-content\/uploads\/2025\/08\/te-bao-cd34-dong-lanh-thu-nhan-tu-mau-day-ron-nguoi-1.jpg\",\"width\":1640,\"height\":1260,\"caption\":\"T\u1ebf B\u00e0o CD34+ \u0110\u00f4ng L\u1ea1nh Thu Nh\u1eadn T\u1eeb M\u00e1u D\u00e2y R\u1ed1n Ng\u01b0\u1eddi\"},{\"@type\":\"BreadcrumbList\",\"@id\":\"https:\/\/biogroupvietnam.com\/en\/product\/human-cord-blood-cd34-cells-frozen\/#breadcrumb\",\"itemListElement\":[{\"@type\":\"ListItem\",\"position\":1,\"name\":\"Biogroup Vietnam | End-to-End Biotechnology Solutions\",\"item\":\"https:\/\/biogroupvietnam.com\/vi\/\"},{\"@type\":\"ListItem\",\"position\":2,\"name\":\"Product\",\"item\":\"https:\/\/biogroupvietnam.com\/vi\/san-pham\/\"},{\"@type\":\"ListItem\",\"position\":3,\"name\":\"Cell Culture\",\"item\":\"https:\/\/biogroupvietnam.com\/vi\/danh-muc-san-pham\/nuoi-cay-te-bao\/\"},{\"@type\":\"ListItem\",\"position\":4,\"name\":\"Cell line\",\"item\":\"https:\/\/biogroupvietnam.com\/vi\/danh-muc-san-pham\/dong-te-bao\/\"},{\"@type\":\"ListItem\",\"position\":5,\"name\":\"Human Cord Blood CD34+ Cells, Frozen\"}]},{\"@type\":\"WebSite\",\"@id\":\"https:\/\/biogroupvietnam.com\/en\/vi\/#website\",\"url\":\"https:\/\/biogroupvietnam.com\/en\/vi\/\",\"name\":\"Biogroup Vietnam\",\"description\":\"Biogroup Vietnam cung c\u1ea5p d\u1ecbch v\u1ee5 k\u1ef9 thu\u1eadt c\u00f9ng thi\u1ebft b\u1ecb, v\u1eadt t\u01b0, h\u00f3a ch\u1ea5t v\u00e0 gi\u1ea3i ph\u00e1p sinh h\u1ecdc cho ph\u00f2ng th\u00ed nghi\u1ec7m c\u00f4ng ngh\u1ec7 sinh h\u1ecdc, y sinh v\u00e0 y h\u1ecdc t\u00e1i t\u1ea1o.\",\"potentialAction\":[{\"@type\":\"SearchAction\",\"target\":{\"@type\":\"EntryPoint\",\"urlTemplate\":\"https:\/\/biogroupvietnam.com\/en\/vi\/?s={search_term_string}\"},\"query-input\":{\"@type\":\"PropertyValueSpecification\",\"valueRequired\":true,\"valueName\":\"search_term_string\"}}],\"inLanguage\":\"en-US\"}]}<\/script>\n<!-- \/ Yoast SEO plugin. -->","yoast_head_json":{"title":"Human Cord Blood CD34+ Cells, Frozen","description":"Human Cord Blood CD34+ Cells, Frozen is primary human cells, frozen","robots":{"index":"index","follow":"follow","max-snippet":"max-snippet:-1","max-image-preview":"max-image-preview:large","max-video-preview":"max-video-preview:-1"},"canonical":"Human Cord Blood CD34  Cells, Frozen is primary human cells, frozen","og_locale":"en_US","og_type":"article","og_title":"Human Cord Blood CD34+ Cells, Frozen","og_description":"Human Cord Blood CD34+ Cells, Frozen is primary human cells, frozen","og_url":"https:\/\/biogroupvietnam.com\/en\/product\/human-cord-blood-cd34-cells-frozen\/","og_site_name":"Biogroup Vietnam","article_modified_time":"2026-04-03T09:46:38+00:00","og_image":[{"width":1640,"height":1260,"url":"https:\/\/biogroupvietnam.com\/wp-content\/uploads\/2025\/08\/te-bao-cd34-dong-lanh-thu-nhan-tu-mau-day-ron-nguoi-1.jpg","type":"image\/jpeg"}],"twitter_card":"summary_large_image","twitter_misc":{"Est. reading time":"3 minutes"},"schema":{"@context":"https:\/\/schema.org","@graph":[{"@type":"WebPage","@id":"https:\/\/biogroupvietnam.com\/en\/product\/human-cord-blood-cd34-cells-frozen\/","url":"https:\/\/biogroupvietnam.com\/en\/product\/human-cord-blood-cd34-cells-frozen\/","name":"T\u1ebf B\u00e0o CD34+ \u0110\u00f4ng L\u1ea1nh Thu Nh\u1eadn T\u1eeb M\u00e1u D\u00e2y R\u1ed1n Ng\u01b0\u1eddi","isPartOf":{"@id":"https:\/\/biogroupvietnam.com\/vi\/#website"},"primaryImageOfPage":{"@id":"https:\/\/biogroupvietnam.com\/en\/product\/human-cord-blood-cd34-cells-frozen\/#primaryimage"},"image":{"@id":"https:\/\/biogroupvietnam.com\/en\/product\/human-cord-blood-cd34-cells-frozen\/#primaryimage"},"thumbnailUrl":"https:\/\/biogroupvietnam.com\/wp-content\/uploads\/2025\/08\/te-bao-cd34-dong-lanh-thu-nhan-tu-mau-day-ron-nguoi-1.jpg","datePublished":"2025-08-18T12:53:49+00:00","dateModified":"2026-04-03T09:46:38+00:00","description":"D\u00f2ng t\u1ebf b\u00e0o ng\u01b0\u1eddi CD34+ s\u01a1 c\u1ea5p \u0111\u00e3 \u0111\u01b0\u1ee3c \u0111\u00f4ng l\u1ea1nh t\u1eeb m\u00e1u d\u00e2y r\u1ed1n.","breadcrumb":{"@id":"https:\/\/biogroupvietnam.com\/en\/product\/human-cord-blood-cd34-cells-frozen\/#breadcrumb"},"inLanguage":"en-US","potentialAction":[{"@type":"ReadAction","target":["https:\/\/biogroupvietnam.com\/en\/product\/human-cord-blood-cd34-cells-frozen\/"]}]},{"@type":"ImageObject","inLanguage":"en-US","@id":"https:\/\/biogroupvietnam.com\/en\/product\/human-cord-blood-cd34-cells-frozen\/#primaryimage","url":"https:\/\/biogroupvietnam.com\/wp-content\/uploads\/2025\/08\/te-bao-cd34-dong-lanh-thu-nhan-tu-mau-day-ron-nguoi-1.jpg","contentUrl":"https:\/\/biogroupvietnam.com\/wp-content\/uploads\/2025\/08\/te-bao-cd34-dong-lanh-thu-nhan-tu-mau-day-ron-nguoi-1.jpg","width":1640,"height":1260,"caption":"T\u1ebf B\u00e0o CD34+ \u0110\u00f4ng L\u1ea1nh Thu Nh\u1eadn T\u1eeb M\u00e1u D\u00e2y R\u1ed1n Ng\u01b0\u1eddi"},{"@type":"BreadcrumbList","@id":"https:\/\/biogroupvietnam.com\/en\/product\/human-cord-blood-cd34-cells-frozen\/#breadcrumb","itemListElement":[{"@type":"ListItem","position":1,"name":"Biogroup Vietnam | End-to-End Biotechnology Solutions","item":"https:\/\/biogroupvietnam.com\/vi\/"},{"@type":"ListItem","position":2,"name":"Product","item":"https:\/\/biogroupvietnam.com\/vi\/san-pham\/"},{"@type":"ListItem","position":3,"name":"Cell Culture","item":"https:\/\/biogroupvietnam.com\/vi\/danh-muc-san-pham\/nuoi-cay-te-bao\/"},{"@type":"ListItem","position":4,"name":"Cell line","item":"https:\/\/biogroupvietnam.com\/vi\/danh-muc-san-pham\/dong-te-bao\/"},{"@type":"ListItem","position":5,"name":"Human Cord Blood CD34+ Cells, Frozen"}]},{"@type":"WebSite","@id":"https:\/\/biogroupvietnam.com\/en\/vi\/#website","url":"https:\/\/biogroupvietnam.com\/en\/vi\/","name":"Biogroup Vietnam","description":"Biogroup Vietnam cung c\u1ea5p d\u1ecbch v\u1ee5 k\u1ef9 thu\u1eadt c\u00f9ng thi\u1ebft b\u1ecb, v\u1eadt t\u01b0, h\u00f3a ch\u1ea5t v\u00e0 gi\u1ea3i ph\u00e1p sinh h\u1ecdc cho ph\u00f2ng th\u00ed nghi\u1ec7m c\u00f4ng ngh\u1ec7 sinh h\u1ecdc, y sinh v\u00e0 y h\u1ecdc t\u00e1i t\u1ea1o.","potentialAction":[{"@type":"SearchAction","target":{"@type":"EntryPoint","urlTemplate":"https:\/\/biogroupvietnam.com\/en\/vi\/?s={search_term_string}"},"query-input":{"@type":"PropertyValueSpecification","valueRequired":true,"valueName":"search_term_string"}}],"inLanguage":"en-US"}]}},"_links":{"self":[{"href":"https:\/\/biogroupvietnam.com\/en\/wp-json\/wp\/v2\/product\/3844","targetHints":{"allow":["GET"]}}],"collection":[{"href":"https:\/\/biogroupvietnam.com\/en\/wp-json\/wp\/v2\/product"}],"about":[{"href":"https:\/\/biogroupvietnam.com\/en\/wp-json\/wp\/v2\/types\/product"}],"replies":[{"embeddable":true,"href":"https:\/\/biogroupvietnam.com\/en\/wp-json\/wp\/v2\/comments?post=3844"}],"version-history":[{"count":5,"href":"https:\/\/biogroupvietnam.com\/en\/wp-json\/wp\/v2\/product\/3844\/revisions"}],"predecessor-version":[{"id":9822,"href":"https:\/\/biogroupvietnam.com\/en\/wp-json\/wp\/v2\/product\/3844\/revisions\/9822"}],"wp:featuredmedia":[{"embeddable":true,"href":"https:\/\/biogroupvietnam.com\/en\/wp-json\/wp\/v2\/media\/10183"}],"wp:attachment":[{"href":"https:\/\/biogroupvietnam.com\/en\/wp-json\/wp\/v2\/media?parent=3844"}],"wp:term":[{"taxonomy":"product_brand","embeddable":true,"href":"https:\/\/biogroupvietnam.com\/en\/wp-json\/wp\/v2\/product_brand?post=3844"},{"taxonomy":"product_cat","embeddable":true,"href":"https:\/\/biogroupvietnam.com\/en\/wp-json\/wp\/v2\/product_cat?post=3844"},{"taxonomy":"product_tag","embeddable":true,"href":"https:\/\/biogroupvietnam.com\/en\/wp-json\/wp\/v2\/product_tag?post=3844"}],"curies":[{"name":"wp","href":"https:\/\/api.w.org\/{rel}","templated":true}]}}