{"id":3845,"date":"2025-08-18T19:53:49","date_gmt":"2025-08-18T12:53:49","guid":{"rendered":"http:\/\/biogroupvietnam-worldpress.local\/product\/import-placeholder-for-147\/"},"modified":"2026-04-02T15:43:16","modified_gmt":"2026-04-02T08:43:16","slug":"bloodstor-100","status":"publish","type":"product","link":"https:\/\/biogroupvietnam.com\/en\/product\/bloodstor-100\/","title":{"rendered":"BloodStor\u00ae 100"},"content":{"rendered":"<p><a href=\"https:\/\/www.stemcell.com\/products\/bloodstor-100.html\">BloodStor\u00ae 100<\/a> is a biopreservation reagent for cells and tissues.<\/p>\n","protected":false},"excerpt":{"rendered":"<p>BloodStor\u00ae 100 is a biopreservation reagent for cells and tissues.<\/p>\n","protected":false},"featured_media":10172,"comment_status":"closed","ping_status":"closed","template":"","meta":{"_acf_changed":false},"product_brand":[127],"product_cat":[103],"product_tag":[],"class_list":{"0":"post-3845","1":"product","2":"type-product","3":"status-publish","4":"has-post-thumbnail","6":"product_brand-stemcell-technologies","7":"product_cat-cell-storage-media","9":"first","10":"outofstock","11":"shipping-taxable","12":"product-type-simple"},"acf":[],"yoast_head":"<!-- This site is optimized with the Yoast SEO plugin v26.8 - https:\/\/yoast.com\/product\/yoast-seo-wordpress\/ -->\n<title>BloodStor\u00ae 100<\/title>\n<meta name=\"description\" content=\"BloodStor\u00ae 100 is a biopreservation reagent for cells and tissues.\" \/>\n<meta name=\"robots\" content=\"index, follow, max-snippet:-1, max-image-preview:large, max-video-preview:-1\" \/>\n<link rel=\"canonical\" href=\"http:\/\/BloodStor\u00ae%20100%20is%20a%20biopreservation%20reagent%20for%20cells%20and%20tissues.\" \/>\n<meta property=\"og:locale\" content=\"en_US\" \/>\n<meta property=\"og:type\" content=\"article\" \/>\n<meta property=\"og:title\" content=\"BloodStor\u00ae 100\" \/>\n<meta property=\"og:description\" content=\"BloodStor\u00ae 100 is a biopreservation reagent for cells and tissues.\" \/>\n<meta property=\"og:url\" content=\"https:\/\/biogroupvietnam.com\/en\/product\/bloodstor-100\/\" \/>\n<meta property=\"og:site_name\" content=\"Biogroup Vietnam\" \/>\n<meta property=\"article:modified_time\" content=\"2026-04-02T08:43:16+00:00\" \/>\n<meta property=\"og:image\" content=\"https:\/\/biogroupvietnam.com\/wp-content\/uploads\/2025\/08\/bloodstor-100.jpg\" \/>\n\t<meta property=\"og:image:width\" content=\"1640\" \/>\n\t<meta property=\"og:image:height\" content=\"1260\" \/>\n\t<meta property=\"og:image:type\" content=\"image\/jpeg\" \/>\n<meta name=\"twitter:card\" content=\"summary_large_image\" \/>\n<meta name=\"twitter:label1\" content=\"Est. reading time\" \/>\n\t<meta name=\"twitter:data1\" content=\"2 minutes\" \/>\n<script type=\"application\/ld+json\" class=\"yoast-schema-graph\">{\"@context\":\"https:\/\/schema.org\",\"@graph\":[{\"@type\":\"WebPage\",\"@id\":\"https:\/\/biogroupvietnam.com\/en\/product\/bloodstor-100\/\",\"url\":\"https:\/\/biogroupvietnam.com\/en\/product\/bloodstor-100\/\",\"name\":\"M\u00f4i Tr\u01b0\u1eddng B\u1ea3o Qu\u1ea3n T\u1ebf B\u00e0o BloodStor\u00ae 100\",\"isPartOf\":{\"@id\":\"https:\/\/biogroupvietnam.com\/vi\/#website\"},\"primaryImageOfPage\":{\"@id\":\"https:\/\/biogroupvietnam.com\/en\/product\/bloodstor-100\/#primaryimage\"},\"image\":{\"@id\":\"https:\/\/biogroupvietnam.com\/en\/product\/bloodstor-100\/#primaryimage\"},\"thumbnailUrl\":\"https:\/\/biogroupvietnam.com\/wp-content\/uploads\/2025\/08\/bloodstor-100.jpg\",\"datePublished\":\"2025-08-18T12:53:49+00:00\",\"dateModified\":\"2026-04-02T08:43:16+00:00\",\"description\":\"BloodStor\u00ae l\u00e0 m\u1ed9t lo\u1ea1t c\u00e1c s\u1ea3n ph\u1ea9m m\u00f4i tr\u01b0\u1eddng \u0111\u00f4ng l\u1ea1nh cGMP chung \u0111\u01b0\u1ee3c s\u1eed d\u1ee5ng \u0111\u1ec3 b\u1ea3o qu\u1ea3n l\u1ea1nh c\u00e1c t\u1ebf b\u00e0o g\u1ed1c, c\u00e1c t\u1ebf b\u00e0o kh\u00e1c \u0111\u01b0\u1ee3c ph\u00e2n t\u00e1ch t\u1eeb m\u00e1u cu\u1ed1ng r\u1ed1n, m\u00e1u ngo\u1ea1i vi, t\u1ee7y x\u01b0\u01a1ng v\u00e0 c\u00e1c sinh h\u1ecdc kh\u00e1c.\",\"breadcrumb\":{\"@id\":\"https:\/\/biogroupvietnam.com\/en\/product\/bloodstor-100\/#breadcrumb\"},\"inLanguage\":\"en-US\",\"potentialAction\":[{\"@type\":\"ReadAction\",\"target\":[\"https:\/\/biogroupvietnam.com\/en\/product\/bloodstor-100\/\"]}]},{\"@type\":\"ImageObject\",\"inLanguage\":\"en-US\",\"@id\":\"https:\/\/biogroupvietnam.com\/en\/product\/bloodstor-100\/#primaryimage\",\"url\":\"https:\/\/biogroupvietnam.com\/wp-content\/uploads\/2025\/08\/bloodstor-100.jpg\",\"contentUrl\":\"https:\/\/biogroupvietnam.com\/wp-content\/uploads\/2025\/08\/bloodstor-100.jpg\",\"width\":1640,\"height\":1260,\"caption\":\"M\u00f4i Tr\u01b0\u1eddng B\u1ea3o Qu\u1ea3n T\u1ebf B\u00e0o BloodStor\u00ae 100\"},{\"@type\":\"BreadcrumbList\",\"@id\":\"https:\/\/biogroupvietnam.com\/en\/product\/bloodstor-100\/#breadcrumb\",\"itemListElement\":[{\"@type\":\"ListItem\",\"position\":1,\"name\":\"Biogroup Vietnam | End-to-End Biotechnology Solutions\",\"item\":\"https:\/\/biogroupvietnam.com\/vi\/\"},{\"@type\":\"ListItem\",\"position\":2,\"name\":\"Product\",\"item\":\"https:\/\/biogroupvietnam.com\/vi\/san-pham\/\"},{\"@type\":\"ListItem\",\"position\":3,\"name\":\"Cellular Cryopreservation\",\"item\":\"https:\/\/biogroupvietnam.com\/vi\/danh-muc-san-pham\/bao-quan-lanh-te-bao\/\"},{\"@type\":\"ListItem\",\"position\":4,\"name\":\"Cell Storage Media\",\"item\":\"https:\/\/biogroupvietnam.com\/vi\/danh-muc-san-pham\/moi-truong-bao-quan-te-bao\/\"},{\"@type\":\"ListItem\",\"position\":5,\"name\":\"BloodStor\u00ae 100\"}]},{\"@type\":\"WebSite\",\"@id\":\"https:\/\/biogroupvietnam.com\/en\/vi\/#website\",\"url\":\"https:\/\/biogroupvietnam.com\/en\/vi\/\",\"name\":\"Biogroup Vietnam\",\"description\":\"Biogroup Vietnam cung c\u1ea5p d\u1ecbch v\u1ee5 k\u1ef9 thu\u1eadt c\u00f9ng thi\u1ebft b\u1ecb, v\u1eadt t\u01b0, h\u00f3a ch\u1ea5t v\u00e0 gi\u1ea3i ph\u00e1p sinh h\u1ecdc cho ph\u00f2ng th\u00ed nghi\u1ec7m c\u00f4ng ngh\u1ec7 sinh h\u1ecdc, y sinh v\u00e0 y h\u1ecdc t\u00e1i t\u1ea1o.\",\"potentialAction\":[{\"@type\":\"SearchAction\",\"target\":{\"@type\":\"EntryPoint\",\"urlTemplate\":\"https:\/\/biogroupvietnam.com\/en\/vi\/?s={search_term_string}\"},\"query-input\":{\"@type\":\"PropertyValueSpecification\",\"valueRequired\":true,\"valueName\":\"search_term_string\"}}],\"inLanguage\":\"en-US\"}]}<\/script>\n<!-- \/ Yoast SEO plugin. -->","yoast_head_json":{"title":"BloodStor\u00ae 100","description":"BloodStor\u00ae 100 is a biopreservation reagent for cells and tissues.","robots":{"index":"index","follow":"follow","max-snippet":"max-snippet:-1","max-image-preview":"max-image-preview:large","max-video-preview":"max-video-preview:-1"},"canonical":"BloodStor\u00ae 100 is a biopreservation reagent for cells and tissues.","og_locale":"en_US","og_type":"article","og_title":"BloodStor\u00ae 100","og_description":"BloodStor\u00ae 100 is a biopreservation reagent for cells and tissues.","og_url":"https:\/\/biogroupvietnam.com\/en\/product\/bloodstor-100\/","og_site_name":"Biogroup Vietnam","article_modified_time":"2026-04-02T08:43:16+00:00","og_image":[{"width":1640,"height":1260,"url":"https:\/\/biogroupvietnam.com\/wp-content\/uploads\/2025\/08\/bloodstor-100.jpg","type":"image\/jpeg"}],"twitter_card":"summary_large_image","twitter_misc":{"Est. reading time":"2 minutes"},"schema":{"@context":"https:\/\/schema.org","@graph":[{"@type":"WebPage","@id":"https:\/\/biogroupvietnam.com\/en\/product\/bloodstor-100\/","url":"https:\/\/biogroupvietnam.com\/en\/product\/bloodstor-100\/","name":"M\u00f4i Tr\u01b0\u1eddng B\u1ea3o Qu\u1ea3n T\u1ebf B\u00e0o BloodStor\u00ae 100","isPartOf":{"@id":"https:\/\/biogroupvietnam.com\/vi\/#website"},"primaryImageOfPage":{"@id":"https:\/\/biogroupvietnam.com\/en\/product\/bloodstor-100\/#primaryimage"},"image":{"@id":"https:\/\/biogroupvietnam.com\/en\/product\/bloodstor-100\/#primaryimage"},"thumbnailUrl":"https:\/\/biogroupvietnam.com\/wp-content\/uploads\/2025\/08\/bloodstor-100.jpg","datePublished":"2025-08-18T12:53:49+00:00","dateModified":"2026-04-02T08:43:16+00:00","description":"BloodStor\u00ae l\u00e0 m\u1ed9t lo\u1ea1t c\u00e1c s\u1ea3n ph\u1ea9m m\u00f4i tr\u01b0\u1eddng \u0111\u00f4ng l\u1ea1nh cGMP chung \u0111\u01b0\u1ee3c s\u1eed d\u1ee5ng \u0111\u1ec3 b\u1ea3o qu\u1ea3n l\u1ea1nh c\u00e1c t\u1ebf b\u00e0o g\u1ed1c, c\u00e1c t\u1ebf b\u00e0o kh\u00e1c \u0111\u01b0\u1ee3c ph\u00e2n t\u00e1ch t\u1eeb m\u00e1u cu\u1ed1ng r\u1ed1n, m\u00e1u ngo\u1ea1i vi, t\u1ee7y x\u01b0\u01a1ng v\u00e0 c\u00e1c sinh h\u1ecdc kh\u00e1c.","breadcrumb":{"@id":"https:\/\/biogroupvietnam.com\/en\/product\/bloodstor-100\/#breadcrumb"},"inLanguage":"en-US","potentialAction":[{"@type":"ReadAction","target":["https:\/\/biogroupvietnam.com\/en\/product\/bloodstor-100\/"]}]},{"@type":"ImageObject","inLanguage":"en-US","@id":"https:\/\/biogroupvietnam.com\/en\/product\/bloodstor-100\/#primaryimage","url":"https:\/\/biogroupvietnam.com\/wp-content\/uploads\/2025\/08\/bloodstor-100.jpg","contentUrl":"https:\/\/biogroupvietnam.com\/wp-content\/uploads\/2025\/08\/bloodstor-100.jpg","width":1640,"height":1260,"caption":"M\u00f4i Tr\u01b0\u1eddng B\u1ea3o Qu\u1ea3n T\u1ebf B\u00e0o BloodStor\u00ae 100"},{"@type":"BreadcrumbList","@id":"https:\/\/biogroupvietnam.com\/en\/product\/bloodstor-100\/#breadcrumb","itemListElement":[{"@type":"ListItem","position":1,"name":"Biogroup Vietnam | End-to-End Biotechnology Solutions","item":"https:\/\/biogroupvietnam.com\/vi\/"},{"@type":"ListItem","position":2,"name":"Product","item":"https:\/\/biogroupvietnam.com\/vi\/san-pham\/"},{"@type":"ListItem","position":3,"name":"Cellular Cryopreservation","item":"https:\/\/biogroupvietnam.com\/vi\/danh-muc-san-pham\/bao-quan-lanh-te-bao\/"},{"@type":"ListItem","position":4,"name":"Cell Storage Media","item":"https:\/\/biogroupvietnam.com\/vi\/danh-muc-san-pham\/moi-truong-bao-quan-te-bao\/"},{"@type":"ListItem","position":5,"name":"BloodStor\u00ae 100"}]},{"@type":"WebSite","@id":"https:\/\/biogroupvietnam.com\/en\/vi\/#website","url":"https:\/\/biogroupvietnam.com\/en\/vi\/","name":"Biogroup Vietnam","description":"Biogroup Vietnam cung c\u1ea5p d\u1ecbch v\u1ee5 k\u1ef9 thu\u1eadt c\u00f9ng thi\u1ebft b\u1ecb, v\u1eadt t\u01b0, h\u00f3a ch\u1ea5t v\u00e0 gi\u1ea3i ph\u00e1p sinh h\u1ecdc cho ph\u00f2ng th\u00ed nghi\u1ec7m c\u00f4ng ngh\u1ec7 sinh h\u1ecdc, y sinh v\u00e0 y h\u1ecdc t\u00e1i t\u1ea1o.","potentialAction":[{"@type":"SearchAction","target":{"@type":"EntryPoint","urlTemplate":"https:\/\/biogroupvietnam.com\/en\/vi\/?s={search_term_string}"},"query-input":{"@type":"PropertyValueSpecification","valueRequired":true,"valueName":"search_term_string"}}],"inLanguage":"en-US"}]}},"_links":{"self":[{"href":"https:\/\/biogroupvietnam.com\/en\/wp-json\/wp\/v2\/product\/3845","targetHints":{"allow":["GET"]}}],"collection":[{"href":"https:\/\/biogroupvietnam.com\/en\/wp-json\/wp\/v2\/product"}],"about":[{"href":"https:\/\/biogroupvietnam.com\/en\/wp-json\/wp\/v2\/types\/product"}],"replies":[{"embeddable":true,"href":"https:\/\/biogroupvietnam.com\/en\/wp-json\/wp\/v2\/comments?post=3845"}],"version-history":[{"count":3,"href":"https:\/\/biogroupvietnam.com\/en\/wp-json\/wp\/v2\/product\/3845\/revisions"}],"predecessor-version":[{"id":10173,"href":"https:\/\/biogroupvietnam.com\/en\/wp-json\/wp\/v2\/product\/3845\/revisions\/10173"}],"wp:featuredmedia":[{"embeddable":true,"href":"https:\/\/biogroupvietnam.com\/en\/wp-json\/wp\/v2\/media\/10172"}],"wp:attachment":[{"href":"https:\/\/biogroupvietnam.com\/en\/wp-json\/wp\/v2\/media?parent=3845"}],"wp:term":[{"taxonomy":"product_brand","embeddable":true,"href":"https:\/\/biogroupvietnam.com\/en\/wp-json\/wp\/v2\/product_brand?post=3845"},{"taxonomy":"product_cat","embeddable":true,"href":"https:\/\/biogroupvietnam.com\/en\/wp-json\/wp\/v2\/product_cat?post=3845"},{"taxonomy":"product_tag","embeddable":true,"href":"https:\/\/biogroupvietnam.com\/en\/wp-json\/wp\/v2\/product_tag?post=3845"}],"curies":[{"name":"wp","href":"https:\/\/api.w.org\/{rel}","templated":true}]}}