{"id":3847,"date":"2025-08-18T19:53:50","date_gmt":"2025-08-18T12:53:50","guid":{"rendered":"http:\/\/biogroupvietnam-worldpress.local\/product\/import-placeholder-for-149\/"},"modified":"2026-01-12T17:09:01","modified_gmt":"2026-01-12T10:09:01","slug":"mve-sc-series","status":"publish","type":"product","link":"https:\/\/biogroupvietnam.com\/en\/product\/mve-sc-series\/","title":{"rendered":"MVE SC Series"},"content":{"rendered":"<h2><a href=\"https:\/\/mvebio.com\/aluminum-dewars\/mve-sc-xc-series\/\">Small Capacity<\/a> (SC) Series Aluminum Dewars Provide Long Term Secure Storage with Low Liquid Nitrogen Consumption in a Convenient Lightweight Package<\/h2>\n","protected":false},"excerpt":{"rendered":"<p>Small Capacity (SC) Series Aluminum Dewars Provide Long Term Secure Storage with Low Liquid Nitrogen Consumption in a Convenient Lightweight Package<\/p>\n","protected":false},"featured_media":9084,"comment_status":"closed","ping_status":"closed","template":"","meta":{"_acf_changed":false},"product_brand":[128],"product_cat":[96],"product_tag":[],"class_list":{"0":"post-3847","1":"product","2":"type-product","3":"status-publish","4":"has-post-thumbnail","6":"product_brand-mve-biological-solutions","7":"product_cat-aluminum-dewars","9":"first","10":"outofstock","11":"shipping-taxable","12":"product-type-simple"},"acf":[],"yoast_head":"<!-- This site is optimized with the Yoast SEO plugin v26.8 - https:\/\/yoast.com\/product\/yoast-seo-wordpress\/ -->\n<title>MVE SC Series<\/title>\n<meta name=\"description\" content=\"Small Capacity (SC) Series Aluminum Dewars Provide Long Term Secure Storage with Low Liquid Nitrogen Consumption in a Convenient Lightweight Package\" \/>\n<meta name=\"robots\" content=\"index, follow, max-snippet:-1, max-image-preview:large, max-video-preview:-1\" \/>\n<link rel=\"canonical\" href=\"http:\/\/Small%20Capacity%20(SC)%20Series%20Aluminum%20Dewars%20Provide%20Long%20Term%20Secure%20Storage%20with%20Low%20Liquid%20Nitrogen%20Consumption%20in%20a%20Convenient%20Lightweight%20Package\" \/>\n<meta property=\"og:locale\" content=\"en_US\" \/>\n<meta property=\"og:type\" content=\"article\" \/>\n<meta property=\"og:title\" content=\"MVE SC Series\" \/>\n<meta property=\"og:description\" content=\"Small Capacity (SC) Series Aluminum Dewars Provide Long Term Secure Storage with Low Liquid Nitrogen Consumption in a Convenient Lightweight Package\" \/>\n<meta property=\"og:url\" content=\"https:\/\/biogroupvietnam.com\/en\/product\/mve-sc-series\/\" \/>\n<meta property=\"og:site_name\" content=\"Biogroup Vietnam\" \/>\n<meta property=\"article:modified_time\" content=\"2026-01-12T10:09:01+00:00\" \/>\n<meta property=\"og:image\" content=\"https:\/\/biogroupvietnam.com\/wp-content\/uploads\/2025\/08\/MVE-SC-Series.jpg\" \/>\n\t<meta property=\"og:image:width\" content=\"1640\" \/>\n\t<meta property=\"og:image:height\" content=\"1260\" \/>\n\t<meta property=\"og:image:type\" content=\"image\/jpeg\" \/>\n<meta name=\"twitter:card\" content=\"summary_large_image\" \/>\n<meta name=\"twitter:label1\" content=\"Est. reading time\" \/>\n\t<meta name=\"twitter:data1\" content=\"4 minutes\" \/>\n<script type=\"application\/ld+json\" class=\"yoast-schema-graph\">{\"@context\":\"https:\/\/schema.org\",\"@graph\":[{\"@type\":\"WebPage\",\"@id\":\"https:\/\/biogroupvietnam.com\/en\/product\/mve-sc-series\/\",\"url\":\"https:\/\/biogroupvietnam.com\/en\/product\/mve-sc-series\/\",\"name\":\"B\u00ecnh Ch\u1ee9a M\u1eabu \u0110\u00f4ng L\u1ea1nh MVE SC Series\",\"isPartOf\":{\"@id\":\"https:\/\/biogroupvietnam.com\/vi\/#website\"},\"primaryImageOfPage\":{\"@id\":\"https:\/\/biogroupvietnam.com\/en\/product\/mve-sc-series\/#primaryimage\"},\"image\":{\"@id\":\"https:\/\/biogroupvietnam.com\/en\/product\/mve-sc-series\/#primaryimage\"},\"thumbnailUrl\":\"https:\/\/biogroupvietnam.com\/wp-content\/uploads\/2025\/08\/MVE-SC-Series.jpg\",\"datePublished\":\"2025-08-18T12:53:50+00:00\",\"dateModified\":\"2026-01-12T10:09:01+00:00\",\"description\":\"B\u00ecnh l\u01b0u tr\u1eef m\u1eabu MVE SC Series c\u00f3 dung t\u00edch nh\u1ecf cung c\u1ea5p kh\u1ea3 n\u0103ng l\u01b0u tr\u1eef an to\u00e0n l\u00e2u d\u00e0i v\u1edbi m\u1ee9c ti\u00eau th\u1ee5 nit\u01a1 l\u1ecfng th\u1ea5p, chuy\u00ean d\u00f9ng tr\u1eef l\u1ea1nh ph\u00f4i, tinh tr\u00f9ng v\u00e0 no\u00e3n, c\u00f3 c\u00f4ng su\u1ea5t l\u01b0u tr\u1eef t\u1eeb 440-879 c\u1ecdng tr\u1eef ph\u00f4i\/ no\u00e3n (straw) v\u00e0 t\u1eeb 150-210 \u1ed1ng vial tr\u1eef l\u1ea1nh (tinh tr\u00f9ng).\",\"breadcrumb\":{\"@id\":\"https:\/\/biogroupvietnam.com\/en\/product\/mve-sc-series\/#breadcrumb\"},\"inLanguage\":\"en-US\",\"potentialAction\":[{\"@type\":\"ReadAction\",\"target\":[\"https:\/\/biogroupvietnam.com\/en\/product\/mve-sc-series\/\"]}]},{\"@type\":\"ImageObject\",\"inLanguage\":\"en-US\",\"@id\":\"https:\/\/biogroupvietnam.com\/en\/product\/mve-sc-series\/#primaryimage\",\"url\":\"https:\/\/biogroupvietnam.com\/wp-content\/uploads\/2025\/08\/MVE-SC-Series.jpg\",\"contentUrl\":\"https:\/\/biogroupvietnam.com\/wp-content\/uploads\/2025\/08\/MVE-SC-Series.jpg\",\"width\":1640,\"height\":1260},{\"@type\":\"BreadcrumbList\",\"@id\":\"https:\/\/biogroupvietnam.com\/en\/product\/mve-sc-series\/#breadcrumb\",\"itemListElement\":[{\"@type\":\"ListItem\",\"position\":1,\"name\":\"Biogroup Vietnam | End-to-End Biotechnology Solutions\",\"item\":\"https:\/\/biogroupvietnam.com\/vi\/\"},{\"@type\":\"ListItem\",\"position\":2,\"name\":\"Product\",\"item\":\"https:\/\/biogroupvietnam.com\/vi\/san-pham\/\"},{\"@type\":\"ListItem\",\"position\":3,\"name\":\"Cellular Cryopreservation\",\"item\":\"https:\/\/biogroupvietnam.com\/vi\/danh-muc-san-pham\/bao-quan-lanh-te-bao\/\"},{\"@type\":\"ListItem\",\"position\":4,\"name\":\"Aluminum Dewars\",\"item\":\"https:\/\/biogroupvietnam.com\/vi\/danh-muc-san-pham\/binh-nhom-tru-mau-trong-nito-long\/\"},{\"@type\":\"ListItem\",\"position\":5,\"name\":\"MVE SC Series\"}]},{\"@type\":\"WebSite\",\"@id\":\"https:\/\/biogroupvietnam.com\/en\/vi\/#website\",\"url\":\"https:\/\/biogroupvietnam.com\/en\/vi\/\",\"name\":\"Biogroup Vietnam\",\"description\":\"Biogroup Vietnam cung c\u1ea5p d\u1ecbch v\u1ee5 k\u1ef9 thu\u1eadt c\u00f9ng thi\u1ebft b\u1ecb, v\u1eadt t\u01b0, h\u00f3a ch\u1ea5t v\u00e0 gi\u1ea3i ph\u00e1p sinh h\u1ecdc cho ph\u00f2ng th\u00ed nghi\u1ec7m c\u00f4ng ngh\u1ec7 sinh h\u1ecdc, y sinh v\u00e0 y h\u1ecdc t\u00e1i t\u1ea1o.\",\"potentialAction\":[{\"@type\":\"SearchAction\",\"target\":{\"@type\":\"EntryPoint\",\"urlTemplate\":\"https:\/\/biogroupvietnam.com\/en\/vi\/?s={search_term_string}\"},\"query-input\":{\"@type\":\"PropertyValueSpecification\",\"valueRequired\":true,\"valueName\":\"search_term_string\"}}],\"inLanguage\":\"en-US\"}]}<\/script>\n<!-- \/ Yoast SEO plugin. -->","yoast_head_json":{"title":"MVE SC Series","description":"Small Capacity (SC) Series Aluminum Dewars Provide Long Term Secure Storage with Low Liquid Nitrogen Consumption in a Convenient Lightweight Package","robots":{"index":"index","follow":"follow","max-snippet":"max-snippet:-1","max-image-preview":"max-image-preview:large","max-video-preview":"max-video-preview:-1"},"canonical":"Small Capacity (SC) Series Aluminum Dewars Provide Long Term Secure Storage with Low Liquid Nitrogen Consumption in a Convenient Lightweight Package","og_locale":"en_US","og_type":"article","og_title":"MVE SC Series","og_description":"Small Capacity (SC) Series Aluminum Dewars Provide Long Term Secure Storage with Low Liquid Nitrogen Consumption in a Convenient Lightweight Package","og_url":"https:\/\/biogroupvietnam.com\/en\/product\/mve-sc-series\/","og_site_name":"Biogroup Vietnam","article_modified_time":"2026-01-12T10:09:01+00:00","og_image":[{"width":1640,"height":1260,"url":"https:\/\/biogroupvietnam.com\/wp-content\/uploads\/2025\/08\/MVE-SC-Series.jpg","type":"image\/jpeg"}],"twitter_card":"summary_large_image","twitter_misc":{"Est. reading time":"4 minutes"},"schema":{"@context":"https:\/\/schema.org","@graph":[{"@type":"WebPage","@id":"https:\/\/biogroupvietnam.com\/en\/product\/mve-sc-series\/","url":"https:\/\/biogroupvietnam.com\/en\/product\/mve-sc-series\/","name":"B\u00ecnh Ch\u1ee9a M\u1eabu \u0110\u00f4ng L\u1ea1nh MVE SC Series","isPartOf":{"@id":"https:\/\/biogroupvietnam.com\/vi\/#website"},"primaryImageOfPage":{"@id":"https:\/\/biogroupvietnam.com\/en\/product\/mve-sc-series\/#primaryimage"},"image":{"@id":"https:\/\/biogroupvietnam.com\/en\/product\/mve-sc-series\/#primaryimage"},"thumbnailUrl":"https:\/\/biogroupvietnam.com\/wp-content\/uploads\/2025\/08\/MVE-SC-Series.jpg","datePublished":"2025-08-18T12:53:50+00:00","dateModified":"2026-01-12T10:09:01+00:00","description":"B\u00ecnh l\u01b0u tr\u1eef m\u1eabu MVE SC Series c\u00f3 dung t\u00edch nh\u1ecf cung c\u1ea5p kh\u1ea3 n\u0103ng l\u01b0u tr\u1eef an to\u00e0n l\u00e2u d\u00e0i v\u1edbi m\u1ee9c ti\u00eau th\u1ee5 nit\u01a1 l\u1ecfng th\u1ea5p, chuy\u00ean d\u00f9ng tr\u1eef l\u1ea1nh ph\u00f4i, tinh tr\u00f9ng v\u00e0 no\u00e3n, c\u00f3 c\u00f4ng su\u1ea5t l\u01b0u tr\u1eef t\u1eeb 440-879 c\u1ecdng tr\u1eef ph\u00f4i\/ no\u00e3n (straw) v\u00e0 t\u1eeb 150-210 \u1ed1ng vial tr\u1eef l\u1ea1nh (tinh tr\u00f9ng).","breadcrumb":{"@id":"https:\/\/biogroupvietnam.com\/en\/product\/mve-sc-series\/#breadcrumb"},"inLanguage":"en-US","potentialAction":[{"@type":"ReadAction","target":["https:\/\/biogroupvietnam.com\/en\/product\/mve-sc-series\/"]}]},{"@type":"ImageObject","inLanguage":"en-US","@id":"https:\/\/biogroupvietnam.com\/en\/product\/mve-sc-series\/#primaryimage","url":"https:\/\/biogroupvietnam.com\/wp-content\/uploads\/2025\/08\/MVE-SC-Series.jpg","contentUrl":"https:\/\/biogroupvietnam.com\/wp-content\/uploads\/2025\/08\/MVE-SC-Series.jpg","width":1640,"height":1260},{"@type":"BreadcrumbList","@id":"https:\/\/biogroupvietnam.com\/en\/product\/mve-sc-series\/#breadcrumb","itemListElement":[{"@type":"ListItem","position":1,"name":"Biogroup Vietnam | End-to-End Biotechnology Solutions","item":"https:\/\/biogroupvietnam.com\/vi\/"},{"@type":"ListItem","position":2,"name":"Product","item":"https:\/\/biogroupvietnam.com\/vi\/san-pham\/"},{"@type":"ListItem","position":3,"name":"Cellular Cryopreservation","item":"https:\/\/biogroupvietnam.com\/vi\/danh-muc-san-pham\/bao-quan-lanh-te-bao\/"},{"@type":"ListItem","position":4,"name":"Aluminum Dewars","item":"https:\/\/biogroupvietnam.com\/vi\/danh-muc-san-pham\/binh-nhom-tru-mau-trong-nito-long\/"},{"@type":"ListItem","position":5,"name":"MVE SC Series"}]},{"@type":"WebSite","@id":"https:\/\/biogroupvietnam.com\/en\/vi\/#website","url":"https:\/\/biogroupvietnam.com\/en\/vi\/","name":"Biogroup Vietnam","description":"Biogroup Vietnam cung c\u1ea5p d\u1ecbch v\u1ee5 k\u1ef9 thu\u1eadt c\u00f9ng thi\u1ebft b\u1ecb, v\u1eadt t\u01b0, h\u00f3a ch\u1ea5t v\u00e0 gi\u1ea3i ph\u00e1p sinh h\u1ecdc cho ph\u00f2ng th\u00ed nghi\u1ec7m c\u00f4ng ngh\u1ec7 sinh h\u1ecdc, y sinh v\u00e0 y h\u1ecdc t\u00e1i t\u1ea1o.","potentialAction":[{"@type":"SearchAction","target":{"@type":"EntryPoint","urlTemplate":"https:\/\/biogroupvietnam.com\/en\/vi\/?s={search_term_string}"},"query-input":{"@type":"PropertyValueSpecification","valueRequired":true,"valueName":"search_term_string"}}],"inLanguage":"en-US"}]}},"_links":{"self":[{"href":"https:\/\/biogroupvietnam.com\/en\/wp-json\/wp\/v2\/product\/3847","targetHints":{"allow":["GET"]}}],"collection":[{"href":"https:\/\/biogroupvietnam.com\/en\/wp-json\/wp\/v2\/product"}],"about":[{"href":"https:\/\/biogroupvietnam.com\/en\/wp-json\/wp\/v2\/types\/product"}],"replies":[{"embeddable":true,"href":"https:\/\/biogroupvietnam.com\/en\/wp-json\/wp\/v2\/comments?post=3847"}],"version-history":[{"count":5,"href":"https:\/\/biogroupvietnam.com\/en\/wp-json\/wp\/v2\/product\/3847\/revisions"}],"predecessor-version":[{"id":9523,"href":"https:\/\/biogroupvietnam.com\/en\/wp-json\/wp\/v2\/product\/3847\/revisions\/9523"}],"wp:featuredmedia":[{"embeddable":true,"href":"https:\/\/biogroupvietnam.com\/en\/wp-json\/wp\/v2\/media\/9084"}],"wp:attachment":[{"href":"https:\/\/biogroupvietnam.com\/en\/wp-json\/wp\/v2\/media?parent=3847"}],"wp:term":[{"taxonomy":"product_brand","embeddable":true,"href":"https:\/\/biogroupvietnam.com\/en\/wp-json\/wp\/v2\/product_brand?post=3847"},{"taxonomy":"product_cat","embeddable":true,"href":"https:\/\/biogroupvietnam.com\/en\/wp-json\/wp\/v2\/product_cat?post=3847"},{"taxonomy":"product_tag","embeddable":true,"href":"https:\/\/biogroupvietnam.com\/en\/wp-json\/wp\/v2\/product_tag?post=3847"}],"curies":[{"name":"wp","href":"https:\/\/api.w.org\/{rel}","templated":true}]}}