{"id":3872,"date":"2025-08-18T19:54:11","date_gmt":"2025-08-18T12:54:11","guid":{"rendered":"http:\/\/biogroupvietnam-worldpress.local\/product\/import-placeholder-for-151\/"},"modified":"2025-11-17T09:22:47","modified_gmt":"2025-11-17T02:22:47","slug":"bo-dien-di-ngang-sub10","status":"publish","type":"product","link":"https:\/\/biogroupvietnam.com\/en\/product\/sub10-mini-plus-submarine-gel-electrophoresis-unit\/","title":{"rendered":"SUB10 Mini-Plus Submarine Gel Electrophoresis Unit"},"content":{"rendered":"<p>The <a href=\"https:\/\/www.hoeferinc.com\/catalog\/product\/view\/id\/254\/s\/sub10-mini-plus-submarine-gel-electrophoresis-unit\/category\/52\/\">SUB10 Mini-Plus Horizontal Gel Unit<\/a> has a maximum 80-sample throughput capacity and features a removable gel casting tray with end gaskets that allow gels to be cast directly within the tank.<\/p>\n","protected":false},"excerpt":{"rendered":"<p>The SUB10 Mini-Plus Horizontal Gel Unit has a maximum 80-sample throughput capacity and features a removable gel casting tray with end gaskets that allow gels to be cast directly within the tank.<\/p>\n","protected":false},"featured_media":8957,"comment_status":"closed","ping_status":"closed","template":"","meta":{"_acf_changed":false},"product_brand":[140],"product_cat":[116],"product_tag":[],"class_list":{"0":"post-3872","1":"product","2":"type-product","3":"status-publish","4":"has-post-thumbnail","6":"product_brand-hoefer-inc","7":"product_cat-molecular-biology","9":"first","10":"outofstock","11":"shipping-taxable","12":"product-type-simple"},"acf":[],"yoast_head":"<!-- This site is optimized with the Yoast SEO plugin v26.8 - https:\/\/yoast.com\/product\/yoast-seo-wordpress\/ -->\n<title>SUB10 Mini-Plus Submarine Gel Electrophoresis Unit<\/title>\n<meta name=\"description\" content=\"The SUB10 Mini-Plus Horizontal Gel Unit has a maximum 80-sample throughput capacity and features a removable gel casting tray with end gaskets that allow gels to be cast directly within the tank.\" \/>\n<meta name=\"robots\" content=\"index, follow, max-snippet:-1, max-image-preview:large, max-video-preview:-1\" \/>\n<link rel=\"canonical\" href=\"http:\/\/The%20SUB10%20Mini-Plus%20Horizontal%20Gel%20Unit%20has%20a%20maximum%2080-sample%20throughput%20capacity%20and%20features%20a%20removable%20gel%20casting%20tray%20with%20end%20gaskets%20that%20allow%20gels%20to%20be%20cast%20directly%20within%20the%20tank.\" \/>\n<meta property=\"og:locale\" content=\"en_US\" \/>\n<meta property=\"og:type\" content=\"article\" \/>\n<meta property=\"og:title\" content=\"SUB10 Mini-Plus Submarine Gel Electrophoresis Unit\" \/>\n<meta property=\"og:description\" content=\"The SUB10 Mini-Plus Horizontal Gel Unit has a maximum 80-sample throughput capacity and features a removable gel casting tray with end gaskets that allow gels to be cast directly within the tank.\" \/>\n<meta property=\"og:url\" content=\"https:\/\/biogroupvietnam.com\/en\/product\/sub10-mini-plus-submarine-gel-electrophoresis-unit\/\" \/>\n<meta property=\"og:site_name\" content=\"Biogroup Vietnam\" \/>\n<meta property=\"article:modified_time\" content=\"2025-11-17T02:22:47+00:00\" \/>\n<meta property=\"og:image\" content=\"https:\/\/biogroupvietnam.com\/wp-content\/uploads\/2025\/08\/SUB10.jpg\" \/>\n\t<meta property=\"og:image:width\" content=\"1640\" \/>\n\t<meta property=\"og:image:height\" content=\"1260\" \/>\n\t<meta property=\"og:image:type\" content=\"image\/jpeg\" \/>\n<meta name=\"twitter:card\" content=\"summary_large_image\" \/>\n<meta name=\"twitter:label1\" content=\"Est. reading time\" \/>\n\t<meta name=\"twitter:data1\" content=\"2 minutes\" \/>\n<script type=\"application\/ld+json\" class=\"yoast-schema-graph\">{\"@context\":\"https:\/\/schema.org\",\"@graph\":[{\"@type\":\"WebPage\",\"@id\":\"https:\/\/biogroupvietnam.com\/en\/product\/sub10-mini-plus-submarine-gel-electrophoresis-unit\/\",\"url\":\"https:\/\/biogroupvietnam.com\/en\/product\/sub10-mini-plus-submarine-gel-electrophoresis-unit\/\",\"name\":\"B\u1ed9 \u0110i\u1ec7n Di Ngang SUB10\",\"isPartOf\":{\"@id\":\"https:\/\/biogroupvietnam.com\/vi\/#website\"},\"primaryImageOfPage\":{\"@id\":\"https:\/\/biogroupvietnam.com\/en\/product\/sub10-mini-plus-submarine-gel-electrophoresis-unit\/#primaryimage\"},\"image\":{\"@id\":\"https:\/\/biogroupvietnam.com\/en\/product\/sub10-mini-plus-submarine-gel-electrophoresis-unit\/#primaryimage\"},\"thumbnailUrl\":\"https:\/\/biogroupvietnam.com\/wp-content\/uploads\/2025\/08\/SUB10.jpg\",\"datePublished\":\"2025-08-18T12:54:11+00:00\",\"dateModified\":\"2025-11-17T02:22:47+00:00\",\"description\":\"B\u1ed9 \u0111i\u1ec7n di ngang\u00a0SUB10 l\u00fd t\u01b0\u1edfng cho c\u00e1c k\u1ef9 thu\u1eadt \u0111i\u1ec7n di ph\u00e2n t\u00edch v\u00e0 chu\u1ea9n b\u1ecb axit nucleic th\u00f4ng th\u01b0\u1eddng. N\u00f3 c\u00f3 c\u00f4ng su\u1ea5t x\u1eed l\u00fd\u00a0t\u1ed1i \u0111a 80 m\u1eabu v\u00e0 c\u00f3 khay \u0111\u1ed5\u00a0gel c\u00f3 th\u1ec3 th\u00e1o r\u1eddi v\u1edbi c\u00e1c mi\u1ebfng \u0111\u1ec7m cu\u1ed1i cho ph\u00e9p \u0111\u1ed5\u00a0gel tr\u1ef1c ti\u1ebfp trong khay.\",\"breadcrumb\":{\"@id\":\"https:\/\/biogroupvietnam.com\/en\/product\/sub10-mini-plus-submarine-gel-electrophoresis-unit\/#breadcrumb\"},\"inLanguage\":\"en-US\",\"potentialAction\":[{\"@type\":\"ReadAction\",\"target\":[\"https:\/\/biogroupvietnam.com\/en\/product\/sub10-mini-plus-submarine-gel-electrophoresis-unit\/\"]}]},{\"@type\":\"ImageObject\",\"inLanguage\":\"en-US\",\"@id\":\"https:\/\/biogroupvietnam.com\/en\/product\/sub10-mini-plus-submarine-gel-electrophoresis-unit\/#primaryimage\",\"url\":\"https:\/\/biogroupvietnam.com\/wp-content\/uploads\/2025\/08\/SUB10.jpg\",\"contentUrl\":\"https:\/\/biogroupvietnam.com\/wp-content\/uploads\/2025\/08\/SUB10.jpg\",\"width\":1640,\"height\":1260},{\"@type\":\"BreadcrumbList\",\"@id\":\"https:\/\/biogroupvietnam.com\/en\/product\/sub10-mini-plus-submarine-gel-electrophoresis-unit\/#breadcrumb\",\"itemListElement\":[{\"@type\":\"ListItem\",\"position\":1,\"name\":\"Biogroup Vietnam | End-to-End Biotechnology Solutions\",\"item\":\"https:\/\/biogroupvietnam.com\/vi\/\"},{\"@type\":\"ListItem\",\"position\":2,\"name\":\"Product\",\"item\":\"https:\/\/biogroupvietnam.com\/vi\/san-pham\/\"},{\"@type\":\"ListItem\",\"position\":3,\"name\":\"Biological R&D\",\"item\":\"https:\/\/biogroupvietnam.com\/vi\/danh-muc-san-pham\/rd-sinh-hoc\/\"},{\"@type\":\"ListItem\",\"position\":4,\"name\":\"Molecular Biology\",\"item\":\"https:\/\/biogroupvietnam.com\/vi\/danh-muc-san-pham\/sinh-hoc-phan-tu\/\"},{\"@type\":\"ListItem\",\"position\":5,\"name\":\"SUB10 Mini-Plus Submarine Gel Electrophoresis Unit\"}]},{\"@type\":\"WebSite\",\"@id\":\"https:\/\/biogroupvietnam.com\/en\/vi\/#website\",\"url\":\"https:\/\/biogroupvietnam.com\/en\/vi\/\",\"name\":\"Biogroup Vietnam\",\"description\":\"Biogroup Vietnam cung c\u1ea5p d\u1ecbch v\u1ee5 k\u1ef9 thu\u1eadt c\u00f9ng thi\u1ebft b\u1ecb, v\u1eadt t\u01b0, h\u00f3a ch\u1ea5t v\u00e0 gi\u1ea3i ph\u00e1p sinh h\u1ecdc cho ph\u00f2ng th\u00ed nghi\u1ec7m c\u00f4ng ngh\u1ec7 sinh h\u1ecdc, y sinh v\u00e0 y h\u1ecdc t\u00e1i t\u1ea1o.\",\"potentialAction\":[{\"@type\":\"SearchAction\",\"target\":{\"@type\":\"EntryPoint\",\"urlTemplate\":\"https:\/\/biogroupvietnam.com\/en\/vi\/?s={search_term_string}\"},\"query-input\":{\"@type\":\"PropertyValueSpecification\",\"valueRequired\":true,\"valueName\":\"search_term_string\"}}],\"inLanguage\":\"en-US\"}]}<\/script>\n<!-- \/ Yoast SEO plugin. -->","yoast_head_json":{"title":"SUB10 Mini-Plus Submarine Gel Electrophoresis Unit","description":"The SUB10 Mini-Plus Horizontal Gel Unit has a maximum 80-sample throughput capacity and features a removable gel casting tray with end gaskets that allow gels to be cast directly within the tank.","robots":{"index":"index","follow":"follow","max-snippet":"max-snippet:-1","max-image-preview":"max-image-preview:large","max-video-preview":"max-video-preview:-1"},"canonical":"The SUB10 Mini-Plus Horizontal Gel Unit has a maximum 80-sample throughput capacity and features a removable gel casting tray with end gaskets that allow gels to be cast directly within the tank.","og_locale":"en_US","og_type":"article","og_title":"SUB10 Mini-Plus Submarine Gel Electrophoresis Unit","og_description":"The SUB10 Mini-Plus Horizontal Gel Unit has a maximum 80-sample throughput capacity and features a removable gel casting tray with end gaskets that allow gels to be cast directly within the tank.","og_url":"https:\/\/biogroupvietnam.com\/en\/product\/sub10-mini-plus-submarine-gel-electrophoresis-unit\/","og_site_name":"Biogroup Vietnam","article_modified_time":"2025-11-17T02:22:47+00:00","og_image":[{"width":1640,"height":1260,"url":"https:\/\/biogroupvietnam.com\/wp-content\/uploads\/2025\/08\/SUB10.jpg","type":"image\/jpeg"}],"twitter_card":"summary_large_image","twitter_misc":{"Est. reading time":"2 minutes"},"schema":{"@context":"https:\/\/schema.org","@graph":[{"@type":"WebPage","@id":"https:\/\/biogroupvietnam.com\/en\/product\/sub10-mini-plus-submarine-gel-electrophoresis-unit\/","url":"https:\/\/biogroupvietnam.com\/en\/product\/sub10-mini-plus-submarine-gel-electrophoresis-unit\/","name":"B\u1ed9 \u0110i\u1ec7n Di Ngang SUB10","isPartOf":{"@id":"https:\/\/biogroupvietnam.com\/vi\/#website"},"primaryImageOfPage":{"@id":"https:\/\/biogroupvietnam.com\/en\/product\/sub10-mini-plus-submarine-gel-electrophoresis-unit\/#primaryimage"},"image":{"@id":"https:\/\/biogroupvietnam.com\/en\/product\/sub10-mini-plus-submarine-gel-electrophoresis-unit\/#primaryimage"},"thumbnailUrl":"https:\/\/biogroupvietnam.com\/wp-content\/uploads\/2025\/08\/SUB10.jpg","datePublished":"2025-08-18T12:54:11+00:00","dateModified":"2025-11-17T02:22:47+00:00","description":"B\u1ed9 \u0111i\u1ec7n di ngang\u00a0SUB10 l\u00fd t\u01b0\u1edfng cho c\u00e1c k\u1ef9 thu\u1eadt \u0111i\u1ec7n di ph\u00e2n t\u00edch v\u00e0 chu\u1ea9n b\u1ecb axit nucleic th\u00f4ng th\u01b0\u1eddng. N\u00f3 c\u00f3 c\u00f4ng su\u1ea5t x\u1eed l\u00fd\u00a0t\u1ed1i \u0111a 80 m\u1eabu v\u00e0 c\u00f3 khay \u0111\u1ed5\u00a0gel c\u00f3 th\u1ec3 th\u00e1o r\u1eddi v\u1edbi c\u00e1c mi\u1ebfng \u0111\u1ec7m cu\u1ed1i cho ph\u00e9p \u0111\u1ed5\u00a0gel tr\u1ef1c ti\u1ebfp trong khay.","breadcrumb":{"@id":"https:\/\/biogroupvietnam.com\/en\/product\/sub10-mini-plus-submarine-gel-electrophoresis-unit\/#breadcrumb"},"inLanguage":"en-US","potentialAction":[{"@type":"ReadAction","target":["https:\/\/biogroupvietnam.com\/en\/product\/sub10-mini-plus-submarine-gel-electrophoresis-unit\/"]}]},{"@type":"ImageObject","inLanguage":"en-US","@id":"https:\/\/biogroupvietnam.com\/en\/product\/sub10-mini-plus-submarine-gel-electrophoresis-unit\/#primaryimage","url":"https:\/\/biogroupvietnam.com\/wp-content\/uploads\/2025\/08\/SUB10.jpg","contentUrl":"https:\/\/biogroupvietnam.com\/wp-content\/uploads\/2025\/08\/SUB10.jpg","width":1640,"height":1260},{"@type":"BreadcrumbList","@id":"https:\/\/biogroupvietnam.com\/en\/product\/sub10-mini-plus-submarine-gel-electrophoresis-unit\/#breadcrumb","itemListElement":[{"@type":"ListItem","position":1,"name":"Biogroup Vietnam | End-to-End Biotechnology Solutions","item":"https:\/\/biogroupvietnam.com\/vi\/"},{"@type":"ListItem","position":2,"name":"Product","item":"https:\/\/biogroupvietnam.com\/vi\/san-pham\/"},{"@type":"ListItem","position":3,"name":"Biological R&D","item":"https:\/\/biogroupvietnam.com\/vi\/danh-muc-san-pham\/rd-sinh-hoc\/"},{"@type":"ListItem","position":4,"name":"Molecular Biology","item":"https:\/\/biogroupvietnam.com\/vi\/danh-muc-san-pham\/sinh-hoc-phan-tu\/"},{"@type":"ListItem","position":5,"name":"SUB10 Mini-Plus Submarine Gel Electrophoresis Unit"}]},{"@type":"WebSite","@id":"https:\/\/biogroupvietnam.com\/en\/vi\/#website","url":"https:\/\/biogroupvietnam.com\/en\/vi\/","name":"Biogroup Vietnam","description":"Biogroup Vietnam cung c\u1ea5p d\u1ecbch v\u1ee5 k\u1ef9 thu\u1eadt c\u00f9ng thi\u1ebft b\u1ecb, v\u1eadt t\u01b0, h\u00f3a ch\u1ea5t v\u00e0 gi\u1ea3i ph\u00e1p sinh h\u1ecdc cho ph\u00f2ng th\u00ed nghi\u1ec7m c\u00f4ng ngh\u1ec7 sinh h\u1ecdc, y sinh v\u00e0 y h\u1ecdc t\u00e1i t\u1ea1o.","potentialAction":[{"@type":"SearchAction","target":{"@type":"EntryPoint","urlTemplate":"https:\/\/biogroupvietnam.com\/en\/vi\/?s={search_term_string}"},"query-input":{"@type":"PropertyValueSpecification","valueRequired":true,"valueName":"search_term_string"}}],"inLanguage":"en-US"}]}},"_links":{"self":[{"href":"https:\/\/biogroupvietnam.com\/en\/wp-json\/wp\/v2\/product\/3872","targetHints":{"allow":["GET"]}}],"collection":[{"href":"https:\/\/biogroupvietnam.com\/en\/wp-json\/wp\/v2\/product"}],"about":[{"href":"https:\/\/biogroupvietnam.com\/en\/wp-json\/wp\/v2\/types\/product"}],"replies":[{"embeddable":true,"href":"https:\/\/biogroupvietnam.com\/en\/wp-json\/wp\/v2\/comments?post=3872"}],"version-history":[{"count":4,"href":"https:\/\/biogroupvietnam.com\/en\/wp-json\/wp\/v2\/product\/3872\/revisions"}],"predecessor-version":[{"id":8960,"href":"https:\/\/biogroupvietnam.com\/en\/wp-json\/wp\/v2\/product\/3872\/revisions\/8960"}],"wp:featuredmedia":[{"embeddable":true,"href":"https:\/\/biogroupvietnam.com\/en\/wp-json\/wp\/v2\/media\/8957"}],"wp:attachment":[{"href":"https:\/\/biogroupvietnam.com\/en\/wp-json\/wp\/v2\/media?parent=3872"}],"wp:term":[{"taxonomy":"product_brand","embeddable":true,"href":"https:\/\/biogroupvietnam.com\/en\/wp-json\/wp\/v2\/product_brand?post=3872"},{"taxonomy":"product_cat","embeddable":true,"href":"https:\/\/biogroupvietnam.com\/en\/wp-json\/wp\/v2\/product_cat?post=3872"},{"taxonomy":"product_tag","embeddable":true,"href":"https:\/\/biogroupvietnam.com\/en\/wp-json\/wp\/v2\/product_tag?post=3872"}],"curies":[{"name":"wp","href":"https:\/\/api.w.org\/{rel}","templated":true}]}}