{"id":3873,"date":"2025-08-18T19:54:12","date_gmt":"2025-08-18T12:54:12","guid":{"rendered":"http:\/\/biogroupvietnam-worldpress.local\/product\/import-placeholder-for-152\/"},"modified":"2026-04-02T15:31:09","modified_gmt":"2026-04-02T08:31:09","slug":"te-bao-cd34-dong-lanh-thu-nhan-tu-mau-ngoai-vi-nguoi","status":"publish","type":"product","link":"https:\/\/biogroupvietnam.com\/en\/product\/mobilized-human-peripheral-blood-cd34-cells-frozen\/","title":{"rendered":"Mobilized Human Peripheral Blood CD34+ Cells, Frozen"},"content":{"rendered":"<p><a href=\"https:\/\/www.stemcell.com\/mobilized-human-peripheral-blood-cd34-cells-frozen.html\">Mobilized Human Peripheral Blood CD34+ Cells, Frozen<\/a> is primary human cells, frozen.<\/p>\n","protected":false},"excerpt":{"rendered":"<p>Mobilized Human Peripheral Blood CD34+ Cells, Frozen is primary human cells, frozen.<\/p>\n","protected":false},"featured_media":10169,"comment_status":"closed","ping_status":"closed","template":"","meta":{"_acf_changed":false},"product_brand":[127],"product_cat":[170],"product_tag":[],"class_list":{"0":"post-3873","1":"product","2":"type-product","3":"status-publish","4":"has-post-thumbnail","6":"product_brand-stemcell-technologies","7":"product_cat-cell-line","9":"first","10":"outofstock","11":"shipping-taxable","12":"product-type-simple"},"acf":[],"yoast_head":"<!-- This site is optimized with the Yoast SEO plugin v26.8 - https:\/\/yoast.com\/product\/yoast-seo-wordpress\/ -->\n<title>Mobilized Human Peripheral Blood CD34+ Cells, Frozen<\/title>\n<meta name=\"description\" content=\"Mobilized Human Peripheral Blood CD34+ Cells, Frozen is primary human cells, frozen.\" \/>\n<meta name=\"robots\" content=\"index, follow, max-snippet:-1, max-image-preview:large, max-video-preview:-1\" \/>\n<link rel=\"canonical\" href=\"http:\/\/Mobilized%20Human%20Peripheral%20Blood%20CD34%20%20Cells,%20Frozen%20is%20primary%20human%20cells,%20frozen.\" \/>\n<meta property=\"og:locale\" content=\"en_US\" \/>\n<meta property=\"og:type\" content=\"article\" \/>\n<meta property=\"og:title\" content=\"Mobilized Human Peripheral Blood CD34+ Cells, Frozen\" \/>\n<meta property=\"og:description\" content=\"Mobilized Human Peripheral Blood CD34+ Cells, Frozen is primary human cells, frozen.\" \/>\n<meta property=\"og:url\" content=\"https:\/\/biogroupvietnam.com\/en\/product\/mobilized-human-peripheral-blood-cd34-cells-frozen\/\" \/>\n<meta property=\"og:site_name\" content=\"Biogroup Vietnam\" \/>\n<meta property=\"article:modified_time\" content=\"2026-04-02T08:31:09+00:00\" \/>\n<meta property=\"og:image\" content=\"https:\/\/biogroupvietnam.com\/wp-content\/uploads\/2025\/08\/te-bao-cd34-dong-lanh-thu-nhan-tu-mau-ngoai-vi-nguoi.jpg\" \/>\n\t<meta property=\"og:image:width\" content=\"1640\" \/>\n\t<meta property=\"og:image:height\" content=\"1260\" \/>\n\t<meta property=\"og:image:type\" content=\"image\/jpeg\" \/>\n<meta name=\"twitter:card\" content=\"summary_large_image\" \/>\n<meta name=\"twitter:label1\" content=\"Est. reading time\" \/>\n\t<meta name=\"twitter:data1\" content=\"3 minutes\" \/>\n<script type=\"application\/ld+json\" class=\"yoast-schema-graph\">{\"@context\":\"https:\/\/schema.org\",\"@graph\":[{\"@type\":\"WebPage\",\"@id\":\"https:\/\/biogroupvietnam.com\/en\/product\/mobilized-human-peripheral-blood-cd34-cells-frozen\/\",\"url\":\"https:\/\/biogroupvietnam.com\/en\/product\/mobilized-human-peripheral-blood-cd34-cells-frozen\/\",\"name\":\"T\u1ebf B\u00e0o CD34+ \u0110\u00f4ng L\u1ea1nh Thu Nh\u1eadn T\u1eeb M\u00e1u Ngo\u1ea1i Vi Ng\u01b0\u1eddi\",\"isPartOf\":{\"@id\":\"https:\/\/biogroupvietnam.com\/vi\/#website\"},\"primaryImageOfPage\":{\"@id\":\"https:\/\/biogroupvietnam.com\/en\/product\/mobilized-human-peripheral-blood-cd34-cells-frozen\/#primaryimage\"},\"image\":{\"@id\":\"https:\/\/biogroupvietnam.com\/en\/product\/mobilized-human-peripheral-blood-cd34-cells-frozen\/#primaryimage\"},\"thumbnailUrl\":\"https:\/\/biogroupvietnam.com\/wp-content\/uploads\/2025\/08\/te-bao-cd34-dong-lanh-thu-nhan-tu-mau-ngoai-vi-nguoi.jpg\",\"datePublished\":\"2025-08-18T12:54:12+00:00\",\"dateModified\":\"2026-04-02T08:31:09+00:00\",\"description\":\"T\u1ebf b\u00e0o CD34+ s\u01a1 c\u1ea5p c\u1ee7a ng\u01b0\u1eddi \u0111\u01b0\u1ee3c ph\u00e2n l\u1eadp t\u1eeb c\u00e1c t\u1ebf b\u00e0o b\u1ea1ch c\u1ea7u trong m\u00e1u ngo\u1ea1i vi (PB), s\u1eed d\u1ee5ng k\u1ef9 thu\u1eadt ph\u00e2n t\u00e1ch t\u1eeb t\u00ednh mi\u1ec5n d\u1ecbch d\u01b0\u01a1ng t\u00ednh v\u00e0 \u0111\u01b0\u1ee3c b\u1ea3o qu\u1ea3n trong m\u00f4i tr\u01b0\u1eddng kh\u00f4ng c\u00f3 huy\u1ebft thanh.\",\"breadcrumb\":{\"@id\":\"https:\/\/biogroupvietnam.com\/en\/product\/mobilized-human-peripheral-blood-cd34-cells-frozen\/#breadcrumb\"},\"inLanguage\":\"en-US\",\"potentialAction\":[{\"@type\":\"ReadAction\",\"target\":[\"https:\/\/biogroupvietnam.com\/en\/product\/mobilized-human-peripheral-blood-cd34-cells-frozen\/\"]}]},{\"@type\":\"ImageObject\",\"inLanguage\":\"en-US\",\"@id\":\"https:\/\/biogroupvietnam.com\/en\/product\/mobilized-human-peripheral-blood-cd34-cells-frozen\/#primaryimage\",\"url\":\"https:\/\/biogroupvietnam.com\/wp-content\/uploads\/2025\/08\/te-bao-cd34-dong-lanh-thu-nhan-tu-mau-ngoai-vi-nguoi.jpg\",\"contentUrl\":\"https:\/\/biogroupvietnam.com\/wp-content\/uploads\/2025\/08\/te-bao-cd34-dong-lanh-thu-nhan-tu-mau-ngoai-vi-nguoi.jpg\",\"width\":1640,\"height\":1260,\"caption\":\"T\u1ebf B\u00e0o CD34+ \u0110\u00f4ng L\u1ea1nh Thu Nh\u1eadn T\u1eeb M\u00e1u Ngo\u1ea1i Vi Ng\u01b0\u1eddi\"},{\"@type\":\"BreadcrumbList\",\"@id\":\"https:\/\/biogroupvietnam.com\/en\/product\/mobilized-human-peripheral-blood-cd34-cells-frozen\/#breadcrumb\",\"itemListElement\":[{\"@type\":\"ListItem\",\"position\":1,\"name\":\"Biogroup Vietnam | End-to-End Biotechnology Solutions\",\"item\":\"https:\/\/biogroupvietnam.com\/vi\/\"},{\"@type\":\"ListItem\",\"position\":2,\"name\":\"Product\",\"item\":\"https:\/\/biogroupvietnam.com\/vi\/san-pham\/\"},{\"@type\":\"ListItem\",\"position\":3,\"name\":\"Cell Culture\",\"item\":\"https:\/\/biogroupvietnam.com\/vi\/danh-muc-san-pham\/nuoi-cay-te-bao\/\"},{\"@type\":\"ListItem\",\"position\":4,\"name\":\"Cell line\",\"item\":\"https:\/\/biogroupvietnam.com\/vi\/danh-muc-san-pham\/dong-te-bao\/\"},{\"@type\":\"ListItem\",\"position\":5,\"name\":\"Mobilized Human Peripheral Blood CD34+ Cells, Frozen\"}]},{\"@type\":\"WebSite\",\"@id\":\"https:\/\/biogroupvietnam.com\/en\/vi\/#website\",\"url\":\"https:\/\/biogroupvietnam.com\/en\/vi\/\",\"name\":\"Biogroup Vietnam\",\"description\":\"Biogroup Vietnam cung c\u1ea5p d\u1ecbch v\u1ee5 k\u1ef9 thu\u1eadt c\u00f9ng thi\u1ebft b\u1ecb, v\u1eadt t\u01b0, h\u00f3a ch\u1ea5t v\u00e0 gi\u1ea3i ph\u00e1p sinh h\u1ecdc cho ph\u00f2ng th\u00ed nghi\u1ec7m c\u00f4ng ngh\u1ec7 sinh h\u1ecdc, y sinh v\u00e0 y h\u1ecdc t\u00e1i t\u1ea1o.\",\"potentialAction\":[{\"@type\":\"SearchAction\",\"target\":{\"@type\":\"EntryPoint\",\"urlTemplate\":\"https:\/\/biogroupvietnam.com\/en\/vi\/?s={search_term_string}\"},\"query-input\":{\"@type\":\"PropertyValueSpecification\",\"valueRequired\":true,\"valueName\":\"search_term_string\"}}],\"inLanguage\":\"en-US\"}]}<\/script>\n<!-- \/ Yoast SEO plugin. -->","yoast_head_json":{"title":"Mobilized Human Peripheral Blood CD34+ Cells, Frozen","description":"Mobilized Human Peripheral Blood CD34+ Cells, Frozen is primary human cells, frozen.","robots":{"index":"index","follow":"follow","max-snippet":"max-snippet:-1","max-image-preview":"max-image-preview:large","max-video-preview":"max-video-preview:-1"},"canonical":"Mobilized Human Peripheral Blood CD34  Cells, Frozen is primary human cells, frozen.","og_locale":"en_US","og_type":"article","og_title":"Mobilized Human Peripheral Blood CD34+ Cells, Frozen","og_description":"Mobilized Human Peripheral Blood CD34+ Cells, Frozen is primary human cells, frozen.","og_url":"https:\/\/biogroupvietnam.com\/en\/product\/mobilized-human-peripheral-blood-cd34-cells-frozen\/","og_site_name":"Biogroup Vietnam","article_modified_time":"2026-04-02T08:31:09+00:00","og_image":[{"width":1640,"height":1260,"url":"https:\/\/biogroupvietnam.com\/wp-content\/uploads\/2025\/08\/te-bao-cd34-dong-lanh-thu-nhan-tu-mau-ngoai-vi-nguoi.jpg","type":"image\/jpeg"}],"twitter_card":"summary_large_image","twitter_misc":{"Est. reading time":"3 minutes"},"schema":{"@context":"https:\/\/schema.org","@graph":[{"@type":"WebPage","@id":"https:\/\/biogroupvietnam.com\/en\/product\/mobilized-human-peripheral-blood-cd34-cells-frozen\/","url":"https:\/\/biogroupvietnam.com\/en\/product\/mobilized-human-peripheral-blood-cd34-cells-frozen\/","name":"T\u1ebf B\u00e0o CD34+ \u0110\u00f4ng L\u1ea1nh Thu Nh\u1eadn T\u1eeb M\u00e1u Ngo\u1ea1i Vi Ng\u01b0\u1eddi","isPartOf":{"@id":"https:\/\/biogroupvietnam.com\/vi\/#website"},"primaryImageOfPage":{"@id":"https:\/\/biogroupvietnam.com\/en\/product\/mobilized-human-peripheral-blood-cd34-cells-frozen\/#primaryimage"},"image":{"@id":"https:\/\/biogroupvietnam.com\/en\/product\/mobilized-human-peripheral-blood-cd34-cells-frozen\/#primaryimage"},"thumbnailUrl":"https:\/\/biogroupvietnam.com\/wp-content\/uploads\/2025\/08\/te-bao-cd34-dong-lanh-thu-nhan-tu-mau-ngoai-vi-nguoi.jpg","datePublished":"2025-08-18T12:54:12+00:00","dateModified":"2026-04-02T08:31:09+00:00","description":"T\u1ebf b\u00e0o CD34+ s\u01a1 c\u1ea5p c\u1ee7a ng\u01b0\u1eddi \u0111\u01b0\u1ee3c ph\u00e2n l\u1eadp t\u1eeb c\u00e1c t\u1ebf b\u00e0o b\u1ea1ch c\u1ea7u trong m\u00e1u ngo\u1ea1i vi (PB), s\u1eed d\u1ee5ng k\u1ef9 thu\u1eadt ph\u00e2n t\u00e1ch t\u1eeb t\u00ednh mi\u1ec5n d\u1ecbch d\u01b0\u01a1ng t\u00ednh v\u00e0 \u0111\u01b0\u1ee3c b\u1ea3o qu\u1ea3n trong m\u00f4i tr\u01b0\u1eddng kh\u00f4ng c\u00f3 huy\u1ebft thanh.","breadcrumb":{"@id":"https:\/\/biogroupvietnam.com\/en\/product\/mobilized-human-peripheral-blood-cd34-cells-frozen\/#breadcrumb"},"inLanguage":"en-US","potentialAction":[{"@type":"ReadAction","target":["https:\/\/biogroupvietnam.com\/en\/product\/mobilized-human-peripheral-blood-cd34-cells-frozen\/"]}]},{"@type":"ImageObject","inLanguage":"en-US","@id":"https:\/\/biogroupvietnam.com\/en\/product\/mobilized-human-peripheral-blood-cd34-cells-frozen\/#primaryimage","url":"https:\/\/biogroupvietnam.com\/wp-content\/uploads\/2025\/08\/te-bao-cd34-dong-lanh-thu-nhan-tu-mau-ngoai-vi-nguoi.jpg","contentUrl":"https:\/\/biogroupvietnam.com\/wp-content\/uploads\/2025\/08\/te-bao-cd34-dong-lanh-thu-nhan-tu-mau-ngoai-vi-nguoi.jpg","width":1640,"height":1260,"caption":"T\u1ebf B\u00e0o CD34+ \u0110\u00f4ng L\u1ea1nh Thu Nh\u1eadn T\u1eeb M\u00e1u Ngo\u1ea1i Vi Ng\u01b0\u1eddi"},{"@type":"BreadcrumbList","@id":"https:\/\/biogroupvietnam.com\/en\/product\/mobilized-human-peripheral-blood-cd34-cells-frozen\/#breadcrumb","itemListElement":[{"@type":"ListItem","position":1,"name":"Biogroup Vietnam | End-to-End Biotechnology Solutions","item":"https:\/\/biogroupvietnam.com\/vi\/"},{"@type":"ListItem","position":2,"name":"Product","item":"https:\/\/biogroupvietnam.com\/vi\/san-pham\/"},{"@type":"ListItem","position":3,"name":"Cell Culture","item":"https:\/\/biogroupvietnam.com\/vi\/danh-muc-san-pham\/nuoi-cay-te-bao\/"},{"@type":"ListItem","position":4,"name":"Cell line","item":"https:\/\/biogroupvietnam.com\/vi\/danh-muc-san-pham\/dong-te-bao\/"},{"@type":"ListItem","position":5,"name":"Mobilized Human Peripheral Blood CD34+ Cells, Frozen"}]},{"@type":"WebSite","@id":"https:\/\/biogroupvietnam.com\/en\/vi\/#website","url":"https:\/\/biogroupvietnam.com\/en\/vi\/","name":"Biogroup Vietnam","description":"Biogroup Vietnam cung c\u1ea5p d\u1ecbch v\u1ee5 k\u1ef9 thu\u1eadt c\u00f9ng thi\u1ebft b\u1ecb, v\u1eadt t\u01b0, h\u00f3a ch\u1ea5t v\u00e0 gi\u1ea3i ph\u00e1p sinh h\u1ecdc cho ph\u00f2ng th\u00ed nghi\u1ec7m c\u00f4ng ngh\u1ec7 sinh h\u1ecdc, y sinh v\u00e0 y h\u1ecdc t\u00e1i t\u1ea1o.","potentialAction":[{"@type":"SearchAction","target":{"@type":"EntryPoint","urlTemplate":"https:\/\/biogroupvietnam.com\/en\/vi\/?s={search_term_string}"},"query-input":{"@type":"PropertyValueSpecification","valueRequired":true,"valueName":"search_term_string"}}],"inLanguage":"en-US"}]}},"_links":{"self":[{"href":"https:\/\/biogroupvietnam.com\/en\/wp-json\/wp\/v2\/product\/3873","targetHints":{"allow":["GET"]}}],"collection":[{"href":"https:\/\/biogroupvietnam.com\/en\/wp-json\/wp\/v2\/product"}],"about":[{"href":"https:\/\/biogroupvietnam.com\/en\/wp-json\/wp\/v2\/types\/product"}],"replies":[{"embeddable":true,"href":"https:\/\/biogroupvietnam.com\/en\/wp-json\/wp\/v2\/comments?post=3873"}],"version-history":[{"count":5,"href":"https:\/\/biogroupvietnam.com\/en\/wp-json\/wp\/v2\/product\/3873\/revisions"}],"predecessor-version":[{"id":9820,"href":"https:\/\/biogroupvietnam.com\/en\/wp-json\/wp\/v2\/product\/3873\/revisions\/9820"}],"wp:featuredmedia":[{"embeddable":true,"href":"https:\/\/biogroupvietnam.com\/en\/wp-json\/wp\/v2\/media\/10169"}],"wp:attachment":[{"href":"https:\/\/biogroupvietnam.com\/en\/wp-json\/wp\/v2\/media?parent=3873"}],"wp:term":[{"taxonomy":"product_brand","embeddable":true,"href":"https:\/\/biogroupvietnam.com\/en\/wp-json\/wp\/v2\/product_brand?post=3873"},{"taxonomy":"product_cat","embeddable":true,"href":"https:\/\/biogroupvietnam.com\/en\/wp-json\/wp\/v2\/product_cat?post=3873"},{"taxonomy":"product_tag","embeddable":true,"href":"https:\/\/biogroupvietnam.com\/en\/wp-json\/wp\/v2\/product_tag?post=3873"}],"curies":[{"name":"wp","href":"https:\/\/api.w.org\/{rel}","templated":true}]}}