{"id":3876,"date":"2025-08-18T19:54:12","date_gmt":"2025-08-18T12:54:12","guid":{"rendered":"http:\/\/biogroupvietnam-worldpress.local\/product\/import-placeholder-for-155\/"},"modified":"2025-09-29T15:08:42","modified_gmt":"2025-09-29T08:08:42","slug":"roto-silenta-630-rs","status":"publish","type":"product","link":"https:\/\/biogroupvietnam.com\/en\/product\/floor-standing-centrifuges-hettich-roto-silenta-630rs\/","title":{"rendered":"Floor-Standing Centrifuges Hettich Roto Silenta 630RS"},"content":{"rendered":"<h2>The<a href=\"https:\/\/www.hettichlab.com\/en\/product\/roto-silenta-630-rs\/\" target=\"_blank\" rel=\"noopener noreferrer\"> Roto Silenta 630RS<\/a> centrifuge (Hetich &#8211; Germany) has been validated for compatibility with the AXP II automatic cord blood processor (Thermogenesis &#8211; USA).<\/h2>\n<h2>The ROTO SILENTA 630 RS is highly rated in the rapid and efficient centrifugation of blood bags. It is able to spin up to 12 liter of sample or 12 blood bags per run. Four and six-place rotor options are also available to offer the best possible fit.<\/h2>\n","protected":false},"excerpt":{"rendered":"<p>The Roto Silenta 630RS centrifuge (Hetich &#8211; Germany) has been validated for compatibility with the AXP II automatic cord blood processor (Thermogenesis &#8211; USA). The ROTO SILENTA 630 RS is highly rated in the rapid and efficient centrifugation of blood bags. It is able to spin up to 12 liter of sample or 12 blood<\/p>\n<div class=\"klb-readmore post-buttons\"><a class=\"button rounded primary\" href=\"https:\/\/biogroupvietnam.com\/en\/product\/floor-standing-centrifuges-hettich-roto-silenta-630rs\/\">Read More <i class=\"klbth-icon-right-arrow\"><\/i><\/a><\/div>\n","protected":false},"featured_media":5464,"comment_status":"closed","ping_status":"closed","template":"","meta":{"_acf_changed":false},"product_brand":[130],"product_cat":[122],"product_tag":[],"class_list":{"0":"post-3876","1":"product","2":"type-product","3":"status-publish","4":"has-post-thumbnail","6":"product_brand-andreas-hettich","7":"product_cat-centrifuges","9":"first","10":"outofstock","11":"shipping-taxable","12":"product-type-simple"},"acf":[],"yoast_head":"<!-- This site is optimized with the Yoast SEO plugin v26.8 - https:\/\/yoast.com\/product\/yoast-seo-wordpress\/ -->\n<title>Floor-Standing Centrifuges Hettich Roto Silenta 630RS<\/title>\n<meta name=\"description\" content=\"The Roto Silenta 630RS centrifuge (Hetich - Germany) has been validated for compatibility with the AXP II automatic cord blood processor (Thermogenesis - USA). The ROTO SILENTA 630 RS is highly rated in the rapid and efficient centrifugation of blood bags. It is able to spin up to 12 liter of sample or 12 blood&hellip;\" \/>\n<meta name=\"robots\" content=\"index, follow, max-snippet:-1, max-image-preview:large, max-video-preview:-1\" \/>\n<link rel=\"canonical\" href=\"http:\/\/The%20Roto%20Silenta%20630RS%20centrifuge%20(Hetich%20-%20Germany)%20has%20been%20validated%20for%20compatibility%20with%20the%20AXP%20II%20automatic%20cord%20blood%20processor%20(Thermogenesis%20-%20USA).%20The%20ROTO%20SILENTA%20630%20RS%20is%20highly%20rated%20in%20the%20rapid%20and%20efficient%20centrifugation%20of%20blood%20bags.%20It%20is%20able%20to%20spin%20up%20to%2012%20liter%20of%20sample%20or%2012%20blood&hellip;\" \/>\n<meta property=\"og:locale\" content=\"en_US\" \/>\n<meta property=\"og:type\" content=\"article\" \/>\n<meta property=\"og:title\" content=\"Floor-Standing Centrifuges Hettich Roto Silenta 630RS\" \/>\n<meta property=\"og:description\" content=\"The Roto Silenta 630RS centrifuge (Hetich - Germany) has been validated for compatibility with the AXP II automatic cord blood processor (Thermogenesis - USA). The ROTO SILENTA 630 RS is highly rated in the rapid and efficient centrifugation of blood bags. It is able to spin up to 12 liter of sample or 12 blood&hellip;\" \/>\n<meta property=\"og:url\" content=\"https:\/\/biogroupvietnam.com\/en\/product\/floor-standing-centrifuges-hettich-roto-silenta-630rs\/\" \/>\n<meta property=\"og:site_name\" content=\"Biogroup Vietnam\" \/>\n<meta property=\"article:modified_time\" content=\"2025-09-29T08:08:42+00:00\" \/>\n<meta property=\"og:image\" content=\"https:\/\/biogroupvietnam.com\/wp-content\/uploads\/2025\/08\/ROTO20SILENTA2063020RS202.jpg\" \/>\n\t<meta property=\"og:image:width\" content=\"1600\" \/>\n\t<meta property=\"og:image:height\" content=\"1229\" \/>\n\t<meta property=\"og:image:type\" content=\"image\/jpeg\" \/>\n<meta name=\"twitter:card\" content=\"summary_large_image\" \/>\n<meta name=\"twitter:label1\" content=\"Est. reading time\" \/>\n\t<meta name=\"twitter:data1\" content=\"1 minute\" \/>\n<script type=\"application\/ld+json\" class=\"yoast-schema-graph\">{\"@context\":\"https:\/\/schema.org\",\"@graph\":[{\"@type\":\"WebPage\",\"@id\":\"https:\/\/biogroupvietnam.com\/en\/product\/floor-standing-centrifuges-hettich-roto-silenta-630rs\/\",\"url\":\"https:\/\/biogroupvietnam.com\/en\/product\/floor-standing-centrifuges-hettich-roto-silenta-630rs\/\",\"name\":\"M\u00e1y Ly T\u00e2m T\u00fai M\u00e1u Roto Silenta 630RS\",\"isPartOf\":{\"@id\":\"https:\/\/biogroupvietnam.com\/vi\/#website\"},\"primaryImageOfPage\":{\"@id\":\"https:\/\/biogroupvietnam.com\/en\/product\/floor-standing-centrifuges-hettich-roto-silenta-630rs\/#primaryimage\"},\"image\":{\"@id\":\"https:\/\/biogroupvietnam.com\/en\/product\/floor-standing-centrifuges-hettich-roto-silenta-630rs\/#primaryimage\"},\"thumbnailUrl\":\"https:\/\/biogroupvietnam.com\/wp-content\/uploads\/2025\/08\/ROTO20SILENTA2063020RS202.jpg\",\"datePublished\":\"2025-08-18T12:54:12+00:00\",\"dateModified\":\"2025-09-29T08:08:42+00:00\",\"description\":\"M\u00e1y ly t\u00e2m Roto Silenta 630RS \u0111\u00e3 \u0111\u01b0\u1ee3c th\u1ea9m \u0111\u1ecbnh v\u00e0 x\u00e1c minh t\u01b0\u01a1ng th\u00edch v\u1edbi thi\u1ebft b\u1ecb x\u1eed l\u00fd m\u00e1u cu\u1ed1ng r\u1ed1n t\u1ef1 \u0111\u1ed9ng AXP II\",\"breadcrumb\":{\"@id\":\"https:\/\/biogroupvietnam.com\/en\/product\/floor-standing-centrifuges-hettich-roto-silenta-630rs\/#breadcrumb\"},\"inLanguage\":\"en-US\",\"potentialAction\":[{\"@type\":\"ReadAction\",\"target\":[\"https:\/\/biogroupvietnam.com\/en\/product\/floor-standing-centrifuges-hettich-roto-silenta-630rs\/\"]}]},{\"@type\":\"ImageObject\",\"inLanguage\":\"en-US\",\"@id\":\"https:\/\/biogroupvietnam.com\/en\/product\/floor-standing-centrifuges-hettich-roto-silenta-630rs\/#primaryimage\",\"url\":\"https:\/\/biogroupvietnam.com\/wp-content\/uploads\/2025\/08\/ROTO20SILENTA2063020RS202.jpg\",\"contentUrl\":\"https:\/\/biogroupvietnam.com\/wp-content\/uploads\/2025\/08\/ROTO20SILENTA2063020RS202.jpg\",\"width\":1600,\"height\":1229,\"caption\":\"\u00a0\"},{\"@type\":\"BreadcrumbList\",\"@id\":\"https:\/\/biogroupvietnam.com\/en\/product\/floor-standing-centrifuges-hettich-roto-silenta-630rs\/#breadcrumb\",\"itemListElement\":[{\"@type\":\"ListItem\",\"position\":1,\"name\":\"Biogroup Vietnam | End-to-End Biotechnology Solutions\",\"item\":\"https:\/\/biogroupvietnam.com\/vi\/\"},{\"@type\":\"ListItem\",\"position\":2,\"name\":\"Product\",\"item\":\"https:\/\/biogroupvietnam.com\/vi\/san-pham\/\"},{\"@type\":\"ListItem\",\"position\":3,\"name\":\"Biological R&D\",\"item\":\"https:\/\/biogroupvietnam.com\/vi\/danh-muc-san-pham\/rd-sinh-hoc\/\"},{\"@type\":\"ListItem\",\"position\":4,\"name\":\"Centrifuges\",\"item\":\"https:\/\/biogroupvietnam.com\/vi\/danh-muc-san-pham\/may-ly-tam\/\"},{\"@type\":\"ListItem\",\"position\":5,\"name\":\"Floor-Standing Centrifuges Hettich Roto Silenta 630RS\"}]},{\"@type\":\"WebSite\",\"@id\":\"https:\/\/biogroupvietnam.com\/en\/vi\/#website\",\"url\":\"https:\/\/biogroupvietnam.com\/en\/vi\/\",\"name\":\"Biogroup Vietnam\",\"description\":\"Biogroup Vietnam cung c\u1ea5p d\u1ecbch v\u1ee5 k\u1ef9 thu\u1eadt c\u00f9ng thi\u1ebft b\u1ecb, v\u1eadt t\u01b0, h\u00f3a ch\u1ea5t v\u00e0 gi\u1ea3i ph\u00e1p sinh h\u1ecdc cho ph\u00f2ng th\u00ed nghi\u1ec7m c\u00f4ng ngh\u1ec7 sinh h\u1ecdc, y sinh v\u00e0 y h\u1ecdc t\u00e1i t\u1ea1o.\",\"potentialAction\":[{\"@type\":\"SearchAction\",\"target\":{\"@type\":\"EntryPoint\",\"urlTemplate\":\"https:\/\/biogroupvietnam.com\/en\/vi\/?s={search_term_string}\"},\"query-input\":{\"@type\":\"PropertyValueSpecification\",\"valueRequired\":true,\"valueName\":\"search_term_string\"}}],\"inLanguage\":\"en-US\"}]}<\/script>\n<!-- \/ Yoast SEO plugin. -->","yoast_head_json":{"title":"Floor-Standing Centrifuges Hettich Roto Silenta 630RS","description":"The Roto Silenta 630RS centrifuge (Hetich - Germany) has been validated for compatibility with the AXP II automatic cord blood processor (Thermogenesis - USA). The ROTO SILENTA 630 RS is highly rated in the rapid and efficient centrifugation of blood bags. It is able to spin up to 12 liter of sample or 12 blood&hellip;","robots":{"index":"index","follow":"follow","max-snippet":"max-snippet:-1","max-image-preview":"max-image-preview:large","max-video-preview":"max-video-preview:-1"},"canonical":"The Roto Silenta 630RS centrifuge (Hetich - Germany) has been validated for compatibility with the AXP II automatic cord blood processor (Thermogenesis - USA). The ROTO SILENTA 630 RS is highly rated in the rapid and efficient centrifugation of blood bags. It is able to spin up to 12 liter of sample or 12 blood&hellip;","og_locale":"en_US","og_type":"article","og_title":"Floor-Standing Centrifuges Hettich Roto Silenta 630RS","og_description":"The Roto Silenta 630RS centrifuge (Hetich - Germany) has been validated for compatibility with the AXP II automatic cord blood processor (Thermogenesis - USA). The ROTO SILENTA 630 RS is highly rated in the rapid and efficient centrifugation of blood bags. It is able to spin up to 12 liter of sample or 12 blood&hellip;","og_url":"https:\/\/biogroupvietnam.com\/en\/product\/floor-standing-centrifuges-hettich-roto-silenta-630rs\/","og_site_name":"Biogroup Vietnam","article_modified_time":"2025-09-29T08:08:42+00:00","og_image":[{"width":1600,"height":1229,"url":"https:\/\/biogroupvietnam.com\/wp-content\/uploads\/2025\/08\/ROTO20SILENTA2063020RS202.jpg","type":"image\/jpeg"}],"twitter_card":"summary_large_image","twitter_misc":{"Est. reading time":"1 minute"},"schema":{"@context":"https:\/\/schema.org","@graph":[{"@type":"WebPage","@id":"https:\/\/biogroupvietnam.com\/en\/product\/floor-standing-centrifuges-hettich-roto-silenta-630rs\/","url":"https:\/\/biogroupvietnam.com\/en\/product\/floor-standing-centrifuges-hettich-roto-silenta-630rs\/","name":"M\u00e1y Ly T\u00e2m T\u00fai M\u00e1u Roto Silenta 630RS","isPartOf":{"@id":"https:\/\/biogroupvietnam.com\/vi\/#website"},"primaryImageOfPage":{"@id":"https:\/\/biogroupvietnam.com\/en\/product\/floor-standing-centrifuges-hettich-roto-silenta-630rs\/#primaryimage"},"image":{"@id":"https:\/\/biogroupvietnam.com\/en\/product\/floor-standing-centrifuges-hettich-roto-silenta-630rs\/#primaryimage"},"thumbnailUrl":"https:\/\/biogroupvietnam.com\/wp-content\/uploads\/2025\/08\/ROTO20SILENTA2063020RS202.jpg","datePublished":"2025-08-18T12:54:12+00:00","dateModified":"2025-09-29T08:08:42+00:00","description":"M\u00e1y ly t\u00e2m Roto Silenta 630RS \u0111\u00e3 \u0111\u01b0\u1ee3c th\u1ea9m \u0111\u1ecbnh v\u00e0 x\u00e1c minh t\u01b0\u01a1ng th\u00edch v\u1edbi thi\u1ebft b\u1ecb x\u1eed l\u00fd m\u00e1u cu\u1ed1ng r\u1ed1n t\u1ef1 \u0111\u1ed9ng AXP II","breadcrumb":{"@id":"https:\/\/biogroupvietnam.com\/en\/product\/floor-standing-centrifuges-hettich-roto-silenta-630rs\/#breadcrumb"},"inLanguage":"en-US","potentialAction":[{"@type":"ReadAction","target":["https:\/\/biogroupvietnam.com\/en\/product\/floor-standing-centrifuges-hettich-roto-silenta-630rs\/"]}]},{"@type":"ImageObject","inLanguage":"en-US","@id":"https:\/\/biogroupvietnam.com\/en\/product\/floor-standing-centrifuges-hettich-roto-silenta-630rs\/#primaryimage","url":"https:\/\/biogroupvietnam.com\/wp-content\/uploads\/2025\/08\/ROTO20SILENTA2063020RS202.jpg","contentUrl":"https:\/\/biogroupvietnam.com\/wp-content\/uploads\/2025\/08\/ROTO20SILENTA2063020RS202.jpg","width":1600,"height":1229,"caption":"\u00a0"},{"@type":"BreadcrumbList","@id":"https:\/\/biogroupvietnam.com\/en\/product\/floor-standing-centrifuges-hettich-roto-silenta-630rs\/#breadcrumb","itemListElement":[{"@type":"ListItem","position":1,"name":"Biogroup Vietnam | End-to-End Biotechnology Solutions","item":"https:\/\/biogroupvietnam.com\/vi\/"},{"@type":"ListItem","position":2,"name":"Product","item":"https:\/\/biogroupvietnam.com\/vi\/san-pham\/"},{"@type":"ListItem","position":3,"name":"Biological R&D","item":"https:\/\/biogroupvietnam.com\/vi\/danh-muc-san-pham\/rd-sinh-hoc\/"},{"@type":"ListItem","position":4,"name":"Centrifuges","item":"https:\/\/biogroupvietnam.com\/vi\/danh-muc-san-pham\/may-ly-tam\/"},{"@type":"ListItem","position":5,"name":"Floor-Standing Centrifuges Hettich Roto Silenta 630RS"}]},{"@type":"WebSite","@id":"https:\/\/biogroupvietnam.com\/en\/vi\/#website","url":"https:\/\/biogroupvietnam.com\/en\/vi\/","name":"Biogroup Vietnam","description":"Biogroup Vietnam cung c\u1ea5p d\u1ecbch v\u1ee5 k\u1ef9 thu\u1eadt c\u00f9ng thi\u1ebft b\u1ecb, v\u1eadt t\u01b0, h\u00f3a ch\u1ea5t v\u00e0 gi\u1ea3i ph\u00e1p sinh h\u1ecdc cho ph\u00f2ng th\u00ed nghi\u1ec7m c\u00f4ng ngh\u1ec7 sinh h\u1ecdc, y sinh v\u00e0 y h\u1ecdc t\u00e1i t\u1ea1o.","potentialAction":[{"@type":"SearchAction","target":{"@type":"EntryPoint","urlTemplate":"https:\/\/biogroupvietnam.com\/en\/vi\/?s={search_term_string}"},"query-input":{"@type":"PropertyValueSpecification","valueRequired":true,"valueName":"search_term_string"}}],"inLanguage":"en-US"}]}},"_links":{"self":[{"href":"https:\/\/biogroupvietnam.com\/en\/wp-json\/wp\/v2\/product\/3876","targetHints":{"allow":["GET"]}}],"collection":[{"href":"https:\/\/biogroupvietnam.com\/en\/wp-json\/wp\/v2\/product"}],"about":[{"href":"https:\/\/biogroupvietnam.com\/en\/wp-json\/wp\/v2\/types\/product"}],"replies":[{"embeddable":true,"href":"https:\/\/biogroupvietnam.com\/en\/wp-json\/wp\/v2\/comments?post=3876"}],"version-history":[{"count":3,"href":"https:\/\/biogroupvietnam.com\/en\/wp-json\/wp\/v2\/product\/3876\/revisions"}],"predecessor-version":[{"id":8245,"href":"https:\/\/biogroupvietnam.com\/en\/wp-json\/wp\/v2\/product\/3876\/revisions\/8245"}],"wp:featuredmedia":[{"embeddable":true,"href":"https:\/\/biogroupvietnam.com\/en\/wp-json\/wp\/v2\/media\/5464"}],"wp:attachment":[{"href":"https:\/\/biogroupvietnam.com\/en\/wp-json\/wp\/v2\/media?parent=3876"}],"wp:term":[{"taxonomy":"product_brand","embeddable":true,"href":"https:\/\/biogroupvietnam.com\/en\/wp-json\/wp\/v2\/product_brand?post=3876"},{"taxonomy":"product_cat","embeddable":true,"href":"https:\/\/biogroupvietnam.com\/en\/wp-json\/wp\/v2\/product_cat?post=3876"},{"taxonomy":"product_tag","embeddable":true,"href":"https:\/\/biogroupvietnam.com\/en\/wp-json\/wp\/v2\/product_tag?post=3876"}],"curies":[{"name":"wp","href":"https:\/\/api.w.org\/{rel}","templated":true}]}}